{"id":6288,"date":"2021-06-04T18:21:36","date_gmt":"2021-06-04T18:21:36","guid":{"rendered":"http:\/\/slacktivity.com\/sobre-nos\/"},"modified":"2021-06-04T18:21:37","modified_gmt":"2021-06-04T18:21:37","slug":"sobre-nos","status":"publish","type":"page","link":"https:\/\/slacktivity.com\/pt-pt\/sobre-nos\/","title":{"rendered":"Sobre N\u00f3s"},"content":{"rendered":"\t\t<div data-elementor-type=\"wp-post\" data-elementor-id=\"6288\" class=\"elementor elementor-6288 elementor-1032\">\n\t\t\t\t\t\t<section class=\"elementor-section elementor-top-section elementor-element elementor-element-1d07d33 elementor-section-boxed elementor-section-height-default elementor-section-height-default\" data-id=\"1d07d33\" data-element_type=\"section\" data-e-type=\"section\">\n\t\t\t\t\t\t<div class=\"elementor-container elementor-column-gap-default\">\n\t\t\t\t\t<div class=\"elementor-column elementor-col-100 elementor-top-column elementor-element elementor-element-da2b015\" data-id=\"da2b015\" data-element_type=\"column\" data-e-type=\"column\">\n\t\t\t<div class=\"elementor-column-wrap--da2b015 elementor-widget-wrap elementor-element-populated\">\n\t\t\t\t\t\t<div class=\"elementor-element elementor-element-ea3001e --zindexed-1 elementor-widget elementor-widget-heading\" data-id=\"ea3001e\" data-element_type=\"widget\" data-e-type=\"widget\" data-widget_type=\"heading.default\">\n\t\t\t\t<div class=\"elementor-widget-container\">\n\t\t\t\t\t<h1 class=\"elementor-heading-title elementor-size-default\">Sobre a SLACKTIVITY<\/h1>\t\t\t\t<\/div>\n\t\t\t\t<\/div>\n\t\t\t\t\t<\/div>\n\t\t<\/div>\n\t\t\t\t\t<\/div>\n\t\t<\/section>\n\t\t\t\t<section class=\"elementor-section elementor-top-section elementor-element elementor-element-2ff7d54 rey-flexWrap elementor-section-boxed elementor-section-height-default elementor-section-height-default\" data-id=\"2ff7d54\" data-element_type=\"section\" data-e-type=\"section\">\n\t\t\t\t\t\t<div class=\"elementor-container elementor-column-gap-extended\">\n\t\t\t\t\t<div class=\"elementor-column elementor-col-50 elementor-top-column elementor-element elementor-element-4e07120\" data-id=\"4e07120\" data-element_type=\"column\" data-e-type=\"column\">\n\t\t\t<div class=\"elementor-column-wrap--4e07120 elementor-widget-wrap elementor-element-populated\">\n\t\t\t\t\t\t<div class=\"elementor-element elementor-element-1f29347 elementor-widget elementor-widget-image\" data-id=\"1f29347\" data-element_type=\"widget\" data-e-type=\"widget\" data-widget_type=\"image.default\">\n\t\t\t\t<div class=\"elementor-widget-container\">\n\t\t\t\t\t\t\t\t\t\t\t\t<figure class=\"wp-caption\">\n\t\t\t\t\t\t\t\t\t\t<img decoding=\"async\" width=\"1024\" height=\"683\" src=\"https:\/\/slacktivity.com\/wp-content\/uploads\/2021\/02\/about-slacktivity-1024x683.jpg\" class=\"attachment-large size-large wp-image-6296 no-lazyload\" alt=\"Sobre a Slacktivity\" srcset=\"https:\/\/slacktivity.com\/wp-content\/uploads\/2021\/02\/about-slacktivity-1024x683.jpg 1024w, https:\/\/slacktivity.com\/wp-content\/uploads\/2021\/02\/about-slacktivity-500x333.jpg 500w, https:\/\/slacktivity.com\/wp-content\/uploads\/2021\/02\/about-slacktivity-800x533.jpg 800w, https:\/\/slacktivity.com\/wp-content\/uploads\/2021\/02\/about-slacktivity-300x200.jpg 300w, https:\/\/slacktivity.com\/wp-content\/uploads\/2021\/02\/about-slacktivity-768x512.jpg 768w, https:\/\/slacktivity.com\/wp-content\/uploads\/2021\/02\/about-slacktivity.jpg 1200w\" sizes=\"(max-width: 1024px) 100vw, 1024px\" \/>\t\t\t\t\t\t\t\t\t\t\t<figcaption class=\"widget-image-caption wp-caption-text\">Tobias Rodenkirch e Samuel Volery<\/figcaption>\n\t\t\t\t\t\t\t\t\t\t<\/figure>\n\t\t\t\t\t\t\t\t\t<\/div>\n\t\t\t\t<\/div>\n\t\t\t\t\t<\/div>\n\t\t<\/div>\n\t\t\t\t<div class=\"elementor-column elementor-col-50 elementor-top-column elementor-element elementor-element-25adf6a\" data-id=\"25adf6a\" data-element_type=\"column\" data-e-type=\"column\">\n\t\t\t<div class=\"elementor-column-wrap--25adf6a elementor-widget-wrap elementor-element-populated\">\n\t\t\t\t\t\t<div class=\"elementor-element elementor-element-04668a7 elementor-widget elementor-widget-image\" data-id=\"04668a7\" data-element_type=\"widget\" data-e-type=\"widget\" data-widget_type=\"image.default\">\n\t\t\t\t<div class=\"elementor-widget-container\">\n\t\t\t\t\t\t\t\t\t\t\t\t\t\t\t<img decoding=\"async\" width=\"571\" height=\"781\" src=\"https:\/\/slacktivity.com\/wp-content\/uploads\/2021\/01\/slackline-sales.jpg\" class=\"attachment-large size-large wp-image-6290 no-lazyload\" alt=\"Slackline shop saldos\" srcset=\"https:\/\/slacktivity.com\/wp-content\/uploads\/2021\/01\/slackline-sales.jpg 571w, https:\/\/slacktivity.com\/wp-content\/uploads\/2021\/01\/slackline-sales-500x684.jpg 500w, https:\/\/slacktivity.com\/wp-content\/uploads\/2021\/01\/slackline-sales-219x300.jpg 219w\" sizes=\"(max-width: 571px) 100vw, 571px\" \/>\t\t\t\t\t\t\t\t\t\t\t\t\t\t\t<\/div>\n\t\t\t\t<\/div>\n\t\t\t\t\t<\/div>\n\t\t<\/div>\n\t\t\t\t\t<\/div>\n\t\t<\/section>\n\t\t\t\t<section class=\"elementor-section elementor-top-section elementor-element elementor-element-9161df8 elementor-section-boxed elementor-section-height-default elementor-section-height-default\" data-id=\"9161df8\" data-element_type=\"section\" data-e-type=\"section\">\n\t\t\t\t\t\t<div class=\"elementor-container elementor-column-gap-default\">\n\t\t\t\t\t<div class=\"elementor-column elementor-col-50 elementor-top-column elementor-element elementor-element-820a63a\" data-id=\"820a63a\" data-element_type=\"column\" data-e-type=\"column\">\n\t\t\t<div class=\"elementor-column-wrap--820a63a elementor-widget-wrap\">\n\t\t\t\t\t\t\t<\/div>\n\t\t<\/div>\n\t\t\t\t<div class=\"elementor-column elementor-col-50 elementor-top-column elementor-element elementor-element-8d7b482\" data-id=\"8d7b482\" data-element_type=\"column\" data-e-type=\"column\">\n\t\t\t<div class=\"elementor-column-wrap--8d7b482 elementor-widget-wrap elementor-element-populated\">\n\t\t\t\t\t\t<div class=\"elementor-element elementor-element-dd31e89 elementor-widget elementor-widget-heading\" data-id=\"dd31e89\" data-element_type=\"widget\" data-e-type=\"widget\" data-widget_type=\"heading.default\">\n\t\t\t\t<div class=\"elementor-widget-container\">\n\t\t\t\t\t<h1 class=\"elementor-heading-title elementor-size-default\">A Nossa Hist\u00f3ria<\/h1>\t\t\t\t<\/div>\n\t\t\t\t<\/div>\n\t\t\t\t<div class=\"elementor-element elementor-element-55f2920 elementor-widget elementor-widget-text-editor\" data-id=\"55f2920\" data-element_type=\"widget\" data-e-type=\"widget\" data-widget_type=\"text-editor.default\">\n\t\t\t\t<div class=\"elementor-widget-container\">\n\t\t\t\t\t\t\t\t\t<p>SLACKTIVITY \u00e9 uma marca internacional de slackline, um <b> spin-off company from ETH Zurich<\/b>, que foi fundado em 2009 por Samuel Volery e Tobias Rodenkirch. <\/p>\n\t\t\t\t\t\t\t\t<\/div>\n\t\t\t\t<\/div>\n\t\t\t\t<div class=\"elementor-element elementor-element-5910655 elementor-widget elementor-widget-text-editor\" data-id=\"5910655\" data-element_type=\"widget\" data-e-type=\"widget\" data-widget_type=\"text-editor.default\">\n\t\t\t\t<div class=\"elementor-widget-container\">\n\t\t\t\t\t\t\t\t\t<p>A Nossa Miss\u00e3o<\/p>\n\t\t\t\t\t\t\t\t<\/div>\n\t\t\t\t<\/div>\n\t\t\t\t<div class=\"elementor-element elementor-element-14c2e0f elementor-widget elementor-widget-text-editor\" data-id=\"14c2e0f\" data-element_type=\"widget\" data-e-type=\"widget\" data-widget_type=\"text-editor.default\">\n\t\t\t\t<div class=\"elementor-widget-container\">\n\t\t\t\t\t\t\t\t\t<p>A nossa miss\u00e3o \u00e9 inspirar e proporcionar inova\u00e7\u00f5es a todos os slackliners no mundo. De principiantes a viciados em slackline. Atrevemo-nos a desenhar o futuro do slackline, por exemplo com o <a href=\"\/shop\/hangover\">HangOver<\/a>, o <a href=\"\/shop\/kingpin\/\">KingPin<\/a>, <a href=\"\/shop\/seahorse\/\">Seahorse<\/a> e a <a href=\"\/shop\/pinktube-webbing\/\">Pinktube<\/a>.<\/p>\n\t\t\t\t\t\t\t\t<\/div>\n\t\t\t\t<\/div>\n\t\t\t\t\t<\/div>\n\t\t<\/div>\n\t\t\t\t\t<\/div>\n\t\t<\/section>\n\t\t\t\t<section class=\"elementor-section elementor-top-section elementor-element elementor-element-6167dae elementor-section-boxed elementor-section-height-default elementor-section-height-default\" data-id=\"6167dae\" data-element_type=\"section\" data-e-type=\"section\">\n\t\t\t\t\t\t<div class=\"elementor-container elementor-column-gap-default\">\n\t\t\t\t\t<div class=\"elementor-column elementor-col-50 elementor-top-column elementor-element elementor-element-4175219\" data-id=\"4175219\" data-element_type=\"column\" data-e-type=\"column\">\n\t\t\t<div class=\"elementor-column-wrap--4175219 elementor-widget-wrap elementor-element-populated\">\n\t\t\t\t\t\t<div class=\"elementor-element elementor-element-82e66f4 elementor-widget elementor-widget-image\" data-id=\"82e66f4\" data-element_type=\"widget\" data-e-type=\"widget\" data-widget_type=\"image.default\">\n\t\t\t\t<div class=\"elementor-widget-container\">\n\t\t\t\t\t\t\t\t\t\t\t\t\t\t\t<img decoding=\"async\" width=\"988\" height=\"556\" src=\"https:\/\/slacktivity.com\/wp-content\/uploads\/2021\/01\/Slacktivity-gear-1.jpg\" class=\"attachment-large size-large wp-image-6292 no-lazyload\" alt=\"Equipamento da Slacktivity\" srcset=\"https:\/\/slacktivity.com\/wp-content\/uploads\/2021\/01\/Slacktivity-gear-1.jpg 988w, https:\/\/slacktivity.com\/wp-content\/uploads\/2021\/01\/Slacktivity-gear-1-500x281.jpg 500w, https:\/\/slacktivity.com\/wp-content\/uploads\/2021\/01\/Slacktivity-gear-1-800x450.jpg 800w, https:\/\/slacktivity.com\/wp-content\/uploads\/2021\/01\/Slacktivity-gear-1-300x169.jpg 300w, https:\/\/slacktivity.com\/wp-content\/uploads\/2021\/01\/Slacktivity-gear-1-768x432.jpg 768w\" sizes=\"(max-width: 988px) 100vw, 988px\" \/>\t\t\t\t\t\t\t\t\t\t\t\t\t\t\t<\/div>\n\t\t\t\t<\/div>\n\t\t\t\t\t<\/div>\n\t\t<\/div>\n\t\t\t\t<div class=\"elementor-column elementor-col-50 elementor-top-column elementor-element elementor-element-c16c300\" data-id=\"c16c300\" data-element_type=\"column\" data-e-type=\"column\">\n\t\t\t<div class=\"elementor-column-wrap--c16c300 elementor-widget-wrap elementor-element-populated\">\n\t\t\t\t\t\t<div class=\"elementor-element elementor-element-39e40ef elementor-widget elementor-widget-text-editor\" data-id=\"39e40ef\" data-element_type=\"widget\" data-e-type=\"widget\" data-widget_type=\"text-editor.default\">\n\t\t\t\t<div class=\"elementor-widget-container\">\n\t\t\t\t\t\t\t\t\t<p>Queremos apoiar a comunidade internacional de slackline e ser parte dela. Desenvolvemos e testamos os nosso produtos, desafiando-nos a n\u00f3s mesmos e ajudando o slackline a progredir. Por exemplo, com records e com uma busca incessante por fazer imposs\u00edvel num slackline. <\/p>\n\t\t\t\t\t\t\t\t<\/div>\n\t\t\t\t<\/div>\n\t\t\t\t<div class=\"elementor-element elementor-element-9d4542c elementor-widget elementor-widget-image\" data-id=\"9d4542c\" data-element_type=\"widget\" data-e-type=\"widget\" data-widget_type=\"image.default\">\n\t\t\t\t<div class=\"elementor-widget-container\">\n\t\t\t\t\t\t\t\t\t\t\t\t\t\t\t<img decoding=\"async\" width=\"200\" height=\"77\" src=\"https:\/\/slacktivity.com\/wp-content\/uploads\/2021\/01\/slacktivity-slackline-online-shop-1.png\" class=\"attachment-full size-full wp-image-6294 no-lazyload\" alt=\"SLACKTIVITY Slacklines - Loja Online\" \/>\t\t\t\t\t\t\t\t\t\t\t\t\t\t\t<\/div>\n\t\t\t\t<\/div>\n\t\t\t\t\t<\/div>\n\t\t<\/div>\n\t\t\t\t\t<\/div>\n\t\t<\/section>\n\t\t\t\t<\/div>\n\t\t","protected":false},"excerpt":{"rendered":"<p>Sobre a SLACKTIVITY Tobias Rodenkirch and Samuel Volery A Nossa Hist\u00f3ria SLACKTIVITY \u00e9 uma marca internacional de slackline, um spin-off company from ETH Zurich, que foi fundado em 2009 por Samuel Volery e Tobias Rodenkirch. A Nossa Miss\u00e3o A nossa miss\u00e3o \u00e9 inspirar e proporcionar inova\u00e7\u00f5es a todos os slackliners no mundo. De principiantes a [&hellip;]<\/p>\n","protected":false},"author":1,"featured_media":0,"parent":0,"menu_order":0,"comment_status":"closed","ping_status":"closed","template":"template-builder.php","meta":{"_acf_changed":false,"_joinchat":[],"footnotes":""},"class_list":["post-6288","page","type-page","status-publish","hentry"],"acf":[],"yoast_head":"<!-- This site is optimized with the Yoast SEO plugin v27.2 - https:\/\/yoast.com\/product\/yoast-seo-wordpress\/ -->\n<title>Sobre N\u00f3s | SLACKTIVITY Slacklines<\/title>\n<meta name=\"description\" content=\"SLACKTIVITY \u00e9 uma marca de slackline Sui\u00e7a, que foi fundada em 2009, por Samuel Volery e Tobias Rodenkirch.\" \/>\n<meta name=\"robots\" content=\"index, follow, max-snippet:-1, max-image-preview:large, max-video-preview:-1\" \/>\n<link rel=\"canonical\" href=\"https:\/\/slacktivity.com\/pt-pt\/sobre-nos\/\" \/>\n<meta property=\"og:locale\" content=\"pt_PT\" \/>\n<meta property=\"og:type\" content=\"article\" \/>\n<meta property=\"og:title\" content=\"Sobre N\u00f3s | SLACKTIVITY Slacklines\" \/>\n<meta property=\"og:description\" content=\"SLACKTIVITY \u00e9 uma marca de slackline Sui\u00e7a, que foi fundada em 2009, por Samuel Volery e Tobias Rodenkirch.\" \/>\n<meta property=\"og:url\" content=\"https:\/\/slacktivity.com\/pt-pt\/sobre-nos\/\" \/>\n<meta property=\"og:site_name\" content=\"Slacktivity Slacklines International Shop\" \/>\n<meta property=\"article:modified_time\" content=\"2021-06-04T18:21:37+00:00\" \/>\n<meta property=\"og:image\" content=\"http:\/\/slacktivity.com\/wp-content\/uploads\/2021\/02\/about-slacktivity-1024x683.jpg\" \/>\n<meta name=\"twitter:card\" content=\"summary_large_image\" \/>\n<meta name=\"twitter:label1\" content=\"Tempo estimado de leitura\" \/>\n\t<meta name=\"twitter:data1\" content=\"1 minuto\" \/>\n<script type=\"application\/ld+json\" class=\"yoast-schema-graph\">{\"@context\":\"https:\/\/schema.org\",\"@graph\":[{\"@type\":\"WebPage\",\"@id\":\"https:\/\/slacktivity.com\/pt-pt\/sobre-nos\/\",\"url\":\"https:\/\/slacktivity.com\/pt-pt\/sobre-nos\/\",\"name\":\"Sobre N\u00f3s | SLACKTIVITY Slacklines\",\"isPartOf\":{\"@id\":\"https:\/\/slacktivity.com\/pt-pt\/#website\"},\"primaryImageOfPage\":{\"@id\":\"https:\/\/slacktivity.com\/pt-pt\/sobre-nos\/#primaryimage\"},\"image\":{\"@id\":\"https:\/\/slacktivity.com\/pt-pt\/sobre-nos\/#primaryimage\"},\"thumbnailUrl\":\"http:\/\/slacktivity.com\/wp-content\/uploads\/2021\/02\/about-slacktivity-1024x683.jpg\",\"datePublished\":\"2021-06-04T18:21:36+00:00\",\"dateModified\":\"2021-06-04T18:21:37+00:00\",\"description\":\"SLACKTIVITY \u00e9 uma marca de slackline Sui\u00e7a, que foi fundada em 2009, por Samuel Volery e Tobias Rodenkirch.\",\"breadcrumb\":{\"@id\":\"https:\/\/slacktivity.com\/pt-pt\/sobre-nos\/#breadcrumb\"},\"inLanguage\":\"pt-PT\",\"potentialAction\":[{\"@type\":\"ReadAction\",\"target\":[\"https:\/\/slacktivity.com\/pt-pt\/sobre-nos\/\"]}]},{\"@type\":\"ImageObject\",\"inLanguage\":\"pt-PT\",\"@id\":\"https:\/\/slacktivity.com\/pt-pt\/sobre-nos\/#primaryimage\",\"url\":\"http:\/\/slacktivity.com\/wp-content\/uploads\/2021\/02\/about-slacktivity-1024x683.jpg\",\"contentUrl\":\"http:\/\/slacktivity.com\/wp-content\/uploads\/2021\/02\/about-slacktivity-1024x683.jpg\"},{\"@type\":\"BreadcrumbList\",\"@id\":\"https:\/\/slacktivity.com\/pt-pt\/sobre-nos\/#breadcrumb\",\"itemListElement\":[{\"@type\":\"ListItem\",\"position\":1,\"name\":\"Home\",\"item\":\"https:\/\/slacktivity.com\/pt-pt\/\"},{\"@type\":\"ListItem\",\"position\":2,\"name\":\"Sobre N\u00f3s\"}]},{\"@type\":\"WebSite\",\"@id\":\"https:\/\/slacktivity.com\/pt-pt\/#website\",\"url\":\"https:\/\/slacktivity.com\/pt-pt\/\",\"name\":\"Slacktivity Slacklines International Shop\",\"description\":\"Discover the innovative products of Slacktivity. Swiss designed premium slackline gear. Advice from our experts for the best and a safe slackline experience.\",\"publisher\":{\"@id\":\"https:\/\/slacktivity.com\/pt-pt\/#organization\"},\"potentialAction\":[{\"@type\":\"SearchAction\",\"target\":{\"@type\":\"EntryPoint\",\"urlTemplate\":\"https:\/\/slacktivity.com\/pt-pt\/?s={search_term_string}\"},\"query-input\":{\"@type\":\"PropertyValueSpecification\",\"valueRequired\":true,\"valueName\":\"search_term_string\"}}],\"inLanguage\":\"pt-PT\"},{\"@type\":\"Organization\",\"@id\":\"https:\/\/slacktivity.com\/pt-pt\/#organization\",\"name\":\"Slacktivity Slacklines International Shop\",\"url\":\"https:\/\/slacktivity.com\/pt-pt\/\",\"logo\":{\"@type\":\"ImageObject\",\"inLanguage\":\"pt-PT\",\"@id\":\"https:\/\/slacktivity.com\/pt-pt\/#\/schema\/logo\/image\/\",\"url\":\"https:\/\/slacktivity.com\/wp-content\/uploads\/2021\/01\/slacktivity-slackline-online-shop-1.png\",\"contentUrl\":\"https:\/\/slacktivity.com\/wp-content\/uploads\/2021\/01\/slacktivity-slackline-online-shop-1.png\",\"width\":200,\"height\":77,\"caption\":\"Slacktivity Slacklines International Shop\"},\"image\":{\"@id\":\"https:\/\/slacktivity.com\/pt-pt\/#\/schema\/logo\/image\/\"}}]}<\/script>\n<!-- \/ Yoast SEO plugin. -->","yoast_head_json":{"title":"Sobre N\u00f3s | SLACKTIVITY Slacklines","description":"SLACKTIVITY \u00e9 uma marca de slackline Sui\u00e7a, que foi fundada em 2009, por Samuel Volery e Tobias Rodenkirch.","robots":{"index":"index","follow":"follow","max-snippet":"max-snippet:-1","max-image-preview":"max-image-preview:large","max-video-preview":"max-video-preview:-1"},"canonical":"https:\/\/slacktivity.com\/pt-pt\/sobre-nos\/","og_locale":"pt_PT","og_type":"article","og_title":"Sobre N\u00f3s | SLACKTIVITY Slacklines","og_description":"SLACKTIVITY \u00e9 uma marca de slackline Sui\u00e7a, que foi fundada em 2009, por Samuel Volery e Tobias Rodenkirch.","og_url":"https:\/\/slacktivity.com\/pt-pt\/sobre-nos\/","og_site_name":"Slacktivity Slacklines International Shop","article_modified_time":"2021-06-04T18:21:37+00:00","og_image":[{"url":"http:\/\/slacktivity.com\/wp-content\/uploads\/2021\/02\/about-slacktivity-1024x683.jpg","type":"","width":"","height":""}],"twitter_card":"summary_large_image","twitter_misc":{"Tempo estimado de leitura":"1 minuto"},"schema":{"@context":"https:\/\/schema.org","@graph":[{"@type":"WebPage","@id":"https:\/\/slacktivity.com\/pt-pt\/sobre-nos\/","url":"https:\/\/slacktivity.com\/pt-pt\/sobre-nos\/","name":"Sobre N\u00f3s | SLACKTIVITY Slacklines","isPartOf":{"@id":"https:\/\/slacktivity.com\/pt-pt\/#website"},"primaryImageOfPage":{"@id":"https:\/\/slacktivity.com\/pt-pt\/sobre-nos\/#primaryimage"},"image":{"@id":"https:\/\/slacktivity.com\/pt-pt\/sobre-nos\/#primaryimage"},"thumbnailUrl":"http:\/\/slacktivity.com\/wp-content\/uploads\/2021\/02\/about-slacktivity-1024x683.jpg","datePublished":"2021-06-04T18:21:36+00:00","dateModified":"2021-06-04T18:21:37+00:00","description":"SLACKTIVITY \u00e9 uma marca de slackline Sui\u00e7a, que foi fundada em 2009, por Samuel Volery e Tobias Rodenkirch.","breadcrumb":{"@id":"https:\/\/slacktivity.com\/pt-pt\/sobre-nos\/#breadcrumb"},"inLanguage":"pt-PT","potentialAction":[{"@type":"ReadAction","target":["https:\/\/slacktivity.com\/pt-pt\/sobre-nos\/"]}]},{"@type":"ImageObject","inLanguage":"pt-PT","@id":"https:\/\/slacktivity.com\/pt-pt\/sobre-nos\/#primaryimage","url":"http:\/\/slacktivity.com\/wp-content\/uploads\/2021\/02\/about-slacktivity-1024x683.jpg","contentUrl":"http:\/\/slacktivity.com\/wp-content\/uploads\/2021\/02\/about-slacktivity-1024x683.jpg"},{"@type":"BreadcrumbList","@id":"https:\/\/slacktivity.com\/pt-pt\/sobre-nos\/#breadcrumb","itemListElement":[{"@type":"ListItem","position":1,"name":"Home","item":"https:\/\/slacktivity.com\/pt-pt\/"},{"@type":"ListItem","position":2,"name":"Sobre N\u00f3s"}]},{"@type":"WebSite","@id":"https:\/\/slacktivity.com\/pt-pt\/#website","url":"https:\/\/slacktivity.com\/pt-pt\/","name":"Slacktivity Slacklines International Shop","description":"Discover the innovative products of Slacktivity. Swiss designed premium slackline gear. Advice from our experts for the best and a safe slackline experience.","publisher":{"@id":"https:\/\/slacktivity.com\/pt-pt\/#organization"},"potentialAction":[{"@type":"SearchAction","target":{"@type":"EntryPoint","urlTemplate":"https:\/\/slacktivity.com\/pt-pt\/?s={search_term_string}"},"query-input":{"@type":"PropertyValueSpecification","valueRequired":true,"valueName":"search_term_string"}}],"inLanguage":"pt-PT"},{"@type":"Organization","@id":"https:\/\/slacktivity.com\/pt-pt\/#organization","name":"Slacktivity Slacklines International Shop","url":"https:\/\/slacktivity.com\/pt-pt\/","logo":{"@type":"ImageObject","inLanguage":"pt-PT","@id":"https:\/\/slacktivity.com\/pt-pt\/#\/schema\/logo\/image\/","url":"https:\/\/slacktivity.com\/wp-content\/uploads\/2021\/01\/slacktivity-slackline-online-shop-1.png","contentUrl":"https:\/\/slacktivity.com\/wp-content\/uploads\/2021\/01\/slacktivity-slackline-online-shop-1.png","width":200,"height":77,"caption":"Slacktivity Slacklines International Shop"},"image":{"@id":"https:\/\/slacktivity.com\/pt-pt\/#\/schema\/logo\/image\/"}}]}},"_links":{"self":[{"href":"https:\/\/slacktivity.com\/pt-pt\/wp-json\/wp\/v2\/pages\/6288","targetHints":{"allow":["GET"]}}],"collection":[{"href":"https:\/\/slacktivity.com\/pt-pt\/wp-json\/wp\/v2\/pages"}],"about":[{"href":"https:\/\/slacktivity.com\/pt-pt\/wp-json\/wp\/v2\/types\/page"}],"author":[{"embeddable":true,"href":"https:\/\/slacktivity.com\/pt-pt\/wp-json\/wp\/v2\/users\/1"}],"replies":[{"embeddable":true,"href":"https:\/\/slacktivity.com\/pt-pt\/wp-json\/wp\/v2\/comments?post=6288"}],"version-history":[{"count":0,"href":"https:\/\/slacktivity.com\/pt-pt\/wp-json\/wp\/v2\/pages\/6288\/revisions"}],"wp:attachment":[{"href":"https:\/\/slacktivity.com\/pt-pt\/wp-json\/wp\/v2\/media?parent=6288"}],"curies":[{"name":"wp","href":"https:\/\/api.w.org\/{rel}","templated":true}]}}