{"id":6903,"date":"2021-07-20T16:49:13","date_gmt":"2021-07-20T16:49:13","guid":{"rendered":"http:\/\/slacktivity.com\/politica-de-privacidade\/"},"modified":"2022-02-10T12:03:16","modified_gmt":"2022-02-10T12:03:16","slug":"politica-de-privacidade","status":"publish","type":"page","link":"https:\/\/slacktivity.com\/pt-pt\/politica-de-privacidade\/","title":{"rendered":"Pol\u00edtica de Privacidade"},"content":{"rendered":"\n<p>\u201cSiterank, Unipessoal. Lda&#8221;,a partir de agora <strong>Slacktivity<\/strong> reconhece a import\u00e2ncia de proteger os dados pessoais dos nossos clientes e assinantes, independentemente do seu tipo. <\/p>\n\n\n\n<p>De acordo com o Regulamento Geral de Prote\u00e7\u00e3o de Dados da Uni\u00e3o Europeia (UE 2016\/679), a Slacktivity desenvolveu um conjunto de medidas de seguran\u00e7a destinadas a proteger seus dados, refletidas em nossa Pol\u00edtica de Privacidade.<\/p>\n\n\n\n<p>Esta Pol\u00edtica de Privacidade explica a Pol\u00edtica de Processamento de Dados Pessoais da Slacktivity, pois, para disponibilizar os nossos produtos atrav\u00e9s da nossa loja online, a aceita\u00e7\u00e3o da nossa pol\u00edtica de privacidade \u00e9 necess\u00e1ria e absolutamente essencial no processo de entrega dos nossos produtos.<\/p>\n\n\n\n<p>Em qualquer caso, colocamo-nos \u00e0 disposi\u00e7\u00e3o para esclarecer quaisquer d\u00favidas ou quest\u00f5es relativas \u00e0 nossa Pol\u00edtica. Pode contactar-nos por email, para <strong>info@slacktivity.com<\/strong> ou por carta para Siterank, Unipessoal, Lda, Rua de Recarei n\u00ba 144, 5\u00ba esquerdo, 4465-725 Le\u00e7a do Balio, Portugal.<\/p>\n\n\n\n<p><strong>1. Nome da Empresa<\/strong><\/p>\n\n\n\n<p>1.1. Este site e a respectiva Pol\u00edtica de Privacidade s\u00e3o geridos pela Siterank, Unipessoal, Lda. Rua de Recarei n\u00ba 144, 5\u00ba esquerdo, 4465-725 Le\u00e7a do Balio, Portugal. NIPC: 516291122.<\/p>\n\n\n\n<p>1.2. Ao navegar em nosso site, voc\u00ea concorda com os termos descritos nesta Pol\u00edtica de Privacidade.<\/p>\n\n\n\n<p><strong>2. PRINC\u00cdPIOS<\/strong><\/p>\n\n\n\n<p><strong>2.1. Respeito pelas inten\u00e7\u00f5es do cliente<\/strong><\/p>\n\n\n\n<p>Respeitamos a privacidade e seguran\u00e7a dos dados pessoais, pelo que nos preocupamos em respeitar a vontade e autonomia do nosso cliente, permitindo uma gest\u00e3o simples e gratuita das suas prefer\u00eancias de privacidade. Se, em qualquer ponto, houver preocupa\u00e7\u00e3o ou desacordo quanto \u00e0 nossa pol\u00edtica de privacidade, os nossos clientes podem opor-se por e-mail, para <strong>info@slacktivity.com<\/strong> ou por carta para Siterank, Sociedade Unipessoal, Lda, Rua de Recarei n\u00ba 144, 5\u00ba esquerdo, 4465 -725 Le\u00e7a do Balio, Portugal. Temos o compromisso de atender \u00e0s necessidades de nossos clientes.<\/p>\n\n\n\n<p><strong>2.2. Boas pr\u00e1ticas<\/strong><\/p>\n\n\n\n<p>A Siterank, Unipessoal, Lda, enquanto respons\u00e1vel pelo tratamento dos dados pessoais, determina os motivos e meios pelos quais os dados pessoais dos nossos clientes s\u00e3o processados, incluindo todas as medidas de seguran\u00e7a aplic\u00e1veis. Garantimos que os seus dados pessoais s\u00e3o processados \u200b\u200bem Portugal de forma correcta e legal e de acordo com as boas pr\u00e1ticas.<\/p>\n\n\n\n<p><strong>2.4. Necessidade estrita<\/strong><\/p>\n\n\n\n<p>Aplicamos o princ\u00edpio da necessidade absoluta no processamento de dados que possam identific\u00e1-lo pessoalmente, direta ou indiretamente. Isso se reflete no uso m\u00ednimo de seus dados pessoais e na finalidade original para a qual foram coletados e \/ ou processados.<\/p>\n\n\n\n<p><strong>3. DADOS PESSOAIS &#8211; COLETA E PROCESSAMENTO<\/strong><\/p>\n\n\n\n<p>3.1 Os dados pessoais recolhidos e processados \u200b\u200bpela Siterank, Unipessoal, Lda s\u00e3o apenas os dados que os clientes inserem de forma volunt\u00e1ria, expressa e inequ\u00edvoca nos formul\u00e1rios deste site.<\/p>\n\n\n\n<p>3.2. Os dados pessoais coletados podem incluir nome, sexo, data de nascimento, endere\u00e7o de e-mail, telefone celular, endere\u00e7o postal e n\u00famero de identifica\u00e7\u00e3o fiscal.<\/p>\n\n\n\n<p><strong>4. PROCESSAMENTO DE DADOS PESSOAIS &#8211; PROP\u00d3SITO<\/strong><\/p>\n\n\n\n<p>4.1. Os dados pessoais dos nossos clientes s\u00e3o recolhidos e processados \u200b\u200bpela Siterank, Sociedade Unipessoal, Lda. apenas para os fins estritamente relacionados com a utiliza\u00e7\u00e3o deste site, os servi\u00e7os a ele associados e a venda de produtos, a gest\u00e3o e melhoria do Programa de Fidelidade, o marketing direto e a gest\u00e3o do apoio ao cliente.<\/p>\n\n\n\n<p>4.2. Siterank, Unipessoal, Lda. busca manter e construir o relacionamento com seus clientes e proporcionar-lhes benef\u00edcios, informa\u00e7\u00f5es e conte\u00fados relacionados ao Slacktivity Slacklines. Os dados ser\u00e3o processados \u200b\u200bapenas para esses fins espec\u00edficos, claros e leg\u00edtimos e n\u00e3o ser\u00e3o processados \u200b\u200bde forma incompat\u00edvel com os fins acima mencionados. Os dados recolhidos e processados \u200b\u200bs\u00e3o adequados, relevantes e n\u00e3o excedem os fins mencionados.<\/p>\n\n\n\n<p>4.3. Os dados pessoais dos nossos clientes tamb\u00e9m podem ser utilizados para outras opera\u00e7\u00f5es de processamento. Em particular, pode ser processado para os seguintes fins:<\/p>\n\n\n\n<p>a) quando h\u00e1 uma compra de um item no slacktivity.com, os dados pessoais s\u00e3o coletados (por exemplo, endere\u00e7o de e-mail, endere\u00e7o de entrega, n\u00famero de cart\u00e3o de cr\u00e9dito e n\u00famero de telefone) no formul\u00e1rio de compra apenas para venda, classifica\u00e7\u00e3o e envio dos produtos encomendados ;<\/p>\n\n\n\n<p>b) quando h\u00e1 uma solicita\u00e7\u00e3o de assist\u00eancia ao Suporte ao cliente, os dados pessoais s\u00e3o coletados (por exemplo, nome e sobrenome, endere\u00e7o de e-mail) apenas para fornecer suporte ao cliente da loja virtual slacktivity.com e atender \u00e0s necessidades declaradas do cliente;<\/p>\n\n\n\n<p>c) no momento do cadastro de nossos clientes, s\u00e3o coletados dados pessoais (nome, e-mail e endere\u00e7o) para facilitar a prepara\u00e7\u00e3o de futuras compras;<\/p>\n\n\n\n<p>d) quando ocorre uma assinatura de boletim informativo, coletamos seu endere\u00e7o de e-mail para lhe oferecer este servi\u00e7o;<\/p>\n\n\n\n<p>e) coletamos <strong>cookies<\/strong> quando um usu\u00e1rio visita nossa loja online. Dependendo de como voc\u00ea gerencia os cookies em nosso site e sua intera\u00e7\u00e3o conosco, utilizamos algumas das informa\u00e7\u00f5es que s\u00e3o coletadas pelos cookies para garantir que o site forne\u00e7a a melhor experi\u00eancia poss\u00edvel, funcione corretamente, destacando as visualiza\u00e7\u00f5es adequadas dos conte\u00fados, lembrando suas adi\u00e7\u00f5es ao carrinho, registro, ajuste da resolu\u00e7\u00e3o da tela para melhorar nossas ofertas entre outras coisas. Essas informa\u00e7\u00f5es incluem detalhes de registro, localiza\u00e7\u00e3o, dura\u00e7\u00e3o da sess\u00e3o, os produtos que voc\u00ea selecionou, seu equipamento, seu navegador e seu endere\u00e7o IP. Se voc\u00ea deixar um coment\u00e1rio em nosso site, poder\u00e1 optar por salvar seu nome, endere\u00e7o de e-mail e site em cookies. Estes s\u00e3o para sua conveni\u00eancia, para que n\u00e3o tenha de voltar a preencher os seus dados quando deixar outro coment\u00e1rio. Esses cookies v\u00e3o durar um ano. <\/p>\n\n\n\n<p>Se voc\u00ea visitar nossa p\u00e1gina de login, definiremos um cookie tempor\u00e1rio para determinar se o seu navegador aceita cookies. Este cookie n\u00e3o cont\u00e9m dados pessoais e \u00e9 descartado quando voc\u00ea fecha o navegador.<\/p>\n\n\n\n<p>Quando voc\u00ea faz login, n\u00f3s tamb\u00e9m configuramos v\u00e1rios cookies para salvar suas informa\u00e7\u00f5es de login e suas op\u00e7\u00f5es de exibi\u00e7\u00e3o na tela. Os cookies de login duram dois dias e os cookies de op\u00e7\u00f5es de tela duram um ano. Se voc\u00ea selecionar &#8220;Lembrar-me&#8221;, seu login persistir\u00e1 por duas semanas. Se voc\u00ea sair da sua conta, os cookies de login ser\u00e3o removidos. <\/p>\n\n\n\n<p>Os artigos neste site podem incluir conte\u00fado incorporado (por exemplo, v\u00eddeos, imagens, artigos, etc.). O conte\u00fado incorporado de outros sites se comporta exatamente da mesma maneira como se o visitante tivesse visitado o outro site. Esses sites podem coletar dados sobre voc\u00ea, usar cookies, incorporar rastreamento de terceiros adicional e monitorar sua intera\u00e7\u00e3o com esse conte\u00fado incorporado, incluindo rastreamento sua intera\u00e7\u00e3o com o conte\u00fado incorporado se voc\u00ea tiver uma conta e estiver conectado a esse site. <\/p>\n\n\n\n<p>Para exercer o seu direito de acesso, rectificar a forma como os cookies s\u00e3o geridos, pode enviar um comunicado por escrito para info@slacktivity.com ou por carta para Siterank, Sociedade Unipessoal, Lda, Rua de Recarei n\u00ba 144, 5\u00ba esquerdo, 4465-725 Le\u00e7a do Balio, Portugal.<\/p>\n\n\n\n<p>f) quando um usu\u00e1rio navegar em nosso site e posteriormente visitar plataformas onde h\u00e1 formato de publicidade (redes sociais, Google e outros parceiros dessas redes), podem ser exibidos an\u00fancios sobre o Slacktivit. Tamb\u00e9m usamos os dados para alcan\u00e7ar novos clientes em potencial que possam estar interessados \u200b\u200bem nossos produtos.<\/p>\n\n\n\n<p>4.4. Quando os dados s\u00e3o coletados, indicamos os campos obrigat\u00f3rios com asteriscos, quando esses dados s\u00e3o obrigat\u00f3rios para:<\/p>\n\n\n\n<ul class=\"wp-block-list\"><li>Celebrar um contrato com voc\u00ea (por exemplo, para o fornecimento de produtos que voc\u00ea comprou em nossos sites \/ aplicativos)<\/li><li>Fornecer a voc\u00ea o servi\u00e7o que voc\u00ea solicitou (por exemplo, fornecendo-lhe um boletim informativo);<\/li><li>Respeite os requisitos legais (por exemplo, faturamento).<\/li><\/ul>\n\n\n\n<p>4.5. Os dados pessoais dos nossos clientes podem ser enviados para Siterank, Sociedade Unipessoal, Lda. prestadores de servi\u00e7os para prestar os servi\u00e7os ou para autoridades judiciais, fiscais e regulat\u00f3rias para cumprimento de requisitos legais.<\/p>\n\n\n\n<p><strong>5. CONSENTIMENTO<\/strong><br>O respeito pela vontade dos nossos clientes e utilizadores \u00e9 uma das principais preocupa\u00e7\u00f5es da Siterank, Sociedade Unipessoal, Lda. no processamento de seus dados pessoais. Voc\u00ea ser\u00e1 solicitado a obter consentimento expl\u00edcito e inequ\u00edvoco em todo o processamento de dados que n\u00e3o seja estritamente necess\u00e1rio para a finalidade em quest\u00e3o, como a presta\u00e7\u00e3o de servi\u00e7os e o envio de mercadorias adquiridas.<\/p>\n\n\n\n<p><strong>6. OS SEUS DIREITOS<\/strong><\/p>\n\n\n\n<p>6.1. Para exercer o seu direito de acesso, rectificar, apagar, esquecer ou bloquear os seus dados pessoais pode enviar uma comunica\u00e7\u00e3o escrita para info@slacktivity.com ou por carta para Siterank, Sociedade Unipessoal, Lda, Rua de Recarei n\u00ba 144, 5\u00ba esquerdo, 4465 -725 Le\u00e7a do Balio, Portugal. Tamb\u00e9m o pode fazer na sua \u00e1rea de cliente na loja online.<\/p>\n\n\n\n<p>6.2. Se um dos nossos clientes quiser deixar de ser abordado com comunica\u00e7\u00f5es de marketing direto, pode exercer o seu direito de se opor ao tratamento de pessoal enviando um email para info@slacktivity.com ou por carta para Siterank, Unipessoal, Lda, Rua de Recarei n\u00ba 144, 5\u00ba esquerdo, 4465-725 Le\u00e7a do Balio, Portugal.<\/p>\n\n\n\n<p><strong>7. SEGURAN\u00c7A<\/strong><\/p>\n\n\n\n<p>7.1 A Siterank, Unipessoal, Lda utiliza medidas de seguran\u00e7a adequadas para proteger os seus dados pessoais contra destrui\u00e7\u00e3o acidental ou il\u00edcita, perda acidental, altera\u00e7\u00e3o, divulga\u00e7\u00e3o, acesso n\u00e3o autorizado e contra qualquer forma de processamento il\u00edcito. Al\u00e9m disso, exigimos contratualmente que terceiros de confian\u00e7a que processam seus dados pessoais para n\u00f3s tamb\u00e9m o fa\u00e7am.<\/p>\n\n\n\n<p>7.2. A Siterank, Unipessoal, Lda n\u00e3o pode garantir que as medidas de seguran\u00e7a adoptadas para a protec\u00e7\u00e3o deste site e a transmiss\u00e3o de dados e informa\u00e7\u00e3o atrav\u00e9s deste site ir\u00e3o prevenir ou excluir qualquer risco de acesso n\u00e3o autorizado ou perda de dados. Portanto, aconselhamos voc\u00ea a garantir que seu computador esteja equipado com software que ir\u00e1 proteg\u00ea-lo ao transmitir e receber dados (como programas antiv\u00edrus atualizados) e que seu navegador tome as medidas adequadas para garantir a seguran\u00e7a ao transmitir dados (como um firewall e filtros anti-spam).<\/p>\n\n\n\n<p><strong>8. TEMPO DE RETENS\u00c3O E PROCESSAMENTO DOS DADOS<\/strong><\/p>\n\n\n\n<p>8.1. Os seus dados pessoais s\u00e3o guardados pela Siterank, Unipessoal, Lda para os fins aqui descritos pelo tempo necess\u00e1rio para os fins acima mencionados, a menos que os dados pessoais em quest\u00e3o sejam necess\u00e1rios para comprovar o cumprimento das obriga\u00e7\u00f5es, caso em que s\u00e3o guardados at\u00e9 ao termo dos respectivos direitos, ou se houver um per\u00edodo mais longo de reten\u00e7\u00e3o de dados imposto por lei.<\/p>\n\n\n\n<p>8.2. Quando seus dados pessoais n\u00e3o forem mais necess\u00e1rios, eles ser\u00e3o removidos de nossos sistemas e registros ou mantidos anonimamente para que voc\u00ea n\u00e3o possa ser identificado a partir deles.<\/p>\n","protected":false},"excerpt":{"rendered":"<p>\u201cSiterank, Unipessoal. Lda&#8221;,a partir de agora Slacktivity reconhece a import\u00e2ncia de proteger os dados pessoais dos nossos clientes e assinantes, independentemente do seu tipo. De acordo com o Regulamento Geral de Prote\u00e7\u00e3o de Dados da Uni\u00e3o Europeia (UE 2016\/679), a Slacktivity desenvolveu um conjunto de medidas de seguran\u00e7a destinadas a proteger seus dados, refletidas em [&hellip;]<\/p>\n","protected":false},"author":1,"featured_media":0,"parent":0,"menu_order":0,"comment_status":"closed","ping_status":"closed","template":"template-compact.php","meta":{"_acf_changed":false,"_joinchat":[],"footnotes":""},"class_list":["post-6903","page","type-page","status-publish","hentry"],"acf":[],"yoast_head":"<!-- This site is optimized with the Yoast SEO plugin v27.5 - https:\/\/yoast.com\/product\/yoast-seo-wordpress\/ -->\n<title>Pol\u00edtica de Privacidade | Slacktivity Slacklines International Shop<\/title>\n<meta name=\"description\" content=\"Pol\u00edtica de Privacidade da Slacktivity Slacklines International Webshop\" \/>\n<meta name=\"robots\" content=\"noindex, follow\" \/>\n<meta property=\"og:locale\" content=\"pt_PT\" \/>\n<meta property=\"og:type\" content=\"article\" \/>\n<meta property=\"og:title\" content=\"Pol\u00edtica de Privacidade | Slacktivity Slacklines International Shop\" \/>\n<meta property=\"og:description\" content=\"Pol\u00edtica de Privacidade da Slacktivity Slacklines International Webshop\" \/>\n<meta property=\"og:url\" content=\"https:\/\/slacktivity.com\/pt-pt\/politica-de-privacidade\/\" \/>\n<meta property=\"og:site_name\" content=\"Slacktivity Slacklines International Shop\" \/>\n<meta property=\"article:publisher\" content=\"https:\/\/www.facebook.com\/SLACKTIVITY\/\" \/>\n<meta property=\"article:modified_time\" content=\"2022-02-10T12:03:16+00:00\" \/>\n<meta name=\"twitter:card\" content=\"summary_large_image\" \/>\n<meta name=\"twitter:label1\" content=\"Tempo estimado de leitura\" \/>\n\t<meta name=\"twitter:data1\" content=\"8 minutos\" \/>\n<script type=\"application\/ld+json\" class=\"yoast-schema-graph\">{\"@context\":\"https:\\\/\\\/schema.org\",\"@graph\":[{\"@type\":\"WebPage\",\"@id\":\"https:\\\/\\\/slacktivity.com\\\/pt-pt\\\/politica-de-privacidade\\\/\",\"url\":\"https:\\\/\\\/slacktivity.com\\\/pt-pt\\\/politica-de-privacidade\\\/\",\"name\":\"Pol\u00edtica de Privacidade | Slacktivity Slacklines International Shop\",\"isPartOf\":{\"@id\":\"https:\\\/\\\/slacktivity.com\\\/pt-pt\\\/#website\"},\"datePublished\":\"2021-07-20T16:49:13+00:00\",\"dateModified\":\"2022-02-10T12:03:16+00:00\",\"description\":\"Pol\u00edtica de Privacidade da Slacktivity Slacklines International Webshop\",\"breadcrumb\":{\"@id\":\"https:\\\/\\\/slacktivity.com\\\/pt-pt\\\/politica-de-privacidade\\\/#breadcrumb\"},\"inLanguage\":\"pt-PT\",\"potentialAction\":[{\"@type\":\"ReadAction\",\"target\":[\"https:\\\/\\\/slacktivity.com\\\/pt-pt\\\/politica-de-privacidade\\\/\"]}]},{\"@type\":\"BreadcrumbList\",\"@id\":\"https:\\\/\\\/slacktivity.com\\\/pt-pt\\\/politica-de-privacidade\\\/#breadcrumb\",\"itemListElement\":[{\"@type\":\"ListItem\",\"position\":1,\"name\":\"Home\",\"item\":\"https:\\\/\\\/slacktivity.com\\\/pt-pt\\\/\"},{\"@type\":\"ListItem\",\"position\":2,\"name\":\"Pol\u00edtica de Privacidade\"}]},{\"@type\":\"WebSite\",\"@id\":\"https:\\\/\\\/slacktivity.com\\\/pt-pt\\\/#website\",\"url\":\"https:\\\/\\\/slacktivity.com\\\/pt-pt\\\/\",\"name\":\"Slacktivity Slacklines International Shop\",\"description\":\"Discover the innovative products of Slacktivity. Swiss designed premium slackline gear. Advice from our experts for the best and a safe slackline experience.\",\"publisher\":{\"@id\":\"https:\\\/\\\/slacktivity.com\\\/pt-pt\\\/#organization\"},\"potentialAction\":[{\"@type\":\"SearchAction\",\"target\":{\"@type\":\"EntryPoint\",\"urlTemplate\":\"https:\\\/\\\/slacktivity.com\\\/pt-pt\\\/?s={search_term_string}\"},\"query-input\":{\"@type\":\"PropertyValueSpecification\",\"valueRequired\":true,\"valueName\":\"search_term_string\"}}],\"inLanguage\":\"pt-PT\"},{\"@type\":\"Organization\",\"@id\":\"https:\\\/\\\/slacktivity.com\\\/pt-pt\\\/#organization\",\"name\":\"Slacktivity Slacklines\",\"url\":\"https:\\\/\\\/slacktivity.com\\\/pt-pt\\\/\",\"logo\":{\"@type\":\"ImageObject\",\"inLanguage\":\"pt-PT\",\"@id\":\"https:\\\/\\\/slacktivity.com\\\/pt-pt\\\/#\\\/schema\\\/logo\\\/image\\\/\",\"url\":\"https:\\\/\\\/slacktivity.com\\\/wp-content\\\/uploads\\\/2021\\\/01\\\/slacktivity-slackline-online-shop-1.png\",\"contentUrl\":\"https:\\\/\\\/slacktivity.com\\\/wp-content\\\/uploads\\\/2021\\\/01\\\/slacktivity-slackline-online-shop-1.png\",\"width\":200,\"height\":77,\"caption\":\"Slacktivity Slacklines\"},\"image\":{\"@id\":\"https:\\\/\\\/slacktivity.com\\\/pt-pt\\\/#\\\/schema\\\/logo\\\/image\\\/\"},\"sameAs\":[\"https:\\\/\\\/www.facebook.com\\\/SLACKTIVITY\\\/\",\"https:\\\/\\\/www.instagram.com\\\/slacktivity\\\/\"]}]}<\/script>\n<!-- \/ Yoast SEO plugin. -->","yoast_head_json":{"title":"Pol\u00edtica de Privacidade | Slacktivity Slacklines International Shop","description":"Pol\u00edtica de Privacidade da Slacktivity Slacklines International Webshop","robots":{"index":"noindex","follow":"follow"},"og_locale":"pt_PT","og_type":"article","og_title":"Pol\u00edtica de Privacidade | Slacktivity Slacklines International Shop","og_description":"Pol\u00edtica de Privacidade da Slacktivity Slacklines International Webshop","og_url":"https:\/\/slacktivity.com\/pt-pt\/politica-de-privacidade\/","og_site_name":"Slacktivity Slacklines International Shop","article_publisher":"https:\/\/www.facebook.com\/SLACKTIVITY\/","article_modified_time":"2022-02-10T12:03:16+00:00","twitter_card":"summary_large_image","twitter_misc":{"Tempo estimado de leitura":"8 minutos"},"schema":{"@context":"https:\/\/schema.org","@graph":[{"@type":"WebPage","@id":"https:\/\/slacktivity.com\/pt-pt\/politica-de-privacidade\/","url":"https:\/\/slacktivity.com\/pt-pt\/politica-de-privacidade\/","name":"Pol\u00edtica de Privacidade | Slacktivity Slacklines International Shop","isPartOf":{"@id":"https:\/\/slacktivity.com\/pt-pt\/#website"},"datePublished":"2021-07-20T16:49:13+00:00","dateModified":"2022-02-10T12:03:16+00:00","description":"Pol\u00edtica de Privacidade da Slacktivity Slacklines International Webshop","breadcrumb":{"@id":"https:\/\/slacktivity.com\/pt-pt\/politica-de-privacidade\/#breadcrumb"},"inLanguage":"pt-PT","potentialAction":[{"@type":"ReadAction","target":["https:\/\/slacktivity.com\/pt-pt\/politica-de-privacidade\/"]}]},{"@type":"BreadcrumbList","@id":"https:\/\/slacktivity.com\/pt-pt\/politica-de-privacidade\/#breadcrumb","itemListElement":[{"@type":"ListItem","position":1,"name":"Home","item":"https:\/\/slacktivity.com\/pt-pt\/"},{"@type":"ListItem","position":2,"name":"Pol\u00edtica de Privacidade"}]},{"@type":"WebSite","@id":"https:\/\/slacktivity.com\/pt-pt\/#website","url":"https:\/\/slacktivity.com\/pt-pt\/","name":"Slacktivity Slacklines International Shop","description":"Discover the innovative products of Slacktivity. Swiss designed premium slackline gear. Advice from our experts for the best and a safe slackline experience.","publisher":{"@id":"https:\/\/slacktivity.com\/pt-pt\/#organization"},"potentialAction":[{"@type":"SearchAction","target":{"@type":"EntryPoint","urlTemplate":"https:\/\/slacktivity.com\/pt-pt\/?s={search_term_string}"},"query-input":{"@type":"PropertyValueSpecification","valueRequired":true,"valueName":"search_term_string"}}],"inLanguage":"pt-PT"},{"@type":"Organization","@id":"https:\/\/slacktivity.com\/pt-pt\/#organization","name":"Slacktivity Slacklines","url":"https:\/\/slacktivity.com\/pt-pt\/","logo":{"@type":"ImageObject","inLanguage":"pt-PT","@id":"https:\/\/slacktivity.com\/pt-pt\/#\/schema\/logo\/image\/","url":"https:\/\/slacktivity.com\/wp-content\/uploads\/2021\/01\/slacktivity-slackline-online-shop-1.png","contentUrl":"https:\/\/slacktivity.com\/wp-content\/uploads\/2021\/01\/slacktivity-slackline-online-shop-1.png","width":200,"height":77,"caption":"Slacktivity Slacklines"},"image":{"@id":"https:\/\/slacktivity.com\/pt-pt\/#\/schema\/logo\/image\/"},"sameAs":["https:\/\/www.facebook.com\/SLACKTIVITY\/","https:\/\/www.instagram.com\/slacktivity\/"]}]}},"_links":{"self":[{"href":"https:\/\/slacktivity.com\/pt-pt\/wp-json\/wp\/v2\/pages\/6903","targetHints":{"allow":["GET"]}}],"collection":[{"href":"https:\/\/slacktivity.com\/pt-pt\/wp-json\/wp\/v2\/pages"}],"about":[{"href":"https:\/\/slacktivity.com\/pt-pt\/wp-json\/wp\/v2\/types\/page"}],"author":[{"embeddable":true,"href":"https:\/\/slacktivity.com\/pt-pt\/wp-json\/wp\/v2\/users\/1"}],"replies":[{"embeddable":true,"href":"https:\/\/slacktivity.com\/pt-pt\/wp-json\/wp\/v2\/comments?post=6903"}],"version-history":[{"count":0,"href":"https:\/\/slacktivity.com\/pt-pt\/wp-json\/wp\/v2\/pages\/6903\/revisions"}],"wp:attachment":[{"href":"https:\/\/slacktivity.com\/pt-pt\/wp-json\/wp\/v2\/media?parent=6903"}],"curies":[{"name":"wp","href":"https:\/\/api.w.org\/{rel}","templated":true}]}}