{"id":10265,"date":"2021-01-31T15:42:05","date_gmt":"2022-07-19T15:17:47","guid":{"rendered":"https:\/\/slacktivity.com\/shop\/moon-straps\/"},"modified":"2022-07-19T15:17:47","modified_gmt":"2022-07-19T15:17:47","slug":"moon-straps-2","status":"publish","type":"product","link":"https:\/\/slacktivity.com\/pt-pt\/shop\/moon-straps-2\/","title":{"rendered":"Moon Straps"},"content":{"rendered":"<p>Em compara\u00e7\u00e3o com a maioria das op\u00e7\u00f5es dispon\u00edveis, as <strong>Moon Straps<\/strong> s\u00e3o recomendadas para uso at\u00e9 200kg, enquanto o teste de ruptura terminou entre 700 e 800kg. As Moonstraps n\u00e3o s\u00e3o apenas de uso muito f\u00e1cil, devido \u00e0 sua superf\u00edcie lisa, pontos perfeitos e 9 presilhas de fixa\u00e7\u00e3o prontas, pode instalar a sua <a href=\"\/shop\/slackline-hammock\">rede<\/a>com muita flexibilidade.<\/p>\n<p>A maioria das pessoas aprecia que o facto das Moon Straps caberem na bolsa da sua rede Ticket to the Moon.<\/p>\n<p>As Moon Straps permitem a instala\u00e7\u00e3o r\u00e1pida e f\u00e1cil de redes em quase todas as situa\u00e7\u00f5es &#8211; em pilares, luzes de rua, ganchos, postes escorregadios, \u00e1rvores e slacklines. Cada uma tem 2 cm de largura (0,79 polegadas) e 2,6 m de comprimento (8&#8217;6&#8243;), o que provou servir bem na maioria das situa\u00e7\u00f5es da vida. As \u00e1rvores apreciam a superf\u00edcie lisa que n\u00e3o danifica as suas cascas.<\/p>\n<h2><strong>Detalhes das Moon Straps:<\/strong><\/h2>\n<ul>\n<li>Dimens\u00f5es: 2 cm x 260 cm x 2 cm (0,8 pol x 8,5 p\u00e9s x 0,8 pol)<\/li>\n<li>Capacidade m\u00e1xima de carga: 200 kg &#8211; 440 lbs<\/li>\n<li>Peso l\u00edquido: 260 g &#8211; 9,17 on\u00e7as<\/li>\n<li>9 presilhas de fixa\u00e7\u00e3o f\u00e1cil<\/li>\n<li>Material: 100% polyester<\/li>\n<li>10 anos de garantia contra defeitos de fabrica\u00e7\u00e3o e materiais<\/li>\n<\/ul>\n<h4 style=\"text-align: center;\"><strong>Como usar as Moon Straps:<\/strong><\/h4>\n<p><iframe style=\"padding: 20px 200px 20px 200px;\" src=\"https:\/\/www.youtube.com\/embed\/gYI99eHzlZI?start=48\" width=\"560\" height=\"315\" frameborder=\"0\" allowfullscreen=\"allowfullscreen\"><span data-mce-type=\"bookmark\" style=\"display: inline-block; width: 0px; overflow: hidden; line-height: 0;\" class=\"mce_SELRES_start\"><\/span><\/iframe><\/p>\n","protected":false},"excerpt":{"rendered":"<p>As Moon Straps permitem uma instala\u00e7\u00e3o r\u00e1pida e f\u00e1cil em quase todas as situa\u00e7\u00f5es &#8211; em pilares, luzes de rua, ganchos, postes escorregadios, \u00e1rvores e slackline.<\/p>\n","protected":false},"featured_media":7488,"comment_status":"open","ping_status":"closed","template":"","meta":{"_acf_changed":false,"_joinchat":[]},"product_cat":[895],"product_tag":[],"class_list":{"0":"post-10265","1":"product","2":"type-product","3":"status-publish","4":"has-post-thumbnail","6":"product_cat-hammocks-pt-pt","7":"pa_brand-tttm-pt-pt","9":"first","10":"outofstock","11":"taxable","12":"shipping-taxable","13":"purchasable","14":"product-type-simple","swatches":"rey-swatches","show_selected":""},"acf":[],"yoast_head":"<!-- This site is optimized with the Yoast SEO plugin v27.4 - https:\/\/yoast.com\/product\/yoast-seo-wordpress\/ -->\n<title>Moon Straps: Para Hammocks Ticket to The Moon | SLACKTIVITY<\/title>\n<meta name=\"description\" content=\"As Moon Straps permitem uma instala\u00e7\u00e3o r\u00e1pida e f\u00e1cil em quase todas as situa\u00e7\u00f5es - em pilares, ganchos, postes escorregadios, \u00e1rvores e slacklines.\" \/>\n<meta name=\"robots\" content=\"index, follow, max-snippet:-1, max-image-preview:large, max-video-preview:-1\" \/>\n<link rel=\"canonical\" href=\"https:\/\/slacktivity.com\/pt-pt\/shop\/moon-straps-2\/\" \/>\n<meta property=\"og:locale\" content=\"pt_PT\" \/>\n<meta property=\"og:type\" content=\"article\" \/>\n<meta property=\"og:title\" content=\"Moon Straps: Para Hammocks Ticket to The Moon | SLACKTIVITY\" \/>\n<meta property=\"og:description\" content=\"As Moon Straps permitem uma instala\u00e7\u00e3o r\u00e1pida e f\u00e1cil em quase todas as situa\u00e7\u00f5es - em pilares, ganchos, postes escorregadios, \u00e1rvores e slacklines.\" \/>\n<meta property=\"og:url\" content=\"https:\/\/slacktivity.com\/pt-pt\/shop\/moon-straps-2\/\" \/>\n<meta property=\"og:site_name\" content=\"Slacktivity Slacklines International Shop\" \/>\n<meta property=\"article:publisher\" content=\"https:\/\/www.facebook.com\/SLACKTIVITY\/\" \/>\n<meta property=\"og:image\" content=\"https:\/\/slacktivity.com\/wp-content\/uploads\/2021\/08\/tttm-moon-straps.jpg\" \/>\n\t<meta property=\"og:image:width\" content=\"1180\" \/>\n\t<meta property=\"og:image:height\" content=\"1377\" \/>\n\t<meta property=\"og:image:type\" content=\"image\/jpeg\" \/>\n<meta name=\"twitter:card\" content=\"summary_large_image\" \/>\n<meta name=\"twitter:label1\" content=\"Tempo estimado de leitura\" \/>\n\t<meta name=\"twitter:data1\" content=\"1 minuto\" \/>\n<script type=\"application\/ld+json\" class=\"yoast-schema-graph\">{\"@context\":\"https:\\\/\\\/schema.org\",\"@graph\":[{\"@type\":\"WebPage\",\"@id\":\"https:\\\/\\\/slacktivity.com\\\/pt-pt\\\/shop\\\/moon-straps-2\\\/\",\"url\":\"https:\\\/\\\/slacktivity.com\\\/pt-pt\\\/shop\\\/moon-straps-2\\\/\",\"name\":\"Moon Straps: Para Hammocks Ticket to The Moon | SLACKTIVITY\",\"isPartOf\":{\"@id\":\"https:\\\/\\\/slacktivity.com\\\/pt-pt\\\/#website\"},\"primaryImageOfPage\":{\"@id\":\"https:\\\/\\\/slacktivity.com\\\/pt-pt\\\/shop\\\/moon-straps-2\\\/#primaryimage\"},\"image\":{\"@id\":\"https:\\\/\\\/slacktivity.com\\\/pt-pt\\\/shop\\\/moon-straps-2\\\/#primaryimage\"},\"thumbnailUrl\":\"https:\\\/\\\/slacktivity.com\\\/wp-content\\\/uploads\\\/2021\\\/08\\\/tttm-moon-straps.jpg\",\"datePublished\":\"2022-07-19T15:17:47+00:00\",\"description\":\"As Moon Straps permitem uma instala\u00e7\u00e3o r\u00e1pida e f\u00e1cil em quase todas as situa\u00e7\u00f5es - em pilares, ganchos, postes escorregadios, \u00e1rvores e slacklines.\",\"breadcrumb\":{\"@id\":\"https:\\\/\\\/slacktivity.com\\\/pt-pt\\\/shop\\\/moon-straps-2\\\/#breadcrumb\"},\"inLanguage\":\"pt-PT\",\"potentialAction\":[{\"@type\":\"ReadAction\",\"target\":[\"https:\\\/\\\/slacktivity.com\\\/pt-pt\\\/shop\\\/moon-straps-2\\\/\"]}]},{\"@type\":\"ImageObject\",\"inLanguage\":\"pt-PT\",\"@id\":\"https:\\\/\\\/slacktivity.com\\\/pt-pt\\\/shop\\\/moon-straps-2\\\/#primaryimage\",\"url\":\"https:\\\/\\\/slacktivity.com\\\/wp-content\\\/uploads\\\/2021\\\/08\\\/tttm-moon-straps.jpg\",\"contentUrl\":\"https:\\\/\\\/slacktivity.com\\\/wp-content\\\/uploads\\\/2021\\\/08\\\/tttm-moon-straps.jpg\",\"width\":1180,\"height\":1377,\"caption\":\"tttm moon straps\"},{\"@type\":\"BreadcrumbList\",\"@id\":\"https:\\\/\\\/slacktivity.com\\\/pt-pt\\\/shop\\\/moon-straps-2\\\/#breadcrumb\",\"itemListElement\":[{\"@type\":\"ListItem\",\"position\":1,\"name\":\"Home\",\"item\":\"https:\\\/\\\/slacktivity.com\\\/pt-pt\\\/\"},{\"@type\":\"ListItem\",\"position\":2,\"name\":\"loja\",\"item\":\"https:\\\/\\\/slacktivity.com\\\/pt-pt\\\/loja\\\/\"},{\"@type\":\"ListItem\",\"position\":3,\"name\":\"Moon Straps\"}]},{\"@type\":\"WebSite\",\"@id\":\"https:\\\/\\\/slacktivity.com\\\/pt-pt\\\/#website\",\"url\":\"https:\\\/\\\/slacktivity.com\\\/pt-pt\\\/\",\"name\":\"Slacktivity Slacklines International Shop\",\"description\":\"Discover the innovative products of Slacktivity. Swiss designed premium slackline gear. Advice from our experts for the best and a safe slackline experience.\",\"publisher\":{\"@id\":\"https:\\\/\\\/slacktivity.com\\\/pt-pt\\\/#organization\"},\"potentialAction\":[{\"@type\":\"SearchAction\",\"target\":{\"@type\":\"EntryPoint\",\"urlTemplate\":\"https:\\\/\\\/slacktivity.com\\\/pt-pt\\\/?s={search_term_string}\"},\"query-input\":{\"@type\":\"PropertyValueSpecification\",\"valueRequired\":true,\"valueName\":\"search_term_string\"}}],\"inLanguage\":\"pt-PT\"},{\"@type\":\"Organization\",\"@id\":\"https:\\\/\\\/slacktivity.com\\\/pt-pt\\\/#organization\",\"name\":\"Slacktivity Slacklines\",\"url\":\"https:\\\/\\\/slacktivity.com\\\/pt-pt\\\/\",\"logo\":{\"@type\":\"ImageObject\",\"inLanguage\":\"pt-PT\",\"@id\":\"https:\\\/\\\/slacktivity.com\\\/pt-pt\\\/#\\\/schema\\\/logo\\\/image\\\/\",\"url\":\"https:\\\/\\\/slacktivity.com\\\/wp-content\\\/uploads\\\/2021\\\/01\\\/slacktivity-slackline-online-shop-1.png\",\"contentUrl\":\"https:\\\/\\\/slacktivity.com\\\/wp-content\\\/uploads\\\/2021\\\/01\\\/slacktivity-slackline-online-shop-1.png\",\"width\":200,\"height\":77,\"caption\":\"Slacktivity Slacklines\"},\"image\":{\"@id\":\"https:\\\/\\\/slacktivity.com\\\/pt-pt\\\/#\\\/schema\\\/logo\\\/image\\\/\"},\"sameAs\":[\"https:\\\/\\\/www.facebook.com\\\/SLACKTIVITY\\\/\",\"https:\\\/\\\/www.instagram.com\\\/slacktivity\\\/\"]}]}<\/script>\n<!-- \/ Yoast SEO plugin. -->","yoast_head_json":{"title":"Moon Straps: Para Hammocks Ticket to The Moon | SLACKTIVITY","description":"As Moon Straps permitem uma instala\u00e7\u00e3o r\u00e1pida e f\u00e1cil em quase todas as situa\u00e7\u00f5es - em pilares, ganchos, postes escorregadios, \u00e1rvores e slacklines.","robots":{"index":"index","follow":"follow","max-snippet":"max-snippet:-1","max-image-preview":"max-image-preview:large","max-video-preview":"max-video-preview:-1"},"canonical":"https:\/\/slacktivity.com\/pt-pt\/shop\/moon-straps-2\/","og_locale":"pt_PT","og_type":"article","og_title":"Moon Straps: Para Hammocks Ticket to The Moon | SLACKTIVITY","og_description":"As Moon Straps permitem uma instala\u00e7\u00e3o r\u00e1pida e f\u00e1cil em quase todas as situa\u00e7\u00f5es - em pilares, ganchos, postes escorregadios, \u00e1rvores e slacklines.","og_url":"https:\/\/slacktivity.com\/pt-pt\/shop\/moon-straps-2\/","og_site_name":"Slacktivity Slacklines International Shop","article_publisher":"https:\/\/www.facebook.com\/SLACKTIVITY\/","og_image":[{"width":1180,"height":1377,"url":"https:\/\/slacktivity.com\/wp-content\/uploads\/2021\/08\/tttm-moon-straps.jpg","type":"image\/jpeg"}],"twitter_card":"summary_large_image","twitter_misc":{"Tempo estimado de leitura":"1 minuto"},"schema":{"@context":"https:\/\/schema.org","@graph":[{"@type":"WebPage","@id":"https:\/\/slacktivity.com\/pt-pt\/shop\/moon-straps-2\/","url":"https:\/\/slacktivity.com\/pt-pt\/shop\/moon-straps-2\/","name":"Moon Straps: Para Hammocks Ticket to The Moon | SLACKTIVITY","isPartOf":{"@id":"https:\/\/slacktivity.com\/pt-pt\/#website"},"primaryImageOfPage":{"@id":"https:\/\/slacktivity.com\/pt-pt\/shop\/moon-straps-2\/#primaryimage"},"image":{"@id":"https:\/\/slacktivity.com\/pt-pt\/shop\/moon-straps-2\/#primaryimage"},"thumbnailUrl":"https:\/\/slacktivity.com\/wp-content\/uploads\/2021\/08\/tttm-moon-straps.jpg","datePublished":"2022-07-19T15:17:47+00:00","description":"As Moon Straps permitem uma instala\u00e7\u00e3o r\u00e1pida e f\u00e1cil em quase todas as situa\u00e7\u00f5es - em pilares, ganchos, postes escorregadios, \u00e1rvores e slacklines.","breadcrumb":{"@id":"https:\/\/slacktivity.com\/pt-pt\/shop\/moon-straps-2\/#breadcrumb"},"inLanguage":"pt-PT","potentialAction":[{"@type":"ReadAction","target":["https:\/\/slacktivity.com\/pt-pt\/shop\/moon-straps-2\/"]}]},{"@type":"ImageObject","inLanguage":"pt-PT","@id":"https:\/\/slacktivity.com\/pt-pt\/shop\/moon-straps-2\/#primaryimage","url":"https:\/\/slacktivity.com\/wp-content\/uploads\/2021\/08\/tttm-moon-straps.jpg","contentUrl":"https:\/\/slacktivity.com\/wp-content\/uploads\/2021\/08\/tttm-moon-straps.jpg","width":1180,"height":1377,"caption":"tttm moon straps"},{"@type":"BreadcrumbList","@id":"https:\/\/slacktivity.com\/pt-pt\/shop\/moon-straps-2\/#breadcrumb","itemListElement":[{"@type":"ListItem","position":1,"name":"Home","item":"https:\/\/slacktivity.com\/pt-pt\/"},{"@type":"ListItem","position":2,"name":"loja","item":"https:\/\/slacktivity.com\/pt-pt\/loja\/"},{"@type":"ListItem","position":3,"name":"Moon Straps"}]},{"@type":"WebSite","@id":"https:\/\/slacktivity.com\/pt-pt\/#website","url":"https:\/\/slacktivity.com\/pt-pt\/","name":"Slacktivity Slacklines International Shop","description":"Discover the innovative products of Slacktivity. Swiss designed premium slackline gear. Advice from our experts for the best and a safe slackline experience.","publisher":{"@id":"https:\/\/slacktivity.com\/pt-pt\/#organization"},"potentialAction":[{"@type":"SearchAction","target":{"@type":"EntryPoint","urlTemplate":"https:\/\/slacktivity.com\/pt-pt\/?s={search_term_string}"},"query-input":{"@type":"PropertyValueSpecification","valueRequired":true,"valueName":"search_term_string"}}],"inLanguage":"pt-PT"},{"@type":"Organization","@id":"https:\/\/slacktivity.com\/pt-pt\/#organization","name":"Slacktivity Slacklines","url":"https:\/\/slacktivity.com\/pt-pt\/","logo":{"@type":"ImageObject","inLanguage":"pt-PT","@id":"https:\/\/slacktivity.com\/pt-pt\/#\/schema\/logo\/image\/","url":"https:\/\/slacktivity.com\/wp-content\/uploads\/2021\/01\/slacktivity-slackline-online-shop-1.png","contentUrl":"https:\/\/slacktivity.com\/wp-content\/uploads\/2021\/01\/slacktivity-slackline-online-shop-1.png","width":200,"height":77,"caption":"Slacktivity Slacklines"},"image":{"@id":"https:\/\/slacktivity.com\/pt-pt\/#\/schema\/logo\/image\/"},"sameAs":["https:\/\/www.facebook.com\/SLACKTIVITY\/","https:\/\/www.instagram.com\/slacktivity\/"]}]}},"_links":{"self":[{"href":"https:\/\/slacktivity.com\/pt-pt\/wp-json\/wp\/v2\/product\/10265","targetHints":{"allow":["GET"]}}],"collection":[{"href":"https:\/\/slacktivity.com\/pt-pt\/wp-json\/wp\/v2\/product"}],"about":[{"href":"https:\/\/slacktivity.com\/pt-pt\/wp-json\/wp\/v2\/types\/product"}],"replies":[{"embeddable":true,"href":"https:\/\/slacktivity.com\/pt-pt\/wp-json\/wp\/v2\/comments?post=10265"}],"wp:featuredmedia":[{"embeddable":true,"href":"https:\/\/slacktivity.com\/pt-pt\/wp-json\/wp\/v2\/media\/7488"}],"wp:attachment":[{"href":"https:\/\/slacktivity.com\/pt-pt\/wp-json\/wp\/v2\/media?parent=10265"}],"wp:term":[{"taxonomy":"product_cat","embeddable":true,"href":"https:\/\/slacktivity.com\/pt-pt\/wp-json\/wp\/v2\/product_cat?post=10265"},{"taxonomy":"product_tag","embeddable":true,"href":"https:\/\/slacktivity.com\/pt-pt\/wp-json\/wp\/v2\/product_tag?post=10265"}],"curies":[{"name":"wp","href":"https:\/\/api.w.org\/{rel}","templated":true}]}}