{"id":10266,"date":"2023-02-22T11:17:55","date_gmt":"2022-07-19T16:01:15","guid":{"rendered":"https:\/\/slacktivity.com\/shop\/highline-trickzone-pro-setup\/"},"modified":"2024-04-16T10:21:01","modified_gmt":"2024-04-16T10:21:01","slug":"highline-trickzone-pro-setup-2","status":"publish","type":"product","link":"https:\/\/slacktivity.com\/pt-pt\/shop\/highline-trickzone-pro-setup-2\/","title":{"rendered":"Highline Trickzone Pro Setup"},"content":{"rendered":"<p>O <strong>Highline Trickzone Pro Setup<\/strong> \u00e9 a escolha d os highliners mais fortes, para fazer truques cada vez mais exigentes. Atletas como <em>Basti Egger<\/em>, <em>Salom\u00e9 Cholet<\/em>, <em>Tim Odermatt<\/em> e <em>Samuel Volery<\/em> treinam di\u00e1riamente com este setup. Foi tamb\u00e9m o setup escolhido para o primeiro <strong>Highline Freestyle World Championships<\/strong>.<\/p>\n<h2>Porqu\u00ea o Highline Trickzone Pro Setup?<\/h2>\n<p>Vamos explicar por que este setup \u00e9 t\u00e3o ridiculamente bom para fazer truques incr\u00edveis. Pode escolher entre duas linhas fant\u00e1sticas. A <strong>pinkTube<\/strong>, a linha com a qual o Highline freestyle foi criado. Tamb\u00e9m conhecida como a linha mais usada no mundo para essa freestyle. E a <strong>LSDTube<\/strong>, mais popular a cada dia que passa. Cada uma delas tem uma <strong>trickzone de 5m de comprimento no seu centro, aumentando a seguran\u00e7a<\/strong>. Esta zona \u00e9 muito mais <strong>resistente \u00e0 abras\u00e3o<\/strong> e muito <strong>agrad\u00e1vel para as m\u00e3os<\/strong> ao fazer &#8220;rocket mounts&#8221; e truques semelhantes. O <strong>backup Y2K \u00e9 extremamente leve e ao mesmo tempo robusto.<\/strong> Isso o torna-o um backup de alto desempenho e seguro. Como o Y2K tem uma constru\u00e7\u00e3o Kern-Mantle, ele tamb\u00e9m <strong>pode ser reutilizado como backup quando for hora de substituir a linha principal.<\/strong> O manto de poli\u00e9ster protege as fibras internas de Dyneema da luz UV e da abras\u00e3o.<\/p>\n<p>A <strong>linha principal e o backup possuem um T-Loop<\/strong>para conectar ambas as linhas uma \u00e0 outra, aumentando a seguran\u00e7a.<\/p>\n<p><strong>Para um desempenho ainda melhor, recomendamos montar a linha, usando um seaHorse em ambos os lados.<\/strong> Dessa forma pode-se garantir que a trickzone \u00e9 colocada no meio da linha. Caso a linha esteja ligeiramente desnivelada, recomendamos deslocar a trickzone alguns metros em dire\u00e7\u00e3o ao ponto de ancoragem inferior.<\/p>\n<h4>Esteja ciente de que com tal desempenho, o Highline Trickzone Pro Setup, tamb\u00e9m precisa de cuidados especiais:<\/h4>\n<ul>\n<li>Para ter uma configura\u00e7\u00e3o duradoura e aumentar as margens de seguran\u00e7a, o <strong>ideal \u00e9 fazer truques apenas na trickzone.<\/strong><\/li>\n<li>Recomendamos <strong>selar a conex\u00e3o (costura) entre a pinkTube\/LSDTube e a redTube com fita<\/strong>. Isso protege a costura da luz UV e da abras\u00e3o. Tamb\u00e9m recomendamos<strong>evitar leashfalls na conex\u00e3o<\/strong>.<\/li>\n<li><strong>No comprimento da trickzone, o backup deve ser conectado \u00e0 linha principal, a cada 40-50cm.<\/strong> Assim, n\u00e3o ter\u00e1 nenhum loop em que possa ser apanhado durante uma leashfall mais descontrolada. Al\u00e9m disso, \u00e9 muito melhor fazer uma sess\u00e3o sem preocupa\u00e7\u00f5es com o backup.<\/li>\n<li>O <strong>comprimento do backup deve ser ajustado em ambos os lados da linha de forma a que n\u00e3o seja ativado com bounces mais fortes<\/strong>. Se ele for ativado, ent\u00e3o est\u00e1 muito apertado e a linha come\u00e7ar\u00e1 a ter um comportamento estranho quando voc\u00ea atingir o ponto mais baixo.<\/li>\n<\/ul>\n<h4><strong>Especif\u00edca\u00e7\u00f5es<\/strong><\/h4>\n<ul>\n<li><strong>redTube &amp; pinkTube &#8211; MBS das costuras<\/strong>: 20kN<\/li>\n<li><strong>redTube &amp; lsdTube &#8211; MBS das costuras: <\/strong>20kN<\/li>\n<li><strong>Comprimento da linha principal: <\/strong>85m (80m pinkTube \/ LSDTube com 5m additionais de redTube)<\/li>\n<li><strong>Comprimento do Backup: <\/strong>105m de Y2K com 1 T-Loop no meio<\/li>\n<\/ul>\n<p><strong>pinkTube <\/strong><\/p>\n<ul>\n<li><strong>Material:<\/strong> Slackline tubular de nylon<\/li>\n<li><strong>Largura:<\/strong> 26mm<\/li>\n<li><strong>Elasticidade:<\/strong> <strong>22.6%<\/strong> aos 10kN | <strong>15.4%<\/strong> aos 5kN | <strong> 13.3%<\/strong> aos 4kN | <strong>10.6% <\/strong>aos 3kN | <strong>6.6%<\/strong> aos 2kN | <strong>1.6%<\/strong> aos 1kN<\/li>\n<li><strong>ISA Highline Webbing Strength Class<\/strong>: C<\/li>\n<li><strong>MBS (Minimum Breaking Strength) \u2013 <\/strong><strong>Lote 2020<\/strong>: 25.6kN<\/li>\n<li class=\"fproduct\"><strong>MBS main loop (Lote 2020):<\/strong> 23.1kN<\/li>\n<li class=\"fproduct\"><strong>MBS backup loop (lote 2020):<\/strong> 16.0kN<\/li>\n<li><strong>MBS T-Loop (lote 2020):<\/strong> 13.6kN<\/li>\n<li><strong>MBS X-Connection (Lote 2020):<\/strong> 12.9kN<\/li>\n<li><strong>Peso:<\/strong> 54g \/ m<\/li>\n<\/ul>\n<p><strong>LSDTube<\/strong><\/p>\n<ul>\n<li><strong>Material:<\/strong> linha tubular de nylon (polyamide, PA)<\/li>\n<li><strong>Largura:<\/strong> 25.5mm<\/li>\n<li><strong>Elasticidade:<\/strong> <strong>18%<\/strong> os 10kN (high-stretch para grandes bounces e surf) | <strong>12.3%<\/strong> aos 5kN | <strong>10.2%<\/strong> aos 4kN | <strong>8.5%<\/strong> aos 3kN | <strong>6.3%<\/strong> aos 2kN (mais usado para highline) | <strong>2.7%<\/strong> aos 1kN<\/li>\n<li><strong>MBS webbing: <\/strong>25kN (Lote 2020: 25.6kN, 26.0kN, 26.1kN)<\/li>\n<li><strong>MBS MainLoops:<\/strong> 18kN+, MBS BackupLoop: 12kN+<\/li>\n<li><strong>Peso<\/strong>: 54g\/m<\/li>\n<\/ul>\n<p><strong>redTube<\/strong><\/p>\n<ul>\n<li>Linha de<strong>Nylon Tubular<\/strong><\/li>\n<li><strong>Extremidades suaves<\/strong><\/li>\n<li><strong>Sewn loops<\/strong> em cada extremidade + 1 <strong>backup-Loop<\/strong><\/li>\n<li><strong>High-stretch para grandes bounces e surfs<\/strong><\/li>\n<li><strong>Elasticidade: 18.6%<\/strong> aos 10kN<strong> | 11.6%<\/strong> aos 5kN<strong> | 9.6%<\/strong> aos 4kN | <strong>6.6%<\/strong> aos 3kN | 3.1% aos 2kN | <strong>1.1%<\/strong> aos 1kN<\/li>\n<li><strong>Minimum Breaking Strength (MBS)<\/strong>: 36kN<\/li>\n<li><strong>EndLoops<\/strong>: <strong>MBS:<\/strong> 30kN<\/li>\n<li><strong>ISA 41 certified<\/strong> in strength class A<\/li>\n<li><strong>Peso:<\/strong> 76g\/m<\/li>\n<\/ul>\n<p><strong>Y2K<\/strong><\/p>\n<ul>\n<li><strong>Peso:<\/strong> 33.1 g\/m<\/li>\n<li><strong>Breaking strength:<\/strong> 34kN<\/li>\n<li><strong>Breaking strength sewn loops:<\/strong> 29kN<\/li>\n<li><strong>T-Loop MBS<\/strong>: 15kN<\/li>\n<li><strong>Material:<\/strong> 50% Polyester \/ 50% UHMWPE<\/li>\n<li><strong>Elasticidade:<\/strong> Cerca de1% @ 10kN<\/li>\n<li><strong>Constru\u00e7\u00e3o de 3 camadas<\/strong>com fibras PES cobrindo e protegendo o interior e as fibras Dyneema<\/li>\n<\/ul>\n<p>Al\u00e9m desses pontos, as precau\u00e7\u00f5es normais de highline devem ser tomadas. Se ainda n\u00e3o \u00e9 um highliner e quer entrar no<a href=\"https:\/\/slacktivity.com\/highline-freestyle-tutorials\/\">highline freestyle<\/a>, certifique-sede que antes frequenta um<a href=\"https:\/\/slacktivity.com\/how-to-get-ready-for-highline\/\">curso<\/a>. Na equipa de atletas do Slacktivity temos a Gaelle Joubert (Fran\u00e7a), o Lukas Irmler (Alemanha) e Samuel Volery (Su\u00ed\u00e7a) que est\u00e3o a dar aulas de highline. Basta enviar uma mensagem <a href=\"https:\/\/slacktivity.com\/how-to-get-ready-for-highline\/\">para saber mais sobre esses cursos.<\/a><\/p>\n","protected":false},"excerpt":{"rendered":"<p>O <strong>Highline Trickzone Pro Setup<\/strong> \u00e9 a escolha perfeita para highline freestylers. Tem uma <strong>trick zone de redTube com 5m<\/strong> no centro, que aumenta a seguran\u00e7a, o conforto e um backup <strong>super seguro e leve de Y2K<\/strong>.<\/p>\n","protected":false},"featured_media":10189,"comment_status":"open","ping_status":"closed","template":"","meta":{"_acf_changed":false,"_joinchat":[]},"product_cat":[513,926,906,897],"product_tag":[912],"class_list":{"0":"post-10266","1":"product","2":"type-product","3":"status-publish","4":"has-post-thumbnail","6":"product_cat-equipamento-de-highline","7":"product_cat-linhas-de-slackline","8":"product_cat-cintas-de-slackline","9":"product_cat-cintas-para-highline","10":"product_tag-slackline-tubular","11":"pa_brand-slacktivity-pt-pt","12":"pa_stretch-high","13":"pa_webbing-material-nylon-pt-pt-2","15":"first","16":"instock","17":"featured","18":"taxable","19":"shipping-taxable","20":"purchasable","21":"product-type-variable","22":"has-default-attributes","swatches":"rey-swatches","show_selected":""},"acf":[],"yoast_head":"<!-- This site is optimized with the Yoast SEO plugin v27.4 - https:\/\/yoast.com\/product\/yoast-seo-wordpress\/ -->\n<title>Highline Trickzone Pro Setup : Ideal para Freestyle | SLACKTIVITY<\/title>\n<meta name=\"description\" content=\"O Highline Trickzone Pro Setup \u00e9 a escolha perfeita para freestylers, possui uma zona de freestyle com 5m de redTube e um backup Y2K super leve.\" \/>\n<meta name=\"robots\" content=\"index, follow, max-snippet:-1, max-image-preview:large, max-video-preview:-1\" \/>\n<link rel=\"canonical\" href=\"https:\/\/slacktivity.com\/pt-pt\/shop\/highline-trickzone-pro-setup-2\/\" \/>\n<meta property=\"og:locale\" content=\"pt_PT\" \/>\n<meta property=\"og:type\" content=\"article\" \/>\n<meta property=\"og:title\" content=\"Highline Trickzone Pro Setup: Ideal para Freestyle | SLACKTIVITY\" \/>\n<meta property=\"og:description\" content=\"A configura\u00e7\u00e3o Highline Trickzone Pro \u00e9 a escolha perfeita para highline freestylers . Possui uma zona de freestyle no meio, com 5m de redTube, que aumenta a seguran\u00e7a e o conforto e um backup Y2K super seguro e leve.\" \/>\n<meta property=\"og:url\" content=\"https:\/\/slacktivity.com\/pt-pt\/shop\/highline-trickzone-pro-setup-2\/\" \/>\n<meta property=\"og:site_name\" content=\"Slacktivity Slacklines International Shop\" \/>\n<meta property=\"article:publisher\" content=\"https:\/\/www.facebook.com\/SLACKTIVITY\/\" \/>\n<meta property=\"article:modified_time\" content=\"2024-04-16T10:21:01+00:00\" \/>\n<meta property=\"og:image\" content=\"https:\/\/slacktivity.com\/wp-content\/uploads\/2022\/07\/highline-trickzone-pro-setup-1-1024x576.jpg\" \/>\n<meta name=\"twitter:card\" content=\"summary_large_image\" \/>\n<meta name=\"twitter:label1\" content=\"Tempo estimado de leitura\" \/>\n\t<meta name=\"twitter:data1\" content=\"4 minutos\" \/>\n<script type=\"application\/ld+json\" class=\"yoast-schema-graph\">{\"@context\":\"https:\\\/\\\/schema.org\",\"@graph\":[{\"@type\":\"WebPage\",\"@id\":\"https:\\\/\\\/slacktivity.com\\\/pt-pt\\\/shop\\\/highline-trickzone-pro-setup-2\\\/\",\"url\":\"https:\\\/\\\/slacktivity.com\\\/pt-pt\\\/shop\\\/highline-trickzone-pro-setup-2\\\/\",\"name\":\"Highline Trickzone Pro Setup : Ideal para Freestyle | SLACKTIVITY\",\"isPartOf\":{\"@id\":\"https:\\\/\\\/slacktivity.com\\\/pt-pt\\\/#website\"},\"primaryImageOfPage\":{\"@id\":\"https:\\\/\\\/slacktivity.com\\\/pt-pt\\\/shop\\\/highline-trickzone-pro-setup-2\\\/#primaryimage\"},\"image\":{\"@id\":\"https:\\\/\\\/slacktivity.com\\\/pt-pt\\\/shop\\\/highline-trickzone-pro-setup-2\\\/#primaryimage\"},\"thumbnailUrl\":\"https:\\\/\\\/slacktivity.com\\\/wp-content\\\/uploads\\\/2022\\\/07\\\/highline-trickzone-pro-setup.jpg\",\"datePublished\":\"2022-07-19T16:01:15+00:00\",\"dateModified\":\"2024-04-16T10:21:01+00:00\",\"description\":\"O Highline Trickzone Pro Setup \u00e9 a escolha perfeita para freestylers, possui uma zona de freestyle com 5m de redTube e um backup Y2K super leve.\",\"breadcrumb\":{\"@id\":\"https:\\\/\\\/slacktivity.com\\\/pt-pt\\\/shop\\\/highline-trickzone-pro-setup-2\\\/#breadcrumb\"},\"inLanguage\":\"pt-PT\",\"potentialAction\":[{\"@type\":\"ReadAction\",\"target\":[\"https:\\\/\\\/slacktivity.com\\\/pt-pt\\\/shop\\\/highline-trickzone-pro-setup-2\\\/\"]}]},{\"@type\":\"ImageObject\",\"inLanguage\":\"pt-PT\",\"@id\":\"https:\\\/\\\/slacktivity.com\\\/pt-pt\\\/shop\\\/highline-trickzone-pro-setup-2\\\/#primaryimage\",\"url\":\"https:\\\/\\\/slacktivity.com\\\/wp-content\\\/uploads\\\/2022\\\/07\\\/highline-trickzone-pro-setup.jpg\",\"contentUrl\":\"https:\\\/\\\/slacktivity.com\\\/wp-content\\\/uploads\\\/2022\\\/07\\\/highline-trickzone-pro-setup.jpg\",\"width\":1180,\"height\":1377,\"caption\":\"highline trickzone pro setup\"},{\"@type\":\"BreadcrumbList\",\"@id\":\"https:\\\/\\\/slacktivity.com\\\/pt-pt\\\/shop\\\/highline-trickzone-pro-setup-2\\\/#breadcrumb\",\"itemListElement\":[{\"@type\":\"ListItem\",\"position\":1,\"name\":\"Home\",\"item\":\"https:\\\/\\\/slacktivity.com\\\/pt-pt\\\/\"},{\"@type\":\"ListItem\",\"position\":2,\"name\":\"loja\",\"item\":\"https:\\\/\\\/slacktivity.com\\\/pt-pt\\\/loja\\\/\"},{\"@type\":\"ListItem\",\"position\":3,\"name\":\"Highline Trickzone Pro Setup\"}]},{\"@type\":\"WebSite\",\"@id\":\"https:\\\/\\\/slacktivity.com\\\/pt-pt\\\/#website\",\"url\":\"https:\\\/\\\/slacktivity.com\\\/pt-pt\\\/\",\"name\":\"Slacktivity Slacklines International Shop\",\"description\":\"Discover the innovative products of Slacktivity. Swiss designed premium slackline gear. Advice from our experts for the best and a safe slackline experience.\",\"publisher\":{\"@id\":\"https:\\\/\\\/slacktivity.com\\\/pt-pt\\\/#organization\"},\"potentialAction\":[{\"@type\":\"SearchAction\",\"target\":{\"@type\":\"EntryPoint\",\"urlTemplate\":\"https:\\\/\\\/slacktivity.com\\\/pt-pt\\\/?s={search_term_string}\"},\"query-input\":{\"@type\":\"PropertyValueSpecification\",\"valueRequired\":true,\"valueName\":\"search_term_string\"}}],\"inLanguage\":\"pt-PT\"},{\"@type\":\"Organization\",\"@id\":\"https:\\\/\\\/slacktivity.com\\\/pt-pt\\\/#organization\",\"name\":\"Slacktivity Slacklines\",\"url\":\"https:\\\/\\\/slacktivity.com\\\/pt-pt\\\/\",\"logo\":{\"@type\":\"ImageObject\",\"inLanguage\":\"pt-PT\",\"@id\":\"https:\\\/\\\/slacktivity.com\\\/pt-pt\\\/#\\\/schema\\\/logo\\\/image\\\/\",\"url\":\"https:\\\/\\\/slacktivity.com\\\/wp-content\\\/uploads\\\/2021\\\/01\\\/slacktivity-slackline-online-shop-1.png\",\"contentUrl\":\"https:\\\/\\\/slacktivity.com\\\/wp-content\\\/uploads\\\/2021\\\/01\\\/slacktivity-slackline-online-shop-1.png\",\"width\":200,\"height\":77,\"caption\":\"Slacktivity Slacklines\"},\"image\":{\"@id\":\"https:\\\/\\\/slacktivity.com\\\/pt-pt\\\/#\\\/schema\\\/logo\\\/image\\\/\"},\"sameAs\":[\"https:\\\/\\\/www.facebook.com\\\/SLACKTIVITY\\\/\",\"https:\\\/\\\/www.instagram.com\\\/slacktivity\\\/\"]}]}<\/script>\n<!-- \/ Yoast SEO plugin. -->","yoast_head_json":{"title":"Highline Trickzone Pro Setup : Ideal para Freestyle | SLACKTIVITY","description":"O Highline Trickzone Pro Setup \u00e9 a escolha perfeita para freestylers, possui uma zona de freestyle com 5m de redTube e um backup Y2K super leve.","robots":{"index":"index","follow":"follow","max-snippet":"max-snippet:-1","max-image-preview":"max-image-preview:large","max-video-preview":"max-video-preview:-1"},"canonical":"https:\/\/slacktivity.com\/pt-pt\/shop\/highline-trickzone-pro-setup-2\/","og_locale":"pt_PT","og_type":"article","og_title":"Highline Trickzone Pro Setup: Ideal para Freestyle | SLACKTIVITY","og_description":"A configura\u00e7\u00e3o Highline Trickzone Pro \u00e9 a escolha perfeita para highline freestylers . Possui uma zona de freestyle no meio, com 5m de redTube, que aumenta a seguran\u00e7a e o conforto e um backup Y2K super seguro e leve.","og_url":"https:\/\/slacktivity.com\/pt-pt\/shop\/highline-trickzone-pro-setup-2\/","og_site_name":"Slacktivity Slacklines International Shop","article_publisher":"https:\/\/www.facebook.com\/SLACKTIVITY\/","article_modified_time":"2024-04-16T10:21:01+00:00","og_image":[{"url":"https:\/\/slacktivity.com\/wp-content\/uploads\/2022\/07\/highline-trickzone-pro-setup-1-1024x576.jpg","type":"","width":"","height":""}],"twitter_card":"summary_large_image","twitter_misc":{"Tempo estimado de leitura":"4 minutos"},"schema":{"@context":"https:\/\/schema.org","@graph":[{"@type":"WebPage","@id":"https:\/\/slacktivity.com\/pt-pt\/shop\/highline-trickzone-pro-setup-2\/","url":"https:\/\/slacktivity.com\/pt-pt\/shop\/highline-trickzone-pro-setup-2\/","name":"Highline Trickzone Pro Setup : Ideal para Freestyle | SLACKTIVITY","isPartOf":{"@id":"https:\/\/slacktivity.com\/pt-pt\/#website"},"primaryImageOfPage":{"@id":"https:\/\/slacktivity.com\/pt-pt\/shop\/highline-trickzone-pro-setup-2\/#primaryimage"},"image":{"@id":"https:\/\/slacktivity.com\/pt-pt\/shop\/highline-trickzone-pro-setup-2\/#primaryimage"},"thumbnailUrl":"https:\/\/slacktivity.com\/wp-content\/uploads\/2022\/07\/highline-trickzone-pro-setup.jpg","datePublished":"2022-07-19T16:01:15+00:00","dateModified":"2024-04-16T10:21:01+00:00","description":"O Highline Trickzone Pro Setup \u00e9 a escolha perfeita para freestylers, possui uma zona de freestyle com 5m de redTube e um backup Y2K super leve.","breadcrumb":{"@id":"https:\/\/slacktivity.com\/pt-pt\/shop\/highline-trickzone-pro-setup-2\/#breadcrumb"},"inLanguage":"pt-PT","potentialAction":[{"@type":"ReadAction","target":["https:\/\/slacktivity.com\/pt-pt\/shop\/highline-trickzone-pro-setup-2\/"]}]},{"@type":"ImageObject","inLanguage":"pt-PT","@id":"https:\/\/slacktivity.com\/pt-pt\/shop\/highline-trickzone-pro-setup-2\/#primaryimage","url":"https:\/\/slacktivity.com\/wp-content\/uploads\/2022\/07\/highline-trickzone-pro-setup.jpg","contentUrl":"https:\/\/slacktivity.com\/wp-content\/uploads\/2022\/07\/highline-trickzone-pro-setup.jpg","width":1180,"height":1377,"caption":"highline trickzone pro setup"},{"@type":"BreadcrumbList","@id":"https:\/\/slacktivity.com\/pt-pt\/shop\/highline-trickzone-pro-setup-2\/#breadcrumb","itemListElement":[{"@type":"ListItem","position":1,"name":"Home","item":"https:\/\/slacktivity.com\/pt-pt\/"},{"@type":"ListItem","position":2,"name":"loja","item":"https:\/\/slacktivity.com\/pt-pt\/loja\/"},{"@type":"ListItem","position":3,"name":"Highline Trickzone Pro Setup"}]},{"@type":"WebSite","@id":"https:\/\/slacktivity.com\/pt-pt\/#website","url":"https:\/\/slacktivity.com\/pt-pt\/","name":"Slacktivity Slacklines International Shop","description":"Discover the innovative products of Slacktivity. Swiss designed premium slackline gear. Advice from our experts for the best and a safe slackline experience.","publisher":{"@id":"https:\/\/slacktivity.com\/pt-pt\/#organization"},"potentialAction":[{"@type":"SearchAction","target":{"@type":"EntryPoint","urlTemplate":"https:\/\/slacktivity.com\/pt-pt\/?s={search_term_string}"},"query-input":{"@type":"PropertyValueSpecification","valueRequired":true,"valueName":"search_term_string"}}],"inLanguage":"pt-PT"},{"@type":"Organization","@id":"https:\/\/slacktivity.com\/pt-pt\/#organization","name":"Slacktivity Slacklines","url":"https:\/\/slacktivity.com\/pt-pt\/","logo":{"@type":"ImageObject","inLanguage":"pt-PT","@id":"https:\/\/slacktivity.com\/pt-pt\/#\/schema\/logo\/image\/","url":"https:\/\/slacktivity.com\/wp-content\/uploads\/2021\/01\/slacktivity-slackline-online-shop-1.png","contentUrl":"https:\/\/slacktivity.com\/wp-content\/uploads\/2021\/01\/slacktivity-slackline-online-shop-1.png","width":200,"height":77,"caption":"Slacktivity Slacklines"},"image":{"@id":"https:\/\/slacktivity.com\/pt-pt\/#\/schema\/logo\/image\/"},"sameAs":["https:\/\/www.facebook.com\/SLACKTIVITY\/","https:\/\/www.instagram.com\/slacktivity\/"]}]}},"_links":{"self":[{"href":"https:\/\/slacktivity.com\/pt-pt\/wp-json\/wp\/v2\/product\/10266","targetHints":{"allow":["GET"]}}],"collection":[{"href":"https:\/\/slacktivity.com\/pt-pt\/wp-json\/wp\/v2\/product"}],"about":[{"href":"https:\/\/slacktivity.com\/pt-pt\/wp-json\/wp\/v2\/types\/product"}],"replies":[{"embeddable":true,"href":"https:\/\/slacktivity.com\/pt-pt\/wp-json\/wp\/v2\/comments?post=10266"}],"wp:featuredmedia":[{"embeddable":true,"href":"https:\/\/slacktivity.com\/pt-pt\/wp-json\/wp\/v2\/media\/10189"}],"wp:attachment":[{"href":"https:\/\/slacktivity.com\/pt-pt\/wp-json\/wp\/v2\/media?parent=10266"}],"wp:term":[{"taxonomy":"product_cat","embeddable":true,"href":"https:\/\/slacktivity.com\/pt-pt\/wp-json\/wp\/v2\/product_cat?post=10266"},{"taxonomy":"product_tag","embeddable":true,"href":"https:\/\/slacktivity.com\/pt-pt\/wp-json\/wp\/v2\/product_tag?post=10266"}],"curies":[{"name":"wp","href":"https:\/\/api.w.org\/{rel}","templated":true}]}}