{"id":11670,"date":"2023-06-23T09:50:28","date_gmt":"2023-06-23T09:50:28","guid":{"rendered":"https:\/\/slacktivity.com\/shop\/type-x-highline-webbing\/"},"modified":"2023-12-01T00:02:25","modified_gmt":"2023-12-01T00:02:25","slug":"type-x-highline-webbing","status":"publish","type":"product","link":"https:\/\/slacktivity.com\/pt-pt\/shop\/type-x-highline-webbing\/","title":{"rendered":"Type X Highline Webbing"},"content":{"rendered":"<p><img decoding=\"async\" class=\" wp-image-5782 alignleft no-lazyload\" src=\"https:\/\/slacktivity.com\/wp-content\/uploads\/2021\/03\/isa-highline-webbing.jpg\" alt=\"isa highline webbing\" width=\"119\" height=\"119\" srcset=\"https:\/\/slacktivity.com\/wp-content\/uploads\/2021\/03\/isa-highline-webbing.jpg 283w, https:\/\/slacktivity.com\/wp-content\/uploads\/2021\/03\/isa-highline-webbing-100x100.jpg 100w, https:\/\/slacktivity.com\/wp-content\/uploads\/2021\/03\/isa-highline-webbing-150x150.jpg 150w\" sizes=\"(max-width: 119px) 100vw, 119px\" \/>A <strong>Type X highline webbing<\/strong>, \u00e9 um conjunto de <strong>duas linhas unidas no meio<\/strong>, uma para ser usada como <strong>main line<\/strong> e outra como <strong>backup line<\/strong>. Esta configura\u00e7\u00e3o cria um setup fant\u00e1stico e, ao mesmo tempo, <strong>simples e seguro<\/strong>, perfeito para freestyle.<\/p>\n<p>\u00c9 importante ter em conta que as linhas Type X s\u00e3o <strong>adequadas apenas para highline<\/strong> e n\u00e3o para montagem em parques ou ao n\u00edvel do solo. E como n\u00e3o poderia deixar de ser, estes sets s\u00e3o <strong>certificados pela ISA para uso em highlines<\/strong>.<\/p>\n<h2>Vers\u00f5es da Type X Highline Webbing:<\/h2>\n<h4>pinkTube X LSD<\/h4>\n<p>A pinkTube \u00e9 linha de highline por excel\u00eancia. E, recentemente, a LSDTube tem-se vindo a tornar cada vez mais popular entre a comunidade de freestyle. A vers\u00e3o pinkTube X LSD combina as duas linhas \u2013 Em cada sess\u00e3o <strong>podes escolher entre usar uma ou outra como main line<\/strong>. Esta vers\u00e3o da Type X est\u00e1 dispon\u00edvel em dois comprimentos: <strong>80m e 100m<\/strong>. Qualquer uma delas tem o mesmo tamanho. As quatro <strong>extremidades possuem endloops,<\/strong> permitindo que sejam conectadas a a mais sec\u00e7\u00f5es de slackline. Para que o backup seja longo o suficiente, temos uma <a href=\"https:\/\/slacktivity.com\/shop\/highline-backup-extender\/\">extens\u00e3o de 9m (<\/a>n\u00e3o inclu\u00edda) que pode ser anexada ao end loop com quicklinksMaillon Rapide, de 8mm.<\/p>\n<h4>pinkTube X PES<\/h4>\n<p>Nesta vers\u00e3o a pinkTube \u00e9 a mainline e o <strong>backup \u00e9 um linha de polyester de 95m<\/strong> com um peso de apenas 43g\/m, o que torna o setup extraordin\u00e1rio para freestyle. O backup n\u00e3o tem endloops.<\/p>\n<h3>Especifica\u00e7\u00f5es da Type X<\/h3>\n<h4>pinkTube<\/h4>\n<ul>\n<li><strong>Material:<\/strong> Slackline tubular de nylon<\/li>\n<li><strong>Largura:<\/strong> 26mm<\/li>\n<li><strong>Elasticidade:<\/strong> 22.6%a 10kN | 1kN: 1.6% , 2kN: 6.6% , 3kN: 10.6% , 4kN: 13.3% , 5kN: 15.4%<\/li>\n<li><strong>ISA Highline Webbing Strength Class:<\/strong> C<\/li>\n<li><strong>MBS (Minimum Breaking Strength)<\/strong> \u2013 Lote 2020: 25.6kN<\/li>\n<li><strong>MBS main loop (Lote 2020):<\/strong> 23.1kN<\/li>\n<li><strong>MBS backup loop (lote 2020):<\/strong> 16.0kN<\/li>\n<li><strong>MBS X-Connection:<\/strong> 12+kN<\/li>\n<li><strong>Peso:<\/strong> 54g \/ m<\/li>\n<\/ul>\n<h4>LSDTube<\/h4>\n<ul>\n<li><strong>Material:<\/strong> Nylon<\/li>\n<li><strong>Largura:<\/strong> 26mm<\/li>\n<li><strong>Elasticidade:<\/strong> 18.0% at 10kN | 1kN: 2.7% , 2kN: 6.3% , 3kN: 8.5% , 4kN: 10.2% , 5kN: 12.3%<\/li>\n<li><strong>MBS:<\/strong> 25+kN<\/li>\n<li><strong>MBS end loops:<\/strong> 18+kN<\/li>\n<li><strong>MBS X Connection:<\/strong> 12+kN<\/li>\n<li><strong>Peso:<\/strong> 54g\/m<\/li>\n<\/ul>\n<h4>Type-X PES Backup<\/h4>\n<ul>\n<li><strong>Material:<\/strong> polyester<\/li>\n<li><strong>Peso:<\/strong> 43g\/m<\/li>\n<li><strong>MBS:<\/strong> 18+kN<\/li>\n<li><strong>MBS end loops:<\/strong> 18+kN<\/li>\n<li><strong>MBS X Connection:<\/strong> 12+kN<\/li>\n<\/ul>\n<h4>Backup Highline Extender<\/h4>\n<ul>\n<li>O backup extender \u00e9 um segmento de pinkTube com 9m (em preto) com um endloop em cada ponta. Este \u00e9 comprimento necess\u00e1rio para estender um backup de uma Type X de 80m\/100m, numa das extremidades.<\/li>\n<\/ul>\n<p><strong>Nota sobre dura\u00e7\u00e3o:<\/strong> a PinkTube e a LSDTube devem deixar de ser usadas para highline ao fim de 180 dias de uso. Dias de uso tamb\u00e9m s\u00e3o aqueles dias em que a linha \u00e9 simplesmente montada, exposta ao vento e \u00e0s intemp\u00e9ries, mesmo que ningu\u00e9m ande na linha. Uma forte perda de cor acontece pela radia\u00e7\u00e3o UV. A perda significativa de cor e a rigidez da linha s\u00e3o sinal de que \u00e9 altura de parar de utilizar a pinkTube em highlines. Nessas condi\u00e7\u00f5es n\u00e3o dever\u00e1 sequer ser usada em longlines com grandes tens\u00f5es. Recomendamos continuar a usar essas linhas para slacklines sem qualquer tens\u00e3o, por ex. para rodeolines, no parque ou em um apartamento.<\/p>\n<p>Antes de usar este produto, leia com aten\u00e7\u00e3o e compreenda as instru\u00e7\u00f5es de uso (PDF para download).<\/p>\n","protected":false},"excerpt":{"rendered":"<p>A Type X highline webbing combina 2 linhas unidas no meio, pinkTube com LSDTube ou pinkTube com um backup de polyester. Certificada pela ISA e aprovada pela comunidade, \u00e9 uma must-have para qualquer freestyler.<\/p>\n","protected":false},"featured_media":10050,"comment_status":"open","ping_status":"closed","template":"","meta":{"_acf_changed":false,"_joinchat":[]},"product_cat":[514,513,897],"product_tag":[553,552,910,912],"class_list":{"0":"post-11670","1":"product","2":"type-product","3":"status-publish","4":"has-post-thumbnail","6":"product_cat-certificado-pela-isa","7":"product_cat-equipamento-de-highline","8":"product_cat-cintas-para-highline","9":"product_tag-equipamento-certificado-pela-isa","10":"product_tag-highline","11":"product_tag-nylon-pt-pt-2","12":"product_tag-slackline-tubular","13":"pa_brand-slacktivity-pt-pt","14":"pa_stretch-high","15":"pa_webbing-material-nylon-pt-pt-2","17":"first","18":"instock","19":"featured","20":"taxable","21":"shipping-taxable","22":"purchasable","23":"product-type-variable","24":"has-default-attributes","swatches":"rey-swatches","show_selected":""},"acf":[],"yoast_head":"<!-- This site is optimized with the Yoast SEO plugin v27.4 - https:\/\/yoast.com\/product\/yoast-seo-wordpress\/ -->\n<title>Type X Highline Webbing - Para Freestyle | Slacktivity<\/title>\n<meta name=\"description\" content=\"A Type X highline webbing, \u00e9 um conjunto de duas linhas unidas no meio, com pinkTube ou LSDTube, as preferidas da maior parte dos freestylers\" \/>\n<meta name=\"robots\" content=\"index, follow, max-snippet:-1, max-image-preview:large, max-video-preview:-1\" \/>\n<link rel=\"canonical\" href=\"https:\/\/slacktivity.com\/pt-pt\/shop\/type-x-highline-webbing\/\" \/>\n<meta property=\"og:locale\" content=\"pt_PT\" \/>\n<meta property=\"og:type\" content=\"article\" \/>\n<meta property=\"og:title\" content=\"Type X Highline Freestyle Webbing | SLACKTIVITY\" \/>\n<meta property=\"og:description\" content=\"Escolhe a combina\u00e7\u00e3o PinkTube + LSDTube e usa qualquer uma delas como main, ou escolhe a PinkTube + PES se queres um set mais leve.\" \/>\n<meta property=\"og:url\" content=\"https:\/\/slacktivity.com\/pt-pt\/shop\/type-x-highline-webbing\/\" \/>\n<meta property=\"og:site_name\" content=\"Slacktivity Slacklines International Shop\" \/>\n<meta property=\"article:publisher\" content=\"https:\/\/www.facebook.com\/SLACKTIVITY\/\" \/>\n<meta property=\"article:modified_time\" content=\"2023-12-01T00:02:25+00:00\" \/>\n<meta property=\"og:image\" content=\"https:\/\/slacktivity.com\/wp-content\/uploads\/2023\/02\/type-x-highline-webbing-1024x576.jpg\" \/>\n<meta name=\"twitter:card\" content=\"summary_large_image\" \/>\n<meta name=\"twitter:label1\" content=\"Tempo estimado de leitura\" \/>\n\t<meta name=\"twitter:data1\" content=\"3 minutos\" \/>\n<script type=\"application\/ld+json\" class=\"yoast-schema-graph\">{\"@context\":\"https:\\\/\\\/schema.org\",\"@graph\":[{\"@type\":\"WebPage\",\"@id\":\"https:\\\/\\\/slacktivity.com\\\/pt-pt\\\/shop\\\/type-x-highline-webbing\\\/\",\"url\":\"https:\\\/\\\/slacktivity.com\\\/pt-pt\\\/shop\\\/type-x-highline-webbing\\\/\",\"name\":\"Type X Highline Webbing - Para Freestyle | Slacktivity\",\"isPartOf\":{\"@id\":\"https:\\\/\\\/slacktivity.com\\\/pt-pt\\\/#website\"},\"primaryImageOfPage\":{\"@id\":\"https:\\\/\\\/slacktivity.com\\\/pt-pt\\\/shop\\\/type-x-highline-webbing\\\/#primaryimage\"},\"image\":{\"@id\":\"https:\\\/\\\/slacktivity.com\\\/pt-pt\\\/shop\\\/type-x-highline-webbing\\\/#primaryimage\"},\"thumbnailUrl\":\"https:\\\/\\\/slacktivity.com\\\/wp-content\\\/uploads\\\/2022\\\/04\\\/lsd-pinktube-type-x-highline-webbing.jpg\",\"datePublished\":\"2023-06-23T09:50:28+00:00\",\"dateModified\":\"2023-12-01T00:02:25+00:00\",\"description\":\"A Type X highline webbing, \u00e9 um conjunto de duas linhas unidas no meio, com pinkTube ou LSDTube, as preferidas da maior parte dos freestylers\",\"breadcrumb\":{\"@id\":\"https:\\\/\\\/slacktivity.com\\\/pt-pt\\\/shop\\\/type-x-highline-webbing\\\/#breadcrumb\"},\"inLanguage\":\"pt-PT\",\"potentialAction\":[{\"@type\":\"ReadAction\",\"target\":[\"https:\\\/\\\/slacktivity.com\\\/pt-pt\\\/shop\\\/type-x-highline-webbing\\\/\"]}]},{\"@type\":\"ImageObject\",\"inLanguage\":\"pt-PT\",\"@id\":\"https:\\\/\\\/slacktivity.com\\\/pt-pt\\\/shop\\\/type-x-highline-webbing\\\/#primaryimage\",\"url\":\"https:\\\/\\\/slacktivity.com\\\/wp-content\\\/uploads\\\/2022\\\/04\\\/lsd-pinktube-type-x-highline-webbing.jpg\",\"contentUrl\":\"https:\\\/\\\/slacktivity.com\\\/wp-content\\\/uploads\\\/2022\\\/04\\\/lsd-pinktube-type-x-highline-webbing.jpg\",\"width\":1180,\"height\":1377,\"caption\":\"lsd pinktube type x highline webbing\"},{\"@type\":\"BreadcrumbList\",\"@id\":\"https:\\\/\\\/slacktivity.com\\\/pt-pt\\\/shop\\\/type-x-highline-webbing\\\/#breadcrumb\",\"itemListElement\":[{\"@type\":\"ListItem\",\"position\":1,\"name\":\"Home\",\"item\":\"https:\\\/\\\/slacktivity.com\\\/pt-pt\\\/\"},{\"@type\":\"ListItem\",\"position\":2,\"name\":\"loja\",\"item\":\"https:\\\/\\\/slacktivity.com\\\/pt-pt\\\/loja\\\/\"},{\"@type\":\"ListItem\",\"position\":3,\"name\":\"Type X Highline Webbing\"}]},{\"@type\":\"WebSite\",\"@id\":\"https:\\\/\\\/slacktivity.com\\\/pt-pt\\\/#website\",\"url\":\"https:\\\/\\\/slacktivity.com\\\/pt-pt\\\/\",\"name\":\"Slacktivity Slacklines International Shop\",\"description\":\"Discover the innovative products of Slacktivity. Swiss designed premium slackline gear. Advice from our experts for the best and a safe slackline experience.\",\"publisher\":{\"@id\":\"https:\\\/\\\/slacktivity.com\\\/pt-pt\\\/#organization\"},\"potentialAction\":[{\"@type\":\"SearchAction\",\"target\":{\"@type\":\"EntryPoint\",\"urlTemplate\":\"https:\\\/\\\/slacktivity.com\\\/pt-pt\\\/?s={search_term_string}\"},\"query-input\":{\"@type\":\"PropertyValueSpecification\",\"valueRequired\":true,\"valueName\":\"search_term_string\"}}],\"inLanguage\":\"pt-PT\"},{\"@type\":\"Organization\",\"@id\":\"https:\\\/\\\/slacktivity.com\\\/pt-pt\\\/#organization\",\"name\":\"Slacktivity Slacklines\",\"url\":\"https:\\\/\\\/slacktivity.com\\\/pt-pt\\\/\",\"logo\":{\"@type\":\"ImageObject\",\"inLanguage\":\"pt-PT\",\"@id\":\"https:\\\/\\\/slacktivity.com\\\/pt-pt\\\/#\\\/schema\\\/logo\\\/image\\\/\",\"url\":\"https:\\\/\\\/slacktivity.com\\\/wp-content\\\/uploads\\\/2021\\\/01\\\/slacktivity-slackline-online-shop-1.png\",\"contentUrl\":\"https:\\\/\\\/slacktivity.com\\\/wp-content\\\/uploads\\\/2021\\\/01\\\/slacktivity-slackline-online-shop-1.png\",\"width\":200,\"height\":77,\"caption\":\"Slacktivity Slacklines\"},\"image\":{\"@id\":\"https:\\\/\\\/slacktivity.com\\\/pt-pt\\\/#\\\/schema\\\/logo\\\/image\\\/\"},\"sameAs\":[\"https:\\\/\\\/www.facebook.com\\\/SLACKTIVITY\\\/\",\"https:\\\/\\\/www.instagram.com\\\/slacktivity\\\/\"]}]}<\/script>\n<!-- \/ Yoast SEO plugin. -->","yoast_head_json":{"title":"Type X Highline Webbing - Para Freestyle | Slacktivity","description":"A Type X highline webbing, \u00e9 um conjunto de duas linhas unidas no meio, com pinkTube ou LSDTube, as preferidas da maior parte dos freestylers","robots":{"index":"index","follow":"follow","max-snippet":"max-snippet:-1","max-image-preview":"max-image-preview:large","max-video-preview":"max-video-preview:-1"},"canonical":"https:\/\/slacktivity.com\/pt-pt\/shop\/type-x-highline-webbing\/","og_locale":"pt_PT","og_type":"article","og_title":"Type X Highline Freestyle Webbing | SLACKTIVITY","og_description":"Escolhe a combina\u00e7\u00e3o PinkTube + LSDTube e usa qualquer uma delas como main, ou escolhe a PinkTube + PES se queres um set mais leve.","og_url":"https:\/\/slacktivity.com\/pt-pt\/shop\/type-x-highline-webbing\/","og_site_name":"Slacktivity Slacklines International Shop","article_publisher":"https:\/\/www.facebook.com\/SLACKTIVITY\/","article_modified_time":"2023-12-01T00:02:25+00:00","og_image":[{"url":"https:\/\/slacktivity.com\/wp-content\/uploads\/2023\/02\/type-x-highline-webbing-1024x576.jpg","type":"","width":"","height":""}],"twitter_card":"summary_large_image","twitter_misc":{"Tempo estimado de leitura":"3 minutos"},"schema":{"@context":"https:\/\/schema.org","@graph":[{"@type":"WebPage","@id":"https:\/\/slacktivity.com\/pt-pt\/shop\/type-x-highline-webbing\/","url":"https:\/\/slacktivity.com\/pt-pt\/shop\/type-x-highline-webbing\/","name":"Type X Highline Webbing - Para Freestyle | Slacktivity","isPartOf":{"@id":"https:\/\/slacktivity.com\/pt-pt\/#website"},"primaryImageOfPage":{"@id":"https:\/\/slacktivity.com\/pt-pt\/shop\/type-x-highline-webbing\/#primaryimage"},"image":{"@id":"https:\/\/slacktivity.com\/pt-pt\/shop\/type-x-highline-webbing\/#primaryimage"},"thumbnailUrl":"https:\/\/slacktivity.com\/wp-content\/uploads\/2022\/04\/lsd-pinktube-type-x-highline-webbing.jpg","datePublished":"2023-06-23T09:50:28+00:00","dateModified":"2023-12-01T00:02:25+00:00","description":"A Type X highline webbing, \u00e9 um conjunto de duas linhas unidas no meio, com pinkTube ou LSDTube, as preferidas da maior parte dos freestylers","breadcrumb":{"@id":"https:\/\/slacktivity.com\/pt-pt\/shop\/type-x-highline-webbing\/#breadcrumb"},"inLanguage":"pt-PT","potentialAction":[{"@type":"ReadAction","target":["https:\/\/slacktivity.com\/pt-pt\/shop\/type-x-highline-webbing\/"]}]},{"@type":"ImageObject","inLanguage":"pt-PT","@id":"https:\/\/slacktivity.com\/pt-pt\/shop\/type-x-highline-webbing\/#primaryimage","url":"https:\/\/slacktivity.com\/wp-content\/uploads\/2022\/04\/lsd-pinktube-type-x-highline-webbing.jpg","contentUrl":"https:\/\/slacktivity.com\/wp-content\/uploads\/2022\/04\/lsd-pinktube-type-x-highline-webbing.jpg","width":1180,"height":1377,"caption":"lsd pinktube type x highline webbing"},{"@type":"BreadcrumbList","@id":"https:\/\/slacktivity.com\/pt-pt\/shop\/type-x-highline-webbing\/#breadcrumb","itemListElement":[{"@type":"ListItem","position":1,"name":"Home","item":"https:\/\/slacktivity.com\/pt-pt\/"},{"@type":"ListItem","position":2,"name":"loja","item":"https:\/\/slacktivity.com\/pt-pt\/loja\/"},{"@type":"ListItem","position":3,"name":"Type X Highline Webbing"}]},{"@type":"WebSite","@id":"https:\/\/slacktivity.com\/pt-pt\/#website","url":"https:\/\/slacktivity.com\/pt-pt\/","name":"Slacktivity Slacklines International Shop","description":"Discover the innovative products of Slacktivity. Swiss designed premium slackline gear. Advice from our experts for the best and a safe slackline experience.","publisher":{"@id":"https:\/\/slacktivity.com\/pt-pt\/#organization"},"potentialAction":[{"@type":"SearchAction","target":{"@type":"EntryPoint","urlTemplate":"https:\/\/slacktivity.com\/pt-pt\/?s={search_term_string}"},"query-input":{"@type":"PropertyValueSpecification","valueRequired":true,"valueName":"search_term_string"}}],"inLanguage":"pt-PT"},{"@type":"Organization","@id":"https:\/\/slacktivity.com\/pt-pt\/#organization","name":"Slacktivity Slacklines","url":"https:\/\/slacktivity.com\/pt-pt\/","logo":{"@type":"ImageObject","inLanguage":"pt-PT","@id":"https:\/\/slacktivity.com\/pt-pt\/#\/schema\/logo\/image\/","url":"https:\/\/slacktivity.com\/wp-content\/uploads\/2021\/01\/slacktivity-slackline-online-shop-1.png","contentUrl":"https:\/\/slacktivity.com\/wp-content\/uploads\/2021\/01\/slacktivity-slackline-online-shop-1.png","width":200,"height":77,"caption":"Slacktivity Slacklines"},"image":{"@id":"https:\/\/slacktivity.com\/pt-pt\/#\/schema\/logo\/image\/"},"sameAs":["https:\/\/www.facebook.com\/SLACKTIVITY\/","https:\/\/www.instagram.com\/slacktivity\/"]}]}},"_links":{"self":[{"href":"https:\/\/slacktivity.com\/pt-pt\/wp-json\/wp\/v2\/product\/11670","targetHints":{"allow":["GET"]}}],"collection":[{"href":"https:\/\/slacktivity.com\/pt-pt\/wp-json\/wp\/v2\/product"}],"about":[{"href":"https:\/\/slacktivity.com\/pt-pt\/wp-json\/wp\/v2\/types\/product"}],"replies":[{"embeddable":true,"href":"https:\/\/slacktivity.com\/pt-pt\/wp-json\/wp\/v2\/comments?post=11670"}],"wp:featuredmedia":[{"embeddable":true,"href":"https:\/\/slacktivity.com\/pt-pt\/wp-json\/wp\/v2\/media\/10050"}],"wp:attachment":[{"href":"https:\/\/slacktivity.com\/pt-pt\/wp-json\/wp\/v2\/media?parent=11670"}],"wp:term":[{"taxonomy":"product_cat","embeddable":true,"href":"https:\/\/slacktivity.com\/pt-pt\/wp-json\/wp\/v2\/product_cat?post=11670"},{"taxonomy":"product_tag","embeddable":true,"href":"https:\/\/slacktivity.com\/pt-pt\/wp-json\/wp\/v2\/product_tag?post=11670"}],"curies":[{"name":"wp","href":"https:\/\/api.w.org\/{rel}","templated":true}]}}