{"id":11674,"date":"2021-03-03T12:58:36","date_gmt":"2023-04-12T14:12:49","guid":{"rendered":"https:\/\/slacktivity.com\/shop\/highline-backup-extender\/"},"modified":"2023-04-12T14:12:49","modified_gmt":"2023-04-12T14:12:49","slug":"highline-backup-extender","status":"publish","type":"product","link":"https:\/\/slacktivity.com\/pt-pt\/shop\/highline-backup-extender\/","title":{"rendered":"Highline Backup Extender"},"content":{"rendered":"<p>O Highline backup extender da Slacktivity \u00e9 uma pinkTube preta de 9m, com endloops nas pontas. Este \u00e9 comprimento necess\u00e1rio para estender um backup de uma Type X <a href=\"https:\/\/slacktivity.com\/shop\/pinktube-slackline-tubular-webbing\/\">pinkTube<\/a> + <a href=\"https:\/\/slacktivity.com\/shop\/lsdtube-webbing\/\">LSDTube<\/a>, de 80m\/100m, numa das extremidades.<\/p>\n<p>Para conectar o Extender ao backup deve-se usar um quicklink.<\/p>\n<h2>Especifica\u00e7\u00f5es do Highline Backup Extender<\/h2>\n<ul>\n<li><strong>Material:<\/strong> Slackline tubular de nylon<\/li>\n<li><strong>Largura:<\/strong> 26mm<\/li>\n<li><strong>Elasticidade:<\/strong> <strong>22.6%<\/strong>a 10kN | 1kN: <strong>1.6%<\/strong> , 2kN: <strong>6.6%<\/strong> , 3kN: <strong>10.6%<\/strong> , 4kN: <strong>13.3%<\/strong> , 5kN: <strong>15.4%<\/strong><\/li>\n<li><strong>MBS (Minimum Breaking Strength) &#8211; <\/strong><strong>Lote 2020<\/strong>: 25.6kN<\/li>\n<li class=\"fproduct\"><strong>MBS loop (batch 2020):<\/strong> 23.1kN<\/li>\n<li><strong>Peso<\/strong>: 54g\/m<\/li>\n<\/ul>\n","protected":false},"excerpt":{"rendered":"<p>O Highline backup extender \u00e9 uma pinkTube de 9m, em preto, com endloops nas pontas.<\/p>\n","protected":false},"featured_media":13365,"comment_status":"open","ping_status":"closed","template":"","meta":{"_acf_changed":false,"_joinchat":[]},"product_cat":[513,926,897],"product_tag":[552,910,912],"class_list":{"0":"post-11674","1":"product","2":"type-product","3":"status-publish","4":"has-post-thumbnail","6":"product_cat-equipamento-de-highline","7":"product_cat-linhas-de-slackline","8":"product_cat-cintas-para-highline","9":"product_tag-highline","10":"product_tag-nylon-pt-pt-2","11":"product_tag-slackline-tubular","12":"pa_brand-slacktivity-pt-pt","13":"pa_stretch-high","14":"pa_webbing-material-nylon-pt-pt-2","16":"first","17":"instock","18":"taxable","19":"shipping-taxable","20":"purchasable","21":"product-type-simple","swatches":"rey-swatches","show_selected":""},"acf":[],"yoast_head":"<!-- This site is optimized with the Yoast SEO plugin v27.4 - https:\/\/yoast.com\/product\/yoast-seo-wordpress\/ -->\n<title>Highline Backup Extender - pinkTube preta de 9m | Slacktivity<\/title>\n<meta name=\"description\" content=\"O Highline backup extender \u00e9 uma pinkTube preta de 9m, com endloops nas pontas. O comprimento necess\u00e1rio para aumentar o backup da Type X.\" \/>\n<meta name=\"robots\" content=\"index, follow, max-snippet:-1, max-image-preview:large, max-video-preview:-1\" \/>\n<link rel=\"canonical\" href=\"https:\/\/slacktivity.com\/pt-pt\/shop\/highline-backup-extender\/\" \/>\n<meta property=\"og:locale\" content=\"pt_PT\" \/>\n<meta property=\"og:type\" content=\"article\" \/>\n<meta property=\"og:title\" content=\"Highline Backup Extender - pinkTube preta de 9m | Slacktivity\" \/>\n<meta property=\"og:description\" content=\"O Highline backup extender \u00e9 uma pinkTube preta de 9m, com endloops nas pontas. O comprimento necess\u00e1rio para aumentar o backup da Type X.\" \/>\n<meta property=\"og:url\" content=\"https:\/\/slacktivity.com\/pt-pt\/shop\/highline-backup-extender\/\" \/>\n<meta property=\"og:site_name\" content=\"Slacktivity Slacklines International Shop\" \/>\n<meta property=\"article:publisher\" content=\"https:\/\/www.facebook.com\/SLACKTIVITY\/\" \/>\n<meta property=\"og:image\" content=\"https:\/\/slacktivity.com\/wp-content\/uploads\/2022\/02\/highline-backup-extender.jpg\" \/>\n\t<meta property=\"og:image:width\" content=\"1180\" \/>\n\t<meta property=\"og:image:height\" content=\"1377\" \/>\n\t<meta property=\"og:image:type\" content=\"image\/jpeg\" \/>\n<meta name=\"twitter:card\" content=\"summary_large_image\" \/>\n<script type=\"application\/ld+json\" class=\"yoast-schema-graph\">{\"@context\":\"https:\\\/\\\/schema.org\",\"@graph\":[{\"@type\":\"WebPage\",\"@id\":\"https:\\\/\\\/slacktivity.com\\\/pt-pt\\\/shop\\\/highline-backup-extender\\\/\",\"url\":\"https:\\\/\\\/slacktivity.com\\\/pt-pt\\\/shop\\\/highline-backup-extender\\\/\",\"name\":\"Highline Backup Extender - pinkTube preta de 9m | Slacktivity\",\"isPartOf\":{\"@id\":\"https:\\\/\\\/slacktivity.com\\\/pt-pt\\\/#website\"},\"primaryImageOfPage\":{\"@id\":\"https:\\\/\\\/slacktivity.com\\\/pt-pt\\\/shop\\\/highline-backup-extender\\\/#primaryimage\"},\"image\":{\"@id\":\"https:\\\/\\\/slacktivity.com\\\/pt-pt\\\/shop\\\/highline-backup-extender\\\/#primaryimage\"},\"thumbnailUrl\":\"https:\\\/\\\/slacktivity.com\\\/wp-content\\\/uploads\\\/2021\\\/03\\\/highline-backup-extender-1.jpg\",\"datePublished\":\"2023-04-12T14:12:49+00:00\",\"description\":\"O Highline backup extender \u00e9 uma pinkTube preta de 9m, com endloops nas pontas. O comprimento necess\u00e1rio para aumentar o backup da Type X.\",\"breadcrumb\":{\"@id\":\"https:\\\/\\\/slacktivity.com\\\/pt-pt\\\/shop\\\/highline-backup-extender\\\/#breadcrumb\"},\"inLanguage\":\"pt-PT\",\"potentialAction\":[{\"@type\":\"ReadAction\",\"target\":[\"https:\\\/\\\/slacktivity.com\\\/pt-pt\\\/shop\\\/highline-backup-extender\\\/\"]}]},{\"@type\":\"ImageObject\",\"inLanguage\":\"pt-PT\",\"@id\":\"https:\\\/\\\/slacktivity.com\\\/pt-pt\\\/shop\\\/highline-backup-extender\\\/#primaryimage\",\"url\":\"https:\\\/\\\/slacktivity.com\\\/wp-content\\\/uploads\\\/2021\\\/03\\\/highline-backup-extender-1.jpg\",\"contentUrl\":\"https:\\\/\\\/slacktivity.com\\\/wp-content\\\/uploads\\\/2021\\\/03\\\/highline-backup-extender-1.jpg\",\"width\":1180,\"height\":1377,\"caption\":\"Created with GIMP\"},{\"@type\":\"BreadcrumbList\",\"@id\":\"https:\\\/\\\/slacktivity.com\\\/pt-pt\\\/shop\\\/highline-backup-extender\\\/#breadcrumb\",\"itemListElement\":[{\"@type\":\"ListItem\",\"position\":1,\"name\":\"Home\",\"item\":\"https:\\\/\\\/slacktivity.com\\\/pt-pt\\\/\"},{\"@type\":\"ListItem\",\"position\":2,\"name\":\"loja\",\"item\":\"https:\\\/\\\/slacktivity.com\\\/pt-pt\\\/loja\\\/\"},{\"@type\":\"ListItem\",\"position\":3,\"name\":\"Highline Backup Extender\"}]},{\"@type\":\"WebSite\",\"@id\":\"https:\\\/\\\/slacktivity.com\\\/pt-pt\\\/#website\",\"url\":\"https:\\\/\\\/slacktivity.com\\\/pt-pt\\\/\",\"name\":\"Slacktivity Slacklines International Shop\",\"description\":\"Discover the innovative products of Slacktivity. Swiss designed premium slackline gear. Advice from our experts for the best and a safe slackline experience.\",\"publisher\":{\"@id\":\"https:\\\/\\\/slacktivity.com\\\/pt-pt\\\/#organization\"},\"potentialAction\":[{\"@type\":\"SearchAction\",\"target\":{\"@type\":\"EntryPoint\",\"urlTemplate\":\"https:\\\/\\\/slacktivity.com\\\/pt-pt\\\/?s={search_term_string}\"},\"query-input\":{\"@type\":\"PropertyValueSpecification\",\"valueRequired\":true,\"valueName\":\"search_term_string\"}}],\"inLanguage\":\"pt-PT\"},{\"@type\":\"Organization\",\"@id\":\"https:\\\/\\\/slacktivity.com\\\/pt-pt\\\/#organization\",\"name\":\"Slacktivity Slacklines\",\"url\":\"https:\\\/\\\/slacktivity.com\\\/pt-pt\\\/\",\"logo\":{\"@type\":\"ImageObject\",\"inLanguage\":\"pt-PT\",\"@id\":\"https:\\\/\\\/slacktivity.com\\\/pt-pt\\\/#\\\/schema\\\/logo\\\/image\\\/\",\"url\":\"https:\\\/\\\/slacktivity.com\\\/wp-content\\\/uploads\\\/2021\\\/01\\\/slacktivity-slackline-online-shop-1.png\",\"contentUrl\":\"https:\\\/\\\/slacktivity.com\\\/wp-content\\\/uploads\\\/2021\\\/01\\\/slacktivity-slackline-online-shop-1.png\",\"width\":200,\"height\":77,\"caption\":\"Slacktivity Slacklines\"},\"image\":{\"@id\":\"https:\\\/\\\/slacktivity.com\\\/pt-pt\\\/#\\\/schema\\\/logo\\\/image\\\/\"},\"sameAs\":[\"https:\\\/\\\/www.facebook.com\\\/SLACKTIVITY\\\/\",\"https:\\\/\\\/www.instagram.com\\\/slacktivity\\\/\"]}]}<\/script>\n<!-- \/ Yoast SEO plugin. -->","yoast_head_json":{"title":"Highline Backup Extender - pinkTube preta de 9m | Slacktivity","description":"O Highline backup extender \u00e9 uma pinkTube preta de 9m, com endloops nas pontas. O comprimento necess\u00e1rio para aumentar o backup da Type X.","robots":{"index":"index","follow":"follow","max-snippet":"max-snippet:-1","max-image-preview":"max-image-preview:large","max-video-preview":"max-video-preview:-1"},"canonical":"https:\/\/slacktivity.com\/pt-pt\/shop\/highline-backup-extender\/","og_locale":"pt_PT","og_type":"article","og_title":"Highline Backup Extender - pinkTube preta de 9m | Slacktivity","og_description":"O Highline backup extender \u00e9 uma pinkTube preta de 9m, com endloops nas pontas. O comprimento necess\u00e1rio para aumentar o backup da Type X.","og_url":"https:\/\/slacktivity.com\/pt-pt\/shop\/highline-backup-extender\/","og_site_name":"Slacktivity Slacklines International Shop","article_publisher":"https:\/\/www.facebook.com\/SLACKTIVITY\/","og_image":[{"width":1180,"height":1377,"url":"https:\/\/slacktivity.com\/wp-content\/uploads\/2022\/02\/highline-backup-extender.jpg","type":"image\/jpeg"}],"twitter_card":"summary_large_image","schema":{"@context":"https:\/\/schema.org","@graph":[{"@type":"WebPage","@id":"https:\/\/slacktivity.com\/pt-pt\/shop\/highline-backup-extender\/","url":"https:\/\/slacktivity.com\/pt-pt\/shop\/highline-backup-extender\/","name":"Highline Backup Extender - pinkTube preta de 9m | Slacktivity","isPartOf":{"@id":"https:\/\/slacktivity.com\/pt-pt\/#website"},"primaryImageOfPage":{"@id":"https:\/\/slacktivity.com\/pt-pt\/shop\/highline-backup-extender\/#primaryimage"},"image":{"@id":"https:\/\/slacktivity.com\/pt-pt\/shop\/highline-backup-extender\/#primaryimage"},"thumbnailUrl":"https:\/\/slacktivity.com\/wp-content\/uploads\/2021\/03\/highline-backup-extender-1.jpg","datePublished":"2023-04-12T14:12:49+00:00","description":"O Highline backup extender \u00e9 uma pinkTube preta de 9m, com endloops nas pontas. O comprimento necess\u00e1rio para aumentar o backup da Type X.","breadcrumb":{"@id":"https:\/\/slacktivity.com\/pt-pt\/shop\/highline-backup-extender\/#breadcrumb"},"inLanguage":"pt-PT","potentialAction":[{"@type":"ReadAction","target":["https:\/\/slacktivity.com\/pt-pt\/shop\/highline-backup-extender\/"]}]},{"@type":"ImageObject","inLanguage":"pt-PT","@id":"https:\/\/slacktivity.com\/pt-pt\/shop\/highline-backup-extender\/#primaryimage","url":"https:\/\/slacktivity.com\/wp-content\/uploads\/2021\/03\/highline-backup-extender-1.jpg","contentUrl":"https:\/\/slacktivity.com\/wp-content\/uploads\/2021\/03\/highline-backup-extender-1.jpg","width":1180,"height":1377,"caption":"Created with GIMP"},{"@type":"BreadcrumbList","@id":"https:\/\/slacktivity.com\/pt-pt\/shop\/highline-backup-extender\/#breadcrumb","itemListElement":[{"@type":"ListItem","position":1,"name":"Home","item":"https:\/\/slacktivity.com\/pt-pt\/"},{"@type":"ListItem","position":2,"name":"loja","item":"https:\/\/slacktivity.com\/pt-pt\/loja\/"},{"@type":"ListItem","position":3,"name":"Highline Backup Extender"}]},{"@type":"WebSite","@id":"https:\/\/slacktivity.com\/pt-pt\/#website","url":"https:\/\/slacktivity.com\/pt-pt\/","name":"Slacktivity Slacklines International Shop","description":"Discover the innovative products of Slacktivity. Swiss designed premium slackline gear. Advice from our experts for the best and a safe slackline experience.","publisher":{"@id":"https:\/\/slacktivity.com\/pt-pt\/#organization"},"potentialAction":[{"@type":"SearchAction","target":{"@type":"EntryPoint","urlTemplate":"https:\/\/slacktivity.com\/pt-pt\/?s={search_term_string}"},"query-input":{"@type":"PropertyValueSpecification","valueRequired":true,"valueName":"search_term_string"}}],"inLanguage":"pt-PT"},{"@type":"Organization","@id":"https:\/\/slacktivity.com\/pt-pt\/#organization","name":"Slacktivity Slacklines","url":"https:\/\/slacktivity.com\/pt-pt\/","logo":{"@type":"ImageObject","inLanguage":"pt-PT","@id":"https:\/\/slacktivity.com\/pt-pt\/#\/schema\/logo\/image\/","url":"https:\/\/slacktivity.com\/wp-content\/uploads\/2021\/01\/slacktivity-slackline-online-shop-1.png","contentUrl":"https:\/\/slacktivity.com\/wp-content\/uploads\/2021\/01\/slacktivity-slackline-online-shop-1.png","width":200,"height":77,"caption":"Slacktivity Slacklines"},"image":{"@id":"https:\/\/slacktivity.com\/pt-pt\/#\/schema\/logo\/image\/"},"sameAs":["https:\/\/www.facebook.com\/SLACKTIVITY\/","https:\/\/www.instagram.com\/slacktivity\/"]}]}},"_links":{"self":[{"href":"https:\/\/slacktivity.com\/pt-pt\/wp-json\/wp\/v2\/product\/11674","targetHints":{"allow":["GET"]}}],"collection":[{"href":"https:\/\/slacktivity.com\/pt-pt\/wp-json\/wp\/v2\/product"}],"about":[{"href":"https:\/\/slacktivity.com\/pt-pt\/wp-json\/wp\/v2\/types\/product"}],"replies":[{"embeddable":true,"href":"https:\/\/slacktivity.com\/pt-pt\/wp-json\/wp\/v2\/comments?post=11674"}],"wp:featuredmedia":[{"embeddable":true,"href":"https:\/\/slacktivity.com\/pt-pt\/wp-json\/wp\/v2\/media\/13365"}],"wp:attachment":[{"href":"https:\/\/slacktivity.com\/pt-pt\/wp-json\/wp\/v2\/media?parent=11674"}],"wp:term":[{"taxonomy":"product_cat","embeddable":true,"href":"https:\/\/slacktivity.com\/pt-pt\/wp-json\/wp\/v2\/product_cat?post=11674"},{"taxonomy":"product_tag","embeddable":true,"href":"https:\/\/slacktivity.com\/pt-pt\/wp-json\/wp\/v2\/product_tag?post=11674"}],"curies":[{"name":"wp","href":"https:\/\/api.w.org\/{rel}","templated":true}]}}