{"id":11675,"date":"2022-04-26T18:17:36","date_gmt":"2022-04-26T18:17:36","guid":{"rendered":"https:\/\/slacktivity.com\/shop\/linescale-3-dinamometro\/"},"modified":"2023-04-12T14:38:03","modified_gmt":"2023-04-12T14:38:03","slug":"linescale-3-dinamometro","status":"publish","type":"product","link":"https:\/\/slacktivity.com\/pt-pt\/shop\/linescale-3-dinamometro\/","title":{"rendered":"LineScale-3 Dinam\u00f3metro"},"content":{"rendered":"<p>O <strong>LineScale-3<\/strong> \u00e9 um &#8220;passo de gigante&#8221;, n\u00e3o apenas para o LineScale, mas para todos os dinam\u00f3metros &#8220;tudo em um&#8221;. \u00c9 r\u00e1pido: 1280Hz, SAFE: 10kN PPE rated, e inteligente: inclui mem\u00f3ria integrada para guardar todos os logs on-board.<\/p>\n<p>R\u00e1pido suficiente para capturar testes din\u00e2micos, com certifica\u00e7\u00e3o <strong>PPE,<\/strong> adequado a profissionais da ind\u00fastria, acesso por cordas, assim como a slackliners e highliners, para verfica\u00e7\u00e3o e controlo das tens\u00f5es nos seus setups.<\/p>\n<h2><u>Especifica\u00e7\u00f5es do LineScale-3:<\/u><\/h2>\n<p>\u2022 For\u00e7a Maci\u00e7a: 30kN WLL, <strong>90kN (oficial) MBS<\/strong>, testado at\u00e9110kN max. at\u00e9 quebrar.<br \/>\n\u2022 Seguran\u00e7a: <strong>PPE &amp; UIAA certified to 25kN!<\/strong><br \/>\n\u2022 Tamanho compacto: 190x90mm, 20mm de espessura, e super leve: <strong>apenas 520g<\/strong><br \/>\n\u2022 Super r\u00e1pido: <strong>scan rate m\u00e1ximo of 1280Hz<\/strong> para o ecr\u00e2, USB, e logs onboard (640Hz opcional)<br \/>\n\u2022 Conectividade: <strong>Bluetooth BLE 5.0<\/strong> smart phone app w. 10Hz (poupan\u00e7a de bateria) e 40Hz (BT fast)<br \/>\n\u2022 Intelig\u00eancia: guarda at\u00e9 50 hours de <strong>logs on-board<\/strong> (230 milh\u00f5es de data points)<br \/>\n\u2022 Overwrite de logs antigos para capacidade infinita at\u00e9 interrup\u00e7\u00e3o manual<br \/>\n\u2022 Onboard logs <strong>download para pens USB<\/strong> (auto upload com plug-in)<br \/>\n\u2022 1280Hz alta velocidade <strong>live logging via USB<\/strong> connection &amp; included pro software<br \/>\n\u2022 Poupan\u00e7a de energia, alta performance 72MHz Arm\u00ae 32-bit Cortex\u00ae-M3 CPU w. custom designed PCB<br \/>\n\u2022 <strong>OLED<\/strong> monochrome display<br \/>\n\u2022 Resistente: Prote\u00e7\u00e3o de ecr\u00e3 (<strong>1.5mm polycarbonato<\/strong>)<br \/>\n\u2022 Recareg\u00e1vel <strong>1600mAh Li-Po battery<\/strong> para 50 horas de uso continuo.<br \/>\n\u2022 Carregamento com Micro-USB, conex\u00e3o ao PC, log download atrav\u00e9s de pen, e firmware update<br \/>\nCorpo fresado a partir de um <strong>bloco s\u00f3lido de LY12CZ<\/strong> (alum\u00ednio de avia\u00e7\u00e3o de alta resist\u00eancia)<br \/>\n\u2022 Enormes olhais de fixa\u00e7\u00e3o \u00e0 prova de carga cruzada w. Arestas aredondadas<br \/>\n\u2022 <strong>IP65<\/strong> resistente \u00e0 chuva e respingos de \u00e1gua, \u00e0 prova de poeira<br \/>\n\u2022 Anodizado na cor LineGrip exclusiva e discreta <strong>cinza-cobre<\/strong><br \/>\n\u2022 Superf\u00edcie acabada com um shot-peen acetinado extra duro, dur\u00e1vel e antirreflexo<br \/>\n\u2022 Projetado com muito carinho na <strong>Alemanha<\/strong>, fabricado com amor na China<br \/>\nO <strong>pacote inclui:<\/strong> aplicativo para iOS e Android, software de registro profissional do Windows (ainda em desenvolvimento), cabo USB, adaptador de flash de firmware e um LineScale-Shell de feltro macio cinza<\/p>\n<h3><strong>Especifica\u00e7\u00f5es da caixa:<\/strong><\/h3>\n<p>\u2022 Medidas exteriores: 225 x 170 x 50 mm (com dobradi\u00e7as e fechadura)<br \/>\n\u2022 Medidas internas (sem arredondamento da borda): 212 x 140 x 47 mm<br \/>\n\u2022 Material e cor: poliamida preta (\u00e0 prova de choque)<br \/>\n\u2022 Peso (vazia): 275g<br \/>\n\u2022 Classe de prote\u00e7\u00e3o: IP65 (\u00e0 prova de poeira e \u00e1gua)<br \/>\n\u2022 preenchimento ajusta-se ao LineScale Edge-Pro anexado<\/p>\n<h3><b>Certifica\u00e7\u00f5es do LineScale-3<\/b><\/h3>\n<p><strong>Eletr\u00f3nica<\/strong>: Certificado para os regulamentos de RF: BQB BLE 4.2\/5.0, EN CE ETSI RED, FCC, IC(Canad\u00e1); ID da FCC: 2ADXE-HY-40R204PC<br \/>\n<strong>Seguran\u00e7a:<\/strong> PPE industry standard RfU EN PPE-R\/11.114 V2, UIAA safety label, and CE mark.<\/p>\n","protected":false},"excerpt":{"rendered":"<p>O LineScale de 3\u00aa gera\u00e7\u00e3o \u00e9 um salto gigantesco, n\u00e3o apenas para o LineScale, mas para todos os dinam\u00f4metros \u201ctudo em um\u201d. \u00c9 r\u00e1pido: 1280Hz, SAFE: 10kN PPE rated, e inteligente: inclui mem\u00f3ria integrada para guardar todos os logs on-board.<\/p>\n","protected":false},"featured_media":10396,"comment_status":"open","ping_status":"closed","template":"","meta":{"_acf_changed":false,"_joinchat":[]},"product_cat":[896,513,904],"product_tag":[],"class_list":{"0":"post-11675","1":"product","2":"type-product","3":"status-publish","4":"has-post-thumbnail","6":"product_cat-dispositivos-de-medicao","7":"product_cat-equipamento-de-highline","8":"product_cat-ferramentas-de-slackline","9":"pa_brand-linegrip-corp-pt-pt","11":"first","12":"instock","13":"taxable","14":"shipping-taxable","15":"purchasable","16":"product-type-variable","17":"has-default-attributes","swatches":"rey-swatches","show_selected":""},"acf":[],"yoast_head":"<!-- This site is optimized with the Yoast SEO plugin v27.4 - https:\/\/yoast.com\/product\/yoast-seo-wordpress\/ -->\n<title>LineScale-3 Dinam\u00f3metro | Slacktivity International Shop<\/title>\n<meta name=\"description\" content=\"LineScale-3 \u00e9 um pa\u00e7o de gigante, um dinam\u00f3metro &quot;tudo em um&quot;. \u00c9 r\u00e1pido: 1280Hz, SAFE: 10kN PPE rated, e tem mem\u00f3ria interna para guardar logs on-board.\" \/>\n<meta name=\"robots\" content=\"index, follow, max-snippet:-1, max-image-preview:large, max-video-preview:-1\" \/>\n<link rel=\"canonical\" href=\"https:\/\/slacktivity.com\/pt-pt\/shop\/linescale-3-dinamometro\/\" \/>\n<meta property=\"og:locale\" content=\"pt_PT\" \/>\n<meta property=\"og:type\" content=\"article\" \/>\n<meta property=\"og:title\" content=\"LineScale-3 Dinam\u00f3metro | Slacktivity International Shop\" \/>\n<meta property=\"og:description\" content=\"LineScale-3 \u00e9 um pa\u00e7o de gigante, um dinam\u00f3metro &quot;tudo em um&quot;. \u00c9 r\u00e1pido: 1280Hz, SAFE: 10kN PPE rated, e tem mem\u00f3ria interna para guardar logs on-board.\" \/>\n<meta property=\"og:url\" content=\"https:\/\/slacktivity.com\/pt-pt\/shop\/linescale-3-dinamometro\/\" \/>\n<meta property=\"og:site_name\" content=\"Slacktivity Slacklines International Shop\" \/>\n<meta property=\"article:publisher\" content=\"https:\/\/www.facebook.com\/SLACKTIVITY\/\" \/>\n<meta property=\"article:modified_time\" content=\"2023-04-12T14:38:03+00:00\" \/>\n<meta property=\"og:image\" content=\"https:\/\/slacktivity.com\/wp-content\/uploads\/2022\/08\/linescale-3-load-cell.jpg\" \/>\n\t<meta property=\"og:image:width\" content=\"1180\" \/>\n\t<meta property=\"og:image:height\" content=\"1377\" \/>\n\t<meta property=\"og:image:type\" content=\"image\/jpeg\" \/>\n<meta name=\"twitter:card\" content=\"summary_large_image\" \/>\n<meta name=\"twitter:label1\" content=\"Tempo estimado de leitura\" \/>\n\t<meta name=\"twitter:data1\" content=\"2 minutos\" \/>\n<script type=\"application\/ld+json\" class=\"yoast-schema-graph\">{\"@context\":\"https:\\\/\\\/schema.org\",\"@graph\":[{\"@type\":\"WebPage\",\"@id\":\"https:\\\/\\\/slacktivity.com\\\/pt-pt\\\/shop\\\/linescale-3-dinamometro\\\/\",\"url\":\"https:\\\/\\\/slacktivity.com\\\/pt-pt\\\/shop\\\/linescale-3-dinamometro\\\/\",\"name\":\"LineScale-3 Dinam\u00f3metro | Slacktivity International Shop\",\"isPartOf\":{\"@id\":\"https:\\\/\\\/slacktivity.com\\\/pt-pt\\\/#website\"},\"primaryImageOfPage\":{\"@id\":\"https:\\\/\\\/slacktivity.com\\\/pt-pt\\\/shop\\\/linescale-3-dinamometro\\\/#primaryimage\"},\"image\":{\"@id\":\"https:\\\/\\\/slacktivity.com\\\/pt-pt\\\/shop\\\/linescale-3-dinamometro\\\/#primaryimage\"},\"thumbnailUrl\":\"https:\\\/\\\/slacktivity.com\\\/wp-content\\\/uploads\\\/2022\\\/08\\\/linescale-3-load-cell.jpg\",\"datePublished\":\"2022-04-26T18:17:36+00:00\",\"dateModified\":\"2023-04-12T14:38:03+00:00\",\"description\":\"LineScale-3 \u00e9 um pa\u00e7o de gigante, um dinam\u00f3metro \\\"tudo em um\\\". \u00c9 r\u00e1pido: 1280Hz, SAFE: 10kN PPE rated, e tem mem\u00f3ria interna para guardar logs on-board.\",\"breadcrumb\":{\"@id\":\"https:\\\/\\\/slacktivity.com\\\/pt-pt\\\/shop\\\/linescale-3-dinamometro\\\/#breadcrumb\"},\"inLanguage\":\"pt-PT\",\"potentialAction\":[{\"@type\":\"ReadAction\",\"target\":[\"https:\\\/\\\/slacktivity.com\\\/pt-pt\\\/shop\\\/linescale-3-dinamometro\\\/\"]}]},{\"@type\":\"ImageObject\",\"inLanguage\":\"pt-PT\",\"@id\":\"https:\\\/\\\/slacktivity.com\\\/pt-pt\\\/shop\\\/linescale-3-dinamometro\\\/#primaryimage\",\"url\":\"https:\\\/\\\/slacktivity.com\\\/wp-content\\\/uploads\\\/2022\\\/08\\\/linescale-3-load-cell.jpg\",\"contentUrl\":\"https:\\\/\\\/slacktivity.com\\\/wp-content\\\/uploads\\\/2022\\\/08\\\/linescale-3-load-cell.jpg\",\"width\":1180,\"height\":1377,\"caption\":\"linescale-3 load cell\"},{\"@type\":\"BreadcrumbList\",\"@id\":\"https:\\\/\\\/slacktivity.com\\\/pt-pt\\\/shop\\\/linescale-3-dinamometro\\\/#breadcrumb\",\"itemListElement\":[{\"@type\":\"ListItem\",\"position\":1,\"name\":\"Home\",\"item\":\"https:\\\/\\\/slacktivity.com\\\/pt-pt\\\/\"},{\"@type\":\"ListItem\",\"position\":2,\"name\":\"loja\",\"item\":\"https:\\\/\\\/slacktivity.com\\\/pt-pt\\\/loja\\\/\"},{\"@type\":\"ListItem\",\"position\":3,\"name\":\"LineScale-3 Dinam\u00f3metro\"}]},{\"@type\":\"WebSite\",\"@id\":\"https:\\\/\\\/slacktivity.com\\\/pt-pt\\\/#website\",\"url\":\"https:\\\/\\\/slacktivity.com\\\/pt-pt\\\/\",\"name\":\"Slacktivity Slacklines International Shop\",\"description\":\"Discover the innovative products of Slacktivity. Swiss designed premium slackline gear. Advice from our experts for the best and a safe slackline experience.\",\"publisher\":{\"@id\":\"https:\\\/\\\/slacktivity.com\\\/pt-pt\\\/#organization\"},\"potentialAction\":[{\"@type\":\"SearchAction\",\"target\":{\"@type\":\"EntryPoint\",\"urlTemplate\":\"https:\\\/\\\/slacktivity.com\\\/pt-pt\\\/?s={search_term_string}\"},\"query-input\":{\"@type\":\"PropertyValueSpecification\",\"valueRequired\":true,\"valueName\":\"search_term_string\"}}],\"inLanguage\":\"pt-PT\"},{\"@type\":\"Organization\",\"@id\":\"https:\\\/\\\/slacktivity.com\\\/pt-pt\\\/#organization\",\"name\":\"Slacktivity Slacklines\",\"url\":\"https:\\\/\\\/slacktivity.com\\\/pt-pt\\\/\",\"logo\":{\"@type\":\"ImageObject\",\"inLanguage\":\"pt-PT\",\"@id\":\"https:\\\/\\\/slacktivity.com\\\/pt-pt\\\/#\\\/schema\\\/logo\\\/image\\\/\",\"url\":\"https:\\\/\\\/slacktivity.com\\\/wp-content\\\/uploads\\\/2021\\\/01\\\/slacktivity-slackline-online-shop-1.png\",\"contentUrl\":\"https:\\\/\\\/slacktivity.com\\\/wp-content\\\/uploads\\\/2021\\\/01\\\/slacktivity-slackline-online-shop-1.png\",\"width\":200,\"height\":77,\"caption\":\"Slacktivity Slacklines\"},\"image\":{\"@id\":\"https:\\\/\\\/slacktivity.com\\\/pt-pt\\\/#\\\/schema\\\/logo\\\/image\\\/\"},\"sameAs\":[\"https:\\\/\\\/www.facebook.com\\\/SLACKTIVITY\\\/\",\"https:\\\/\\\/www.instagram.com\\\/slacktivity\\\/\"]}]}<\/script>\n<!-- \/ Yoast SEO plugin. -->","yoast_head_json":{"title":"LineScale-3 Dinam\u00f3metro | Slacktivity International Shop","description":"LineScale-3 \u00e9 um pa\u00e7o de gigante, um dinam\u00f3metro \"tudo em um\". \u00c9 r\u00e1pido: 1280Hz, SAFE: 10kN PPE rated, e tem mem\u00f3ria interna para guardar logs on-board.","robots":{"index":"index","follow":"follow","max-snippet":"max-snippet:-1","max-image-preview":"max-image-preview:large","max-video-preview":"max-video-preview:-1"},"canonical":"https:\/\/slacktivity.com\/pt-pt\/shop\/linescale-3-dinamometro\/","og_locale":"pt_PT","og_type":"article","og_title":"LineScale-3 Dinam\u00f3metro | Slacktivity International Shop","og_description":"LineScale-3 \u00e9 um pa\u00e7o de gigante, um dinam\u00f3metro \"tudo em um\". \u00c9 r\u00e1pido: 1280Hz, SAFE: 10kN PPE rated, e tem mem\u00f3ria interna para guardar logs on-board.","og_url":"https:\/\/slacktivity.com\/pt-pt\/shop\/linescale-3-dinamometro\/","og_site_name":"Slacktivity Slacklines International Shop","article_publisher":"https:\/\/www.facebook.com\/SLACKTIVITY\/","article_modified_time":"2023-04-12T14:38:03+00:00","og_image":[{"width":1180,"height":1377,"url":"https:\/\/slacktivity.com\/wp-content\/uploads\/2022\/08\/linescale-3-load-cell.jpg","type":"image\/jpeg"}],"twitter_card":"summary_large_image","twitter_misc":{"Tempo estimado de leitura":"2 minutos"},"schema":{"@context":"https:\/\/schema.org","@graph":[{"@type":"WebPage","@id":"https:\/\/slacktivity.com\/pt-pt\/shop\/linescale-3-dinamometro\/","url":"https:\/\/slacktivity.com\/pt-pt\/shop\/linescale-3-dinamometro\/","name":"LineScale-3 Dinam\u00f3metro | Slacktivity International Shop","isPartOf":{"@id":"https:\/\/slacktivity.com\/pt-pt\/#website"},"primaryImageOfPage":{"@id":"https:\/\/slacktivity.com\/pt-pt\/shop\/linescale-3-dinamometro\/#primaryimage"},"image":{"@id":"https:\/\/slacktivity.com\/pt-pt\/shop\/linescale-3-dinamometro\/#primaryimage"},"thumbnailUrl":"https:\/\/slacktivity.com\/wp-content\/uploads\/2022\/08\/linescale-3-load-cell.jpg","datePublished":"2022-04-26T18:17:36+00:00","dateModified":"2023-04-12T14:38:03+00:00","description":"LineScale-3 \u00e9 um pa\u00e7o de gigante, um dinam\u00f3metro \"tudo em um\". \u00c9 r\u00e1pido: 1280Hz, SAFE: 10kN PPE rated, e tem mem\u00f3ria interna para guardar logs on-board.","breadcrumb":{"@id":"https:\/\/slacktivity.com\/pt-pt\/shop\/linescale-3-dinamometro\/#breadcrumb"},"inLanguage":"pt-PT","potentialAction":[{"@type":"ReadAction","target":["https:\/\/slacktivity.com\/pt-pt\/shop\/linescale-3-dinamometro\/"]}]},{"@type":"ImageObject","inLanguage":"pt-PT","@id":"https:\/\/slacktivity.com\/pt-pt\/shop\/linescale-3-dinamometro\/#primaryimage","url":"https:\/\/slacktivity.com\/wp-content\/uploads\/2022\/08\/linescale-3-load-cell.jpg","contentUrl":"https:\/\/slacktivity.com\/wp-content\/uploads\/2022\/08\/linescale-3-load-cell.jpg","width":1180,"height":1377,"caption":"linescale-3 load cell"},{"@type":"BreadcrumbList","@id":"https:\/\/slacktivity.com\/pt-pt\/shop\/linescale-3-dinamometro\/#breadcrumb","itemListElement":[{"@type":"ListItem","position":1,"name":"Home","item":"https:\/\/slacktivity.com\/pt-pt\/"},{"@type":"ListItem","position":2,"name":"loja","item":"https:\/\/slacktivity.com\/pt-pt\/loja\/"},{"@type":"ListItem","position":3,"name":"LineScale-3 Dinam\u00f3metro"}]},{"@type":"WebSite","@id":"https:\/\/slacktivity.com\/pt-pt\/#website","url":"https:\/\/slacktivity.com\/pt-pt\/","name":"Slacktivity Slacklines International Shop","description":"Discover the innovative products of Slacktivity. Swiss designed premium slackline gear. Advice from our experts for the best and a safe slackline experience.","publisher":{"@id":"https:\/\/slacktivity.com\/pt-pt\/#organization"},"potentialAction":[{"@type":"SearchAction","target":{"@type":"EntryPoint","urlTemplate":"https:\/\/slacktivity.com\/pt-pt\/?s={search_term_string}"},"query-input":{"@type":"PropertyValueSpecification","valueRequired":true,"valueName":"search_term_string"}}],"inLanguage":"pt-PT"},{"@type":"Organization","@id":"https:\/\/slacktivity.com\/pt-pt\/#organization","name":"Slacktivity Slacklines","url":"https:\/\/slacktivity.com\/pt-pt\/","logo":{"@type":"ImageObject","inLanguage":"pt-PT","@id":"https:\/\/slacktivity.com\/pt-pt\/#\/schema\/logo\/image\/","url":"https:\/\/slacktivity.com\/wp-content\/uploads\/2021\/01\/slacktivity-slackline-online-shop-1.png","contentUrl":"https:\/\/slacktivity.com\/wp-content\/uploads\/2021\/01\/slacktivity-slackline-online-shop-1.png","width":200,"height":77,"caption":"Slacktivity Slacklines"},"image":{"@id":"https:\/\/slacktivity.com\/pt-pt\/#\/schema\/logo\/image\/"},"sameAs":["https:\/\/www.facebook.com\/SLACKTIVITY\/","https:\/\/www.instagram.com\/slacktivity\/"]}]}},"_links":{"self":[{"href":"https:\/\/slacktivity.com\/pt-pt\/wp-json\/wp\/v2\/product\/11675","targetHints":{"allow":["GET"]}}],"collection":[{"href":"https:\/\/slacktivity.com\/pt-pt\/wp-json\/wp\/v2\/product"}],"about":[{"href":"https:\/\/slacktivity.com\/pt-pt\/wp-json\/wp\/v2\/types\/product"}],"replies":[{"embeddable":true,"href":"https:\/\/slacktivity.com\/pt-pt\/wp-json\/wp\/v2\/comments?post=11675"}],"wp:featuredmedia":[{"embeddable":true,"href":"https:\/\/slacktivity.com\/pt-pt\/wp-json\/wp\/v2\/media\/10396"}],"wp:attachment":[{"href":"https:\/\/slacktivity.com\/pt-pt\/wp-json\/wp\/v2\/media?parent=11675"}],"wp:term":[{"taxonomy":"product_cat","embeddable":true,"href":"https:\/\/slacktivity.com\/pt-pt\/wp-json\/wp\/v2\/product_cat?post=11675"},{"taxonomy":"product_tag","embeddable":true,"href":"https:\/\/slacktivity.com\/pt-pt\/wp-json\/wp\/v2\/product_tag?post=11675"}],"curies":[{"name":"wp","href":"https:\/\/api.w.org\/{rel}","templated":true}]}}