{"id":11686,"date":"2023-05-17T01:52:44","date_gmt":"2023-04-12T15:04:00","guid":{"rendered":"https:\/\/slacktivity.com\/shop\/marathon-slackline-de-25mm-50m-100m\/"},"modified":"2024-06-07T12:16:20","modified_gmt":"2024-06-07T12:16:20","slug":"marathon-slackline-de-25mm","status":"publish","type":"product","link":"https:\/\/slacktivity.com\/pt-pt\/shop\/marathon-slackline-de-25mm\/","title":{"rendered":"Marathon: Slackline de 25mm | 50m &#8211; 100m"},"content":{"rendered":"<h2>A Marathon \u00e9 uma linha de slackline de 25mm com uma estrutura h\u00edbrida, usada para bater records mundiais.<\/h2>\n<p>A <strong>Marathon<\/strong> \u00e9 perfeita para loooonglines! Esta <strong>linha de slackline de 25mm<\/strong> tem uma elasticidade reduzida (4% @ 10kN), que garante uma montagem r\u00e1pida em todos os comprimentos. \u00c9 produzida com uma constru\u00e7\u00e3o de 3 camadas que mant\u00e9m as fibras internas com uma tens\u00e3o maior do que as fibras externas. Esta constru\u00e7\u00e3o torna a linha mais resistente \u00e0 abras\u00e3o e garante que ela permane\u00e7a macia sob os p\u00e9s, mesmo em altas tens\u00f5es.<\/p>\n<p>O processo de fabrica\u00e7\u00e3o avan\u00e7ado d\u00e1 \u00e0 Marathon um excelente ratio peso\/resist\u00eancia (37kN e 61,5 gramas por metro). Al\u00e9m disso, a constru\u00e7\u00e3o de 3 camadas e as fibras de alto desempenho permitem que as bordas deste slackline de 25mm sejam perfeitamente redondas O design de duas cores facilita a detec\u00e7\u00e3o de tor\u00e7\u00f5es durante a montagem.<\/p>\n<p>A linha perfeita para dist\u00e2ncias de 50m ou muito mais, como quando <a href=\"https:\/\/slacktivity.com\/slackline-team\/samuel-volery\/\">Samuel Volery<\/a> quebrou o recorde mundial nesta linha!<\/p>\n<h4>Destaques:<\/h4>\n<ul>\n<li><strong>Elasticidade @ 10kN:<\/strong> 4%<\/li>\n<li><strong>Minimal Breaking Strength (MBS):<\/strong> 37kN<\/li>\n<li><strong>MBS end loops:<\/strong> 33kN &#8211; Produzidos por Santy Torres &#8220;Sewings El Patron&#8221;<\/li>\n<li><strong>Material: 100%<\/strong> Polyester<\/li>\n<li><strong>Constru\u00e7\u00e3o:<\/strong> flat strip, core-sheath construction, Form-8 architecture<\/li>\n<li><strong>Espessura:<\/strong> 2.8mm<\/li>\n<li><strong>Peso:<\/strong> 61.5g\/m<\/li>\n<\/ul>\n<h4>Peso das op\u00e7\u00f5es:<\/h4>\n<ul>\n<li><strong>30m:<\/strong> 1.83kg<\/li>\n<li><strong>50m:<\/strong> 3.08kg<\/li>\n<li><strong>80m:<\/strong> 4.92kg<\/li>\n<li><strong>100m:<\/strong> 6.15kg<\/li>\n<\/ul>\n","protected":false},"excerpt":{"rendered":"<p>Linha de slackline HighTech (em polyester), com elasticidade reduzida e bordas arredondadas, para uma sensa\u00e7\u00e3o incr\u00edvel ao caminhar.<\/p>\n","protected":false},"featured_media":12889,"comment_status":"open","ping_status":"closed","template":"","meta":{"_acf_changed":false,"_joinchat":[]},"product_cat":[514,513,898,906,926,897],"product_tag":[555,911],"class_list":{"0":"post-11686","1":"product","2":"type-product","3":"status-publish","4":"has-post-thumbnail","6":"product_cat-certificado-pela-isa","7":"product_cat-equipamento-de-highline","8":"product_cat-cintas-para-longline","9":"product_cat-cintas-de-slackline","10":"product_cat-linhas-de-slackline","11":"product_cat-cintas-para-highline","12":"product_tag-longline","13":"product_tag-polyester-pt-pt","14":"pa_brand-slacktivity-pt-pt","15":"pa_stretch-low","16":"pa_webbing-material-poliester","18":"first","19":"instock","20":"featured","21":"taxable","22":"shipping-taxable","23":"purchasable","24":"product-type-variable","25":"has-default-attributes","swatches":"rey-swatches","show_selected":""},"acf":[],"yoast_head":"<!-- This site is optimized with the Yoast SEO plugin v27.4 - https:\/\/yoast.com\/product\/yoast-seo-wordpress\/ -->\n<title>Marathon: Slackline de 25mm - 30m a 100m | SLACKTIVITY<\/title>\n<meta name=\"description\" content=\"A Marathon \u00e9 perfeita para longline! Esta linha de slackline de 25mm tem elasticidade reduzida (4% @ 10kN), que garante uma montagem f\u00e1cil em todos os comprimentos.\" \/>\n<meta name=\"robots\" content=\"index, follow, max-snippet:-1, max-image-preview:large, max-video-preview:-1\" \/>\n<link rel=\"canonical\" href=\"https:\/\/slacktivity.com\/pt-pt\/shop\/marathon-slackline-de-25mm\/\" \/>\n<meta property=\"og:locale\" content=\"pt_PT\" \/>\n<meta property=\"og:type\" content=\"article\" \/>\n<meta property=\"og:title\" content=\"Marathon: Slackline de 25mm - 30m a 100m | SLACKTIVITY\" \/>\n<meta property=\"og:description\" content=\"A Marathon \u00e9 perfeita para longline! Esta linha de slackline de 25mm tem elasticidade reduzida (4% @ 10kN), que garante uma montagem f\u00e1cil em todos os comprimentos.\" \/>\n<meta property=\"og:url\" content=\"https:\/\/slacktivity.com\/pt-pt\/shop\/marathon-slackline-de-25mm\/\" \/>\n<meta property=\"og:site_name\" content=\"Slacktivity Slacklines International Shop\" \/>\n<meta property=\"article:publisher\" content=\"https:\/\/www.facebook.com\/SLACKTIVITY\/\" \/>\n<meta property=\"article:modified_time\" content=\"2024-06-07T12:16:20+00:00\" \/>\n<meta property=\"og:image\" content=\"https:\/\/slacktivity.com\/wp-content\/uploads\/2022\/04\/marathon-one-inch-webbing-with-endloop-1024x656.jpg\" \/>\n<meta name=\"twitter:card\" content=\"summary_large_image\" \/>\n<meta name=\"twitter:label1\" content=\"Tempo estimado de leitura\" \/>\n\t<meta name=\"twitter:data1\" content=\"1 minuto\" \/>\n<script type=\"application\/ld+json\" class=\"yoast-schema-graph\">{\"@context\":\"https:\\\/\\\/schema.org\",\"@graph\":[{\"@type\":\"WebPage\",\"@id\":\"https:\\\/\\\/slacktivity.com\\\/pt-pt\\\/shop\\\/marathon-slackline-de-25mm\\\/\",\"url\":\"https:\\\/\\\/slacktivity.com\\\/pt-pt\\\/shop\\\/marathon-slackline-de-25mm\\\/\",\"name\":\"Marathon: Slackline de 25mm - 30m a 100m | SLACKTIVITY\",\"isPartOf\":{\"@id\":\"https:\\\/\\\/slacktivity.com\\\/pt-pt\\\/#website\"},\"primaryImageOfPage\":{\"@id\":\"https:\\\/\\\/slacktivity.com\\\/pt-pt\\\/shop\\\/marathon-slackline-de-25mm\\\/#primaryimage\"},\"image\":{\"@id\":\"https:\\\/\\\/slacktivity.com\\\/pt-pt\\\/shop\\\/marathon-slackline-de-25mm\\\/#primaryimage\"},\"thumbnailUrl\":\"https:\\\/\\\/slacktivity.com\\\/wp-content\\\/uploads\\\/2023\\\/05\\\/one-inch-slackline-webbing.png\",\"datePublished\":\"2023-04-12T15:04:00+00:00\",\"dateModified\":\"2024-06-07T12:16:20+00:00\",\"description\":\"A Marathon \u00e9 perfeita para longline! Esta linha de slackline de 25mm tem elasticidade reduzida (4% @ 10kN), que garante uma montagem f\u00e1cil em todos os comprimentos.\",\"breadcrumb\":{\"@id\":\"https:\\\/\\\/slacktivity.com\\\/pt-pt\\\/shop\\\/marathon-slackline-de-25mm\\\/#breadcrumb\"},\"inLanguage\":\"pt-PT\",\"potentialAction\":[{\"@type\":\"ReadAction\",\"target\":[\"https:\\\/\\\/slacktivity.com\\\/pt-pt\\\/shop\\\/marathon-slackline-de-25mm\\\/\"]}]},{\"@type\":\"ImageObject\",\"inLanguage\":\"pt-PT\",\"@id\":\"https:\\\/\\\/slacktivity.com\\\/pt-pt\\\/shop\\\/marathon-slackline-de-25mm\\\/#primaryimage\",\"url\":\"https:\\\/\\\/slacktivity.com\\\/wp-content\\\/uploads\\\/2023\\\/05\\\/one-inch-slackline-webbing.png\",\"contentUrl\":\"https:\\\/\\\/slacktivity.com\\\/wp-content\\\/uploads\\\/2023\\\/05\\\/one-inch-slackline-webbing.png\",\"width\":1180,\"height\":1377,\"caption\":\"one inch slackline webbing\"},{\"@type\":\"BreadcrumbList\",\"@id\":\"https:\\\/\\\/slacktivity.com\\\/pt-pt\\\/shop\\\/marathon-slackline-de-25mm\\\/#breadcrumb\",\"itemListElement\":[{\"@type\":\"ListItem\",\"position\":1,\"name\":\"Home\",\"item\":\"https:\\\/\\\/slacktivity.com\\\/pt-pt\\\/\"},{\"@type\":\"ListItem\",\"position\":2,\"name\":\"loja\",\"item\":\"https:\\\/\\\/slacktivity.com\\\/pt-pt\\\/loja\\\/\"},{\"@type\":\"ListItem\",\"position\":3,\"name\":\"Marathon: Slackline de 25mm | 50m &#8211; 100m\"}]},{\"@type\":\"WebSite\",\"@id\":\"https:\\\/\\\/slacktivity.com\\\/pt-pt\\\/#website\",\"url\":\"https:\\\/\\\/slacktivity.com\\\/pt-pt\\\/\",\"name\":\"Slacktivity Slacklines International Shop\",\"description\":\"Discover the innovative products of Slacktivity. Swiss designed premium slackline gear. Advice from our experts for the best and a safe slackline experience.\",\"publisher\":{\"@id\":\"https:\\\/\\\/slacktivity.com\\\/pt-pt\\\/#organization\"},\"potentialAction\":[{\"@type\":\"SearchAction\",\"target\":{\"@type\":\"EntryPoint\",\"urlTemplate\":\"https:\\\/\\\/slacktivity.com\\\/pt-pt\\\/?s={search_term_string}\"},\"query-input\":{\"@type\":\"PropertyValueSpecification\",\"valueRequired\":true,\"valueName\":\"search_term_string\"}}],\"inLanguage\":\"pt-PT\"},{\"@type\":\"Organization\",\"@id\":\"https:\\\/\\\/slacktivity.com\\\/pt-pt\\\/#organization\",\"name\":\"Slacktivity Slacklines\",\"url\":\"https:\\\/\\\/slacktivity.com\\\/pt-pt\\\/\",\"logo\":{\"@type\":\"ImageObject\",\"inLanguage\":\"pt-PT\",\"@id\":\"https:\\\/\\\/slacktivity.com\\\/pt-pt\\\/#\\\/schema\\\/logo\\\/image\\\/\",\"url\":\"https:\\\/\\\/slacktivity.com\\\/wp-content\\\/uploads\\\/2021\\\/01\\\/slacktivity-slackline-online-shop-1.png\",\"contentUrl\":\"https:\\\/\\\/slacktivity.com\\\/wp-content\\\/uploads\\\/2021\\\/01\\\/slacktivity-slackline-online-shop-1.png\",\"width\":200,\"height\":77,\"caption\":\"Slacktivity Slacklines\"},\"image\":{\"@id\":\"https:\\\/\\\/slacktivity.com\\\/pt-pt\\\/#\\\/schema\\\/logo\\\/image\\\/\"},\"sameAs\":[\"https:\\\/\\\/www.facebook.com\\\/SLACKTIVITY\\\/\",\"https:\\\/\\\/www.instagram.com\\\/slacktivity\\\/\"]}]}<\/script>\n<!-- \/ Yoast SEO plugin. -->","yoast_head_json":{"title":"Marathon: Slackline de 25mm - 30m a 100m | SLACKTIVITY","description":"A Marathon \u00e9 perfeita para longline! Esta linha de slackline de 25mm tem elasticidade reduzida (4% @ 10kN), que garante uma montagem f\u00e1cil em todos os comprimentos.","robots":{"index":"index","follow":"follow","max-snippet":"max-snippet:-1","max-image-preview":"max-image-preview:large","max-video-preview":"max-video-preview:-1"},"canonical":"https:\/\/slacktivity.com\/pt-pt\/shop\/marathon-slackline-de-25mm\/","og_locale":"pt_PT","og_type":"article","og_title":"Marathon: Slackline de 25mm - 30m a 100m | SLACKTIVITY","og_description":"A Marathon \u00e9 perfeita para longline! Esta linha de slackline de 25mm tem elasticidade reduzida (4% @ 10kN), que garante uma montagem f\u00e1cil em todos os comprimentos.","og_url":"https:\/\/slacktivity.com\/pt-pt\/shop\/marathon-slackline-de-25mm\/","og_site_name":"Slacktivity Slacklines International Shop","article_publisher":"https:\/\/www.facebook.com\/SLACKTIVITY\/","article_modified_time":"2024-06-07T12:16:20+00:00","og_image":[{"url":"https:\/\/slacktivity.com\/wp-content\/uploads\/2022\/04\/marathon-one-inch-webbing-with-endloop-1024x656.jpg","type":"","width":"","height":""}],"twitter_card":"summary_large_image","twitter_misc":{"Tempo estimado de leitura":"1 minuto"},"schema":{"@context":"https:\/\/schema.org","@graph":[{"@type":"WebPage","@id":"https:\/\/slacktivity.com\/pt-pt\/shop\/marathon-slackline-de-25mm\/","url":"https:\/\/slacktivity.com\/pt-pt\/shop\/marathon-slackline-de-25mm\/","name":"Marathon: Slackline de 25mm - 30m a 100m | SLACKTIVITY","isPartOf":{"@id":"https:\/\/slacktivity.com\/pt-pt\/#website"},"primaryImageOfPage":{"@id":"https:\/\/slacktivity.com\/pt-pt\/shop\/marathon-slackline-de-25mm\/#primaryimage"},"image":{"@id":"https:\/\/slacktivity.com\/pt-pt\/shop\/marathon-slackline-de-25mm\/#primaryimage"},"thumbnailUrl":"https:\/\/slacktivity.com\/wp-content\/uploads\/2023\/05\/one-inch-slackline-webbing.png","datePublished":"2023-04-12T15:04:00+00:00","dateModified":"2024-06-07T12:16:20+00:00","description":"A Marathon \u00e9 perfeita para longline! Esta linha de slackline de 25mm tem elasticidade reduzida (4% @ 10kN), que garante uma montagem f\u00e1cil em todos os comprimentos.","breadcrumb":{"@id":"https:\/\/slacktivity.com\/pt-pt\/shop\/marathon-slackline-de-25mm\/#breadcrumb"},"inLanguage":"pt-PT","potentialAction":[{"@type":"ReadAction","target":["https:\/\/slacktivity.com\/pt-pt\/shop\/marathon-slackline-de-25mm\/"]}]},{"@type":"ImageObject","inLanguage":"pt-PT","@id":"https:\/\/slacktivity.com\/pt-pt\/shop\/marathon-slackline-de-25mm\/#primaryimage","url":"https:\/\/slacktivity.com\/wp-content\/uploads\/2023\/05\/one-inch-slackline-webbing.png","contentUrl":"https:\/\/slacktivity.com\/wp-content\/uploads\/2023\/05\/one-inch-slackline-webbing.png","width":1180,"height":1377,"caption":"one inch slackline webbing"},{"@type":"BreadcrumbList","@id":"https:\/\/slacktivity.com\/pt-pt\/shop\/marathon-slackline-de-25mm\/#breadcrumb","itemListElement":[{"@type":"ListItem","position":1,"name":"Home","item":"https:\/\/slacktivity.com\/pt-pt\/"},{"@type":"ListItem","position":2,"name":"loja","item":"https:\/\/slacktivity.com\/pt-pt\/loja\/"},{"@type":"ListItem","position":3,"name":"Marathon: Slackline de 25mm | 50m &#8211; 100m"}]},{"@type":"WebSite","@id":"https:\/\/slacktivity.com\/pt-pt\/#website","url":"https:\/\/slacktivity.com\/pt-pt\/","name":"Slacktivity Slacklines International Shop","description":"Discover the innovative products of Slacktivity. Swiss designed premium slackline gear. Advice from our experts for the best and a safe slackline experience.","publisher":{"@id":"https:\/\/slacktivity.com\/pt-pt\/#organization"},"potentialAction":[{"@type":"SearchAction","target":{"@type":"EntryPoint","urlTemplate":"https:\/\/slacktivity.com\/pt-pt\/?s={search_term_string}"},"query-input":{"@type":"PropertyValueSpecification","valueRequired":true,"valueName":"search_term_string"}}],"inLanguage":"pt-PT"},{"@type":"Organization","@id":"https:\/\/slacktivity.com\/pt-pt\/#organization","name":"Slacktivity Slacklines","url":"https:\/\/slacktivity.com\/pt-pt\/","logo":{"@type":"ImageObject","inLanguage":"pt-PT","@id":"https:\/\/slacktivity.com\/pt-pt\/#\/schema\/logo\/image\/","url":"https:\/\/slacktivity.com\/wp-content\/uploads\/2021\/01\/slacktivity-slackline-online-shop-1.png","contentUrl":"https:\/\/slacktivity.com\/wp-content\/uploads\/2021\/01\/slacktivity-slackline-online-shop-1.png","width":200,"height":77,"caption":"Slacktivity Slacklines"},"image":{"@id":"https:\/\/slacktivity.com\/pt-pt\/#\/schema\/logo\/image\/"},"sameAs":["https:\/\/www.facebook.com\/SLACKTIVITY\/","https:\/\/www.instagram.com\/slacktivity\/"]}]}},"_links":{"self":[{"href":"https:\/\/slacktivity.com\/pt-pt\/wp-json\/wp\/v2\/product\/11686","targetHints":{"allow":["GET"]}}],"collection":[{"href":"https:\/\/slacktivity.com\/pt-pt\/wp-json\/wp\/v2\/product"}],"about":[{"href":"https:\/\/slacktivity.com\/pt-pt\/wp-json\/wp\/v2\/types\/product"}],"replies":[{"embeddable":true,"href":"https:\/\/slacktivity.com\/pt-pt\/wp-json\/wp\/v2\/comments?post=11686"}],"wp:featuredmedia":[{"embeddable":true,"href":"https:\/\/slacktivity.com\/pt-pt\/wp-json\/wp\/v2\/media\/12889"}],"wp:attachment":[{"href":"https:\/\/slacktivity.com\/pt-pt\/wp-json\/wp\/v2\/media?parent=11686"}],"wp:term":[{"taxonomy":"product_cat","embeddable":true,"href":"https:\/\/slacktivity.com\/pt-pt\/wp-json\/wp\/v2\/product_cat?post=11686"},{"taxonomy":"product_tag","embeddable":true,"href":"https:\/\/slacktivity.com\/pt-pt\/wp-json\/wp\/v2\/product_tag?post=11686"}],"curies":[{"name":"wp","href":"https:\/\/api.w.org\/{rel}","templated":true}]}}