{"id":11695,"date":"2023-05-17T05:38:37","date_gmt":"2023-05-17T05:38:37","guid":{"rendered":"https:\/\/slacktivity.com\/shop\/highline-leash\/"},"modified":"2025-03-21T14:05:32","modified_gmt":"2025-03-21T14:05:32","slug":"highline-leash","status":"publish","type":"product","link":"https:\/\/slacktivity.com\/pt-pt\/shop\/highline-leash\/","title":{"rendered":"Highline Leash"},"content":{"rendered":"<h2><img decoding=\"async\" class=\"size-full wp-image-4442 alignleft no-lazyload\" src=\"https:\/\/slacktivity.com\/wp-content\/uploads\/2021\/02\/isa-approved-highline-leash.png\" alt=\"ISA highline ring and leash Certification Logo\" width=\"55\" height=\"55\">Highline Leash &#8211; 320cm | Certificada pela ISA<\/h2>\n<p>A <strong>Highline Leash<\/strong> da Slacktivity foi testada de acordo com a <strong>norma de seguran\u00e7a ISA 37<\/strong>, da <a href=\"https:\/\/slacktivity.com\/pt-pt\/tag\/equipamento-certificado-pela-isa\/\">International Slackline Association,<\/a> o que a torna a melhor op\u00e7\u00e3o para garantir seguran\u00e7a para a pr\u00e1tica de <a href=\"https:\/\/slacktivity.com\/pt-pt\/tag\/highline\/\">highline<\/a>.<\/p>\n<p>Agora, a highline leash da SLACKTIVITY conta com <strong>extremidades costuradas<\/strong>, <strong>garantindo que a capa e a corda fiquem fixas<\/strong>, evitando que deslizem ou se soltem.<\/p>\n<p>Uma corda de escalada da<strong> Edelrid (Dynamic rope Hummingbird ECO Dry)<\/strong> \u00e9 passada pelo interior de uma cinta tubular de nylon de 20 mm, para criar uma leash redundante. A cinta tem um toque macio, que facilita a escalada ap\u00f3s uma queda, assim como o processo desamarrar o n\u00f3. As bordas pretas s\u00e3o \u00f3timas para detectar tor\u00e7\u00f5es na Highline Leash, que fiquemos a girar depois de uma queda.<\/p>\n<p>O comprimento de 320cm \u00e9 perfeito para fazer um n\u00f3 figure-8 knot, no arn\u00eas e no anel, e ainda sobrar comprimento suficiente para se fazer highline sem que a leash incomode.<\/p>\n<p>A Highline Leash da SLACKTIVITY pode ou n\u00e3o incluir um ou dois an\u00e9is de highline certificados. Cada <a href=\"https:\/\/slacktivity.com\/shop\/highline-ring\/\">anel<\/a> \u00e9 testado em pr\u00e9-carga para 6kN e tamb\u00e9m possui a <a href=\"https:\/\/www.slacklineinternational.org\/safety-labels\/\" target=\"_blank\" rel=\"noopener\">certifica\u00e7\u00e3o ISA:37.<\/a> \u00c9 leve, forte e possui uma superf\u00edcie suave para prevenir que provoque danos na linha de highline. Esteja ciente de que o highline pode ser uma atividade perigosa se feito incorretamente. Recomendamos que aprenda com especialistas ou highliners experientes antes de come\u00e7ar a praticar sozinho.<\/p>\n<p>Pode escolher entre comprar apenas a leash, comprar com um ou dois aneis.<\/p>\n<h3>Dica &#8211; 1 vs. 2 aneis<\/h3>\n<p>Prenda os dois aneis um ao outro com fita. Dois an\u00e9is deslizam mais facilmente sobre as fitas do seu highline. O anel de highline certificado pode ser usado individualmente na leash mas, atualmente, \u00e9 comum o uso de dois aneis juntos. \u00c9 uma quest\u00e3o de redund\u00e2ncia, mas do ponto de vista da seguran\u00e7a, com an\u00e9is certificados, n\u00e3o \u00e9 mais necess\u00e1rio. Se ainda assim se optar por usar 2 an\u00e9is &#8211; \u00e9 recomend\u00e1vel prende-los um ao outro com fita adesiva .<\/p>\n<h3>Destaques da Highline Leash<\/h3>\n<ul>\n<li><strong>Breaking load Edelrid Hummingbird Pro Dry 9.2 with Figure-8:<\/strong> 17kN<\/li>\n<li><strong>MBS (minimum breaking load) do anel de alum\u00ednio:<\/strong> 39kN<\/li>\n<li><strong>9,2mm Dynamic rope Hummingbird ECO Dry &#8211; <\/strong>Static elongation: 6 % \/ Dynamic elongation: 31 % (Certification: EN 892)<\/li>\n<li><strong>Peso da leash e do anel:<\/strong> 350g<\/li>\n<li><strong>Peso do anel de alum\u00ednio:<\/strong> 51g<\/li>\n<li><strong>Comprimento da leash:<\/strong> 320cm<\/li>\n<li><strong>Rosqueada em cinta tubular<\/strong><\/li>\n<li><strong>Extremidades Costuradas<\/strong><\/li>\n<li>Produzida pela SLACKTIVITY International<\/li>\n<li><strong>Anel forjado a quente em alum\u00ednio 6061-T6<\/strong><\/li>\n<li><strong>Diametro Externo do Anel:<\/strong> 80mm<\/li>\n<li><strong>Di\u00e2metro Interno do Anel:<\/strong> 60mm<\/li>\n<li>Certificada de acordo com a norma <a href=\"https:\/\/www.slacklineinternational.org\/isa-gear-standards\/\" target=\"_blank\" rel=\"noopener\"><strong>ISA:37 standard<\/strong><\/a><\/li>\n<\/ul>\n<p><strong>Ring Padding: <\/strong>usar o nosso ring padding garante prote\u00e7\u00e3o contra pacandas mais fortes no anel. Pode ser <a href=\"https:\/\/slacktivity.com\/shop\/highline-leash-ring-padding\/\">comprado<\/a> ou pode ser impresso numa impressora 3D. Fa\u00e7a o download dos ficheiros na p\u00e1gina do <a href=\"https:\/\/slacktivity.com\/shop\/highline-leash-ring-padding\/\">Leash Ring Padding<\/a>.<\/p>\n<p><strong>Antes de usar este equipamento, dever\u00e1 ler e perceber as instru\u00e7\u00f5es do seu uso. Fa\u00e7a o download do manual (PDF) no separador dos manuais.<\/strong><\/p>\n","protected":false},"excerpt":{"rendered":"<p><strong>Highline Leash<\/strong> certificada pela norma de seguran\u00e7a da International Slackline Association &#8211; ISA 37, pode incluir an\u00e9is de highline superfortes certificados.<\/p>\n","protected":false},"featured_media":11696,"comment_status":"open","ping_status":"closed","template":"","meta":{"_acf_changed":false,"_joinchat":[]},"product_cat":[514,513],"product_tag":[553,552],"class_list":{"0":"post-11695","1":"product","2":"type-product","3":"status-publish","4":"has-post-thumbnail","6":"product_cat-certificado-pela-isa","7":"product_cat-equipamento-de-highline","8":"product_tag-equipamento-certificado-pela-isa","9":"product_tag-highline","10":"pa_brand-slacktivity-pt-pt","12":"first","13":"instock","14":"featured","15":"taxable","16":"shipping-taxable","17":"purchasable","18":"product-type-variable","19":"has-default-attributes","swatches":"rey-swatches","show_selected":""},"acf":[],"yoast_head":"<!-- This site is optimized with the Yoast SEO plugin v27.4 - https:\/\/yoast.com\/product\/yoast-seo-wordpress\/ -->\n<title>Highline Leash - Certificada &amp; Aprovada pela ISA | SLACKTIVITY<\/title>\n<meta name=\"description\" content=\"O \u00fanico set de Leash certificado pela International Slackline Association. Dispon\u00edvel em 3 cores, pode incluir an\u00e9is de highline certificados.\" \/>\n<meta name=\"robots\" content=\"index, follow, max-snippet:-1, max-image-preview:large, max-video-preview:-1\" \/>\n<link rel=\"canonical\" href=\"https:\/\/slacktivity.com\/pt-pt\/shop\/highline-leash\/\" \/>\n<meta property=\"og:locale\" content=\"pt_PT\" \/>\n<meta property=\"og:type\" content=\"article\" \/>\n<meta property=\"og:title\" content=\"Highline Leash - Certificada &amp; Aprovada pela ISA | SLACKTIVITY\" \/>\n<meta property=\"og:description\" content=\"O \u00fanico set de Leash certificado pela International Slackline Association. Dispon\u00edvel em 3 cores, pode incluir an\u00e9is de highline certificados.\" \/>\n<meta property=\"og:url\" content=\"https:\/\/slacktivity.com\/pt-pt\/shop\/highline-leash\/\" \/>\n<meta property=\"og:site_name\" content=\"Slacktivity Slacklines International Shop\" \/>\n<meta property=\"article:publisher\" content=\"https:\/\/www.facebook.com\/SLACKTIVITY\/\" \/>\n<meta property=\"article:modified_time\" content=\"2025-03-21T14:05:32+00:00\" \/>\n<meta property=\"og:image\" content=\"https:\/\/slacktivity.com\/wp-content\/uploads\/2021\/05\/highline-leash-set.jpg\" \/>\n\t<meta property=\"og:image:width\" content=\"1180\" \/>\n\t<meta property=\"og:image:height\" content=\"1377\" \/>\n\t<meta property=\"og:image:type\" content=\"image\/jpeg\" \/>\n<meta name=\"twitter:card\" content=\"summary_large_image\" \/>\n<meta name=\"twitter:label1\" content=\"Tempo estimado de leitura\" \/>\n\t<meta name=\"twitter:data1\" content=\"3 minutos\" \/>\n<script type=\"application\/ld+json\" class=\"yoast-schema-graph\">{\"@context\":\"https:\\\/\\\/schema.org\",\"@graph\":[{\"@type\":\"WebPage\",\"@id\":\"https:\\\/\\\/slacktivity.com\\\/pt-pt\\\/shop\\\/highline-leash\\\/\",\"url\":\"https:\\\/\\\/slacktivity.com\\\/pt-pt\\\/shop\\\/highline-leash\\\/\",\"name\":\"Highline Leash - Certificada & Aprovada pela ISA | SLACKTIVITY\",\"isPartOf\":{\"@id\":\"https:\\\/\\\/slacktivity.com\\\/pt-pt\\\/#website\"},\"primaryImageOfPage\":{\"@id\":\"https:\\\/\\\/slacktivity.com\\\/pt-pt\\\/shop\\\/highline-leash\\\/#primaryimage\"},\"image\":{\"@id\":\"https:\\\/\\\/slacktivity.com\\\/pt-pt\\\/shop\\\/highline-leash\\\/#primaryimage\"},\"thumbnailUrl\":\"https:\\\/\\\/slacktivity.com\\\/wp-content\\\/uploads\\\/2021\\\/05\\\/highline-leash-set.jpg\",\"datePublished\":\"2023-05-17T05:38:37+00:00\",\"dateModified\":\"2025-03-21T14:05:32+00:00\",\"description\":\"O \u00fanico set de Leash certificado pela International Slackline Association. Dispon\u00edvel em 3 cores, pode incluir an\u00e9is de highline certificados.\",\"breadcrumb\":{\"@id\":\"https:\\\/\\\/slacktivity.com\\\/pt-pt\\\/shop\\\/highline-leash\\\/#breadcrumb\"},\"inLanguage\":\"pt-PT\",\"potentialAction\":[{\"@type\":\"ReadAction\",\"target\":[\"https:\\\/\\\/slacktivity.com\\\/pt-pt\\\/shop\\\/highline-leash\\\/\"]}]},{\"@type\":\"ImageObject\",\"inLanguage\":\"pt-PT\",\"@id\":\"https:\\\/\\\/slacktivity.com\\\/pt-pt\\\/shop\\\/highline-leash\\\/#primaryimage\",\"url\":\"https:\\\/\\\/slacktivity.com\\\/wp-content\\\/uploads\\\/2021\\\/05\\\/highline-leash-set.jpg\",\"contentUrl\":\"https:\\\/\\\/slacktivity.com\\\/wp-content\\\/uploads\\\/2021\\\/05\\\/highline-leash-set.jpg\",\"width\":1180,\"height\":1377},{\"@type\":\"BreadcrumbList\",\"@id\":\"https:\\\/\\\/slacktivity.com\\\/pt-pt\\\/shop\\\/highline-leash\\\/#breadcrumb\",\"itemListElement\":[{\"@type\":\"ListItem\",\"position\":1,\"name\":\"Home\",\"item\":\"https:\\\/\\\/slacktivity.com\\\/pt-pt\\\/\"},{\"@type\":\"ListItem\",\"position\":2,\"name\":\"loja\",\"item\":\"https:\\\/\\\/slacktivity.com\\\/pt-pt\\\/loja\\\/\"},{\"@type\":\"ListItem\",\"position\":3,\"name\":\"Highline Leash\"}]},{\"@type\":\"WebSite\",\"@id\":\"https:\\\/\\\/slacktivity.com\\\/pt-pt\\\/#website\",\"url\":\"https:\\\/\\\/slacktivity.com\\\/pt-pt\\\/\",\"name\":\"Slacktivity Slacklines International Shop\",\"description\":\"Discover the innovative products of Slacktivity. Swiss designed premium slackline gear. Advice from our experts for the best and a safe slackline experience.\",\"publisher\":{\"@id\":\"https:\\\/\\\/slacktivity.com\\\/pt-pt\\\/#organization\"},\"potentialAction\":[{\"@type\":\"SearchAction\",\"target\":{\"@type\":\"EntryPoint\",\"urlTemplate\":\"https:\\\/\\\/slacktivity.com\\\/pt-pt\\\/?s={search_term_string}\"},\"query-input\":{\"@type\":\"PropertyValueSpecification\",\"valueRequired\":true,\"valueName\":\"search_term_string\"}}],\"inLanguage\":\"pt-PT\"},{\"@type\":\"Organization\",\"@id\":\"https:\\\/\\\/slacktivity.com\\\/pt-pt\\\/#organization\",\"name\":\"Slacktivity Slacklines\",\"url\":\"https:\\\/\\\/slacktivity.com\\\/pt-pt\\\/\",\"logo\":{\"@type\":\"ImageObject\",\"inLanguage\":\"pt-PT\",\"@id\":\"https:\\\/\\\/slacktivity.com\\\/pt-pt\\\/#\\\/schema\\\/logo\\\/image\\\/\",\"url\":\"https:\\\/\\\/slacktivity.com\\\/wp-content\\\/uploads\\\/2021\\\/01\\\/slacktivity-slackline-online-shop-1.png\",\"contentUrl\":\"https:\\\/\\\/slacktivity.com\\\/wp-content\\\/uploads\\\/2021\\\/01\\\/slacktivity-slackline-online-shop-1.png\",\"width\":200,\"height\":77,\"caption\":\"Slacktivity Slacklines\"},\"image\":{\"@id\":\"https:\\\/\\\/slacktivity.com\\\/pt-pt\\\/#\\\/schema\\\/logo\\\/image\\\/\"},\"sameAs\":[\"https:\\\/\\\/www.facebook.com\\\/SLACKTIVITY\\\/\",\"https:\\\/\\\/www.instagram.com\\\/slacktivity\\\/\"]}]}<\/script>\n<!-- \/ Yoast SEO plugin. -->","yoast_head_json":{"title":"Highline Leash - Certificada & Aprovada pela ISA | SLACKTIVITY","description":"O \u00fanico set de Leash certificado pela International Slackline Association. Dispon\u00edvel em 3 cores, pode incluir an\u00e9is de highline certificados.","robots":{"index":"index","follow":"follow","max-snippet":"max-snippet:-1","max-image-preview":"max-image-preview:large","max-video-preview":"max-video-preview:-1"},"canonical":"https:\/\/slacktivity.com\/pt-pt\/shop\/highline-leash\/","og_locale":"pt_PT","og_type":"article","og_title":"Highline Leash - Certificada & Aprovada pela ISA | SLACKTIVITY","og_description":"O \u00fanico set de Leash certificado pela International Slackline Association. Dispon\u00edvel em 3 cores, pode incluir an\u00e9is de highline certificados.","og_url":"https:\/\/slacktivity.com\/pt-pt\/shop\/highline-leash\/","og_site_name":"Slacktivity Slacklines International Shop","article_publisher":"https:\/\/www.facebook.com\/SLACKTIVITY\/","article_modified_time":"2025-03-21T14:05:32+00:00","og_image":[{"width":1180,"height":1377,"url":"https:\/\/slacktivity.com\/wp-content\/uploads\/2021\/05\/highline-leash-set.jpg","type":"image\/jpeg"}],"twitter_card":"summary_large_image","twitter_misc":{"Tempo estimado de leitura":"3 minutos"},"schema":{"@context":"https:\/\/schema.org","@graph":[{"@type":"WebPage","@id":"https:\/\/slacktivity.com\/pt-pt\/shop\/highline-leash\/","url":"https:\/\/slacktivity.com\/pt-pt\/shop\/highline-leash\/","name":"Highline Leash - Certificada & Aprovada pela ISA | SLACKTIVITY","isPartOf":{"@id":"https:\/\/slacktivity.com\/pt-pt\/#website"},"primaryImageOfPage":{"@id":"https:\/\/slacktivity.com\/pt-pt\/shop\/highline-leash\/#primaryimage"},"image":{"@id":"https:\/\/slacktivity.com\/pt-pt\/shop\/highline-leash\/#primaryimage"},"thumbnailUrl":"https:\/\/slacktivity.com\/wp-content\/uploads\/2021\/05\/highline-leash-set.jpg","datePublished":"2023-05-17T05:38:37+00:00","dateModified":"2025-03-21T14:05:32+00:00","description":"O \u00fanico set de Leash certificado pela International Slackline Association. Dispon\u00edvel em 3 cores, pode incluir an\u00e9is de highline certificados.","breadcrumb":{"@id":"https:\/\/slacktivity.com\/pt-pt\/shop\/highline-leash\/#breadcrumb"},"inLanguage":"pt-PT","potentialAction":[{"@type":"ReadAction","target":["https:\/\/slacktivity.com\/pt-pt\/shop\/highline-leash\/"]}]},{"@type":"ImageObject","inLanguage":"pt-PT","@id":"https:\/\/slacktivity.com\/pt-pt\/shop\/highline-leash\/#primaryimage","url":"https:\/\/slacktivity.com\/wp-content\/uploads\/2021\/05\/highline-leash-set.jpg","contentUrl":"https:\/\/slacktivity.com\/wp-content\/uploads\/2021\/05\/highline-leash-set.jpg","width":1180,"height":1377},{"@type":"BreadcrumbList","@id":"https:\/\/slacktivity.com\/pt-pt\/shop\/highline-leash\/#breadcrumb","itemListElement":[{"@type":"ListItem","position":1,"name":"Home","item":"https:\/\/slacktivity.com\/pt-pt\/"},{"@type":"ListItem","position":2,"name":"loja","item":"https:\/\/slacktivity.com\/pt-pt\/loja\/"},{"@type":"ListItem","position":3,"name":"Highline Leash"}]},{"@type":"WebSite","@id":"https:\/\/slacktivity.com\/pt-pt\/#website","url":"https:\/\/slacktivity.com\/pt-pt\/","name":"Slacktivity Slacklines International Shop","description":"Discover the innovative products of Slacktivity. Swiss designed premium slackline gear. Advice from our experts for the best and a safe slackline experience.","publisher":{"@id":"https:\/\/slacktivity.com\/pt-pt\/#organization"},"potentialAction":[{"@type":"SearchAction","target":{"@type":"EntryPoint","urlTemplate":"https:\/\/slacktivity.com\/pt-pt\/?s={search_term_string}"},"query-input":{"@type":"PropertyValueSpecification","valueRequired":true,"valueName":"search_term_string"}}],"inLanguage":"pt-PT"},{"@type":"Organization","@id":"https:\/\/slacktivity.com\/pt-pt\/#organization","name":"Slacktivity Slacklines","url":"https:\/\/slacktivity.com\/pt-pt\/","logo":{"@type":"ImageObject","inLanguage":"pt-PT","@id":"https:\/\/slacktivity.com\/pt-pt\/#\/schema\/logo\/image\/","url":"https:\/\/slacktivity.com\/wp-content\/uploads\/2021\/01\/slacktivity-slackline-online-shop-1.png","contentUrl":"https:\/\/slacktivity.com\/wp-content\/uploads\/2021\/01\/slacktivity-slackline-online-shop-1.png","width":200,"height":77,"caption":"Slacktivity Slacklines"},"image":{"@id":"https:\/\/slacktivity.com\/pt-pt\/#\/schema\/logo\/image\/"},"sameAs":["https:\/\/www.facebook.com\/SLACKTIVITY\/","https:\/\/www.instagram.com\/slacktivity\/"]}]}},"_links":{"self":[{"href":"https:\/\/slacktivity.com\/pt-pt\/wp-json\/wp\/v2\/product\/11695","targetHints":{"allow":["GET"]}}],"collection":[{"href":"https:\/\/slacktivity.com\/pt-pt\/wp-json\/wp\/v2\/product"}],"about":[{"href":"https:\/\/slacktivity.com\/pt-pt\/wp-json\/wp\/v2\/types\/product"}],"replies":[{"embeddable":true,"href":"https:\/\/slacktivity.com\/pt-pt\/wp-json\/wp\/v2\/comments?post=11695"}],"wp:featuredmedia":[{"embeddable":true,"href":"https:\/\/slacktivity.com\/pt-pt\/wp-json\/wp\/v2\/media\/11696"}],"wp:attachment":[{"href":"https:\/\/slacktivity.com\/pt-pt\/wp-json\/wp\/v2\/media?parent=11695"}],"wp:term":[{"taxonomy":"product_cat","embeddable":true,"href":"https:\/\/slacktivity.com\/pt-pt\/wp-json\/wp\/v2\/product_cat?post=11695"},{"taxonomy":"product_tag","embeddable":true,"href":"https:\/\/slacktivity.com\/pt-pt\/wp-json\/wp\/v2\/product_tag?post=11695"}],"curies":[{"name":"wp","href":"https:\/\/api.w.org\/{rel}","templated":true}]}}