{"id":11711,"date":"2021-03-07T13:37:57","date_gmt":"2023-04-12T15:38:30","guid":{"rendered":"https:\/\/slacktivity.com\/shop\/lineslider-2-0-protecao-de-slings-slacklines\/"},"modified":"2023-09-01T00:00:04","modified_gmt":"2023-09-01T00:00:04","slug":"lineslider-protetor-de-slackline","status":"publish","type":"product","link":"https:\/\/slacktivity.com\/pt-pt\/shop\/lineslider-protetor-de-slackline\/","title":{"rendered":"LineSlider 2.0 | Prote\u00e7\u00e3o de Slings &amp; Slacklines"},"content":{"rendered":"<h2>LineSlider 2.0 | Prote\u00e7\u00e3o de Slings &amp; Slacklines<\/h2>\n<p>O LineSlider garante a prote\u00e7\u00e3o do teu slackline e dos teus slings. Tamb\u00e9m \u00e9 altamente recomendado para slackline em instala\u00e7\u00f5es escolares para evitar danos por abras\u00e3o nas caixas de gin\u00e1stica.<\/p>\n<p>Com o mais recente desenvolvimento da SLACKTIVITY, o LineSlider 2.0 oferece um fecho de velcro ao longo de todo o comprimento &#8211; para que a prote\u00e7\u00e3o tamb\u00e9m possa ser anexada a slacklines ou slings. Os loops de 4 compartimentos em ambas as extremidades oferecem muitas op\u00e7\u00f5es de ajuste para fixar a prote\u00e7\u00e3o do slackline onde \u00e9 realmente precisa.<\/p>\n<h3>Especif\u00edca\u00e7\u00f5es<\/h3>\n<ul>\n<li><strong>Adequado para slacklines e slings at\u00e9 5 cm de largura<\/strong><\/li>\n<li><strong>80cm de comprimento, 7cm de largura (fechado)<\/strong><\/li>\n<li><strong>Loops qu\u00e1druplos<\/strong> em ambas as extremidades para fixar o lineslider ou unir v\u00e1rios Linesliders<\/li>\n<li><strong>Tecido de 2 compartimentos<\/strong>, tecido de feltro de alta qualidade por fora, tecido de poli\u00e9ster resistente a rasgos por dentro<\/li>\n<li><strong>Bordas refor\u00e7adas<\/strong> em ambas as extremidades tornam o LineSlider dur\u00e1vel e robusto<\/li>\n<\/ul>\n","protected":false},"excerpt":{"rendered":"<p>Bordas refor\u00e7adas em ambas as extremidades tornam o LineSlider dur\u00e1vel e robusto Com o pr\u00e1tico fecho de velcro, o LineSlider pode ser adaptado para slacklines ou slings.<\/p>\n","protected":false},"featured_media":11712,"comment_status":"open","ping_status":"closed","template":"","meta":{"_acf_changed":false,"_joinchat":[]},"product_cat":[899,957],"product_tag":[552,909],"class_list":{"0":"post-11711","1":"product","2":"type-product","3":"status-publish","4":"has-post-thumbnail","6":"product_cat-ancoragem-e-sligns","7":"product_cat-protecoes-de-arvore","8":"product_tag-highline","9":"product_tag-slackline-indoor","10":"pa_brand-slacktivity-pt-pt","12":"first","13":"instock","14":"taxable","15":"shipping-taxable","16":"purchasable","17":"product-type-simple","swatches":"rey-swatches","show_selected":""},"acf":[],"yoast_head":"<!-- This site is optimized with the Yoast SEO plugin v27.4 - https:\/\/yoast.com\/product\/yoast-seo-wordpress\/ -->\n<title>LineSlider 2.0 - Prote\u00e7\u00e3o de Slings &amp; Slackline | SLACKTIVITY<\/title>\n<meta name=\"description\" content=\"O LineSlider \u00e9 um protetor de slings e slacklines, que protege o equipamento da abras\u00e3o, assim como a capa de estofamento de caixas de gin\u00e1stica.\" \/>\n<meta name=\"robots\" content=\"index, follow, max-snippet:-1, max-image-preview:large, max-video-preview:-1\" \/>\n<link rel=\"canonical\" href=\"https:\/\/slacktivity.com\/pt-pt\/shop\/lineslider-protetor-de-slackline\/\" \/>\n<meta property=\"og:locale\" content=\"pt_PT\" \/>\n<meta property=\"og:type\" content=\"article\" \/>\n<meta property=\"og:title\" content=\"LineSlider 2.0 - Prote\u00e7\u00e3o de Slings &amp; Slackline | SLACKTIVITY\" \/>\n<meta property=\"og:description\" content=\"O LineSlider \u00e9 um protetor de slings e slacklines, que protege o equipamento da abras\u00e3o, assim como a capa de estofamento de caixas de gin\u00e1stica.\" \/>\n<meta property=\"og:url\" content=\"https:\/\/slacktivity.com\/pt-pt\/shop\/lineslider-protetor-de-slackline\/\" \/>\n<meta property=\"og:site_name\" content=\"Slacktivity Slacklines International Shop\" \/>\n<meta property=\"article:publisher\" content=\"https:\/\/www.facebook.com\/SLACKTIVITY\/\" \/>\n<meta property=\"article:modified_time\" content=\"2023-09-01T00:00:04+00:00\" \/>\n<meta property=\"og:image\" content=\"https:\/\/slacktivity.com\/wp-content\/uploads\/2021\/02\/slackline-protection.jpg\" \/>\n\t<meta property=\"og:image:width\" content=\"1180\" \/>\n\t<meta property=\"og:image:height\" content=\"1377\" \/>\n\t<meta property=\"og:image:type\" content=\"image\/jpeg\" \/>\n<meta name=\"twitter:card\" content=\"summary_large_image\" \/>\n<meta name=\"twitter:label1\" content=\"Tempo estimado de leitura\" \/>\n\t<meta name=\"twitter:data1\" content=\"1 minuto\" \/>\n<script type=\"application\/ld+json\" class=\"yoast-schema-graph\">{\"@context\":\"https:\\\/\\\/schema.org\",\"@graph\":[{\"@type\":\"WebPage\",\"@id\":\"https:\\\/\\\/slacktivity.com\\\/pt-pt\\\/shop\\\/lineslider-protetor-de-slackline\\\/\",\"url\":\"https:\\\/\\\/slacktivity.com\\\/pt-pt\\\/shop\\\/lineslider-protetor-de-slackline\\\/\",\"name\":\"LineSlider 2.0 - Prote\u00e7\u00e3o de Slings & Slackline | SLACKTIVITY\",\"isPartOf\":{\"@id\":\"https:\\\/\\\/slacktivity.com\\\/pt-pt\\\/#website\"},\"primaryImageOfPage\":{\"@id\":\"https:\\\/\\\/slacktivity.com\\\/pt-pt\\\/shop\\\/lineslider-protetor-de-slackline\\\/#primaryimage\"},\"image\":{\"@id\":\"https:\\\/\\\/slacktivity.com\\\/pt-pt\\\/shop\\\/lineslider-protetor-de-slackline\\\/#primaryimage\"},\"thumbnailUrl\":\"https:\\\/\\\/slacktivity.com\\\/wp-content\\\/uploads\\\/2021\\\/02\\\/slackline-protection.jpg\",\"datePublished\":\"2023-04-12T15:38:30+00:00\",\"dateModified\":\"2023-09-01T00:00:04+00:00\",\"description\":\"O LineSlider \u00e9 um protetor de slings e slacklines, que protege o equipamento da abras\u00e3o, assim como a capa de estofamento de caixas de gin\u00e1stica.\",\"breadcrumb\":{\"@id\":\"https:\\\/\\\/slacktivity.com\\\/pt-pt\\\/shop\\\/lineslider-protetor-de-slackline\\\/#breadcrumb\"},\"inLanguage\":\"pt-PT\",\"potentialAction\":[{\"@type\":\"ReadAction\",\"target\":[\"https:\\\/\\\/slacktivity.com\\\/pt-pt\\\/shop\\\/lineslider-protetor-de-slackline\\\/\"]}]},{\"@type\":\"ImageObject\",\"inLanguage\":\"pt-PT\",\"@id\":\"https:\\\/\\\/slacktivity.com\\\/pt-pt\\\/shop\\\/lineslider-protetor-de-slackline\\\/#primaryimage\",\"url\":\"https:\\\/\\\/slacktivity.com\\\/wp-content\\\/uploads\\\/2021\\\/02\\\/slackline-protection.jpg\",\"contentUrl\":\"https:\\\/\\\/slacktivity.com\\\/wp-content\\\/uploads\\\/2021\\\/02\\\/slackline-protection.jpg\",\"width\":1180,\"height\":1377},{\"@type\":\"BreadcrumbList\",\"@id\":\"https:\\\/\\\/slacktivity.com\\\/pt-pt\\\/shop\\\/lineslider-protetor-de-slackline\\\/#breadcrumb\",\"itemListElement\":[{\"@type\":\"ListItem\",\"position\":1,\"name\":\"Home\",\"item\":\"https:\\\/\\\/slacktivity.com\\\/pt-pt\\\/\"},{\"@type\":\"ListItem\",\"position\":2,\"name\":\"loja\",\"item\":\"https:\\\/\\\/slacktivity.com\\\/pt-pt\\\/loja\\\/\"},{\"@type\":\"ListItem\",\"position\":3,\"name\":\"LineSlider 2.0 | Prote\u00e7\u00e3o de Slings &amp; Slacklines\"}]},{\"@type\":\"WebSite\",\"@id\":\"https:\\\/\\\/slacktivity.com\\\/pt-pt\\\/#website\",\"url\":\"https:\\\/\\\/slacktivity.com\\\/pt-pt\\\/\",\"name\":\"Slacktivity Slacklines International Shop\",\"description\":\"Discover the innovative products of Slacktivity. Swiss designed premium slackline gear. Advice from our experts for the best and a safe slackline experience.\",\"publisher\":{\"@id\":\"https:\\\/\\\/slacktivity.com\\\/pt-pt\\\/#organization\"},\"potentialAction\":[{\"@type\":\"SearchAction\",\"target\":{\"@type\":\"EntryPoint\",\"urlTemplate\":\"https:\\\/\\\/slacktivity.com\\\/pt-pt\\\/?s={search_term_string}\"},\"query-input\":{\"@type\":\"PropertyValueSpecification\",\"valueRequired\":true,\"valueName\":\"search_term_string\"}}],\"inLanguage\":\"pt-PT\"},{\"@type\":\"Organization\",\"@id\":\"https:\\\/\\\/slacktivity.com\\\/pt-pt\\\/#organization\",\"name\":\"Slacktivity Slacklines\",\"url\":\"https:\\\/\\\/slacktivity.com\\\/pt-pt\\\/\",\"logo\":{\"@type\":\"ImageObject\",\"inLanguage\":\"pt-PT\",\"@id\":\"https:\\\/\\\/slacktivity.com\\\/pt-pt\\\/#\\\/schema\\\/logo\\\/image\\\/\",\"url\":\"https:\\\/\\\/slacktivity.com\\\/wp-content\\\/uploads\\\/2021\\\/01\\\/slacktivity-slackline-online-shop-1.png\",\"contentUrl\":\"https:\\\/\\\/slacktivity.com\\\/wp-content\\\/uploads\\\/2021\\\/01\\\/slacktivity-slackline-online-shop-1.png\",\"width\":200,\"height\":77,\"caption\":\"Slacktivity Slacklines\"},\"image\":{\"@id\":\"https:\\\/\\\/slacktivity.com\\\/pt-pt\\\/#\\\/schema\\\/logo\\\/image\\\/\"},\"sameAs\":[\"https:\\\/\\\/www.facebook.com\\\/SLACKTIVITY\\\/\",\"https:\\\/\\\/www.instagram.com\\\/slacktivity\\\/\"]}]}<\/script>\n<!-- \/ Yoast SEO plugin. -->","yoast_head_json":{"title":"LineSlider 2.0 - Prote\u00e7\u00e3o de Slings & Slackline | SLACKTIVITY","description":"O LineSlider \u00e9 um protetor de slings e slacklines, que protege o equipamento da abras\u00e3o, assim como a capa de estofamento de caixas de gin\u00e1stica.","robots":{"index":"index","follow":"follow","max-snippet":"max-snippet:-1","max-image-preview":"max-image-preview:large","max-video-preview":"max-video-preview:-1"},"canonical":"https:\/\/slacktivity.com\/pt-pt\/shop\/lineslider-protetor-de-slackline\/","og_locale":"pt_PT","og_type":"article","og_title":"LineSlider 2.0 - Prote\u00e7\u00e3o de Slings & Slackline | SLACKTIVITY","og_description":"O LineSlider \u00e9 um protetor de slings e slacklines, que protege o equipamento da abras\u00e3o, assim como a capa de estofamento de caixas de gin\u00e1stica.","og_url":"https:\/\/slacktivity.com\/pt-pt\/shop\/lineslider-protetor-de-slackline\/","og_site_name":"Slacktivity Slacklines International Shop","article_publisher":"https:\/\/www.facebook.com\/SLACKTIVITY\/","article_modified_time":"2023-09-01T00:00:04+00:00","og_image":[{"width":1180,"height":1377,"url":"https:\/\/slacktivity.com\/wp-content\/uploads\/2021\/02\/slackline-protection.jpg","type":"image\/jpeg"}],"twitter_card":"summary_large_image","twitter_misc":{"Tempo estimado de leitura":"1 minuto"},"schema":{"@context":"https:\/\/schema.org","@graph":[{"@type":"WebPage","@id":"https:\/\/slacktivity.com\/pt-pt\/shop\/lineslider-protetor-de-slackline\/","url":"https:\/\/slacktivity.com\/pt-pt\/shop\/lineslider-protetor-de-slackline\/","name":"LineSlider 2.0 - Prote\u00e7\u00e3o de Slings & Slackline | SLACKTIVITY","isPartOf":{"@id":"https:\/\/slacktivity.com\/pt-pt\/#website"},"primaryImageOfPage":{"@id":"https:\/\/slacktivity.com\/pt-pt\/shop\/lineslider-protetor-de-slackline\/#primaryimage"},"image":{"@id":"https:\/\/slacktivity.com\/pt-pt\/shop\/lineslider-protetor-de-slackline\/#primaryimage"},"thumbnailUrl":"https:\/\/slacktivity.com\/wp-content\/uploads\/2021\/02\/slackline-protection.jpg","datePublished":"2023-04-12T15:38:30+00:00","dateModified":"2023-09-01T00:00:04+00:00","description":"O LineSlider \u00e9 um protetor de slings e slacklines, que protege o equipamento da abras\u00e3o, assim como a capa de estofamento de caixas de gin\u00e1stica.","breadcrumb":{"@id":"https:\/\/slacktivity.com\/pt-pt\/shop\/lineslider-protetor-de-slackline\/#breadcrumb"},"inLanguage":"pt-PT","potentialAction":[{"@type":"ReadAction","target":["https:\/\/slacktivity.com\/pt-pt\/shop\/lineslider-protetor-de-slackline\/"]}]},{"@type":"ImageObject","inLanguage":"pt-PT","@id":"https:\/\/slacktivity.com\/pt-pt\/shop\/lineslider-protetor-de-slackline\/#primaryimage","url":"https:\/\/slacktivity.com\/wp-content\/uploads\/2021\/02\/slackline-protection.jpg","contentUrl":"https:\/\/slacktivity.com\/wp-content\/uploads\/2021\/02\/slackline-protection.jpg","width":1180,"height":1377},{"@type":"BreadcrumbList","@id":"https:\/\/slacktivity.com\/pt-pt\/shop\/lineslider-protetor-de-slackline\/#breadcrumb","itemListElement":[{"@type":"ListItem","position":1,"name":"Home","item":"https:\/\/slacktivity.com\/pt-pt\/"},{"@type":"ListItem","position":2,"name":"loja","item":"https:\/\/slacktivity.com\/pt-pt\/loja\/"},{"@type":"ListItem","position":3,"name":"LineSlider 2.0 | Prote\u00e7\u00e3o de Slings &amp; Slacklines"}]},{"@type":"WebSite","@id":"https:\/\/slacktivity.com\/pt-pt\/#website","url":"https:\/\/slacktivity.com\/pt-pt\/","name":"Slacktivity Slacklines International Shop","description":"Discover the innovative products of Slacktivity. Swiss designed premium slackline gear. Advice from our experts for the best and a safe slackline experience.","publisher":{"@id":"https:\/\/slacktivity.com\/pt-pt\/#organization"},"potentialAction":[{"@type":"SearchAction","target":{"@type":"EntryPoint","urlTemplate":"https:\/\/slacktivity.com\/pt-pt\/?s={search_term_string}"},"query-input":{"@type":"PropertyValueSpecification","valueRequired":true,"valueName":"search_term_string"}}],"inLanguage":"pt-PT"},{"@type":"Organization","@id":"https:\/\/slacktivity.com\/pt-pt\/#organization","name":"Slacktivity Slacklines","url":"https:\/\/slacktivity.com\/pt-pt\/","logo":{"@type":"ImageObject","inLanguage":"pt-PT","@id":"https:\/\/slacktivity.com\/pt-pt\/#\/schema\/logo\/image\/","url":"https:\/\/slacktivity.com\/wp-content\/uploads\/2021\/01\/slacktivity-slackline-online-shop-1.png","contentUrl":"https:\/\/slacktivity.com\/wp-content\/uploads\/2021\/01\/slacktivity-slackline-online-shop-1.png","width":200,"height":77,"caption":"Slacktivity Slacklines"},"image":{"@id":"https:\/\/slacktivity.com\/pt-pt\/#\/schema\/logo\/image\/"},"sameAs":["https:\/\/www.facebook.com\/SLACKTIVITY\/","https:\/\/www.instagram.com\/slacktivity\/"]}]}},"_links":{"self":[{"href":"https:\/\/slacktivity.com\/pt-pt\/wp-json\/wp\/v2\/product\/11711","targetHints":{"allow":["GET"]}}],"collection":[{"href":"https:\/\/slacktivity.com\/pt-pt\/wp-json\/wp\/v2\/product"}],"about":[{"href":"https:\/\/slacktivity.com\/pt-pt\/wp-json\/wp\/v2\/types\/product"}],"replies":[{"embeddable":true,"href":"https:\/\/slacktivity.com\/pt-pt\/wp-json\/wp\/v2\/comments?post=11711"}],"wp:featuredmedia":[{"embeddable":true,"href":"https:\/\/slacktivity.com\/pt-pt\/wp-json\/wp\/v2\/media\/11712"}],"wp:attachment":[{"href":"https:\/\/slacktivity.com\/pt-pt\/wp-json\/wp\/v2\/media?parent=11711"}],"wp:term":[{"taxonomy":"product_cat","embeddable":true,"href":"https:\/\/slacktivity.com\/pt-pt\/wp-json\/wp\/v2\/product_cat?post=11711"},{"taxonomy":"product_tag","embeddable":true,"href":"https:\/\/slacktivity.com\/pt-pt\/wp-json\/wp\/v2\/product_tag?post=11711"}],"curies":[{"name":"wp","href":"https:\/\/api.w.org\/{rel}","templated":true}]}}