{"id":11748,"date":"2021-03-02T15:00:59","date_gmt":"2023-04-13T10:01:05","guid":{"rendered":"https:\/\/slacktivity.com\/shop\/quick-link-maillon-rapide-inox-de-8mm\/"},"modified":"2023-04-13T10:01:05","modified_gmt":"2023-04-13T10:01:05","slug":"8mm-quick-link","status":"publish","type":"product","link":"https:\/\/slacktivity.com\/pt-pt\/shop\/8mm-quick-link\/","title":{"rendered":"Quick Link &#8211; Maillon Rapide &#8211; INOX de 8mm"},"content":{"rendered":"<p><strong>Quick link Maillon Rapide INOX de 8mm<\/strong>. Este <a href=\"https:\/\/slacktivity.com\/pt-pt\/category\/quicklinks-para-slackline\/\">quick link<\/a> pode ser usado para conectar slacklines, slings com bolts, T-loops com backup e outros elementos. Em aplica\u00e7\u00f5es outdoor permanentes, a vers\u00e3o INOX deve sempre ser a escolhida em detrimento da vers\u00e3o galvanizada.<\/p>\n<h2><strong>Especifica\u00e7\u00f5es do Quick link &#8211; Maillon Rapide INOX de 8mm<\/strong><\/h2>\n<ul>\n<li><strong>Abertura do Quick link <\/strong> aprox. 10.5mm<\/li>\n<li><strong>Peso:<\/strong> 78g<\/li>\n<li><strong>Dimens\u00f5es externas:<\/strong> 38mm (34.5mm sem rosca) x 73mm<\/li>\n<li><strong>Dimens\u00f5es interiores:<\/strong> 16mm (18.5mm sem rosca) x 57mm<\/li>\n<li><strong>Material:<\/strong> stainless steel S.S. 316L (INOX)<\/li>\n<li><strong>MBS:<\/strong> 44kN<\/li>\n<li>Made in France<\/li>\n<li><strong>WLL:<\/strong> 11kN<\/li>\n<\/ul>\n<p><strong>Nota<\/strong>: aperte bem o quicklink com a <a href=\"https:\/\/slacktivity.com\/shop\/climbing-tool-yourescrewed\/\">CLIMBING TOOL<\/a>, quando conectando dois slacklines.<\/p>\n","protected":false},"excerpt":{"rendered":"<p><strong>Quick link Maillon Rapide INOX de 8mm<\/strong>, usado para conectar slacklines, slings e T-loops com o backup.<\/p>\n","protected":false},"featured_media":6446,"comment_status":"open","ping_status":"closed","template":"","meta":{"_acf_changed":false,"_joinchat":[]},"product_cat":[506,892],"product_tag":[555],"class_list":{"0":"post-11748","1":"product","2":"type-product","3":"status-publish","4":"has-post-thumbnail","6":"product_cat-conectores-de-slackline","7":"product_cat-quicklinks-para-slackline","8":"product_tag-longline","9":"pa_brand-maillon-rapide-pt-pt","11":"first","12":"instock","13":"taxable","14":"shipping-taxable","15":"purchasable","16":"product-type-simple","swatches":"rey-swatches","show_selected":""},"acf":[],"yoast_head":"<!-- This site is optimized with the Yoast SEO plugin v27.5 - https:\/\/yoast.com\/product\/yoast-seo-wordpress\/ -->\n<title>Quick Link - Maillon Rapide - INOX de 8mm | Loja online da SLACKTIVITY<\/title>\n<meta name=\"description\" content=\"Quick link Maillon Rapide INOX de 8mm, usado para conectar slacklines, slings e T-loops com o backup.\" \/>\n<meta name=\"robots\" content=\"index, follow, max-snippet:-1, max-image-preview:large, max-video-preview:-1\" \/>\n<link rel=\"canonical\" href=\"https:\/\/slacktivity.com\/pt-pt\/shop\/8mm-quick-link\/\" \/>\n<meta property=\"og:locale\" content=\"pt_PT\" \/>\n<meta property=\"og:type\" content=\"article\" \/>\n<meta property=\"og:title\" content=\"Quick Link - Maillon Rapide - INOX de 8mm | Loja online da SLACKTIVITY\" \/>\n<meta property=\"og:description\" content=\"Quick link Maillon Rapide INOX de 8mm, usado para conectar slacklines, slings e T-loops com o backup.\" \/>\n<meta property=\"og:url\" content=\"https:\/\/slacktivity.com\/pt-pt\/shop\/8mm-quick-link\/\" \/>\n<meta property=\"og:site_name\" content=\"Slacktivity Slacklines International Shop\" \/>\n<meta property=\"article:publisher\" content=\"https:\/\/www.facebook.com\/SLACKTIVITY\/\" \/>\n<meta property=\"og:image\" content=\"https:\/\/slacktivity.com\/wp-content\/uploads\/2021\/03\/8mm-quick-link-maillon-rapid.jpg\" \/>\n\t<meta property=\"og:image:width\" content=\"1180\" \/>\n\t<meta property=\"og:image:height\" content=\"1377\" \/>\n\t<meta property=\"og:image:type\" content=\"image\/jpeg\" \/>\n<meta name=\"twitter:card\" content=\"summary_large_image\" \/>\n<meta name=\"twitter:label1\" content=\"Tempo estimado de leitura\" \/>\n\t<meta name=\"twitter:data1\" content=\"1 minuto\" \/>\n<script type=\"application\/ld+json\" class=\"yoast-schema-graph\">{\"@context\":\"https:\\\/\\\/schema.org\",\"@graph\":[{\"@type\":\"WebPage\",\"@id\":\"https:\\\/\\\/slacktivity.com\\\/pt-pt\\\/shop\\\/8mm-quick-link\\\/\",\"url\":\"https:\\\/\\\/slacktivity.com\\\/pt-pt\\\/shop\\\/8mm-quick-link\\\/\",\"name\":\"Quick Link - Maillon Rapide - INOX de 8mm | Loja online da SLACKTIVITY\",\"isPartOf\":{\"@id\":\"https:\\\/\\\/slacktivity.com\\\/pt-pt\\\/#website\"},\"primaryImageOfPage\":{\"@id\":\"https:\\\/\\\/slacktivity.com\\\/pt-pt\\\/shop\\\/8mm-quick-link\\\/#primaryimage\"},\"image\":{\"@id\":\"https:\\\/\\\/slacktivity.com\\\/pt-pt\\\/shop\\\/8mm-quick-link\\\/#primaryimage\"},\"thumbnailUrl\":\"https:\\\/\\\/slacktivity.com\\\/wp-content\\\/uploads\\\/2021\\\/03\\\/8mm-quick-link-maillon-rapid.jpg\",\"datePublished\":\"2023-04-13T10:01:05+00:00\",\"description\":\"Quick link Maillon Rapide INOX de 8mm, usado para conectar slacklines, slings e T-loops com o backup.\",\"breadcrumb\":{\"@id\":\"https:\\\/\\\/slacktivity.com\\\/pt-pt\\\/shop\\\/8mm-quick-link\\\/#breadcrumb\"},\"inLanguage\":\"pt-PT\",\"potentialAction\":[{\"@type\":\"ReadAction\",\"target\":[\"https:\\\/\\\/slacktivity.com\\\/pt-pt\\\/shop\\\/8mm-quick-link\\\/\"]}]},{\"@type\":\"ImageObject\",\"inLanguage\":\"pt-PT\",\"@id\":\"https:\\\/\\\/slacktivity.com\\\/pt-pt\\\/shop\\\/8mm-quick-link\\\/#primaryimage\",\"url\":\"https:\\\/\\\/slacktivity.com\\\/wp-content\\\/uploads\\\/2021\\\/03\\\/8mm-quick-link-maillon-rapid.jpg\",\"contentUrl\":\"https:\\\/\\\/slacktivity.com\\\/wp-content\\\/uploads\\\/2021\\\/03\\\/8mm-quick-link-maillon-rapid.jpg\",\"width\":1180,\"height\":1377,\"caption\":\"8mm quick link - Maillon Rapid\"},{\"@type\":\"BreadcrumbList\",\"@id\":\"https:\\\/\\\/slacktivity.com\\\/pt-pt\\\/shop\\\/8mm-quick-link\\\/#breadcrumb\",\"itemListElement\":[{\"@type\":\"ListItem\",\"position\":1,\"name\":\"Home\",\"item\":\"https:\\\/\\\/slacktivity.com\\\/pt-pt\\\/\"},{\"@type\":\"ListItem\",\"position\":2,\"name\":\"loja\",\"item\":\"https:\\\/\\\/slacktivity.com\\\/pt-pt\\\/loja\\\/\"},{\"@type\":\"ListItem\",\"position\":3,\"name\":\"Quick Link &#8211; Maillon Rapide &#8211; INOX de 8mm\"}]},{\"@type\":\"WebSite\",\"@id\":\"https:\\\/\\\/slacktivity.com\\\/pt-pt\\\/#website\",\"url\":\"https:\\\/\\\/slacktivity.com\\\/pt-pt\\\/\",\"name\":\"Slacktivity Slacklines International Shop\",\"description\":\"Discover the innovative products of Slacktivity. Swiss designed premium slackline gear. Advice from our experts for the best and a safe slackline experience.\",\"publisher\":{\"@id\":\"https:\\\/\\\/slacktivity.com\\\/pt-pt\\\/#organization\"},\"potentialAction\":[{\"@type\":\"SearchAction\",\"target\":{\"@type\":\"EntryPoint\",\"urlTemplate\":\"https:\\\/\\\/slacktivity.com\\\/pt-pt\\\/?s={search_term_string}\"},\"query-input\":{\"@type\":\"PropertyValueSpecification\",\"valueRequired\":true,\"valueName\":\"search_term_string\"}}],\"inLanguage\":\"pt-PT\"},{\"@type\":\"Organization\",\"@id\":\"https:\\\/\\\/slacktivity.com\\\/pt-pt\\\/#organization\",\"name\":\"Slacktivity Slacklines\",\"url\":\"https:\\\/\\\/slacktivity.com\\\/pt-pt\\\/\",\"logo\":{\"@type\":\"ImageObject\",\"inLanguage\":\"pt-PT\",\"@id\":\"https:\\\/\\\/slacktivity.com\\\/pt-pt\\\/#\\\/schema\\\/logo\\\/image\\\/\",\"url\":\"https:\\\/\\\/slacktivity.com\\\/wp-content\\\/uploads\\\/2021\\\/01\\\/slacktivity-slackline-online-shop-1.png\",\"contentUrl\":\"https:\\\/\\\/slacktivity.com\\\/wp-content\\\/uploads\\\/2021\\\/01\\\/slacktivity-slackline-online-shop-1.png\",\"width\":200,\"height\":77,\"caption\":\"Slacktivity Slacklines\"},\"image\":{\"@id\":\"https:\\\/\\\/slacktivity.com\\\/pt-pt\\\/#\\\/schema\\\/logo\\\/image\\\/\"},\"sameAs\":[\"https:\\\/\\\/www.facebook.com\\\/SLACKTIVITY\\\/\",\"https:\\\/\\\/www.instagram.com\\\/slacktivity\\\/\"]}]}<\/script>\n<!-- \/ Yoast SEO plugin. -->","yoast_head_json":{"title":"Quick Link - Maillon Rapide - INOX de 8mm | Loja online da SLACKTIVITY","description":"Quick link Maillon Rapide INOX de 8mm, usado para conectar slacklines, slings e T-loops com o backup.","robots":{"index":"index","follow":"follow","max-snippet":"max-snippet:-1","max-image-preview":"max-image-preview:large","max-video-preview":"max-video-preview:-1"},"canonical":"https:\/\/slacktivity.com\/pt-pt\/shop\/8mm-quick-link\/","og_locale":"pt_PT","og_type":"article","og_title":"Quick Link - Maillon Rapide - INOX de 8mm | Loja online da SLACKTIVITY","og_description":"Quick link Maillon Rapide INOX de 8mm, usado para conectar slacklines, slings e T-loops com o backup.","og_url":"https:\/\/slacktivity.com\/pt-pt\/shop\/8mm-quick-link\/","og_site_name":"Slacktivity Slacklines International Shop","article_publisher":"https:\/\/www.facebook.com\/SLACKTIVITY\/","og_image":[{"width":1180,"height":1377,"url":"https:\/\/slacktivity.com\/wp-content\/uploads\/2021\/03\/8mm-quick-link-maillon-rapid.jpg","type":"image\/jpeg"}],"twitter_card":"summary_large_image","twitter_misc":{"Tempo estimado de leitura":"1 minuto"},"schema":{"@context":"https:\/\/schema.org","@graph":[{"@type":"WebPage","@id":"https:\/\/slacktivity.com\/pt-pt\/shop\/8mm-quick-link\/","url":"https:\/\/slacktivity.com\/pt-pt\/shop\/8mm-quick-link\/","name":"Quick Link - Maillon Rapide - INOX de 8mm | Loja online da SLACKTIVITY","isPartOf":{"@id":"https:\/\/slacktivity.com\/pt-pt\/#website"},"primaryImageOfPage":{"@id":"https:\/\/slacktivity.com\/pt-pt\/shop\/8mm-quick-link\/#primaryimage"},"image":{"@id":"https:\/\/slacktivity.com\/pt-pt\/shop\/8mm-quick-link\/#primaryimage"},"thumbnailUrl":"https:\/\/slacktivity.com\/wp-content\/uploads\/2021\/03\/8mm-quick-link-maillon-rapid.jpg","datePublished":"2023-04-13T10:01:05+00:00","description":"Quick link Maillon Rapide INOX de 8mm, usado para conectar slacklines, slings e T-loops com o backup.","breadcrumb":{"@id":"https:\/\/slacktivity.com\/pt-pt\/shop\/8mm-quick-link\/#breadcrumb"},"inLanguage":"pt-PT","potentialAction":[{"@type":"ReadAction","target":["https:\/\/slacktivity.com\/pt-pt\/shop\/8mm-quick-link\/"]}]},{"@type":"ImageObject","inLanguage":"pt-PT","@id":"https:\/\/slacktivity.com\/pt-pt\/shop\/8mm-quick-link\/#primaryimage","url":"https:\/\/slacktivity.com\/wp-content\/uploads\/2021\/03\/8mm-quick-link-maillon-rapid.jpg","contentUrl":"https:\/\/slacktivity.com\/wp-content\/uploads\/2021\/03\/8mm-quick-link-maillon-rapid.jpg","width":1180,"height":1377,"caption":"8mm quick link - Maillon Rapid"},{"@type":"BreadcrumbList","@id":"https:\/\/slacktivity.com\/pt-pt\/shop\/8mm-quick-link\/#breadcrumb","itemListElement":[{"@type":"ListItem","position":1,"name":"Home","item":"https:\/\/slacktivity.com\/pt-pt\/"},{"@type":"ListItem","position":2,"name":"loja","item":"https:\/\/slacktivity.com\/pt-pt\/loja\/"},{"@type":"ListItem","position":3,"name":"Quick Link &#8211; Maillon Rapide &#8211; INOX de 8mm"}]},{"@type":"WebSite","@id":"https:\/\/slacktivity.com\/pt-pt\/#website","url":"https:\/\/slacktivity.com\/pt-pt\/","name":"Slacktivity Slacklines International Shop","description":"Discover the innovative products of Slacktivity. Swiss designed premium slackline gear. Advice from our experts for the best and a safe slackline experience.","publisher":{"@id":"https:\/\/slacktivity.com\/pt-pt\/#organization"},"potentialAction":[{"@type":"SearchAction","target":{"@type":"EntryPoint","urlTemplate":"https:\/\/slacktivity.com\/pt-pt\/?s={search_term_string}"},"query-input":{"@type":"PropertyValueSpecification","valueRequired":true,"valueName":"search_term_string"}}],"inLanguage":"pt-PT"},{"@type":"Organization","@id":"https:\/\/slacktivity.com\/pt-pt\/#organization","name":"Slacktivity Slacklines","url":"https:\/\/slacktivity.com\/pt-pt\/","logo":{"@type":"ImageObject","inLanguage":"pt-PT","@id":"https:\/\/slacktivity.com\/pt-pt\/#\/schema\/logo\/image\/","url":"https:\/\/slacktivity.com\/wp-content\/uploads\/2021\/01\/slacktivity-slackline-online-shop-1.png","contentUrl":"https:\/\/slacktivity.com\/wp-content\/uploads\/2021\/01\/slacktivity-slackline-online-shop-1.png","width":200,"height":77,"caption":"Slacktivity Slacklines"},"image":{"@id":"https:\/\/slacktivity.com\/pt-pt\/#\/schema\/logo\/image\/"},"sameAs":["https:\/\/www.facebook.com\/SLACKTIVITY\/","https:\/\/www.instagram.com\/slacktivity\/"]}]}},"_links":{"self":[{"href":"https:\/\/slacktivity.com\/pt-pt\/wp-json\/wp\/v2\/product\/11748","targetHints":{"allow":["GET"]}}],"collection":[{"href":"https:\/\/slacktivity.com\/pt-pt\/wp-json\/wp\/v2\/product"}],"about":[{"href":"https:\/\/slacktivity.com\/pt-pt\/wp-json\/wp\/v2\/types\/product"}],"replies":[{"embeddable":true,"href":"https:\/\/slacktivity.com\/pt-pt\/wp-json\/wp\/v2\/comments?post=11748"}],"wp:featuredmedia":[{"embeddable":true,"href":"https:\/\/slacktivity.com\/pt-pt\/wp-json\/wp\/v2\/media\/6446"}],"wp:attachment":[{"href":"https:\/\/slacktivity.com\/pt-pt\/wp-json\/wp\/v2\/media?parent=11748"}],"wp:term":[{"taxonomy":"product_cat","embeddable":true,"href":"https:\/\/slacktivity.com\/pt-pt\/wp-json\/wp\/v2\/product_cat?post=11748"},{"taxonomy":"product_tag","embeddable":true,"href":"https:\/\/slacktivity.com\/pt-pt\/wp-json\/wp\/v2\/product_tag?post=11748"}],"curies":[{"name":"wp","href":"https:\/\/api.w.org\/{rel}","templated":true}]}}