{"id":11751,"date":"2023-05-18T09:38:50","date_gmt":"2023-04-13T10:28:49","guid":{"rendered":"https:\/\/slacktivity.com\/shop\/y2k-50m-100m\/"},"modified":"2024-06-07T12:16:34","modified_gmt":"2024-06-07T12:16:34","slug":"y2k-linha-de-slackline-high-tech","status":"publish","type":"product","link":"https:\/\/slacktivity.com\/pt-pt\/shop\/y2k-linha-de-slackline-high-tech\/","title":{"rendered":"Y2K | 50m &#8211; 100m"},"content":{"rendered":"<h2>Y2K: Linha de Slackline High-tech<\/h2>\n<p>A <strong>Y2K<\/strong> \u00e9 uma <strong>linha de slackline high-tech<\/strong>, incr\u00edvel para long lines a partir de 200m. N\u00e3o \u00e9 simplesmente uma <a href=\"https:\/\/slacktivity.com\/pt-pt\/category\/linhas-de-slackline\/\">linha<\/a>, mas um novo princ\u00edpio para o slackline. A cada 50m\/100m a main-line \u00e9 conectada, atrav\u00e9s de um <a href=\"https:\/\/slacktivity.com\/pt-pt\/category\/quicklinks-para-slackline\/\">quicklink<\/a>, \u00e0 sec\u00e7\u00e3o seguinte. Tamb\u00e9m a cada 50m\/100m o backup \u00e9 conectado \u00e0 main-line, com um quicklink. V\u00ea abaixo, as vantagens que este sistema oferece.<\/p>\n<h4>Caracter\u00edsticas<\/h4>\n<ul>\n<li><strong>Material<\/strong>: 50% polyester cobertura \/ 50% UHWMPE core (tamb\u00e9m conhecido como Dyneema)<\/li>\n<li><strong>Arquitetura<\/strong>: Constru\u00e7\u00e3o em 3 camadas com fibras PES que protegem a fibras de Dyneema no interior.<\/li>\n<li><strong>Largura<\/strong>: 26mm<\/li>\n<li><strong>Peso<\/strong>: 33g\/m<\/li>\n<li><strong>Elasticidade:<\/strong> 1% aos 5kN | 2.3% aos 15kN<\/li>\n<li><strong>Comprimento da Main Line:<\/strong> 50m \/ 100m por segmento<\/li>\n<li><strong>Comprimento do Backup:<\/strong> 52.7m \/ 105.5m por segmento<\/li>\n<\/ul>\n<p><strong>ISA Highline Webbing Strength Class: A<\/strong> (em processo de certifica\u00e7\u00e3o)<\/p>\n<ul>\n<li><strong>MBS (Minimum Breaking Strength) Band (Lote 2021):<\/strong> 35.96kN<\/li>\n<li><strong>MBS intermittent connection loops (Lote 2021)<\/strong>: 19.34kN<\/li>\n<li><strong>MBS sewn loops (Lote 2021): <\/strong>32.64kN<\/li>\n<\/ul>\n<p><strong>Para mais informa\u00e7\u00f5es sobre a Y2K, v\u00ea o artigo:<\/strong> <a href=\"https:\/\/slacktivity.com\/high-tech-webbing\/\">The history of Y2K \u2013 The worlds first segmented highline high-tech webbing<\/a><\/p>\n<p><span style=\"color: inherit; font-family: inherit; font-size: var(--h4-font-size); font-weight: var(--font-weight-bold); background-color: var(--body-bg-color);\">Vantagens do Y2K em compara\u00e7\u00e3o com linhas de Slackline tradicionais<\/span><\/p>\n<ul>\n<li>Existe um backup funcional a cada 50m\/100m.<\/li>\n<li>A Main-line e o Backup n\u00e3o se desconectam sob ventos intensos.<\/li>\n<li>\u00c9 poss\u00edvel come\u00e7ar a montar uma linha a partir de ambos os pontos de ancoragem e simplesmente conect\u00e1-la quando se encontram no meio.<\/li>\n<li>Por exemplo, se tens 300m desta linha e tens um projeto de 340m, podes simplesmente comprar mais um segmento de 50 metros para completar o setup. Tamb\u00e9m permite partilhar setups com amigos.<\/li>\n<li>Se uma sec\u00e7\u00e3o se danificar, \u00e9 apenas essa sec\u00e7\u00e3o que necessita de ser substitu\u00edda.<\/li>\n<li>Torna f\u00e1cil a distribui\u00e7\u00e3o do peso quando se transporta material para grandes projetos.<\/li>\n<li>\u00c9 muito mais f\u00e1cil de manusear quando, por exemplo, h\u00e1 um n\u00f3 no meio. desenlear torna-se muito mais simples em linha seccionadas.<\/li>\n<li>Com esta linha hibrida j\u00e1 foram montados highlines com 3kms.<\/li>\n<\/ul>\n<h4>Nota sobre o uso de webbing grips\/grabs<\/h4>\n<p>Com um \u00fanico Webbing-Grab\/Grip, a Y2K pode ser tensionada at\u00e9 uma for\u00e7a de 6kN . Acima de 6kN, dois LineGrips devem ser usados \u200b\u200bem s\u00e9rie para evitar danos \u00e0 constru\u00e7\u00e3o do n\u00facleo do Y2K. A Y2K foi testada com os tr\u00eas dispositivos os seguintes grips: T-Grip, LineGrip e Snatch. Em combina\u00e7\u00e3o com outros webbing grips, a for\u00e7a aplicada pode ter de ser inferior a 6kN.<\/p>\n<p>Caso se tensione a Y2K com um sistema HangOver-Pulley, recomendamos ser-se extremamente cuidadoso. Garantir que a fita esteja perfeitamente alinhada no centro do HangOver e n\u00e3o deslize para os lados. Para tens\u00f5es mais elevedas recomendamos um sistema de roldanas de corda.<\/p>\n<h4>A Y2k pode ser comprada como:<\/h4>\n<ul>\n<li><strong>Main Line<\/strong> de 50 ou 100 metros (com um end loop em cada ponta e com um loop duplo numa das pontas para conectar o backup)<\/li>\n<li><strong>Backup Line<\/strong> com 53 ou 105,5 metros (com um end loop em cada ponta)<\/li>\n<li><strong>Bundle<\/strong> (Main Line + Backup Line )<\/li>\n<\/ul>\n","protected":false},"excerpt":{"rendered":"<p>A Y2K \u00e9 uma linha de slackline high-tech, incr\u00edvel para long lines a partir de 200m. N\u00e3o \u00e9 simplesmente uma linha, mas um novo princ\u00edpio para o slackline. A cada 50m\/100m a main-line \u00e9 conectada, atrav\u00e9s de um quicklink, \u00e0 sec\u00e7\u00e3o seguinte. Tamb\u00e9m a cada 50m\/100m o backup \u00e9 conectado \u00e0 main-line, com um quicklink.<\/p>\n","protected":false},"featured_media":13044,"comment_status":"open","ping_status":"closed","template":"","meta":{"_acf_changed":false,"_joinchat":[]},"product_cat":[514,513,898,906,926,897],"product_tag":[555],"class_list":{"0":"post-11751","1":"product","2":"type-product","3":"status-publish","4":"has-post-thumbnail","6":"product_cat-certificado-pela-isa","7":"product_cat-equipamento-de-highline","8":"product_cat-cintas-para-longline","9":"product_cat-cintas-de-slackline","10":"product_cat-linhas-de-slackline","11":"product_cat-cintas-para-highline","12":"product_tag-longline","13":"pa_brand-slacktivity-pt-pt","14":"pa_stretch-low","15":"pa_webbing-material-hibrido","17":"first","18":"instock","19":"featured","20":"taxable","21":"shipping-taxable","22":"purchasable","23":"product-type-variable","swatches":"rey-swatches","show_selected":""},"acf":[],"yoast_head":"<!-- This site is optimized with the Yoast SEO plugin v27.4 - https:\/\/yoast.com\/product\/yoast-seo-wordpress\/ -->\n<title>Y2K | Slackline High-Tech, de Nova Gera\u00e7\u00e3o<\/title>\n<meta name=\"description\" content=\"A Y2K \u00e9 uma linha de slackline high-tech com pouca elasticidade e super leve devido ao UHWMPE (Dyneema) e \u00f3tima para andar gra\u00e7as ao poli\u00e9ster.\" \/>\n<meta name=\"robots\" content=\"index, follow, max-snippet:-1, max-image-preview:large, max-video-preview:-1\" \/>\n<link rel=\"canonical\" href=\"https:\/\/slacktivity.com\/pt-pt\/shop\/y2k-linha-de-slackline-high-tech\/\" \/>\n<meta property=\"og:locale\" content=\"pt_PT\" \/>\n<meta property=\"og:type\" content=\"article\" \/>\n<meta property=\"og:title\" content=\"Y2K | Slackline High-Tech, de Nova Gera\u00e7\u00e3o\" \/>\n<meta property=\"og:description\" content=\"A Y2K \u00e9 uma linha de slackline high-tech com pouca elasticidade e super leve devido ao UHWMPE (Dyneema) e \u00f3tima para andar gra\u00e7as ao poli\u00e9ster.\" \/>\n<meta property=\"og:url\" content=\"https:\/\/slacktivity.com\/pt-pt\/shop\/y2k-linha-de-slackline-high-tech\/\" \/>\n<meta property=\"og:site_name\" content=\"Slacktivity Slacklines International Shop\" \/>\n<meta property=\"article:publisher\" content=\"https:\/\/www.facebook.com\/SLACKTIVITY\/\" \/>\n<meta property=\"article:modified_time\" content=\"2024-06-07T12:16:34+00:00\" \/>\n<meta property=\"og:image\" content=\"https:\/\/slacktivity.com\/wp-content\/uploads\/2022\/08\/y2k-main-backup-webbing-pro-setup.jpg\" \/>\n\t<meta property=\"og:image:width\" content=\"1180\" \/>\n\t<meta property=\"og:image:height\" content=\"1377\" \/>\n\t<meta property=\"og:image:type\" content=\"image\/jpeg\" \/>\n<meta name=\"twitter:card\" content=\"summary_large_image\" \/>\n<meta name=\"twitter:label1\" content=\"Tempo estimado de leitura\" \/>\n\t<meta name=\"twitter:data1\" content=\"3 minutos\" \/>\n<script type=\"application\/ld+json\" class=\"yoast-schema-graph\">{\"@context\":\"https:\\\/\\\/schema.org\",\"@graph\":[{\"@type\":\"WebPage\",\"@id\":\"https:\\\/\\\/slacktivity.com\\\/pt-pt\\\/shop\\\/y2k-linha-de-slackline-high-tech\\\/\",\"url\":\"https:\\\/\\\/slacktivity.com\\\/pt-pt\\\/shop\\\/y2k-linha-de-slackline-high-tech\\\/\",\"name\":\"Y2K | Slackline High-Tech, de Nova Gera\u00e7\u00e3o\",\"isPartOf\":{\"@id\":\"https:\\\/\\\/slacktivity.com\\\/pt-pt\\\/#website\"},\"primaryImageOfPage\":{\"@id\":\"https:\\\/\\\/slacktivity.com\\\/pt-pt\\\/shop\\\/y2k-linha-de-slackline-high-tech\\\/#primaryimage\"},\"image\":{\"@id\":\"https:\\\/\\\/slacktivity.com\\\/pt-pt\\\/shop\\\/y2k-linha-de-slackline-high-tech\\\/#primaryimage\"},\"thumbnailUrl\":\"https:\\\/\\\/slacktivity.com\\\/wp-content\\\/uploads\\\/2023\\\/05\\\/y2k-main-highline-hightech-webbing-1.jpg\",\"datePublished\":\"2023-04-13T10:28:49+00:00\",\"dateModified\":\"2024-06-07T12:16:34+00:00\",\"description\":\"A Y2K \u00e9 uma linha de slackline high-tech com pouca elasticidade e super leve devido ao UHWMPE (Dyneema) e \u00f3tima para andar gra\u00e7as ao poli\u00e9ster.\",\"breadcrumb\":{\"@id\":\"https:\\\/\\\/slacktivity.com\\\/pt-pt\\\/shop\\\/y2k-linha-de-slackline-high-tech\\\/#breadcrumb\"},\"inLanguage\":\"pt-PT\",\"potentialAction\":[{\"@type\":\"ReadAction\",\"target\":[\"https:\\\/\\\/slacktivity.com\\\/pt-pt\\\/shop\\\/y2k-linha-de-slackline-high-tech\\\/\"]}]},{\"@type\":\"ImageObject\",\"inLanguage\":\"pt-PT\",\"@id\":\"https:\\\/\\\/slacktivity.com\\\/pt-pt\\\/shop\\\/y2k-linha-de-slackline-high-tech\\\/#primaryimage\",\"url\":\"https:\\\/\\\/slacktivity.com\\\/wp-content\\\/uploads\\\/2023\\\/05\\\/y2k-main-highline-hightech-webbing-1.jpg\",\"contentUrl\":\"https:\\\/\\\/slacktivity.com\\\/wp-content\\\/uploads\\\/2023\\\/05\\\/y2k-main-highline-hightech-webbing-1.jpg\",\"width\":1180,\"height\":1377,\"caption\":\"y2k main highline hightech webbing\"},{\"@type\":\"BreadcrumbList\",\"@id\":\"https:\\\/\\\/slacktivity.com\\\/pt-pt\\\/shop\\\/y2k-linha-de-slackline-high-tech\\\/#breadcrumb\",\"itemListElement\":[{\"@type\":\"ListItem\",\"position\":1,\"name\":\"Home\",\"item\":\"https:\\\/\\\/slacktivity.com\\\/pt-pt\\\/\"},{\"@type\":\"ListItem\",\"position\":2,\"name\":\"loja\",\"item\":\"https:\\\/\\\/slacktivity.com\\\/pt-pt\\\/loja\\\/\"},{\"@type\":\"ListItem\",\"position\":3,\"name\":\"Y2K | 50m &#8211; 100m\"}]},{\"@type\":\"WebSite\",\"@id\":\"https:\\\/\\\/slacktivity.com\\\/pt-pt\\\/#website\",\"url\":\"https:\\\/\\\/slacktivity.com\\\/pt-pt\\\/\",\"name\":\"Slacktivity Slacklines International Shop\",\"description\":\"Discover the innovative products of Slacktivity. Swiss designed premium slackline gear. Advice from our experts for the best and a safe slackline experience.\",\"publisher\":{\"@id\":\"https:\\\/\\\/slacktivity.com\\\/pt-pt\\\/#organization\"},\"potentialAction\":[{\"@type\":\"SearchAction\",\"target\":{\"@type\":\"EntryPoint\",\"urlTemplate\":\"https:\\\/\\\/slacktivity.com\\\/pt-pt\\\/?s={search_term_string}\"},\"query-input\":{\"@type\":\"PropertyValueSpecification\",\"valueRequired\":true,\"valueName\":\"search_term_string\"}}],\"inLanguage\":\"pt-PT\"},{\"@type\":\"Organization\",\"@id\":\"https:\\\/\\\/slacktivity.com\\\/pt-pt\\\/#organization\",\"name\":\"Slacktivity Slacklines\",\"url\":\"https:\\\/\\\/slacktivity.com\\\/pt-pt\\\/\",\"logo\":{\"@type\":\"ImageObject\",\"inLanguage\":\"pt-PT\",\"@id\":\"https:\\\/\\\/slacktivity.com\\\/pt-pt\\\/#\\\/schema\\\/logo\\\/image\\\/\",\"url\":\"https:\\\/\\\/slacktivity.com\\\/wp-content\\\/uploads\\\/2021\\\/01\\\/slacktivity-slackline-online-shop-1.png\",\"contentUrl\":\"https:\\\/\\\/slacktivity.com\\\/wp-content\\\/uploads\\\/2021\\\/01\\\/slacktivity-slackline-online-shop-1.png\",\"width\":200,\"height\":77,\"caption\":\"Slacktivity Slacklines\"},\"image\":{\"@id\":\"https:\\\/\\\/slacktivity.com\\\/pt-pt\\\/#\\\/schema\\\/logo\\\/image\\\/\"},\"sameAs\":[\"https:\\\/\\\/www.facebook.com\\\/SLACKTIVITY\\\/\",\"https:\\\/\\\/www.instagram.com\\\/slacktivity\\\/\"]}]}<\/script>\n<!-- \/ Yoast SEO plugin. -->","yoast_head_json":{"title":"Y2K | Slackline High-Tech, de Nova Gera\u00e7\u00e3o","description":"A Y2K \u00e9 uma linha de slackline high-tech com pouca elasticidade e super leve devido ao UHWMPE (Dyneema) e \u00f3tima para andar gra\u00e7as ao poli\u00e9ster.","robots":{"index":"index","follow":"follow","max-snippet":"max-snippet:-1","max-image-preview":"max-image-preview:large","max-video-preview":"max-video-preview:-1"},"canonical":"https:\/\/slacktivity.com\/pt-pt\/shop\/y2k-linha-de-slackline-high-tech\/","og_locale":"pt_PT","og_type":"article","og_title":"Y2K | Slackline High-Tech, de Nova Gera\u00e7\u00e3o","og_description":"A Y2K \u00e9 uma linha de slackline high-tech com pouca elasticidade e super leve devido ao UHWMPE (Dyneema) e \u00f3tima para andar gra\u00e7as ao poli\u00e9ster.","og_url":"https:\/\/slacktivity.com\/pt-pt\/shop\/y2k-linha-de-slackline-high-tech\/","og_site_name":"Slacktivity Slacklines International Shop","article_publisher":"https:\/\/www.facebook.com\/SLACKTIVITY\/","article_modified_time":"2024-06-07T12:16:34+00:00","og_image":[{"width":1180,"height":1377,"url":"https:\/\/slacktivity.com\/wp-content\/uploads\/2022\/08\/y2k-main-backup-webbing-pro-setup.jpg","type":"image\/jpeg"}],"twitter_card":"summary_large_image","twitter_misc":{"Tempo estimado de leitura":"3 minutos"},"schema":{"@context":"https:\/\/schema.org","@graph":[{"@type":"WebPage","@id":"https:\/\/slacktivity.com\/pt-pt\/shop\/y2k-linha-de-slackline-high-tech\/","url":"https:\/\/slacktivity.com\/pt-pt\/shop\/y2k-linha-de-slackline-high-tech\/","name":"Y2K | Slackline High-Tech, de Nova Gera\u00e7\u00e3o","isPartOf":{"@id":"https:\/\/slacktivity.com\/pt-pt\/#website"},"primaryImageOfPage":{"@id":"https:\/\/slacktivity.com\/pt-pt\/shop\/y2k-linha-de-slackline-high-tech\/#primaryimage"},"image":{"@id":"https:\/\/slacktivity.com\/pt-pt\/shop\/y2k-linha-de-slackline-high-tech\/#primaryimage"},"thumbnailUrl":"https:\/\/slacktivity.com\/wp-content\/uploads\/2023\/05\/y2k-main-highline-hightech-webbing-1.jpg","datePublished":"2023-04-13T10:28:49+00:00","dateModified":"2024-06-07T12:16:34+00:00","description":"A Y2K \u00e9 uma linha de slackline high-tech com pouca elasticidade e super leve devido ao UHWMPE (Dyneema) e \u00f3tima para andar gra\u00e7as ao poli\u00e9ster.","breadcrumb":{"@id":"https:\/\/slacktivity.com\/pt-pt\/shop\/y2k-linha-de-slackline-high-tech\/#breadcrumb"},"inLanguage":"pt-PT","potentialAction":[{"@type":"ReadAction","target":["https:\/\/slacktivity.com\/pt-pt\/shop\/y2k-linha-de-slackline-high-tech\/"]}]},{"@type":"ImageObject","inLanguage":"pt-PT","@id":"https:\/\/slacktivity.com\/pt-pt\/shop\/y2k-linha-de-slackline-high-tech\/#primaryimage","url":"https:\/\/slacktivity.com\/wp-content\/uploads\/2023\/05\/y2k-main-highline-hightech-webbing-1.jpg","contentUrl":"https:\/\/slacktivity.com\/wp-content\/uploads\/2023\/05\/y2k-main-highline-hightech-webbing-1.jpg","width":1180,"height":1377,"caption":"y2k main highline hightech webbing"},{"@type":"BreadcrumbList","@id":"https:\/\/slacktivity.com\/pt-pt\/shop\/y2k-linha-de-slackline-high-tech\/#breadcrumb","itemListElement":[{"@type":"ListItem","position":1,"name":"Home","item":"https:\/\/slacktivity.com\/pt-pt\/"},{"@type":"ListItem","position":2,"name":"loja","item":"https:\/\/slacktivity.com\/pt-pt\/loja\/"},{"@type":"ListItem","position":3,"name":"Y2K | 50m &#8211; 100m"}]},{"@type":"WebSite","@id":"https:\/\/slacktivity.com\/pt-pt\/#website","url":"https:\/\/slacktivity.com\/pt-pt\/","name":"Slacktivity Slacklines International Shop","description":"Discover the innovative products of Slacktivity. Swiss designed premium slackline gear. Advice from our experts for the best and a safe slackline experience.","publisher":{"@id":"https:\/\/slacktivity.com\/pt-pt\/#organization"},"potentialAction":[{"@type":"SearchAction","target":{"@type":"EntryPoint","urlTemplate":"https:\/\/slacktivity.com\/pt-pt\/?s={search_term_string}"},"query-input":{"@type":"PropertyValueSpecification","valueRequired":true,"valueName":"search_term_string"}}],"inLanguage":"pt-PT"},{"@type":"Organization","@id":"https:\/\/slacktivity.com\/pt-pt\/#organization","name":"Slacktivity Slacklines","url":"https:\/\/slacktivity.com\/pt-pt\/","logo":{"@type":"ImageObject","inLanguage":"pt-PT","@id":"https:\/\/slacktivity.com\/pt-pt\/#\/schema\/logo\/image\/","url":"https:\/\/slacktivity.com\/wp-content\/uploads\/2021\/01\/slacktivity-slackline-online-shop-1.png","contentUrl":"https:\/\/slacktivity.com\/wp-content\/uploads\/2021\/01\/slacktivity-slackline-online-shop-1.png","width":200,"height":77,"caption":"Slacktivity Slacklines"},"image":{"@id":"https:\/\/slacktivity.com\/pt-pt\/#\/schema\/logo\/image\/"},"sameAs":["https:\/\/www.facebook.com\/SLACKTIVITY\/","https:\/\/www.instagram.com\/slacktivity\/"]}]}},"_links":{"self":[{"href":"https:\/\/slacktivity.com\/pt-pt\/wp-json\/wp\/v2\/product\/11751","targetHints":{"allow":["GET"]}}],"collection":[{"href":"https:\/\/slacktivity.com\/pt-pt\/wp-json\/wp\/v2\/product"}],"about":[{"href":"https:\/\/slacktivity.com\/pt-pt\/wp-json\/wp\/v2\/types\/product"}],"replies":[{"embeddable":true,"href":"https:\/\/slacktivity.com\/pt-pt\/wp-json\/wp\/v2\/comments?post=11751"}],"wp:featuredmedia":[{"embeddable":true,"href":"https:\/\/slacktivity.com\/pt-pt\/wp-json\/wp\/v2\/media\/13044"}],"wp:attachment":[{"href":"https:\/\/slacktivity.com\/pt-pt\/wp-json\/wp\/v2\/media?parent=11751"}],"wp:term":[{"taxonomy":"product_cat","embeddable":true,"href":"https:\/\/slacktivity.com\/pt-pt\/wp-json\/wp\/v2\/product_cat?post=11751"},{"taxonomy":"product_tag","embeddable":true,"href":"https:\/\/slacktivity.com\/pt-pt\/wp-json\/wp\/v2\/product_tag?post=11751"}],"curies":[{"name":"wp","href":"https:\/\/api.w.org\/{rel}","templated":true}]}}