{"id":11760,"date":"2021-01-10T13:38:50","date_gmt":"2021-01-10T13:38:50","guid":{"rendered":"https:\/\/slacktivity.com\/shop\/traveler-40m\/"},"modified":"2024-12-16T10:39:00","modified_gmt":"2024-12-16T10:39:00","slug":"traveler-40m","status":"publish","type":"product","link":"https:\/\/slacktivity.com\/pt-pt\/shop\/traveler-40m\/","title":{"rendered":"Traveler-40m"},"content":{"rendered":"<h2>Traveler-40m | Super din\u00e2mica e perfeita para viagens<\/h2>\n<p>A <a href=\"https:\/\/slacktivity.com\/pt-pt\/category\/cintas-de-slackline\/\">linha de slackline<\/a> GREEN-T20 usada para criar a <strong>Traveler-40m<\/strong>, \u00e9 uma vers\u00e3o de <strong>40m<\/strong> da linha do Travel Set, super din\u00e2mica e leve.<\/p>\n<p>Gra\u00e7as \u00e0 sua leveza \u00e9 f\u00e1cil de controlar mas a sua grande din\u00e2mica torna-a super divertida e desafiante. Estas caracter\u00edsticas fazem desta linha a op\u00e7\u00e3o ideal para slackliners avan\u00e7ados a profissionais para dist\u00e2ncias de at\u00e9 40m. Esta linha \u00e9 particularmente recomendada para praticantes de slackline que queiram iniciar-se no slack surf! O movimento do surf parece estar embutido neste slackline &#8211; basta subir e c\u00e1 vamos n\u00f3s.<\/p>\n<p>Possui uma cinta de 5cm com loop, costurada diretamente no slackline tubular de 20mm. Isso reduz os componentes necess\u00e1rios do setup de slackline a um m\u00ednimo absoluto. Por outro lado, a cintas de 5cm distribuem melhor a press\u00e3o sobre a \u00e1rvore, protegendo-a. (Nota: usa sempre um <a href=\"https:\/\/slacktivity.com\/pt-pt\/category\/protecoes-de-arvore\/\">prote\u00e7\u00e3o de \u00e1rvore)<\/a>. Adicionalmente, o sling com loop vem equipamdo com uma manga que reduz a fric\u00e7\u00e3o.<\/p>\n<p>Os loops da cinta de ancoragem s\u00e3o costurados torcidos a 90 \u00b0 . A cinta de ancoragem \u00e9 melhor alinhada e a carga na costura Bartack \u00e9 distribu\u00edda uniformemente.<\/p>\n<h3>Especif\u00edca\u00e7\u00f5es<\/h3>\n<ul>\n<li>Linha de nylon com 20mm<\/li>\n<li>Comprimento: 40m (+ 2m da cinta de ancoragem)<\/li>\n<li>Material: nylon (Polyamind PA)<\/li>\n<li>Cinta de ancoragem com loop integrada<\/li>\n<li>End loop para montagem f\u00e1cil e r\u00e1pida<\/li>\n<li>MBS: 12kN<\/li>\n<li>Peso: 1645g<\/li>\n<\/ul>\n<p><strong>Nota:<\/strong> A intensidade da cor depende das condi\u00e7\u00f5es de ilumina\u00e7\u00e3o. As cores s\u00e3o menos intensas \u00e0 luz do dia. O verde brilha muito intensamente ao entardecer.<\/p>\n","protected":false},"excerpt":{"rendered":"<p>Uma linha de slackline superleve e port\u00e1til, para surfistas e longliners que querem elevar as suas habilidades ao pr\u00f3ximo n\u00edvel, sob as palmeiras.<\/p>\n","protected":false},"featured_media":11761,"comment_status":"open","ping_status":"closed","template":"","meta":{"_acf_changed":false,"_joinchat":[]},"product_cat":[898,906,926],"product_tag":[549,555,910,560,559,912],"class_list":{"0":"post-11760","1":"product","2":"type-product","3":"status-publish","4":"has-post-thumbnail","6":"product_cat-cintas-para-longline","7":"product_cat-cintas-de-slackline","8":"product_cat-linhas-de-slackline","9":"product_tag-iniciantes","10":"product_tag-longline","11":"product_tag-nylon-pt-pt-2","12":"product_tag-para-viajar","13":"product_tag-rodeoline","14":"product_tag-slackline-tubular","15":"pa_brand-slacktivity-pt-pt","16":"pa_webbing-material-nylon-pt-pt-2","18":"first","19":"instock","20":"sale","21":"taxable","22":"shipping-taxable","23":"purchasable","24":"product-type-simple","swatches":"rey-swatches","show_selected":""},"acf":[],"yoast_head":"<!-- This site is optimized with the Yoast SEO plugin v27.4 - https:\/\/yoast.com\/product\/yoast-seo-wordpress\/ -->\n<title>Traveler-40m: Linha de Slackline Super Leve | SLACKTIVITY<\/title>\n<meta name=\"description\" content=\"A Traveler-40m, feita de GREEN-T20 \u00e9 uma linha muito leve, f\u00e1cil de controlar mas muito din\u00e2mica, que n\u00e3o se tornar\u00e1 aborrecida.\" \/>\n<meta name=\"robots\" content=\"index, follow, max-snippet:-1, max-image-preview:large, max-video-preview:-1\" \/>\n<link rel=\"canonical\" href=\"https:\/\/slacktivity.com\/pt-pt\/shop\/traveler-40m\/\" \/>\n<meta property=\"og:locale\" content=\"pt_PT\" \/>\n<meta property=\"og:type\" content=\"article\" \/>\n<meta property=\"og:title\" content=\"Traveler-40m: Linha de Slackline Super Leve | SLACKTIVITY\" \/>\n<meta property=\"og:description\" content=\"A Traveler-40m, feita de GREEN-T20 \u00e9 uma linha muito leve, f\u00e1cil de controlar mas muito din\u00e2mica, que n\u00e3o se tornar\u00e1 aborrecida.\" \/>\n<meta property=\"og:url\" content=\"https:\/\/slacktivity.com\/pt-pt\/shop\/traveler-40m\/\" \/>\n<meta property=\"og:site_name\" content=\"Slacktivity Slacklines International Shop\" \/>\n<meta property=\"article:publisher\" content=\"https:\/\/www.facebook.com\/SLACKTIVITY\/\" \/>\n<meta property=\"article:modified_time\" content=\"2024-12-16T10:39:00+00:00\" \/>\n<meta property=\"og:image\" content=\"https:\/\/slacktivity.com\/wp-content\/uploads\/2021\/02\/taveler-40m-low-weight-slackline-webbing.jpg\" \/>\n\t<meta property=\"og:image:width\" content=\"1180\" \/>\n\t<meta property=\"og:image:height\" content=\"1377\" \/>\n\t<meta property=\"og:image:type\" content=\"image\/jpeg\" \/>\n<meta name=\"twitter:card\" content=\"summary_large_image\" \/>\n<meta name=\"twitter:label1\" content=\"Tempo estimado de leitura\" \/>\n\t<meta name=\"twitter:data1\" content=\"1 minuto\" \/>\n<script type=\"application\/ld+json\" class=\"yoast-schema-graph\">{\"@context\":\"https:\\\/\\\/schema.org\",\"@graph\":[{\"@type\":\"WebPage\",\"@id\":\"https:\\\/\\\/slacktivity.com\\\/pt-pt\\\/shop\\\/traveler-40m\\\/\",\"url\":\"https:\\\/\\\/slacktivity.com\\\/pt-pt\\\/shop\\\/traveler-40m\\\/\",\"name\":\"Traveler-40m: Linha de Slackline Super Leve | SLACKTIVITY\",\"isPartOf\":{\"@id\":\"https:\\\/\\\/slacktivity.com\\\/pt-pt\\\/#website\"},\"primaryImageOfPage\":{\"@id\":\"https:\\\/\\\/slacktivity.com\\\/pt-pt\\\/shop\\\/traveler-40m\\\/#primaryimage\"},\"image\":{\"@id\":\"https:\\\/\\\/slacktivity.com\\\/pt-pt\\\/shop\\\/traveler-40m\\\/#primaryimage\"},\"thumbnailUrl\":\"https:\\\/\\\/slacktivity.com\\\/wp-content\\\/uploads\\\/2021\\\/02\\\/taveler-40m-low-weight-slackline-webbing.jpg\",\"datePublished\":\"2021-01-10T13:38:50+00:00\",\"dateModified\":\"2024-12-16T10:39:00+00:00\",\"description\":\"A Traveler-40m, feita de GREEN-T20 \u00e9 uma linha muito leve, f\u00e1cil de controlar mas muito din\u00e2mica, que n\u00e3o se tornar\u00e1 aborrecida.\",\"breadcrumb\":{\"@id\":\"https:\\\/\\\/slacktivity.com\\\/pt-pt\\\/shop\\\/traveler-40m\\\/#breadcrumb\"},\"inLanguage\":\"pt-PT\",\"potentialAction\":[{\"@type\":\"ReadAction\",\"target\":[\"https:\\\/\\\/slacktivity.com\\\/pt-pt\\\/shop\\\/traveler-40m\\\/\"]}]},{\"@type\":\"ImageObject\",\"inLanguage\":\"pt-PT\",\"@id\":\"https:\\\/\\\/slacktivity.com\\\/pt-pt\\\/shop\\\/traveler-40m\\\/#primaryimage\",\"url\":\"https:\\\/\\\/slacktivity.com\\\/wp-content\\\/uploads\\\/2021\\\/02\\\/taveler-40m-low-weight-slackline-webbing.jpg\",\"contentUrl\":\"https:\\\/\\\/slacktivity.com\\\/wp-content\\\/uploads\\\/2021\\\/02\\\/taveler-40m-low-weight-slackline-webbing.jpg\",\"width\":1180,\"height\":1377},{\"@type\":\"BreadcrumbList\",\"@id\":\"https:\\\/\\\/slacktivity.com\\\/pt-pt\\\/shop\\\/traveler-40m\\\/#breadcrumb\",\"itemListElement\":[{\"@type\":\"ListItem\",\"position\":1,\"name\":\"Home\",\"item\":\"https:\\\/\\\/slacktivity.com\\\/pt-pt\\\/\"},{\"@type\":\"ListItem\",\"position\":2,\"name\":\"loja\",\"item\":\"https:\\\/\\\/slacktivity.com\\\/pt-pt\\\/loja\\\/\"},{\"@type\":\"ListItem\",\"position\":3,\"name\":\"Traveler-40m\"}]},{\"@type\":\"WebSite\",\"@id\":\"https:\\\/\\\/slacktivity.com\\\/pt-pt\\\/#website\",\"url\":\"https:\\\/\\\/slacktivity.com\\\/pt-pt\\\/\",\"name\":\"Slacktivity Slacklines International Shop\",\"description\":\"Discover the innovative products of Slacktivity. Swiss designed premium slackline gear. Advice from our experts for the best and a safe slackline experience.\",\"publisher\":{\"@id\":\"https:\\\/\\\/slacktivity.com\\\/pt-pt\\\/#organization\"},\"potentialAction\":[{\"@type\":\"SearchAction\",\"target\":{\"@type\":\"EntryPoint\",\"urlTemplate\":\"https:\\\/\\\/slacktivity.com\\\/pt-pt\\\/?s={search_term_string}\"},\"query-input\":{\"@type\":\"PropertyValueSpecification\",\"valueRequired\":true,\"valueName\":\"search_term_string\"}}],\"inLanguage\":\"pt-PT\"},{\"@type\":\"Organization\",\"@id\":\"https:\\\/\\\/slacktivity.com\\\/pt-pt\\\/#organization\",\"name\":\"Slacktivity Slacklines\",\"url\":\"https:\\\/\\\/slacktivity.com\\\/pt-pt\\\/\",\"logo\":{\"@type\":\"ImageObject\",\"inLanguage\":\"pt-PT\",\"@id\":\"https:\\\/\\\/slacktivity.com\\\/pt-pt\\\/#\\\/schema\\\/logo\\\/image\\\/\",\"url\":\"https:\\\/\\\/slacktivity.com\\\/wp-content\\\/uploads\\\/2021\\\/01\\\/slacktivity-slackline-online-shop-1.png\",\"contentUrl\":\"https:\\\/\\\/slacktivity.com\\\/wp-content\\\/uploads\\\/2021\\\/01\\\/slacktivity-slackline-online-shop-1.png\",\"width\":200,\"height\":77,\"caption\":\"Slacktivity Slacklines\"},\"image\":{\"@id\":\"https:\\\/\\\/slacktivity.com\\\/pt-pt\\\/#\\\/schema\\\/logo\\\/image\\\/\"},\"sameAs\":[\"https:\\\/\\\/www.facebook.com\\\/SLACKTIVITY\\\/\",\"https:\\\/\\\/www.instagram.com\\\/slacktivity\\\/\"]}]}<\/script>\n<!-- \/ Yoast SEO plugin. -->","yoast_head_json":{"title":"Traveler-40m: Linha de Slackline Super Leve | SLACKTIVITY","description":"A Traveler-40m, feita de GREEN-T20 \u00e9 uma linha muito leve, f\u00e1cil de controlar mas muito din\u00e2mica, que n\u00e3o se tornar\u00e1 aborrecida.","robots":{"index":"index","follow":"follow","max-snippet":"max-snippet:-1","max-image-preview":"max-image-preview:large","max-video-preview":"max-video-preview:-1"},"canonical":"https:\/\/slacktivity.com\/pt-pt\/shop\/traveler-40m\/","og_locale":"pt_PT","og_type":"article","og_title":"Traveler-40m: Linha de Slackline Super Leve | SLACKTIVITY","og_description":"A Traveler-40m, feita de GREEN-T20 \u00e9 uma linha muito leve, f\u00e1cil de controlar mas muito din\u00e2mica, que n\u00e3o se tornar\u00e1 aborrecida.","og_url":"https:\/\/slacktivity.com\/pt-pt\/shop\/traveler-40m\/","og_site_name":"Slacktivity Slacklines International Shop","article_publisher":"https:\/\/www.facebook.com\/SLACKTIVITY\/","article_modified_time":"2024-12-16T10:39:00+00:00","og_image":[{"width":1180,"height":1377,"url":"https:\/\/slacktivity.com\/wp-content\/uploads\/2021\/02\/taveler-40m-low-weight-slackline-webbing.jpg","type":"image\/jpeg"}],"twitter_card":"summary_large_image","twitter_misc":{"Tempo estimado de leitura":"1 minuto"},"schema":{"@context":"https:\/\/schema.org","@graph":[{"@type":"WebPage","@id":"https:\/\/slacktivity.com\/pt-pt\/shop\/traveler-40m\/","url":"https:\/\/slacktivity.com\/pt-pt\/shop\/traveler-40m\/","name":"Traveler-40m: Linha de Slackline Super Leve | SLACKTIVITY","isPartOf":{"@id":"https:\/\/slacktivity.com\/pt-pt\/#website"},"primaryImageOfPage":{"@id":"https:\/\/slacktivity.com\/pt-pt\/shop\/traveler-40m\/#primaryimage"},"image":{"@id":"https:\/\/slacktivity.com\/pt-pt\/shop\/traveler-40m\/#primaryimage"},"thumbnailUrl":"https:\/\/slacktivity.com\/wp-content\/uploads\/2021\/02\/taveler-40m-low-weight-slackline-webbing.jpg","datePublished":"2021-01-10T13:38:50+00:00","dateModified":"2024-12-16T10:39:00+00:00","description":"A Traveler-40m, feita de GREEN-T20 \u00e9 uma linha muito leve, f\u00e1cil de controlar mas muito din\u00e2mica, que n\u00e3o se tornar\u00e1 aborrecida.","breadcrumb":{"@id":"https:\/\/slacktivity.com\/pt-pt\/shop\/traveler-40m\/#breadcrumb"},"inLanguage":"pt-PT","potentialAction":[{"@type":"ReadAction","target":["https:\/\/slacktivity.com\/pt-pt\/shop\/traveler-40m\/"]}]},{"@type":"ImageObject","inLanguage":"pt-PT","@id":"https:\/\/slacktivity.com\/pt-pt\/shop\/traveler-40m\/#primaryimage","url":"https:\/\/slacktivity.com\/wp-content\/uploads\/2021\/02\/taveler-40m-low-weight-slackline-webbing.jpg","contentUrl":"https:\/\/slacktivity.com\/wp-content\/uploads\/2021\/02\/taveler-40m-low-weight-slackline-webbing.jpg","width":1180,"height":1377},{"@type":"BreadcrumbList","@id":"https:\/\/slacktivity.com\/pt-pt\/shop\/traveler-40m\/#breadcrumb","itemListElement":[{"@type":"ListItem","position":1,"name":"Home","item":"https:\/\/slacktivity.com\/pt-pt\/"},{"@type":"ListItem","position":2,"name":"loja","item":"https:\/\/slacktivity.com\/pt-pt\/loja\/"},{"@type":"ListItem","position":3,"name":"Traveler-40m"}]},{"@type":"WebSite","@id":"https:\/\/slacktivity.com\/pt-pt\/#website","url":"https:\/\/slacktivity.com\/pt-pt\/","name":"Slacktivity Slacklines International Shop","description":"Discover the innovative products of Slacktivity. Swiss designed premium slackline gear. Advice from our experts for the best and a safe slackline experience.","publisher":{"@id":"https:\/\/slacktivity.com\/pt-pt\/#organization"},"potentialAction":[{"@type":"SearchAction","target":{"@type":"EntryPoint","urlTemplate":"https:\/\/slacktivity.com\/pt-pt\/?s={search_term_string}"},"query-input":{"@type":"PropertyValueSpecification","valueRequired":true,"valueName":"search_term_string"}}],"inLanguage":"pt-PT"},{"@type":"Organization","@id":"https:\/\/slacktivity.com\/pt-pt\/#organization","name":"Slacktivity Slacklines","url":"https:\/\/slacktivity.com\/pt-pt\/","logo":{"@type":"ImageObject","inLanguage":"pt-PT","@id":"https:\/\/slacktivity.com\/pt-pt\/#\/schema\/logo\/image\/","url":"https:\/\/slacktivity.com\/wp-content\/uploads\/2021\/01\/slacktivity-slackline-online-shop-1.png","contentUrl":"https:\/\/slacktivity.com\/wp-content\/uploads\/2021\/01\/slacktivity-slackline-online-shop-1.png","width":200,"height":77,"caption":"Slacktivity Slacklines"},"image":{"@id":"https:\/\/slacktivity.com\/pt-pt\/#\/schema\/logo\/image\/"},"sameAs":["https:\/\/www.facebook.com\/SLACKTIVITY\/","https:\/\/www.instagram.com\/slacktivity\/"]}]}},"_links":{"self":[{"href":"https:\/\/slacktivity.com\/pt-pt\/wp-json\/wp\/v2\/product\/11760","targetHints":{"allow":["GET"]}}],"collection":[{"href":"https:\/\/slacktivity.com\/pt-pt\/wp-json\/wp\/v2\/product"}],"about":[{"href":"https:\/\/slacktivity.com\/pt-pt\/wp-json\/wp\/v2\/types\/product"}],"replies":[{"embeddable":true,"href":"https:\/\/slacktivity.com\/pt-pt\/wp-json\/wp\/v2\/comments?post=11760"}],"wp:featuredmedia":[{"embeddable":true,"href":"https:\/\/slacktivity.com\/pt-pt\/wp-json\/wp\/v2\/media\/11761"}],"wp:attachment":[{"href":"https:\/\/slacktivity.com\/pt-pt\/wp-json\/wp\/v2\/media?parent=11760"}],"wp:term":[{"taxonomy":"product_cat","embeddable":true,"href":"https:\/\/slacktivity.com\/pt-pt\/wp-json\/wp\/v2\/product_cat?post=11760"},{"taxonomy":"product_tag","embeddable":true,"href":"https:\/\/slacktivity.com\/pt-pt\/wp-json\/wp\/v2\/product_tag?post=11760"}],"curies":[{"name":"wp","href":"https:\/\/api.w.org\/{rel}","templated":true}]}}