{"id":11801,"date":"2021-03-06T13:38:42","date_gmt":"2021-03-06T13:38:42","guid":{"rendered":"https:\/\/slacktivity.com\/shop\/tree-sling-de-slackline-5m\/"},"modified":"2025-01-03T12:05:34","modified_gmt":"2025-01-03T12:05:34","slug":"slackline-tree-sling-5m","status":"publish","type":"product","link":"https:\/\/slacktivity.com\/pt-pt\/shop\/slackline-tree-sling-5m\/","title":{"rendered":"Tree Sling de Slackline| 5m"},"content":{"rendered":"<h2>Tree Sling de Slackline| 5m<\/h2>\n<p>O <strong>Tree Sling ajust\u00e1vel<\/strong> da Slacktivity foi desenvolvido especificamente para slackline. \u00c9 um <a href=\"https:\/\/slacktivity.com\/pt-pt\/category\/slings-de-slackline\/\">sling<\/a> super vers\u00e1til, leve e f\u00e1cil de usar. O Tree Sling \u00e9 facilmente ajust\u00e1vel em comprimentos entre 30 e 500cm. \u00c9 muito simples de colocar e ajustar ao di\u00e2metro da \u00e1rvore de forma a que n\u00e3o caia. A largura de 5 cent\u00edmetros garante que n\u00e3o danifica as \u00e1rvores. As tiras de velcro no interior do sling mant\u00eam-no preso ao <a href=\"https:\/\/slacktivity.com\/pt-pt\/category\/protecoes-de-arvore\/\">protetor de \u00e1rvores<\/a>, facilitando a montagem do slackline. Mesmo nas maiores \u00e1rvores, o sling permanecer\u00e1 no lugar!<\/p>\n<p>O Tree Sling tamb\u00e9m \u00e9 250% mais leve do que os slings tradicionais. Em suma, o sling mais vers\u00e1til, f\u00e1cil de usar e leve para ancorar slacklines!<\/p>\n<p><b>Dica:<\/b> \u00e9 poss\u00edvel dar duas voltas \u00e0 \u00e1rvore para uma melhor distribui\u00e7\u00e3o da press\u00e3o (recomendado para \u00e1rvores sens\u00edveis na primavera). Esta solu\u00e7\u00e3o tamb\u00e9m quase dobra o MBS do sling, o que o eleva ao MBS de um RoundSling normal. <a href=\"https:\/\/slacktivity.com\/pt-pt\/tag\/trickline-pt-pt\/\">.<\/a> Este sling permite a conex\u00e3o direta de shackles.<\/p>\n<p>Assim como outros componentes sem abertura, como \u00e9 o caso do <a href=\"https:\/\/slacktivity.com\/shop\/connection-loop\/\">Connection Loop<\/a> ou da <a href=\"\/shop\/deadmanplate\/\">deadManPlate<\/a>. Esta possibilidade oferecida pelo Tree <a href=\"https:\/\/slacktivity.com\/pt-pt\/category\/slings-de-slackline\/\">Sling<\/a> permite ter kits de slackline mais leves.<\/p>\n<h3>Destaques<\/h3>\n<ul>\n<li>Muito mais leve que os slings tradicionais, 250%!<\/li>\n<li>Ajust\u00e1vel de 30cm a 500cm<\/li>\n<li>\u00c9 importante assegurar que a catraca ou o weblock s\u00e3o ancorados pertos da \u00e1rvore.<\/li>\n<li>O sistema Loop &amp; hook nas costas do sling fixa-o \u00e0s pre\u00e7\u00f5es de \u00e1rvore.<\/li>\n<li>A fivela para fechar o sling dispensa elementos adicionais.<\/li>\n<\/ul>\n<h3>Especifica\u00e7\u00f5es do Tree Sling Ajust\u00e1vel<\/h3>\n<ul>\n<li><strong>Dimens\u00f5es:<\/strong> 500x5cm<\/li>\n<li><strong>Peso:<\/strong> 570g<\/li>\n<li><strong>Material:<\/strong> Polyester e fivela de a\u00e7o cromada<\/li>\n<li><strong>MBS (Minimum Breaking Strength)<\/strong>: (uma volta) 32kN* \/ (duas voltas) 56kN*<\/li>\n<li><strong>WLL (Working Load Limit):<\/strong> 8kN<\/li>\n<\/ul>\n<p>*A breaking strenght \u00e9 reduzida em cerca de 20% quando montada incorretamente com a fivela de bloqueio posicionada na dire\u00e7\u00e3o de tra\u00e7\u00e3o.<\/p>\n<p><strong>Antes de usar este equipamento, dever\u00e1 ler e perceber as instru\u00e7\u00f5es do seu uso. Consulte o manual (PDF) no separador &#8220;Manuais&#8221;.<\/strong><\/p>\n","protected":false},"excerpt":{"rendered":"<p>Este sling ajust\u00e1vel, com 5m, foi desenvolvido especificamente para slackline. \u00c9 facilmente ajust\u00e1vel ao di\u00e2metro da \u00e1rvore e muito leve. Adere \u00e0 prote\u00e7\u00e3o de \u00e1rvore e tem uma grande \u00e1rea de superf\u00edcie para manter as \u00e1rvores seguras e felizes<\/p>\n","protected":false},"featured_media":11802,"comment_status":"open","ping_status":"closed","template":"","meta":{"_acf_changed":false,"_joinchat":[]},"product_cat":[899,900],"product_tag":[549,555,559,562],"class_list":{"0":"post-11801","1":"product","2":"type-product","3":"status-publish","4":"has-post-thumbnail","6":"product_cat-ancoragem-e-sligns","7":"product_cat-slings-de-slackline","8":"product_tag-iniciantes","9":"product_tag-longline","10":"product_tag-rodeoline","11":"product_tag-trickline-pt-pt","12":"pa_brand-slacktivity-pt-pt","14":"first","15":"instock","16":"taxable","17":"shipping-taxable","18":"purchasable","19":"product-type-simple","swatches":"rey-swatches","show_selected":""},"acf":[],"yoast_head":"<!-- This site is optimized with the Yoast SEO plugin v27.4 - https:\/\/yoast.com\/product\/yoast-seo-wordpress\/ -->\n<title>Tree Sling Ajust\u00e1vel com 5m | SLACKTIVITY<\/title>\n<meta name=\"description\" content=\"Este sling ajust\u00e1vel, com 5m, foi desenvolvido especificamente para slackline. \u00c9 facilmente ajust\u00e1vel ao di\u00e2metro da \u00e1rvore e muito leve.\" \/>\n<meta name=\"robots\" content=\"index, follow, max-snippet:-1, max-image-preview:large, max-video-preview:-1\" \/>\n<link rel=\"canonical\" href=\"https:\/\/slacktivity.com\/pt-pt\/shop\/slackline-tree-sling-5m\/\" \/>\n<meta property=\"og:locale\" content=\"pt_PT\" \/>\n<meta property=\"og:type\" content=\"article\" \/>\n<meta property=\"og:title\" content=\"Tree Sling Ajust\u00e1vel com 5m | SLACKTIVITY\" \/>\n<meta property=\"og:description\" content=\"Este sling ajust\u00e1vel, com 5m, foi desenvolvido especificamente para slackline. \u00c9 facilmente ajust\u00e1vel ao di\u00e2metro da \u00e1rvore e muito leve.\" \/>\n<meta property=\"og:url\" content=\"https:\/\/slacktivity.com\/pt-pt\/shop\/slackline-tree-sling-5m\/\" \/>\n<meta property=\"og:site_name\" content=\"Slacktivity Slacklines International Shop\" \/>\n<meta property=\"article:publisher\" content=\"https:\/\/www.facebook.com\/SLACKTIVITY\/\" \/>\n<meta property=\"article:modified_time\" content=\"2025-01-03T12:05:34+00:00\" \/>\n<meta property=\"og:image\" content=\"https:\/\/slacktivity.com\/wp-content\/uploads\/2021\/02\/slackline-tree-sling-5m.jpg\" \/>\n\t<meta property=\"og:image:width\" content=\"1180\" \/>\n\t<meta property=\"og:image:height\" content=\"1377\" \/>\n\t<meta property=\"og:image:type\" content=\"image\/jpeg\" \/>\n<meta name=\"twitter:card\" content=\"summary_large_image\" \/>\n<meta name=\"twitter:label1\" content=\"Tempo estimado de leitura\" \/>\n\t<meta name=\"twitter:data1\" content=\"2 minutos\" \/>\n<script type=\"application\/ld+json\" class=\"yoast-schema-graph\">{\"@context\":\"https:\\\/\\\/schema.org\",\"@graph\":[{\"@type\":\"WebPage\",\"@id\":\"https:\\\/\\\/slacktivity.com\\\/pt-pt\\\/shop\\\/slackline-tree-sling-5m\\\/\",\"url\":\"https:\\\/\\\/slacktivity.com\\\/pt-pt\\\/shop\\\/slackline-tree-sling-5m\\\/\",\"name\":\"Tree Sling Ajust\u00e1vel com 5m | SLACKTIVITY\",\"isPartOf\":{\"@id\":\"https:\\\/\\\/slacktivity.com\\\/pt-pt\\\/#website\"},\"primaryImageOfPage\":{\"@id\":\"https:\\\/\\\/slacktivity.com\\\/pt-pt\\\/shop\\\/slackline-tree-sling-5m\\\/#primaryimage\"},\"image\":{\"@id\":\"https:\\\/\\\/slacktivity.com\\\/pt-pt\\\/shop\\\/slackline-tree-sling-5m\\\/#primaryimage\"},\"thumbnailUrl\":\"https:\\\/\\\/slacktivity.com\\\/wp-content\\\/uploads\\\/2021\\\/02\\\/slackline-tree-sling-5m.jpg\",\"datePublished\":\"2021-03-06T13:38:42+00:00\",\"dateModified\":\"2025-01-03T12:05:34+00:00\",\"description\":\"Este sling ajust\u00e1vel, com 5m, foi desenvolvido especificamente para slackline. \u00c9 facilmente ajust\u00e1vel ao di\u00e2metro da \u00e1rvore e muito leve.\",\"breadcrumb\":{\"@id\":\"https:\\\/\\\/slacktivity.com\\\/pt-pt\\\/shop\\\/slackline-tree-sling-5m\\\/#breadcrumb\"},\"inLanguage\":\"pt-PT\",\"potentialAction\":[{\"@type\":\"ReadAction\",\"target\":[\"https:\\\/\\\/slacktivity.com\\\/pt-pt\\\/shop\\\/slackline-tree-sling-5m\\\/\"]}]},{\"@type\":\"ImageObject\",\"inLanguage\":\"pt-PT\",\"@id\":\"https:\\\/\\\/slacktivity.com\\\/pt-pt\\\/shop\\\/slackline-tree-sling-5m\\\/#primaryimage\",\"url\":\"https:\\\/\\\/slacktivity.com\\\/wp-content\\\/uploads\\\/2021\\\/02\\\/slackline-tree-sling-5m.jpg\",\"contentUrl\":\"https:\\\/\\\/slacktivity.com\\\/wp-content\\\/uploads\\\/2021\\\/02\\\/slackline-tree-sling-5m.jpg\",\"width\":1180,\"height\":1377},{\"@type\":\"BreadcrumbList\",\"@id\":\"https:\\\/\\\/slacktivity.com\\\/pt-pt\\\/shop\\\/slackline-tree-sling-5m\\\/#breadcrumb\",\"itemListElement\":[{\"@type\":\"ListItem\",\"position\":1,\"name\":\"Home\",\"item\":\"https:\\\/\\\/slacktivity.com\\\/pt-pt\\\/\"},{\"@type\":\"ListItem\",\"position\":2,\"name\":\"loja\",\"item\":\"https:\\\/\\\/slacktivity.com\\\/pt-pt\\\/loja\\\/\"},{\"@type\":\"ListItem\",\"position\":3,\"name\":\"Tree Sling de Slackline| 5m\"}]},{\"@type\":\"WebSite\",\"@id\":\"https:\\\/\\\/slacktivity.com\\\/pt-pt\\\/#website\",\"url\":\"https:\\\/\\\/slacktivity.com\\\/pt-pt\\\/\",\"name\":\"Slacktivity Slacklines International Shop\",\"description\":\"Discover the innovative products of Slacktivity. Swiss designed premium slackline gear. Advice from our experts for the best and a safe slackline experience.\",\"publisher\":{\"@id\":\"https:\\\/\\\/slacktivity.com\\\/pt-pt\\\/#organization\"},\"potentialAction\":[{\"@type\":\"SearchAction\",\"target\":{\"@type\":\"EntryPoint\",\"urlTemplate\":\"https:\\\/\\\/slacktivity.com\\\/pt-pt\\\/?s={search_term_string}\"},\"query-input\":{\"@type\":\"PropertyValueSpecification\",\"valueRequired\":true,\"valueName\":\"search_term_string\"}}],\"inLanguage\":\"pt-PT\"},{\"@type\":\"Organization\",\"@id\":\"https:\\\/\\\/slacktivity.com\\\/pt-pt\\\/#organization\",\"name\":\"Slacktivity Slacklines\",\"url\":\"https:\\\/\\\/slacktivity.com\\\/pt-pt\\\/\",\"logo\":{\"@type\":\"ImageObject\",\"inLanguage\":\"pt-PT\",\"@id\":\"https:\\\/\\\/slacktivity.com\\\/pt-pt\\\/#\\\/schema\\\/logo\\\/image\\\/\",\"url\":\"https:\\\/\\\/slacktivity.com\\\/wp-content\\\/uploads\\\/2021\\\/01\\\/slacktivity-slackline-online-shop-1.png\",\"contentUrl\":\"https:\\\/\\\/slacktivity.com\\\/wp-content\\\/uploads\\\/2021\\\/01\\\/slacktivity-slackline-online-shop-1.png\",\"width\":200,\"height\":77,\"caption\":\"Slacktivity Slacklines\"},\"image\":{\"@id\":\"https:\\\/\\\/slacktivity.com\\\/pt-pt\\\/#\\\/schema\\\/logo\\\/image\\\/\"},\"sameAs\":[\"https:\\\/\\\/www.facebook.com\\\/SLACKTIVITY\\\/\",\"https:\\\/\\\/www.instagram.com\\\/slacktivity\\\/\"]}]}<\/script>\n<!-- \/ Yoast SEO plugin. -->","yoast_head_json":{"title":"Tree Sling Ajust\u00e1vel com 5m | SLACKTIVITY","description":"Este sling ajust\u00e1vel, com 5m, foi desenvolvido especificamente para slackline. \u00c9 facilmente ajust\u00e1vel ao di\u00e2metro da \u00e1rvore e muito leve.","robots":{"index":"index","follow":"follow","max-snippet":"max-snippet:-1","max-image-preview":"max-image-preview:large","max-video-preview":"max-video-preview:-1"},"canonical":"https:\/\/slacktivity.com\/pt-pt\/shop\/slackline-tree-sling-5m\/","og_locale":"pt_PT","og_type":"article","og_title":"Tree Sling Ajust\u00e1vel com 5m | SLACKTIVITY","og_description":"Este sling ajust\u00e1vel, com 5m, foi desenvolvido especificamente para slackline. \u00c9 facilmente ajust\u00e1vel ao di\u00e2metro da \u00e1rvore e muito leve.","og_url":"https:\/\/slacktivity.com\/pt-pt\/shop\/slackline-tree-sling-5m\/","og_site_name":"Slacktivity Slacklines International Shop","article_publisher":"https:\/\/www.facebook.com\/SLACKTIVITY\/","article_modified_time":"2025-01-03T12:05:34+00:00","og_image":[{"width":1180,"height":1377,"url":"https:\/\/slacktivity.com\/wp-content\/uploads\/2021\/02\/slackline-tree-sling-5m.jpg","type":"image\/jpeg"}],"twitter_card":"summary_large_image","twitter_misc":{"Tempo estimado de leitura":"2 minutos"},"schema":{"@context":"https:\/\/schema.org","@graph":[{"@type":"WebPage","@id":"https:\/\/slacktivity.com\/pt-pt\/shop\/slackline-tree-sling-5m\/","url":"https:\/\/slacktivity.com\/pt-pt\/shop\/slackline-tree-sling-5m\/","name":"Tree Sling Ajust\u00e1vel com 5m | SLACKTIVITY","isPartOf":{"@id":"https:\/\/slacktivity.com\/pt-pt\/#website"},"primaryImageOfPage":{"@id":"https:\/\/slacktivity.com\/pt-pt\/shop\/slackline-tree-sling-5m\/#primaryimage"},"image":{"@id":"https:\/\/slacktivity.com\/pt-pt\/shop\/slackline-tree-sling-5m\/#primaryimage"},"thumbnailUrl":"https:\/\/slacktivity.com\/wp-content\/uploads\/2021\/02\/slackline-tree-sling-5m.jpg","datePublished":"2021-03-06T13:38:42+00:00","dateModified":"2025-01-03T12:05:34+00:00","description":"Este sling ajust\u00e1vel, com 5m, foi desenvolvido especificamente para slackline. \u00c9 facilmente ajust\u00e1vel ao di\u00e2metro da \u00e1rvore e muito leve.","breadcrumb":{"@id":"https:\/\/slacktivity.com\/pt-pt\/shop\/slackline-tree-sling-5m\/#breadcrumb"},"inLanguage":"pt-PT","potentialAction":[{"@type":"ReadAction","target":["https:\/\/slacktivity.com\/pt-pt\/shop\/slackline-tree-sling-5m\/"]}]},{"@type":"ImageObject","inLanguage":"pt-PT","@id":"https:\/\/slacktivity.com\/pt-pt\/shop\/slackline-tree-sling-5m\/#primaryimage","url":"https:\/\/slacktivity.com\/wp-content\/uploads\/2021\/02\/slackline-tree-sling-5m.jpg","contentUrl":"https:\/\/slacktivity.com\/wp-content\/uploads\/2021\/02\/slackline-tree-sling-5m.jpg","width":1180,"height":1377},{"@type":"BreadcrumbList","@id":"https:\/\/slacktivity.com\/pt-pt\/shop\/slackline-tree-sling-5m\/#breadcrumb","itemListElement":[{"@type":"ListItem","position":1,"name":"Home","item":"https:\/\/slacktivity.com\/pt-pt\/"},{"@type":"ListItem","position":2,"name":"loja","item":"https:\/\/slacktivity.com\/pt-pt\/loja\/"},{"@type":"ListItem","position":3,"name":"Tree Sling de Slackline| 5m"}]},{"@type":"WebSite","@id":"https:\/\/slacktivity.com\/pt-pt\/#website","url":"https:\/\/slacktivity.com\/pt-pt\/","name":"Slacktivity Slacklines International Shop","description":"Discover the innovative products of Slacktivity. Swiss designed premium slackline gear. Advice from our experts for the best and a safe slackline experience.","publisher":{"@id":"https:\/\/slacktivity.com\/pt-pt\/#organization"},"potentialAction":[{"@type":"SearchAction","target":{"@type":"EntryPoint","urlTemplate":"https:\/\/slacktivity.com\/pt-pt\/?s={search_term_string}"},"query-input":{"@type":"PropertyValueSpecification","valueRequired":true,"valueName":"search_term_string"}}],"inLanguage":"pt-PT"},{"@type":"Organization","@id":"https:\/\/slacktivity.com\/pt-pt\/#organization","name":"Slacktivity Slacklines","url":"https:\/\/slacktivity.com\/pt-pt\/","logo":{"@type":"ImageObject","inLanguage":"pt-PT","@id":"https:\/\/slacktivity.com\/pt-pt\/#\/schema\/logo\/image\/","url":"https:\/\/slacktivity.com\/wp-content\/uploads\/2021\/01\/slacktivity-slackline-online-shop-1.png","contentUrl":"https:\/\/slacktivity.com\/wp-content\/uploads\/2021\/01\/slacktivity-slackline-online-shop-1.png","width":200,"height":77,"caption":"Slacktivity Slacklines"},"image":{"@id":"https:\/\/slacktivity.com\/pt-pt\/#\/schema\/logo\/image\/"},"sameAs":["https:\/\/www.facebook.com\/SLACKTIVITY\/","https:\/\/www.instagram.com\/slacktivity\/"]}]}},"_links":{"self":[{"href":"https:\/\/slacktivity.com\/pt-pt\/wp-json\/wp\/v2\/product\/11801","targetHints":{"allow":["GET"]}}],"collection":[{"href":"https:\/\/slacktivity.com\/pt-pt\/wp-json\/wp\/v2\/product"}],"about":[{"href":"https:\/\/slacktivity.com\/pt-pt\/wp-json\/wp\/v2\/types\/product"}],"replies":[{"embeddable":true,"href":"https:\/\/slacktivity.com\/pt-pt\/wp-json\/wp\/v2\/comments?post=11801"}],"wp:featuredmedia":[{"embeddable":true,"href":"https:\/\/slacktivity.com\/pt-pt\/wp-json\/wp\/v2\/media\/11802"}],"wp:attachment":[{"href":"https:\/\/slacktivity.com\/pt-pt\/wp-json\/wp\/v2\/media?parent=11801"}],"wp:term":[{"taxonomy":"product_cat","embeddable":true,"href":"https:\/\/slacktivity.com\/pt-pt\/wp-json\/wp\/v2\/product_cat?post=11801"},{"taxonomy":"product_tag","embeddable":true,"href":"https:\/\/slacktivity.com\/pt-pt\/wp-json\/wp\/v2\/product_tag?post=11801"}],"curies":[{"name":"wp","href":"https:\/\/api.w.org\/{rel}","templated":true}]}}