{"id":11820,"date":"2021-03-08T13:38:42","date_gmt":"2021-03-08T13:38:42","guid":{"rendered":"https:\/\/slacktivity.com\/shop\/tree-sling-para-slackline-2-5m\/"},"modified":"2024-12-02T16:35:22","modified_gmt":"2024-12-02T16:35:22","slug":"tree-sling-para-slackline-2-5m","status":"publish","type":"product","link":"https:\/\/slacktivity.com\/pt-pt\/shop\/tree-sling-para-slackline-2-5m\/","title":{"rendered":"Tree Sling para Slackline | 2.5m"},"content":{"rendered":"<h2>Tree Sling Ajust\u00e9vel para Slackline | 2.5m<\/h2>\n<p>O <strong>Tree Sling<\/strong> ajust\u00e1vel da Slacktivity foi desenvolvido especificamente para slackline, com o intuito de criar o sling mais vers\u00e1til e f\u00e1cil de usar na hora de ancorar um slackline. Este sling \u00e9 facilmente ajust\u00e1vel em comprimentos de 30 a 240cm. Isto torna o processo de montagem muito mais simples, uma vez que ajustando-se \u00e0 \u00e1rvore, o sling n\u00e3o cai como os slings tradicionais.<\/p>\n<p>A largura de 5 cent\u00edmetros garante que n\u00e3o danifica as \u00e1rvores. Tiras de velcro no seu interior ajudam a fix\u00e1-lo \u00e0s prote\u00e7\u00f5es de \u00e1rvore. Mesmo nas maiores \u00e1rvores, o sling permanecer\u00e1 no lugar!<\/p>\n<p>O Tree Sling ajust\u00e1vel \u00e9 250% mais leve do que os slings tradicionais. Em suma, o sling mais vers\u00e1til, f\u00e1cil de usar e leve para ancorar slacklines!<\/p>\n<p><b>Dica:<\/b> \u00e9 poss\u00edvel dar duas voltas \u00e0 \u00e1rvore para uma melhor distribui\u00e7\u00e3o da press\u00e3o (recomendado para \u00e1rvores sens\u00edveis na primavera). Esta solu\u00e7\u00e3o tamb\u00e9m quase dobra o MBS do sling, o que o eleva ao MBS de um RoundSling normal.<\/p>\n<p>Este sling permite a conex\u00e3o direta de shackles.<\/p>\n<p>Assim como outros componentes sem abertura, como \u00e9 o caso do <a href=\"https:\/\/slacktivity.com\/shop\/connection-loop\/\">Connection Loop<\/a> ou da <a href=\"\/shop\/deadmanplate\/\">deadManPlate<\/a>. Esta possibilidade oferecida pelo <a href=\"https:\/\/slacktivity.com\/pt-pt\/category\/protecoes-de-arvore\/\">Tree Sling<\/a> permite ter kits de slackline mais leves.<\/p>\n<h3>Destaques<\/h3>\n<ul>\n<li>Muito mais leve que os slings tradicionais, 250%!<\/li>\n<li>Ajust\u00e1vel de 30cm a 240cm<\/li>\n<li>.<\/li>\n<li>O sistema Loop &amp; hook nas costas do sling fixa-o \u00e0s pre\u00e7\u00f5es de \u00e1rvore.<\/li>\n<li>A fivela para fechar o sling dispensa elementos adicionais.<\/li>\n<\/ul>\n<h3>Especifica\u00e7\u00f5es Tree Sling Ajust\u00e1vel<\/h3>\n<ul>\n<li><strong>Dimens\u00f5es<\/strong>: 250x5cm<\/li>\n<li><strong>Peso:<\/strong> 350g<\/li>\n<li><strong>Material:<\/strong> Polyester e fivela de a\u00e7o cromada<\/li>\n<li><strong>MBS (Minimum Breaking Strength):<\/strong> (uma volta) 32kN* \/ (duas voltas) 56kN*<\/li>\n<li><strong>WLL (Working Load Limit):<\/strong> 8kN<\/li>\n<\/ul>\n<p>*A breaking strenght \u00e9 reduzida em cerca de 20% quando montada incorretamente com a fivela de bloqueio posicionada na dire\u00e7\u00e3o de tra\u00e7\u00e3o.<\/p>\n<p><strong>Antes de usar este equipamento, dever\u00e1 ler e perceber as instru\u00e7\u00f5es do seu uso. Veja o manual (PDF).<\/strong><\/p>\n","protected":false},"excerpt":{"rendered":"<p>Tree Sling ajust\u00e1vel, desenvolvido especificamente para slackline. \u00c9 muito f\u00e1cil de usar e 250% mais leve do que os slings tradicionais.<\/p>\n","protected":false},"featured_media":11821,"comment_status":"open","ping_status":"closed","template":"","meta":{"_acf_changed":false,"_joinchat":[]},"product_cat":[899,900],"product_tag":[555,559,562],"class_list":{"0":"post-11820","1":"product","2":"type-product","3":"status-publish","4":"has-post-thumbnail","6":"product_cat-ancoragem-e-sligns","7":"product_cat-slings-de-slackline","8":"product_tag-longline","9":"product_tag-rodeoline","10":"product_tag-trickline-pt-pt","11":"pa_brand-slacktivity-pt-pt","13":"first","14":"instock","15":"taxable","16":"shipping-taxable","17":"purchasable","18":"product-type-simple","swatches":"rey-swatches","show_selected":""},"acf":[],"yoast_head":"<!-- This site is optimized with the Yoast SEO plugin v27.4 - https:\/\/yoast.com\/product\/yoast-seo-wordpress\/ -->\n<title>Tree Sling para Slackline - 2.5m | SLACKTIVITY Shop<\/title>\n<meta name=\"description\" content=\"Tree Sling ajust\u00e1vel, desenvolvido especificamente para slackline. Pode ser ajustado ao tamanho da \u00e1rvore e \u00e9 super leve.\" \/>\n<meta name=\"robots\" content=\"index, follow, max-snippet:-1, max-image-preview:large, max-video-preview:-1\" \/>\n<link rel=\"canonical\" href=\"https:\/\/slacktivity.com\/pt-pt\/shop\/tree-sling-para-slackline-2-5m\/\" \/>\n<meta property=\"og:locale\" content=\"pt_PT\" \/>\n<meta property=\"og:type\" content=\"article\" \/>\n<meta property=\"og:title\" content=\"Tree Sling para Slackline - 2.5m | SLACKTIVITY Shop\" \/>\n<meta property=\"og:description\" content=\"Tree Sling ajust\u00e1vel, desenvolvido especificamente para slackline. Pode ser ajustado ao tamanho da \u00e1rvore e \u00e9 super leve.\" \/>\n<meta property=\"og:url\" content=\"https:\/\/slacktivity.com\/pt-pt\/shop\/tree-sling-para-slackline-2-5m\/\" \/>\n<meta property=\"og:site_name\" content=\"Slacktivity Slacklines International Shop\" \/>\n<meta property=\"article:publisher\" content=\"https:\/\/www.facebook.com\/SLACKTIVITY\/\" \/>\n<meta property=\"article:modified_time\" content=\"2024-12-02T16:35:22+00:00\" \/>\n<meta property=\"og:image\" content=\"https:\/\/slacktivity.com\/wp-content\/uploads\/2021\/02\/slackline-tree-sling-2-4m.jpg\" \/>\n\t<meta property=\"og:image:width\" content=\"1180\" \/>\n\t<meta property=\"og:image:height\" content=\"1377\" \/>\n\t<meta property=\"og:image:type\" content=\"image\/jpeg\" \/>\n<meta name=\"twitter:card\" content=\"summary_large_image\" \/>\n<meta name=\"twitter:label1\" content=\"Tempo estimado de leitura\" \/>\n\t<meta name=\"twitter:data1\" content=\"2 minutos\" \/>\n<script type=\"application\/ld+json\" class=\"yoast-schema-graph\">{\"@context\":\"https:\\\/\\\/schema.org\",\"@graph\":[{\"@type\":\"WebPage\",\"@id\":\"https:\\\/\\\/slacktivity.com\\\/pt-pt\\\/shop\\\/tree-sling-para-slackline-2-5m\\\/\",\"url\":\"https:\\\/\\\/slacktivity.com\\\/pt-pt\\\/shop\\\/tree-sling-para-slackline-2-5m\\\/\",\"name\":\"Tree Sling para Slackline - 2.5m | SLACKTIVITY Shop\",\"isPartOf\":{\"@id\":\"https:\\\/\\\/slacktivity.com\\\/pt-pt\\\/#website\"},\"primaryImageOfPage\":{\"@id\":\"https:\\\/\\\/slacktivity.com\\\/pt-pt\\\/shop\\\/tree-sling-para-slackline-2-5m\\\/#primaryimage\"},\"image\":{\"@id\":\"https:\\\/\\\/slacktivity.com\\\/pt-pt\\\/shop\\\/tree-sling-para-slackline-2-5m\\\/#primaryimage\"},\"thumbnailUrl\":\"https:\\\/\\\/slacktivity.com\\\/wp-content\\\/uploads\\\/2021\\\/02\\\/slackline-tree-sling-2-4m.jpg\",\"datePublished\":\"2021-03-08T13:38:42+00:00\",\"dateModified\":\"2024-12-02T16:35:22+00:00\",\"description\":\"Tree Sling ajust\u00e1vel, desenvolvido especificamente para slackline. Pode ser ajustado ao tamanho da \u00e1rvore e \u00e9 super leve.\",\"breadcrumb\":{\"@id\":\"https:\\\/\\\/slacktivity.com\\\/pt-pt\\\/shop\\\/tree-sling-para-slackline-2-5m\\\/#breadcrumb\"},\"inLanguage\":\"pt-PT\",\"potentialAction\":[{\"@type\":\"ReadAction\",\"target\":[\"https:\\\/\\\/slacktivity.com\\\/pt-pt\\\/shop\\\/tree-sling-para-slackline-2-5m\\\/\"]}]},{\"@type\":\"ImageObject\",\"inLanguage\":\"pt-PT\",\"@id\":\"https:\\\/\\\/slacktivity.com\\\/pt-pt\\\/shop\\\/tree-sling-para-slackline-2-5m\\\/#primaryimage\",\"url\":\"https:\\\/\\\/slacktivity.com\\\/wp-content\\\/uploads\\\/2021\\\/02\\\/slackline-tree-sling-2-4m.jpg\",\"contentUrl\":\"https:\\\/\\\/slacktivity.com\\\/wp-content\\\/uploads\\\/2021\\\/02\\\/slackline-tree-sling-2-4m.jpg\",\"width\":1180,\"height\":1377},{\"@type\":\"BreadcrumbList\",\"@id\":\"https:\\\/\\\/slacktivity.com\\\/pt-pt\\\/shop\\\/tree-sling-para-slackline-2-5m\\\/#breadcrumb\",\"itemListElement\":[{\"@type\":\"ListItem\",\"position\":1,\"name\":\"Home\",\"item\":\"https:\\\/\\\/slacktivity.com\\\/pt-pt\\\/\"},{\"@type\":\"ListItem\",\"position\":2,\"name\":\"loja\",\"item\":\"https:\\\/\\\/slacktivity.com\\\/pt-pt\\\/loja\\\/\"},{\"@type\":\"ListItem\",\"position\":3,\"name\":\"Tree Sling para Slackline | 2.5m\"}]},{\"@type\":\"WebSite\",\"@id\":\"https:\\\/\\\/slacktivity.com\\\/pt-pt\\\/#website\",\"url\":\"https:\\\/\\\/slacktivity.com\\\/pt-pt\\\/\",\"name\":\"Slacktivity Slacklines International Shop\",\"description\":\"Discover the innovative products of Slacktivity. Swiss designed premium slackline gear. Advice from our experts for the best and a safe slackline experience.\",\"publisher\":{\"@id\":\"https:\\\/\\\/slacktivity.com\\\/pt-pt\\\/#organization\"},\"potentialAction\":[{\"@type\":\"SearchAction\",\"target\":{\"@type\":\"EntryPoint\",\"urlTemplate\":\"https:\\\/\\\/slacktivity.com\\\/pt-pt\\\/?s={search_term_string}\"},\"query-input\":{\"@type\":\"PropertyValueSpecification\",\"valueRequired\":true,\"valueName\":\"search_term_string\"}}],\"inLanguage\":\"pt-PT\"},{\"@type\":\"Organization\",\"@id\":\"https:\\\/\\\/slacktivity.com\\\/pt-pt\\\/#organization\",\"name\":\"Slacktivity Slacklines\",\"url\":\"https:\\\/\\\/slacktivity.com\\\/pt-pt\\\/\",\"logo\":{\"@type\":\"ImageObject\",\"inLanguage\":\"pt-PT\",\"@id\":\"https:\\\/\\\/slacktivity.com\\\/pt-pt\\\/#\\\/schema\\\/logo\\\/image\\\/\",\"url\":\"https:\\\/\\\/slacktivity.com\\\/wp-content\\\/uploads\\\/2021\\\/01\\\/slacktivity-slackline-online-shop-1.png\",\"contentUrl\":\"https:\\\/\\\/slacktivity.com\\\/wp-content\\\/uploads\\\/2021\\\/01\\\/slacktivity-slackline-online-shop-1.png\",\"width\":200,\"height\":77,\"caption\":\"Slacktivity Slacklines\"},\"image\":{\"@id\":\"https:\\\/\\\/slacktivity.com\\\/pt-pt\\\/#\\\/schema\\\/logo\\\/image\\\/\"},\"sameAs\":[\"https:\\\/\\\/www.facebook.com\\\/SLACKTIVITY\\\/\",\"https:\\\/\\\/www.instagram.com\\\/slacktivity\\\/\"]}]}<\/script>\n<!-- \/ Yoast SEO plugin. -->","yoast_head_json":{"title":"Tree Sling para Slackline - 2.5m | SLACKTIVITY Shop","description":"Tree Sling ajust\u00e1vel, desenvolvido especificamente para slackline. Pode ser ajustado ao tamanho da \u00e1rvore e \u00e9 super leve.","robots":{"index":"index","follow":"follow","max-snippet":"max-snippet:-1","max-image-preview":"max-image-preview:large","max-video-preview":"max-video-preview:-1"},"canonical":"https:\/\/slacktivity.com\/pt-pt\/shop\/tree-sling-para-slackline-2-5m\/","og_locale":"pt_PT","og_type":"article","og_title":"Tree Sling para Slackline - 2.5m | SLACKTIVITY Shop","og_description":"Tree Sling ajust\u00e1vel, desenvolvido especificamente para slackline. Pode ser ajustado ao tamanho da \u00e1rvore e \u00e9 super leve.","og_url":"https:\/\/slacktivity.com\/pt-pt\/shop\/tree-sling-para-slackline-2-5m\/","og_site_name":"Slacktivity Slacklines International Shop","article_publisher":"https:\/\/www.facebook.com\/SLACKTIVITY\/","article_modified_time":"2024-12-02T16:35:22+00:00","og_image":[{"width":1180,"height":1377,"url":"https:\/\/slacktivity.com\/wp-content\/uploads\/2021\/02\/slackline-tree-sling-2-4m.jpg","type":"image\/jpeg"}],"twitter_card":"summary_large_image","twitter_misc":{"Tempo estimado de leitura":"2 minutos"},"schema":{"@context":"https:\/\/schema.org","@graph":[{"@type":"WebPage","@id":"https:\/\/slacktivity.com\/pt-pt\/shop\/tree-sling-para-slackline-2-5m\/","url":"https:\/\/slacktivity.com\/pt-pt\/shop\/tree-sling-para-slackline-2-5m\/","name":"Tree Sling para Slackline - 2.5m | SLACKTIVITY Shop","isPartOf":{"@id":"https:\/\/slacktivity.com\/pt-pt\/#website"},"primaryImageOfPage":{"@id":"https:\/\/slacktivity.com\/pt-pt\/shop\/tree-sling-para-slackline-2-5m\/#primaryimage"},"image":{"@id":"https:\/\/slacktivity.com\/pt-pt\/shop\/tree-sling-para-slackline-2-5m\/#primaryimage"},"thumbnailUrl":"https:\/\/slacktivity.com\/wp-content\/uploads\/2021\/02\/slackline-tree-sling-2-4m.jpg","datePublished":"2021-03-08T13:38:42+00:00","dateModified":"2024-12-02T16:35:22+00:00","description":"Tree Sling ajust\u00e1vel, desenvolvido especificamente para slackline. Pode ser ajustado ao tamanho da \u00e1rvore e \u00e9 super leve.","breadcrumb":{"@id":"https:\/\/slacktivity.com\/pt-pt\/shop\/tree-sling-para-slackline-2-5m\/#breadcrumb"},"inLanguage":"pt-PT","potentialAction":[{"@type":"ReadAction","target":["https:\/\/slacktivity.com\/pt-pt\/shop\/tree-sling-para-slackline-2-5m\/"]}]},{"@type":"ImageObject","inLanguage":"pt-PT","@id":"https:\/\/slacktivity.com\/pt-pt\/shop\/tree-sling-para-slackline-2-5m\/#primaryimage","url":"https:\/\/slacktivity.com\/wp-content\/uploads\/2021\/02\/slackline-tree-sling-2-4m.jpg","contentUrl":"https:\/\/slacktivity.com\/wp-content\/uploads\/2021\/02\/slackline-tree-sling-2-4m.jpg","width":1180,"height":1377},{"@type":"BreadcrumbList","@id":"https:\/\/slacktivity.com\/pt-pt\/shop\/tree-sling-para-slackline-2-5m\/#breadcrumb","itemListElement":[{"@type":"ListItem","position":1,"name":"Home","item":"https:\/\/slacktivity.com\/pt-pt\/"},{"@type":"ListItem","position":2,"name":"loja","item":"https:\/\/slacktivity.com\/pt-pt\/loja\/"},{"@type":"ListItem","position":3,"name":"Tree Sling para Slackline | 2.5m"}]},{"@type":"WebSite","@id":"https:\/\/slacktivity.com\/pt-pt\/#website","url":"https:\/\/slacktivity.com\/pt-pt\/","name":"Slacktivity Slacklines International Shop","description":"Discover the innovative products of Slacktivity. Swiss designed premium slackline gear. Advice from our experts for the best and a safe slackline experience.","publisher":{"@id":"https:\/\/slacktivity.com\/pt-pt\/#organization"},"potentialAction":[{"@type":"SearchAction","target":{"@type":"EntryPoint","urlTemplate":"https:\/\/slacktivity.com\/pt-pt\/?s={search_term_string}"},"query-input":{"@type":"PropertyValueSpecification","valueRequired":true,"valueName":"search_term_string"}}],"inLanguage":"pt-PT"},{"@type":"Organization","@id":"https:\/\/slacktivity.com\/pt-pt\/#organization","name":"Slacktivity Slacklines","url":"https:\/\/slacktivity.com\/pt-pt\/","logo":{"@type":"ImageObject","inLanguage":"pt-PT","@id":"https:\/\/slacktivity.com\/pt-pt\/#\/schema\/logo\/image\/","url":"https:\/\/slacktivity.com\/wp-content\/uploads\/2021\/01\/slacktivity-slackline-online-shop-1.png","contentUrl":"https:\/\/slacktivity.com\/wp-content\/uploads\/2021\/01\/slacktivity-slackline-online-shop-1.png","width":200,"height":77,"caption":"Slacktivity Slacklines"},"image":{"@id":"https:\/\/slacktivity.com\/pt-pt\/#\/schema\/logo\/image\/"},"sameAs":["https:\/\/www.facebook.com\/SLACKTIVITY\/","https:\/\/www.instagram.com\/slacktivity\/"]}]}},"_links":{"self":[{"href":"https:\/\/slacktivity.com\/pt-pt\/wp-json\/wp\/v2\/product\/11820","targetHints":{"allow":["GET"]}}],"collection":[{"href":"https:\/\/slacktivity.com\/pt-pt\/wp-json\/wp\/v2\/product"}],"about":[{"href":"https:\/\/slacktivity.com\/pt-pt\/wp-json\/wp\/v2\/types\/product"}],"replies":[{"embeddable":true,"href":"https:\/\/slacktivity.com\/pt-pt\/wp-json\/wp\/v2\/comments?post=11820"}],"wp:featuredmedia":[{"embeddable":true,"href":"https:\/\/slacktivity.com\/pt-pt\/wp-json\/wp\/v2\/media\/11821"}],"wp:attachment":[{"href":"https:\/\/slacktivity.com\/pt-pt\/wp-json\/wp\/v2\/media?parent=11820"}],"wp:term":[{"taxonomy":"product_cat","embeddable":true,"href":"https:\/\/slacktivity.com\/pt-pt\/wp-json\/wp\/v2\/product_cat?post=11820"},{"taxonomy":"product_tag","embeddable":true,"href":"https:\/\/slacktivity.com\/pt-pt\/wp-json\/wp\/v2\/product_tag?post=11820"}],"curies":[{"name":"wp","href":"https:\/\/api.w.org\/{rel}","templated":true}]}}