{"id":11836,"date":"2021-06-18T15:38:49","date_gmt":"2021-06-18T15:38:49","guid":{"rendered":"https:\/\/slacktivity.com\/shop\/redtube-isa-certified-highline-webbing-30m-200m\/"},"modified":"2024-06-07T12:16:33","modified_gmt":"2024-06-07T12:16:33","slug":"redtube-30m-200m","status":"publish","type":"product","link":"https:\/\/slacktivity.com\/pt-pt\/shop\/redtube-30m-200m\/","title":{"rendered":"redTube &#8211; ISA Certified Highline Webbing | 30m &#8211; 200m"},"content":{"rendered":"<h2>redTube A &#8211; the first ISA certified Highline Webbing<\/h2>\n<p>Para <strong>treinar de forma eficiente<\/strong> com <strong>divers\u00e3o m\u00e1xima<\/strong>, a <strong>RedTube<\/strong> \u00e9 a linha de slackline perfeita. Uma linha tubular de nylon ideal para quem procura um slackline suave e hyper din\u00e2mico. O design tubular garante arestas suaves sob qualquer tens\u00e3o, o que se quer nas highline catches.<\/p>\n<p>Esta <a href=\"https:\/\/slacktivity.com\/pt-pt\/category\/linhas-de-slackline\/\">cinta<\/a> foi desenvolvida para oferecer o maior treino mais eficiente poss\u00edvel em rela\u00e7\u00e3o ao seu peso. A RedTube \u00e9 com certeza \u00e9 uma das linhas mais dif\u00edceis de controlar no mercado. H\u00e1 mesmo quem a chame &#8220;Devils Webbing&#8221;. O alta elasticidade tamb\u00e9m permite grandes bounces, surfs e outros truques. Para uma montagem f\u00e1cil, a RedTube vem com um loop costurado nas duas extremidades e um BackupLoop adicional.<\/p>\n<p>A redTube A foi a primeira linha de highline do mercado a ser <a href=\"https:\/\/slacktivity.com\/pt-pt\/tag\/equipamento-certificado-pela-isa\/\">certificada de acordo com a norma de seguran\u00e7a ISA 41<\/a>. A redTube A aplica-se \u00e0 segunda classe A de maior resist\u00eancia (30 + kN, loops costurados MBS 24 + kN), e \u00e9 por isso a correia perfeita para uso intenso num festival highline, onde altas margens de seguran\u00e7a s\u00e3o bem-vindas.<\/p>\n<p><strong>A RedTube est\u00e1 dispon\u00edvel em comprimentos cont\u00ednuos de at\u00e9 200 metros.<\/strong><\/p>\n<h3><strong>RedTube <\/strong>Vers\u00e3o A<\/h3>\n<p>A vers\u00e3o A tem um end loop costurado numa extremidade e um end loop costurado com um BackupLoop adicional na outra extremidade. O backuploop deve ser usado apenas como backup e n\u00e3o como loop principal.<\/p>\n<h3><strong>RedTube <\/strong>Vers\u00e3o B<\/h3>\n<p>A Vers\u00e3o B possui v\u00e1rios T-Loops ao longo de toda a linha. Vantagens dos T-Loops:<\/p>\n<ul>\n<li>Funcionam como estabilizadores para o vento em linhas montadas no parque.<\/li>\n<li>Podem ser usados para conectar a linha principal e backup atrav\u00e9s de um quicklink<\/li>\n<li>No caso de haver uma tempestade o backup e linha principal permanecem conectados.<\/li>\n<li>Na eventualidade improv\u00e1vel de ser verificar um falha na linha principal a queda no backup ser\u00e1 mais suave do que num sistema convencional.<\/li>\n<li>O tipo de backup e comprimento pode ser adaptados dependendo de projeto e da tens\u00e3o aplicada no sistema.<\/li>\n<li>A linha de backup pode ser fixada com um n\u00f3 ao quicklink. Idealmente, use uma linha estreita ou uma corda para isso, pois uma linha de 25 mm far\u00e1 um n\u00f3 enorme.<\/li>\n<\/ul>\n<h3>Mais informa\u00e7\u00f5es sobre os T-Loops:<\/h3>\n<ul>\n<li>N\u00f3s grandes em linhas largas podem dificultar a passagem com an\u00e9is de leash mais pequenos.<\/li>\n<li>A parte do T-Loop n\u00e3o pode ser puxada atrav\u00e9s do <a href=\"https:\/\/slacktivity.com\/pt-pt\/category\/ancoragem-de-slackline\/weblocks-de-slackline\/\">weblock<\/a> com o HangOver-Pulley. Deve antes ser passada com recurso a um sistema de tensionamento adicional\/improvisado. Este problema pode ser evitado deixando dist\u00e2ncia suficiente ap\u00f3s o T-Loop, para ser puxado para o weblock.<\/li>\n<\/ul>\n<h3>Especif\u00edca\u00e7\u00f5es<\/h3>\n<ul>\n<li>Linha de<strong>Nylon Tubular<\/strong><\/li>\n<li><strong>Extremidades suaves<\/strong><\/li>\n<li><strong>Sewn loops<\/strong> em cada extremidade + 1 <strong>backup-Loop<\/strong><\/li>\n<li><strong>High-stretch para grandes bounces e surfs<\/strong><\/li>\n<li><strong>Stretch @ 1kN:<\/strong> 1.1%<\/li>\n<li><strong>Stretch @ 2kN:<\/strong> 3.1%<\/li>\n<li><strong>Stretch @ 3kN:<\/strong> 6.6%<\/li>\n<li><strong>Stretch @ 4kN:<\/strong> 9.6%<\/li>\n<li><strong>Stretch @ 5kN:<\/strong> 11.6%<\/li>\n<li><strong>Stretch @ 10kN:<\/strong> 18.6%<\/li>\n<li><strong>Minimum Breaking Strength (MBS)<\/strong>: 36kN<\/li>\n<li><strong>EndLoops<\/strong>: <strong>MBS:<\/strong> 30kN<\/li>\n<li><strong>ISA 41 certified<\/strong> in strength class A<\/li>\n<li><strong>Peso:<\/strong> 76g\/m<\/li>\n<\/ul>\n<h3>Weight da redTube<\/h3>\n<ul>\n<li><strong>redTube com 30m:<\/strong> 2.28kg<\/li>\n<li><strong>redTube com 50m:<\/strong> 3.8kg<\/li>\n<li><strong>redTube com 80m:<\/strong> 6.08kg<\/li>\n<li><strong>redTube com 100m:<\/strong> 7.60kg<\/li>\n<li><strong>redTube com 150m:<\/strong> 11.4kg<\/li>\n<li><strong>redTube com 200m:<\/strong> 15.2kg<\/li>\n<\/ul>\n<p>Antes de usar este equipamento, dever\u00e1 ler e perceber as instru\u00e7\u00f5es do seu uso. Consulte o manual (PDF) no separador &#8220;Manuais&#8221;.<\/p>\n","protected":false},"excerpt":{"rendered":"<p>A linha mais desafiante! A redTube \u00e9 um slackline de nylon com 18% de stretch, super divertido e certificado pela ISA para highline.<\/p>\n","protected":false},"featured_media":11837,"comment_status":"open","ping_status":"closed","template":"","meta":{"_acf_changed":false,"_joinchat":[]},"product_cat":[514,513,898,906,926,897],"product_tag":[553,552,555,910,912],"class_list":{"0":"post-11836","1":"product","2":"type-product","3":"status-publish","4":"has-post-thumbnail","6":"product_cat-certificado-pela-isa","7":"product_cat-equipamento-de-highline","8":"product_cat-cintas-para-longline","9":"product_cat-cintas-de-slackline","10":"product_cat-linhas-de-slackline","11":"product_cat-cintas-para-highline","12":"product_tag-equipamento-certificado-pela-isa","13":"product_tag-highline","14":"product_tag-longline","15":"product_tag-nylon-pt-pt-2","16":"product_tag-slackline-tubular","17":"pa_brand-slacktivity-pt-pt","18":"pa_stretch-high","19":"pa_webbing-material-nylon-pt-pt-2","21":"first","22":"instock","23":"sale","24":"taxable","25":"shipping-taxable","26":"purchasable","27":"product-type-variable","28":"has-default-attributes","swatches":"rey-swatches","show_selected":""},"acf":[],"yoast_head":"<!-- This site is optimized with the Yoast SEO plugin v27.4 - https:\/\/yoast.com\/product\/yoast-seo-wordpress\/ -->\n<title>redTube - A Linha mais Din\u00e2mica | SLACKTIVITY Online Shop<\/title>\n<meta name=\"description\" content=\"Perfeita para surfing, bouncing e highlines. A redTube \u00e9 um slackline de nylon com 18% de stretch, super divertido e certificado pela ISA para highline\" \/>\n<meta name=\"robots\" content=\"index, follow, max-snippet:-1, max-image-preview:large, max-video-preview:-1\" \/>\n<link rel=\"canonical\" href=\"https:\/\/slacktivity.com\/pt-pt\/shop\/redtube-30m-200m\/\" \/>\n<meta property=\"og:locale\" content=\"pt_PT\" \/>\n<meta property=\"og:type\" content=\"article\" \/>\n<meta property=\"og:title\" content=\"redTube - A Linha mais Din\u00e2mica | SLACKTIVITY Online Shop\" \/>\n<meta property=\"og:description\" content=\"Perfeita para surfing, bouncing e highlines. A redTube \u00e9 um slackline de nylon com 18% de stretch, super divertido e certificado pela ISA para highline\" \/>\n<meta property=\"og:url\" content=\"https:\/\/slacktivity.com\/pt-pt\/shop\/redtube-30m-200m\/\" \/>\n<meta property=\"og:site_name\" content=\"Slacktivity Slacklines International Shop\" \/>\n<meta property=\"article:publisher\" content=\"https:\/\/www.facebook.com\/SLACKTIVITY\/\" \/>\n<meta property=\"article:modified_time\" content=\"2024-06-07T12:16:33+00:00\" \/>\n<meta property=\"og:image\" content=\"https:\/\/slacktivity.com\/wp-content\/uploads\/2021\/02\/redtube-slackline-a.jpg\" \/>\n\t<meta property=\"og:image:width\" content=\"1180\" \/>\n\t<meta property=\"og:image:height\" content=\"1377\" \/>\n\t<meta property=\"og:image:type\" content=\"image\/jpeg\" \/>\n<meta name=\"twitter:card\" content=\"summary_large_image\" \/>\n<meta name=\"twitter:label1\" content=\"Tempo estimado de leitura\" \/>\n\t<meta name=\"twitter:data1\" content=\"3 minutos\" \/>\n<script type=\"application\/ld+json\" class=\"yoast-schema-graph\">{\"@context\":\"https:\\\/\\\/schema.org\",\"@graph\":[{\"@type\":\"WebPage\",\"@id\":\"https:\\\/\\\/slacktivity.com\\\/pt-pt\\\/shop\\\/redtube-30m-200m\\\/\",\"url\":\"https:\\\/\\\/slacktivity.com\\\/pt-pt\\\/shop\\\/redtube-30m-200m\\\/\",\"name\":\"redTube - A Linha mais Din\u00e2mica | SLACKTIVITY Online Shop\",\"isPartOf\":{\"@id\":\"https:\\\/\\\/slacktivity.com\\\/pt-pt\\\/#website\"},\"primaryImageOfPage\":{\"@id\":\"https:\\\/\\\/slacktivity.com\\\/pt-pt\\\/shop\\\/redtube-30m-200m\\\/#primaryimage\"},\"image\":{\"@id\":\"https:\\\/\\\/slacktivity.com\\\/pt-pt\\\/shop\\\/redtube-30m-200m\\\/#primaryimage\"},\"thumbnailUrl\":\"https:\\\/\\\/slacktivity.com\\\/wp-content\\\/uploads\\\/2021\\\/02\\\/redtube-slackline-a.jpg\",\"datePublished\":\"2021-06-18T15:38:49+00:00\",\"dateModified\":\"2024-06-07T12:16:33+00:00\",\"description\":\"Perfeita para surfing, bouncing e highlines. A redTube \u00e9 um slackline de nylon com 18% de stretch, super divertido e certificado pela ISA para highline\",\"breadcrumb\":{\"@id\":\"https:\\\/\\\/slacktivity.com\\\/pt-pt\\\/shop\\\/redtube-30m-200m\\\/#breadcrumb\"},\"inLanguage\":\"pt-PT\",\"potentialAction\":[{\"@type\":\"ReadAction\",\"target\":[\"https:\\\/\\\/slacktivity.com\\\/pt-pt\\\/shop\\\/redtube-30m-200m\\\/\"]}]},{\"@type\":\"ImageObject\",\"inLanguage\":\"pt-PT\",\"@id\":\"https:\\\/\\\/slacktivity.com\\\/pt-pt\\\/shop\\\/redtube-30m-200m\\\/#primaryimage\",\"url\":\"https:\\\/\\\/slacktivity.com\\\/wp-content\\\/uploads\\\/2021\\\/02\\\/redtube-slackline-a.jpg\",\"contentUrl\":\"https:\\\/\\\/slacktivity.com\\\/wp-content\\\/uploads\\\/2021\\\/02\\\/redtube-slackline-a.jpg\",\"width\":1180,\"height\":1377},{\"@type\":\"BreadcrumbList\",\"@id\":\"https:\\\/\\\/slacktivity.com\\\/pt-pt\\\/shop\\\/redtube-30m-200m\\\/#breadcrumb\",\"itemListElement\":[{\"@type\":\"ListItem\",\"position\":1,\"name\":\"Home\",\"item\":\"https:\\\/\\\/slacktivity.com\\\/pt-pt\\\/\"},{\"@type\":\"ListItem\",\"position\":2,\"name\":\"loja\",\"item\":\"https:\\\/\\\/slacktivity.com\\\/pt-pt\\\/loja\\\/\"},{\"@type\":\"ListItem\",\"position\":3,\"name\":\"redTube &#8211; ISA Certified Highline Webbing | 30m &#8211; 200m\"}]},{\"@type\":\"WebSite\",\"@id\":\"https:\\\/\\\/slacktivity.com\\\/pt-pt\\\/#website\",\"url\":\"https:\\\/\\\/slacktivity.com\\\/pt-pt\\\/\",\"name\":\"Slacktivity Slacklines International Shop\",\"description\":\"Discover the innovative products of Slacktivity. Swiss designed premium slackline gear. Advice from our experts for the best and a safe slackline experience.\",\"publisher\":{\"@id\":\"https:\\\/\\\/slacktivity.com\\\/pt-pt\\\/#organization\"},\"potentialAction\":[{\"@type\":\"SearchAction\",\"target\":{\"@type\":\"EntryPoint\",\"urlTemplate\":\"https:\\\/\\\/slacktivity.com\\\/pt-pt\\\/?s={search_term_string}\"},\"query-input\":{\"@type\":\"PropertyValueSpecification\",\"valueRequired\":true,\"valueName\":\"search_term_string\"}}],\"inLanguage\":\"pt-PT\"},{\"@type\":\"Organization\",\"@id\":\"https:\\\/\\\/slacktivity.com\\\/pt-pt\\\/#organization\",\"name\":\"Slacktivity Slacklines\",\"url\":\"https:\\\/\\\/slacktivity.com\\\/pt-pt\\\/\",\"logo\":{\"@type\":\"ImageObject\",\"inLanguage\":\"pt-PT\",\"@id\":\"https:\\\/\\\/slacktivity.com\\\/pt-pt\\\/#\\\/schema\\\/logo\\\/image\\\/\",\"url\":\"https:\\\/\\\/slacktivity.com\\\/wp-content\\\/uploads\\\/2021\\\/01\\\/slacktivity-slackline-online-shop-1.png\",\"contentUrl\":\"https:\\\/\\\/slacktivity.com\\\/wp-content\\\/uploads\\\/2021\\\/01\\\/slacktivity-slackline-online-shop-1.png\",\"width\":200,\"height\":77,\"caption\":\"Slacktivity Slacklines\"},\"image\":{\"@id\":\"https:\\\/\\\/slacktivity.com\\\/pt-pt\\\/#\\\/schema\\\/logo\\\/image\\\/\"},\"sameAs\":[\"https:\\\/\\\/www.facebook.com\\\/SLACKTIVITY\\\/\",\"https:\\\/\\\/www.instagram.com\\\/slacktivity\\\/\"]}]}<\/script>\n<!-- \/ Yoast SEO plugin. -->","yoast_head_json":{"title":"redTube - A Linha mais Din\u00e2mica | SLACKTIVITY Online Shop","description":"Perfeita para surfing, bouncing e highlines. A redTube \u00e9 um slackline de nylon com 18% de stretch, super divertido e certificado pela ISA para highline","robots":{"index":"index","follow":"follow","max-snippet":"max-snippet:-1","max-image-preview":"max-image-preview:large","max-video-preview":"max-video-preview:-1"},"canonical":"https:\/\/slacktivity.com\/pt-pt\/shop\/redtube-30m-200m\/","og_locale":"pt_PT","og_type":"article","og_title":"redTube - A Linha mais Din\u00e2mica | SLACKTIVITY Online Shop","og_description":"Perfeita para surfing, bouncing e highlines. A redTube \u00e9 um slackline de nylon com 18% de stretch, super divertido e certificado pela ISA para highline","og_url":"https:\/\/slacktivity.com\/pt-pt\/shop\/redtube-30m-200m\/","og_site_name":"Slacktivity Slacklines International Shop","article_publisher":"https:\/\/www.facebook.com\/SLACKTIVITY\/","article_modified_time":"2024-06-07T12:16:33+00:00","og_image":[{"width":1180,"height":1377,"url":"https:\/\/slacktivity.com\/wp-content\/uploads\/2021\/02\/redtube-slackline-a.jpg","type":"image\/jpeg"}],"twitter_card":"summary_large_image","twitter_misc":{"Tempo estimado de leitura":"3 minutos"},"schema":{"@context":"https:\/\/schema.org","@graph":[{"@type":"WebPage","@id":"https:\/\/slacktivity.com\/pt-pt\/shop\/redtube-30m-200m\/","url":"https:\/\/slacktivity.com\/pt-pt\/shop\/redtube-30m-200m\/","name":"redTube - A Linha mais Din\u00e2mica | SLACKTIVITY Online Shop","isPartOf":{"@id":"https:\/\/slacktivity.com\/pt-pt\/#website"},"primaryImageOfPage":{"@id":"https:\/\/slacktivity.com\/pt-pt\/shop\/redtube-30m-200m\/#primaryimage"},"image":{"@id":"https:\/\/slacktivity.com\/pt-pt\/shop\/redtube-30m-200m\/#primaryimage"},"thumbnailUrl":"https:\/\/slacktivity.com\/wp-content\/uploads\/2021\/02\/redtube-slackline-a.jpg","datePublished":"2021-06-18T15:38:49+00:00","dateModified":"2024-06-07T12:16:33+00:00","description":"Perfeita para surfing, bouncing e highlines. A redTube \u00e9 um slackline de nylon com 18% de stretch, super divertido e certificado pela ISA para highline","breadcrumb":{"@id":"https:\/\/slacktivity.com\/pt-pt\/shop\/redtube-30m-200m\/#breadcrumb"},"inLanguage":"pt-PT","potentialAction":[{"@type":"ReadAction","target":["https:\/\/slacktivity.com\/pt-pt\/shop\/redtube-30m-200m\/"]}]},{"@type":"ImageObject","inLanguage":"pt-PT","@id":"https:\/\/slacktivity.com\/pt-pt\/shop\/redtube-30m-200m\/#primaryimage","url":"https:\/\/slacktivity.com\/wp-content\/uploads\/2021\/02\/redtube-slackline-a.jpg","contentUrl":"https:\/\/slacktivity.com\/wp-content\/uploads\/2021\/02\/redtube-slackline-a.jpg","width":1180,"height":1377},{"@type":"BreadcrumbList","@id":"https:\/\/slacktivity.com\/pt-pt\/shop\/redtube-30m-200m\/#breadcrumb","itemListElement":[{"@type":"ListItem","position":1,"name":"Home","item":"https:\/\/slacktivity.com\/pt-pt\/"},{"@type":"ListItem","position":2,"name":"loja","item":"https:\/\/slacktivity.com\/pt-pt\/loja\/"},{"@type":"ListItem","position":3,"name":"redTube &#8211; ISA Certified Highline Webbing | 30m &#8211; 200m"}]},{"@type":"WebSite","@id":"https:\/\/slacktivity.com\/pt-pt\/#website","url":"https:\/\/slacktivity.com\/pt-pt\/","name":"Slacktivity Slacklines International Shop","description":"Discover the innovative products of Slacktivity. Swiss designed premium slackline gear. Advice from our experts for the best and a safe slackline experience.","publisher":{"@id":"https:\/\/slacktivity.com\/pt-pt\/#organization"},"potentialAction":[{"@type":"SearchAction","target":{"@type":"EntryPoint","urlTemplate":"https:\/\/slacktivity.com\/pt-pt\/?s={search_term_string}"},"query-input":{"@type":"PropertyValueSpecification","valueRequired":true,"valueName":"search_term_string"}}],"inLanguage":"pt-PT"},{"@type":"Organization","@id":"https:\/\/slacktivity.com\/pt-pt\/#organization","name":"Slacktivity Slacklines","url":"https:\/\/slacktivity.com\/pt-pt\/","logo":{"@type":"ImageObject","inLanguage":"pt-PT","@id":"https:\/\/slacktivity.com\/pt-pt\/#\/schema\/logo\/image\/","url":"https:\/\/slacktivity.com\/wp-content\/uploads\/2021\/01\/slacktivity-slackline-online-shop-1.png","contentUrl":"https:\/\/slacktivity.com\/wp-content\/uploads\/2021\/01\/slacktivity-slackline-online-shop-1.png","width":200,"height":77,"caption":"Slacktivity Slacklines"},"image":{"@id":"https:\/\/slacktivity.com\/pt-pt\/#\/schema\/logo\/image\/"},"sameAs":["https:\/\/www.facebook.com\/SLACKTIVITY\/","https:\/\/www.instagram.com\/slacktivity\/"]}]}},"_links":{"self":[{"href":"https:\/\/slacktivity.com\/pt-pt\/wp-json\/wp\/v2\/product\/11836","targetHints":{"allow":["GET"]}}],"collection":[{"href":"https:\/\/slacktivity.com\/pt-pt\/wp-json\/wp\/v2\/product"}],"about":[{"href":"https:\/\/slacktivity.com\/pt-pt\/wp-json\/wp\/v2\/types\/product"}],"replies":[{"embeddable":true,"href":"https:\/\/slacktivity.com\/pt-pt\/wp-json\/wp\/v2\/comments?post=11836"}],"wp:featuredmedia":[{"embeddable":true,"href":"https:\/\/slacktivity.com\/pt-pt\/wp-json\/wp\/v2\/media\/11837"}],"wp:attachment":[{"href":"https:\/\/slacktivity.com\/pt-pt\/wp-json\/wp\/v2\/media?parent=11836"}],"wp:term":[{"taxonomy":"product_cat","embeddable":true,"href":"https:\/\/slacktivity.com\/pt-pt\/wp-json\/wp\/v2\/product_cat?post=11836"},{"taxonomy":"product_tag","embeddable":true,"href":"https:\/\/slacktivity.com\/pt-pt\/wp-json\/wp\/v2\/product_tag?post=11836"}],"curies":[{"name":"wp","href":"https:\/\/api.w.org\/{rel}","templated":true}]}}