{"id":11857,"date":"2021-02-11T13:38:49","date_gmt":"2021-02-11T13:38:49","guid":{"rendered":"https:\/\/slacktivity.com\/shop\/super-jumpline-linha-de-trickline-25m-70m\/"},"modified":"2024-06-07T12:15:26","modified_gmt":"2024-06-07T12:15:26","slug":"super-jumpline-linha-de-trickline","status":"publish","type":"product","link":"https:\/\/slacktivity.com\/pt-pt\/shop\/super-jumpline-linha-de-trickline\/","title":{"rendered":"Super Jumpline &#8211; Linha de Trickline | 25m &#8211; 70m"},"content":{"rendered":"<h2>Super Jumpline | Linha de Trickline<\/h2>\n<p>A <strong>Super Jumpline<\/strong> \u00e9 uma <strong>linha de trickline<\/strong> divertida e suave, sendo ideal para aterrar manobras sem massacrar o corpo. Tem um bounce poderoso para muita amplitude. Esta linha trickline tem sido utilizada em competi\u00e7\u00f5es oficiais na Su\u00ed\u00e7a e, por exemplo, no RedBull Slackship 2017, com grande feedback dos atletas!<\/p>\n<p>Para quem ainda est\u00e1 em dividido entre o <a href=\"https:\/\/slacktivity.com\/pt-pt\/tag\/trickline-pt-pt\/\">trickline<\/a> e o longline, um peda\u00e7o longo desta <a href=\"https:\/\/slacktivity.com\/pt-pt\/category\/linhas-de-slackline\/\">linha<\/a> talvez seja a melhor solu\u00e7\u00e3o poss\u00edvel. Pode ser usada como uma trickline e como uma longline (\u00e9 importante usar um soft release mais longo que 2m). A Super Jumpline foi desenvolvida para que n\u00e3o se dobre sob grandes tens\u00f5es, ao contr\u00e1rio da maioria das tricklines de 5cm.<\/p>\n<h3>Especif\u00edca\u00e7\u00f5es<\/h3>\n<ul>\n<li>Stretch @10kN: 5%<\/li>\n<li>Minimum Breaking Strength (MBS): 36kN<\/li>\n<li>Largura: 37mm<\/li>\n<li>Peso: 64g\/m<\/li>\n<\/ul>\n<h3>Destaques desta linha de Trickline<\/h3>\n<p>Benef\u00edcios em compara\u00e7\u00e3o com outras linhas de trickline.<\/p>\n<ul>\n<li>A impress\u00e3o em borracha garante muita ader\u00eancia.<\/li>\n<li>Esta linha super fina tem arestas muito suaves<\/li>\n<li>e permite dar muitas voltas na catraca. Por isso torna-se mais f\u00e1cil alcan\u00e7ar mais tens\u00e3o!<\/li>\n<\/ul>\n<p><strong>Nota:<\/strong><\/p>\n<p>At\u00e9 50m, esta linha de slackline de baixa elasticidade, pode ser facilmente tensionada com duas catracas Monster. Dist\u00e2ncias at\u00e9 70m tamb\u00e9m s\u00e3o poss\u00edveis, mas o slackline deve ser montado um pouco mais alto (2-3m).<\/p>\n<p>Para dist\u00e2ncias superiores a 30m e muita tens\u00e3o, o uso de uma soft release \u00e9 altamente recomendado.<\/p>\n","protected":false},"excerpt":{"rendered":"<p>A Super Jumpline \u00e9 uma <strong>linha de trickline<\/strong> muito suave e divertida. Tem um bounce poderoso para muita amplitude.<\/p>\n","protected":false},"featured_media":11858,"comment_status":"open","ping_status":"closed","template":"","meta":{"_acf_changed":false,"_joinchat":[]},"product_cat":[906,926],"product_tag":[562],"class_list":{"0":"post-11857","1":"product","2":"type-product","3":"status-publish","4":"has-post-thumbnail","6":"product_cat-cintas-de-slackline","7":"product_cat-linhas-de-slackline","8":"product_tag-trickline-pt-pt","9":"pa_brand-slacktivity-pt-pt","10":"pa_stretch-low","11":"pa_webbing-material-poliester","13":"first","14":"instock","15":"taxable","16":"shipping-taxable","17":"purchasable","18":"product-type-variable","19":"has-default-attributes","swatches":"rey-swatches","show_selected":""},"acf":[],"yoast_head":"<!-- This site is optimized with the Yoast SEO plugin v27.4 - https:\/\/yoast.com\/product\/yoast-seo-wordpress\/ -->\n<title>Super Jumpline - Linha Trickline | 25m a 70m | SLACKTIVITY<\/title>\n<meta name=\"description\" content=\"A Super Jumpline \u00e9 uma linha de trickline muito suave e divertida. Tem um bounce poderoso para muita amplitude.\" \/>\n<meta name=\"robots\" content=\"index, follow, max-snippet:-1, max-image-preview:large, max-video-preview:-1\" \/>\n<link rel=\"canonical\" href=\"https:\/\/slacktivity.com\/pt-pt\/shop\/super-jumpline-linha-de-trickline\/\" \/>\n<meta property=\"og:locale\" content=\"pt_PT\" \/>\n<meta property=\"og:type\" content=\"article\" \/>\n<meta property=\"og:title\" content=\"Super Jumpline - Linha Trickline | 25m a 70m | SLACKTIVITY\" \/>\n<meta property=\"og:description\" content=\"A Super Jumpline \u00e9 uma linha de trickline muito suave e divertida. Tem um bounce poderoso para muita amplitude.\" \/>\n<meta property=\"og:url\" content=\"https:\/\/slacktivity.com\/pt-pt\/shop\/super-jumpline-linha-de-trickline\/\" \/>\n<meta property=\"og:site_name\" content=\"Slacktivity Slacklines International Shop\" \/>\n<meta property=\"article:publisher\" content=\"https:\/\/www.facebook.com\/SLACKTIVITY\/\" \/>\n<meta property=\"article:modified_time\" content=\"2024-06-07T12:15:26+00:00\" \/>\n<meta property=\"og:image\" content=\"https:\/\/slacktivity.com\/wp-content\/uploads\/2021\/02\/trickline-webbing.jpg\" \/>\n\t<meta property=\"og:image:width\" content=\"1180\" \/>\n\t<meta property=\"og:image:height\" content=\"1377\" \/>\n\t<meta property=\"og:image:type\" content=\"image\/jpeg\" \/>\n<meta name=\"twitter:card\" content=\"summary_large_image\" \/>\n<meta name=\"twitter:label1\" content=\"Tempo estimado de leitura\" \/>\n\t<meta name=\"twitter:data1\" content=\"1 minuto\" \/>\n<script type=\"application\/ld+json\" class=\"yoast-schema-graph\">{\"@context\":\"https:\\\/\\\/schema.org\",\"@graph\":[{\"@type\":\"WebPage\",\"@id\":\"https:\\\/\\\/slacktivity.com\\\/pt-pt\\\/shop\\\/super-jumpline-linha-de-trickline\\\/\",\"url\":\"https:\\\/\\\/slacktivity.com\\\/pt-pt\\\/shop\\\/super-jumpline-linha-de-trickline\\\/\",\"name\":\"Super Jumpline - Linha Trickline | 25m a 70m | SLACKTIVITY\",\"isPartOf\":{\"@id\":\"https:\\\/\\\/slacktivity.com\\\/pt-pt\\\/#website\"},\"primaryImageOfPage\":{\"@id\":\"https:\\\/\\\/slacktivity.com\\\/pt-pt\\\/shop\\\/super-jumpline-linha-de-trickline\\\/#primaryimage\"},\"image\":{\"@id\":\"https:\\\/\\\/slacktivity.com\\\/pt-pt\\\/shop\\\/super-jumpline-linha-de-trickline\\\/#primaryimage\"},\"thumbnailUrl\":\"https:\\\/\\\/slacktivity.com\\\/wp-content\\\/uploads\\\/2021\\\/02\\\/trickline-webbing.jpg\",\"datePublished\":\"2021-02-11T13:38:49+00:00\",\"dateModified\":\"2024-06-07T12:15:26+00:00\",\"description\":\"A Super Jumpline \u00e9 uma linha de trickline muito suave e divertida. Tem um bounce poderoso para muita amplitude.\",\"breadcrumb\":{\"@id\":\"https:\\\/\\\/slacktivity.com\\\/pt-pt\\\/shop\\\/super-jumpline-linha-de-trickline\\\/#breadcrumb\"},\"inLanguage\":\"pt-PT\",\"potentialAction\":[{\"@type\":\"ReadAction\",\"target\":[\"https:\\\/\\\/slacktivity.com\\\/pt-pt\\\/shop\\\/super-jumpline-linha-de-trickline\\\/\"]}]},{\"@type\":\"ImageObject\",\"inLanguage\":\"pt-PT\",\"@id\":\"https:\\\/\\\/slacktivity.com\\\/pt-pt\\\/shop\\\/super-jumpline-linha-de-trickline\\\/#primaryimage\",\"url\":\"https:\\\/\\\/slacktivity.com\\\/wp-content\\\/uploads\\\/2021\\\/02\\\/trickline-webbing.jpg\",\"contentUrl\":\"https:\\\/\\\/slacktivity.com\\\/wp-content\\\/uploads\\\/2021\\\/02\\\/trickline-webbing.jpg\",\"width\":1180,\"height\":1377},{\"@type\":\"BreadcrumbList\",\"@id\":\"https:\\\/\\\/slacktivity.com\\\/pt-pt\\\/shop\\\/super-jumpline-linha-de-trickline\\\/#breadcrumb\",\"itemListElement\":[{\"@type\":\"ListItem\",\"position\":1,\"name\":\"Home\",\"item\":\"https:\\\/\\\/slacktivity.com\\\/pt-pt\\\/\"},{\"@type\":\"ListItem\",\"position\":2,\"name\":\"loja\",\"item\":\"https:\\\/\\\/slacktivity.com\\\/pt-pt\\\/loja\\\/\"},{\"@type\":\"ListItem\",\"position\":3,\"name\":\"Super Jumpline &#8211; Linha de Trickline | 25m &#8211; 70m\"}]},{\"@type\":\"WebSite\",\"@id\":\"https:\\\/\\\/slacktivity.com\\\/pt-pt\\\/#website\",\"url\":\"https:\\\/\\\/slacktivity.com\\\/pt-pt\\\/\",\"name\":\"Slacktivity Slacklines International Shop\",\"description\":\"Discover the innovative products of Slacktivity. Swiss designed premium slackline gear. Advice from our experts for the best and a safe slackline experience.\",\"publisher\":{\"@id\":\"https:\\\/\\\/slacktivity.com\\\/pt-pt\\\/#organization\"},\"potentialAction\":[{\"@type\":\"SearchAction\",\"target\":{\"@type\":\"EntryPoint\",\"urlTemplate\":\"https:\\\/\\\/slacktivity.com\\\/pt-pt\\\/?s={search_term_string}\"},\"query-input\":{\"@type\":\"PropertyValueSpecification\",\"valueRequired\":true,\"valueName\":\"search_term_string\"}}],\"inLanguage\":\"pt-PT\"},{\"@type\":\"Organization\",\"@id\":\"https:\\\/\\\/slacktivity.com\\\/pt-pt\\\/#organization\",\"name\":\"Slacktivity Slacklines\",\"url\":\"https:\\\/\\\/slacktivity.com\\\/pt-pt\\\/\",\"logo\":{\"@type\":\"ImageObject\",\"inLanguage\":\"pt-PT\",\"@id\":\"https:\\\/\\\/slacktivity.com\\\/pt-pt\\\/#\\\/schema\\\/logo\\\/image\\\/\",\"url\":\"https:\\\/\\\/slacktivity.com\\\/wp-content\\\/uploads\\\/2021\\\/01\\\/slacktivity-slackline-online-shop-1.png\",\"contentUrl\":\"https:\\\/\\\/slacktivity.com\\\/wp-content\\\/uploads\\\/2021\\\/01\\\/slacktivity-slackline-online-shop-1.png\",\"width\":200,\"height\":77,\"caption\":\"Slacktivity Slacklines\"},\"image\":{\"@id\":\"https:\\\/\\\/slacktivity.com\\\/pt-pt\\\/#\\\/schema\\\/logo\\\/image\\\/\"},\"sameAs\":[\"https:\\\/\\\/www.facebook.com\\\/SLACKTIVITY\\\/\",\"https:\\\/\\\/www.instagram.com\\\/slacktivity\\\/\"]}]}<\/script>\n<!-- \/ Yoast SEO plugin. -->","yoast_head_json":{"title":"Super Jumpline - Linha Trickline | 25m a 70m | SLACKTIVITY","description":"A Super Jumpline \u00e9 uma linha de trickline muito suave e divertida. Tem um bounce poderoso para muita amplitude.","robots":{"index":"index","follow":"follow","max-snippet":"max-snippet:-1","max-image-preview":"max-image-preview:large","max-video-preview":"max-video-preview:-1"},"canonical":"https:\/\/slacktivity.com\/pt-pt\/shop\/super-jumpline-linha-de-trickline\/","og_locale":"pt_PT","og_type":"article","og_title":"Super Jumpline - Linha Trickline | 25m a 70m | SLACKTIVITY","og_description":"A Super Jumpline \u00e9 uma linha de trickline muito suave e divertida. Tem um bounce poderoso para muita amplitude.","og_url":"https:\/\/slacktivity.com\/pt-pt\/shop\/super-jumpline-linha-de-trickline\/","og_site_name":"Slacktivity Slacklines International Shop","article_publisher":"https:\/\/www.facebook.com\/SLACKTIVITY\/","article_modified_time":"2024-06-07T12:15:26+00:00","og_image":[{"width":1180,"height":1377,"url":"https:\/\/slacktivity.com\/wp-content\/uploads\/2021\/02\/trickline-webbing.jpg","type":"image\/jpeg"}],"twitter_card":"summary_large_image","twitter_misc":{"Tempo estimado de leitura":"1 minuto"},"schema":{"@context":"https:\/\/schema.org","@graph":[{"@type":"WebPage","@id":"https:\/\/slacktivity.com\/pt-pt\/shop\/super-jumpline-linha-de-trickline\/","url":"https:\/\/slacktivity.com\/pt-pt\/shop\/super-jumpline-linha-de-trickline\/","name":"Super Jumpline - Linha Trickline | 25m a 70m | SLACKTIVITY","isPartOf":{"@id":"https:\/\/slacktivity.com\/pt-pt\/#website"},"primaryImageOfPage":{"@id":"https:\/\/slacktivity.com\/pt-pt\/shop\/super-jumpline-linha-de-trickline\/#primaryimage"},"image":{"@id":"https:\/\/slacktivity.com\/pt-pt\/shop\/super-jumpline-linha-de-trickline\/#primaryimage"},"thumbnailUrl":"https:\/\/slacktivity.com\/wp-content\/uploads\/2021\/02\/trickline-webbing.jpg","datePublished":"2021-02-11T13:38:49+00:00","dateModified":"2024-06-07T12:15:26+00:00","description":"A Super Jumpline \u00e9 uma linha de trickline muito suave e divertida. Tem um bounce poderoso para muita amplitude.","breadcrumb":{"@id":"https:\/\/slacktivity.com\/pt-pt\/shop\/super-jumpline-linha-de-trickline\/#breadcrumb"},"inLanguage":"pt-PT","potentialAction":[{"@type":"ReadAction","target":["https:\/\/slacktivity.com\/pt-pt\/shop\/super-jumpline-linha-de-trickline\/"]}]},{"@type":"ImageObject","inLanguage":"pt-PT","@id":"https:\/\/slacktivity.com\/pt-pt\/shop\/super-jumpline-linha-de-trickline\/#primaryimage","url":"https:\/\/slacktivity.com\/wp-content\/uploads\/2021\/02\/trickline-webbing.jpg","contentUrl":"https:\/\/slacktivity.com\/wp-content\/uploads\/2021\/02\/trickline-webbing.jpg","width":1180,"height":1377},{"@type":"BreadcrumbList","@id":"https:\/\/slacktivity.com\/pt-pt\/shop\/super-jumpline-linha-de-trickline\/#breadcrumb","itemListElement":[{"@type":"ListItem","position":1,"name":"Home","item":"https:\/\/slacktivity.com\/pt-pt\/"},{"@type":"ListItem","position":2,"name":"loja","item":"https:\/\/slacktivity.com\/pt-pt\/loja\/"},{"@type":"ListItem","position":3,"name":"Super Jumpline &#8211; Linha de Trickline | 25m &#8211; 70m"}]},{"@type":"WebSite","@id":"https:\/\/slacktivity.com\/pt-pt\/#website","url":"https:\/\/slacktivity.com\/pt-pt\/","name":"Slacktivity Slacklines International Shop","description":"Discover the innovative products of Slacktivity. Swiss designed premium slackline gear. Advice from our experts for the best and a safe slackline experience.","publisher":{"@id":"https:\/\/slacktivity.com\/pt-pt\/#organization"},"potentialAction":[{"@type":"SearchAction","target":{"@type":"EntryPoint","urlTemplate":"https:\/\/slacktivity.com\/pt-pt\/?s={search_term_string}"},"query-input":{"@type":"PropertyValueSpecification","valueRequired":true,"valueName":"search_term_string"}}],"inLanguage":"pt-PT"},{"@type":"Organization","@id":"https:\/\/slacktivity.com\/pt-pt\/#organization","name":"Slacktivity Slacklines","url":"https:\/\/slacktivity.com\/pt-pt\/","logo":{"@type":"ImageObject","inLanguage":"pt-PT","@id":"https:\/\/slacktivity.com\/pt-pt\/#\/schema\/logo\/image\/","url":"https:\/\/slacktivity.com\/wp-content\/uploads\/2021\/01\/slacktivity-slackline-online-shop-1.png","contentUrl":"https:\/\/slacktivity.com\/wp-content\/uploads\/2021\/01\/slacktivity-slackline-online-shop-1.png","width":200,"height":77,"caption":"Slacktivity Slacklines"},"image":{"@id":"https:\/\/slacktivity.com\/pt-pt\/#\/schema\/logo\/image\/"},"sameAs":["https:\/\/www.facebook.com\/SLACKTIVITY\/","https:\/\/www.instagram.com\/slacktivity\/"]}]}},"_links":{"self":[{"href":"https:\/\/slacktivity.com\/pt-pt\/wp-json\/wp\/v2\/product\/11857","targetHints":{"allow":["GET"]}}],"collection":[{"href":"https:\/\/slacktivity.com\/pt-pt\/wp-json\/wp\/v2\/product"}],"about":[{"href":"https:\/\/slacktivity.com\/pt-pt\/wp-json\/wp\/v2\/types\/product"}],"replies":[{"embeddable":true,"href":"https:\/\/slacktivity.com\/pt-pt\/wp-json\/wp\/v2\/comments?post=11857"}],"wp:featuredmedia":[{"embeddable":true,"href":"https:\/\/slacktivity.com\/pt-pt\/wp-json\/wp\/v2\/media\/11858"}],"wp:attachment":[{"href":"https:\/\/slacktivity.com\/pt-pt\/wp-json\/wp\/v2\/media?parent=11857"}],"wp:term":[{"taxonomy":"product_cat","embeddable":true,"href":"https:\/\/slacktivity.com\/pt-pt\/wp-json\/wp\/v2\/product_cat?post=11857"},{"taxonomy":"product_tag","embeddable":true,"href":"https:\/\/slacktivity.com\/pt-pt\/wp-json\/wp\/v2\/product_tag?post=11857"}],"curies":[{"name":"wp","href":"https:\/\/api.w.org\/{rel}","templated":true}]}}