{"id":11864,"date":"2021-02-11T13:38:42","date_gmt":"2021-02-11T13:38:42","guid":{"rendered":"https:\/\/slacktivity.com\/shop\/experience-webbing-30m-70m\/"},"modified":"2023-05-03T10:15:56","modified_gmt":"2023-05-03T10:15:56","slug":"experience-30m-70m","status":"publish","type":"product","link":"https:\/\/slacktivity.com\/pt-pt\/shop\/experience-30m-70m\/","title":{"rendered":"Experience Webbing | 30m &#8211; 70m"},"content":{"rendered":"<h2>Experience Webbing | 30m &#8211; 70m<\/h2>\n<p>A <strong>Experience<\/strong> \u00e9 uma linha de slackline de 37mm, vers\u00e1til e robusta. Gra\u00e7as \u00e0 baixa elasticidade, pode ser montada at\u00e9 50m com apenas duas catracas. \u00c9 agrad\u00e1vel de andar e em dist\u00e2ncias mais longas, tem uma boa din\u00e2mica para o primeiro surf ou salto. Com tens\u00f5es mais elevadas, num comprimento de 18-25m, pode at\u00e9 ser usada como uma trickline. Portanto, \u00e9 uma longline e trickline numa linha s\u00f3, e com apenas duas catracas. Os 37mm de largura s\u00e3o intermedi\u00e1rio perfeito para <a href=\"https:\/\/slacktivity.com\/pt-pt\/tag\/trickline-pt-pt\/\">trick<\/a> e <a href=\"https:\/\/slacktivity.com\/pt-pt\/tag\/longline\/\">longlining<\/a>. Menos peso por metro, o que \u00e9 bom para linhas mais longas. E os 37mm de largura ainda s\u00e3o simp\u00e1ticos para aterrar manobras de trick.<\/p>\n<h3>Especif\u00edca\u00e7\u00f5es<\/h3>\n<ul>\n<li>Stretch @ 10 kN: 5%<\/li>\n<li>Minimum Breaking Strength (MBS): 34kN<\/li>\n<li>Peso: 63 g\/m<\/li>\n<\/ul>\n<h3>Destaques da Experience<\/h3>\n<ul>\n<li>A impress\u00e3o em borracha d\u00e1 muita ader\u00eancia e pode ser muito \u00fatil, especialmente em waterlines.<\/li>\n<li>Linha muito robusta<\/li>\n<li>A impress\u00e3o tamb\u00e9m garante maior visibilidade.<\/li>\n<\/ul>\n<h3>Dica para tensionamento<\/h3>\n<p>At\u00e9 50m, a Experience pode ser facilmente tensionada com duas catracas Monster. Dist\u00e2ncias at\u00e9 70m tamb\u00e9m s\u00e3o poss\u00edveis, mas o slackline tem que ser montado um pouco mais alto (2-3m). Isso \u00e9 necess\u00e1rio pois carret\u00e9is da catraca ficam cheios, n\u00e3o permitindo tensionar mais.<\/p>\n<p>Quando voc\u00ea se planeia usar o slackline com muita tens\u00e3o, \u00e9 recomend\u00e1vel comprar um <a href=\"https:\/\/slacktivity.com\/pt-pt\/category\/slackline-soft-release\/\">SoftRelease<\/a> para destensionar de forma f\u00e1cil e para evitar danos \u00e0s nas catracas ou linhas. Um SoftRelease-4m \u00e9 recomendado quando se deseja montar uma linha com mais de 30m e com muita tens\u00e3o.<\/p>\n","protected":false},"excerpt":{"rendered":"<p>Linha de 37mm vers\u00e1til e robusta. A Experience \u00e9 solu\u00e7\u00e3o ideal para quem ainda n\u00e3o se decidiu entre trick e long.<\/p>\n","protected":false},"featured_media":11865,"comment_status":"open","ping_status":"closed","template":"","meta":{"_acf_changed":false,"_joinchat":[]},"product_cat":[898,926,906],"product_tag":[549,555,562],"class_list":{"0":"post-11864","1":"product","2":"type-product","3":"status-publish","4":"has-post-thumbnail","6":"product_cat-cintas-para-longline","7":"product_cat-linhas-de-slackline","8":"product_cat-cintas-de-slackline","9":"product_tag-iniciantes","10":"product_tag-longline","11":"product_tag-trickline-pt-pt","12":"pa_brand-slacktivity-pt-pt","13":"pa_stretch-low","14":"pa_webbing-material-poliester","16":"first","17":"instock","18":"taxable","19":"shipping-taxable","20":"purchasable","21":"product-type-variable","swatches":"rey-swatches","show_selected":""},"acf":[],"yoast_head":"<!-- This site is optimized with the Yoast SEO plugin v27.4 - https:\/\/yoast.com\/product\/yoast-seo-wordpress\/ -->\n<title>Experience Webbing - 30m a 70m | SLACKTIVITY Online Shop<\/title>\n<meta name=\"description\" content=\"Linha de slackline de 37mm, vers\u00e1til e robusta. A Experience \u00e9 solu\u00e7\u00e3o ideal para quem ainda n\u00e3o se decidiu entre trick e long.\" \/>\n<meta name=\"robots\" content=\"index, follow, max-snippet:-1, max-image-preview:large, max-video-preview:-1\" \/>\n<link rel=\"canonical\" href=\"https:\/\/slacktivity.com\/pt-pt\/shop\/experience-30m-70m\/\" \/>\n<meta property=\"og:locale\" content=\"pt_PT\" \/>\n<meta property=\"og:type\" content=\"article\" \/>\n<meta property=\"og:title\" content=\"Experience Webbing - 30m a 70m | SLACKTIVITY Online Shop\" \/>\n<meta property=\"og:description\" content=\"Linha de slackline de 37mm, vers\u00e1til e robusta. A Experience \u00e9 solu\u00e7\u00e3o ideal para quem ainda n\u00e3o se decidiu entre trick e long.\" \/>\n<meta property=\"og:url\" content=\"https:\/\/slacktivity.com\/pt-pt\/shop\/experience-30m-70m\/\" \/>\n<meta property=\"og:site_name\" content=\"Slacktivity Slacklines International Shop\" \/>\n<meta property=\"article:publisher\" content=\"https:\/\/www.facebook.com\/SLACKTIVITY\/\" \/>\n<meta property=\"article:modified_time\" content=\"2023-05-03T10:15:56+00:00\" \/>\n<meta property=\"og:image\" content=\"https:\/\/slacktivity.com\/wp-content\/uploads\/2021\/02\/experience-webbing.jpg\" \/>\n\t<meta property=\"og:image:width\" content=\"1180\" \/>\n\t<meta property=\"og:image:height\" content=\"1377\" \/>\n\t<meta property=\"og:image:type\" content=\"image\/jpeg\" \/>\n<meta name=\"twitter:card\" content=\"summary_large_image\" \/>\n<meta name=\"twitter:label1\" content=\"Tempo estimado de leitura\" \/>\n\t<meta name=\"twitter:data1\" content=\"1 minuto\" \/>\n<script type=\"application\/ld+json\" class=\"yoast-schema-graph\">{\"@context\":\"https:\\\/\\\/schema.org\",\"@graph\":[{\"@type\":\"WebPage\",\"@id\":\"https:\\\/\\\/slacktivity.com\\\/pt-pt\\\/shop\\\/experience-30m-70m\\\/\",\"url\":\"https:\\\/\\\/slacktivity.com\\\/pt-pt\\\/shop\\\/experience-30m-70m\\\/\",\"name\":\"Experience Webbing - 30m a 70m | SLACKTIVITY Online Shop\",\"isPartOf\":{\"@id\":\"https:\\\/\\\/slacktivity.com\\\/pt-pt\\\/#website\"},\"primaryImageOfPage\":{\"@id\":\"https:\\\/\\\/slacktivity.com\\\/pt-pt\\\/shop\\\/experience-30m-70m\\\/#primaryimage\"},\"image\":{\"@id\":\"https:\\\/\\\/slacktivity.com\\\/pt-pt\\\/shop\\\/experience-30m-70m\\\/#primaryimage\"},\"thumbnailUrl\":\"https:\\\/\\\/slacktivity.com\\\/wp-content\\\/uploads\\\/2021\\\/02\\\/experience-webbing.jpg\",\"datePublished\":\"2021-02-11T13:38:42+00:00\",\"dateModified\":\"2023-05-03T10:15:56+00:00\",\"description\":\"Linha de slackline de 37mm, vers\u00e1til e robusta. A Experience \u00e9 solu\u00e7\u00e3o ideal para quem ainda n\u00e3o se decidiu entre trick e long.\",\"breadcrumb\":{\"@id\":\"https:\\\/\\\/slacktivity.com\\\/pt-pt\\\/shop\\\/experience-30m-70m\\\/#breadcrumb\"},\"inLanguage\":\"pt-PT\",\"potentialAction\":[{\"@type\":\"ReadAction\",\"target\":[\"https:\\\/\\\/slacktivity.com\\\/pt-pt\\\/shop\\\/experience-30m-70m\\\/\"]}]},{\"@type\":\"ImageObject\",\"inLanguage\":\"pt-PT\",\"@id\":\"https:\\\/\\\/slacktivity.com\\\/pt-pt\\\/shop\\\/experience-30m-70m\\\/#primaryimage\",\"url\":\"https:\\\/\\\/slacktivity.com\\\/wp-content\\\/uploads\\\/2021\\\/02\\\/experience-webbing.jpg\",\"contentUrl\":\"https:\\\/\\\/slacktivity.com\\\/wp-content\\\/uploads\\\/2021\\\/02\\\/experience-webbing.jpg\",\"width\":1180,\"height\":1377},{\"@type\":\"BreadcrumbList\",\"@id\":\"https:\\\/\\\/slacktivity.com\\\/pt-pt\\\/shop\\\/experience-30m-70m\\\/#breadcrumb\",\"itemListElement\":[{\"@type\":\"ListItem\",\"position\":1,\"name\":\"Home\",\"item\":\"https:\\\/\\\/slacktivity.com\\\/pt-pt\\\/\"},{\"@type\":\"ListItem\",\"position\":2,\"name\":\"loja\",\"item\":\"https:\\\/\\\/slacktivity.com\\\/pt-pt\\\/loja\\\/\"},{\"@type\":\"ListItem\",\"position\":3,\"name\":\"Experience Webbing | 30m &#8211; 70m\"}]},{\"@type\":\"WebSite\",\"@id\":\"https:\\\/\\\/slacktivity.com\\\/pt-pt\\\/#website\",\"url\":\"https:\\\/\\\/slacktivity.com\\\/pt-pt\\\/\",\"name\":\"Slacktivity Slacklines International Shop\",\"description\":\"Discover the innovative products of Slacktivity. Swiss designed premium slackline gear. Advice from our experts for the best and a safe slackline experience.\",\"publisher\":{\"@id\":\"https:\\\/\\\/slacktivity.com\\\/pt-pt\\\/#organization\"},\"potentialAction\":[{\"@type\":\"SearchAction\",\"target\":{\"@type\":\"EntryPoint\",\"urlTemplate\":\"https:\\\/\\\/slacktivity.com\\\/pt-pt\\\/?s={search_term_string}\"},\"query-input\":{\"@type\":\"PropertyValueSpecification\",\"valueRequired\":true,\"valueName\":\"search_term_string\"}}],\"inLanguage\":\"pt-PT\"},{\"@type\":\"Organization\",\"@id\":\"https:\\\/\\\/slacktivity.com\\\/pt-pt\\\/#organization\",\"name\":\"Slacktivity Slacklines\",\"url\":\"https:\\\/\\\/slacktivity.com\\\/pt-pt\\\/\",\"logo\":{\"@type\":\"ImageObject\",\"inLanguage\":\"pt-PT\",\"@id\":\"https:\\\/\\\/slacktivity.com\\\/pt-pt\\\/#\\\/schema\\\/logo\\\/image\\\/\",\"url\":\"https:\\\/\\\/slacktivity.com\\\/wp-content\\\/uploads\\\/2021\\\/01\\\/slacktivity-slackline-online-shop-1.png\",\"contentUrl\":\"https:\\\/\\\/slacktivity.com\\\/wp-content\\\/uploads\\\/2021\\\/01\\\/slacktivity-slackline-online-shop-1.png\",\"width\":200,\"height\":77,\"caption\":\"Slacktivity Slacklines\"},\"image\":{\"@id\":\"https:\\\/\\\/slacktivity.com\\\/pt-pt\\\/#\\\/schema\\\/logo\\\/image\\\/\"},\"sameAs\":[\"https:\\\/\\\/www.facebook.com\\\/SLACKTIVITY\\\/\",\"https:\\\/\\\/www.instagram.com\\\/slacktivity\\\/\"]}]}<\/script>\n<!-- \/ Yoast SEO plugin. -->","yoast_head_json":{"title":"Experience Webbing - 30m a 70m | SLACKTIVITY Online Shop","description":"Linha de slackline de 37mm, vers\u00e1til e robusta. A Experience \u00e9 solu\u00e7\u00e3o ideal para quem ainda n\u00e3o se decidiu entre trick e long.","robots":{"index":"index","follow":"follow","max-snippet":"max-snippet:-1","max-image-preview":"max-image-preview:large","max-video-preview":"max-video-preview:-1"},"canonical":"https:\/\/slacktivity.com\/pt-pt\/shop\/experience-30m-70m\/","og_locale":"pt_PT","og_type":"article","og_title":"Experience Webbing - 30m a 70m | SLACKTIVITY Online Shop","og_description":"Linha de slackline de 37mm, vers\u00e1til e robusta. A Experience \u00e9 solu\u00e7\u00e3o ideal para quem ainda n\u00e3o se decidiu entre trick e long.","og_url":"https:\/\/slacktivity.com\/pt-pt\/shop\/experience-30m-70m\/","og_site_name":"Slacktivity Slacklines International Shop","article_publisher":"https:\/\/www.facebook.com\/SLACKTIVITY\/","article_modified_time":"2023-05-03T10:15:56+00:00","og_image":[{"width":1180,"height":1377,"url":"https:\/\/slacktivity.com\/wp-content\/uploads\/2021\/02\/experience-webbing.jpg","type":"image\/jpeg"}],"twitter_card":"summary_large_image","twitter_misc":{"Tempo estimado de leitura":"1 minuto"},"schema":{"@context":"https:\/\/schema.org","@graph":[{"@type":"WebPage","@id":"https:\/\/slacktivity.com\/pt-pt\/shop\/experience-30m-70m\/","url":"https:\/\/slacktivity.com\/pt-pt\/shop\/experience-30m-70m\/","name":"Experience Webbing - 30m a 70m | SLACKTIVITY Online Shop","isPartOf":{"@id":"https:\/\/slacktivity.com\/pt-pt\/#website"},"primaryImageOfPage":{"@id":"https:\/\/slacktivity.com\/pt-pt\/shop\/experience-30m-70m\/#primaryimage"},"image":{"@id":"https:\/\/slacktivity.com\/pt-pt\/shop\/experience-30m-70m\/#primaryimage"},"thumbnailUrl":"https:\/\/slacktivity.com\/wp-content\/uploads\/2021\/02\/experience-webbing.jpg","datePublished":"2021-02-11T13:38:42+00:00","dateModified":"2023-05-03T10:15:56+00:00","description":"Linha de slackline de 37mm, vers\u00e1til e robusta. A Experience \u00e9 solu\u00e7\u00e3o ideal para quem ainda n\u00e3o se decidiu entre trick e long.","breadcrumb":{"@id":"https:\/\/slacktivity.com\/pt-pt\/shop\/experience-30m-70m\/#breadcrumb"},"inLanguage":"pt-PT","potentialAction":[{"@type":"ReadAction","target":["https:\/\/slacktivity.com\/pt-pt\/shop\/experience-30m-70m\/"]}]},{"@type":"ImageObject","inLanguage":"pt-PT","@id":"https:\/\/slacktivity.com\/pt-pt\/shop\/experience-30m-70m\/#primaryimage","url":"https:\/\/slacktivity.com\/wp-content\/uploads\/2021\/02\/experience-webbing.jpg","contentUrl":"https:\/\/slacktivity.com\/wp-content\/uploads\/2021\/02\/experience-webbing.jpg","width":1180,"height":1377},{"@type":"BreadcrumbList","@id":"https:\/\/slacktivity.com\/pt-pt\/shop\/experience-30m-70m\/#breadcrumb","itemListElement":[{"@type":"ListItem","position":1,"name":"Home","item":"https:\/\/slacktivity.com\/pt-pt\/"},{"@type":"ListItem","position":2,"name":"loja","item":"https:\/\/slacktivity.com\/pt-pt\/loja\/"},{"@type":"ListItem","position":3,"name":"Experience Webbing | 30m &#8211; 70m"}]},{"@type":"WebSite","@id":"https:\/\/slacktivity.com\/pt-pt\/#website","url":"https:\/\/slacktivity.com\/pt-pt\/","name":"Slacktivity Slacklines International Shop","description":"Discover the innovative products of Slacktivity. Swiss designed premium slackline gear. Advice from our experts for the best and a safe slackline experience.","publisher":{"@id":"https:\/\/slacktivity.com\/pt-pt\/#organization"},"potentialAction":[{"@type":"SearchAction","target":{"@type":"EntryPoint","urlTemplate":"https:\/\/slacktivity.com\/pt-pt\/?s={search_term_string}"},"query-input":{"@type":"PropertyValueSpecification","valueRequired":true,"valueName":"search_term_string"}}],"inLanguage":"pt-PT"},{"@type":"Organization","@id":"https:\/\/slacktivity.com\/pt-pt\/#organization","name":"Slacktivity Slacklines","url":"https:\/\/slacktivity.com\/pt-pt\/","logo":{"@type":"ImageObject","inLanguage":"pt-PT","@id":"https:\/\/slacktivity.com\/pt-pt\/#\/schema\/logo\/image\/","url":"https:\/\/slacktivity.com\/wp-content\/uploads\/2021\/01\/slacktivity-slackline-online-shop-1.png","contentUrl":"https:\/\/slacktivity.com\/wp-content\/uploads\/2021\/01\/slacktivity-slackline-online-shop-1.png","width":200,"height":77,"caption":"Slacktivity Slacklines"},"image":{"@id":"https:\/\/slacktivity.com\/pt-pt\/#\/schema\/logo\/image\/"},"sameAs":["https:\/\/www.facebook.com\/SLACKTIVITY\/","https:\/\/www.instagram.com\/slacktivity\/"]}]}},"_links":{"self":[{"href":"https:\/\/slacktivity.com\/pt-pt\/wp-json\/wp\/v2\/product\/11864","targetHints":{"allow":["GET"]}}],"collection":[{"href":"https:\/\/slacktivity.com\/pt-pt\/wp-json\/wp\/v2\/product"}],"about":[{"href":"https:\/\/slacktivity.com\/pt-pt\/wp-json\/wp\/v2\/types\/product"}],"replies":[{"embeddable":true,"href":"https:\/\/slacktivity.com\/pt-pt\/wp-json\/wp\/v2\/comments?post=11864"}],"wp:featuredmedia":[{"embeddable":true,"href":"https:\/\/slacktivity.com\/pt-pt\/wp-json\/wp\/v2\/media\/11865"}],"wp:attachment":[{"href":"https:\/\/slacktivity.com\/pt-pt\/wp-json\/wp\/v2\/media?parent=11864"}],"wp:term":[{"taxonomy":"product_cat","embeddable":true,"href":"https:\/\/slacktivity.com\/pt-pt\/wp-json\/wp\/v2\/product_cat?post=11864"},{"taxonomy":"product_tag","embeddable":true,"href":"https:\/\/slacktivity.com\/pt-pt\/wp-json\/wp\/v2\/product_tag?post=11864"}],"curies":[{"name":"wp","href":"https:\/\/api.w.org\/{rel}","templated":true}]}}