{"id":11869,"date":"2021-03-08T13:38:37","date_gmt":"2023-05-03T10:34:09","guid":{"rendered":"https:\/\/slacktivity.com\/shop\/sling-de-slackline-ht\/"},"modified":"2024-08-30T11:07:33","modified_gmt":"2024-08-30T11:07:33","slug":"ht-sling-de-slackline","status":"publish","type":"product","link":"https:\/\/slacktivity.com\/pt-pt\/shop\/ht-sling-de-slackline\/","title":{"rendered":"Sling de Slackline HT"},"content":{"rendered":"<h2>Sling de slackline High-tech com core UHWMPE<\/h2>\n<p>O <strong>Sling de Slackline HT<\/strong> tem uma constru\u00e7\u00e3o de n\u00facleo super leve e um design incr\u00edvel. No interior, existem <strong>fibras UHWMPE (tamb\u00e9m conhecidas como Dyneema)<\/strong> que oferecem uma enorme resist\u00eancia e um peso m\u00ednimo. Na parte externa h\u00e1 um manto protetor, robusto de poli\u00e9ster, que oferece alta resist\u00eancia \u00e0 abras\u00e3o. Este sling de alta tecnologia \u00e9 claramente mais estreito em compara\u00e7\u00e3o com os <a href=\"https:\/\/slacktivity.com\/pt-pt\/category\/slings-de-slackline\/\">slings<\/a> tradicionais (30mm em vez de 50mm). Portanto, o volume da embalagem \u00e9 claramente menor e o sling \u00e9 mais f\u00e1cil de prender em <a href=\"https:\/\/slacktivity.com\/pt-pt\/category\/quicklinks-para-slackline\/\">quicklinks<\/a> ou <a href=\"https:\/\/slacktivity.com\/pt-pt\/category\/conectores-de-slackline\/shackles-para-slackline\/\">manilhas<\/a> mais pequenas.<\/p>\n<h3>Especif\u00edca\u00e7\u00f5es<\/h3>\n<ul>\n<li><strong>Working Load Limit (WLL):<\/strong> 8kN<\/li>\n<li><strong>Minimum Breaking Strength(MBS) em 8mm quicklink:<\/strong> 56kN<\/li>\n<\/ul>\n<p><strong>Outros resultados dos nossos testes de resist\u00eancia \u00e0 ruptura:<\/strong><\/p>\n<ul>\n<li><strong>Breaking strength em shackles de 12mm:<\/strong> 74kN; com um raio maior chegamos a uma breaking strength de 88kN.<\/li>\n<li><strong>Breaking strength uma fixa\u00e7\u00e3o girth hitch num shackle de 12mm:<\/strong> 57kN<\/li>\n<li><strong>Peso do sling de 0.5m:<\/strong> 120 g<\/li>\n<li><strong>Peso do sling de 1m:<\/strong> 215 g<\/li>\n<li><strong>Peso do sling de 2m:<\/strong> 410 g<\/li>\n<li><strong>Peso do sling de 3m:<\/strong> 600 g<\/li>\n<\/ul>\n","protected":false},"excerpt":{"rendered":"<p>Este <strong>sling de slackline high-tech<\/strong> com <strong>n\u00facleo de dyneema<\/strong> e manto de poli\u00e9ster representa um novo passo na ancoragem de slacklines. Gra\u00e7as ao di\u00e2metro minimizado, estes slings tamb\u00e9m podem ser facilmente conectados em quicklinks s ou manilhas menores &#8211; e isso mantendo uma resist\u00eancia \u00e0 ruptura muito alta.<\/p>\n","protected":false},"featured_media":11870,"comment_status":"open","ping_status":"closed","template":"","meta":{"_acf_changed":false,"_joinchat":[]},"product_cat":[899,900],"product_tag":[907,552,555,562],"class_list":{"0":"post-11869","1":"product","2":"type-product","3":"status-publish","4":"has-post-thumbnail","6":"product_cat-ancoragem-e-sligns","7":"product_cat-slings-de-slackline","8":"product_tag-dyneema-pt-pt","9":"product_tag-highline","10":"product_tag-longline","11":"product_tag-trickline-pt-pt","12":"pa_brand-slacktivity-pt-pt","14":"first","15":"instock","16":"taxable","17":"shipping-taxable","18":"purchasable","19":"product-type-variable","20":"has-default-attributes"},"acf":[],"yoast_head":"<!-- This site is optimized with the Yoast SEO plugin v27.2 - https:\/\/yoast.com\/product\/yoast-seo-wordpress\/ -->\n<title>Sling de Slackline HT | SLACKTIVITY Online Shop<\/title>\n<meta name=\"description\" content=\"O Sling de slackline HT tem uma constru\u00e7\u00e3o de n\u00facleo leve e as fibras UHWMPE (Dyneema) oferecem uma resist\u00eancia enorme.\" \/>\n<meta name=\"robots\" content=\"index, follow, max-snippet:-1, max-image-preview:large, max-video-preview:-1\" \/>\n<link rel=\"canonical\" href=\"https:\/\/slacktivity.com\/pt-pt\/shop\/ht-sling-de-slackline\/\" \/>\n<meta property=\"og:locale\" content=\"pt_PT\" \/>\n<meta property=\"og:type\" content=\"article\" \/>\n<meta property=\"og:title\" content=\"Sling de Slackline HT | SLACKTIVITY Online Shop\" \/>\n<meta property=\"og:description\" content=\"O Sling de slackline HT tem uma constru\u00e7\u00e3o de n\u00facleo leve e as fibras UHWMPE (Dyneema) oferecem uma resist\u00eancia enorme.\" \/>\n<meta property=\"og:url\" content=\"https:\/\/slacktivity.com\/pt-pt\/shop\/ht-sling-de-slackline\/\" \/>\n<meta property=\"og:site_name\" content=\"Slacktivity Slacklines International Shop\" \/>\n<meta property=\"article:modified_time\" content=\"2024-08-30T11:07:33+00:00\" \/>\n<meta property=\"og:image\" content=\"https:\/\/slacktivity.com\/wp-content\/uploads\/2021\/02\/slackline-Spanset-ht.jpg\" \/>\n\t<meta property=\"og:image:width\" content=\"1180\" \/>\n\t<meta property=\"og:image:height\" content=\"1377\" \/>\n\t<meta property=\"og:image:type\" content=\"image\/jpeg\" \/>\n<meta name=\"twitter:card\" content=\"summary_large_image\" \/>\n<meta name=\"twitter:label1\" content=\"Tempo estimado de leitura\" \/>\n\t<meta name=\"twitter:data1\" content=\"1 minuto\" \/>\n<script type=\"application\/ld+json\" class=\"yoast-schema-graph\">{\"@context\":\"https:\/\/schema.org\",\"@graph\":[{\"@type\":\"WebPage\",\"@id\":\"https:\/\/slacktivity.com\/pt-pt\/shop\/ht-sling-de-slackline\/\",\"url\":\"https:\/\/slacktivity.com\/pt-pt\/shop\/ht-sling-de-slackline\/\",\"name\":\"Sling de Slackline HT | SLACKTIVITY Online Shop\",\"isPartOf\":{\"@id\":\"https:\/\/slacktivity.com\/pt-pt\/#website\"},\"primaryImageOfPage\":{\"@id\":\"https:\/\/slacktivity.com\/pt-pt\/shop\/ht-sling-de-slackline\/#primaryimage\"},\"image\":{\"@id\":\"https:\/\/slacktivity.com\/pt-pt\/shop\/ht-sling-de-slackline\/#primaryimage\"},\"thumbnailUrl\":\"https:\/\/slacktivity.com\/wp-content\/uploads\/2021\/02\/slackline-Spanset-ht.jpg\",\"datePublished\":\"2023-05-03T10:34:09+00:00\",\"dateModified\":\"2024-08-30T11:07:33+00:00\",\"description\":\"O Sling de slackline HT tem uma constru\u00e7\u00e3o de n\u00facleo leve e as fibras UHWMPE (Dyneema) oferecem uma resist\u00eancia enorme.\",\"breadcrumb\":{\"@id\":\"https:\/\/slacktivity.com\/pt-pt\/shop\/ht-sling-de-slackline\/#breadcrumb\"},\"inLanguage\":\"pt-PT\",\"potentialAction\":[{\"@type\":\"ReadAction\",\"target\":[\"https:\/\/slacktivity.com\/pt-pt\/shop\/ht-sling-de-slackline\/\"]}]},{\"@type\":\"ImageObject\",\"inLanguage\":\"pt-PT\",\"@id\":\"https:\/\/slacktivity.com\/pt-pt\/shop\/ht-sling-de-slackline\/#primaryimage\",\"url\":\"https:\/\/slacktivity.com\/wp-content\/uploads\/2021\/02\/slackline-Spanset-ht.jpg\",\"contentUrl\":\"https:\/\/slacktivity.com\/wp-content\/uploads\/2021\/02\/slackline-Spanset-ht.jpg\",\"width\":1180,\"height\":1377},{\"@type\":\"BreadcrumbList\",\"@id\":\"https:\/\/slacktivity.com\/pt-pt\/shop\/ht-sling-de-slackline\/#breadcrumb\",\"itemListElement\":[{\"@type\":\"ListItem\",\"position\":1,\"name\":\"Home\",\"item\":\"https:\/\/slacktivity.com\/pt-pt\/\"},{\"@type\":\"ListItem\",\"position\":2,\"name\":\"loja\",\"item\":\"https:\/\/slacktivity.com\/pt-pt\/loja\/\"},{\"@type\":\"ListItem\",\"position\":3,\"name\":\"Sling de Slackline HT\"}]},{\"@type\":\"WebSite\",\"@id\":\"https:\/\/slacktivity.com\/pt-pt\/#website\",\"url\":\"https:\/\/slacktivity.com\/pt-pt\/\",\"name\":\"Slacktivity Slacklines International Shop\",\"description\":\"Discover the innovative products of Slacktivity. Swiss designed premium slackline gear. Advice from our experts for the best and a safe slackline experience.\",\"publisher\":{\"@id\":\"https:\/\/slacktivity.com\/pt-pt\/#organization\"},\"potentialAction\":[{\"@type\":\"SearchAction\",\"target\":{\"@type\":\"EntryPoint\",\"urlTemplate\":\"https:\/\/slacktivity.com\/pt-pt\/?s={search_term_string}\"},\"query-input\":{\"@type\":\"PropertyValueSpecification\",\"valueRequired\":true,\"valueName\":\"search_term_string\"}}],\"inLanguage\":\"pt-PT\"},{\"@type\":\"Organization\",\"@id\":\"https:\/\/slacktivity.com\/pt-pt\/#organization\",\"name\":\"Slacktivity Slacklines International Shop\",\"url\":\"https:\/\/slacktivity.com\/pt-pt\/\",\"logo\":{\"@type\":\"ImageObject\",\"inLanguage\":\"pt-PT\",\"@id\":\"https:\/\/slacktivity.com\/pt-pt\/#\/schema\/logo\/image\/\",\"url\":\"https:\/\/slacktivity.com\/wp-content\/uploads\/2021\/01\/slacktivity-slackline-online-shop-1.png\",\"contentUrl\":\"https:\/\/slacktivity.com\/wp-content\/uploads\/2021\/01\/slacktivity-slackline-online-shop-1.png\",\"width\":200,\"height\":77,\"caption\":\"Slacktivity Slacklines International Shop\"},\"image\":{\"@id\":\"https:\/\/slacktivity.com\/pt-pt\/#\/schema\/logo\/image\/\"}}]}<\/script>\n<!-- \/ Yoast SEO plugin. -->","yoast_head_json":{"title":"Sling de Slackline HT | SLACKTIVITY Online Shop","description":"O Sling de slackline HT tem uma constru\u00e7\u00e3o de n\u00facleo leve e as fibras UHWMPE (Dyneema) oferecem uma resist\u00eancia enorme.","robots":{"index":"index","follow":"follow","max-snippet":"max-snippet:-1","max-image-preview":"max-image-preview:large","max-video-preview":"max-video-preview:-1"},"canonical":"https:\/\/slacktivity.com\/pt-pt\/shop\/ht-sling-de-slackline\/","og_locale":"pt_PT","og_type":"article","og_title":"Sling de Slackline HT | SLACKTIVITY Online Shop","og_description":"O Sling de slackline HT tem uma constru\u00e7\u00e3o de n\u00facleo leve e as fibras UHWMPE (Dyneema) oferecem uma resist\u00eancia enorme.","og_url":"https:\/\/slacktivity.com\/pt-pt\/shop\/ht-sling-de-slackline\/","og_site_name":"Slacktivity Slacklines International Shop","article_modified_time":"2024-08-30T11:07:33+00:00","og_image":[{"width":1180,"height":1377,"url":"https:\/\/slacktivity.com\/wp-content\/uploads\/2021\/02\/slackline-Spanset-ht.jpg","type":"image\/jpeg"}],"twitter_card":"summary_large_image","twitter_misc":{"Tempo estimado de leitura":"1 minuto"},"schema":{"@context":"https:\/\/schema.org","@graph":[{"@type":"WebPage","@id":"https:\/\/slacktivity.com\/pt-pt\/shop\/ht-sling-de-slackline\/","url":"https:\/\/slacktivity.com\/pt-pt\/shop\/ht-sling-de-slackline\/","name":"Sling de Slackline HT | SLACKTIVITY Online Shop","isPartOf":{"@id":"https:\/\/slacktivity.com\/pt-pt\/#website"},"primaryImageOfPage":{"@id":"https:\/\/slacktivity.com\/pt-pt\/shop\/ht-sling-de-slackline\/#primaryimage"},"image":{"@id":"https:\/\/slacktivity.com\/pt-pt\/shop\/ht-sling-de-slackline\/#primaryimage"},"thumbnailUrl":"https:\/\/slacktivity.com\/wp-content\/uploads\/2021\/02\/slackline-Spanset-ht.jpg","datePublished":"2023-05-03T10:34:09+00:00","dateModified":"2024-08-30T11:07:33+00:00","description":"O Sling de slackline HT tem uma constru\u00e7\u00e3o de n\u00facleo leve e as fibras UHWMPE (Dyneema) oferecem uma resist\u00eancia enorme.","breadcrumb":{"@id":"https:\/\/slacktivity.com\/pt-pt\/shop\/ht-sling-de-slackline\/#breadcrumb"},"inLanguage":"pt-PT","potentialAction":[{"@type":"ReadAction","target":["https:\/\/slacktivity.com\/pt-pt\/shop\/ht-sling-de-slackline\/"]}]},{"@type":"ImageObject","inLanguage":"pt-PT","@id":"https:\/\/slacktivity.com\/pt-pt\/shop\/ht-sling-de-slackline\/#primaryimage","url":"https:\/\/slacktivity.com\/wp-content\/uploads\/2021\/02\/slackline-Spanset-ht.jpg","contentUrl":"https:\/\/slacktivity.com\/wp-content\/uploads\/2021\/02\/slackline-Spanset-ht.jpg","width":1180,"height":1377},{"@type":"BreadcrumbList","@id":"https:\/\/slacktivity.com\/pt-pt\/shop\/ht-sling-de-slackline\/#breadcrumb","itemListElement":[{"@type":"ListItem","position":1,"name":"Home","item":"https:\/\/slacktivity.com\/pt-pt\/"},{"@type":"ListItem","position":2,"name":"loja","item":"https:\/\/slacktivity.com\/pt-pt\/loja\/"},{"@type":"ListItem","position":3,"name":"Sling de Slackline HT"}]},{"@type":"WebSite","@id":"https:\/\/slacktivity.com\/pt-pt\/#website","url":"https:\/\/slacktivity.com\/pt-pt\/","name":"Slacktivity Slacklines International Shop","description":"Discover the innovative products of Slacktivity. Swiss designed premium slackline gear. Advice from our experts for the best and a safe slackline experience.","publisher":{"@id":"https:\/\/slacktivity.com\/pt-pt\/#organization"},"potentialAction":[{"@type":"SearchAction","target":{"@type":"EntryPoint","urlTemplate":"https:\/\/slacktivity.com\/pt-pt\/?s={search_term_string}"},"query-input":{"@type":"PropertyValueSpecification","valueRequired":true,"valueName":"search_term_string"}}],"inLanguage":"pt-PT"},{"@type":"Organization","@id":"https:\/\/slacktivity.com\/pt-pt\/#organization","name":"Slacktivity Slacklines International Shop","url":"https:\/\/slacktivity.com\/pt-pt\/","logo":{"@type":"ImageObject","inLanguage":"pt-PT","@id":"https:\/\/slacktivity.com\/pt-pt\/#\/schema\/logo\/image\/","url":"https:\/\/slacktivity.com\/wp-content\/uploads\/2021\/01\/slacktivity-slackline-online-shop-1.png","contentUrl":"https:\/\/slacktivity.com\/wp-content\/uploads\/2021\/01\/slacktivity-slackline-online-shop-1.png","width":200,"height":77,"caption":"Slacktivity Slacklines International Shop"},"image":{"@id":"https:\/\/slacktivity.com\/pt-pt\/#\/schema\/logo\/image\/"}}]}},"_links":{"self":[{"href":"https:\/\/slacktivity.com\/pt-pt\/wp-json\/wp\/v2\/product\/11869","targetHints":{"allow":["GET"]}}],"collection":[{"href":"https:\/\/slacktivity.com\/pt-pt\/wp-json\/wp\/v2\/product"}],"about":[{"href":"https:\/\/slacktivity.com\/pt-pt\/wp-json\/wp\/v2\/types\/product"}],"replies":[{"embeddable":true,"href":"https:\/\/slacktivity.com\/pt-pt\/wp-json\/wp\/v2\/comments?post=11869"}],"wp:featuredmedia":[{"embeddable":true,"href":"https:\/\/slacktivity.com\/pt-pt\/wp-json\/wp\/v2\/media\/11870"}],"wp:attachment":[{"href":"https:\/\/slacktivity.com\/pt-pt\/wp-json\/wp\/v2\/media?parent=11869"}],"wp:term":[{"taxonomy":"product_cat","embeddable":true,"href":"https:\/\/slacktivity.com\/pt-pt\/wp-json\/wp\/v2\/product_cat?post=11869"},{"taxonomy":"product_tag","embeddable":true,"href":"https:\/\/slacktivity.com\/pt-pt\/wp-json\/wp\/v2\/product_tag?post=11869"}],"curies":[{"name":"wp","href":"https:\/\/api.w.org\/{rel}","templated":true}]}}