{"id":11878,"date":"2021-02-11T13:38:27","date_gmt":"2021-02-11T13:38:27","guid":{"rendered":"https:\/\/slacktivity.com\/shop\/twisted-shackle-12mm\/"},"modified":"2023-06-12T08:40:49","modified_gmt":"2023-06-12T08:40:49","slug":"twisted-shackle-for-rigging","status":"publish","type":"product","link":"https:\/\/slacktivity.com\/pt-pt\/shop\/twisted-shackle-for-rigging\/","title":{"rendered":"Twisted Shackle | 12mm"},"content":{"rendered":"<h2>Twisted Shackle de 12mm<\/h2>\n<p>Um <strong>Twisted shackle<\/strong> \u00e9 a melhor op\u00e7\u00e3o quando se quer obter uma tor\u00e7\u00e3o de 90\u00b0 na <strong>ancoragem<\/strong> do slackline. O Twisted Shackle, <strong>com pin fixo<\/strong>, \u00e9 perfeito para usar com os <a href=\"\/shop\/adjustable-treesling-2-4m\/\">slings ajust\u00e1veis da Slacktivity<\/a>, para ligar o Eddy ao pulley-system ou quando se quer usar uma Super Jumpline com um \u00ab<a href=\"https:\/\/slacktivity.com\/shop\/roundsling\/\">RoundSlings<\/a>\u00bb.<\/p>\n<h3>Especif\u00edca\u00e7\u00f5es<\/h3>\n<ul>\n<li><strong>Abertura:<\/strong> ca. 22-24mm<\/li>\n<li><strong>Di\u00e2metro do Pin:<\/strong> 12mm<\/li>\n<li><strong>Di\u00e2metro do corpo:<\/strong> 11.6mm<\/li>\n<li><strong>Peso:<\/strong> 234g<\/li>\n<li><strong>Material:<\/strong> Stainless Steel S.S.316<\/li>\n<li><strong>Minimum Breaking Strength (MBS):<\/strong> 60kN<\/li>\n<li><strong>Working Load Limit (WLL):<\/strong> 12kN<\/li>\n<\/ul>\n","protected":false},"excerpt":{"rendered":"<p>Um Twisted shackle \u00e9 a melhor op\u00e7\u00e3o quando se quer obter uma tor\u00e7\u00e3o de 90\u00b0 na ancoragem do slackline.<\/p>\n","protected":false},"featured_media":11879,"comment_status":"open","ping_status":"closed","template":"","meta":{"_acf_changed":false,"_joinchat":[]},"product_cat":[506,508],"product_tag":[],"class_list":{"0":"post-11878","1":"product","2":"type-product","3":"status-publish","4":"has-post-thumbnail","6":"product_cat-conectores-de-slackline","7":"product_cat-shackles-para-slackline","8":"pa_brand-slacktivity-pt-pt","10":"first","11":"instock","12":"taxable","13":"shipping-taxable","14":"purchasable","15":"product-type-simple","swatches":"rey-swatches","show_selected":""},"acf":[],"yoast_head":"<!-- This site is optimized with the Yoast SEO plugin v27.4 - https:\/\/yoast.com\/product\/yoast-seo-wordpress\/ -->\n<title>Twisted Shackle para Slackline | SLACKTIVITY Slackline Shop<\/title>\n<meta name=\"description\" content=\"Este Twisted shackle de 12mm, com pin fixo, \u00e9 a melhor op\u00e7\u00e3o quando se quer obter uma tor\u00e7\u00e3o de 90\u00b0 na ancoragem do slackline.\" \/>\n<meta name=\"robots\" content=\"index, follow, max-snippet:-1, max-image-preview:large, max-video-preview:-1\" \/>\n<link rel=\"canonical\" href=\"https:\/\/slacktivity.com\/pt-pt\/shop\/twisted-shackle-for-rigging\/\" \/>\n<meta property=\"og:locale\" content=\"pt_PT\" \/>\n<meta property=\"og:type\" content=\"article\" \/>\n<meta property=\"og:title\" content=\"Twisted Shackle para Slackline | SLACKTIVITY Slackline Shop\" \/>\n<meta property=\"og:description\" content=\"Este Twisted shackle de 12mm, com pin fixo, \u00e9 a melhor op\u00e7\u00e3o quando se quer obter uma tor\u00e7\u00e3o de 90\u00b0 na ancoragem do slackline.\" \/>\n<meta property=\"og:url\" content=\"https:\/\/slacktivity.com\/pt-pt\/shop\/twisted-shackle-for-rigging\/\" \/>\n<meta property=\"og:site_name\" content=\"Slacktivity Slacklines International Shop\" \/>\n<meta property=\"article:publisher\" content=\"https:\/\/www.facebook.com\/SLACKTIVITY\/\" \/>\n<meta property=\"article:modified_time\" content=\"2023-06-12T08:40:49+00:00\" \/>\n<meta property=\"og:image\" content=\"https:\/\/slacktivity.com\/wp-content\/uploads\/2021\/02\/twisted-shackle-for-rigging.jpg\" \/>\n\t<meta property=\"og:image:width\" content=\"1180\" \/>\n\t<meta property=\"og:image:height\" content=\"1377\" \/>\n\t<meta property=\"og:image:type\" content=\"image\/jpeg\" \/>\n<meta name=\"twitter:card\" content=\"summary_large_image\" \/>\n<script type=\"application\/ld+json\" class=\"yoast-schema-graph\">{\"@context\":\"https:\\\/\\\/schema.org\",\"@graph\":[{\"@type\":\"WebPage\",\"@id\":\"https:\\\/\\\/slacktivity.com\\\/pt-pt\\\/shop\\\/twisted-shackle-for-rigging\\\/\",\"url\":\"https:\\\/\\\/slacktivity.com\\\/pt-pt\\\/shop\\\/twisted-shackle-for-rigging\\\/\",\"name\":\"Twisted Shackle para Slackline | SLACKTIVITY Slackline Shop\",\"isPartOf\":{\"@id\":\"https:\\\/\\\/slacktivity.com\\\/pt-pt\\\/#website\"},\"primaryImageOfPage\":{\"@id\":\"https:\\\/\\\/slacktivity.com\\\/pt-pt\\\/shop\\\/twisted-shackle-for-rigging\\\/#primaryimage\"},\"image\":{\"@id\":\"https:\\\/\\\/slacktivity.com\\\/pt-pt\\\/shop\\\/twisted-shackle-for-rigging\\\/#primaryimage\"},\"thumbnailUrl\":\"https:\\\/\\\/slacktivity.com\\\/wp-content\\\/uploads\\\/2021\\\/02\\\/twisted-shackle-for-rigging.jpg\",\"datePublished\":\"2021-02-11T13:38:27+00:00\",\"dateModified\":\"2023-06-12T08:40:49+00:00\",\"description\":\"Este Twisted shackle de 12mm, com pin fixo, \u00e9 a melhor op\u00e7\u00e3o quando se quer obter uma tor\u00e7\u00e3o de 90\u00b0 na ancoragem do slackline.\",\"breadcrumb\":{\"@id\":\"https:\\\/\\\/slacktivity.com\\\/pt-pt\\\/shop\\\/twisted-shackle-for-rigging\\\/#breadcrumb\"},\"inLanguage\":\"pt-PT\",\"potentialAction\":[{\"@type\":\"ReadAction\",\"target\":[\"https:\\\/\\\/slacktivity.com\\\/pt-pt\\\/shop\\\/twisted-shackle-for-rigging\\\/\"]}]},{\"@type\":\"ImageObject\",\"inLanguage\":\"pt-PT\",\"@id\":\"https:\\\/\\\/slacktivity.com\\\/pt-pt\\\/shop\\\/twisted-shackle-for-rigging\\\/#primaryimage\",\"url\":\"https:\\\/\\\/slacktivity.com\\\/wp-content\\\/uploads\\\/2021\\\/02\\\/twisted-shackle-for-rigging.jpg\",\"contentUrl\":\"https:\\\/\\\/slacktivity.com\\\/wp-content\\\/uploads\\\/2021\\\/02\\\/twisted-shackle-for-rigging.jpg\",\"width\":1180,\"height\":1377},{\"@type\":\"BreadcrumbList\",\"@id\":\"https:\\\/\\\/slacktivity.com\\\/pt-pt\\\/shop\\\/twisted-shackle-for-rigging\\\/#breadcrumb\",\"itemListElement\":[{\"@type\":\"ListItem\",\"position\":1,\"name\":\"Home\",\"item\":\"https:\\\/\\\/slacktivity.com\\\/pt-pt\\\/\"},{\"@type\":\"ListItem\",\"position\":2,\"name\":\"loja\",\"item\":\"https:\\\/\\\/slacktivity.com\\\/pt-pt\\\/loja\\\/\"},{\"@type\":\"ListItem\",\"position\":3,\"name\":\"Twisted Shackle | 12mm\"}]},{\"@type\":\"WebSite\",\"@id\":\"https:\\\/\\\/slacktivity.com\\\/pt-pt\\\/#website\",\"url\":\"https:\\\/\\\/slacktivity.com\\\/pt-pt\\\/\",\"name\":\"Slacktivity Slacklines International Shop\",\"description\":\"Discover the innovative products of Slacktivity. Swiss designed premium slackline gear. Advice from our experts for the best and a safe slackline experience.\",\"publisher\":{\"@id\":\"https:\\\/\\\/slacktivity.com\\\/pt-pt\\\/#organization\"},\"potentialAction\":[{\"@type\":\"SearchAction\",\"target\":{\"@type\":\"EntryPoint\",\"urlTemplate\":\"https:\\\/\\\/slacktivity.com\\\/pt-pt\\\/?s={search_term_string}\"},\"query-input\":{\"@type\":\"PropertyValueSpecification\",\"valueRequired\":true,\"valueName\":\"search_term_string\"}}],\"inLanguage\":\"pt-PT\"},{\"@type\":\"Organization\",\"@id\":\"https:\\\/\\\/slacktivity.com\\\/pt-pt\\\/#organization\",\"name\":\"Slacktivity Slacklines\",\"url\":\"https:\\\/\\\/slacktivity.com\\\/pt-pt\\\/\",\"logo\":{\"@type\":\"ImageObject\",\"inLanguage\":\"pt-PT\",\"@id\":\"https:\\\/\\\/slacktivity.com\\\/pt-pt\\\/#\\\/schema\\\/logo\\\/image\\\/\",\"url\":\"https:\\\/\\\/slacktivity.com\\\/wp-content\\\/uploads\\\/2021\\\/01\\\/slacktivity-slackline-online-shop-1.png\",\"contentUrl\":\"https:\\\/\\\/slacktivity.com\\\/wp-content\\\/uploads\\\/2021\\\/01\\\/slacktivity-slackline-online-shop-1.png\",\"width\":200,\"height\":77,\"caption\":\"Slacktivity Slacklines\"},\"image\":{\"@id\":\"https:\\\/\\\/slacktivity.com\\\/pt-pt\\\/#\\\/schema\\\/logo\\\/image\\\/\"},\"sameAs\":[\"https:\\\/\\\/www.facebook.com\\\/SLACKTIVITY\\\/\",\"https:\\\/\\\/www.instagram.com\\\/slacktivity\\\/\"]}]}<\/script>\n<!-- \/ Yoast SEO plugin. -->","yoast_head_json":{"title":"Twisted Shackle para Slackline | SLACKTIVITY Slackline Shop","description":"Este Twisted shackle de 12mm, com pin fixo, \u00e9 a melhor op\u00e7\u00e3o quando se quer obter uma tor\u00e7\u00e3o de 90\u00b0 na ancoragem do slackline.","robots":{"index":"index","follow":"follow","max-snippet":"max-snippet:-1","max-image-preview":"max-image-preview:large","max-video-preview":"max-video-preview:-1"},"canonical":"https:\/\/slacktivity.com\/pt-pt\/shop\/twisted-shackle-for-rigging\/","og_locale":"pt_PT","og_type":"article","og_title":"Twisted Shackle para Slackline | SLACKTIVITY Slackline Shop","og_description":"Este Twisted shackle de 12mm, com pin fixo, \u00e9 a melhor op\u00e7\u00e3o quando se quer obter uma tor\u00e7\u00e3o de 90\u00b0 na ancoragem do slackline.","og_url":"https:\/\/slacktivity.com\/pt-pt\/shop\/twisted-shackle-for-rigging\/","og_site_name":"Slacktivity Slacklines International Shop","article_publisher":"https:\/\/www.facebook.com\/SLACKTIVITY\/","article_modified_time":"2023-06-12T08:40:49+00:00","og_image":[{"width":1180,"height":1377,"url":"https:\/\/slacktivity.com\/wp-content\/uploads\/2021\/02\/twisted-shackle-for-rigging.jpg","type":"image\/jpeg"}],"twitter_card":"summary_large_image","schema":{"@context":"https:\/\/schema.org","@graph":[{"@type":"WebPage","@id":"https:\/\/slacktivity.com\/pt-pt\/shop\/twisted-shackle-for-rigging\/","url":"https:\/\/slacktivity.com\/pt-pt\/shop\/twisted-shackle-for-rigging\/","name":"Twisted Shackle para Slackline | SLACKTIVITY Slackline Shop","isPartOf":{"@id":"https:\/\/slacktivity.com\/pt-pt\/#website"},"primaryImageOfPage":{"@id":"https:\/\/slacktivity.com\/pt-pt\/shop\/twisted-shackle-for-rigging\/#primaryimage"},"image":{"@id":"https:\/\/slacktivity.com\/pt-pt\/shop\/twisted-shackle-for-rigging\/#primaryimage"},"thumbnailUrl":"https:\/\/slacktivity.com\/wp-content\/uploads\/2021\/02\/twisted-shackle-for-rigging.jpg","datePublished":"2021-02-11T13:38:27+00:00","dateModified":"2023-06-12T08:40:49+00:00","description":"Este Twisted shackle de 12mm, com pin fixo, \u00e9 a melhor op\u00e7\u00e3o quando se quer obter uma tor\u00e7\u00e3o de 90\u00b0 na ancoragem do slackline.","breadcrumb":{"@id":"https:\/\/slacktivity.com\/pt-pt\/shop\/twisted-shackle-for-rigging\/#breadcrumb"},"inLanguage":"pt-PT","potentialAction":[{"@type":"ReadAction","target":["https:\/\/slacktivity.com\/pt-pt\/shop\/twisted-shackle-for-rigging\/"]}]},{"@type":"ImageObject","inLanguage":"pt-PT","@id":"https:\/\/slacktivity.com\/pt-pt\/shop\/twisted-shackle-for-rigging\/#primaryimage","url":"https:\/\/slacktivity.com\/wp-content\/uploads\/2021\/02\/twisted-shackle-for-rigging.jpg","contentUrl":"https:\/\/slacktivity.com\/wp-content\/uploads\/2021\/02\/twisted-shackle-for-rigging.jpg","width":1180,"height":1377},{"@type":"BreadcrumbList","@id":"https:\/\/slacktivity.com\/pt-pt\/shop\/twisted-shackle-for-rigging\/#breadcrumb","itemListElement":[{"@type":"ListItem","position":1,"name":"Home","item":"https:\/\/slacktivity.com\/pt-pt\/"},{"@type":"ListItem","position":2,"name":"loja","item":"https:\/\/slacktivity.com\/pt-pt\/loja\/"},{"@type":"ListItem","position":3,"name":"Twisted Shackle | 12mm"}]},{"@type":"WebSite","@id":"https:\/\/slacktivity.com\/pt-pt\/#website","url":"https:\/\/slacktivity.com\/pt-pt\/","name":"Slacktivity Slacklines International Shop","description":"Discover the innovative products of Slacktivity. Swiss designed premium slackline gear. Advice from our experts for the best and a safe slackline experience.","publisher":{"@id":"https:\/\/slacktivity.com\/pt-pt\/#organization"},"potentialAction":[{"@type":"SearchAction","target":{"@type":"EntryPoint","urlTemplate":"https:\/\/slacktivity.com\/pt-pt\/?s={search_term_string}"},"query-input":{"@type":"PropertyValueSpecification","valueRequired":true,"valueName":"search_term_string"}}],"inLanguage":"pt-PT"},{"@type":"Organization","@id":"https:\/\/slacktivity.com\/pt-pt\/#organization","name":"Slacktivity Slacklines","url":"https:\/\/slacktivity.com\/pt-pt\/","logo":{"@type":"ImageObject","inLanguage":"pt-PT","@id":"https:\/\/slacktivity.com\/pt-pt\/#\/schema\/logo\/image\/","url":"https:\/\/slacktivity.com\/wp-content\/uploads\/2021\/01\/slacktivity-slackline-online-shop-1.png","contentUrl":"https:\/\/slacktivity.com\/wp-content\/uploads\/2021\/01\/slacktivity-slackline-online-shop-1.png","width":200,"height":77,"caption":"Slacktivity Slacklines"},"image":{"@id":"https:\/\/slacktivity.com\/pt-pt\/#\/schema\/logo\/image\/"},"sameAs":["https:\/\/www.facebook.com\/SLACKTIVITY\/","https:\/\/www.instagram.com\/slacktivity\/"]}]}},"_links":{"self":[{"href":"https:\/\/slacktivity.com\/pt-pt\/wp-json\/wp\/v2\/product\/11878","targetHints":{"allow":["GET"]}}],"collection":[{"href":"https:\/\/slacktivity.com\/pt-pt\/wp-json\/wp\/v2\/product"}],"about":[{"href":"https:\/\/slacktivity.com\/pt-pt\/wp-json\/wp\/v2\/types\/product"}],"replies":[{"embeddable":true,"href":"https:\/\/slacktivity.com\/pt-pt\/wp-json\/wp\/v2\/comments?post=11878"}],"wp:featuredmedia":[{"embeddable":true,"href":"https:\/\/slacktivity.com\/pt-pt\/wp-json\/wp\/v2\/media\/11879"}],"wp:attachment":[{"href":"https:\/\/slacktivity.com\/pt-pt\/wp-json\/wp\/v2\/media?parent=11878"}],"wp:term":[{"taxonomy":"product_cat","embeddable":true,"href":"https:\/\/slacktivity.com\/pt-pt\/wp-json\/wp\/v2\/product_cat?post=11878"},{"taxonomy":"product_tag","embeddable":true,"href":"https:\/\/slacktivity.com\/pt-pt\/wp-json\/wp\/v2\/product_tag?post=11878"}],"curies":[{"name":"wp","href":"https:\/\/api.w.org\/{rel}","templated":true}]}}