{"id":11893,"date":"2021-02-11T13:38:26","date_gmt":"2021-02-11T13:38:26","guid":{"rendered":"https:\/\/slacktivity.com\/shop\/climbing-tool-yourescrewed\/"},"modified":"2023-09-25T14:18:51","modified_gmt":"2023-09-25T14:18:51","slug":"climbing-tool-yourescrewed","status":"publish","type":"product","link":"https:\/\/slacktivity.com\/pt-pt\/shop\/climbing-tool-yourescrewed\/","title":{"rendered":"Climbing Tool | \u00abYoureScrewed\u00bb"},"content":{"rendered":"<h2>Climbing Tool | \u00abYoureScrewed\u00bb<\/h2>\n<p>Em vez de carregar a pesada chave inglesa montanha acima, agora pode-se levar a <strong>Climbing Tool<\/strong>, uma ferramenta multifuncional e leve desenvolvida pela SLACKTIVITY, para <strong>highline<\/strong> e escalada. Com esta ferramenta, podem ser realizadas praticamente todas as manipula\u00e7\u00f5es necess\u00e1rias nos pontos de ancoragem, bem como a conex\u00e3o segura de Slacklines com <a href=\"https:\/\/slacktivity.com\/pt-pt\/category\/quicklinks-para-slackline\/\">Quicklinks<\/a>. O &#8220;snapper&#8221; permite prend\u00ea-la ao arn\u00eas de forma simples e r\u00e1pida. Tamb\u00e9m para alpinistas e guias de montanha que montam as rotas, esta ferramenta pode ser uma alternativa interessante \u00e0s ferramentas convencionais \ud83d\ude42 E, claro, o abre caricas n\u00e3o poderia faltar &#8211; tudo o que um highliner ou um escalador precisa como ferramenta.<\/p>\n<h3>Especif\u00edca\u00e7\u00f5es<\/h3>\n<ul>\n<li><strong>Peso:<\/strong> 101g<\/li>\n<li><strong>Material:<\/strong> Steel, chromed<\/li>\n<\/ul>\n<h3>Fun\u00e7\u00f5es da Climbing Tool<\/h3>\n<ul>\n<li><strong>Tamanho da porca do parafuso<\/strong> 19mm, 17mm, 3\/4 inches<\/li>\n<li><strong>Di\u00e2metro de quicklinks<\/strong>: 8mm (14mm nut), 6mm (11mm nut)<\/li>\n<li><strong>Abridor de Manilhas<\/strong>: 14mm, 12mm, 10mm, 8mm, 6mm<\/li>\n<li><strong>Abridor de Garrafas<\/strong><\/li>\n<li><strong>&#8220;Snapper&#8221; para prender no arn\u00eas<\/strong><\/li>\n<\/ul>\n","protected":false},"excerpt":{"rendered":"<p>Ferramenta indispens\u00e1vel para highliners e escaladores. Com esta ferramenta multifuncional, pr\u00e1tica e leve, porcas de parafusos M10 e M12, bem como os quicklinks e manilhas mais comuns, podem ser apertados ou desapertados facilmente.<\/p>\n","protected":false},"featured_media":11894,"comment_status":"open","ping_status":"closed","template":"","meta":{"_acf_changed":false,"_joinchat":[]},"product_cat":[513,904],"product_tag":[552,555],"class_list":{"0":"post-11893","1":"product","2":"type-product","3":"status-publish","4":"has-post-thumbnail","6":"product_cat-equipamento-de-highline","7":"product_cat-ferramentas-de-slackline","8":"product_tag-highline","9":"product_tag-longline","10":"pa_brand-slacktivity-pt-pt","12":"first","13":"instock","14":"taxable","15":"shipping-taxable","16":"purchasable","17":"product-type-simple","swatches":"rey-swatches","show_selected":""},"acf":[],"yoast_head":"<!-- This site is optimized with the Yoast SEO plugin v27.4 - https:\/\/yoast.com\/product\/yoast-seo-wordpress\/ -->\n<title>Climbing Tool: \u00abYoureScrewed\u00bb | SLACKTIVITY Slackline Shop<\/title>\n<meta name=\"description\" content=\"J\u00e1 n\u00e3o \u00e9 preciso carregar a pesada chave inglesa, montanha acima. A ferramenta multifuncional e leve da SLACKTIVITY, para highline e escalada, est\u00e1 aqui.\" \/>\n<meta name=\"robots\" content=\"index, follow, max-snippet:-1, max-image-preview:large, max-video-preview:-1\" \/>\n<link rel=\"canonical\" href=\"https:\/\/slacktivity.com\/pt-pt\/shop\/climbing-tool-yourescrewed\/\" \/>\n<meta property=\"og:locale\" content=\"pt_PT\" \/>\n<meta property=\"og:type\" content=\"article\" \/>\n<meta property=\"og:title\" content=\"Climbing Tool: \u00abYoureScrewed\u00bb | SLACKTIVITY Slackline Shop\" \/>\n<meta property=\"og:description\" content=\"J\u00e1 n\u00e3o \u00e9 preciso carregar a pesada chave inglesa, montanha acima. A ferramenta multifuncional e leve da SLACKTIVITY, para highline e escalada, est\u00e1 aqui.\" \/>\n<meta property=\"og:url\" content=\"https:\/\/slacktivity.com\/pt-pt\/shop\/climbing-tool-yourescrewed\/\" \/>\n<meta property=\"og:site_name\" content=\"Slacktivity Slacklines International Shop\" \/>\n<meta property=\"article:publisher\" content=\"https:\/\/www.facebook.com\/SLACKTIVITY\/\" \/>\n<meta property=\"article:modified_time\" content=\"2023-09-25T14:18:51+00:00\" \/>\n<meta property=\"og:image\" content=\"https:\/\/slacktivity.com\/wp-content\/uploads\/2021\/02\/Highlining-climbing-tool.jpg\" \/>\n\t<meta property=\"og:image:width\" content=\"1180\" \/>\n\t<meta property=\"og:image:height\" content=\"1377\" \/>\n\t<meta property=\"og:image:type\" content=\"image\/jpeg\" \/>\n<meta name=\"twitter:card\" content=\"summary_large_image\" \/>\n<meta name=\"twitter:label1\" content=\"Tempo estimado de leitura\" \/>\n\t<meta name=\"twitter:data1\" content=\"1 minuto\" \/>\n<script type=\"application\/ld+json\" class=\"yoast-schema-graph\">{\"@context\":\"https:\\\/\\\/schema.org\",\"@graph\":[{\"@type\":\"WebPage\",\"@id\":\"https:\\\/\\\/slacktivity.com\\\/pt-pt\\\/shop\\\/climbing-tool-yourescrewed\\\/\",\"url\":\"https:\\\/\\\/slacktivity.com\\\/pt-pt\\\/shop\\\/climbing-tool-yourescrewed\\\/\",\"name\":\"Climbing Tool: \u00abYoureScrewed\u00bb | SLACKTIVITY Slackline Shop\",\"isPartOf\":{\"@id\":\"https:\\\/\\\/slacktivity.com\\\/pt-pt\\\/#website\"},\"primaryImageOfPage\":{\"@id\":\"https:\\\/\\\/slacktivity.com\\\/pt-pt\\\/shop\\\/climbing-tool-yourescrewed\\\/#primaryimage\"},\"image\":{\"@id\":\"https:\\\/\\\/slacktivity.com\\\/pt-pt\\\/shop\\\/climbing-tool-yourescrewed\\\/#primaryimage\"},\"thumbnailUrl\":\"https:\\\/\\\/slacktivity.com\\\/wp-content\\\/uploads\\\/2021\\\/02\\\/Highlining-climbing-tool.jpg\",\"datePublished\":\"2021-02-11T13:38:26+00:00\",\"dateModified\":\"2023-09-25T14:18:51+00:00\",\"description\":\"J\u00e1 n\u00e3o \u00e9 preciso carregar a pesada chave inglesa, montanha acima. A ferramenta multifuncional e leve da SLACKTIVITY, para highline e escalada, est\u00e1 aqui.\",\"breadcrumb\":{\"@id\":\"https:\\\/\\\/slacktivity.com\\\/pt-pt\\\/shop\\\/climbing-tool-yourescrewed\\\/#breadcrumb\"},\"inLanguage\":\"pt-PT\",\"potentialAction\":[{\"@type\":\"ReadAction\",\"target\":[\"https:\\\/\\\/slacktivity.com\\\/pt-pt\\\/shop\\\/climbing-tool-yourescrewed\\\/\"]}]},{\"@type\":\"ImageObject\",\"inLanguage\":\"pt-PT\",\"@id\":\"https:\\\/\\\/slacktivity.com\\\/pt-pt\\\/shop\\\/climbing-tool-yourescrewed\\\/#primaryimage\",\"url\":\"https:\\\/\\\/slacktivity.com\\\/wp-content\\\/uploads\\\/2021\\\/02\\\/Highlining-climbing-tool.jpg\",\"contentUrl\":\"https:\\\/\\\/slacktivity.com\\\/wp-content\\\/uploads\\\/2021\\\/02\\\/Highlining-climbing-tool.jpg\",\"width\":1180,\"height\":1377},{\"@type\":\"BreadcrumbList\",\"@id\":\"https:\\\/\\\/slacktivity.com\\\/pt-pt\\\/shop\\\/climbing-tool-yourescrewed\\\/#breadcrumb\",\"itemListElement\":[{\"@type\":\"ListItem\",\"position\":1,\"name\":\"Home\",\"item\":\"https:\\\/\\\/slacktivity.com\\\/pt-pt\\\/\"},{\"@type\":\"ListItem\",\"position\":2,\"name\":\"loja\",\"item\":\"https:\\\/\\\/slacktivity.com\\\/pt-pt\\\/loja\\\/\"},{\"@type\":\"ListItem\",\"position\":3,\"name\":\"Climbing Tool | \u00abYoureScrewed\u00bb\"}]},{\"@type\":\"WebSite\",\"@id\":\"https:\\\/\\\/slacktivity.com\\\/pt-pt\\\/#website\",\"url\":\"https:\\\/\\\/slacktivity.com\\\/pt-pt\\\/\",\"name\":\"Slacktivity Slacklines International Shop\",\"description\":\"Discover the innovative products of Slacktivity. Swiss designed premium slackline gear. Advice from our experts for the best and a safe slackline experience.\",\"publisher\":{\"@id\":\"https:\\\/\\\/slacktivity.com\\\/pt-pt\\\/#organization\"},\"potentialAction\":[{\"@type\":\"SearchAction\",\"target\":{\"@type\":\"EntryPoint\",\"urlTemplate\":\"https:\\\/\\\/slacktivity.com\\\/pt-pt\\\/?s={search_term_string}\"},\"query-input\":{\"@type\":\"PropertyValueSpecification\",\"valueRequired\":true,\"valueName\":\"search_term_string\"}}],\"inLanguage\":\"pt-PT\"},{\"@type\":\"Organization\",\"@id\":\"https:\\\/\\\/slacktivity.com\\\/pt-pt\\\/#organization\",\"name\":\"Slacktivity Slacklines\",\"url\":\"https:\\\/\\\/slacktivity.com\\\/pt-pt\\\/\",\"logo\":{\"@type\":\"ImageObject\",\"inLanguage\":\"pt-PT\",\"@id\":\"https:\\\/\\\/slacktivity.com\\\/pt-pt\\\/#\\\/schema\\\/logo\\\/image\\\/\",\"url\":\"https:\\\/\\\/slacktivity.com\\\/wp-content\\\/uploads\\\/2021\\\/01\\\/slacktivity-slackline-online-shop-1.png\",\"contentUrl\":\"https:\\\/\\\/slacktivity.com\\\/wp-content\\\/uploads\\\/2021\\\/01\\\/slacktivity-slackline-online-shop-1.png\",\"width\":200,\"height\":77,\"caption\":\"Slacktivity Slacklines\"},\"image\":{\"@id\":\"https:\\\/\\\/slacktivity.com\\\/pt-pt\\\/#\\\/schema\\\/logo\\\/image\\\/\"},\"sameAs\":[\"https:\\\/\\\/www.facebook.com\\\/SLACKTIVITY\\\/\",\"https:\\\/\\\/www.instagram.com\\\/slacktivity\\\/\"]}]}<\/script>\n<!-- \/ Yoast SEO plugin. -->","yoast_head_json":{"title":"Climbing Tool: \u00abYoureScrewed\u00bb | SLACKTIVITY Slackline Shop","description":"J\u00e1 n\u00e3o \u00e9 preciso carregar a pesada chave inglesa, montanha acima. A ferramenta multifuncional e leve da SLACKTIVITY, para highline e escalada, est\u00e1 aqui.","robots":{"index":"index","follow":"follow","max-snippet":"max-snippet:-1","max-image-preview":"max-image-preview:large","max-video-preview":"max-video-preview:-1"},"canonical":"https:\/\/slacktivity.com\/pt-pt\/shop\/climbing-tool-yourescrewed\/","og_locale":"pt_PT","og_type":"article","og_title":"Climbing Tool: \u00abYoureScrewed\u00bb | SLACKTIVITY Slackline Shop","og_description":"J\u00e1 n\u00e3o \u00e9 preciso carregar a pesada chave inglesa, montanha acima. A ferramenta multifuncional e leve da SLACKTIVITY, para highline e escalada, est\u00e1 aqui.","og_url":"https:\/\/slacktivity.com\/pt-pt\/shop\/climbing-tool-yourescrewed\/","og_site_name":"Slacktivity Slacklines International Shop","article_publisher":"https:\/\/www.facebook.com\/SLACKTIVITY\/","article_modified_time":"2023-09-25T14:18:51+00:00","og_image":[{"width":1180,"height":1377,"url":"https:\/\/slacktivity.com\/wp-content\/uploads\/2021\/02\/Highlining-climbing-tool.jpg","type":"image\/jpeg"}],"twitter_card":"summary_large_image","twitter_misc":{"Tempo estimado de leitura":"1 minuto"},"schema":{"@context":"https:\/\/schema.org","@graph":[{"@type":"WebPage","@id":"https:\/\/slacktivity.com\/pt-pt\/shop\/climbing-tool-yourescrewed\/","url":"https:\/\/slacktivity.com\/pt-pt\/shop\/climbing-tool-yourescrewed\/","name":"Climbing Tool: \u00abYoureScrewed\u00bb | SLACKTIVITY Slackline Shop","isPartOf":{"@id":"https:\/\/slacktivity.com\/pt-pt\/#website"},"primaryImageOfPage":{"@id":"https:\/\/slacktivity.com\/pt-pt\/shop\/climbing-tool-yourescrewed\/#primaryimage"},"image":{"@id":"https:\/\/slacktivity.com\/pt-pt\/shop\/climbing-tool-yourescrewed\/#primaryimage"},"thumbnailUrl":"https:\/\/slacktivity.com\/wp-content\/uploads\/2021\/02\/Highlining-climbing-tool.jpg","datePublished":"2021-02-11T13:38:26+00:00","dateModified":"2023-09-25T14:18:51+00:00","description":"J\u00e1 n\u00e3o \u00e9 preciso carregar a pesada chave inglesa, montanha acima. A ferramenta multifuncional e leve da SLACKTIVITY, para highline e escalada, est\u00e1 aqui.","breadcrumb":{"@id":"https:\/\/slacktivity.com\/pt-pt\/shop\/climbing-tool-yourescrewed\/#breadcrumb"},"inLanguage":"pt-PT","potentialAction":[{"@type":"ReadAction","target":["https:\/\/slacktivity.com\/pt-pt\/shop\/climbing-tool-yourescrewed\/"]}]},{"@type":"ImageObject","inLanguage":"pt-PT","@id":"https:\/\/slacktivity.com\/pt-pt\/shop\/climbing-tool-yourescrewed\/#primaryimage","url":"https:\/\/slacktivity.com\/wp-content\/uploads\/2021\/02\/Highlining-climbing-tool.jpg","contentUrl":"https:\/\/slacktivity.com\/wp-content\/uploads\/2021\/02\/Highlining-climbing-tool.jpg","width":1180,"height":1377},{"@type":"BreadcrumbList","@id":"https:\/\/slacktivity.com\/pt-pt\/shop\/climbing-tool-yourescrewed\/#breadcrumb","itemListElement":[{"@type":"ListItem","position":1,"name":"Home","item":"https:\/\/slacktivity.com\/pt-pt\/"},{"@type":"ListItem","position":2,"name":"loja","item":"https:\/\/slacktivity.com\/pt-pt\/loja\/"},{"@type":"ListItem","position":3,"name":"Climbing Tool | \u00abYoureScrewed\u00bb"}]},{"@type":"WebSite","@id":"https:\/\/slacktivity.com\/pt-pt\/#website","url":"https:\/\/slacktivity.com\/pt-pt\/","name":"Slacktivity Slacklines International Shop","description":"Discover the innovative products of Slacktivity. Swiss designed premium slackline gear. Advice from our experts for the best and a safe slackline experience.","publisher":{"@id":"https:\/\/slacktivity.com\/pt-pt\/#organization"},"potentialAction":[{"@type":"SearchAction","target":{"@type":"EntryPoint","urlTemplate":"https:\/\/slacktivity.com\/pt-pt\/?s={search_term_string}"},"query-input":{"@type":"PropertyValueSpecification","valueRequired":true,"valueName":"search_term_string"}}],"inLanguage":"pt-PT"},{"@type":"Organization","@id":"https:\/\/slacktivity.com\/pt-pt\/#organization","name":"Slacktivity Slacklines","url":"https:\/\/slacktivity.com\/pt-pt\/","logo":{"@type":"ImageObject","inLanguage":"pt-PT","@id":"https:\/\/slacktivity.com\/pt-pt\/#\/schema\/logo\/image\/","url":"https:\/\/slacktivity.com\/wp-content\/uploads\/2021\/01\/slacktivity-slackline-online-shop-1.png","contentUrl":"https:\/\/slacktivity.com\/wp-content\/uploads\/2021\/01\/slacktivity-slackline-online-shop-1.png","width":200,"height":77,"caption":"Slacktivity Slacklines"},"image":{"@id":"https:\/\/slacktivity.com\/pt-pt\/#\/schema\/logo\/image\/"},"sameAs":["https:\/\/www.facebook.com\/SLACKTIVITY\/","https:\/\/www.instagram.com\/slacktivity\/"]}]}},"_links":{"self":[{"href":"https:\/\/slacktivity.com\/pt-pt\/wp-json\/wp\/v2\/product\/11893","targetHints":{"allow":["GET"]}}],"collection":[{"href":"https:\/\/slacktivity.com\/pt-pt\/wp-json\/wp\/v2\/product"}],"about":[{"href":"https:\/\/slacktivity.com\/pt-pt\/wp-json\/wp\/v2\/types\/product"}],"replies":[{"embeddable":true,"href":"https:\/\/slacktivity.com\/pt-pt\/wp-json\/wp\/v2\/comments?post=11893"}],"wp:featuredmedia":[{"embeddable":true,"href":"https:\/\/slacktivity.com\/pt-pt\/wp-json\/wp\/v2\/media\/11894"}],"wp:attachment":[{"href":"https:\/\/slacktivity.com\/pt-pt\/wp-json\/wp\/v2\/media?parent=11893"}],"wp:term":[{"taxonomy":"product_cat","embeddable":true,"href":"https:\/\/slacktivity.com\/pt-pt\/wp-json\/wp\/v2\/product_cat?post=11893"},{"taxonomy":"product_tag","embeddable":true,"href":"https:\/\/slacktivity.com\/pt-pt\/wp-json\/wp\/v2\/product_tag?post=11893"}],"curies":[{"name":"wp","href":"https:\/\/api.w.org\/{rel}","templated":true}]}}