{"id":11903,"date":"2021-02-11T13:38:22","date_gmt":"2021-02-11T13:38:22","guid":{"rendered":"https:\/\/slacktivity.com\/shop\/shackle-14mm\/"},"modified":"2023-05-04T13:58:30","modified_gmt":"2023-05-04T13:58:30","slug":"14mm-shackle","status":"publish","type":"product","link":"https:\/\/slacktivity.com\/pt-pt\/shop\/14mm-shackle\/","title":{"rendered":"Shackle | 14mm"},"content":{"rendered":"<h2>Shackle de 14mm com Pin Fixo<\/h2>\n<p>O nosso <strong>Shackle de 14mm<\/strong>, em stainless e com pin cativo, \u00e9 uma boa op\u00e7\u00e3o para sistemas de slackline sob tens\u00f5es elevadas. O arco maior tamb\u00e9m \u00e9 muito \u00fatil para equalizar v\u00e1rios v\u00e1rias tiras de sling ou corda num setup de <a href=\"\/?product_cat=highline-equipement\">highline<\/a>. Este grandalh\u00e3o, com <strong>pino cativo<\/strong>, \u00e9 indicado para <a href=\"https:\/\/slacktivity.com\/pt-pt\/tag\/trickline-pt-pt\/\">tricklines<\/a>, <a href=\"https:\/\/slacktivity.com\/pt-pt\/category\/kits-de-slackline\/kits-de-longline\/\">longlines<\/a> com altas tens\u00f5es e highlines que exigem uma equaliza\u00e7\u00e3o perfeita. A abertura da boca com 28mm de largura permite usar <a href=\"https:\/\/slacktivity.com\/pt-pt\/category\/slackline-soft-release\/\">soft releases<\/a>, slings e v\u00e1rios tipos de conex\u00f5es.<\/p>\n<h2>Especif\u00edca\u00e7\u00f5es<\/h2>\n<ul>\n<li><strong>Abertura:<\/strong> ca. 28mm<\/li>\n<li><strong>Di\u00e2metro do Pin:<\/strong> 14mm<\/li>\n<li><strong>Di\u00e2metro do Corpo:<\/strong> 13.6mm<\/li>\n<li><strong>Pedo:<\/strong> 326g<\/li>\n<li><strong>Material:<\/strong> a\u00e7o inoxid\u00e1vel S.S.316<\/li>\n<li><strong>Minimum Breaking Strength (MBS):<\/strong> 80kN<\/li>\n<li><strong>Working Load Limit (WLL):<\/strong> 16kN<\/li>\n<\/ul>\n","protected":false},"excerpt":{"rendered":"<p>O nosso Shackle de 14mm, em a\u00e7o inoxid\u00e1vel e com pin cativo, \u00e9 uma boa op\u00e7\u00e3o para sistemas de slackline sujeitos a tens\u00f5es elevadas.<\/p>\n","protected":false},"featured_media":11904,"comment_status":"open","ping_status":"closed","template":"","meta":{"_acf_changed":false,"_joinchat":[]},"product_cat":[506,508],"product_tag":[552,555,562],"class_list":{"0":"post-11903","1":"product","2":"type-product","3":"status-publish","4":"has-post-thumbnail","6":"product_cat-conectores-de-slackline","7":"product_cat-shackles-para-slackline","8":"product_tag-highline","9":"product_tag-longline","10":"product_tag-trickline-pt-pt","11":"pa_brand-slacktivity-pt-pt","13":"first","14":"instock","15":"taxable","16":"shipping-taxable","17":"purchasable","18":"product-type-simple","swatches":"rey-swatches","show_selected":""},"acf":[],"yoast_head":"<!-- This site is optimized with the Yoast SEO plugin v27.4 - https:\/\/yoast.com\/product\/yoast-seo-wordpress\/ -->\n<title>Shackle 14mm - Stainless Steel | SLACKTIVITY Online Shop<\/title>\n<meta name=\"description\" content=\"O nosso Shackle de 14mm, em a\u00e7o inoxid\u00e1vel e com pin cativo, \u00e9 uma boa op\u00e7\u00e3o para sistemas de slackline sob tens\u00f5es elevadas. Tem um Working Load Limit de 16kN.\" \/>\n<meta name=\"robots\" content=\"index, follow, max-snippet:-1, max-image-preview:large, max-video-preview:-1\" \/>\n<link rel=\"canonical\" href=\"https:\/\/slacktivity.com\/pt-pt\/shop\/14mm-shackle\/\" \/>\n<meta property=\"og:locale\" content=\"pt_PT\" \/>\n<meta property=\"og:type\" content=\"article\" \/>\n<meta property=\"og:title\" content=\"Shackle 14mm - Stainless Steel | SLACKTIVITY Online Shop\" \/>\n<meta property=\"og:description\" content=\"O nosso Shackle de 14mm, em a\u00e7o inoxid\u00e1vel e com pin cativo, \u00e9 uma boa op\u00e7\u00e3o para sistemas de slackline sob tens\u00f5es elevadas. Tem um Working Load Limit de 16kN.\" \/>\n<meta property=\"og:url\" content=\"https:\/\/slacktivity.com\/pt-pt\/shop\/14mm-shackle\/\" \/>\n<meta property=\"og:site_name\" content=\"Slacktivity Slacklines International Shop\" \/>\n<meta property=\"article:publisher\" content=\"https:\/\/www.facebook.com\/SLACKTIVITY\/\" \/>\n<meta property=\"article:modified_time\" content=\"2023-05-04T13:58:30+00:00\" \/>\n<meta property=\"og:image\" content=\"https:\/\/slacktivity.com\/wp-content\/uploads\/2021\/02\/stainless-steel-shackle-14mm.jpg\" \/>\n\t<meta property=\"og:image:width\" content=\"1180\" \/>\n\t<meta property=\"og:image:height\" content=\"1377\" \/>\n\t<meta property=\"og:image:type\" content=\"image\/jpeg\" \/>\n<meta name=\"twitter:card\" content=\"summary_large_image\" \/>\n<meta name=\"twitter:label1\" content=\"Tempo estimado de leitura\" \/>\n\t<meta name=\"twitter:data1\" content=\"1 minuto\" \/>\n<script type=\"application\/ld+json\" class=\"yoast-schema-graph\">{\"@context\":\"https:\\\/\\\/schema.org\",\"@graph\":[{\"@type\":\"WebPage\",\"@id\":\"https:\\\/\\\/slacktivity.com\\\/pt-pt\\\/shop\\\/14mm-shackle\\\/\",\"url\":\"https:\\\/\\\/slacktivity.com\\\/pt-pt\\\/shop\\\/14mm-shackle\\\/\",\"name\":\"Shackle 14mm - Stainless Steel | SLACKTIVITY Online Shop\",\"isPartOf\":{\"@id\":\"https:\\\/\\\/slacktivity.com\\\/pt-pt\\\/#website\"},\"primaryImageOfPage\":{\"@id\":\"https:\\\/\\\/slacktivity.com\\\/pt-pt\\\/shop\\\/14mm-shackle\\\/#primaryimage\"},\"image\":{\"@id\":\"https:\\\/\\\/slacktivity.com\\\/pt-pt\\\/shop\\\/14mm-shackle\\\/#primaryimage\"},\"thumbnailUrl\":\"https:\\\/\\\/slacktivity.com\\\/wp-content\\\/uploads\\\/2021\\\/02\\\/stainless-steel-shackle-14mm.jpg\",\"datePublished\":\"2021-02-11T13:38:22+00:00\",\"dateModified\":\"2023-05-04T13:58:30+00:00\",\"description\":\"O nosso Shackle de 14mm, em a\u00e7o inoxid\u00e1vel e com pin cativo, \u00e9 uma boa op\u00e7\u00e3o para sistemas de slackline sob tens\u00f5es elevadas. Tem um Working Load Limit de 16kN.\",\"breadcrumb\":{\"@id\":\"https:\\\/\\\/slacktivity.com\\\/pt-pt\\\/shop\\\/14mm-shackle\\\/#breadcrumb\"},\"inLanguage\":\"pt-PT\",\"potentialAction\":[{\"@type\":\"ReadAction\",\"target\":[\"https:\\\/\\\/slacktivity.com\\\/pt-pt\\\/shop\\\/14mm-shackle\\\/\"]}]},{\"@type\":\"ImageObject\",\"inLanguage\":\"pt-PT\",\"@id\":\"https:\\\/\\\/slacktivity.com\\\/pt-pt\\\/shop\\\/14mm-shackle\\\/#primaryimage\",\"url\":\"https:\\\/\\\/slacktivity.com\\\/wp-content\\\/uploads\\\/2021\\\/02\\\/stainless-steel-shackle-14mm.jpg\",\"contentUrl\":\"https:\\\/\\\/slacktivity.com\\\/wp-content\\\/uploads\\\/2021\\\/02\\\/stainless-steel-shackle-14mm.jpg\",\"width\":1180,\"height\":1377},{\"@type\":\"BreadcrumbList\",\"@id\":\"https:\\\/\\\/slacktivity.com\\\/pt-pt\\\/shop\\\/14mm-shackle\\\/#breadcrumb\",\"itemListElement\":[{\"@type\":\"ListItem\",\"position\":1,\"name\":\"Home\",\"item\":\"https:\\\/\\\/slacktivity.com\\\/pt-pt\\\/\"},{\"@type\":\"ListItem\",\"position\":2,\"name\":\"loja\",\"item\":\"https:\\\/\\\/slacktivity.com\\\/pt-pt\\\/loja\\\/\"},{\"@type\":\"ListItem\",\"position\":3,\"name\":\"Shackle | 14mm\"}]},{\"@type\":\"WebSite\",\"@id\":\"https:\\\/\\\/slacktivity.com\\\/pt-pt\\\/#website\",\"url\":\"https:\\\/\\\/slacktivity.com\\\/pt-pt\\\/\",\"name\":\"Slacktivity Slacklines International Shop\",\"description\":\"Discover the innovative products of Slacktivity. Swiss designed premium slackline gear. Advice from our experts for the best and a safe slackline experience.\",\"publisher\":{\"@id\":\"https:\\\/\\\/slacktivity.com\\\/pt-pt\\\/#organization\"},\"potentialAction\":[{\"@type\":\"SearchAction\",\"target\":{\"@type\":\"EntryPoint\",\"urlTemplate\":\"https:\\\/\\\/slacktivity.com\\\/pt-pt\\\/?s={search_term_string}\"},\"query-input\":{\"@type\":\"PropertyValueSpecification\",\"valueRequired\":true,\"valueName\":\"search_term_string\"}}],\"inLanguage\":\"pt-PT\"},{\"@type\":\"Organization\",\"@id\":\"https:\\\/\\\/slacktivity.com\\\/pt-pt\\\/#organization\",\"name\":\"Slacktivity Slacklines\",\"url\":\"https:\\\/\\\/slacktivity.com\\\/pt-pt\\\/\",\"logo\":{\"@type\":\"ImageObject\",\"inLanguage\":\"pt-PT\",\"@id\":\"https:\\\/\\\/slacktivity.com\\\/pt-pt\\\/#\\\/schema\\\/logo\\\/image\\\/\",\"url\":\"https:\\\/\\\/slacktivity.com\\\/wp-content\\\/uploads\\\/2021\\\/01\\\/slacktivity-slackline-online-shop-1.png\",\"contentUrl\":\"https:\\\/\\\/slacktivity.com\\\/wp-content\\\/uploads\\\/2021\\\/01\\\/slacktivity-slackline-online-shop-1.png\",\"width\":200,\"height\":77,\"caption\":\"Slacktivity Slacklines\"},\"image\":{\"@id\":\"https:\\\/\\\/slacktivity.com\\\/pt-pt\\\/#\\\/schema\\\/logo\\\/image\\\/\"},\"sameAs\":[\"https:\\\/\\\/www.facebook.com\\\/SLACKTIVITY\\\/\",\"https:\\\/\\\/www.instagram.com\\\/slacktivity\\\/\"]}]}<\/script>\n<!-- \/ Yoast SEO plugin. -->","yoast_head_json":{"title":"Shackle 14mm - Stainless Steel | SLACKTIVITY Online Shop","description":"O nosso Shackle de 14mm, em a\u00e7o inoxid\u00e1vel e com pin cativo, \u00e9 uma boa op\u00e7\u00e3o para sistemas de slackline sob tens\u00f5es elevadas. Tem um Working Load Limit de 16kN.","robots":{"index":"index","follow":"follow","max-snippet":"max-snippet:-1","max-image-preview":"max-image-preview:large","max-video-preview":"max-video-preview:-1"},"canonical":"https:\/\/slacktivity.com\/pt-pt\/shop\/14mm-shackle\/","og_locale":"pt_PT","og_type":"article","og_title":"Shackle 14mm - Stainless Steel | SLACKTIVITY Online Shop","og_description":"O nosso Shackle de 14mm, em a\u00e7o inoxid\u00e1vel e com pin cativo, \u00e9 uma boa op\u00e7\u00e3o para sistemas de slackline sob tens\u00f5es elevadas. Tem um Working Load Limit de 16kN.","og_url":"https:\/\/slacktivity.com\/pt-pt\/shop\/14mm-shackle\/","og_site_name":"Slacktivity Slacklines International Shop","article_publisher":"https:\/\/www.facebook.com\/SLACKTIVITY\/","article_modified_time":"2023-05-04T13:58:30+00:00","og_image":[{"width":1180,"height":1377,"url":"https:\/\/slacktivity.com\/wp-content\/uploads\/2021\/02\/stainless-steel-shackle-14mm.jpg","type":"image\/jpeg"}],"twitter_card":"summary_large_image","twitter_misc":{"Tempo estimado de leitura":"1 minuto"},"schema":{"@context":"https:\/\/schema.org","@graph":[{"@type":"WebPage","@id":"https:\/\/slacktivity.com\/pt-pt\/shop\/14mm-shackle\/","url":"https:\/\/slacktivity.com\/pt-pt\/shop\/14mm-shackle\/","name":"Shackle 14mm - Stainless Steel | SLACKTIVITY Online Shop","isPartOf":{"@id":"https:\/\/slacktivity.com\/pt-pt\/#website"},"primaryImageOfPage":{"@id":"https:\/\/slacktivity.com\/pt-pt\/shop\/14mm-shackle\/#primaryimage"},"image":{"@id":"https:\/\/slacktivity.com\/pt-pt\/shop\/14mm-shackle\/#primaryimage"},"thumbnailUrl":"https:\/\/slacktivity.com\/wp-content\/uploads\/2021\/02\/stainless-steel-shackle-14mm.jpg","datePublished":"2021-02-11T13:38:22+00:00","dateModified":"2023-05-04T13:58:30+00:00","description":"O nosso Shackle de 14mm, em a\u00e7o inoxid\u00e1vel e com pin cativo, \u00e9 uma boa op\u00e7\u00e3o para sistemas de slackline sob tens\u00f5es elevadas. Tem um Working Load Limit de 16kN.","breadcrumb":{"@id":"https:\/\/slacktivity.com\/pt-pt\/shop\/14mm-shackle\/#breadcrumb"},"inLanguage":"pt-PT","potentialAction":[{"@type":"ReadAction","target":["https:\/\/slacktivity.com\/pt-pt\/shop\/14mm-shackle\/"]}]},{"@type":"ImageObject","inLanguage":"pt-PT","@id":"https:\/\/slacktivity.com\/pt-pt\/shop\/14mm-shackle\/#primaryimage","url":"https:\/\/slacktivity.com\/wp-content\/uploads\/2021\/02\/stainless-steel-shackle-14mm.jpg","contentUrl":"https:\/\/slacktivity.com\/wp-content\/uploads\/2021\/02\/stainless-steel-shackle-14mm.jpg","width":1180,"height":1377},{"@type":"BreadcrumbList","@id":"https:\/\/slacktivity.com\/pt-pt\/shop\/14mm-shackle\/#breadcrumb","itemListElement":[{"@type":"ListItem","position":1,"name":"Home","item":"https:\/\/slacktivity.com\/pt-pt\/"},{"@type":"ListItem","position":2,"name":"loja","item":"https:\/\/slacktivity.com\/pt-pt\/loja\/"},{"@type":"ListItem","position":3,"name":"Shackle | 14mm"}]},{"@type":"WebSite","@id":"https:\/\/slacktivity.com\/pt-pt\/#website","url":"https:\/\/slacktivity.com\/pt-pt\/","name":"Slacktivity Slacklines International Shop","description":"Discover the innovative products of Slacktivity. Swiss designed premium slackline gear. Advice from our experts for the best and a safe slackline experience.","publisher":{"@id":"https:\/\/slacktivity.com\/pt-pt\/#organization"},"potentialAction":[{"@type":"SearchAction","target":{"@type":"EntryPoint","urlTemplate":"https:\/\/slacktivity.com\/pt-pt\/?s={search_term_string}"},"query-input":{"@type":"PropertyValueSpecification","valueRequired":true,"valueName":"search_term_string"}}],"inLanguage":"pt-PT"},{"@type":"Organization","@id":"https:\/\/slacktivity.com\/pt-pt\/#organization","name":"Slacktivity Slacklines","url":"https:\/\/slacktivity.com\/pt-pt\/","logo":{"@type":"ImageObject","inLanguage":"pt-PT","@id":"https:\/\/slacktivity.com\/pt-pt\/#\/schema\/logo\/image\/","url":"https:\/\/slacktivity.com\/wp-content\/uploads\/2021\/01\/slacktivity-slackline-online-shop-1.png","contentUrl":"https:\/\/slacktivity.com\/wp-content\/uploads\/2021\/01\/slacktivity-slackline-online-shop-1.png","width":200,"height":77,"caption":"Slacktivity Slacklines"},"image":{"@id":"https:\/\/slacktivity.com\/pt-pt\/#\/schema\/logo\/image\/"},"sameAs":["https:\/\/www.facebook.com\/SLACKTIVITY\/","https:\/\/www.instagram.com\/slacktivity\/"]}]}},"_links":{"self":[{"href":"https:\/\/slacktivity.com\/pt-pt\/wp-json\/wp\/v2\/product\/11903","targetHints":{"allow":["GET"]}}],"collection":[{"href":"https:\/\/slacktivity.com\/pt-pt\/wp-json\/wp\/v2\/product"}],"about":[{"href":"https:\/\/slacktivity.com\/pt-pt\/wp-json\/wp\/v2\/types\/product"}],"replies":[{"embeddable":true,"href":"https:\/\/slacktivity.com\/pt-pt\/wp-json\/wp\/v2\/comments?post=11903"}],"wp:featuredmedia":[{"embeddable":true,"href":"https:\/\/slacktivity.com\/pt-pt\/wp-json\/wp\/v2\/media\/11904"}],"wp:attachment":[{"href":"https:\/\/slacktivity.com\/pt-pt\/wp-json\/wp\/v2\/media?parent=11903"}],"wp:term":[{"taxonomy":"product_cat","embeddable":true,"href":"https:\/\/slacktivity.com\/pt-pt\/wp-json\/wp\/v2\/product_cat?post=11903"},{"taxonomy":"product_tag","embeddable":true,"href":"https:\/\/slacktivity.com\/pt-pt\/wp-json\/wp\/v2\/product_tag?post=11903"}],"curies":[{"name":"wp","href":"https:\/\/api.w.org\/{rel}","templated":true}]}}