{"id":11905,"date":"2021-02-11T13:38:21","date_gmt":"2023-05-04T14:05:20","guid":{"rendered":"https:\/\/slacktivity.com\/shop\/shackle-de-12mm\/"},"modified":"2024-07-18T08:17:58","modified_gmt":"2024-07-18T08:17:58","slug":"shackle-12mm","status":"publish","type":"product","link":"https:\/\/slacktivity.com\/pt-pt\/shop\/shackle-12mm\/","title":{"rendered":"Shackle de 12mm"},"content":{"rendered":"<h2>Shackle Bow 12mm<\/h2>\n<p>O nosso <strong>Shackle de 12mm<\/strong>, em a\u00e7o inoxid\u00e1vel, \u00e9 a melhor escolha para ancorar longlines, highlines, jumplines ou qualquer outra linha onde altas for\u00e7as possam ocorrer e sempre que um conector resistente \u00e9 necess\u00e1rio. Este <a href=\"https:\/\/slacktivity.com\/pt-pt\/category\/conectores-de-slackline\/shackles-para-slackline\/\">shackle<\/a> pode ser conectado com slings, rigging plates, rodalnas, weblocks, soft-releases e muitos outros itens.<\/p>\n<h3>Especif\u00edca\u00e7\u00f5es<\/h3>\n<ul>\n<li><strong>Abertura:<\/strong> ca. 23.5mm<\/li>\n<li><strong>Diametro do pin:<\/strong> 12mm<\/li>\n<li><strong>Di\u00e2metro do corpo:<\/strong> 11.6mm<\/li>\n<li><strong>Peso:<\/strong> 204g<\/li>\n<li><strong>Material:<\/strong> a\u00e7o inoxid\u00e1vel S.S.316<\/li>\n<li><strong>Minimum Breaking Strength (MBS):<\/strong> 60kN<\/li>\n<li><strong>Working Load Limit (Safety Factor: 5):<\/strong> 12kN<\/li>\n<\/ul>\n","protected":false},"excerpt":{"rendered":"<p>O nosso Shackle de 12mm, em a\u00e7o inoxid\u00e1vel, \u00e9 a melhor escolha para ancorar longlines, highlines, jumplines ou qualquer outra linha onde altas for\u00e7as possam ocorrer.<\/p>\n","protected":false},"featured_media":11906,"comment_status":"open","ping_status":"closed","template":"","meta":{"_acf_changed":false,"_joinchat":[]},"product_cat":[905,506,508],"product_tag":[552,555],"class_list":{"0":"post-11905","1":"product","2":"type-product","3":"status-publish","4":"has-post-thumbnail","6":"product_cat-ancoragem","7":"product_cat-conectores-de-slackline","8":"product_cat-shackles-para-slackline","9":"product_tag-highline","10":"product_tag-longline","11":"pa_brand-slacktivity-pt-pt","13":"first","14":"instock","15":"taxable","16":"shipping-taxable","17":"purchasable","18":"product-type-simple","swatches":"rey-swatches","show_selected":""},"acf":[],"yoast_head":"<!-- This site is optimized with the Yoast SEO plugin v27.5 - https:\/\/yoast.com\/product\/yoast-seo-wordpress\/ -->\n<title>Bow Shackle de 12mm - A\u00e7o Inoxid\u00e1vel | SLACKTIVITY Shop<\/title>\n<meta name=\"description\" content=\"O Bow Shackle de 12mm \u00e9 a escolha certa para ancorar slacklines onde altas for\u00e7as podem ocorrer e em que um conector de servi\u00e7o pesado \u00e9 necess\u00e1rio.\" \/>\n<meta name=\"robots\" content=\"index, follow, max-snippet:-1, max-image-preview:large, max-video-preview:-1\" \/>\n<link rel=\"canonical\" href=\"https:\/\/slacktivity.com\/pt-pt\/shop\/shackle-12mm\/\" \/>\n<meta property=\"og:locale\" content=\"pt_PT\" \/>\n<meta property=\"og:type\" content=\"article\" \/>\n<meta property=\"og:title\" content=\"Bow Shackle de 12mm - A\u00e7o Inoxid\u00e1vel | SLACKTIVITY Shop\" \/>\n<meta property=\"og:description\" content=\"O Bow Shackle de 12mm \u00e9 a escolha certa para ancorar slacklines onde altas for\u00e7as podem ocorrer e em que um conector de servi\u00e7o pesado \u00e9 necess\u00e1rio.\" \/>\n<meta property=\"og:url\" content=\"https:\/\/slacktivity.com\/pt-pt\/shop\/shackle-12mm\/\" \/>\n<meta property=\"og:site_name\" content=\"Slacktivity Slacklines International Shop\" \/>\n<meta property=\"article:publisher\" content=\"https:\/\/www.facebook.com\/SLACKTIVITY\/\" \/>\n<meta property=\"article:modified_time\" content=\"2024-07-18T08:17:58+00:00\" \/>\n<meta property=\"og:image\" content=\"https:\/\/slacktivity.com\/wp-content\/uploads\/2021\/02\/12mm-D-shackle-stainless-steel.jpg\" \/>\n\t<meta property=\"og:image:width\" content=\"1180\" \/>\n\t<meta property=\"og:image:height\" content=\"1377\" \/>\n\t<meta property=\"og:image:type\" content=\"image\/jpeg\" \/>\n<meta name=\"twitter:card\" content=\"summary_large_image\" \/>\n<script type=\"application\/ld+json\" class=\"yoast-schema-graph\">{\"@context\":\"https:\\\/\\\/schema.org\",\"@graph\":[{\"@type\":\"WebPage\",\"@id\":\"https:\\\/\\\/slacktivity.com\\\/pt-pt\\\/shop\\\/shackle-12mm\\\/\",\"url\":\"https:\\\/\\\/slacktivity.com\\\/pt-pt\\\/shop\\\/shackle-12mm\\\/\",\"name\":\"Bow Shackle de 12mm - A\u00e7o Inoxid\u00e1vel | SLACKTIVITY Shop\",\"isPartOf\":{\"@id\":\"https:\\\/\\\/slacktivity.com\\\/pt-pt\\\/#website\"},\"primaryImageOfPage\":{\"@id\":\"https:\\\/\\\/slacktivity.com\\\/pt-pt\\\/shop\\\/shackle-12mm\\\/#primaryimage\"},\"image\":{\"@id\":\"https:\\\/\\\/slacktivity.com\\\/pt-pt\\\/shop\\\/shackle-12mm\\\/#primaryimage\"},\"thumbnailUrl\":\"https:\\\/\\\/slacktivity.com\\\/wp-content\\\/uploads\\\/2021\\\/02\\\/12mm-D-shackle-stainless-steel.jpg\",\"datePublished\":\"2023-05-04T14:05:20+00:00\",\"dateModified\":\"2024-07-18T08:17:58+00:00\",\"description\":\"O Bow Shackle de 12mm \u00e9 a escolha certa para ancorar slacklines onde altas for\u00e7as podem ocorrer e em que um conector de servi\u00e7o pesado \u00e9 necess\u00e1rio.\",\"breadcrumb\":{\"@id\":\"https:\\\/\\\/slacktivity.com\\\/pt-pt\\\/shop\\\/shackle-12mm\\\/#breadcrumb\"},\"inLanguage\":\"pt-PT\",\"potentialAction\":[{\"@type\":\"ReadAction\",\"target\":[\"https:\\\/\\\/slacktivity.com\\\/pt-pt\\\/shop\\\/shackle-12mm\\\/\"]}]},{\"@type\":\"ImageObject\",\"inLanguage\":\"pt-PT\",\"@id\":\"https:\\\/\\\/slacktivity.com\\\/pt-pt\\\/shop\\\/shackle-12mm\\\/#primaryimage\",\"url\":\"https:\\\/\\\/slacktivity.com\\\/wp-content\\\/uploads\\\/2021\\\/02\\\/12mm-D-shackle-stainless-steel.jpg\",\"contentUrl\":\"https:\\\/\\\/slacktivity.com\\\/wp-content\\\/uploads\\\/2021\\\/02\\\/12mm-D-shackle-stainless-steel.jpg\",\"width\":1180,\"height\":1377},{\"@type\":\"BreadcrumbList\",\"@id\":\"https:\\\/\\\/slacktivity.com\\\/pt-pt\\\/shop\\\/shackle-12mm\\\/#breadcrumb\",\"itemListElement\":[{\"@type\":\"ListItem\",\"position\":1,\"name\":\"Home\",\"item\":\"https:\\\/\\\/slacktivity.com\\\/pt-pt\\\/\"},{\"@type\":\"ListItem\",\"position\":2,\"name\":\"loja\",\"item\":\"https:\\\/\\\/slacktivity.com\\\/pt-pt\\\/loja\\\/\"},{\"@type\":\"ListItem\",\"position\":3,\"name\":\"Shackle de 12mm\"}]},{\"@type\":\"WebSite\",\"@id\":\"https:\\\/\\\/slacktivity.com\\\/pt-pt\\\/#website\",\"url\":\"https:\\\/\\\/slacktivity.com\\\/pt-pt\\\/\",\"name\":\"Slacktivity Slacklines International Shop\",\"description\":\"Discover the innovative products of Slacktivity. Swiss designed premium slackline gear. Advice from our experts for the best and a safe slackline experience.\",\"publisher\":{\"@id\":\"https:\\\/\\\/slacktivity.com\\\/pt-pt\\\/#organization\"},\"potentialAction\":[{\"@type\":\"SearchAction\",\"target\":{\"@type\":\"EntryPoint\",\"urlTemplate\":\"https:\\\/\\\/slacktivity.com\\\/pt-pt\\\/?s={search_term_string}\"},\"query-input\":{\"@type\":\"PropertyValueSpecification\",\"valueRequired\":true,\"valueName\":\"search_term_string\"}}],\"inLanguage\":\"pt-PT\"},{\"@type\":\"Organization\",\"@id\":\"https:\\\/\\\/slacktivity.com\\\/pt-pt\\\/#organization\",\"name\":\"Slacktivity Slacklines\",\"url\":\"https:\\\/\\\/slacktivity.com\\\/pt-pt\\\/\",\"logo\":{\"@type\":\"ImageObject\",\"inLanguage\":\"pt-PT\",\"@id\":\"https:\\\/\\\/slacktivity.com\\\/pt-pt\\\/#\\\/schema\\\/logo\\\/image\\\/\",\"url\":\"https:\\\/\\\/slacktivity.com\\\/wp-content\\\/uploads\\\/2021\\\/01\\\/slacktivity-slackline-online-shop-1.png\",\"contentUrl\":\"https:\\\/\\\/slacktivity.com\\\/wp-content\\\/uploads\\\/2021\\\/01\\\/slacktivity-slackline-online-shop-1.png\",\"width\":200,\"height\":77,\"caption\":\"Slacktivity Slacklines\"},\"image\":{\"@id\":\"https:\\\/\\\/slacktivity.com\\\/pt-pt\\\/#\\\/schema\\\/logo\\\/image\\\/\"},\"sameAs\":[\"https:\\\/\\\/www.facebook.com\\\/SLACKTIVITY\\\/\",\"https:\\\/\\\/www.instagram.com\\\/slacktivity\\\/\"]}]}<\/script>\n<!-- \/ Yoast SEO plugin. -->","yoast_head_json":{"title":"Bow Shackle de 12mm - A\u00e7o Inoxid\u00e1vel | SLACKTIVITY Shop","description":"O Bow Shackle de 12mm \u00e9 a escolha certa para ancorar slacklines onde altas for\u00e7as podem ocorrer e em que um conector de servi\u00e7o pesado \u00e9 necess\u00e1rio.","robots":{"index":"index","follow":"follow","max-snippet":"max-snippet:-1","max-image-preview":"max-image-preview:large","max-video-preview":"max-video-preview:-1"},"canonical":"https:\/\/slacktivity.com\/pt-pt\/shop\/shackle-12mm\/","og_locale":"pt_PT","og_type":"article","og_title":"Bow Shackle de 12mm - A\u00e7o Inoxid\u00e1vel | SLACKTIVITY Shop","og_description":"O Bow Shackle de 12mm \u00e9 a escolha certa para ancorar slacklines onde altas for\u00e7as podem ocorrer e em que um conector de servi\u00e7o pesado \u00e9 necess\u00e1rio.","og_url":"https:\/\/slacktivity.com\/pt-pt\/shop\/shackle-12mm\/","og_site_name":"Slacktivity Slacklines International Shop","article_publisher":"https:\/\/www.facebook.com\/SLACKTIVITY\/","article_modified_time":"2024-07-18T08:17:58+00:00","og_image":[{"width":1180,"height":1377,"url":"https:\/\/slacktivity.com\/wp-content\/uploads\/2021\/02\/12mm-D-shackle-stainless-steel.jpg","type":"image\/jpeg"}],"twitter_card":"summary_large_image","schema":{"@context":"https:\/\/schema.org","@graph":[{"@type":"WebPage","@id":"https:\/\/slacktivity.com\/pt-pt\/shop\/shackle-12mm\/","url":"https:\/\/slacktivity.com\/pt-pt\/shop\/shackle-12mm\/","name":"Bow Shackle de 12mm - A\u00e7o Inoxid\u00e1vel | SLACKTIVITY Shop","isPartOf":{"@id":"https:\/\/slacktivity.com\/pt-pt\/#website"},"primaryImageOfPage":{"@id":"https:\/\/slacktivity.com\/pt-pt\/shop\/shackle-12mm\/#primaryimage"},"image":{"@id":"https:\/\/slacktivity.com\/pt-pt\/shop\/shackle-12mm\/#primaryimage"},"thumbnailUrl":"https:\/\/slacktivity.com\/wp-content\/uploads\/2021\/02\/12mm-D-shackle-stainless-steel.jpg","datePublished":"2023-05-04T14:05:20+00:00","dateModified":"2024-07-18T08:17:58+00:00","description":"O Bow Shackle de 12mm \u00e9 a escolha certa para ancorar slacklines onde altas for\u00e7as podem ocorrer e em que um conector de servi\u00e7o pesado \u00e9 necess\u00e1rio.","breadcrumb":{"@id":"https:\/\/slacktivity.com\/pt-pt\/shop\/shackle-12mm\/#breadcrumb"},"inLanguage":"pt-PT","potentialAction":[{"@type":"ReadAction","target":["https:\/\/slacktivity.com\/pt-pt\/shop\/shackle-12mm\/"]}]},{"@type":"ImageObject","inLanguage":"pt-PT","@id":"https:\/\/slacktivity.com\/pt-pt\/shop\/shackle-12mm\/#primaryimage","url":"https:\/\/slacktivity.com\/wp-content\/uploads\/2021\/02\/12mm-D-shackle-stainless-steel.jpg","contentUrl":"https:\/\/slacktivity.com\/wp-content\/uploads\/2021\/02\/12mm-D-shackle-stainless-steel.jpg","width":1180,"height":1377},{"@type":"BreadcrumbList","@id":"https:\/\/slacktivity.com\/pt-pt\/shop\/shackle-12mm\/#breadcrumb","itemListElement":[{"@type":"ListItem","position":1,"name":"Home","item":"https:\/\/slacktivity.com\/pt-pt\/"},{"@type":"ListItem","position":2,"name":"loja","item":"https:\/\/slacktivity.com\/pt-pt\/loja\/"},{"@type":"ListItem","position":3,"name":"Shackle de 12mm"}]},{"@type":"WebSite","@id":"https:\/\/slacktivity.com\/pt-pt\/#website","url":"https:\/\/slacktivity.com\/pt-pt\/","name":"Slacktivity Slacklines International Shop","description":"Discover the innovative products of Slacktivity. Swiss designed premium slackline gear. Advice from our experts for the best and a safe slackline experience.","publisher":{"@id":"https:\/\/slacktivity.com\/pt-pt\/#organization"},"potentialAction":[{"@type":"SearchAction","target":{"@type":"EntryPoint","urlTemplate":"https:\/\/slacktivity.com\/pt-pt\/?s={search_term_string}"},"query-input":{"@type":"PropertyValueSpecification","valueRequired":true,"valueName":"search_term_string"}}],"inLanguage":"pt-PT"},{"@type":"Organization","@id":"https:\/\/slacktivity.com\/pt-pt\/#organization","name":"Slacktivity Slacklines","url":"https:\/\/slacktivity.com\/pt-pt\/","logo":{"@type":"ImageObject","inLanguage":"pt-PT","@id":"https:\/\/slacktivity.com\/pt-pt\/#\/schema\/logo\/image\/","url":"https:\/\/slacktivity.com\/wp-content\/uploads\/2021\/01\/slacktivity-slackline-online-shop-1.png","contentUrl":"https:\/\/slacktivity.com\/wp-content\/uploads\/2021\/01\/slacktivity-slackline-online-shop-1.png","width":200,"height":77,"caption":"Slacktivity Slacklines"},"image":{"@id":"https:\/\/slacktivity.com\/pt-pt\/#\/schema\/logo\/image\/"},"sameAs":["https:\/\/www.facebook.com\/SLACKTIVITY\/","https:\/\/www.instagram.com\/slacktivity\/"]}]}},"_links":{"self":[{"href":"https:\/\/slacktivity.com\/pt-pt\/wp-json\/wp\/v2\/product\/11905","targetHints":{"allow":["GET"]}}],"collection":[{"href":"https:\/\/slacktivity.com\/pt-pt\/wp-json\/wp\/v2\/product"}],"about":[{"href":"https:\/\/slacktivity.com\/pt-pt\/wp-json\/wp\/v2\/types\/product"}],"replies":[{"embeddable":true,"href":"https:\/\/slacktivity.com\/pt-pt\/wp-json\/wp\/v2\/comments?post=11905"}],"wp:featuredmedia":[{"embeddable":true,"href":"https:\/\/slacktivity.com\/pt-pt\/wp-json\/wp\/v2\/media\/11906"}],"wp:attachment":[{"href":"https:\/\/slacktivity.com\/pt-pt\/wp-json\/wp\/v2\/media?parent=11905"}],"wp:term":[{"taxonomy":"product_cat","embeddable":true,"href":"https:\/\/slacktivity.com\/pt-pt\/wp-json\/wp\/v2\/product_cat?post=11905"},{"taxonomy":"product_tag","embeddable":true,"href":"https:\/\/slacktivity.com\/pt-pt\/wp-json\/wp\/v2\/product_tag?post=11905"}],"curies":[{"name":"wp","href":"https:\/\/api.w.org\/{rel}","templated":true}]}}