{"id":11907,"date":"2021-03-06T10:38:10","date_gmt":"2021-03-06T10:38:10","guid":{"rendered":"https:\/\/slacktivity.com\/shop\/t-grip-a-webbing-grip-tool\/"},"modified":"2025-10-17T14:24:07","modified_gmt":"2025-10-17T14:24:07","slug":"t-grip-webbing-grip-tool","status":"publish","type":"product","link":"https:\/\/slacktivity.com\/pt-pt\/shop\/t-grip-webbing-grip-tool\/","title":{"rendered":"T-Grip | A Webbing Grip Tool"},"content":{"rendered":"<h2>T-Grip: A Webbing Grip Tool da Slacktivity<\/h2>\n<p>O desenvolvimento de <strong>webbing grips<\/strong> Slacktivity come\u00e7ou em 2013 e \u00e9, portanto, um desenvolvimento de longo prazo da SLACKTIVITY. O foco foi encontrar uma nova borracha que n\u00e3o envelhe\u00e7a (tornando-se quebradi\u00e7a) com o tempo, uma remo\u00e7\u00e3o suficiente da dire\u00e7\u00e3o de tra\u00e7\u00e3o (para o <a href=\"https:\/\/slacktivity.com\/pt-pt\/category\/ancoragem-de-slackline\/weblocks-de-slackline\/\">weblock<\/a>) para o HangOverPulley e desenvolver um webbing grip possa ser facilmente ajustado. Em 2019, com o <strong>T-Grip<\/strong> cumprimos a miss\u00e3o!<\/p>\n<p>A fun\u00e7\u00e3o do T-Grip \u00e9 segurar\/prender a <a href=\"https:\/\/slacktivity.com\/pt-pt\/category\/linhas-de-slackline\/\">linha de slackline<\/a> (de poliamida ou poli\u00e9ster) e foi otimizado para ser usado num HangOverPulley.<\/p>\n<p>O T-Grip \u00e9 adequado a linhas de slackline <strong>com 1 a 5mm de espessura<\/strong> e <strong>larguras de 20 a 26mm<\/strong>. Consiste em componentes leves, de aircraft aluminum 7075 e 6061, de alta resist\u00eancia. O sling duplo Dyneema intercambi\u00e1vel protege o <a href=\"https:\/\/slacktivity.com\/pt-pt\/category\/pecas-de-tensionamento\/hangovers\/\">HangOver<\/a> pois n\u00e3o h\u00e1 atrito de metal contra metal. A diferen\u00e7a para todas as outras solu\u00e7\u00f5es no mercado reside, entre outras coisas, na borracha sint\u00e9tica particularmente dur\u00e1vel que n\u00e3o se torna quebradi\u00e7a com o tempo, como aquela que algumas das alternativas mais mais populares possuem.<\/p>\n<h3>Utiliza\u00e7\u00e3o do T-Grip<\/h3>\n<p>Para montar esta ferramenta, a parte inferior (parte preta) do T-Grip \u00e9 posicionada por baixo da linha de slackline. A parte superior do T-Grip (parte verde) \u00e9 colocada por cima, ficando a linha de slackline entre as duas partes, que se fixam um \u00e0 outra atrav\u00e9s de dois parafusos de cabe\u00e7a esf\u00e9rica que se encaixam facilmente. Fixados no slackline, os dois loops podem agora ser convenientemente colocados sobre os rolos de deflex\u00e3o na parte superior do T-grip. E na ordem inversa, o T-Grip \u00e9 removido do slackline novamente.<\/p>\n<h3>Especifica\u00e7\u00f5es do T-Grip<\/h3>\n<ul>\n<li><strong>Peso:<\/strong> 200g<\/li>\n<li><strong>Dimens\u00f5es LxHxW:<\/strong> 95x65x55mm<\/li>\n<li><strong>Borracha sint\u00e9tica especial<\/strong><\/li>\n<li><strong>Aprovado<\/strong> para uso nas nossas linhas de poli\u00e9ster ou nylon<\/li>\n<li><strong>breaking load:<\/strong> 22kN (UHWMPE loop)<\/li>\n<li><strong>WLL<\/strong>: 7kN<\/li>\n<\/ul>\n<h3>Destaques do T-Grip<\/h3>\n<ul>\n<li>Otimizado para ser reposicionado facilmente na linha e slackline (com HangOverPulley)<\/li>\n<li>Gra\u00e7as \u00e0 constru\u00e7\u00e3o envolvente, a linha de slackline n\u00e3o pode deslizar lateralmente<\/li>\n<li>A borracha sint\u00e9tica \u00e9 mais resistente que a borracha de grips anteriores<\/li>\n<li>Otimizado para uso com todas a vers\u00f5es do HangOverPulley ( 5: 1 e 15: 1 com a SoftRiggingPlate)<\/li>\n<\/ul>\n<p><strong>Nota sobre as condi\u00e7\u00f5es de opera\u00e7\u00e3o<\/strong><\/p>\n<p>Esta ferramenta s\u00f3 deve ser usada em condi\u00e7\u00f5es secas, em uma faixa de temperatura de -10 a 40 \u00b0 C. O T-Grip pode deslizar numa linha poli\u00e9ster molhada e particularmente lisa porque a \u00e1gua numa de slackline forma uma camada deslizante.<\/p>\n","protected":false},"excerpt":{"rendered":"<p>Webbing Grip com um design leve exclusivo, otimizado para ser usado com o HangOverPulley. O T-Grip \u00e9 mais f\u00e1cil de reposicionar do que qualquer outro webbing grip.<\/p>\n","protected":false},"featured_media":11908,"comment_status":"open","ping_status":"closed","template":"","meta":{"_acf_changed":false,"_joinchat":[]},"product_cat":[513,901,528],"product_tag":[552,555],"class_list":{"0":"post-11907","1":"product","2":"type-product","3":"status-publish","4":"has-post-thumbnail","6":"product_cat-equipamento-de-highline","7":"product_cat-slackline-grip","8":"product_cat-pecas-de-tensionamento","9":"product_tag-highline","10":"product_tag-longline","11":"pa_brand-slacktivity-pt-pt","13":"first","14":"outofstock","15":"taxable","16":"shipping-taxable","17":"purchasable","18":"product-type-simple","swatches":"rey-swatches","show_selected":""},"acf":[],"yoast_head":"<!-- This site is optimized with the Yoast SEO plugin v27.4 - https:\/\/yoast.com\/product\/yoast-seo-wordpress\/ -->\n<title>T-Grip: A Webbing Grip Tool | SLACKTIVITY Slackline Shop<\/title>\n<meta name=\"description\" content=\"O T-Grip \u00e9 uma webbing grip tool com uma borracha que n\u00e3o envelhece e um processo de reposicionamento simples, para tensionar slacklines de 20mm a 26mm de largura.\" \/>\n<meta name=\"robots\" content=\"index, follow, max-snippet:-1, max-image-preview:large, max-video-preview:-1\" \/>\n<link rel=\"canonical\" href=\"https:\/\/slacktivity.com\/pt-pt\/shop\/t-grip-webbing-grip-tool\/\" \/>\n<meta property=\"og:locale\" content=\"pt_PT\" \/>\n<meta property=\"og:type\" content=\"article\" \/>\n<meta property=\"og:title\" content=\"T-Grip: A Webbing Grip Tool | SLACKTIVITY Slackline Shop\" \/>\n<meta property=\"og:description\" content=\"O T-Grip \u00e9 uma webbing grip tool com uma borracha que n\u00e3o envelhece e um processo de reposicionamento simples, para tensionar slacklines de 20mm a 26mm de largura.\" \/>\n<meta property=\"og:url\" content=\"https:\/\/slacktivity.com\/pt-pt\/shop\/t-grip-webbing-grip-tool\/\" \/>\n<meta property=\"og:site_name\" content=\"Slacktivity Slacklines International Shop\" \/>\n<meta property=\"article:publisher\" content=\"https:\/\/www.facebook.com\/SLACKTIVITY\/\" \/>\n<meta property=\"article:modified_time\" content=\"2025-10-17T14:24:07+00:00\" \/>\n<meta property=\"og:image\" content=\"https:\/\/slacktivity.com\/wp-content\/uploads\/2021\/02\/t-grip-webbing-grip-tool.jpg\" \/>\n\t<meta property=\"og:image:width\" content=\"1180\" \/>\n\t<meta property=\"og:image:height\" content=\"1377\" \/>\n\t<meta property=\"og:image:type\" content=\"image\/jpeg\" \/>\n<meta name=\"twitter:card\" content=\"summary_large_image\" \/>\n<meta name=\"twitter:label1\" content=\"Tempo estimado de leitura\" \/>\n\t<meta name=\"twitter:data1\" content=\"2 minutos\" \/>\n<script type=\"application\/ld+json\" class=\"yoast-schema-graph\">{\"@context\":\"https:\\\/\\\/schema.org\",\"@graph\":[{\"@type\":\"WebPage\",\"@id\":\"https:\\\/\\\/slacktivity.com\\\/pt-pt\\\/shop\\\/t-grip-webbing-grip-tool\\\/\",\"url\":\"https:\\\/\\\/slacktivity.com\\\/pt-pt\\\/shop\\\/t-grip-webbing-grip-tool\\\/\",\"name\":\"T-Grip: A Webbing Grip Tool | SLACKTIVITY Slackline Shop\",\"isPartOf\":{\"@id\":\"https:\\\/\\\/slacktivity.com\\\/pt-pt\\\/#website\"},\"primaryImageOfPage\":{\"@id\":\"https:\\\/\\\/slacktivity.com\\\/pt-pt\\\/shop\\\/t-grip-webbing-grip-tool\\\/#primaryimage\"},\"image\":{\"@id\":\"https:\\\/\\\/slacktivity.com\\\/pt-pt\\\/shop\\\/t-grip-webbing-grip-tool\\\/#primaryimage\"},\"thumbnailUrl\":\"https:\\\/\\\/slacktivity.com\\\/wp-content\\\/uploads\\\/2021\\\/02\\\/t-grip-webbing-grip-tool.jpg\",\"datePublished\":\"2021-03-06T10:38:10+00:00\",\"dateModified\":\"2025-10-17T14:24:07+00:00\",\"description\":\"O T-Grip \u00e9 uma webbing grip tool com uma borracha que n\u00e3o envelhece e um processo de reposicionamento simples, para tensionar slacklines de 20mm a 26mm de largura.\",\"breadcrumb\":{\"@id\":\"https:\\\/\\\/slacktivity.com\\\/pt-pt\\\/shop\\\/t-grip-webbing-grip-tool\\\/#breadcrumb\"},\"inLanguage\":\"pt-PT\",\"potentialAction\":[{\"@type\":\"ReadAction\",\"target\":[\"https:\\\/\\\/slacktivity.com\\\/pt-pt\\\/shop\\\/t-grip-webbing-grip-tool\\\/\"]}]},{\"@type\":\"ImageObject\",\"inLanguage\":\"pt-PT\",\"@id\":\"https:\\\/\\\/slacktivity.com\\\/pt-pt\\\/shop\\\/t-grip-webbing-grip-tool\\\/#primaryimage\",\"url\":\"https:\\\/\\\/slacktivity.com\\\/wp-content\\\/uploads\\\/2021\\\/02\\\/t-grip-webbing-grip-tool.jpg\",\"contentUrl\":\"https:\\\/\\\/slacktivity.com\\\/wp-content\\\/uploads\\\/2021\\\/02\\\/t-grip-webbing-grip-tool.jpg\",\"width\":1180,\"height\":1377},{\"@type\":\"BreadcrumbList\",\"@id\":\"https:\\\/\\\/slacktivity.com\\\/pt-pt\\\/shop\\\/t-grip-webbing-grip-tool\\\/#breadcrumb\",\"itemListElement\":[{\"@type\":\"ListItem\",\"position\":1,\"name\":\"Home\",\"item\":\"https:\\\/\\\/slacktivity.com\\\/pt-pt\\\/\"},{\"@type\":\"ListItem\",\"position\":2,\"name\":\"loja\",\"item\":\"https:\\\/\\\/slacktivity.com\\\/pt-pt\\\/loja\\\/\"},{\"@type\":\"ListItem\",\"position\":3,\"name\":\"T-Grip | A Webbing Grip Tool\"}]},{\"@type\":\"WebSite\",\"@id\":\"https:\\\/\\\/slacktivity.com\\\/pt-pt\\\/#website\",\"url\":\"https:\\\/\\\/slacktivity.com\\\/pt-pt\\\/\",\"name\":\"Slacktivity Slacklines International Shop\",\"description\":\"Discover the innovative products of Slacktivity. Swiss designed premium slackline gear. Advice from our experts for the best and a safe slackline experience.\",\"publisher\":{\"@id\":\"https:\\\/\\\/slacktivity.com\\\/pt-pt\\\/#organization\"},\"potentialAction\":[{\"@type\":\"SearchAction\",\"target\":{\"@type\":\"EntryPoint\",\"urlTemplate\":\"https:\\\/\\\/slacktivity.com\\\/pt-pt\\\/?s={search_term_string}\"},\"query-input\":{\"@type\":\"PropertyValueSpecification\",\"valueRequired\":true,\"valueName\":\"search_term_string\"}}],\"inLanguage\":\"pt-PT\"},{\"@type\":\"Organization\",\"@id\":\"https:\\\/\\\/slacktivity.com\\\/pt-pt\\\/#organization\",\"name\":\"Slacktivity Slacklines\",\"url\":\"https:\\\/\\\/slacktivity.com\\\/pt-pt\\\/\",\"logo\":{\"@type\":\"ImageObject\",\"inLanguage\":\"pt-PT\",\"@id\":\"https:\\\/\\\/slacktivity.com\\\/pt-pt\\\/#\\\/schema\\\/logo\\\/image\\\/\",\"url\":\"https:\\\/\\\/slacktivity.com\\\/wp-content\\\/uploads\\\/2021\\\/01\\\/slacktivity-slackline-online-shop-1.png\",\"contentUrl\":\"https:\\\/\\\/slacktivity.com\\\/wp-content\\\/uploads\\\/2021\\\/01\\\/slacktivity-slackline-online-shop-1.png\",\"width\":200,\"height\":77,\"caption\":\"Slacktivity Slacklines\"},\"image\":{\"@id\":\"https:\\\/\\\/slacktivity.com\\\/pt-pt\\\/#\\\/schema\\\/logo\\\/image\\\/\"},\"sameAs\":[\"https:\\\/\\\/www.facebook.com\\\/SLACKTIVITY\\\/\",\"https:\\\/\\\/www.instagram.com\\\/slacktivity\\\/\"]}]}<\/script>\n<!-- \/ Yoast SEO plugin. -->","yoast_head_json":{"title":"T-Grip: A Webbing Grip Tool | SLACKTIVITY Slackline Shop","description":"O T-Grip \u00e9 uma webbing grip tool com uma borracha que n\u00e3o envelhece e um processo de reposicionamento simples, para tensionar slacklines de 20mm a 26mm de largura.","robots":{"index":"index","follow":"follow","max-snippet":"max-snippet:-1","max-image-preview":"max-image-preview:large","max-video-preview":"max-video-preview:-1"},"canonical":"https:\/\/slacktivity.com\/pt-pt\/shop\/t-grip-webbing-grip-tool\/","og_locale":"pt_PT","og_type":"article","og_title":"T-Grip: A Webbing Grip Tool | SLACKTIVITY Slackline Shop","og_description":"O T-Grip \u00e9 uma webbing grip tool com uma borracha que n\u00e3o envelhece e um processo de reposicionamento simples, para tensionar slacklines de 20mm a 26mm de largura.","og_url":"https:\/\/slacktivity.com\/pt-pt\/shop\/t-grip-webbing-grip-tool\/","og_site_name":"Slacktivity Slacklines International Shop","article_publisher":"https:\/\/www.facebook.com\/SLACKTIVITY\/","article_modified_time":"2025-10-17T14:24:07+00:00","og_image":[{"width":1180,"height":1377,"url":"https:\/\/slacktivity.com\/wp-content\/uploads\/2021\/02\/t-grip-webbing-grip-tool.jpg","type":"image\/jpeg"}],"twitter_card":"summary_large_image","twitter_misc":{"Tempo estimado de leitura":"2 minutos"},"schema":{"@context":"https:\/\/schema.org","@graph":[{"@type":"WebPage","@id":"https:\/\/slacktivity.com\/pt-pt\/shop\/t-grip-webbing-grip-tool\/","url":"https:\/\/slacktivity.com\/pt-pt\/shop\/t-grip-webbing-grip-tool\/","name":"T-Grip: A Webbing Grip Tool | SLACKTIVITY Slackline Shop","isPartOf":{"@id":"https:\/\/slacktivity.com\/pt-pt\/#website"},"primaryImageOfPage":{"@id":"https:\/\/slacktivity.com\/pt-pt\/shop\/t-grip-webbing-grip-tool\/#primaryimage"},"image":{"@id":"https:\/\/slacktivity.com\/pt-pt\/shop\/t-grip-webbing-grip-tool\/#primaryimage"},"thumbnailUrl":"https:\/\/slacktivity.com\/wp-content\/uploads\/2021\/02\/t-grip-webbing-grip-tool.jpg","datePublished":"2021-03-06T10:38:10+00:00","dateModified":"2025-10-17T14:24:07+00:00","description":"O T-Grip \u00e9 uma webbing grip tool com uma borracha que n\u00e3o envelhece e um processo de reposicionamento simples, para tensionar slacklines de 20mm a 26mm de largura.","breadcrumb":{"@id":"https:\/\/slacktivity.com\/pt-pt\/shop\/t-grip-webbing-grip-tool\/#breadcrumb"},"inLanguage":"pt-PT","potentialAction":[{"@type":"ReadAction","target":["https:\/\/slacktivity.com\/pt-pt\/shop\/t-grip-webbing-grip-tool\/"]}]},{"@type":"ImageObject","inLanguage":"pt-PT","@id":"https:\/\/slacktivity.com\/pt-pt\/shop\/t-grip-webbing-grip-tool\/#primaryimage","url":"https:\/\/slacktivity.com\/wp-content\/uploads\/2021\/02\/t-grip-webbing-grip-tool.jpg","contentUrl":"https:\/\/slacktivity.com\/wp-content\/uploads\/2021\/02\/t-grip-webbing-grip-tool.jpg","width":1180,"height":1377},{"@type":"BreadcrumbList","@id":"https:\/\/slacktivity.com\/pt-pt\/shop\/t-grip-webbing-grip-tool\/#breadcrumb","itemListElement":[{"@type":"ListItem","position":1,"name":"Home","item":"https:\/\/slacktivity.com\/pt-pt\/"},{"@type":"ListItem","position":2,"name":"loja","item":"https:\/\/slacktivity.com\/pt-pt\/loja\/"},{"@type":"ListItem","position":3,"name":"T-Grip | A Webbing Grip Tool"}]},{"@type":"WebSite","@id":"https:\/\/slacktivity.com\/pt-pt\/#website","url":"https:\/\/slacktivity.com\/pt-pt\/","name":"Slacktivity Slacklines International Shop","description":"Discover the innovative products of Slacktivity. Swiss designed premium slackline gear. Advice from our experts for the best and a safe slackline experience.","publisher":{"@id":"https:\/\/slacktivity.com\/pt-pt\/#organization"},"potentialAction":[{"@type":"SearchAction","target":{"@type":"EntryPoint","urlTemplate":"https:\/\/slacktivity.com\/pt-pt\/?s={search_term_string}"},"query-input":{"@type":"PropertyValueSpecification","valueRequired":true,"valueName":"search_term_string"}}],"inLanguage":"pt-PT"},{"@type":"Organization","@id":"https:\/\/slacktivity.com\/pt-pt\/#organization","name":"Slacktivity Slacklines","url":"https:\/\/slacktivity.com\/pt-pt\/","logo":{"@type":"ImageObject","inLanguage":"pt-PT","@id":"https:\/\/slacktivity.com\/pt-pt\/#\/schema\/logo\/image\/","url":"https:\/\/slacktivity.com\/wp-content\/uploads\/2021\/01\/slacktivity-slackline-online-shop-1.png","contentUrl":"https:\/\/slacktivity.com\/wp-content\/uploads\/2021\/01\/slacktivity-slackline-online-shop-1.png","width":200,"height":77,"caption":"Slacktivity Slacklines"},"image":{"@id":"https:\/\/slacktivity.com\/pt-pt\/#\/schema\/logo\/image\/"},"sameAs":["https:\/\/www.facebook.com\/SLACKTIVITY\/","https:\/\/www.instagram.com\/slacktivity\/"]}]}},"_links":{"self":[{"href":"https:\/\/slacktivity.com\/pt-pt\/wp-json\/wp\/v2\/product\/11907","targetHints":{"allow":["GET"]}}],"collection":[{"href":"https:\/\/slacktivity.com\/pt-pt\/wp-json\/wp\/v2\/product"}],"about":[{"href":"https:\/\/slacktivity.com\/pt-pt\/wp-json\/wp\/v2\/types\/product"}],"replies":[{"embeddable":true,"href":"https:\/\/slacktivity.com\/pt-pt\/wp-json\/wp\/v2\/comments?post=11907"}],"wp:featuredmedia":[{"embeddable":true,"href":"https:\/\/slacktivity.com\/pt-pt\/wp-json\/wp\/v2\/media\/11908"}],"wp:attachment":[{"href":"https:\/\/slacktivity.com\/pt-pt\/wp-json\/wp\/v2\/media?parent=11907"}],"wp:term":[{"taxonomy":"product_cat","embeddable":true,"href":"https:\/\/slacktivity.com\/pt-pt\/wp-json\/wp\/v2\/product_cat?post=11907"},{"taxonomy":"product_tag","embeddable":true,"href":"https:\/\/slacktivity.com\/pt-pt\/wp-json\/wp\/v2\/product_tag?post=11907"}],"curies":[{"name":"wp","href":"https:\/\/api.w.org\/{rel}","templated":true}]}}