{"id":11913,"date":"2023-05-03T14:38:16","date_gmt":"2023-05-03T14:38:16","guid":{"rendered":"https:\/\/slacktivity.com\/shop\/highline-ring\/"},"modified":"2024-02-26T13:09:14","modified_gmt":"2024-02-26T13:09:14","slug":"highline-ring","status":"publish","type":"product","link":"https:\/\/slacktivity.com\/pt-pt\/shop\/highline-ring\/","title":{"rendered":"Highline Ring"},"content":{"rendered":"<h2>Highline Ring <img decoding=\"async\" class=\"size-full wp-image-4442 alignleft no-lazyload\" src=\"https:\/\/slacktivity.com\/wp-content\/uploads\/2021\/02\/isa-approved-highline-leash.png\" alt=\"ISA highline ring and leash Certification Logo\" width=\"55\" height=\"55\"><\/h2>\n<p>Cada <strong>Highline Ring<\/strong> \u00e9 testado em pr\u00e9-carga para 6kN e certificado e aprovado pela <a href=\"https:\/\/slacktivity.com\/pt-pt\/tag\/equipamento-certificado-pela-isa\/\">International Slackline Association<\/a> (<a href=\"https:\/\/www.slacklineinternational.org\/safety-labels\/?gclid=CjwKCAjw7J6EBhBDEiwA5UUM2onbOUmSgCOpQRbZyLdZcF-NoFSdASxEeo2cIWkhDMslpezq8jV8ZBoCWV8QAvD_BwE\" target=\"_blank\" rel=\"noopener\">ISA:37<\/a>). O anel \u00e9 leve, forte e tem uma superf\u00edcie muito lisa para evitar qualquer dano na linha de slackline, leash ou corpo.<\/p>\n<h3>Especif\u00edca\u00e7\u00f5es<\/h3>\n<ul>\n<li><strong>Peso:<\/strong> 51g<\/li>\n<li><strong>Di\u00e2metro exterior:<\/strong> 80mm<\/li>\n<li><strong>Di\u00e2metro interior:<\/strong> 60mm<\/li>\n<li><strong>Espessura do anel:<\/strong> 10mm<\/li>\n<li>Fabricado em alum\u00ednio anodizado forjado a quente 6061-T6<\/li>\n<li><strong>Minimum Breaking Strength (MBS):<\/strong> 39kN<\/li>\n<\/ul>\n<h3>Destaques do Highline Ring<\/h3>\n<ul>\n<li>Muito mais leve que os an\u00e9is de a\u00e7o, o que reduz o risco de ferimentos ao cair sobre estes<\/li>\n<li>Anel grande, que garante que o anel passe facilmente sobre a linha e o backup.<\/li>\n<\/ul>\n<p><strong>Padding:<\/strong> usar o leash ring padding, desenvolvido pelo Tijman VD, protege de impactos mais fortes. Pode ser <a href=\"https:\/\/slacktivity.com\/shop\/highline-leash-ring-padding\/\">comprado<\/a> ou pode ser impresso numa impressora 3D. Fa\u00e7a o download dos ficheiros na p\u00e1gina do <a href=\"https:\/\/slacktivity.com\/shop\/highline-leash-ring-padding\/\">Leash Ring Padding<\/a>.<\/p>\n<p><b>Dica<\/b>: Se se gosta de usar dois an\u00e9is e n\u00e3o se tem padding &#8211; deve-se prender os anis (dois an\u00e9is deslizam um pouco mais facilmente sobre as linhas de <a href=\"\/shop\/?product-cato=432\">highline<\/a>).<\/p>\n<p><strong>Antes de usar este equipamento, dever\u00e1 ler e perceber as instru\u00e7\u00f5es do seu uso. Verifique o manual (PDF) na separador de manuais.<\/strong><\/p>\n","protected":false},"excerpt":{"rendered":"<p>Highline Ring leve, feito de alum\u00ednio anodizado forjado a quente 6061-T6, certificado e aprovado pela International Slackline Association &#8211; ISA.<\/p>\n","protected":false},"featured_media":13009,"comment_status":"open","ping_status":"closed","template":"","meta":{"_acf_changed":false,"_joinchat":[]},"product_cat":[514,513],"product_tag":[553,552],"class_list":{"0":"post-11913","1":"product","2":"type-product","3":"status-publish","4":"has-post-thumbnail","6":"product_cat-certificado-pela-isa","7":"product_cat-equipamento-de-highline","8":"product_tag-equipamento-certificado-pela-isa","9":"product_tag-highline","10":"pa_brand-slacktivity-pt-pt","12":"first","13":"instock","14":"taxable","15":"shipping-taxable","16":"purchasable","17":"product-type-variable","swatches":"rey-swatches","show_selected":""},"acf":[],"yoast_head":"<!-- This site is optimized with the Yoast SEO plugin v27.4 - https:\/\/yoast.com\/product\/yoast-seo-wordpress\/ -->\n<title>Highline Ring - Certificado pela ISA | SLACKTIVITY Shop<\/title>\n<meta name=\"description\" content=\"Highline Ring leve, feito de alum\u00ednio anodizado forjado a quente 6061-T6, certificado e aprovado pela International Slackline Association.\" \/>\n<meta name=\"robots\" content=\"index, follow, max-snippet:-1, max-image-preview:large, max-video-preview:-1\" \/>\n<link rel=\"canonical\" href=\"https:\/\/slacktivity.com\/pt-pt\/shop\/highline-ring\/\" \/>\n<meta property=\"og:locale\" content=\"pt_PT\" \/>\n<meta property=\"og:type\" content=\"article\" \/>\n<meta property=\"og:title\" content=\"Highline Ring - Certificado pela ISA | SLACKTIVITY Shop\" \/>\n<meta property=\"og:description\" content=\"Highline Ring leve, feito de alum\u00ednio anodizado forjado a quente 6061-T6, certificado e aprovado pela International Slackline Association.\" \/>\n<meta property=\"og:url\" content=\"https:\/\/slacktivity.com\/pt-pt\/shop\/highline-ring\/\" \/>\n<meta property=\"og:site_name\" content=\"Slacktivity Slacklines International Shop\" \/>\n<meta property=\"article:publisher\" content=\"https:\/\/www.facebook.com\/SLACKTIVITY\/\" \/>\n<meta property=\"article:modified_time\" content=\"2024-02-26T13:09:14+00:00\" \/>\n<meta property=\"og:image\" content=\"https:\/\/slacktivity.com\/wp-content\/uploads\/2021\/03\/highline-ring-slacktivity.jpg\" \/>\n\t<meta property=\"og:image:width\" content=\"1180\" \/>\n\t<meta property=\"og:image:height\" content=\"1377\" \/>\n\t<meta property=\"og:image:type\" content=\"image\/jpeg\" \/>\n<meta name=\"twitter:card\" content=\"summary_large_image\" \/>\n<meta name=\"twitter:label1\" content=\"Tempo estimado de leitura\" \/>\n\t<meta name=\"twitter:data1\" content=\"1 minuto\" \/>\n<script type=\"application\/ld+json\" class=\"yoast-schema-graph\">{\"@context\":\"https:\\\/\\\/schema.org\",\"@graph\":[{\"@type\":\"WebPage\",\"@id\":\"https:\\\/\\\/slacktivity.com\\\/pt-pt\\\/shop\\\/highline-ring\\\/\",\"url\":\"https:\\\/\\\/slacktivity.com\\\/pt-pt\\\/shop\\\/highline-ring\\\/\",\"name\":\"Highline Ring - Certificado pela ISA | SLACKTIVITY Shop\",\"isPartOf\":{\"@id\":\"https:\\\/\\\/slacktivity.com\\\/pt-pt\\\/#website\"},\"primaryImageOfPage\":{\"@id\":\"https:\\\/\\\/slacktivity.com\\\/pt-pt\\\/shop\\\/highline-ring\\\/#primaryimage\"},\"image\":{\"@id\":\"https:\\\/\\\/slacktivity.com\\\/pt-pt\\\/shop\\\/highline-ring\\\/#primaryimage\"},\"thumbnailUrl\":\"https:\\\/\\\/slacktivity.com\\\/wp-content\\\/uploads\\\/2023\\\/05\\\/certified-highlining-ring.jpg\",\"datePublished\":\"2023-05-03T14:38:16+00:00\",\"dateModified\":\"2024-02-26T13:09:14+00:00\",\"description\":\"Highline Ring leve, feito de alum\u00ednio anodizado forjado a quente 6061-T6, certificado e aprovado pela International Slackline Association.\",\"breadcrumb\":{\"@id\":\"https:\\\/\\\/slacktivity.com\\\/pt-pt\\\/shop\\\/highline-ring\\\/#breadcrumb\"},\"inLanguage\":\"pt-PT\",\"potentialAction\":[{\"@type\":\"ReadAction\",\"target\":[\"https:\\\/\\\/slacktivity.com\\\/pt-pt\\\/shop\\\/highline-ring\\\/\"]}]},{\"@type\":\"ImageObject\",\"inLanguage\":\"pt-PT\",\"@id\":\"https:\\\/\\\/slacktivity.com\\\/pt-pt\\\/shop\\\/highline-ring\\\/#primaryimage\",\"url\":\"https:\\\/\\\/slacktivity.com\\\/wp-content\\\/uploads\\\/2023\\\/05\\\/certified-highlining-ring.jpg\",\"contentUrl\":\"https:\\\/\\\/slacktivity.com\\\/wp-content\\\/uploads\\\/2023\\\/05\\\/certified-highlining-ring.jpg\",\"width\":1180,\"height\":1377,\"caption\":\"certified highlining ring\"},{\"@type\":\"BreadcrumbList\",\"@id\":\"https:\\\/\\\/slacktivity.com\\\/pt-pt\\\/shop\\\/highline-ring\\\/#breadcrumb\",\"itemListElement\":[{\"@type\":\"ListItem\",\"position\":1,\"name\":\"Home\",\"item\":\"https:\\\/\\\/slacktivity.com\\\/pt-pt\\\/\"},{\"@type\":\"ListItem\",\"position\":2,\"name\":\"loja\",\"item\":\"https:\\\/\\\/slacktivity.com\\\/pt-pt\\\/loja\\\/\"},{\"@type\":\"ListItem\",\"position\":3,\"name\":\"Highline Ring\"}]},{\"@type\":\"WebSite\",\"@id\":\"https:\\\/\\\/slacktivity.com\\\/pt-pt\\\/#website\",\"url\":\"https:\\\/\\\/slacktivity.com\\\/pt-pt\\\/\",\"name\":\"Slacktivity Slacklines International Shop\",\"description\":\"Discover the innovative products of Slacktivity. Swiss designed premium slackline gear. Advice from our experts for the best and a safe slackline experience.\",\"publisher\":{\"@id\":\"https:\\\/\\\/slacktivity.com\\\/pt-pt\\\/#organization\"},\"potentialAction\":[{\"@type\":\"SearchAction\",\"target\":{\"@type\":\"EntryPoint\",\"urlTemplate\":\"https:\\\/\\\/slacktivity.com\\\/pt-pt\\\/?s={search_term_string}\"},\"query-input\":{\"@type\":\"PropertyValueSpecification\",\"valueRequired\":true,\"valueName\":\"search_term_string\"}}],\"inLanguage\":\"pt-PT\"},{\"@type\":\"Organization\",\"@id\":\"https:\\\/\\\/slacktivity.com\\\/pt-pt\\\/#organization\",\"name\":\"Slacktivity Slacklines\",\"url\":\"https:\\\/\\\/slacktivity.com\\\/pt-pt\\\/\",\"logo\":{\"@type\":\"ImageObject\",\"inLanguage\":\"pt-PT\",\"@id\":\"https:\\\/\\\/slacktivity.com\\\/pt-pt\\\/#\\\/schema\\\/logo\\\/image\\\/\",\"url\":\"https:\\\/\\\/slacktivity.com\\\/wp-content\\\/uploads\\\/2021\\\/01\\\/slacktivity-slackline-online-shop-1.png\",\"contentUrl\":\"https:\\\/\\\/slacktivity.com\\\/wp-content\\\/uploads\\\/2021\\\/01\\\/slacktivity-slackline-online-shop-1.png\",\"width\":200,\"height\":77,\"caption\":\"Slacktivity Slacklines\"},\"image\":{\"@id\":\"https:\\\/\\\/slacktivity.com\\\/pt-pt\\\/#\\\/schema\\\/logo\\\/image\\\/\"},\"sameAs\":[\"https:\\\/\\\/www.facebook.com\\\/SLACKTIVITY\\\/\",\"https:\\\/\\\/www.instagram.com\\\/slacktivity\\\/\"]}]}<\/script>\n<!-- \/ Yoast SEO plugin. -->","yoast_head_json":{"title":"Highline Ring - Certificado pela ISA | SLACKTIVITY Shop","description":"Highline Ring leve, feito de alum\u00ednio anodizado forjado a quente 6061-T6, certificado e aprovado pela International Slackline Association.","robots":{"index":"index","follow":"follow","max-snippet":"max-snippet:-1","max-image-preview":"max-image-preview:large","max-video-preview":"max-video-preview:-1"},"canonical":"https:\/\/slacktivity.com\/pt-pt\/shop\/highline-ring\/","og_locale":"pt_PT","og_type":"article","og_title":"Highline Ring - Certificado pela ISA | SLACKTIVITY Shop","og_description":"Highline Ring leve, feito de alum\u00ednio anodizado forjado a quente 6061-T6, certificado e aprovado pela International Slackline Association.","og_url":"https:\/\/slacktivity.com\/pt-pt\/shop\/highline-ring\/","og_site_name":"Slacktivity Slacklines International Shop","article_publisher":"https:\/\/www.facebook.com\/SLACKTIVITY\/","article_modified_time":"2024-02-26T13:09:14+00:00","og_image":[{"width":1180,"height":1377,"url":"https:\/\/slacktivity.com\/wp-content\/uploads\/2021\/03\/highline-ring-slacktivity.jpg","type":"image\/jpeg"}],"twitter_card":"summary_large_image","twitter_misc":{"Tempo estimado de leitura":"1 minuto"},"schema":{"@context":"https:\/\/schema.org","@graph":[{"@type":"WebPage","@id":"https:\/\/slacktivity.com\/pt-pt\/shop\/highline-ring\/","url":"https:\/\/slacktivity.com\/pt-pt\/shop\/highline-ring\/","name":"Highline Ring - Certificado pela ISA | SLACKTIVITY Shop","isPartOf":{"@id":"https:\/\/slacktivity.com\/pt-pt\/#website"},"primaryImageOfPage":{"@id":"https:\/\/slacktivity.com\/pt-pt\/shop\/highline-ring\/#primaryimage"},"image":{"@id":"https:\/\/slacktivity.com\/pt-pt\/shop\/highline-ring\/#primaryimage"},"thumbnailUrl":"https:\/\/slacktivity.com\/wp-content\/uploads\/2023\/05\/certified-highlining-ring.jpg","datePublished":"2023-05-03T14:38:16+00:00","dateModified":"2024-02-26T13:09:14+00:00","description":"Highline Ring leve, feito de alum\u00ednio anodizado forjado a quente 6061-T6, certificado e aprovado pela International Slackline Association.","breadcrumb":{"@id":"https:\/\/slacktivity.com\/pt-pt\/shop\/highline-ring\/#breadcrumb"},"inLanguage":"pt-PT","potentialAction":[{"@type":"ReadAction","target":["https:\/\/slacktivity.com\/pt-pt\/shop\/highline-ring\/"]}]},{"@type":"ImageObject","inLanguage":"pt-PT","@id":"https:\/\/slacktivity.com\/pt-pt\/shop\/highline-ring\/#primaryimage","url":"https:\/\/slacktivity.com\/wp-content\/uploads\/2023\/05\/certified-highlining-ring.jpg","contentUrl":"https:\/\/slacktivity.com\/wp-content\/uploads\/2023\/05\/certified-highlining-ring.jpg","width":1180,"height":1377,"caption":"certified highlining ring"},{"@type":"BreadcrumbList","@id":"https:\/\/slacktivity.com\/pt-pt\/shop\/highline-ring\/#breadcrumb","itemListElement":[{"@type":"ListItem","position":1,"name":"Home","item":"https:\/\/slacktivity.com\/pt-pt\/"},{"@type":"ListItem","position":2,"name":"loja","item":"https:\/\/slacktivity.com\/pt-pt\/loja\/"},{"@type":"ListItem","position":3,"name":"Highline Ring"}]},{"@type":"WebSite","@id":"https:\/\/slacktivity.com\/pt-pt\/#website","url":"https:\/\/slacktivity.com\/pt-pt\/","name":"Slacktivity Slacklines International Shop","description":"Discover the innovative products of Slacktivity. Swiss designed premium slackline gear. Advice from our experts for the best and a safe slackline experience.","publisher":{"@id":"https:\/\/slacktivity.com\/pt-pt\/#organization"},"potentialAction":[{"@type":"SearchAction","target":{"@type":"EntryPoint","urlTemplate":"https:\/\/slacktivity.com\/pt-pt\/?s={search_term_string}"},"query-input":{"@type":"PropertyValueSpecification","valueRequired":true,"valueName":"search_term_string"}}],"inLanguage":"pt-PT"},{"@type":"Organization","@id":"https:\/\/slacktivity.com\/pt-pt\/#organization","name":"Slacktivity Slacklines","url":"https:\/\/slacktivity.com\/pt-pt\/","logo":{"@type":"ImageObject","inLanguage":"pt-PT","@id":"https:\/\/slacktivity.com\/pt-pt\/#\/schema\/logo\/image\/","url":"https:\/\/slacktivity.com\/wp-content\/uploads\/2021\/01\/slacktivity-slackline-online-shop-1.png","contentUrl":"https:\/\/slacktivity.com\/wp-content\/uploads\/2021\/01\/slacktivity-slackline-online-shop-1.png","width":200,"height":77,"caption":"Slacktivity Slacklines"},"image":{"@id":"https:\/\/slacktivity.com\/pt-pt\/#\/schema\/logo\/image\/"},"sameAs":["https:\/\/www.facebook.com\/SLACKTIVITY\/","https:\/\/www.instagram.com\/slacktivity\/"]}]}},"_links":{"self":[{"href":"https:\/\/slacktivity.com\/pt-pt\/wp-json\/wp\/v2\/product\/11913","targetHints":{"allow":["GET"]}}],"collection":[{"href":"https:\/\/slacktivity.com\/pt-pt\/wp-json\/wp\/v2\/product"}],"about":[{"href":"https:\/\/slacktivity.com\/pt-pt\/wp-json\/wp\/v2\/types\/product"}],"replies":[{"embeddable":true,"href":"https:\/\/slacktivity.com\/pt-pt\/wp-json\/wp\/v2\/comments?post=11913"}],"wp:featuredmedia":[{"embeddable":true,"href":"https:\/\/slacktivity.com\/pt-pt\/wp-json\/wp\/v2\/media\/13009"}],"wp:attachment":[{"href":"https:\/\/slacktivity.com\/pt-pt\/wp-json\/wp\/v2\/media?parent=11913"}],"wp:term":[{"taxonomy":"product_cat","embeddable":true,"href":"https:\/\/slacktivity.com\/pt-pt\/wp-json\/wp\/v2\/product_cat?post=11913"},{"taxonomy":"product_tag","embeddable":true,"href":"https:\/\/slacktivity.com\/pt-pt\/wp-json\/wp\/v2\/product_tag?post=11913"}],"curies":[{"name":"wp","href":"https:\/\/api.w.org\/{rel}","templated":true}]}}