{"id":11918,"date":"2021-03-05T13:38:05","date_gmt":"2023-05-04T14:49:40","guid":{"rendered":"https:\/\/slacktivity.com\/shop\/chainlock-linelocker-de-slackline\/"},"modified":"2024-02-19T11:16:37","modified_gmt":"2024-02-19T11:16:37","slug":"chainlock-linelocker-de-slackline","status":"publish","type":"product","link":"https:\/\/slacktivity.com\/pt-pt\/shop\/chainlock-linelocker-de-slackline\/","title":{"rendered":"ChainLock | Linelocker de Slackline"},"content":{"rendered":"<h2>Linelocker de slackline, simples e f\u00e1cil de usar<\/h2>\n<p>Forjado e anodizado em verde. Ideal para ser usado num sistema Primitivo\/Ellington, o <strong>Chainlock<\/strong>, em combina\u00e7\u00e3o com um shackle ou mosquet\u00e3o, funciona como um <strong>linelocker de slackline (n\u00e3o \u00e9 recomendado para highline)<\/strong> ou como um conex\u00e3o simples para usar um <a href=\"https:\/\/slacktivity.com\/shop\/hangover-royal-pulley-carabiner\/\">HangOver<\/a> como multiplicador.<\/p>\n<p><strong>Nota<\/strong>: com este linelocker n\u00e3o \u00e9 poss\u00edvel <strong>pr\u00e9-tensionar<\/strong>. <\/p>\n<ul>\n<li><strong>Minimal Breaking Strength:<\/strong> 30kN<\/li>\n<li><strong>WLL: <\/strong>6kN<\/li>\n<li><strong>Dimens\u00f5es exteriores<\/strong>:L=50mm, W=35mm<\/li>\n<li><strong>Dimens\u00f5es interiores<\/strong>: L=30mm, W=15mm<\/li>\n<li><strong>Desenvolvido para linhas de 25mm<\/strong><\/li>\n<li><strong>Alum\u00ednio forjado 7075-T6, anodizado verde<\/strong><\/li>\n<li><strong>Peso: <\/strong>23g<\/li>\n<\/ul>\n<p><strong>Nota:<\/strong> um Chainlock pode ser usado para fixar linhas apenas em sistemas de baixa tens\u00e3o, at\u00e9 50 metros, ou como um multiplicador num Hangover pulley system. Para setups sujeitos a tens\u00f5es elevadas ou slacklines mais longos, o <a href=\"https:\/\/slacktivity.com\/shop\/slacktivity-seahorse\/\">seaHorse<\/a> \u00e9 a escolha certa.<\/p>\n","protected":false},"excerpt":{"rendered":"<p>Linelocker de slackline barato para rodeolines, linhas at\u00e9 40m (excl. highline) ou para fixar um multiplicador num HangOver Pulley System.<\/p>\n","protected":false},"featured_media":11919,"comment_status":"open","ping_status":"closed","template":"","meta":{"_acf_changed":false,"_joinchat":[]},"product_cat":[535,958,537],"product_tag":[549,559],"class_list":{"0":"post-11918","1":"product","2":"type-product","3":"status-publish","4":"has-post-thumbnail","6":"product_cat-ancoragem-de-slackline","7":"product_cat-line-lockers","8":"product_cat-weblocks-de-slackline","9":"product_tag-iniciantes","10":"product_tag-rodeoline","11":"pa_brand-slacktivity-pt-pt","13":"first","14":"instock","15":"taxable","16":"shipping-taxable","17":"purchasable","18":"product-type-variable","19":"has-default-attributes","swatches":"rey-swatches","show_selected":""},"acf":[],"yoast_head":"<!-- This site is optimized with the Yoast SEO plugin v27.4 - https:\/\/yoast.com\/product\/yoast-seo-wordpress\/ -->\n<title>ChainLock - Linelocker de Slackline | SLACKTIVITY Shop<\/title>\n<meta name=\"description\" content=\"Linelocker de slackline barato para rodeolines, linhas at\u00e9 40m (excl. highline) ou para fixar um multiplicador num HangOver Pulley System.\" \/>\n<meta name=\"robots\" content=\"index, follow, max-snippet:-1, max-image-preview:large, max-video-preview:-1\" \/>\n<link rel=\"canonical\" href=\"https:\/\/slacktivity.com\/pt-pt\/shop\/chainlock-linelocker-de-slackline\/\" \/>\n<meta property=\"og:locale\" content=\"pt_PT\" \/>\n<meta property=\"og:type\" content=\"article\" \/>\n<meta property=\"og:title\" content=\"ChainLock - Linelocker de Slackline | SLACKTIVITY Shop\" \/>\n<meta property=\"og:description\" content=\"Linelocker de slackline barato para rodeolines, linhas at\u00e9 40m (excl. highline) ou para fixar um multiplicador num HangOver Pulley System.\" \/>\n<meta property=\"og:url\" content=\"https:\/\/slacktivity.com\/pt-pt\/shop\/chainlock-linelocker-de-slackline\/\" \/>\n<meta property=\"og:site_name\" content=\"Slacktivity Slacklines International Shop\" \/>\n<meta property=\"article:publisher\" content=\"https:\/\/www.facebook.com\/SLACKTIVITY\/\" \/>\n<meta property=\"article:modified_time\" content=\"2024-02-19T11:16:37+00:00\" \/>\n<meta property=\"og:image\" content=\"https:\/\/slacktivity.com\/wp-content\/uploads\/2021\/02\/chainlock-slackline-linelocker.jpg\" \/>\n\t<meta property=\"og:image:width\" content=\"1180\" \/>\n\t<meta property=\"og:image:height\" content=\"1377\" \/>\n\t<meta property=\"og:image:type\" content=\"image\/jpeg\" \/>\n<meta name=\"twitter:card\" content=\"summary_large_image\" \/>\n<meta name=\"twitter:label1\" content=\"Tempo estimado de leitura\" \/>\n\t<meta name=\"twitter:data1\" content=\"1 minuto\" \/>\n<script type=\"application\/ld+json\" class=\"yoast-schema-graph\">{\"@context\":\"https:\\\/\\\/schema.org\",\"@graph\":[{\"@type\":\"WebPage\",\"@id\":\"https:\\\/\\\/slacktivity.com\\\/pt-pt\\\/shop\\\/chainlock-linelocker-de-slackline\\\/\",\"url\":\"https:\\\/\\\/slacktivity.com\\\/pt-pt\\\/shop\\\/chainlock-linelocker-de-slackline\\\/\",\"name\":\"ChainLock - Linelocker de Slackline | SLACKTIVITY Shop\",\"isPartOf\":{\"@id\":\"https:\\\/\\\/slacktivity.com\\\/pt-pt\\\/#website\"},\"primaryImageOfPage\":{\"@id\":\"https:\\\/\\\/slacktivity.com\\\/pt-pt\\\/shop\\\/chainlock-linelocker-de-slackline\\\/#primaryimage\"},\"image\":{\"@id\":\"https:\\\/\\\/slacktivity.com\\\/pt-pt\\\/shop\\\/chainlock-linelocker-de-slackline\\\/#primaryimage\"},\"thumbnailUrl\":\"https:\\\/\\\/slacktivity.com\\\/wp-content\\\/uploads\\\/2021\\\/02\\\/chainlock-slackline-linelocker.jpg\",\"datePublished\":\"2023-05-04T14:49:40+00:00\",\"dateModified\":\"2024-02-19T11:16:37+00:00\",\"description\":\"Linelocker de slackline barato para rodeolines, linhas at\u00e9 40m (excl. highline) ou para fixar um multiplicador num HangOver Pulley System.\",\"breadcrumb\":{\"@id\":\"https:\\\/\\\/slacktivity.com\\\/pt-pt\\\/shop\\\/chainlock-linelocker-de-slackline\\\/#breadcrumb\"},\"inLanguage\":\"pt-PT\",\"potentialAction\":[{\"@type\":\"ReadAction\",\"target\":[\"https:\\\/\\\/slacktivity.com\\\/pt-pt\\\/shop\\\/chainlock-linelocker-de-slackline\\\/\"]}]},{\"@type\":\"ImageObject\",\"inLanguage\":\"pt-PT\",\"@id\":\"https:\\\/\\\/slacktivity.com\\\/pt-pt\\\/shop\\\/chainlock-linelocker-de-slackline\\\/#primaryimage\",\"url\":\"https:\\\/\\\/slacktivity.com\\\/wp-content\\\/uploads\\\/2021\\\/02\\\/chainlock-slackline-linelocker.jpg\",\"contentUrl\":\"https:\\\/\\\/slacktivity.com\\\/wp-content\\\/uploads\\\/2021\\\/02\\\/chainlock-slackline-linelocker.jpg\",\"width\":1180,\"height\":1377},{\"@type\":\"BreadcrumbList\",\"@id\":\"https:\\\/\\\/slacktivity.com\\\/pt-pt\\\/shop\\\/chainlock-linelocker-de-slackline\\\/#breadcrumb\",\"itemListElement\":[{\"@type\":\"ListItem\",\"position\":1,\"name\":\"Home\",\"item\":\"https:\\\/\\\/slacktivity.com\\\/pt-pt\\\/\"},{\"@type\":\"ListItem\",\"position\":2,\"name\":\"loja\",\"item\":\"https:\\\/\\\/slacktivity.com\\\/pt-pt\\\/loja\\\/\"},{\"@type\":\"ListItem\",\"position\":3,\"name\":\"ChainLock | Linelocker de Slackline\"}]},{\"@type\":\"WebSite\",\"@id\":\"https:\\\/\\\/slacktivity.com\\\/pt-pt\\\/#website\",\"url\":\"https:\\\/\\\/slacktivity.com\\\/pt-pt\\\/\",\"name\":\"Slacktivity Slacklines International Shop\",\"description\":\"Discover the innovative products of Slacktivity. Swiss designed premium slackline gear. Advice from our experts for the best and a safe slackline experience.\",\"publisher\":{\"@id\":\"https:\\\/\\\/slacktivity.com\\\/pt-pt\\\/#organization\"},\"potentialAction\":[{\"@type\":\"SearchAction\",\"target\":{\"@type\":\"EntryPoint\",\"urlTemplate\":\"https:\\\/\\\/slacktivity.com\\\/pt-pt\\\/?s={search_term_string}\"},\"query-input\":{\"@type\":\"PropertyValueSpecification\",\"valueRequired\":true,\"valueName\":\"search_term_string\"}}],\"inLanguage\":\"pt-PT\"},{\"@type\":\"Organization\",\"@id\":\"https:\\\/\\\/slacktivity.com\\\/pt-pt\\\/#organization\",\"name\":\"Slacktivity Slacklines\",\"url\":\"https:\\\/\\\/slacktivity.com\\\/pt-pt\\\/\",\"logo\":{\"@type\":\"ImageObject\",\"inLanguage\":\"pt-PT\",\"@id\":\"https:\\\/\\\/slacktivity.com\\\/pt-pt\\\/#\\\/schema\\\/logo\\\/image\\\/\",\"url\":\"https:\\\/\\\/slacktivity.com\\\/wp-content\\\/uploads\\\/2021\\\/01\\\/slacktivity-slackline-online-shop-1.png\",\"contentUrl\":\"https:\\\/\\\/slacktivity.com\\\/wp-content\\\/uploads\\\/2021\\\/01\\\/slacktivity-slackline-online-shop-1.png\",\"width\":200,\"height\":77,\"caption\":\"Slacktivity Slacklines\"},\"image\":{\"@id\":\"https:\\\/\\\/slacktivity.com\\\/pt-pt\\\/#\\\/schema\\\/logo\\\/image\\\/\"},\"sameAs\":[\"https:\\\/\\\/www.facebook.com\\\/SLACKTIVITY\\\/\",\"https:\\\/\\\/www.instagram.com\\\/slacktivity\\\/\"]}]}<\/script>\n<!-- \/ Yoast SEO plugin. -->","yoast_head_json":{"title":"ChainLock - Linelocker de Slackline | SLACKTIVITY Shop","description":"Linelocker de slackline barato para rodeolines, linhas at\u00e9 40m (excl. highline) ou para fixar um multiplicador num HangOver Pulley System.","robots":{"index":"index","follow":"follow","max-snippet":"max-snippet:-1","max-image-preview":"max-image-preview:large","max-video-preview":"max-video-preview:-1"},"canonical":"https:\/\/slacktivity.com\/pt-pt\/shop\/chainlock-linelocker-de-slackline\/","og_locale":"pt_PT","og_type":"article","og_title":"ChainLock - Linelocker de Slackline | SLACKTIVITY Shop","og_description":"Linelocker de slackline barato para rodeolines, linhas at\u00e9 40m (excl. highline) ou para fixar um multiplicador num HangOver Pulley System.","og_url":"https:\/\/slacktivity.com\/pt-pt\/shop\/chainlock-linelocker-de-slackline\/","og_site_name":"Slacktivity Slacklines International Shop","article_publisher":"https:\/\/www.facebook.com\/SLACKTIVITY\/","article_modified_time":"2024-02-19T11:16:37+00:00","og_image":[{"width":1180,"height":1377,"url":"https:\/\/slacktivity.com\/wp-content\/uploads\/2021\/02\/chainlock-slackline-linelocker.jpg","type":"image\/jpeg"}],"twitter_card":"summary_large_image","twitter_misc":{"Tempo estimado de leitura":"1 minuto"},"schema":{"@context":"https:\/\/schema.org","@graph":[{"@type":"WebPage","@id":"https:\/\/slacktivity.com\/pt-pt\/shop\/chainlock-linelocker-de-slackline\/","url":"https:\/\/slacktivity.com\/pt-pt\/shop\/chainlock-linelocker-de-slackline\/","name":"ChainLock - Linelocker de Slackline | SLACKTIVITY Shop","isPartOf":{"@id":"https:\/\/slacktivity.com\/pt-pt\/#website"},"primaryImageOfPage":{"@id":"https:\/\/slacktivity.com\/pt-pt\/shop\/chainlock-linelocker-de-slackline\/#primaryimage"},"image":{"@id":"https:\/\/slacktivity.com\/pt-pt\/shop\/chainlock-linelocker-de-slackline\/#primaryimage"},"thumbnailUrl":"https:\/\/slacktivity.com\/wp-content\/uploads\/2021\/02\/chainlock-slackline-linelocker.jpg","datePublished":"2023-05-04T14:49:40+00:00","dateModified":"2024-02-19T11:16:37+00:00","description":"Linelocker de slackline barato para rodeolines, linhas at\u00e9 40m (excl. highline) ou para fixar um multiplicador num HangOver Pulley System.","breadcrumb":{"@id":"https:\/\/slacktivity.com\/pt-pt\/shop\/chainlock-linelocker-de-slackline\/#breadcrumb"},"inLanguage":"pt-PT","potentialAction":[{"@type":"ReadAction","target":["https:\/\/slacktivity.com\/pt-pt\/shop\/chainlock-linelocker-de-slackline\/"]}]},{"@type":"ImageObject","inLanguage":"pt-PT","@id":"https:\/\/slacktivity.com\/pt-pt\/shop\/chainlock-linelocker-de-slackline\/#primaryimage","url":"https:\/\/slacktivity.com\/wp-content\/uploads\/2021\/02\/chainlock-slackline-linelocker.jpg","contentUrl":"https:\/\/slacktivity.com\/wp-content\/uploads\/2021\/02\/chainlock-slackline-linelocker.jpg","width":1180,"height":1377},{"@type":"BreadcrumbList","@id":"https:\/\/slacktivity.com\/pt-pt\/shop\/chainlock-linelocker-de-slackline\/#breadcrumb","itemListElement":[{"@type":"ListItem","position":1,"name":"Home","item":"https:\/\/slacktivity.com\/pt-pt\/"},{"@type":"ListItem","position":2,"name":"loja","item":"https:\/\/slacktivity.com\/pt-pt\/loja\/"},{"@type":"ListItem","position":3,"name":"ChainLock | Linelocker de Slackline"}]},{"@type":"WebSite","@id":"https:\/\/slacktivity.com\/pt-pt\/#website","url":"https:\/\/slacktivity.com\/pt-pt\/","name":"Slacktivity Slacklines International Shop","description":"Discover the innovative products of Slacktivity. Swiss designed premium slackline gear. Advice from our experts for the best and a safe slackline experience.","publisher":{"@id":"https:\/\/slacktivity.com\/pt-pt\/#organization"},"potentialAction":[{"@type":"SearchAction","target":{"@type":"EntryPoint","urlTemplate":"https:\/\/slacktivity.com\/pt-pt\/?s={search_term_string}"},"query-input":{"@type":"PropertyValueSpecification","valueRequired":true,"valueName":"search_term_string"}}],"inLanguage":"pt-PT"},{"@type":"Organization","@id":"https:\/\/slacktivity.com\/pt-pt\/#organization","name":"Slacktivity Slacklines","url":"https:\/\/slacktivity.com\/pt-pt\/","logo":{"@type":"ImageObject","inLanguage":"pt-PT","@id":"https:\/\/slacktivity.com\/pt-pt\/#\/schema\/logo\/image\/","url":"https:\/\/slacktivity.com\/wp-content\/uploads\/2021\/01\/slacktivity-slackline-online-shop-1.png","contentUrl":"https:\/\/slacktivity.com\/wp-content\/uploads\/2021\/01\/slacktivity-slackline-online-shop-1.png","width":200,"height":77,"caption":"Slacktivity Slacklines"},"image":{"@id":"https:\/\/slacktivity.com\/pt-pt\/#\/schema\/logo\/image\/"},"sameAs":["https:\/\/www.facebook.com\/SLACKTIVITY\/","https:\/\/www.instagram.com\/slacktivity\/"]}]}},"_links":{"self":[{"href":"https:\/\/slacktivity.com\/pt-pt\/wp-json\/wp\/v2\/product\/11918","targetHints":{"allow":["GET"]}}],"collection":[{"href":"https:\/\/slacktivity.com\/pt-pt\/wp-json\/wp\/v2\/product"}],"about":[{"href":"https:\/\/slacktivity.com\/pt-pt\/wp-json\/wp\/v2\/types\/product"}],"replies":[{"embeddable":true,"href":"https:\/\/slacktivity.com\/pt-pt\/wp-json\/wp\/v2\/comments?post=11918"}],"wp:featuredmedia":[{"embeddable":true,"href":"https:\/\/slacktivity.com\/pt-pt\/wp-json\/wp\/v2\/media\/11919"}],"wp:attachment":[{"href":"https:\/\/slacktivity.com\/pt-pt\/wp-json\/wp\/v2\/media?parent=11918"}],"wp:term":[{"taxonomy":"product_cat","embeddable":true,"href":"https:\/\/slacktivity.com\/pt-pt\/wp-json\/wp\/v2\/product_cat?post=11918"},{"taxonomy":"product_tag","embeddable":true,"href":"https:\/\/slacktivity.com\/pt-pt\/wp-json\/wp\/v2\/product_tag?post=11918"}],"curies":[{"name":"wp","href":"https:\/\/api.w.org\/{rel}","templated":true}]}}