{"id":11926,"date":"2021-03-05T13:38:04","date_gmt":"2021-03-05T13:38:04","guid":{"rendered":"https:\/\/slacktivity.com\/shop\/mosquetao-de-slackline\/"},"modified":"2023-07-06T12:13:44","modified_gmt":"2023-07-06T12:13:44","slug":"mosquetao-de-slackline","status":"publish","type":"product","link":"https:\/\/slacktivity.com\/pt-pt\/shop\/mosquetao-de-slackline\/","title":{"rendered":"Mosquet\u00e3o de Slackline"},"content":{"rendered":"<h2>Mosquet\u00e3o de Slackline<\/h2>\n<p>O nosso <strong>Mosquet\u00e3o de Slackline<\/strong> \u00e9 a melhor escolha para prender a maioria dos slacklines, desde que as for\u00e7as n\u00e3o excedam o limite de carga de trabalho (WLL: 7kN). O mosquet\u00e3o \u00e9 leve, f\u00e1cil de manusear e tem um pre\u00e7o acess\u00edvel. O trinco Twist-Lock garante que a patilha de abertura esteja sempre fechada durante a utiliza\u00e7\u00e3o. Gra\u00e7as \u00e0 <strong>forma oval<\/strong>, o mosquet\u00e3o \u00e9 otimizado para v\u00e1rios cen\u00e1rios de carga. Confira o v\u00eddeo ver as medi\u00e7\u00f5es de for\u00e7a!<\/p>\n<h3>Especif\u00edca\u00e7\u00f5es<\/h3>\n<ul>\n<li><strong>Abertura:<\/strong> ca. 21mm<\/li>\n<li><strong>Di\u00e2metro do corpo:<\/strong> 9.5-10mm<\/li>\n<li><strong>Peso:<\/strong> 170g<\/li>\n<li><strong>Material:<\/strong> Carbon-Steel (40 ACR)<\/li>\n<li><strong>Minimum Breaking Strength (MBS) Major Axis:<\/strong> 25kN<\/li>\n<li><strong>MBS Minor Axis:<\/strong> 7kN<\/li>\n<li><strong>Working Load Limit (WLL):<\/strong> 7kN<\/li>\n<\/ul>\n<h3>Mais informa\u00e7\u00e3o sobre o Mosquet\u00e3o de Slackline<\/h3>\n<p>V\u00e1rios testes de carga mostraram que o mosquet\u00e3o da SLACKTIVITY slackline \u00e9 o mais resistente a cargas triload, em compara\u00e7\u00e3o com os mosquet\u00f5es de outros fabricantes. Nos testes do mosquet\u00e3o standard, este \u00e9 testado com shackles de 2x12mm como ancoragem. Especialmente no caso do slackline, este teste padr\u00e3o n\u00e3o corresponde ao tipo real de carga (wide sling). Mais informa\u00e7\u00e3o no v\u00eddeo. Isto significa que continua a ser recomend\u00e1vel <strong><span style=\"text-decoration: underline;\">evitar submeter um mosquet\u00e3o a <span style=\"text-decoration: underline;\">&#8220;triloading&#8221;<\/span><\/span><\/strong>!<\/p>\n<h3>Mosquet\u00e3o ou Shackle?<\/h3>\n<p>A vantagem dos mosquet\u00f5es \u00e9 a facilidade de conex\u00e3o. Exce\u00e7\u00e3o feita quando comparado com o KingPin. A fraqueza dos mosquet\u00f5es \u00e9 sua vulnerabilidade a cargas triangulares (triloading). Com os nossos sets \u00abAllround\u00bb e \u00abExperience\u00bb n\u00e3o ocorre triload gra\u00e7as ao TreeLoop. Quando as for\u00e7as aumentam, \u00e9 prefer\u00edvel um shackle.<\/p>\n<h3>O mosquet\u00e3o de Slackline \u00e9 recomendado para:<\/h3>\n<ul>\n<li>Os sets de Slackline \u00abAllround\u00bb e \u00abExperience\u00bb<\/li>\n<li><a href=\"https:\/\/slacktivity.com\/pt-pt\/tag\/rodeoline\/\">Rodeo<\/a> e AcroLines<\/li>\n<li><a href=\"https:\/\/slacktivity.com\/pt-pt\/tag\/longline\/\">Longlines<\/a> de baixa tens\u00e3o (abaixo de 5kN &amp; sem triload)<\/li>\n<\/ul>\n","protected":false},"excerpt":{"rendered":"<p>Mosquet\u00e3o de Slackline Userfriendly, com uma boa rela\u00e7\u00e3o performance-pre\u00e7o.<\/p>\n","protected":false},"featured_media":11927,"comment_status":"open","ping_status":"closed","template":"","meta":{"_acf_changed":false,"_joinchat":[]},"product_cat":[905,506,890],"product_tag":[555,559,909],"class_list":{"0":"post-11926","1":"product","2":"type-product","3":"status-publish","4":"has-post-thumbnail","6":"product_cat-ancoragem","7":"product_cat-conectores-de-slackline","8":"product_cat-mosquetoes-de-slackline","9":"product_tag-longline","10":"product_tag-rodeoline","11":"product_tag-slackline-indoor","12":"pa_brand-slacktivity-pt-pt","14":"first","15":"instock","16":"taxable","17":"shipping-taxable","18":"purchasable","19":"product-type-simple","swatches":"rey-swatches","show_selected":""},"acf":[],"yoast_head":"<!-- This site is optimized with the Yoast SEO plugin v27.4 - https:\/\/yoast.com\/product\/yoast-seo-wordpress\/ -->\n<title>Mosquet\u00e3o de Slackline | SLACKTIVITY Online Shop<\/title>\n<meta name=\"description\" content=\"O Mosquet\u00e3o Slackline \u00e9 a melhor escolha para prender a maioria dos slacklines. Este conector de a\u00e7o \u00e9 leve, f\u00e1cil de manusear e confi\u00e1vel.\" \/>\n<meta name=\"robots\" content=\"index, follow, max-snippet:-1, max-image-preview:large, max-video-preview:-1\" \/>\n<link rel=\"canonical\" href=\"https:\/\/slacktivity.com\/pt-pt\/shop\/mosquetao-de-slackline\/\" \/>\n<meta property=\"og:locale\" content=\"pt_PT\" \/>\n<meta property=\"og:type\" content=\"article\" \/>\n<meta property=\"og:title\" content=\"Mosquet\u00e3o de Slackline | SLACKTIVITY Online Shop\" \/>\n<meta property=\"og:description\" content=\"O Mosquet\u00e3o Slackline \u00e9 a melhor escolha para prender a maioria dos slacklines. Este conector de a\u00e7o \u00e9 leve, f\u00e1cil de manusear e confi\u00e1vel.\" \/>\n<meta property=\"og:url\" content=\"https:\/\/slacktivity.com\/pt-pt\/shop\/mosquetao-de-slackline\/\" \/>\n<meta property=\"og:site_name\" content=\"Slacktivity Slacklines International Shop\" \/>\n<meta property=\"article:publisher\" content=\"https:\/\/www.facebook.com\/SLACKTIVITY\/\" \/>\n<meta property=\"article:modified_time\" content=\"2023-07-06T12:13:44+00:00\" \/>\n<meta property=\"og:image\" content=\"https:\/\/slacktivity.com\/wp-content\/uploads\/2021\/02\/slackline-carabiner.jpg\" \/>\n\t<meta property=\"og:image:width\" content=\"1180\" \/>\n\t<meta property=\"og:image:height\" content=\"1377\" \/>\n\t<meta property=\"og:image:type\" content=\"image\/jpeg\" \/>\n<meta name=\"twitter:card\" content=\"summary_large_image\" \/>\n<meta name=\"twitter:label1\" content=\"Tempo estimado de leitura\" \/>\n\t<meta name=\"twitter:data1\" content=\"2 minutos\" \/>\n<script type=\"application\/ld+json\" class=\"yoast-schema-graph\">{\"@context\":\"https:\\\/\\\/schema.org\",\"@graph\":[{\"@type\":\"WebPage\",\"@id\":\"https:\\\/\\\/slacktivity.com\\\/pt-pt\\\/shop\\\/mosquetao-de-slackline\\\/\",\"url\":\"https:\\\/\\\/slacktivity.com\\\/pt-pt\\\/shop\\\/mosquetao-de-slackline\\\/\",\"name\":\"Mosquet\u00e3o de Slackline | SLACKTIVITY Online Shop\",\"isPartOf\":{\"@id\":\"https:\\\/\\\/slacktivity.com\\\/pt-pt\\\/#website\"},\"primaryImageOfPage\":{\"@id\":\"https:\\\/\\\/slacktivity.com\\\/pt-pt\\\/shop\\\/mosquetao-de-slackline\\\/#primaryimage\"},\"image\":{\"@id\":\"https:\\\/\\\/slacktivity.com\\\/pt-pt\\\/shop\\\/mosquetao-de-slackline\\\/#primaryimage\"},\"thumbnailUrl\":\"https:\\\/\\\/slacktivity.com\\\/wp-content\\\/uploads\\\/2021\\\/02\\\/slackline-carabiner.jpg\",\"datePublished\":\"2021-03-05T13:38:04+00:00\",\"dateModified\":\"2023-07-06T12:13:44+00:00\",\"description\":\"O Mosquet\u00e3o Slackline \u00e9 a melhor escolha para prender a maioria dos slacklines. Este conector de a\u00e7o \u00e9 leve, f\u00e1cil de manusear e confi\u00e1vel.\",\"breadcrumb\":{\"@id\":\"https:\\\/\\\/slacktivity.com\\\/pt-pt\\\/shop\\\/mosquetao-de-slackline\\\/#breadcrumb\"},\"inLanguage\":\"pt-PT\",\"potentialAction\":[{\"@type\":\"ReadAction\",\"target\":[\"https:\\\/\\\/slacktivity.com\\\/pt-pt\\\/shop\\\/mosquetao-de-slackline\\\/\"]}]},{\"@type\":\"ImageObject\",\"inLanguage\":\"pt-PT\",\"@id\":\"https:\\\/\\\/slacktivity.com\\\/pt-pt\\\/shop\\\/mosquetao-de-slackline\\\/#primaryimage\",\"url\":\"https:\\\/\\\/slacktivity.com\\\/wp-content\\\/uploads\\\/2021\\\/02\\\/slackline-carabiner.jpg\",\"contentUrl\":\"https:\\\/\\\/slacktivity.com\\\/wp-content\\\/uploads\\\/2021\\\/02\\\/slackline-carabiner.jpg\",\"width\":1180,\"height\":1377},{\"@type\":\"BreadcrumbList\",\"@id\":\"https:\\\/\\\/slacktivity.com\\\/pt-pt\\\/shop\\\/mosquetao-de-slackline\\\/#breadcrumb\",\"itemListElement\":[{\"@type\":\"ListItem\",\"position\":1,\"name\":\"Home\",\"item\":\"https:\\\/\\\/slacktivity.com\\\/pt-pt\\\/\"},{\"@type\":\"ListItem\",\"position\":2,\"name\":\"loja\",\"item\":\"https:\\\/\\\/slacktivity.com\\\/pt-pt\\\/loja\\\/\"},{\"@type\":\"ListItem\",\"position\":3,\"name\":\"Mosquet\u00e3o de Slackline\"}]},{\"@type\":\"WebSite\",\"@id\":\"https:\\\/\\\/slacktivity.com\\\/pt-pt\\\/#website\",\"url\":\"https:\\\/\\\/slacktivity.com\\\/pt-pt\\\/\",\"name\":\"Slacktivity Slacklines International Shop\",\"description\":\"Discover the innovative products of Slacktivity. Swiss designed premium slackline gear. Advice from our experts for the best and a safe slackline experience.\",\"publisher\":{\"@id\":\"https:\\\/\\\/slacktivity.com\\\/pt-pt\\\/#organization\"},\"potentialAction\":[{\"@type\":\"SearchAction\",\"target\":{\"@type\":\"EntryPoint\",\"urlTemplate\":\"https:\\\/\\\/slacktivity.com\\\/pt-pt\\\/?s={search_term_string}\"},\"query-input\":{\"@type\":\"PropertyValueSpecification\",\"valueRequired\":true,\"valueName\":\"search_term_string\"}}],\"inLanguage\":\"pt-PT\"},{\"@type\":\"Organization\",\"@id\":\"https:\\\/\\\/slacktivity.com\\\/pt-pt\\\/#organization\",\"name\":\"Slacktivity Slacklines\",\"url\":\"https:\\\/\\\/slacktivity.com\\\/pt-pt\\\/\",\"logo\":{\"@type\":\"ImageObject\",\"inLanguage\":\"pt-PT\",\"@id\":\"https:\\\/\\\/slacktivity.com\\\/pt-pt\\\/#\\\/schema\\\/logo\\\/image\\\/\",\"url\":\"https:\\\/\\\/slacktivity.com\\\/wp-content\\\/uploads\\\/2021\\\/01\\\/slacktivity-slackline-online-shop-1.png\",\"contentUrl\":\"https:\\\/\\\/slacktivity.com\\\/wp-content\\\/uploads\\\/2021\\\/01\\\/slacktivity-slackline-online-shop-1.png\",\"width\":200,\"height\":77,\"caption\":\"Slacktivity Slacklines\"},\"image\":{\"@id\":\"https:\\\/\\\/slacktivity.com\\\/pt-pt\\\/#\\\/schema\\\/logo\\\/image\\\/\"},\"sameAs\":[\"https:\\\/\\\/www.facebook.com\\\/SLACKTIVITY\\\/\",\"https:\\\/\\\/www.instagram.com\\\/slacktivity\\\/\"]}]}<\/script>\n<!-- \/ Yoast SEO plugin. -->","yoast_head_json":{"title":"Mosquet\u00e3o de Slackline | SLACKTIVITY Online Shop","description":"O Mosquet\u00e3o Slackline \u00e9 a melhor escolha para prender a maioria dos slacklines. Este conector de a\u00e7o \u00e9 leve, f\u00e1cil de manusear e confi\u00e1vel.","robots":{"index":"index","follow":"follow","max-snippet":"max-snippet:-1","max-image-preview":"max-image-preview:large","max-video-preview":"max-video-preview:-1"},"canonical":"https:\/\/slacktivity.com\/pt-pt\/shop\/mosquetao-de-slackline\/","og_locale":"pt_PT","og_type":"article","og_title":"Mosquet\u00e3o de Slackline | SLACKTIVITY Online Shop","og_description":"O Mosquet\u00e3o Slackline \u00e9 a melhor escolha para prender a maioria dos slacklines. Este conector de a\u00e7o \u00e9 leve, f\u00e1cil de manusear e confi\u00e1vel.","og_url":"https:\/\/slacktivity.com\/pt-pt\/shop\/mosquetao-de-slackline\/","og_site_name":"Slacktivity Slacklines International Shop","article_publisher":"https:\/\/www.facebook.com\/SLACKTIVITY\/","article_modified_time":"2023-07-06T12:13:44+00:00","og_image":[{"width":1180,"height":1377,"url":"https:\/\/slacktivity.com\/wp-content\/uploads\/2021\/02\/slackline-carabiner.jpg","type":"image\/jpeg"}],"twitter_card":"summary_large_image","twitter_misc":{"Tempo estimado de leitura":"2 minutos"},"schema":{"@context":"https:\/\/schema.org","@graph":[{"@type":"WebPage","@id":"https:\/\/slacktivity.com\/pt-pt\/shop\/mosquetao-de-slackline\/","url":"https:\/\/slacktivity.com\/pt-pt\/shop\/mosquetao-de-slackline\/","name":"Mosquet\u00e3o de Slackline | SLACKTIVITY Online Shop","isPartOf":{"@id":"https:\/\/slacktivity.com\/pt-pt\/#website"},"primaryImageOfPage":{"@id":"https:\/\/slacktivity.com\/pt-pt\/shop\/mosquetao-de-slackline\/#primaryimage"},"image":{"@id":"https:\/\/slacktivity.com\/pt-pt\/shop\/mosquetao-de-slackline\/#primaryimage"},"thumbnailUrl":"https:\/\/slacktivity.com\/wp-content\/uploads\/2021\/02\/slackline-carabiner.jpg","datePublished":"2021-03-05T13:38:04+00:00","dateModified":"2023-07-06T12:13:44+00:00","description":"O Mosquet\u00e3o Slackline \u00e9 a melhor escolha para prender a maioria dos slacklines. Este conector de a\u00e7o \u00e9 leve, f\u00e1cil de manusear e confi\u00e1vel.","breadcrumb":{"@id":"https:\/\/slacktivity.com\/pt-pt\/shop\/mosquetao-de-slackline\/#breadcrumb"},"inLanguage":"pt-PT","potentialAction":[{"@type":"ReadAction","target":["https:\/\/slacktivity.com\/pt-pt\/shop\/mosquetao-de-slackline\/"]}]},{"@type":"ImageObject","inLanguage":"pt-PT","@id":"https:\/\/slacktivity.com\/pt-pt\/shop\/mosquetao-de-slackline\/#primaryimage","url":"https:\/\/slacktivity.com\/wp-content\/uploads\/2021\/02\/slackline-carabiner.jpg","contentUrl":"https:\/\/slacktivity.com\/wp-content\/uploads\/2021\/02\/slackline-carabiner.jpg","width":1180,"height":1377},{"@type":"BreadcrumbList","@id":"https:\/\/slacktivity.com\/pt-pt\/shop\/mosquetao-de-slackline\/#breadcrumb","itemListElement":[{"@type":"ListItem","position":1,"name":"Home","item":"https:\/\/slacktivity.com\/pt-pt\/"},{"@type":"ListItem","position":2,"name":"loja","item":"https:\/\/slacktivity.com\/pt-pt\/loja\/"},{"@type":"ListItem","position":3,"name":"Mosquet\u00e3o de Slackline"}]},{"@type":"WebSite","@id":"https:\/\/slacktivity.com\/pt-pt\/#website","url":"https:\/\/slacktivity.com\/pt-pt\/","name":"Slacktivity Slacklines International Shop","description":"Discover the innovative products of Slacktivity. Swiss designed premium slackline gear. Advice from our experts for the best and a safe slackline experience.","publisher":{"@id":"https:\/\/slacktivity.com\/pt-pt\/#organization"},"potentialAction":[{"@type":"SearchAction","target":{"@type":"EntryPoint","urlTemplate":"https:\/\/slacktivity.com\/pt-pt\/?s={search_term_string}"},"query-input":{"@type":"PropertyValueSpecification","valueRequired":true,"valueName":"search_term_string"}}],"inLanguage":"pt-PT"},{"@type":"Organization","@id":"https:\/\/slacktivity.com\/pt-pt\/#organization","name":"Slacktivity Slacklines","url":"https:\/\/slacktivity.com\/pt-pt\/","logo":{"@type":"ImageObject","inLanguage":"pt-PT","@id":"https:\/\/slacktivity.com\/pt-pt\/#\/schema\/logo\/image\/","url":"https:\/\/slacktivity.com\/wp-content\/uploads\/2021\/01\/slacktivity-slackline-online-shop-1.png","contentUrl":"https:\/\/slacktivity.com\/wp-content\/uploads\/2021\/01\/slacktivity-slackline-online-shop-1.png","width":200,"height":77,"caption":"Slacktivity Slacklines"},"image":{"@id":"https:\/\/slacktivity.com\/pt-pt\/#\/schema\/logo\/image\/"},"sameAs":["https:\/\/www.facebook.com\/SLACKTIVITY\/","https:\/\/www.instagram.com\/slacktivity\/"]}]}},"_links":{"self":[{"href":"https:\/\/slacktivity.com\/pt-pt\/wp-json\/wp\/v2\/product\/11926","targetHints":{"allow":["GET"]}}],"collection":[{"href":"https:\/\/slacktivity.com\/pt-pt\/wp-json\/wp\/v2\/product"}],"about":[{"href":"https:\/\/slacktivity.com\/pt-pt\/wp-json\/wp\/v2\/types\/product"}],"replies":[{"embeddable":true,"href":"https:\/\/slacktivity.com\/pt-pt\/wp-json\/wp\/v2\/comments?post=11926"}],"wp:featuredmedia":[{"embeddable":true,"href":"https:\/\/slacktivity.com\/pt-pt\/wp-json\/wp\/v2\/media\/11927"}],"wp:attachment":[{"href":"https:\/\/slacktivity.com\/pt-pt\/wp-json\/wp\/v2\/media?parent=11926"}],"wp:term":[{"taxonomy":"product_cat","embeddable":true,"href":"https:\/\/slacktivity.com\/pt-pt\/wp-json\/wp\/v2\/product_cat?post=11926"},{"taxonomy":"product_tag","embeddable":true,"href":"https:\/\/slacktivity.com\/pt-pt\/wp-json\/wp\/v2\/product_tag?post=11926"}],"curies":[{"name":"wp","href":"https:\/\/api.w.org\/{rel}","templated":true}]}}