{"id":11929,"date":"2021-03-04T13:38:03","date_gmt":"2021-03-04T13:38:03","guid":{"rendered":"https:\/\/slacktivity.com\/shop\/treeprotection-set\/"},"modified":"2023-05-04T15:34:56","modified_gmt":"2023-05-04T15:34:56","slug":"treeprotection-set","status":"publish","type":"product","link":"https:\/\/slacktivity.com\/pt-pt\/shop\/treeprotection-set\/","title":{"rendered":"TreeProtection Set"},"content":{"rendered":"<h2>TreeProtection Set<\/h2>\n<p>O <strong>TreeProtection Set<\/strong> da Slacktivity \u00e9 o mais <b>longo e testado no mercado.<\/b> \u00c9 compat\u00edvel com todos os <a href=\"https:\/\/slacktivity.com\/category\/slackline-sets\/\">sets de slackline<\/a> standard, incluindo os de outros fabricantes.<\/p>\n<h3><strong>Destaques<\/strong><\/h3>\n<ul>\n<li>User friendly gra\u00e7as ao pr\u00e1tico fecho de velcro<\/li>\n<li>Gra\u00e7as ao tecido de feltro, a prote\u00e7\u00e3o da \u00e1rvore adere quando \u00e9 presa \u00e0 \u00e1rvore &gt;<\/li>\n<li>adequado para todos os sistemas de slackline<\/li>\n<li>Extens\u00edvel &#8211; junta duas prote\u00e7\u00f5es e poder\u00e1s usar em \u00e1rvores de grandes dimens\u00f5es (circunfer\u00eancia &gt; 240cm).<\/li>\n<\/ul>\n<h3>Especifica\u00e7\u00f5es do TreeProtection Set<\/h3>\n<ul>\n<li>Material: felt fabric<\/li>\n<li>Comprimento: 240cm, Largura: 16cm, Espessura: 5mm<\/li>\n<li>Volume: 1.8 Litros<\/li>\n<li>Peso: 340g<\/li>\n<\/ul>\n<p><strong>Prote\u00e7\u00e3o ideal mesmo para \u00e1rvores mais finas<\/strong><\/p>\n<p>Com um di\u00e2metro de \u00e1rvore at\u00e9 40 cm, a TreeProtecion e os slings ajust\u00e1veis da Slacktivity \u200b\u200bpodem ser enrolados duas vezes em torno desta, gra\u00e7as ao comprimento de 240 cm. Isso permite uma melhor distribui\u00e7\u00e3o da press\u00e3o e das for\u00e7as que ocorrem geradas pelo slackline.<\/p>\n<p><b>Nota<\/b>: use sempre prote\u00e7\u00e3o para \u00e1rvores quando praticar slackline. Quando voc\u00ea estiver numa situa\u00e7\u00e3o em que a <a href=\"https:\/\/slacktivity.com\/pt-pt\/category\/protecoes-de-arvore\/\">prote\u00e7\u00e3o da \u00e1rvore<\/a> \u00e9 muito curta, certifique-se de proteger a parte da \u00e1rvore onde ocorrer\u00e1 a maior parte do atrito, nas laterais e na frente, n\u00e3o na parte de tr\u00e1s da \u00e1rvore.<\/p>\n","protected":false},"excerpt":{"rendered":"<p>Com 240cm de comprimento, o <strong>TreeProtection Set<\/strong> \u00e9 o mais <b>longo<\/b> do mercado. Gra\u00e7as ao pr\u00e1tico fecho de velcro e ao tecido de feltro, a protec\u00e7\u00e3o da \u00e1rvore \u00e9 muito f\u00e1cil de instalar \u00e0 volta da \u00e1rvore. Devido a uma relativa rigidez da prote\u00e7\u00e3o da \u00e1rvore, a press\u00e3o do sling \u00e9 bem distribu\u00edda sobre a cobertura de feltro e sobre a casca da \u00e1rvore e, protegendo-a de forma ideal.<\/p>\n","protected":false},"featured_media":10617,"comment_status":"open","ping_status":"closed","template":"","meta":{"_acf_changed":false,"_joinchat":[]},"product_cat":[899,957],"product_tag":[549,555,559,562],"class_list":{"0":"post-11929","1":"product","2":"type-product","3":"status-publish","4":"has-post-thumbnail","6":"product_cat-ancoragem-e-sligns","7":"product_cat-protecoes-de-arvore","8":"product_tag-iniciantes","9":"product_tag-longline","10":"product_tag-rodeoline","11":"product_tag-trickline-pt-pt","12":"pa_brand-slacktivity-pt-pt","14":"first","15":"instock","16":"taxable","17":"shipping-taxable","18":"purchasable","19":"product-type-simple","swatches":"rey-swatches","show_selected":""},"acf":[],"yoast_head":"<!-- This site is optimized with the Yoast SEO plugin v27.5 - https:\/\/yoast.com\/product\/yoast-seo-wordpress\/ -->\n<title>TreeProtection Set - 2,4M | SLACKTIVITY Slackline Shop<\/title>\n<meta name=\"description\" content=\"TreeProtection de slackline com 2,4m Extremamente robusta e dur\u00e1vel gra\u00e7as ao tecido de feltro est\u00e1vel. Prote\u00e7\u00e3o ideal mesmo para \u00e1rvores sens\u00edveis\" \/>\n<meta name=\"robots\" content=\"index, follow, max-snippet:-1, max-image-preview:large, max-video-preview:-1\" \/>\n<link rel=\"canonical\" href=\"https:\/\/slacktivity.com\/pt-pt\/shop\/treeprotection-set\/\" \/>\n<meta property=\"og:locale\" content=\"pt_PT\" \/>\n<meta property=\"og:type\" content=\"article\" \/>\n<meta property=\"og:title\" content=\"TreeProtection Set - 2,4M | SLACKTIVITY Slackline Shop\" \/>\n<meta property=\"og:description\" content=\"TreeProtection de slackline com 2,4m Extremamente robusta e dur\u00e1vel gra\u00e7as ao tecido de feltro est\u00e1vel. Prote\u00e7\u00e3o ideal mesmo para \u00e1rvores sens\u00edveis\" \/>\n<meta property=\"og:url\" content=\"https:\/\/slacktivity.com\/pt-pt\/shop\/treeprotection-set\/\" \/>\n<meta property=\"og:site_name\" content=\"Slacktivity Slacklines International Shop\" \/>\n<meta property=\"article:publisher\" content=\"https:\/\/www.facebook.com\/SLACKTIVITY\/\" \/>\n<meta property=\"article:modified_time\" content=\"2023-05-04T15:34:56+00:00\" \/>\n<meta property=\"og:image\" content=\"https:\/\/slacktivity.com\/wp-content\/uploads\/2021\/02\/slackline-treeprotecion-set.jpg\" \/>\n\t<meta property=\"og:image:width\" content=\"1180\" \/>\n\t<meta property=\"og:image:height\" content=\"1377\" \/>\n\t<meta property=\"og:image:type\" content=\"image\/jpeg\" \/>\n<meta name=\"twitter:card\" content=\"summary_large_image\" \/>\n<meta name=\"twitter:label1\" content=\"Tempo estimado de leitura\" \/>\n\t<meta name=\"twitter:data1\" content=\"1 minuto\" \/>\n<script type=\"application\/ld+json\" class=\"yoast-schema-graph\">{\"@context\":\"https:\\\/\\\/schema.org\",\"@graph\":[{\"@type\":\"WebPage\",\"@id\":\"https:\\\/\\\/slacktivity.com\\\/pt-pt\\\/shop\\\/treeprotection-set\\\/\",\"url\":\"https:\\\/\\\/slacktivity.com\\\/pt-pt\\\/shop\\\/treeprotection-set\\\/\",\"name\":\"TreeProtection Set - 2,4M | SLACKTIVITY Slackline Shop\",\"isPartOf\":{\"@id\":\"https:\\\/\\\/slacktivity.com\\\/pt-pt\\\/#website\"},\"primaryImageOfPage\":{\"@id\":\"https:\\\/\\\/slacktivity.com\\\/pt-pt\\\/shop\\\/treeprotection-set\\\/#primaryimage\"},\"image\":{\"@id\":\"https:\\\/\\\/slacktivity.com\\\/pt-pt\\\/shop\\\/treeprotection-set\\\/#primaryimage\"},\"thumbnailUrl\":\"https:\\\/\\\/slacktivity.com\\\/wp-content\\\/uploads\\\/2021\\\/02\\\/slackline-treeprotecion-set.jpg\",\"datePublished\":\"2021-03-04T13:38:03+00:00\",\"dateModified\":\"2023-05-04T15:34:56+00:00\",\"description\":\"TreeProtection de slackline com 2,4m Extremamente robusta e dur\u00e1vel gra\u00e7as ao tecido de feltro est\u00e1vel. Prote\u00e7\u00e3o ideal mesmo para \u00e1rvores sens\u00edveis\",\"breadcrumb\":{\"@id\":\"https:\\\/\\\/slacktivity.com\\\/pt-pt\\\/shop\\\/treeprotection-set\\\/#breadcrumb\"},\"inLanguage\":\"pt-PT\",\"potentialAction\":[{\"@type\":\"ReadAction\",\"target\":[\"https:\\\/\\\/slacktivity.com\\\/pt-pt\\\/shop\\\/treeprotection-set\\\/\"]}]},{\"@type\":\"ImageObject\",\"inLanguage\":\"pt-PT\",\"@id\":\"https:\\\/\\\/slacktivity.com\\\/pt-pt\\\/shop\\\/treeprotection-set\\\/#primaryimage\",\"url\":\"https:\\\/\\\/slacktivity.com\\\/wp-content\\\/uploads\\\/2021\\\/02\\\/slackline-treeprotecion-set.jpg\",\"contentUrl\":\"https:\\\/\\\/slacktivity.com\\\/wp-content\\\/uploads\\\/2021\\\/02\\\/slackline-treeprotecion-set.jpg\",\"width\":1180,\"height\":1377,\"caption\":\"slackline treeprotecion set\"},{\"@type\":\"BreadcrumbList\",\"@id\":\"https:\\\/\\\/slacktivity.com\\\/pt-pt\\\/shop\\\/treeprotection-set\\\/#breadcrumb\",\"itemListElement\":[{\"@type\":\"ListItem\",\"position\":1,\"name\":\"Home\",\"item\":\"https:\\\/\\\/slacktivity.com\\\/pt-pt\\\/\"},{\"@type\":\"ListItem\",\"position\":2,\"name\":\"loja\",\"item\":\"https:\\\/\\\/slacktivity.com\\\/pt-pt\\\/loja\\\/\"},{\"@type\":\"ListItem\",\"position\":3,\"name\":\"TreeProtection Set\"}]},{\"@type\":\"WebSite\",\"@id\":\"https:\\\/\\\/slacktivity.com\\\/pt-pt\\\/#website\",\"url\":\"https:\\\/\\\/slacktivity.com\\\/pt-pt\\\/\",\"name\":\"Slacktivity Slacklines International Shop\",\"description\":\"Discover the innovative products of Slacktivity. Swiss designed premium slackline gear. Advice from our experts for the best and a safe slackline experience.\",\"publisher\":{\"@id\":\"https:\\\/\\\/slacktivity.com\\\/pt-pt\\\/#organization\"},\"potentialAction\":[{\"@type\":\"SearchAction\",\"target\":{\"@type\":\"EntryPoint\",\"urlTemplate\":\"https:\\\/\\\/slacktivity.com\\\/pt-pt\\\/?s={search_term_string}\"},\"query-input\":{\"@type\":\"PropertyValueSpecification\",\"valueRequired\":true,\"valueName\":\"search_term_string\"}}],\"inLanguage\":\"pt-PT\"},{\"@type\":\"Organization\",\"@id\":\"https:\\\/\\\/slacktivity.com\\\/pt-pt\\\/#organization\",\"name\":\"Slacktivity Slacklines\",\"url\":\"https:\\\/\\\/slacktivity.com\\\/pt-pt\\\/\",\"logo\":{\"@type\":\"ImageObject\",\"inLanguage\":\"pt-PT\",\"@id\":\"https:\\\/\\\/slacktivity.com\\\/pt-pt\\\/#\\\/schema\\\/logo\\\/image\\\/\",\"url\":\"https:\\\/\\\/slacktivity.com\\\/wp-content\\\/uploads\\\/2021\\\/01\\\/slacktivity-slackline-online-shop-1.png\",\"contentUrl\":\"https:\\\/\\\/slacktivity.com\\\/wp-content\\\/uploads\\\/2021\\\/01\\\/slacktivity-slackline-online-shop-1.png\",\"width\":200,\"height\":77,\"caption\":\"Slacktivity Slacklines\"},\"image\":{\"@id\":\"https:\\\/\\\/slacktivity.com\\\/pt-pt\\\/#\\\/schema\\\/logo\\\/image\\\/\"},\"sameAs\":[\"https:\\\/\\\/www.facebook.com\\\/SLACKTIVITY\\\/\",\"https:\\\/\\\/www.instagram.com\\\/slacktivity\\\/\"]}]}<\/script>\n<!-- \/ Yoast SEO plugin. -->","yoast_head_json":{"title":"TreeProtection Set - 2,4M | SLACKTIVITY Slackline Shop","description":"TreeProtection de slackline com 2,4m Extremamente robusta e dur\u00e1vel gra\u00e7as ao tecido de feltro est\u00e1vel. Prote\u00e7\u00e3o ideal mesmo para \u00e1rvores sens\u00edveis","robots":{"index":"index","follow":"follow","max-snippet":"max-snippet:-1","max-image-preview":"max-image-preview:large","max-video-preview":"max-video-preview:-1"},"canonical":"https:\/\/slacktivity.com\/pt-pt\/shop\/treeprotection-set\/","og_locale":"pt_PT","og_type":"article","og_title":"TreeProtection Set - 2,4M | SLACKTIVITY Slackline Shop","og_description":"TreeProtection de slackline com 2,4m Extremamente robusta e dur\u00e1vel gra\u00e7as ao tecido de feltro est\u00e1vel. Prote\u00e7\u00e3o ideal mesmo para \u00e1rvores sens\u00edveis","og_url":"https:\/\/slacktivity.com\/pt-pt\/shop\/treeprotection-set\/","og_site_name":"Slacktivity Slacklines International Shop","article_publisher":"https:\/\/www.facebook.com\/SLACKTIVITY\/","article_modified_time":"2023-05-04T15:34:56+00:00","og_image":[{"width":1180,"height":1377,"url":"https:\/\/slacktivity.com\/wp-content\/uploads\/2021\/02\/slackline-treeprotecion-set.jpg","type":"image\/jpeg"}],"twitter_card":"summary_large_image","twitter_misc":{"Tempo estimado de leitura":"1 minuto"},"schema":{"@context":"https:\/\/schema.org","@graph":[{"@type":"WebPage","@id":"https:\/\/slacktivity.com\/pt-pt\/shop\/treeprotection-set\/","url":"https:\/\/slacktivity.com\/pt-pt\/shop\/treeprotection-set\/","name":"TreeProtection Set - 2,4M | SLACKTIVITY Slackline Shop","isPartOf":{"@id":"https:\/\/slacktivity.com\/pt-pt\/#website"},"primaryImageOfPage":{"@id":"https:\/\/slacktivity.com\/pt-pt\/shop\/treeprotection-set\/#primaryimage"},"image":{"@id":"https:\/\/slacktivity.com\/pt-pt\/shop\/treeprotection-set\/#primaryimage"},"thumbnailUrl":"https:\/\/slacktivity.com\/wp-content\/uploads\/2021\/02\/slackline-treeprotecion-set.jpg","datePublished":"2021-03-04T13:38:03+00:00","dateModified":"2023-05-04T15:34:56+00:00","description":"TreeProtection de slackline com 2,4m Extremamente robusta e dur\u00e1vel gra\u00e7as ao tecido de feltro est\u00e1vel. Prote\u00e7\u00e3o ideal mesmo para \u00e1rvores sens\u00edveis","breadcrumb":{"@id":"https:\/\/slacktivity.com\/pt-pt\/shop\/treeprotection-set\/#breadcrumb"},"inLanguage":"pt-PT","potentialAction":[{"@type":"ReadAction","target":["https:\/\/slacktivity.com\/pt-pt\/shop\/treeprotection-set\/"]}]},{"@type":"ImageObject","inLanguage":"pt-PT","@id":"https:\/\/slacktivity.com\/pt-pt\/shop\/treeprotection-set\/#primaryimage","url":"https:\/\/slacktivity.com\/wp-content\/uploads\/2021\/02\/slackline-treeprotecion-set.jpg","contentUrl":"https:\/\/slacktivity.com\/wp-content\/uploads\/2021\/02\/slackline-treeprotecion-set.jpg","width":1180,"height":1377,"caption":"slackline treeprotecion set"},{"@type":"BreadcrumbList","@id":"https:\/\/slacktivity.com\/pt-pt\/shop\/treeprotection-set\/#breadcrumb","itemListElement":[{"@type":"ListItem","position":1,"name":"Home","item":"https:\/\/slacktivity.com\/pt-pt\/"},{"@type":"ListItem","position":2,"name":"loja","item":"https:\/\/slacktivity.com\/pt-pt\/loja\/"},{"@type":"ListItem","position":3,"name":"TreeProtection Set"}]},{"@type":"WebSite","@id":"https:\/\/slacktivity.com\/pt-pt\/#website","url":"https:\/\/slacktivity.com\/pt-pt\/","name":"Slacktivity Slacklines International Shop","description":"Discover the innovative products of Slacktivity. Swiss designed premium slackline gear. Advice from our experts for the best and a safe slackline experience.","publisher":{"@id":"https:\/\/slacktivity.com\/pt-pt\/#organization"},"potentialAction":[{"@type":"SearchAction","target":{"@type":"EntryPoint","urlTemplate":"https:\/\/slacktivity.com\/pt-pt\/?s={search_term_string}"},"query-input":{"@type":"PropertyValueSpecification","valueRequired":true,"valueName":"search_term_string"}}],"inLanguage":"pt-PT"},{"@type":"Organization","@id":"https:\/\/slacktivity.com\/pt-pt\/#organization","name":"Slacktivity Slacklines","url":"https:\/\/slacktivity.com\/pt-pt\/","logo":{"@type":"ImageObject","inLanguage":"pt-PT","@id":"https:\/\/slacktivity.com\/pt-pt\/#\/schema\/logo\/image\/","url":"https:\/\/slacktivity.com\/wp-content\/uploads\/2021\/01\/slacktivity-slackline-online-shop-1.png","contentUrl":"https:\/\/slacktivity.com\/wp-content\/uploads\/2021\/01\/slacktivity-slackline-online-shop-1.png","width":200,"height":77,"caption":"Slacktivity Slacklines"},"image":{"@id":"https:\/\/slacktivity.com\/pt-pt\/#\/schema\/logo\/image\/"},"sameAs":["https:\/\/www.facebook.com\/SLACKTIVITY\/","https:\/\/www.instagram.com\/slacktivity\/"]}]}},"_links":{"self":[{"href":"https:\/\/slacktivity.com\/pt-pt\/wp-json\/wp\/v2\/product\/11929","targetHints":{"allow":["GET"]}}],"collection":[{"href":"https:\/\/slacktivity.com\/pt-pt\/wp-json\/wp\/v2\/product"}],"about":[{"href":"https:\/\/slacktivity.com\/pt-pt\/wp-json\/wp\/v2\/types\/product"}],"replies":[{"embeddable":true,"href":"https:\/\/slacktivity.com\/pt-pt\/wp-json\/wp\/v2\/comments?post=11929"}],"wp:featuredmedia":[{"embeddable":true,"href":"https:\/\/slacktivity.com\/pt-pt\/wp-json\/wp\/v2\/media\/10617"}],"wp:attachment":[{"href":"https:\/\/slacktivity.com\/pt-pt\/wp-json\/wp\/v2\/media?parent=11929"}],"wp:term":[{"taxonomy":"product_cat","embeddable":true,"href":"https:\/\/slacktivity.com\/pt-pt\/wp-json\/wp\/v2\/product_cat?post=11929"},{"taxonomy":"product_tag","embeddable":true,"href":"https:\/\/slacktivity.com\/pt-pt\/wp-json\/wp\/v2\/product_tag?post=11929"}],"curies":[{"name":"wp","href":"https:\/\/api.w.org\/{rel}","templated":true}]}}