{"id":11937,"date":"2023-03-06T13:38:28","date_gmt":"2023-05-05T13:58:00","guid":{"rendered":"https:\/\/slacktivity.com\/shop\/davinci\/"},"modified":"2023-05-05T13:58:00","modified_gmt":"2023-05-05T13:58:00","slug":"davinci-slackline","status":"publish","type":"product","link":"https:\/\/slacktivity.com\/pt-pt\/shop\/davinci-slackline\/","title":{"rendered":"DaVinci"},"content":{"rendered":"<h2>Divers\u00e3o na roda com o DaVinci Slackline: um treino de corpo inteiro<\/h2>\n<p>O <strong>DaVinci Slackline <\/strong> proporciona um treino de corpo inteiro e da capacidade de coordena\u00e7\u00e3o. Permite treinar os m\u00fasculos das pernas, tronco e ombros enquanto se aprende movimentos divertidos e malucos &#8211; cuidado: \u00e9 muito viciante! Os movimentos poss\u00edveis no DaVinci Slackline s\u00e3o semelhantes a uma roda de gin\u00e1stica com a diferen\u00e7a que num slackline destes tamb\u00e9m se empurra as quatro linhas do slackline para fora, com os bra\u00e7os e as pernas.<\/p>\n<p>Este Set est\u00e1 dispon\u00edvel em dois comprimentos diferentes. A vers\u00e3o de 4,2m \u00e9 ideal para usar em slacklines\/rodeo-lines ligeiramente esticados de 5-8m de comprimento (DaVinci com extens\u00e3o de slackline em ambas as extremidades). A vers\u00e3o de 7,2m \u00e9 ideal para slacklines tensos (3: 1 com <a href=\"https:\/\/slacktivity.com\/shop\/hangover-royal-pulley-carabiner\/\">HangOver<\/a> Pulley System para 1 pessoa) com um comprimento total de 10-20m.<\/p>\n<p>Para obter a tens\u00e3o desejada com o slackline DaVinci, s\u00e3o necess\u00e1rios extens\u00f5es de slackline tradicionais com loops ou peda\u00e7os de corda.<\/p>\n<p>Depois de fazer v\u00e1rias voltas, o slackline \/ peda\u00e7os de corda ir\u00e3o torcer. Para evitar isso, recomendamos o uso de dois swivels com dois <a href=\"https:\/\/slacktivity.com\/pt-pt\/category\/mosquetoes-de-slackline\/\">mosquet\u00f5es<\/a> e Quick Links de 8 mm \/ Delta Quick Links de 8 mm (consulte os acess\u00f3rios recomendados para mais detalhes).<\/p>\n<p>Ao praticar pela primeira vez, \u00e9 altamente recomend\u00e1vel usar um tapete macio (tapete 16) ou um crash pad. No entanto, ap\u00f3s as primeiras tentativas, percebe-se imediatamente que \u00e9 menos dif\u00edcil do que se imagina no princ\u00edpio.<\/p>\n<p>Mesmo quem n\u00e3o pratica slackline pode aprender a usar o DaVinci slackline. Aconselhamos que uma segunda pessoa ajude at\u00e9 se encontrar a posi\u00e7\u00e3o inicial ideal (para isso s\u00e3o necess\u00e1rias habilidades b\u00e1sicas de slackline).<\/p>\n<h3>O set cont\u00e9m:<\/h3>\n<ul>\n<li><strong>4 x linhas de slackline &#8220;T20&#8221; branco e verde com loops costurados<\/strong><\/li>\n<li><strong>Dispon\u00edvel em dois comprimentos<\/strong> (4.2 and 7.2m)<\/li>\n<li><strong>MBS:<\/strong> 25kN<\/li>\n<li><strong>Peso:<\/strong> 4.2m = 615g \/ 7.2m = 1045g<\/li>\n<\/ul>\n","protected":false},"excerpt":{"rendered":"<p>Rota\u00e7\u00e3o divertida com quatro linhas de slackline \u2013 O treino de corpo inteiro mais viciante! Dispon\u00edvel nas vers\u00f5es de 4,2m e 7,2m.<\/p>\n","protected":false},"featured_media":11938,"comment_status":"open","ping_status":"closed","template":"","meta":{"_acf_changed":false,"_joinchat":[]},"product_cat":[520,926,906],"product_tag":[],"class_list":{"0":"post-11937","1":"product","2":"type-product","3":"status-publish","4":"has-post-thumbnail","6":"product_cat-kits-de-slackline","7":"product_cat-linhas-de-slackline","8":"product_cat-cintas-de-slackline","9":"pa_brand-slacktivity-pt-pt","10":"pa_stretch-high","11":"pa_webbing-material-nylon-pt-pt-2","13":"first","14":"instock","15":"sale","16":"taxable","17":"shipping-taxable","18":"purchasable","19":"product-type-variable","20":"has-default-attributes","swatches":"rey-swatches","show_selected":""},"acf":[],"yoast_head":"<!-- This site is optimized with the Yoast SEO plugin v27.4 - https:\/\/yoast.com\/product\/yoast-seo-wordpress\/ -->\n<title>DaVinci Slackline | SLACKTIVITY International Shop<\/title>\n<meta name=\"description\" content=\"Movimento tipo roda entre quatro fitas de slackline. O DaVinci Slackline \u00e9 uma alternativa econ\u00f3mica ao &quot;Wheel&quot; com instala\u00e7\u00e3o simples.\" \/>\n<meta name=\"robots\" content=\"index, follow, max-snippet:-1, max-image-preview:large, max-video-preview:-1\" \/>\n<link rel=\"canonical\" href=\"https:\/\/slacktivity.com\/pt-pt\/shop\/davinci-slackline\/\" \/>\n<meta property=\"og:locale\" content=\"pt_PT\" \/>\n<meta property=\"og:type\" content=\"article\" \/>\n<meta property=\"og:title\" content=\"DaVinci Slackline | SLACKTIVITY International Shop\" \/>\n<meta property=\"og:description\" content=\"Movimento tipo roda entre quatro fitas de slackline. O DaVinci Slackline \u00e9 uma alternativa econ\u00f3mica ao &quot;Wheel&quot; com instala\u00e7\u00e3o simples.\" \/>\n<meta property=\"og:url\" content=\"https:\/\/slacktivity.com\/pt-pt\/shop\/davinci-slackline\/\" \/>\n<meta property=\"og:site_name\" content=\"Slacktivity Slacklines International Shop\" \/>\n<meta property=\"article:publisher\" content=\"https:\/\/www.facebook.com\/SLACKTIVITY\/\" \/>\n<meta property=\"og:image\" content=\"https:\/\/slacktivity.com\/wp-content\/uploads\/2021\/02\/davinci-slackline.jpg\" \/>\n\t<meta property=\"og:image:width\" content=\"1180\" \/>\n\t<meta property=\"og:image:height\" content=\"1377\" \/>\n\t<meta property=\"og:image:type\" content=\"image\/jpeg\" \/>\n<meta name=\"twitter:card\" content=\"summary_large_image\" \/>\n<meta name=\"twitter:label1\" content=\"Tempo estimado de leitura\" \/>\n\t<meta name=\"twitter:data1\" content=\"2 minutos\" \/>\n<script type=\"application\/ld+json\" class=\"yoast-schema-graph\">{\"@context\":\"https:\\\/\\\/schema.org\",\"@graph\":[{\"@type\":\"WebPage\",\"@id\":\"https:\\\/\\\/slacktivity.com\\\/pt-pt\\\/shop\\\/davinci-slackline\\\/\",\"url\":\"https:\\\/\\\/slacktivity.com\\\/pt-pt\\\/shop\\\/davinci-slackline\\\/\",\"name\":\"DaVinci Slackline | SLACKTIVITY International Shop\",\"isPartOf\":{\"@id\":\"https:\\\/\\\/slacktivity.com\\\/pt-pt\\\/#website\"},\"primaryImageOfPage\":{\"@id\":\"https:\\\/\\\/slacktivity.com\\\/pt-pt\\\/shop\\\/davinci-slackline\\\/#primaryimage\"},\"image\":{\"@id\":\"https:\\\/\\\/slacktivity.com\\\/pt-pt\\\/shop\\\/davinci-slackline\\\/#primaryimage\"},\"thumbnailUrl\":\"https:\\\/\\\/slacktivity.com\\\/wp-content\\\/uploads\\\/2021\\\/02\\\/davinci-slackline.jpg\",\"datePublished\":\"2023-05-05T13:58:00+00:00\",\"description\":\"Movimento tipo roda entre quatro fitas de slackline. O DaVinci Slackline \u00e9 uma alternativa econ\u00f3mica ao \\\"Wheel\\\" com instala\u00e7\u00e3o simples.\",\"breadcrumb\":{\"@id\":\"https:\\\/\\\/slacktivity.com\\\/pt-pt\\\/shop\\\/davinci-slackline\\\/#breadcrumb\"},\"inLanguage\":\"pt-PT\",\"potentialAction\":[{\"@type\":\"ReadAction\",\"target\":[\"https:\\\/\\\/slacktivity.com\\\/pt-pt\\\/shop\\\/davinci-slackline\\\/\"]}]},{\"@type\":\"ImageObject\",\"inLanguage\":\"pt-PT\",\"@id\":\"https:\\\/\\\/slacktivity.com\\\/pt-pt\\\/shop\\\/davinci-slackline\\\/#primaryimage\",\"url\":\"https:\\\/\\\/slacktivity.com\\\/wp-content\\\/uploads\\\/2021\\\/02\\\/davinci-slackline.jpg\",\"contentUrl\":\"https:\\\/\\\/slacktivity.com\\\/wp-content\\\/uploads\\\/2021\\\/02\\\/davinci-slackline.jpg\",\"width\":1180,\"height\":1377},{\"@type\":\"BreadcrumbList\",\"@id\":\"https:\\\/\\\/slacktivity.com\\\/pt-pt\\\/shop\\\/davinci-slackline\\\/#breadcrumb\",\"itemListElement\":[{\"@type\":\"ListItem\",\"position\":1,\"name\":\"Home\",\"item\":\"https:\\\/\\\/slacktivity.com\\\/pt-pt\\\/\"},{\"@type\":\"ListItem\",\"position\":2,\"name\":\"loja\",\"item\":\"https:\\\/\\\/slacktivity.com\\\/pt-pt\\\/loja\\\/\"},{\"@type\":\"ListItem\",\"position\":3,\"name\":\"DaVinci\"}]},{\"@type\":\"WebSite\",\"@id\":\"https:\\\/\\\/slacktivity.com\\\/pt-pt\\\/#website\",\"url\":\"https:\\\/\\\/slacktivity.com\\\/pt-pt\\\/\",\"name\":\"Slacktivity Slacklines International Shop\",\"description\":\"Discover the innovative products of Slacktivity. Swiss designed premium slackline gear. Advice from our experts for the best and a safe slackline experience.\",\"publisher\":{\"@id\":\"https:\\\/\\\/slacktivity.com\\\/pt-pt\\\/#organization\"},\"potentialAction\":[{\"@type\":\"SearchAction\",\"target\":{\"@type\":\"EntryPoint\",\"urlTemplate\":\"https:\\\/\\\/slacktivity.com\\\/pt-pt\\\/?s={search_term_string}\"},\"query-input\":{\"@type\":\"PropertyValueSpecification\",\"valueRequired\":true,\"valueName\":\"search_term_string\"}}],\"inLanguage\":\"pt-PT\"},{\"@type\":\"Organization\",\"@id\":\"https:\\\/\\\/slacktivity.com\\\/pt-pt\\\/#organization\",\"name\":\"Slacktivity Slacklines\",\"url\":\"https:\\\/\\\/slacktivity.com\\\/pt-pt\\\/\",\"logo\":{\"@type\":\"ImageObject\",\"inLanguage\":\"pt-PT\",\"@id\":\"https:\\\/\\\/slacktivity.com\\\/pt-pt\\\/#\\\/schema\\\/logo\\\/image\\\/\",\"url\":\"https:\\\/\\\/slacktivity.com\\\/wp-content\\\/uploads\\\/2021\\\/01\\\/slacktivity-slackline-online-shop-1.png\",\"contentUrl\":\"https:\\\/\\\/slacktivity.com\\\/wp-content\\\/uploads\\\/2021\\\/01\\\/slacktivity-slackline-online-shop-1.png\",\"width\":200,\"height\":77,\"caption\":\"Slacktivity Slacklines\"},\"image\":{\"@id\":\"https:\\\/\\\/slacktivity.com\\\/pt-pt\\\/#\\\/schema\\\/logo\\\/image\\\/\"},\"sameAs\":[\"https:\\\/\\\/www.facebook.com\\\/SLACKTIVITY\\\/\",\"https:\\\/\\\/www.instagram.com\\\/slacktivity\\\/\"]}]}<\/script>\n<!-- \/ Yoast SEO plugin. -->","yoast_head_json":{"title":"DaVinci Slackline | SLACKTIVITY International Shop","description":"Movimento tipo roda entre quatro fitas de slackline. O DaVinci Slackline \u00e9 uma alternativa econ\u00f3mica ao \"Wheel\" com instala\u00e7\u00e3o simples.","robots":{"index":"index","follow":"follow","max-snippet":"max-snippet:-1","max-image-preview":"max-image-preview:large","max-video-preview":"max-video-preview:-1"},"canonical":"https:\/\/slacktivity.com\/pt-pt\/shop\/davinci-slackline\/","og_locale":"pt_PT","og_type":"article","og_title":"DaVinci Slackline | SLACKTIVITY International Shop","og_description":"Movimento tipo roda entre quatro fitas de slackline. O DaVinci Slackline \u00e9 uma alternativa econ\u00f3mica ao \"Wheel\" com instala\u00e7\u00e3o simples.","og_url":"https:\/\/slacktivity.com\/pt-pt\/shop\/davinci-slackline\/","og_site_name":"Slacktivity Slacklines International Shop","article_publisher":"https:\/\/www.facebook.com\/SLACKTIVITY\/","og_image":[{"width":1180,"height":1377,"url":"https:\/\/slacktivity.com\/wp-content\/uploads\/2021\/02\/davinci-slackline.jpg","type":"image\/jpeg"}],"twitter_card":"summary_large_image","twitter_misc":{"Tempo estimado de leitura":"2 minutos"},"schema":{"@context":"https:\/\/schema.org","@graph":[{"@type":"WebPage","@id":"https:\/\/slacktivity.com\/pt-pt\/shop\/davinci-slackline\/","url":"https:\/\/slacktivity.com\/pt-pt\/shop\/davinci-slackline\/","name":"DaVinci Slackline | SLACKTIVITY International Shop","isPartOf":{"@id":"https:\/\/slacktivity.com\/pt-pt\/#website"},"primaryImageOfPage":{"@id":"https:\/\/slacktivity.com\/pt-pt\/shop\/davinci-slackline\/#primaryimage"},"image":{"@id":"https:\/\/slacktivity.com\/pt-pt\/shop\/davinci-slackline\/#primaryimage"},"thumbnailUrl":"https:\/\/slacktivity.com\/wp-content\/uploads\/2021\/02\/davinci-slackline.jpg","datePublished":"2023-05-05T13:58:00+00:00","description":"Movimento tipo roda entre quatro fitas de slackline. O DaVinci Slackline \u00e9 uma alternativa econ\u00f3mica ao \"Wheel\" com instala\u00e7\u00e3o simples.","breadcrumb":{"@id":"https:\/\/slacktivity.com\/pt-pt\/shop\/davinci-slackline\/#breadcrumb"},"inLanguage":"pt-PT","potentialAction":[{"@type":"ReadAction","target":["https:\/\/slacktivity.com\/pt-pt\/shop\/davinci-slackline\/"]}]},{"@type":"ImageObject","inLanguage":"pt-PT","@id":"https:\/\/slacktivity.com\/pt-pt\/shop\/davinci-slackline\/#primaryimage","url":"https:\/\/slacktivity.com\/wp-content\/uploads\/2021\/02\/davinci-slackline.jpg","contentUrl":"https:\/\/slacktivity.com\/wp-content\/uploads\/2021\/02\/davinci-slackline.jpg","width":1180,"height":1377},{"@type":"BreadcrumbList","@id":"https:\/\/slacktivity.com\/pt-pt\/shop\/davinci-slackline\/#breadcrumb","itemListElement":[{"@type":"ListItem","position":1,"name":"Home","item":"https:\/\/slacktivity.com\/pt-pt\/"},{"@type":"ListItem","position":2,"name":"loja","item":"https:\/\/slacktivity.com\/pt-pt\/loja\/"},{"@type":"ListItem","position":3,"name":"DaVinci"}]},{"@type":"WebSite","@id":"https:\/\/slacktivity.com\/pt-pt\/#website","url":"https:\/\/slacktivity.com\/pt-pt\/","name":"Slacktivity Slacklines International Shop","description":"Discover the innovative products of Slacktivity. Swiss designed premium slackline gear. Advice from our experts for the best and a safe slackline experience.","publisher":{"@id":"https:\/\/slacktivity.com\/pt-pt\/#organization"},"potentialAction":[{"@type":"SearchAction","target":{"@type":"EntryPoint","urlTemplate":"https:\/\/slacktivity.com\/pt-pt\/?s={search_term_string}"},"query-input":{"@type":"PropertyValueSpecification","valueRequired":true,"valueName":"search_term_string"}}],"inLanguage":"pt-PT"},{"@type":"Organization","@id":"https:\/\/slacktivity.com\/pt-pt\/#organization","name":"Slacktivity Slacklines","url":"https:\/\/slacktivity.com\/pt-pt\/","logo":{"@type":"ImageObject","inLanguage":"pt-PT","@id":"https:\/\/slacktivity.com\/pt-pt\/#\/schema\/logo\/image\/","url":"https:\/\/slacktivity.com\/wp-content\/uploads\/2021\/01\/slacktivity-slackline-online-shop-1.png","contentUrl":"https:\/\/slacktivity.com\/wp-content\/uploads\/2021\/01\/slacktivity-slackline-online-shop-1.png","width":200,"height":77,"caption":"Slacktivity Slacklines"},"image":{"@id":"https:\/\/slacktivity.com\/pt-pt\/#\/schema\/logo\/image\/"},"sameAs":["https:\/\/www.facebook.com\/SLACKTIVITY\/","https:\/\/www.instagram.com\/slacktivity\/"]}]}},"_links":{"self":[{"href":"https:\/\/slacktivity.com\/pt-pt\/wp-json\/wp\/v2\/product\/11937","targetHints":{"allow":["GET"]}}],"collection":[{"href":"https:\/\/slacktivity.com\/pt-pt\/wp-json\/wp\/v2\/product"}],"about":[{"href":"https:\/\/slacktivity.com\/pt-pt\/wp-json\/wp\/v2\/types\/product"}],"replies":[{"embeddable":true,"href":"https:\/\/slacktivity.com\/pt-pt\/wp-json\/wp\/v2\/comments?post=11937"}],"wp:featuredmedia":[{"embeddable":true,"href":"https:\/\/slacktivity.com\/pt-pt\/wp-json\/wp\/v2\/media\/11938"}],"wp:attachment":[{"href":"https:\/\/slacktivity.com\/pt-pt\/wp-json\/wp\/v2\/media?parent=11937"}],"wp:term":[{"taxonomy":"product_cat","embeddable":true,"href":"https:\/\/slacktivity.com\/pt-pt\/wp-json\/wp\/v2\/product_cat?post=11937"},{"taxonomy":"product_tag","embeddable":true,"href":"https:\/\/slacktivity.com\/pt-pt\/wp-json\/wp\/v2\/product_tag?post=11937"}],"curies":[{"name":"wp","href":"https:\/\/api.w.org\/{rel}","templated":true}]}}