{"id":11942,"date":"2023-03-06T10:39:58","date_gmt":"2023-05-05T14:12:19","guid":{"rendered":"https:\/\/slacktivity.com\/shop\/softrelease\/"},"modified":"2024-08-28T17:59:12","modified_gmt":"2024-08-28T17:59:12","slug":"softrelease-slackline-slow-release","status":"publish","type":"product","link":"https:\/\/slacktivity.com\/pt-pt\/shop\/softrelease-slackline-slow-release\/","title":{"rendered":"softRelease"},"content":{"rendered":"<h2>Sistema softRelease para abertura f\u00e1cil de slacklines<\/h2>\n<p>O sistema softRelease permite a desmontagem lenta e suave do slackline, sem a necessidade de abrir as catracas enquanto o setup ainda est\u00e1 sob muita tens\u00e3o. Tamb\u00e9m permite desmontar longlines e highlines montadas com recurso a Grips. Al\u00e9m do fato de que esta pe\u00e7a aumenta a vida \u00fatil de suas <a href=\"https:\/\/slacktivity.com\/pt-pt\/category\/ancoragem-de-slackline\/\">linhas<\/a> e catracas, ela mitiga alguns riscos em rela\u00e7\u00e3o a situa\u00e7\u00f5es perigosas que podem ocorrer durante a abertura de uma <a href=\"https:\/\/slacktivity.com\/pt-pt\/category\/catracas-para-slackline\/\">catraca<\/a> sob tens\u00e3o. Assim, com este sistema pode-se facilmente destensionar sem preocupa\u00e7\u00f5es com nada.<\/p>\n<p>A pe\u00e7a pesa apenas 180gr. \u00c9 enrolado novamente em 15 segundos ap\u00f3s o uso e \u00e9 preso com uma fivela.<\/p>\n<p>Este sistema \u00e9 adequado para slacklines de at\u00e9 30m (claro, dependendo da quantidade de elasticidade da linha). Para linhas mais longas, recomenda-se o &#8220;<a href=\"https:\/\/slacktivity.com\/?post_type=product&#038;p=3158\" target=\"_blank\" rel=\"noopener\">softRelease4<\/a>&#8221; e &#8220;<a href=\"https:\/\/slacktivity.com\/shop\/softrelease-10m\/\" target=\"_blank\" rel=\"noopener\">softRelease10<\/a>&#8220;.<\/p>\n<h3>Especif\u00edca\u00e7\u00f5es<\/h3>\n<ul>\n<li><strong>Mimimum Breaking Strength (MBS):<\/strong> &gt;60kN<\/li>\n<li><strong>Tecido de prote\u00e7\u00e3o ao redor do end loop<\/strong><\/li>\n<li><strong>Release webbing 25mm<\/strong> (Polyester)<\/li>\n<li><strong>Peso:<\/strong> 180g<\/li>\n<\/ul>\n<p><strong>Nota<\/strong>: Um <a href=\"https:\/\/slacktivity.com\/pt-pt\/category\/mosquetoes-de-slackline\/\">mosquet\u00e3o<\/a> ou <a href=\"https:\/\/slacktivity.com\/pt-pt\/category\/conectores-de-slackline\/shackles-para-slackline\/\">manilha<\/a> adicional \u00e9 necess\u00e1rio para conectar o softRelease a uma catraca ou end loop, para permitir uma abertura lenta do slackline.<\/p>\n<h3>Mais informa\u00e7\u00f5es sobre o sistema de abertura lenta da SLACKTIVITY, o softRelease<\/h3>\n<p class=\"tw-data-text tw-ta tw-text-small\" dir=\"ltr\" data-placeholder=\"Vertaling\"><span lang=\"en\">A SLACKTIVITY foi a primeira a fabricar este tipo de sistema (2011). <span lang=\"en\">Desde ent\u00e3o, esse conceito estabeleceu-se para esse tipo de sistema de destensionamento, no mundo do slackline. <\/span><\/span><\/p>\n<p class=\"tw-data-text tw-ta tw-text-small\" dir=\"ltr\" data-placeholder=\"Vertaling\">O primeiro modelo do softRelease foi equipado com uma tira de velcro. Isso tem suas vantagens de uso, mas a desvantagem de que a for\u00e7a de aperto diminui com o tempo. O modelo atual \u00e9, portanto, equipado com uma fivela de aperto, o que o torna mais dur\u00e1vel.<\/p>\n<p class=\"tw-data-text tw-ta tw-text-small\" dir=\"ltr\" data-placeholder=\"Vertaling\">A vida \u00fatil do softRelease aumenta significativamente se se garantir que o softRelease \u00e9 aberto lentamente e de maneira controlada.<\/p>\n<p class=\"tw-data-text tw-ta tw-text-small\" dir=\"ltr\" data-placeholder=\"Vertaling\">Todos os modelos softRelease s\u00e3o compat\u00edveis com o <a href=\"https:\/\/slacktivity.com\/shop\/slacktivity-seahorse\/\">seaHorse-DP<\/a> (SLACKTIVITY-WebLock com pino duplo). Esta combina\u00e7\u00e3o permite que o softRelease seja instalado com apenas uma manilha.<\/p>\n<p dir=\"ltr\" data-placeholder=\"Vertaling\"><strong>Nota<\/strong>: a cor pode ser diferente da exibida nas fotos.<\/p>\n<p dir=\"ltr\" data-placeholder=\"Vertaling\"><strong>Confira o v\u00eddeo abaixo para ver como usar o softRelease<\/strong><\/p>\n<div class=\"iframe-container\"><iframe title=\"YouTube video player\" src=\"https:\/\/www.youtube.com\/embed\/eQyIDrLMyy8\" width=\"560\" height=\"315\" frameborder=\"0\" allowfullscreen=\"allowfullscreen\"><\/iframe><\/div>\n","protected":false},"excerpt":{"rendered":"<p>O softRelease foi desenvolvido para permitir a abertura lenta e suave do slackline durante, durante a desmontagem. Para evitar qualquer danos na linha ao abrir uma catraca.<\/p>\n","protected":false},"featured_media":12974,"comment_status":"open","ping_status":"closed","template":"","meta":{"_acf_changed":false,"_joinchat":[]},"product_cat":[903,528],"product_tag":[549,909,562],"class_list":{"0":"post-11942","1":"product","2":"type-product","3":"status-publish","4":"has-post-thumbnail","6":"product_cat-slackline-soft-release","7":"product_cat-pecas-de-tensionamento","8":"product_tag-iniciantes","9":"product_tag-slackline-indoor","10":"product_tag-trickline-pt-pt","11":"pa_brand-slacktivity-pt-pt","13":"first","14":"instock","15":"taxable","16":"shipping-taxable","17":"purchasable","18":"product-type-variable","swatches":"rey-swatches","show_selected":""},"acf":[],"yoast_head":"<!-- This site is optimized with the Yoast SEO plugin v27.4 - https:\/\/yoast.com\/product\/yoast-seo-wordpress\/ -->\n<title>softRelease | Sistema para abrir slacklines facilmento<\/title>\n<meta name=\"description\" content=\"O softRelease foi desenvolvido para permitir a abertura lenta e suave do slackline durante, durante a desmontagem. Aumenta a seguran\u00e7a e a vida \u00fatil do equipamento.\" \/>\n<meta name=\"robots\" content=\"index, follow, max-snippet:-1, max-image-preview:large, max-video-preview:-1\" \/>\n<link rel=\"canonical\" href=\"https:\/\/slacktivity.com\/pt-pt\/shop\/softrelease-slackline-slow-release\/\" \/>\n<meta property=\"og:locale\" content=\"pt_PT\" \/>\n<meta property=\"og:type\" content=\"article\" \/>\n<meta property=\"og:title\" content=\"softRelease | Sistema para abrir slacklines facilmento\" \/>\n<meta property=\"og:description\" content=\"O softRelease foi desenvolvido para permitir a abertura lenta e suave do slackline durante, durante a desmontagem. Aumenta a seguran\u00e7a e a vida \u00fatil do equipamento.\" \/>\n<meta property=\"og:url\" content=\"https:\/\/slacktivity.com\/pt-pt\/shop\/softrelease-slackline-slow-release\/\" \/>\n<meta property=\"og:site_name\" content=\"Slacktivity Slacklines International Shop\" \/>\n<meta property=\"article:publisher\" content=\"https:\/\/www.facebook.com\/SLACKTIVITY\/\" \/>\n<meta property=\"article:modified_time\" content=\"2024-08-28T17:59:12+00:00\" \/>\n<meta property=\"og:image\" content=\"https:\/\/slacktivity.com\/wp-content\/uploads\/2021\/02\/softrelease-slackline-slow-release-system.jpg\" \/>\n\t<meta property=\"og:image:width\" content=\"1180\" \/>\n\t<meta property=\"og:image:height\" content=\"1377\" \/>\n\t<meta property=\"og:image:type\" content=\"image\/jpeg\" \/>\n<meta name=\"twitter:card\" content=\"summary_large_image\" \/>\n<meta name=\"twitter:label1\" content=\"Tempo estimado de leitura\" \/>\n\t<meta name=\"twitter:data1\" content=\"2 minutos\" \/>\n<script type=\"application\/ld+json\" class=\"yoast-schema-graph\">{\"@context\":\"https:\\\/\\\/schema.org\",\"@graph\":[{\"@type\":\"WebPage\",\"@id\":\"https:\\\/\\\/slacktivity.com\\\/pt-pt\\\/shop\\\/softrelease-slackline-slow-release\\\/\",\"url\":\"https:\\\/\\\/slacktivity.com\\\/pt-pt\\\/shop\\\/softrelease-slackline-slow-release\\\/\",\"name\":\"softRelease | Sistema para abrir slacklines facilmento\",\"isPartOf\":{\"@id\":\"https:\\\/\\\/slacktivity.com\\\/pt-pt\\\/#website\"},\"primaryImageOfPage\":{\"@id\":\"https:\\\/\\\/slacktivity.com\\\/pt-pt\\\/shop\\\/softrelease-slackline-slow-release\\\/#primaryimage\"},\"image\":{\"@id\":\"https:\\\/\\\/slacktivity.com\\\/pt-pt\\\/shop\\\/softrelease-slackline-slow-release\\\/#primaryimage\"},\"thumbnailUrl\":\"https:\\\/\\\/slacktivity.com\\\/wp-content\\\/uploads\\\/2021\\\/02\\\/softrelease-slackline-slow-release-system-2.jpg\",\"datePublished\":\"2023-05-05T14:12:19+00:00\",\"dateModified\":\"2024-08-28T17:59:12+00:00\",\"description\":\"O softRelease foi desenvolvido para permitir a abertura lenta e suave do slackline durante, durante a desmontagem. Aumenta a seguran\u00e7a e a vida \u00fatil do equipamento.\",\"breadcrumb\":{\"@id\":\"https:\\\/\\\/slacktivity.com\\\/pt-pt\\\/shop\\\/softrelease-slackline-slow-release\\\/#breadcrumb\"},\"inLanguage\":\"pt-PT\",\"potentialAction\":[{\"@type\":\"ReadAction\",\"target\":[\"https:\\\/\\\/slacktivity.com\\\/pt-pt\\\/shop\\\/softrelease-slackline-slow-release\\\/\"]}]},{\"@type\":\"ImageObject\",\"inLanguage\":\"pt-PT\",\"@id\":\"https:\\\/\\\/slacktivity.com\\\/pt-pt\\\/shop\\\/softrelease-slackline-slow-release\\\/#primaryimage\",\"url\":\"https:\\\/\\\/slacktivity.com\\\/wp-content\\\/uploads\\\/2021\\\/02\\\/softrelease-slackline-slow-release-system-2.jpg\",\"contentUrl\":\"https:\\\/\\\/slacktivity.com\\\/wp-content\\\/uploads\\\/2021\\\/02\\\/softrelease-slackline-slow-release-system-2.jpg\",\"width\":1180,\"height\":1377,\"caption\":\"softrelease slackline slow release system\"},{\"@type\":\"BreadcrumbList\",\"@id\":\"https:\\\/\\\/slacktivity.com\\\/pt-pt\\\/shop\\\/softrelease-slackline-slow-release\\\/#breadcrumb\",\"itemListElement\":[{\"@type\":\"ListItem\",\"position\":1,\"name\":\"Home\",\"item\":\"https:\\\/\\\/slacktivity.com\\\/pt-pt\\\/\"},{\"@type\":\"ListItem\",\"position\":2,\"name\":\"loja\",\"item\":\"https:\\\/\\\/slacktivity.com\\\/pt-pt\\\/loja\\\/\"},{\"@type\":\"ListItem\",\"position\":3,\"name\":\"softRelease\"}]},{\"@type\":\"WebSite\",\"@id\":\"https:\\\/\\\/slacktivity.com\\\/pt-pt\\\/#website\",\"url\":\"https:\\\/\\\/slacktivity.com\\\/pt-pt\\\/\",\"name\":\"Slacktivity Slacklines International Shop\",\"description\":\"Discover the innovative products of Slacktivity. Swiss designed premium slackline gear. Advice from our experts for the best and a safe slackline experience.\",\"publisher\":{\"@id\":\"https:\\\/\\\/slacktivity.com\\\/pt-pt\\\/#organization\"},\"potentialAction\":[{\"@type\":\"SearchAction\",\"target\":{\"@type\":\"EntryPoint\",\"urlTemplate\":\"https:\\\/\\\/slacktivity.com\\\/pt-pt\\\/?s={search_term_string}\"},\"query-input\":{\"@type\":\"PropertyValueSpecification\",\"valueRequired\":true,\"valueName\":\"search_term_string\"}}],\"inLanguage\":\"pt-PT\"},{\"@type\":\"Organization\",\"@id\":\"https:\\\/\\\/slacktivity.com\\\/pt-pt\\\/#organization\",\"name\":\"Slacktivity Slacklines\",\"url\":\"https:\\\/\\\/slacktivity.com\\\/pt-pt\\\/\",\"logo\":{\"@type\":\"ImageObject\",\"inLanguage\":\"pt-PT\",\"@id\":\"https:\\\/\\\/slacktivity.com\\\/pt-pt\\\/#\\\/schema\\\/logo\\\/image\\\/\",\"url\":\"https:\\\/\\\/slacktivity.com\\\/wp-content\\\/uploads\\\/2021\\\/01\\\/slacktivity-slackline-online-shop-1.png\",\"contentUrl\":\"https:\\\/\\\/slacktivity.com\\\/wp-content\\\/uploads\\\/2021\\\/01\\\/slacktivity-slackline-online-shop-1.png\",\"width\":200,\"height\":77,\"caption\":\"Slacktivity Slacklines\"},\"image\":{\"@id\":\"https:\\\/\\\/slacktivity.com\\\/pt-pt\\\/#\\\/schema\\\/logo\\\/image\\\/\"},\"sameAs\":[\"https:\\\/\\\/www.facebook.com\\\/SLACKTIVITY\\\/\",\"https:\\\/\\\/www.instagram.com\\\/slacktivity\\\/\"]}]}<\/script>\n<!-- \/ Yoast SEO plugin. -->","yoast_head_json":{"title":"softRelease | Sistema para abrir slacklines facilmento","description":"O softRelease foi desenvolvido para permitir a abertura lenta e suave do slackline durante, durante a desmontagem. Aumenta a seguran\u00e7a e a vida \u00fatil do equipamento.","robots":{"index":"index","follow":"follow","max-snippet":"max-snippet:-1","max-image-preview":"max-image-preview:large","max-video-preview":"max-video-preview:-1"},"canonical":"https:\/\/slacktivity.com\/pt-pt\/shop\/softrelease-slackline-slow-release\/","og_locale":"pt_PT","og_type":"article","og_title":"softRelease | Sistema para abrir slacklines facilmento","og_description":"O softRelease foi desenvolvido para permitir a abertura lenta e suave do slackline durante, durante a desmontagem. Aumenta a seguran\u00e7a e a vida \u00fatil do equipamento.","og_url":"https:\/\/slacktivity.com\/pt-pt\/shop\/softrelease-slackline-slow-release\/","og_site_name":"Slacktivity Slacklines International Shop","article_publisher":"https:\/\/www.facebook.com\/SLACKTIVITY\/","article_modified_time":"2024-08-28T17:59:12+00:00","og_image":[{"width":1180,"height":1377,"url":"https:\/\/slacktivity.com\/wp-content\/uploads\/2021\/02\/softrelease-slackline-slow-release-system.jpg","type":"image\/jpeg"}],"twitter_card":"summary_large_image","twitter_misc":{"Tempo estimado de leitura":"2 minutos"},"schema":{"@context":"https:\/\/schema.org","@graph":[{"@type":"WebPage","@id":"https:\/\/slacktivity.com\/pt-pt\/shop\/softrelease-slackline-slow-release\/","url":"https:\/\/slacktivity.com\/pt-pt\/shop\/softrelease-slackline-slow-release\/","name":"softRelease | Sistema para abrir slacklines facilmento","isPartOf":{"@id":"https:\/\/slacktivity.com\/pt-pt\/#website"},"primaryImageOfPage":{"@id":"https:\/\/slacktivity.com\/pt-pt\/shop\/softrelease-slackline-slow-release\/#primaryimage"},"image":{"@id":"https:\/\/slacktivity.com\/pt-pt\/shop\/softrelease-slackline-slow-release\/#primaryimage"},"thumbnailUrl":"https:\/\/slacktivity.com\/wp-content\/uploads\/2021\/02\/softrelease-slackline-slow-release-system-2.jpg","datePublished":"2023-05-05T14:12:19+00:00","dateModified":"2024-08-28T17:59:12+00:00","description":"O softRelease foi desenvolvido para permitir a abertura lenta e suave do slackline durante, durante a desmontagem. Aumenta a seguran\u00e7a e a vida \u00fatil do equipamento.","breadcrumb":{"@id":"https:\/\/slacktivity.com\/pt-pt\/shop\/softrelease-slackline-slow-release\/#breadcrumb"},"inLanguage":"pt-PT","potentialAction":[{"@type":"ReadAction","target":["https:\/\/slacktivity.com\/pt-pt\/shop\/softrelease-slackline-slow-release\/"]}]},{"@type":"ImageObject","inLanguage":"pt-PT","@id":"https:\/\/slacktivity.com\/pt-pt\/shop\/softrelease-slackline-slow-release\/#primaryimage","url":"https:\/\/slacktivity.com\/wp-content\/uploads\/2021\/02\/softrelease-slackline-slow-release-system-2.jpg","contentUrl":"https:\/\/slacktivity.com\/wp-content\/uploads\/2021\/02\/softrelease-slackline-slow-release-system-2.jpg","width":1180,"height":1377,"caption":"softrelease slackline slow release system"},{"@type":"BreadcrumbList","@id":"https:\/\/slacktivity.com\/pt-pt\/shop\/softrelease-slackline-slow-release\/#breadcrumb","itemListElement":[{"@type":"ListItem","position":1,"name":"Home","item":"https:\/\/slacktivity.com\/pt-pt\/"},{"@type":"ListItem","position":2,"name":"loja","item":"https:\/\/slacktivity.com\/pt-pt\/loja\/"},{"@type":"ListItem","position":3,"name":"softRelease"}]},{"@type":"WebSite","@id":"https:\/\/slacktivity.com\/pt-pt\/#website","url":"https:\/\/slacktivity.com\/pt-pt\/","name":"Slacktivity Slacklines International Shop","description":"Discover the innovative products of Slacktivity. Swiss designed premium slackline gear. Advice from our experts for the best and a safe slackline experience.","publisher":{"@id":"https:\/\/slacktivity.com\/pt-pt\/#organization"},"potentialAction":[{"@type":"SearchAction","target":{"@type":"EntryPoint","urlTemplate":"https:\/\/slacktivity.com\/pt-pt\/?s={search_term_string}"},"query-input":{"@type":"PropertyValueSpecification","valueRequired":true,"valueName":"search_term_string"}}],"inLanguage":"pt-PT"},{"@type":"Organization","@id":"https:\/\/slacktivity.com\/pt-pt\/#organization","name":"Slacktivity Slacklines","url":"https:\/\/slacktivity.com\/pt-pt\/","logo":{"@type":"ImageObject","inLanguage":"pt-PT","@id":"https:\/\/slacktivity.com\/pt-pt\/#\/schema\/logo\/image\/","url":"https:\/\/slacktivity.com\/wp-content\/uploads\/2021\/01\/slacktivity-slackline-online-shop-1.png","contentUrl":"https:\/\/slacktivity.com\/wp-content\/uploads\/2021\/01\/slacktivity-slackline-online-shop-1.png","width":200,"height":77,"caption":"Slacktivity Slacklines"},"image":{"@id":"https:\/\/slacktivity.com\/pt-pt\/#\/schema\/logo\/image\/"},"sameAs":["https:\/\/www.facebook.com\/SLACKTIVITY\/","https:\/\/www.instagram.com\/slacktivity\/"]}]}},"_links":{"self":[{"href":"https:\/\/slacktivity.com\/pt-pt\/wp-json\/wp\/v2\/product\/11942","targetHints":{"allow":["GET"]}}],"collection":[{"href":"https:\/\/slacktivity.com\/pt-pt\/wp-json\/wp\/v2\/product"}],"about":[{"href":"https:\/\/slacktivity.com\/pt-pt\/wp-json\/wp\/v2\/types\/product"}],"replies":[{"embeddable":true,"href":"https:\/\/slacktivity.com\/pt-pt\/wp-json\/wp\/v2\/comments?post=11942"}],"wp:featuredmedia":[{"embeddable":true,"href":"https:\/\/slacktivity.com\/pt-pt\/wp-json\/wp\/v2\/media\/12974"}],"wp:attachment":[{"href":"https:\/\/slacktivity.com\/pt-pt\/wp-json\/wp\/v2\/media?parent=11942"}],"wp:term":[{"taxonomy":"product_cat","embeddable":true,"href":"https:\/\/slacktivity.com\/pt-pt\/wp-json\/wp\/v2\/product_cat?post=11942"},{"taxonomy":"product_tag","embeddable":true,"href":"https:\/\/slacktivity.com\/pt-pt\/wp-json\/wp\/v2\/product_tag?post=11942"}],"curies":[{"name":"wp","href":"https:\/\/api.w.org\/{rel}","templated":true}]}}