{"id":11945,"date":"2021-03-23T13:37:59","date_gmt":"2023-05-05T14:17:58","guid":{"rendered":"https:\/\/slacktivity.com\/shop\/softrelease-4m\/"},"modified":"2023-05-05T14:17:59","modified_gmt":"2023-05-05T14:17:59","slug":"softrelease-4m","status":"publish","type":"product","link":"https:\/\/slacktivity.com\/pt-pt\/shop\/softrelease-4m\/","title":{"rendered":"softRelease &#8211; 4m"},"content":{"rendered":"<h2>softRelease &#8211; 4m<\/h2>\n<p>Este modelo de <strong>softRelease<\/strong> tem <strong>4m<\/strong> de fita de libera\u00e7\u00e3o que permite destensionar facilmente um <a href=\"https:\/\/slacktivity.com\/shop\/redtube-30m-200m\/\">redTube<\/a> de 35m de comprimento com 8kN de pr\u00e9-tens\u00e3o ou uma <a href=\"\/shop\/marathon-50m-500m\/\">Marathon<\/a> de 80m de comprimento, com 8kN de pr\u00e9-tens\u00e3o.<\/p>\n<h3>Especifica\u00e7\u00f5es do softRelease &#8211; 4m<\/h3>\n<ul>\n<li><strong>Maximal Breaking Strength (MBS) :<\/strong> &gt;60kN<\/li>\n<li>Tecido de prote\u00e7\u00e3o ao redor do end loop<\/li>\n<li><strong>Corpo:<\/strong> 25mm (Polyester)<\/li>\n<li><strong>Cinta de liberta\u00e7\u00e3o extra:<\/strong> 19mm breit (Polyamid)<\/li>\n<li><strong>Peso:<\/strong> 282g<\/li>\n<\/ul>\n<p><strong>Nota<\/strong>: Um <a href=\"https:\/\/slacktivity.com\/shop\/slackline-carabiner\/\">mosquet\u00e3o<\/a> ou <a href=\"https:\/\/slacktivity.com\/shop\/14mm-shackle\/\">manilha<\/a> adicional \u00e9 necess\u00e1rio para conectar o softRelease &#8211; 4m a uma catraca ou end loop.<\/p>\n<h3>Mais informa\u00e7\u00e3o:<\/h3>\n<p class=\"tw-data-text tw-ta tw-text-small\" dir=\"ltr\" data-placeholder=\"Vertaling\"><span lang=\"en\">SLACKTIVITY foi a primeira marca de slackline a produzir o sistema softRelease (2011). <span lang=\"en\">Desde ent\u00e3o, esse conceito estabeleceu-se para esse tipo de sistema de destensionamento, no mundo do slackline. <\/span><\/span><\/p>\n<p class=\"tw-data-text tw-ta tw-text-small\" dir=\"ltr\" data-placeholder=\"Vertaling\">O primeiro modelo do softRelease foi equipado com uma tira de velcro. Isso tem suas vantagens de uso, mas a desvantagem de que a for\u00e7a de aperto diminui com o tempo. O modelo atual \u00e9, portanto, equipado com uma fivela de aperto, o que torna o softRelease mais dur\u00e1vel.<\/p>\n<p class=\"tw-data-text tw-ta tw-text-small\" dir=\"ltr\" data-placeholder=\"Vertaling\">A vida \u00fatil do softRelease aumenta significativamente se se garantir que ele \u00e9 aberto lentamente e de maneira controlada.<\/p>\n<p class=\"tw-data-text tw-ta tw-text-small\" dir=\"ltr\" data-placeholder=\"Vertaling\">Todos os modelos softRelease s\u00e3o compat\u00edveis com o <a href=\"https:\/\/slacktivity.com\/shop\/slacktivity-seahorse\/\">seaHorse-DP<\/a> (SLACKTIVITY-WebLock com pino duplo). Esta combina\u00e7\u00e3o permite que seja instalado com apenas uma manilha.<\/p>\n<p dir=\"ltr\" data-placeholder=\"Vertaling\"><strong>Confira o v\u00eddeo abaixo para ver como usar o softRelease<\/strong><\/p>\n<div class=\"iframe-container\"><iframe title=\"YouTube video player\" src=\"https:\/\/www.youtube.com\/embed\/eQyIDrLMyy8\" width=\"560\" height=\"315\" frameborder=\"0\" allowfullscreen=\"allowfullscreen\"><\/iframe><\/div>\n","protected":false},"excerpt":{"rendered":"<p>O softRelease &#8211; 4m \u00e9 um sistema de f\u00e1cil de longlines que permite um processo de destensionamento do slackline muito simples, suave e seguro.<\/p>\n","protected":false},"featured_media":11946,"comment_status":"open","ping_status":"closed","template":"","meta":{"_acf_changed":false,"_joinchat":[]},"product_cat":[903,528],"product_tag":[555],"class_list":{"0":"post-11945","1":"product","2":"type-product","3":"status-publish","4":"has-post-thumbnail","6":"product_cat-slackline-soft-release","7":"product_cat-pecas-de-tensionamento","8":"product_tag-longline","9":"pa_brand-slacktivity-pt-pt","10":"pa_webbing-material-poliester","12":"first","13":"instock","14":"sale","15":"taxable","16":"shipping-taxable","17":"purchasable","18":"product-type-simple","swatches":"rey-swatches","show_selected":""},"acf":[],"yoast_head":"<!-- This site is optimized with the Yoast SEO plugin v27.4 - https:\/\/yoast.com\/product\/yoast-seo-wordpress\/ -->\n<title>softRelease - 4m | Sistema para Easy Release | SLACKTIVITY<\/title>\n<meta name=\"description\" content=\"O softRelease - 4m \u00e9 um sistema de f\u00e1cil de longlines que permite um processo de destensionamento do slackline muito simples, suave e seguro.\" \/>\n<meta name=\"robots\" content=\"index, follow, max-snippet:-1, max-image-preview:large, max-video-preview:-1\" \/>\n<link rel=\"canonical\" href=\"https:\/\/slacktivity.com\/pt-pt\/shop\/softrelease-4m\/\" \/>\n<meta property=\"og:locale\" content=\"pt_PT\" \/>\n<meta property=\"og:type\" content=\"article\" \/>\n<meta property=\"og:title\" content=\"softRelease - 4m | Sistema para Easy Release | SLACKTIVITY\" \/>\n<meta property=\"og:description\" content=\"O softRelease - 4m \u00e9 um sistema de f\u00e1cil de longlines que permite um processo de destensionamento do slackline muito simples, suave e seguro.\" \/>\n<meta property=\"og:url\" content=\"https:\/\/slacktivity.com\/pt-pt\/shop\/softrelease-4m\/\" \/>\n<meta property=\"og:site_name\" content=\"Slacktivity Slacklines International Shop\" \/>\n<meta property=\"article:publisher\" content=\"https:\/\/www.facebook.com\/SLACKTIVITY\/\" \/>\n<meta property=\"article:modified_time\" content=\"2023-05-05T14:17:59+00:00\" \/>\n<meta property=\"og:image\" content=\"https:\/\/slacktivity.com\/wp-content\/uploads\/2021\/02\/softrelease-4m-slackline-easy-release-system.jpg\" \/>\n\t<meta property=\"og:image:width\" content=\"1180\" \/>\n\t<meta property=\"og:image:height\" content=\"1377\" \/>\n\t<meta property=\"og:image:type\" content=\"image\/jpeg\" \/>\n<meta name=\"twitter:card\" content=\"summary_large_image\" \/>\n<meta name=\"twitter:label1\" content=\"Tempo estimado de leitura\" \/>\n\t<meta name=\"twitter:data1\" content=\"1 minuto\" \/>\n<script type=\"application\/ld+json\" class=\"yoast-schema-graph\">{\"@context\":\"https:\\\/\\\/schema.org\",\"@graph\":[{\"@type\":\"WebPage\",\"@id\":\"https:\\\/\\\/slacktivity.com\\\/pt-pt\\\/shop\\\/softrelease-4m\\\/\",\"url\":\"https:\\\/\\\/slacktivity.com\\\/pt-pt\\\/shop\\\/softrelease-4m\\\/\",\"name\":\"softRelease - 4m | Sistema para Easy Release | SLACKTIVITY\",\"isPartOf\":{\"@id\":\"https:\\\/\\\/slacktivity.com\\\/pt-pt\\\/#website\"},\"primaryImageOfPage\":{\"@id\":\"https:\\\/\\\/slacktivity.com\\\/pt-pt\\\/shop\\\/softrelease-4m\\\/#primaryimage\"},\"image\":{\"@id\":\"https:\\\/\\\/slacktivity.com\\\/pt-pt\\\/shop\\\/softrelease-4m\\\/#primaryimage\"},\"thumbnailUrl\":\"https:\\\/\\\/slacktivity.com\\\/wp-content\\\/uploads\\\/2021\\\/02\\\/softrelease-4m-slackline-easy-release-system.jpg\",\"datePublished\":\"2023-05-05T14:17:58+00:00\",\"dateModified\":\"2023-05-05T14:17:59+00:00\",\"description\":\"O softRelease - 4m \u00e9 um sistema de f\u00e1cil de longlines que permite um processo de destensionamento do slackline muito simples, suave e seguro.\",\"breadcrumb\":{\"@id\":\"https:\\\/\\\/slacktivity.com\\\/pt-pt\\\/shop\\\/softrelease-4m\\\/#breadcrumb\"},\"inLanguage\":\"pt-PT\",\"potentialAction\":[{\"@type\":\"ReadAction\",\"target\":[\"https:\\\/\\\/slacktivity.com\\\/pt-pt\\\/shop\\\/softrelease-4m\\\/\"]}]},{\"@type\":\"ImageObject\",\"inLanguage\":\"pt-PT\",\"@id\":\"https:\\\/\\\/slacktivity.com\\\/pt-pt\\\/shop\\\/softrelease-4m\\\/#primaryimage\",\"url\":\"https:\\\/\\\/slacktivity.com\\\/wp-content\\\/uploads\\\/2021\\\/02\\\/softrelease-4m-slackline-easy-release-system.jpg\",\"contentUrl\":\"https:\\\/\\\/slacktivity.com\\\/wp-content\\\/uploads\\\/2021\\\/02\\\/softrelease-4m-slackline-easy-release-system.jpg\",\"width\":1180,\"height\":1377},{\"@type\":\"BreadcrumbList\",\"@id\":\"https:\\\/\\\/slacktivity.com\\\/pt-pt\\\/shop\\\/softrelease-4m\\\/#breadcrumb\",\"itemListElement\":[{\"@type\":\"ListItem\",\"position\":1,\"name\":\"Home\",\"item\":\"https:\\\/\\\/slacktivity.com\\\/pt-pt\\\/\"},{\"@type\":\"ListItem\",\"position\":2,\"name\":\"loja\",\"item\":\"https:\\\/\\\/slacktivity.com\\\/pt-pt\\\/loja\\\/\"},{\"@type\":\"ListItem\",\"position\":3,\"name\":\"softRelease &#8211; 4m\"}]},{\"@type\":\"WebSite\",\"@id\":\"https:\\\/\\\/slacktivity.com\\\/pt-pt\\\/#website\",\"url\":\"https:\\\/\\\/slacktivity.com\\\/pt-pt\\\/\",\"name\":\"Slacktivity Slacklines International Shop\",\"description\":\"Discover the innovative products of Slacktivity. Swiss designed premium slackline gear. Advice from our experts for the best and a safe slackline experience.\",\"publisher\":{\"@id\":\"https:\\\/\\\/slacktivity.com\\\/pt-pt\\\/#organization\"},\"potentialAction\":[{\"@type\":\"SearchAction\",\"target\":{\"@type\":\"EntryPoint\",\"urlTemplate\":\"https:\\\/\\\/slacktivity.com\\\/pt-pt\\\/?s={search_term_string}\"},\"query-input\":{\"@type\":\"PropertyValueSpecification\",\"valueRequired\":true,\"valueName\":\"search_term_string\"}}],\"inLanguage\":\"pt-PT\"},{\"@type\":\"Organization\",\"@id\":\"https:\\\/\\\/slacktivity.com\\\/pt-pt\\\/#organization\",\"name\":\"Slacktivity Slacklines\",\"url\":\"https:\\\/\\\/slacktivity.com\\\/pt-pt\\\/\",\"logo\":{\"@type\":\"ImageObject\",\"inLanguage\":\"pt-PT\",\"@id\":\"https:\\\/\\\/slacktivity.com\\\/pt-pt\\\/#\\\/schema\\\/logo\\\/image\\\/\",\"url\":\"https:\\\/\\\/slacktivity.com\\\/wp-content\\\/uploads\\\/2021\\\/01\\\/slacktivity-slackline-online-shop-1.png\",\"contentUrl\":\"https:\\\/\\\/slacktivity.com\\\/wp-content\\\/uploads\\\/2021\\\/01\\\/slacktivity-slackline-online-shop-1.png\",\"width\":200,\"height\":77,\"caption\":\"Slacktivity Slacklines\"},\"image\":{\"@id\":\"https:\\\/\\\/slacktivity.com\\\/pt-pt\\\/#\\\/schema\\\/logo\\\/image\\\/\"},\"sameAs\":[\"https:\\\/\\\/www.facebook.com\\\/SLACKTIVITY\\\/\",\"https:\\\/\\\/www.instagram.com\\\/slacktivity\\\/\"]}]}<\/script>\n<!-- \/ Yoast SEO plugin. -->","yoast_head_json":{"title":"softRelease - 4m | Sistema para Easy Release | SLACKTIVITY","description":"O softRelease - 4m \u00e9 um sistema de f\u00e1cil de longlines que permite um processo de destensionamento do slackline muito simples, suave e seguro.","robots":{"index":"index","follow":"follow","max-snippet":"max-snippet:-1","max-image-preview":"max-image-preview:large","max-video-preview":"max-video-preview:-1"},"canonical":"https:\/\/slacktivity.com\/pt-pt\/shop\/softrelease-4m\/","og_locale":"pt_PT","og_type":"article","og_title":"softRelease - 4m | Sistema para Easy Release | SLACKTIVITY","og_description":"O softRelease - 4m \u00e9 um sistema de f\u00e1cil de longlines que permite um processo de destensionamento do slackline muito simples, suave e seguro.","og_url":"https:\/\/slacktivity.com\/pt-pt\/shop\/softrelease-4m\/","og_site_name":"Slacktivity Slacklines International Shop","article_publisher":"https:\/\/www.facebook.com\/SLACKTIVITY\/","article_modified_time":"2023-05-05T14:17:59+00:00","og_image":[{"width":1180,"height":1377,"url":"https:\/\/slacktivity.com\/wp-content\/uploads\/2021\/02\/softrelease-4m-slackline-easy-release-system.jpg","type":"image\/jpeg"}],"twitter_card":"summary_large_image","twitter_misc":{"Tempo estimado de leitura":"1 minuto"},"schema":{"@context":"https:\/\/schema.org","@graph":[{"@type":"WebPage","@id":"https:\/\/slacktivity.com\/pt-pt\/shop\/softrelease-4m\/","url":"https:\/\/slacktivity.com\/pt-pt\/shop\/softrelease-4m\/","name":"softRelease - 4m | Sistema para Easy Release | SLACKTIVITY","isPartOf":{"@id":"https:\/\/slacktivity.com\/pt-pt\/#website"},"primaryImageOfPage":{"@id":"https:\/\/slacktivity.com\/pt-pt\/shop\/softrelease-4m\/#primaryimage"},"image":{"@id":"https:\/\/slacktivity.com\/pt-pt\/shop\/softrelease-4m\/#primaryimage"},"thumbnailUrl":"https:\/\/slacktivity.com\/wp-content\/uploads\/2021\/02\/softrelease-4m-slackline-easy-release-system.jpg","datePublished":"2023-05-05T14:17:58+00:00","dateModified":"2023-05-05T14:17:59+00:00","description":"O softRelease - 4m \u00e9 um sistema de f\u00e1cil de longlines que permite um processo de destensionamento do slackline muito simples, suave e seguro.","breadcrumb":{"@id":"https:\/\/slacktivity.com\/pt-pt\/shop\/softrelease-4m\/#breadcrumb"},"inLanguage":"pt-PT","potentialAction":[{"@type":"ReadAction","target":["https:\/\/slacktivity.com\/pt-pt\/shop\/softrelease-4m\/"]}]},{"@type":"ImageObject","inLanguage":"pt-PT","@id":"https:\/\/slacktivity.com\/pt-pt\/shop\/softrelease-4m\/#primaryimage","url":"https:\/\/slacktivity.com\/wp-content\/uploads\/2021\/02\/softrelease-4m-slackline-easy-release-system.jpg","contentUrl":"https:\/\/slacktivity.com\/wp-content\/uploads\/2021\/02\/softrelease-4m-slackline-easy-release-system.jpg","width":1180,"height":1377},{"@type":"BreadcrumbList","@id":"https:\/\/slacktivity.com\/pt-pt\/shop\/softrelease-4m\/#breadcrumb","itemListElement":[{"@type":"ListItem","position":1,"name":"Home","item":"https:\/\/slacktivity.com\/pt-pt\/"},{"@type":"ListItem","position":2,"name":"loja","item":"https:\/\/slacktivity.com\/pt-pt\/loja\/"},{"@type":"ListItem","position":3,"name":"softRelease &#8211; 4m"}]},{"@type":"WebSite","@id":"https:\/\/slacktivity.com\/pt-pt\/#website","url":"https:\/\/slacktivity.com\/pt-pt\/","name":"Slacktivity Slacklines International Shop","description":"Discover the innovative products of Slacktivity. Swiss designed premium slackline gear. Advice from our experts for the best and a safe slackline experience.","publisher":{"@id":"https:\/\/slacktivity.com\/pt-pt\/#organization"},"potentialAction":[{"@type":"SearchAction","target":{"@type":"EntryPoint","urlTemplate":"https:\/\/slacktivity.com\/pt-pt\/?s={search_term_string}"},"query-input":{"@type":"PropertyValueSpecification","valueRequired":true,"valueName":"search_term_string"}}],"inLanguage":"pt-PT"},{"@type":"Organization","@id":"https:\/\/slacktivity.com\/pt-pt\/#organization","name":"Slacktivity Slacklines","url":"https:\/\/slacktivity.com\/pt-pt\/","logo":{"@type":"ImageObject","inLanguage":"pt-PT","@id":"https:\/\/slacktivity.com\/pt-pt\/#\/schema\/logo\/image\/","url":"https:\/\/slacktivity.com\/wp-content\/uploads\/2021\/01\/slacktivity-slackline-online-shop-1.png","contentUrl":"https:\/\/slacktivity.com\/wp-content\/uploads\/2021\/01\/slacktivity-slackline-online-shop-1.png","width":200,"height":77,"caption":"Slacktivity Slacklines"},"image":{"@id":"https:\/\/slacktivity.com\/pt-pt\/#\/schema\/logo\/image\/"},"sameAs":["https:\/\/www.facebook.com\/SLACKTIVITY\/","https:\/\/www.instagram.com\/slacktivity\/"]}]}},"_links":{"self":[{"href":"https:\/\/slacktivity.com\/pt-pt\/wp-json\/wp\/v2\/product\/11945","targetHints":{"allow":["GET"]}}],"collection":[{"href":"https:\/\/slacktivity.com\/pt-pt\/wp-json\/wp\/v2\/product"}],"about":[{"href":"https:\/\/slacktivity.com\/pt-pt\/wp-json\/wp\/v2\/types\/product"}],"replies":[{"embeddable":true,"href":"https:\/\/slacktivity.com\/pt-pt\/wp-json\/wp\/v2\/comments?post=11945"}],"wp:featuredmedia":[{"embeddable":true,"href":"https:\/\/slacktivity.com\/pt-pt\/wp-json\/wp\/v2\/media\/11946"}],"wp:attachment":[{"href":"https:\/\/slacktivity.com\/pt-pt\/wp-json\/wp\/v2\/media?parent=11945"}],"wp:term":[{"taxonomy":"product_cat","embeddable":true,"href":"https:\/\/slacktivity.com\/pt-pt\/wp-json\/wp\/v2\/product_cat?post=11945"},{"taxonomy":"product_tag","embeddable":true,"href":"https:\/\/slacktivity.com\/pt-pt\/wp-json\/wp\/v2\/product_tag?post=11945"}],"curies":[{"name":"wp","href":"https:\/\/api.w.org\/{rel}","templated":true}]}}