{"id":11951,"date":"2023-03-06T10:41:09","date_gmt":"2023-03-06T10:41:09","guid":{"rendered":"https:\/\/slacktivity.com\/shop\/deadmanplate\/"},"modified":"2025-09-25T11:09:10","modified_gmt":"2025-09-25T11:09:10","slug":"deadmanplate-rigging-plate","status":"publish","type":"product","link":"https:\/\/slacktivity.com\/pt-pt\/shop\/deadmanplate-rigging-plate\/","title":{"rendered":"deadManPlate"},"content":{"rendered":"<h2>deadManPlate rigging plate<\/h2>\n<p>A <strong>deadManPlate<\/strong> \u00e9 uma <strong>rigging plate<\/strong> forjada a quente em alum\u00ednio aeron\u00e1utico anodizado, desenvolvida pela SLACKTIVITY. \u00c9 uma <a href=\"https:\/\/slacktivity.com\/pt-pt\/category\/rigging-plates-para-slackline\/\">rigging plate<\/a> espec\u00edfica para slackline projetada para versatilidade e rigging leve. Uma grande variedade de furos de ancoragem e tamanhos permitem que a placa seja usada para sistemas convencionais de roldanas de corda, v\u00e1rios sistemas de <a href=\"https:\/\/slacktivity.com\/pt-pt\/category\/pecas-de-tensionamento\/hangovers\/\">HangOver<\/a> pulley e em ancoragens complexas de highline.<\/p>\n<p>Devido ao design exclusivo, a deadManPlate pode ser usada em todas as orienta\u00e7\u00f5es e dire\u00e7\u00f5es, permitindo infinitas possibilidades de op\u00e7\u00f5es de conex\u00e3o. Com um baixo de apenas 304gramas e uma alta Minimum Breaking Strength (MBS) de 75kN, esta rigging plate \u00e9 a companheira de ancoragem para tudo, desde configura\u00e7\u00f5es leves at\u00e9 longlines de alta tens\u00e3o, onde \u00e9 necess\u00e1ria uma abordagem de bombardeiro.<\/p>\n<p>Existem tr\u00eas orif\u00edcios com espa\u00e7adores embutidos para manilhas ou conex\u00e3o direta de quicklinks, que garantem que o equipamento se encaixe sempre perfeitamente. Isso evita qualquer dano devido ao atrito de metal contra metal. Os orif\u00edcios maiores na &#8216;face&#8217; t\u00eam bordas lisas, o que permite conex\u00f5es suaves. <a href=\"https:\/\/slacktivity.com\/pt-pt\/category\/slings-de-slackline\/\">Slings,<\/a> manilhas macias, corda est\u00e1tica e os tree loops da SLACKTIVITY funcionam perfeitamente em conjunto com esta rigging plate. A abund\u00e2ncia de op\u00e7\u00f5es de ancoragem tamb\u00e9m oferece espa\u00e7o suficiente para backups e proporciona a geometria perfeita para um sistema de tensionamento HangOver-Pulley. N\u00e3o importa o uso pretendido, a placa deadMan limpar\u00e1 qualquer rig!<\/p>\n<h3>Especif\u00edca\u00e7\u00f5es<\/h3>\n<ul>\n<li>Dimens\u00f5es: 169x144x23.1mm<\/li>\n<li>Peso: 304g<\/li>\n<li>Material: Aircraft aluminium 7075-T6, SLACKTIVITY-green anodized<\/li>\n<li>Minimum Breaking Strength (MBS) em todas as dire\u00e7\u00f5es: 75kN<\/li>\n<li>Working Load Limit (WLL) em todas as dire\u00e7\u00f5es: 15kN<\/li>\n<\/ul>\n<h3>Destaques da deadManPlate<\/h3>\n<ul>\n<li>Bordas arredondadas para conex\u00f5es suaves<\/li>\n<li>Grandes aberturas para fixa\u00e7\u00e3o direta de RoundSlings (n\u00f3 bGebz) ou adj. TreeSlings<\/li>\n<li>Os tubos de centraliza\u00e7\u00e3o integrados para manilhas tornam o manuseio muito mais f\u00e1cil do que com tubos de centraliza\u00e7\u00e3o separados<\/li>\n<li>Fornece espa\u00e7o suficiente entre a linha principal e de backup quando usado como ponto mestre.<\/li>\n<\/ul>\n","protected":false},"excerpt":{"rendered":"<p>A deadMan Plate pode ser usada para melhorar todas os setups de slackline, desde equipamentos leves at\u00e9 longlines com muita tens\u00e3o. O design e a geometria exclusivos permitem uma infinidade de conex\u00f5es. Os espa\u00e7adores de manilha embutidos s\u00e3o perfeitos para manilhas e conex\u00e3o direta de pins r\u00e1pidos!<\/p>\n","protected":false},"featured_media":11952,"comment_status":"open","ping_status":"closed","template":"","meta":{"_acf_changed":false,"_joinchat":[]},"product_cat":[506,893],"product_tag":[555],"class_list":{"0":"post-11951","1":"product","2":"type-product","3":"status-publish","4":"has-post-thumbnail","6":"product_cat-conectores-de-slackline","7":"product_cat-rigging-plates-para-slackline","8":"product_tag-longline","9":"pa_brand-slacktivity-pt-pt","11":"first","12":"instock","13":"featured","14":"taxable","15":"shipping-taxable","16":"purchasable","17":"product-type-simple","swatches":"rey-swatches","show_selected":""},"acf":[],"yoast_head":"<!-- This site is optimized with the Yoast SEO plugin v27.4 - https:\/\/yoast.com\/product\/yoast-seo-wordpress\/ -->\n<title>deadManPlate - Rigging Plate | SLACKTIVITY Online Shop<\/title>\n<meta name=\"description\" content=\"A deadManPlate \u00e9 uma rigging plate que pode ser usada para melhorar qualquer configura\u00e7\u00e3o de slackline, desde rigs leves at\u00e9 longlines com muita tens\u00e3o.\" \/>\n<meta name=\"robots\" content=\"index, follow, max-snippet:-1, max-image-preview:large, max-video-preview:-1\" \/>\n<link rel=\"canonical\" href=\"https:\/\/slacktivity.com\/pt-pt\/shop\/deadmanplate-rigging-plate\/\" \/>\n<meta property=\"og:locale\" content=\"pt_PT\" \/>\n<meta property=\"og:type\" content=\"article\" \/>\n<meta property=\"og:title\" content=\"deadManPlate - Rigging Plate | SLACKTIVITY Online Shop\" \/>\n<meta property=\"og:description\" content=\"A deadManPlate \u00e9 uma rigging plate que pode ser usada para melhorar qualquer configura\u00e7\u00e3o de slackline, desde rigs leves at\u00e9 longlines com muita tens\u00e3o.\" \/>\n<meta property=\"og:url\" content=\"https:\/\/slacktivity.com\/pt-pt\/shop\/deadmanplate-rigging-plate\/\" \/>\n<meta property=\"og:site_name\" content=\"Slacktivity Slacklines International Shop\" \/>\n<meta property=\"article:publisher\" content=\"https:\/\/www.facebook.com\/SLACKTIVITY\/\" \/>\n<meta property=\"article:modified_time\" content=\"2025-09-25T11:09:10+00:00\" \/>\n<meta property=\"og:image\" content=\"https:\/\/slacktivity.com\/wp-content\/uploads\/2021\/02\/deadmanplate-Slacktivity.jpg\" \/>\n\t<meta property=\"og:image:width\" content=\"1180\" \/>\n\t<meta property=\"og:image:height\" content=\"1377\" \/>\n\t<meta property=\"og:image:type\" content=\"image\/jpeg\" \/>\n<meta name=\"twitter:card\" content=\"summary_large_image\" \/>\n<meta name=\"twitter:label1\" content=\"Tempo estimado de leitura\" \/>\n\t<meta name=\"twitter:data1\" content=\"2 minutos\" \/>\n<script type=\"application\/ld+json\" class=\"yoast-schema-graph\">{\"@context\":\"https:\\\/\\\/schema.org\",\"@graph\":[{\"@type\":\"WebPage\",\"@id\":\"https:\\\/\\\/slacktivity.com\\\/pt-pt\\\/shop\\\/deadmanplate-rigging-plate\\\/\",\"url\":\"https:\\\/\\\/slacktivity.com\\\/pt-pt\\\/shop\\\/deadmanplate-rigging-plate\\\/\",\"name\":\"deadManPlate - Rigging Plate | SLACKTIVITY Online Shop\",\"isPartOf\":{\"@id\":\"https:\\\/\\\/slacktivity.com\\\/pt-pt\\\/#website\"},\"primaryImageOfPage\":{\"@id\":\"https:\\\/\\\/slacktivity.com\\\/pt-pt\\\/shop\\\/deadmanplate-rigging-plate\\\/#primaryimage\"},\"image\":{\"@id\":\"https:\\\/\\\/slacktivity.com\\\/pt-pt\\\/shop\\\/deadmanplate-rigging-plate\\\/#primaryimage\"},\"thumbnailUrl\":\"https:\\\/\\\/slacktivity.com\\\/wp-content\\\/uploads\\\/2021\\\/02\\\/deadmanplate-Slacktivity.jpg\",\"datePublished\":\"2023-03-06T10:41:09+00:00\",\"dateModified\":\"2025-09-25T11:09:10+00:00\",\"description\":\"A deadManPlate \u00e9 uma rigging plate que pode ser usada para melhorar qualquer configura\u00e7\u00e3o de slackline, desde rigs leves at\u00e9 longlines com muita tens\u00e3o.\",\"breadcrumb\":{\"@id\":\"https:\\\/\\\/slacktivity.com\\\/pt-pt\\\/shop\\\/deadmanplate-rigging-plate\\\/#breadcrumb\"},\"inLanguage\":\"pt-PT\",\"potentialAction\":[{\"@type\":\"ReadAction\",\"target\":[\"https:\\\/\\\/slacktivity.com\\\/pt-pt\\\/shop\\\/deadmanplate-rigging-plate\\\/\"]}]},{\"@type\":\"ImageObject\",\"inLanguage\":\"pt-PT\",\"@id\":\"https:\\\/\\\/slacktivity.com\\\/pt-pt\\\/shop\\\/deadmanplate-rigging-plate\\\/#primaryimage\",\"url\":\"https:\\\/\\\/slacktivity.com\\\/wp-content\\\/uploads\\\/2021\\\/02\\\/deadmanplate-Slacktivity.jpg\",\"contentUrl\":\"https:\\\/\\\/slacktivity.com\\\/wp-content\\\/uploads\\\/2021\\\/02\\\/deadmanplate-Slacktivity.jpg\",\"width\":1180,\"height\":1377},{\"@type\":\"BreadcrumbList\",\"@id\":\"https:\\\/\\\/slacktivity.com\\\/pt-pt\\\/shop\\\/deadmanplate-rigging-plate\\\/#breadcrumb\",\"itemListElement\":[{\"@type\":\"ListItem\",\"position\":1,\"name\":\"Home\",\"item\":\"https:\\\/\\\/slacktivity.com\\\/pt-pt\\\/\"},{\"@type\":\"ListItem\",\"position\":2,\"name\":\"loja\",\"item\":\"https:\\\/\\\/slacktivity.com\\\/pt-pt\\\/loja\\\/\"},{\"@type\":\"ListItem\",\"position\":3,\"name\":\"deadManPlate\"}]},{\"@type\":\"WebSite\",\"@id\":\"https:\\\/\\\/slacktivity.com\\\/pt-pt\\\/#website\",\"url\":\"https:\\\/\\\/slacktivity.com\\\/pt-pt\\\/\",\"name\":\"Slacktivity Slacklines International Shop\",\"description\":\"Discover the innovative products of Slacktivity. Swiss designed premium slackline gear. Advice from our experts for the best and a safe slackline experience.\",\"publisher\":{\"@id\":\"https:\\\/\\\/slacktivity.com\\\/pt-pt\\\/#organization\"},\"potentialAction\":[{\"@type\":\"SearchAction\",\"target\":{\"@type\":\"EntryPoint\",\"urlTemplate\":\"https:\\\/\\\/slacktivity.com\\\/pt-pt\\\/?s={search_term_string}\"},\"query-input\":{\"@type\":\"PropertyValueSpecification\",\"valueRequired\":true,\"valueName\":\"search_term_string\"}}],\"inLanguage\":\"pt-PT\"},{\"@type\":\"Organization\",\"@id\":\"https:\\\/\\\/slacktivity.com\\\/pt-pt\\\/#organization\",\"name\":\"Slacktivity Slacklines\",\"url\":\"https:\\\/\\\/slacktivity.com\\\/pt-pt\\\/\",\"logo\":{\"@type\":\"ImageObject\",\"inLanguage\":\"pt-PT\",\"@id\":\"https:\\\/\\\/slacktivity.com\\\/pt-pt\\\/#\\\/schema\\\/logo\\\/image\\\/\",\"url\":\"https:\\\/\\\/slacktivity.com\\\/wp-content\\\/uploads\\\/2021\\\/01\\\/slacktivity-slackline-online-shop-1.png\",\"contentUrl\":\"https:\\\/\\\/slacktivity.com\\\/wp-content\\\/uploads\\\/2021\\\/01\\\/slacktivity-slackline-online-shop-1.png\",\"width\":200,\"height\":77,\"caption\":\"Slacktivity Slacklines\"},\"image\":{\"@id\":\"https:\\\/\\\/slacktivity.com\\\/pt-pt\\\/#\\\/schema\\\/logo\\\/image\\\/\"},\"sameAs\":[\"https:\\\/\\\/www.facebook.com\\\/SLACKTIVITY\\\/\",\"https:\\\/\\\/www.instagram.com\\\/slacktivity\\\/\"]}]}<\/script>\n<!-- \/ Yoast SEO plugin. -->","yoast_head_json":{"title":"deadManPlate - Rigging Plate | SLACKTIVITY Online Shop","description":"A deadManPlate \u00e9 uma rigging plate que pode ser usada para melhorar qualquer configura\u00e7\u00e3o de slackline, desde rigs leves at\u00e9 longlines com muita tens\u00e3o.","robots":{"index":"index","follow":"follow","max-snippet":"max-snippet:-1","max-image-preview":"max-image-preview:large","max-video-preview":"max-video-preview:-1"},"canonical":"https:\/\/slacktivity.com\/pt-pt\/shop\/deadmanplate-rigging-plate\/","og_locale":"pt_PT","og_type":"article","og_title":"deadManPlate - Rigging Plate | SLACKTIVITY Online Shop","og_description":"A deadManPlate \u00e9 uma rigging plate que pode ser usada para melhorar qualquer configura\u00e7\u00e3o de slackline, desde rigs leves at\u00e9 longlines com muita tens\u00e3o.","og_url":"https:\/\/slacktivity.com\/pt-pt\/shop\/deadmanplate-rigging-plate\/","og_site_name":"Slacktivity Slacklines International Shop","article_publisher":"https:\/\/www.facebook.com\/SLACKTIVITY\/","article_modified_time":"2025-09-25T11:09:10+00:00","og_image":[{"width":1180,"height":1377,"url":"https:\/\/slacktivity.com\/wp-content\/uploads\/2021\/02\/deadmanplate-Slacktivity.jpg","type":"image\/jpeg"}],"twitter_card":"summary_large_image","twitter_misc":{"Tempo estimado de leitura":"2 minutos"},"schema":{"@context":"https:\/\/schema.org","@graph":[{"@type":"WebPage","@id":"https:\/\/slacktivity.com\/pt-pt\/shop\/deadmanplate-rigging-plate\/","url":"https:\/\/slacktivity.com\/pt-pt\/shop\/deadmanplate-rigging-plate\/","name":"deadManPlate - Rigging Plate | SLACKTIVITY Online Shop","isPartOf":{"@id":"https:\/\/slacktivity.com\/pt-pt\/#website"},"primaryImageOfPage":{"@id":"https:\/\/slacktivity.com\/pt-pt\/shop\/deadmanplate-rigging-plate\/#primaryimage"},"image":{"@id":"https:\/\/slacktivity.com\/pt-pt\/shop\/deadmanplate-rigging-plate\/#primaryimage"},"thumbnailUrl":"https:\/\/slacktivity.com\/wp-content\/uploads\/2021\/02\/deadmanplate-Slacktivity.jpg","datePublished":"2023-03-06T10:41:09+00:00","dateModified":"2025-09-25T11:09:10+00:00","description":"A deadManPlate \u00e9 uma rigging plate que pode ser usada para melhorar qualquer configura\u00e7\u00e3o de slackline, desde rigs leves at\u00e9 longlines com muita tens\u00e3o.","breadcrumb":{"@id":"https:\/\/slacktivity.com\/pt-pt\/shop\/deadmanplate-rigging-plate\/#breadcrumb"},"inLanguage":"pt-PT","potentialAction":[{"@type":"ReadAction","target":["https:\/\/slacktivity.com\/pt-pt\/shop\/deadmanplate-rigging-plate\/"]}]},{"@type":"ImageObject","inLanguage":"pt-PT","@id":"https:\/\/slacktivity.com\/pt-pt\/shop\/deadmanplate-rigging-plate\/#primaryimage","url":"https:\/\/slacktivity.com\/wp-content\/uploads\/2021\/02\/deadmanplate-Slacktivity.jpg","contentUrl":"https:\/\/slacktivity.com\/wp-content\/uploads\/2021\/02\/deadmanplate-Slacktivity.jpg","width":1180,"height":1377},{"@type":"BreadcrumbList","@id":"https:\/\/slacktivity.com\/pt-pt\/shop\/deadmanplate-rigging-plate\/#breadcrumb","itemListElement":[{"@type":"ListItem","position":1,"name":"Home","item":"https:\/\/slacktivity.com\/pt-pt\/"},{"@type":"ListItem","position":2,"name":"loja","item":"https:\/\/slacktivity.com\/pt-pt\/loja\/"},{"@type":"ListItem","position":3,"name":"deadManPlate"}]},{"@type":"WebSite","@id":"https:\/\/slacktivity.com\/pt-pt\/#website","url":"https:\/\/slacktivity.com\/pt-pt\/","name":"Slacktivity Slacklines International Shop","description":"Discover the innovative products of Slacktivity. Swiss designed premium slackline gear. Advice from our experts for the best and a safe slackline experience.","publisher":{"@id":"https:\/\/slacktivity.com\/pt-pt\/#organization"},"potentialAction":[{"@type":"SearchAction","target":{"@type":"EntryPoint","urlTemplate":"https:\/\/slacktivity.com\/pt-pt\/?s={search_term_string}"},"query-input":{"@type":"PropertyValueSpecification","valueRequired":true,"valueName":"search_term_string"}}],"inLanguage":"pt-PT"},{"@type":"Organization","@id":"https:\/\/slacktivity.com\/pt-pt\/#organization","name":"Slacktivity Slacklines","url":"https:\/\/slacktivity.com\/pt-pt\/","logo":{"@type":"ImageObject","inLanguage":"pt-PT","@id":"https:\/\/slacktivity.com\/pt-pt\/#\/schema\/logo\/image\/","url":"https:\/\/slacktivity.com\/wp-content\/uploads\/2021\/01\/slacktivity-slackline-online-shop-1.png","contentUrl":"https:\/\/slacktivity.com\/wp-content\/uploads\/2021\/01\/slacktivity-slackline-online-shop-1.png","width":200,"height":77,"caption":"Slacktivity Slacklines"},"image":{"@id":"https:\/\/slacktivity.com\/pt-pt\/#\/schema\/logo\/image\/"},"sameAs":["https:\/\/www.facebook.com\/SLACKTIVITY\/","https:\/\/www.instagram.com\/slacktivity\/"]}]}},"_links":{"self":[{"href":"https:\/\/slacktivity.com\/pt-pt\/wp-json\/wp\/v2\/product\/11951","targetHints":{"allow":["GET"]}}],"collection":[{"href":"https:\/\/slacktivity.com\/pt-pt\/wp-json\/wp\/v2\/product"}],"about":[{"href":"https:\/\/slacktivity.com\/pt-pt\/wp-json\/wp\/v2\/types\/product"}],"replies":[{"embeddable":true,"href":"https:\/\/slacktivity.com\/pt-pt\/wp-json\/wp\/v2\/comments?post=11951"}],"wp:featuredmedia":[{"embeddable":true,"href":"https:\/\/slacktivity.com\/pt-pt\/wp-json\/wp\/v2\/media\/11952"}],"wp:attachment":[{"href":"https:\/\/slacktivity.com\/pt-pt\/wp-json\/wp\/v2\/media?parent=11951"}],"wp:term":[{"taxonomy":"product_cat","embeddable":true,"href":"https:\/\/slacktivity.com\/pt-pt\/wp-json\/wp\/v2\/product_cat?post=11951"},{"taxonomy":"product_tag","embeddable":true,"href":"https:\/\/slacktivity.com\/pt-pt\/wp-json\/wp\/v2\/product_tag?post=11951"}],"curies":[{"name":"wp","href":"https:\/\/api.w.org\/{rel}","templated":true}]}}