{"id":11963,"date":"2021-03-23T13:38:15","date_gmt":"2023-05-08T14:27:14","guid":{"rendered":"https:\/\/slacktivity.com\/shop\/highlinegrip-g2\/"},"modified":"2024-10-22T14:02:05","modified_gmt":"2024-10-22T14:02:05","slug":"highlinegrip","status":"publish","type":"product","link":"https:\/\/slacktivity.com\/pt-pt\/shop\/highlinegrip\/","title":{"rendered":"highlineGrip G2"},"content":{"rendered":"<h2>HighlineGrip G2-SBR<\/h2>\n<p>O <strong>HighlineGrip G2<\/strong> foi descontinuado ap\u00f3s o lan\u00e7amento do G5, que \u00e9 apenas 20 gramas mais pesado. N\u00e3o havia mais necessidade de criar o highlineGrip G2.<\/p>\n<p>O lineGrip desenvolvido por Andy Riedrich est\u00e1 agora dispon\u00edvel em preto na loja da Slacktivity. A fun\u00e7\u00e3o do lineGrips \u00e9 agarrar o slackline. Pode ser utilizado para as seguintes aplica\u00e7\u00f5es:<\/p>\n<ul>\n<li>HangOverPulley; para puxar a linha atrav\u00e9s do SeaHorse (ou qualquer outro <a href=\"https:\/\/slacktivity.com\/pt-pt\/category\/ancoragem-de-slackline\/weblocks-de-slackline\/\">weblock<\/a>).<\/li>\n<li>Para ter um softpoint numa highline ou longline (nenhum elemento de tensionamento fica no sistema). Isso significa menos peso no sistema de slackline, menos desgaste no elementos de tensionamento e menos itens necess\u00e1rios.<\/li>\n<li>Permite tensionar v\u00e1rios slacklines com o mesmo sistema!<\/li>\n<li>.<\/li>\n<\/ul>\n<p>O LineGrip \u00e9 adequado para espessuras de slackline de 1 a 5 mm e larguras de 24 a 26 mm. O LineGrip pode ser usado em uma faixa de temperaturas entre -10 e + 40\u00b0C. Com temperaturas elevadas deve-se usar a capa protetora para evitar que a linha escorregue quando sob alta tens\u00e3o. Os modelos G2 e G5 s\u00e3o fabricados em alum\u00ednio aeron\u00e1utico 7075 de alta resist\u00eancia. A borracha especial vulcanizada feita a partir de uma mistura de borracha natural, desenvolvida especialmente para o slackline, permite a ader\u00eancia no slackline com for\u00e7as de tra\u00e7\u00e3o muito altas.<\/p>\n<p>A fun\u00e7\u00e3o SBR torna o LineGrip mais seguro e f\u00e1cil de usar, gra\u00e7as ao mecanismo de reten\u00e7\u00e3o da placa de travamento e liberta\u00e7\u00e3o autom\u00e1tica. Simplesmente prenda a placa e ela ser\u00e1 travada automaticamente. N\u00e3o h\u00e1 mais necessidade de inserir manualmente o pino de reten\u00e7\u00e3o como antes. Anexar e prender o lineGrip agora \u00e9 uma quest\u00e3o de apenas um segundo &#8211; assim como a remo\u00e7\u00e3o!<\/p>\n<h3>Especifica\u00e7\u00f5es do HighlineGrip<\/h3>\n<ul>\n<li><strong>Peso:<\/strong> 380g<\/li>\n<li><strong>Dimens\u00f5es LxHxW:<\/strong> 162x80x45mm<\/li>\n<li><strong>Limiar de Deslizamento Comum (CST):<\/strong> ~ 20kN<\/li>\n<li><strong>Minimum Breaking Strength (MBS):<\/strong> 25kN<\/li>\n<li><strong>Working Load Limit (WLL):<\/strong> 8kN<\/li>\n<\/ul>\n<h3>Conte\u00fado:<\/h3>\n<ul>\n<li><strong>Highline Grip G2-SBR &#8211; 8kN WLL, c\u00f4r:<\/strong> preta<\/li>\n<li>lineGrip-Shell (prote\u00e7\u00e3o e resfriamento)<\/li>\n<li>Manual de instru\u00e7\u00f5es em ingl\u00eas<\/li>\n<li>2 x tampas de seguran\u00e7a sobressalente<\/li>\n<\/ul>\n","protected":false},"excerpt":{"rendered":"<p>80g mais leve que o LineGrip G4 e com uma WLL de 8kN, o HighlineGrip ideal para o HangOverPulley.<\/p>\n","protected":false},"featured_media":11964,"comment_status":"open","ping_status":"closed","template":"","meta":{"_acf_changed":false,"_joinchat":[]},"product_cat":[901,528],"product_tag":[552,555],"class_list":{"0":"post-11963","1":"product","2":"type-product","3":"status-publish","4":"has-post-thumbnail","6":"product_cat-slackline-grip","7":"product_cat-pecas-de-tensionamento","8":"product_tag-highline","9":"product_tag-longline","10":"pa_brand-linegrip-corp-pt-pt","11":"pa_brand-slacktivity-pt-pt","13":"first","14":"instock","15":"taxable","16":"shipping-taxable","17":"purchasable","18":"product-type-simple","swatches":"rey-swatches","show_selected":""},"acf":[],"yoast_head":"<!-- This site is optimized with the Yoast SEO plugin v27.4 - https:\/\/yoast.com\/product\/yoast-seo-wordpress\/ -->\n<title>highlineGrip G2 | SLACKTIVITY Slackline International Shop<\/title>\n<meta name=\"description\" content=\"O HighlineGrip est\u00e1 agora dispon\u00edvel na Slacktivity em preto. A fun\u00e7\u00e3o do lineGrips \u00e9 agarrar e tensionar slacklines de 25mm.\" \/>\n<meta name=\"robots\" content=\"index, follow, max-snippet:-1, max-image-preview:large, max-video-preview:-1\" \/>\n<link rel=\"canonical\" href=\"https:\/\/slacktivity.com\/pt-pt\/shop\/highlinegrip\/\" \/>\n<meta property=\"og:locale\" content=\"pt_PT\" \/>\n<meta property=\"og:type\" content=\"article\" \/>\n<meta property=\"og:title\" content=\"highlineGrip G2 | SLACKTIVITY Slackline International Shop\" \/>\n<meta property=\"og:description\" content=\"O HighlineGrip est\u00e1 agora dispon\u00edvel na Slacktivity em preto. A fun\u00e7\u00e3o do lineGrips \u00e9 agarrar e tensionar slacklines de 25mm.\" \/>\n<meta property=\"og:url\" content=\"https:\/\/slacktivity.com\/pt-pt\/shop\/highlinegrip\/\" \/>\n<meta property=\"og:site_name\" content=\"Slacktivity Slacklines International Shop\" \/>\n<meta property=\"article:publisher\" content=\"https:\/\/www.facebook.com\/SLACKTIVITY\/\" \/>\n<meta property=\"article:modified_time\" content=\"2024-10-22T14:02:05+00:00\" \/>\n<meta property=\"og:image\" content=\"https:\/\/slacktivity.com\/wp-content\/uploads\/2021\/02\/highlinegrip.jpg\" \/>\n\t<meta property=\"og:image:width\" content=\"1180\" \/>\n\t<meta property=\"og:image:height\" content=\"1377\" \/>\n\t<meta property=\"og:image:type\" content=\"image\/jpeg\" \/>\n<meta name=\"twitter:card\" content=\"summary_large_image\" \/>\n<meta name=\"twitter:label1\" content=\"Tempo estimado de leitura\" \/>\n\t<meta name=\"twitter:data1\" content=\"2 minutos\" \/>\n<script type=\"application\/ld+json\" class=\"yoast-schema-graph\">{\"@context\":\"https:\\\/\\\/schema.org\",\"@graph\":[{\"@type\":\"WebPage\",\"@id\":\"https:\\\/\\\/slacktivity.com\\\/pt-pt\\\/shop\\\/highlinegrip\\\/\",\"url\":\"https:\\\/\\\/slacktivity.com\\\/pt-pt\\\/shop\\\/highlinegrip\\\/\",\"name\":\"highlineGrip G2 | SLACKTIVITY Slackline International Shop\",\"isPartOf\":{\"@id\":\"https:\\\/\\\/slacktivity.com\\\/pt-pt\\\/#website\"},\"primaryImageOfPage\":{\"@id\":\"https:\\\/\\\/slacktivity.com\\\/pt-pt\\\/shop\\\/highlinegrip\\\/#primaryimage\"},\"image\":{\"@id\":\"https:\\\/\\\/slacktivity.com\\\/pt-pt\\\/shop\\\/highlinegrip\\\/#primaryimage\"},\"thumbnailUrl\":\"https:\\\/\\\/slacktivity.com\\\/wp-content\\\/uploads\\\/2021\\\/02\\\/highlinegrip.jpg\",\"datePublished\":\"2023-05-08T14:27:14+00:00\",\"dateModified\":\"2024-10-22T14:02:05+00:00\",\"description\":\"O HighlineGrip est\u00e1 agora dispon\u00edvel na Slacktivity em preto. A fun\u00e7\u00e3o do lineGrips \u00e9 agarrar e tensionar slacklines de 25mm.\",\"breadcrumb\":{\"@id\":\"https:\\\/\\\/slacktivity.com\\\/pt-pt\\\/shop\\\/highlinegrip\\\/#breadcrumb\"},\"inLanguage\":\"pt-PT\",\"potentialAction\":[{\"@type\":\"ReadAction\",\"target\":[\"https:\\\/\\\/slacktivity.com\\\/pt-pt\\\/shop\\\/highlinegrip\\\/\"]}]},{\"@type\":\"ImageObject\",\"inLanguage\":\"pt-PT\",\"@id\":\"https:\\\/\\\/slacktivity.com\\\/pt-pt\\\/shop\\\/highlinegrip\\\/#primaryimage\",\"url\":\"https:\\\/\\\/slacktivity.com\\\/wp-content\\\/uploads\\\/2021\\\/02\\\/highlinegrip.jpg\",\"contentUrl\":\"https:\\\/\\\/slacktivity.com\\\/wp-content\\\/uploads\\\/2021\\\/02\\\/highlinegrip.jpg\",\"width\":1180,\"height\":1377},{\"@type\":\"BreadcrumbList\",\"@id\":\"https:\\\/\\\/slacktivity.com\\\/pt-pt\\\/shop\\\/highlinegrip\\\/#breadcrumb\",\"itemListElement\":[{\"@type\":\"ListItem\",\"position\":1,\"name\":\"Home\",\"item\":\"https:\\\/\\\/slacktivity.com\\\/pt-pt\\\/\"},{\"@type\":\"ListItem\",\"position\":2,\"name\":\"loja\",\"item\":\"https:\\\/\\\/slacktivity.com\\\/pt-pt\\\/loja\\\/\"},{\"@type\":\"ListItem\",\"position\":3,\"name\":\"highlineGrip G2\"}]},{\"@type\":\"WebSite\",\"@id\":\"https:\\\/\\\/slacktivity.com\\\/pt-pt\\\/#website\",\"url\":\"https:\\\/\\\/slacktivity.com\\\/pt-pt\\\/\",\"name\":\"Slacktivity Slacklines International Shop\",\"description\":\"Discover the innovative products of Slacktivity. Swiss designed premium slackline gear. Advice from our experts for the best and a safe slackline experience.\",\"publisher\":{\"@id\":\"https:\\\/\\\/slacktivity.com\\\/pt-pt\\\/#organization\"},\"potentialAction\":[{\"@type\":\"SearchAction\",\"target\":{\"@type\":\"EntryPoint\",\"urlTemplate\":\"https:\\\/\\\/slacktivity.com\\\/pt-pt\\\/?s={search_term_string}\"},\"query-input\":{\"@type\":\"PropertyValueSpecification\",\"valueRequired\":true,\"valueName\":\"search_term_string\"}}],\"inLanguage\":\"pt-PT\"},{\"@type\":\"Organization\",\"@id\":\"https:\\\/\\\/slacktivity.com\\\/pt-pt\\\/#organization\",\"name\":\"Slacktivity Slacklines\",\"url\":\"https:\\\/\\\/slacktivity.com\\\/pt-pt\\\/\",\"logo\":{\"@type\":\"ImageObject\",\"inLanguage\":\"pt-PT\",\"@id\":\"https:\\\/\\\/slacktivity.com\\\/pt-pt\\\/#\\\/schema\\\/logo\\\/image\\\/\",\"url\":\"https:\\\/\\\/slacktivity.com\\\/wp-content\\\/uploads\\\/2021\\\/01\\\/slacktivity-slackline-online-shop-1.png\",\"contentUrl\":\"https:\\\/\\\/slacktivity.com\\\/wp-content\\\/uploads\\\/2021\\\/01\\\/slacktivity-slackline-online-shop-1.png\",\"width\":200,\"height\":77,\"caption\":\"Slacktivity Slacklines\"},\"image\":{\"@id\":\"https:\\\/\\\/slacktivity.com\\\/pt-pt\\\/#\\\/schema\\\/logo\\\/image\\\/\"},\"sameAs\":[\"https:\\\/\\\/www.facebook.com\\\/SLACKTIVITY\\\/\",\"https:\\\/\\\/www.instagram.com\\\/slacktivity\\\/\"]}]}<\/script>\n<!-- \/ Yoast SEO plugin. -->","yoast_head_json":{"title":"highlineGrip G2 | SLACKTIVITY Slackline International Shop","description":"O HighlineGrip est\u00e1 agora dispon\u00edvel na Slacktivity em preto. A fun\u00e7\u00e3o do lineGrips \u00e9 agarrar e tensionar slacklines de 25mm.","robots":{"index":"index","follow":"follow","max-snippet":"max-snippet:-1","max-image-preview":"max-image-preview:large","max-video-preview":"max-video-preview:-1"},"canonical":"https:\/\/slacktivity.com\/pt-pt\/shop\/highlinegrip\/","og_locale":"pt_PT","og_type":"article","og_title":"highlineGrip G2 | SLACKTIVITY Slackline International Shop","og_description":"O HighlineGrip est\u00e1 agora dispon\u00edvel na Slacktivity em preto. A fun\u00e7\u00e3o do lineGrips \u00e9 agarrar e tensionar slacklines de 25mm.","og_url":"https:\/\/slacktivity.com\/pt-pt\/shop\/highlinegrip\/","og_site_name":"Slacktivity Slacklines International Shop","article_publisher":"https:\/\/www.facebook.com\/SLACKTIVITY\/","article_modified_time":"2024-10-22T14:02:05+00:00","og_image":[{"width":1180,"height":1377,"url":"https:\/\/slacktivity.com\/wp-content\/uploads\/2021\/02\/highlinegrip.jpg","type":"image\/jpeg"}],"twitter_card":"summary_large_image","twitter_misc":{"Tempo estimado de leitura":"2 minutos"},"schema":{"@context":"https:\/\/schema.org","@graph":[{"@type":"WebPage","@id":"https:\/\/slacktivity.com\/pt-pt\/shop\/highlinegrip\/","url":"https:\/\/slacktivity.com\/pt-pt\/shop\/highlinegrip\/","name":"highlineGrip G2 | SLACKTIVITY Slackline International Shop","isPartOf":{"@id":"https:\/\/slacktivity.com\/pt-pt\/#website"},"primaryImageOfPage":{"@id":"https:\/\/slacktivity.com\/pt-pt\/shop\/highlinegrip\/#primaryimage"},"image":{"@id":"https:\/\/slacktivity.com\/pt-pt\/shop\/highlinegrip\/#primaryimage"},"thumbnailUrl":"https:\/\/slacktivity.com\/wp-content\/uploads\/2021\/02\/highlinegrip.jpg","datePublished":"2023-05-08T14:27:14+00:00","dateModified":"2024-10-22T14:02:05+00:00","description":"O HighlineGrip est\u00e1 agora dispon\u00edvel na Slacktivity em preto. A fun\u00e7\u00e3o do lineGrips \u00e9 agarrar e tensionar slacklines de 25mm.","breadcrumb":{"@id":"https:\/\/slacktivity.com\/pt-pt\/shop\/highlinegrip\/#breadcrumb"},"inLanguage":"pt-PT","potentialAction":[{"@type":"ReadAction","target":["https:\/\/slacktivity.com\/pt-pt\/shop\/highlinegrip\/"]}]},{"@type":"ImageObject","inLanguage":"pt-PT","@id":"https:\/\/slacktivity.com\/pt-pt\/shop\/highlinegrip\/#primaryimage","url":"https:\/\/slacktivity.com\/wp-content\/uploads\/2021\/02\/highlinegrip.jpg","contentUrl":"https:\/\/slacktivity.com\/wp-content\/uploads\/2021\/02\/highlinegrip.jpg","width":1180,"height":1377},{"@type":"BreadcrumbList","@id":"https:\/\/slacktivity.com\/pt-pt\/shop\/highlinegrip\/#breadcrumb","itemListElement":[{"@type":"ListItem","position":1,"name":"Home","item":"https:\/\/slacktivity.com\/pt-pt\/"},{"@type":"ListItem","position":2,"name":"loja","item":"https:\/\/slacktivity.com\/pt-pt\/loja\/"},{"@type":"ListItem","position":3,"name":"highlineGrip G2"}]},{"@type":"WebSite","@id":"https:\/\/slacktivity.com\/pt-pt\/#website","url":"https:\/\/slacktivity.com\/pt-pt\/","name":"Slacktivity Slacklines International Shop","description":"Discover the innovative products of Slacktivity. Swiss designed premium slackline gear. Advice from our experts for the best and a safe slackline experience.","publisher":{"@id":"https:\/\/slacktivity.com\/pt-pt\/#organization"},"potentialAction":[{"@type":"SearchAction","target":{"@type":"EntryPoint","urlTemplate":"https:\/\/slacktivity.com\/pt-pt\/?s={search_term_string}"},"query-input":{"@type":"PropertyValueSpecification","valueRequired":true,"valueName":"search_term_string"}}],"inLanguage":"pt-PT"},{"@type":"Organization","@id":"https:\/\/slacktivity.com\/pt-pt\/#organization","name":"Slacktivity Slacklines","url":"https:\/\/slacktivity.com\/pt-pt\/","logo":{"@type":"ImageObject","inLanguage":"pt-PT","@id":"https:\/\/slacktivity.com\/pt-pt\/#\/schema\/logo\/image\/","url":"https:\/\/slacktivity.com\/wp-content\/uploads\/2021\/01\/slacktivity-slackline-online-shop-1.png","contentUrl":"https:\/\/slacktivity.com\/wp-content\/uploads\/2021\/01\/slacktivity-slackline-online-shop-1.png","width":200,"height":77,"caption":"Slacktivity Slacklines"},"image":{"@id":"https:\/\/slacktivity.com\/pt-pt\/#\/schema\/logo\/image\/"},"sameAs":["https:\/\/www.facebook.com\/SLACKTIVITY\/","https:\/\/www.instagram.com\/slacktivity\/"]}]}},"_links":{"self":[{"href":"https:\/\/slacktivity.com\/pt-pt\/wp-json\/wp\/v2\/product\/11963","targetHints":{"allow":["GET"]}}],"collection":[{"href":"https:\/\/slacktivity.com\/pt-pt\/wp-json\/wp\/v2\/product"}],"about":[{"href":"https:\/\/slacktivity.com\/pt-pt\/wp-json\/wp\/v2\/types\/product"}],"replies":[{"embeddable":true,"href":"https:\/\/slacktivity.com\/pt-pt\/wp-json\/wp\/v2\/comments?post=11963"}],"wp:featuredmedia":[{"embeddable":true,"href":"https:\/\/slacktivity.com\/pt-pt\/wp-json\/wp\/v2\/media\/11964"}],"wp:attachment":[{"href":"https:\/\/slacktivity.com\/pt-pt\/wp-json\/wp\/v2\/media?parent=11963"}],"wp:term":[{"taxonomy":"product_cat","embeddable":true,"href":"https:\/\/slacktivity.com\/pt-pt\/wp-json\/wp\/v2\/product_cat?post=11963"},{"taxonomy":"product_tag","embeddable":true,"href":"https:\/\/slacktivity.com\/pt-pt\/wp-json\/wp\/v2\/product_tag?post=11963"}],"curies":[{"name":"wp","href":"https:\/\/api.w.org\/{rel}","templated":true}]}}