{"id":11973,"date":"2023-03-06T10:39:50","date_gmt":"2023-03-06T10:39:50","guid":{"rendered":"https:\/\/slacktivity.com\/shop\/skinners-calcado-para-slackline\/"},"modified":"2025-04-14T11:09:36","modified_gmt":"2025-04-14T11:09:36","slug":"skinners-slackline-shoes","status":"publish","type":"product","link":"https:\/\/slacktivity.com\/pt-pt\/shop\/skinners-slackline-shoes\/","title":{"rendered":"Skinners | Cal\u00e7ado para Slackline"},"content":{"rendered":"<h2>Skinners &#8211; O melhor cal\u00e7ado para slackline<\/h2>\n<p>Desde que come\u00e7amos a praticar slackline, procuramos o <strong>cal\u00e7ado de slackline<\/strong> perfeito. Agora, depois de mais de uma d\u00e9cada, n\u00f3s encontramos! <strong>Skinners<\/strong> n\u00e3o s\u00e3o exatamente sapatos, nem meias&#8230; S\u00e3o a combina\u00e7\u00e3o perfeita, que n\u00e3o prejudica a sensibilidade dos p\u00e9s e oferece uma \u00f3tima ader\u00eancia ao slackline. &#8211; Miss\u00e3o completa!<\/p>\n<p>Claro, tamb\u00e9m \u00e9 um \u00f3timo produto quando voc\u00ea n\u00e3o se est\u00e1 num slackline. Para caminhar at\u00e9 o spot de slack, highline e mesmo para outras atividades.<\/p>\n<p><strong>.<\/strong><\/p>\n<h3>Especifica\u00e7\u00f5es dos Skinners<\/h3>\n<ul>\n<li>A combina\u00e7\u00e3o de meia e sapato, que re\u00fane as vantagens de ambos<\/li>\n<li>Sola do p\u00e9 em camada dupla, antiderrapante e imperme\u00e1vel<\/li>\n<li>Trama de fios antibacterianos de prata pura contra odores desagrad\u00e1veis<\/li>\n<li>Cabe no bolso e pode ser levado para qualquer lugar<\/li>\n<li>Lav\u00e1vel at\u00e9 30\u00b0C<\/li>\n<li>Os skinners s\u00e3o fornecidos com bolsa de transporte<\/li>\n<\/ul>\n<h3>Sapatos de slackline testados e aprovados pela SLACKTIVITY<\/h3>\n<p>A <a href=\"https:\/\/slacktivity.com\/slackline-team\/\">equipa da SLACKTIVITY<\/a> e o Samuel Volery testaram intensivamente os skinners como sapatos de slackline:<\/p>\n<ul>\n<li><strong>Aprovado para Alpine-Highlin<\/strong>e: mant\u00e9m os p\u00e9s quentes gra\u00e7as ao componente de algod\u00e3o<\/li>\n<li><strong>Aprovado para treino indoor:<\/strong> Livre de marcas no piso do pavilh\u00e3o desportivo. Sua-se surpreendentemente pouco com os Skinners, mesmo com um treino intenso.<\/li>\n<li><strong>Good2know:<\/strong> os Skinners perdem alguns gr\u00e3os do revestimento de borracha no primeiro uso. At\u00e9 agora todos os skinners que testamos foram lavados a 40\u00b0C.<\/li>\n<\/ul>\n<p><strong>Tabela de Tamanhos<\/strong><\/p>\n<p><strong>Conselho da Skinners<\/strong>: No limite dos tamanhos! P\u00e9s mais largos devem ser considerados.<\/p>\n<table class=\"table\" style=\"height: 198px;\" width=\"597\">\n<thead>\n<tr>\n<th style=\"width: 587px;\" colspan=\"5\" scope=\"col\">Tabela de tamanhos<\/th>\n<\/tr>\n<tr>\n<th style=\"width: 57px;\" scope=\"col\">Tamanho<\/th>\n<th style=\"width: 89px;\" scope=\"col\">EU<\/th>\n<th style=\"width: 136px;\" scope=\"col\">US homem<\/th>\n<th style=\"width: 143px;\" scope=\"col\">US mulher<\/th>\n<th style=\"width: 138px;\" scope=\"col\">CM<\/th>\n<\/tr>\n<\/thead>\n<tbody>\n<tr>\n<th style=\"width: 57px;\" scope=\"row\">XS<\/th>\n<td style=\"width: 89px; text-align: center;\">36 &#8211; 37<\/td>\n<td style=\"width: 136px; text-align: center;\">4,5 &#8211; 5,5<\/td>\n<td style=\"width: 143px; text-align: center;\">5,5 &#8211; 6,5<\/td>\n<td style=\"width: 138px; text-align: center;\">22,6 &#8211; 24,1<\/td>\n<\/tr>\n<tr>\n<th style=\"width: 57px;\" scope=\"row\">S<\/th>\n<td style=\"width: 89px; text-align: center;\">38 &#8211; 39<\/td>\n<td style=\"width: 136px; text-align: center;\">6 &#8211; 7<\/td>\n<td style=\"width: 143px; text-align: center;\">7 &#8211; 8<\/td>\n<td style=\"width: 138px; text-align: center;\">24,1 &#8211; 25,4<\/td>\n<\/tr>\n<tr>\n<th style=\"width: 57px;\" scope=\"row\">M<\/th>\n<td style=\"width: 89px; text-align: center;\">40 &#8211; 42<\/td>\n<td style=\"width: 136px; text-align: center;\">7,5 &#8211; 9,5<\/td>\n<td style=\"width: 143px; text-align: center;\">8,5 &#8211; 10,5<\/td>\n<td style=\"width: 138px; text-align: center;\">25,4 &#8211; 26,8<\/td>\n<\/tr>\n<tr>\n<th style=\"width: 57px;\" scope=\"row\">L<\/th>\n<td style=\"width: 89px; text-align: center;\">43 &#8211; 44<\/td>\n<td style=\"width: 136px; text-align: center;\">10 &#8211; 11<\/td>\n<td style=\"width: 143px; text-align: center;\">11 &#8211; 12<\/td>\n<td style=\"width: 138px; text-align: center;\">26,8 &#8211; 28,1<\/td>\n<\/tr>\n<tr>\n<th style=\"width: 57px;\" scope=\"row\">XL<\/th>\n<td style=\"width: 89px; text-align: center;\">45 &#8211; 46<\/td>\n<td style=\"width: 136px; text-align: center;\">11,5 &#8211; 12,5<\/td>\n<td style=\"width: 143px; text-align: center;\">12,5 &#8211; 13,5<\/td>\n<td style=\"width: 138px; text-align: center;\">28,1 &#8211; 29,4<\/td>\n<\/tr>\n<tr>\n<th style=\"width: 57px;\" scope=\"row\">XXL<\/th>\n<td style=\"width: 89px; text-align: center;\">47 &#8211; 49<\/td>\n<td style=\"width: 136px; text-align: center;\">13 &#8211; 14,5<\/td>\n<td style=\"width: 143px; text-align: center;\">14 &#8211; 15,5<\/td>\n<td style=\"width: 138px; text-align: center;\">29,4 &#8211; 30,9<\/td>\n<\/tr>\n<\/tbody>\n<\/table>\n","protected":false},"excerpt":{"rendered":"<p>Os <strong>Skinners<\/strong> s\u00e3o a combina\u00e7\u00e3o perfeita de conforto, sensibilidade do p\u00e9 e ader\u00eancia, e \u00e9 por isso que dizemos que s\u00e3o os <strong>melhores sapatos de slackline que existem.<\/strong><\/p>\n<p><strong>.<\/strong><\/p>\n","protected":false},"featured_media":10628,"comment_status":"open","ping_status":"closed","template":"","meta":{"_acf_changed":false,"_joinchat":[]},"product_cat":[894],"product_tag":[552,549,555,559,563],"class_list":{"0":"post-11973","1":"product","2":"type-product","3":"status-publish","4":"has-post-thumbnail","6":"product_cat-fashion-pt-pt","7":"product_tag-highline","8":"product_tag-iniciantes","9":"product_tag-longline","10":"product_tag-rodeoline","11":"product_tag-yoga-slackline","12":"pa_brand-skinners-pt-pt","14":"first","15":"instock","16":"taxable","17":"shipping-taxable","18":"purchasable","19":"product-type-variable","swatches":"rey-swatches","show_selected":""},"acf":[],"yoast_head":"<!-- This site is optimized with the Yoast SEO plugin v27.4 - https:\/\/yoast.com\/product\/yoast-seo-wordpress\/ -->\n<title>Cal\u00e7ado para Slackline: Os Skinners | SLACKTIVITY Online Shop<\/title>\n<meta name=\"description\" content=\"Desde que come\u00e7amos a praticar slackline, procuramos o cal\u00e7ado de slackline perfeito. Agora, depois de mais de uma d\u00e9cada, encontr\u00e1mos os Skinners!\" \/>\n<meta name=\"robots\" content=\"index, follow, max-snippet:-1, max-image-preview:large, max-video-preview:-1\" \/>\n<link rel=\"canonical\" href=\"https:\/\/slacktivity.com\/pt-pt\/shop\/skinners-slackline-shoes\/\" \/>\n<meta property=\"og:locale\" content=\"pt_PT\" \/>\n<meta property=\"og:type\" content=\"article\" \/>\n<meta property=\"og:title\" content=\"Cal\u00e7ado para Slackline: Os Skinners | SLACKTIVITY Online Shop\" \/>\n<meta property=\"og:description\" content=\"Desde que come\u00e7amos a praticar slackline, procuramos o cal\u00e7ado de slackline perfeito. Agora, depois de mais de uma d\u00e9cada, encontr\u00e1mos os Skinners!\" \/>\n<meta property=\"og:url\" content=\"https:\/\/slacktivity.com\/pt-pt\/shop\/skinners-slackline-shoes\/\" \/>\n<meta property=\"og:site_name\" content=\"Slacktivity Slacklines International Shop\" \/>\n<meta property=\"article:publisher\" content=\"https:\/\/www.facebook.com\/SLACKTIVITY\/\" \/>\n<meta property=\"article:modified_time\" content=\"2025-04-14T11:09:36+00:00\" \/>\n<meta property=\"og:image\" content=\"https:\/\/slacktivity.com\/wp-content\/uploads\/2021\/02\/skinners-slackline-shoes.jpg\" \/>\n\t<meta property=\"og:image:width\" content=\"1180\" \/>\n\t<meta property=\"og:image:height\" content=\"1377\" \/>\n\t<meta property=\"og:image:type\" content=\"image\/jpeg\" \/>\n<meta name=\"twitter:card\" content=\"summary_large_image\" \/>\n<meta name=\"twitter:label1\" content=\"Tempo estimado de leitura\" \/>\n\t<meta name=\"twitter:data1\" content=\"2 minutos\" \/>\n<script type=\"application\/ld+json\" class=\"yoast-schema-graph\">{\"@context\":\"https:\\\/\\\/schema.org\",\"@graph\":[{\"@type\":\"WebPage\",\"@id\":\"https:\\\/\\\/slacktivity.com\\\/pt-pt\\\/shop\\\/skinners-slackline-shoes\\\/\",\"url\":\"https:\\\/\\\/slacktivity.com\\\/pt-pt\\\/shop\\\/skinners-slackline-shoes\\\/\",\"name\":\"Cal\u00e7ado para Slackline: Os Skinners | SLACKTIVITY Online Shop\",\"isPartOf\":{\"@id\":\"https:\\\/\\\/slacktivity.com\\\/pt-pt\\\/#website\"},\"primaryImageOfPage\":{\"@id\":\"https:\\\/\\\/slacktivity.com\\\/pt-pt\\\/shop\\\/skinners-slackline-shoes\\\/#primaryimage\"},\"image\":{\"@id\":\"https:\\\/\\\/slacktivity.com\\\/pt-pt\\\/shop\\\/skinners-slackline-shoes\\\/#primaryimage\"},\"thumbnailUrl\":\"https:\\\/\\\/slacktivity.com\\\/wp-content\\\/uploads\\\/2021\\\/03\\\/skinners-slackline-shoes.jpg\",\"datePublished\":\"2023-03-06T10:39:50+00:00\",\"dateModified\":\"2025-04-14T11:09:36+00:00\",\"description\":\"Desde que come\u00e7amos a praticar slackline, procuramos o cal\u00e7ado de slackline perfeito. Agora, depois de mais de uma d\u00e9cada, encontr\u00e1mos os Skinners!\",\"breadcrumb\":{\"@id\":\"https:\\\/\\\/slacktivity.com\\\/pt-pt\\\/shop\\\/skinners-slackline-shoes\\\/#breadcrumb\"},\"inLanguage\":\"pt-PT\",\"potentialAction\":[{\"@type\":\"ReadAction\",\"target\":[\"https:\\\/\\\/slacktivity.com\\\/pt-pt\\\/shop\\\/skinners-slackline-shoes\\\/\"]}]},{\"@type\":\"ImageObject\",\"inLanguage\":\"pt-PT\",\"@id\":\"https:\\\/\\\/slacktivity.com\\\/pt-pt\\\/shop\\\/skinners-slackline-shoes\\\/#primaryimage\",\"url\":\"https:\\\/\\\/slacktivity.com\\\/wp-content\\\/uploads\\\/2021\\\/03\\\/skinners-slackline-shoes.jpg\",\"contentUrl\":\"https:\\\/\\\/slacktivity.com\\\/wp-content\\\/uploads\\\/2021\\\/03\\\/skinners-slackline-shoes.jpg\",\"width\":1180,\"height\":1377,\"caption\":\"skinners slackline shoes\"},{\"@type\":\"BreadcrumbList\",\"@id\":\"https:\\\/\\\/slacktivity.com\\\/pt-pt\\\/shop\\\/skinners-slackline-shoes\\\/#breadcrumb\",\"itemListElement\":[{\"@type\":\"ListItem\",\"position\":1,\"name\":\"Home\",\"item\":\"https:\\\/\\\/slacktivity.com\\\/pt-pt\\\/\"},{\"@type\":\"ListItem\",\"position\":2,\"name\":\"loja\",\"item\":\"https:\\\/\\\/slacktivity.com\\\/pt-pt\\\/loja\\\/\"},{\"@type\":\"ListItem\",\"position\":3,\"name\":\"Skinners | Cal\u00e7ado para Slackline\"}]},{\"@type\":\"WebSite\",\"@id\":\"https:\\\/\\\/slacktivity.com\\\/pt-pt\\\/#website\",\"url\":\"https:\\\/\\\/slacktivity.com\\\/pt-pt\\\/\",\"name\":\"Slacktivity Slacklines International Shop\",\"description\":\"Discover the innovative products of Slacktivity. Swiss designed premium slackline gear. Advice from our experts for the best and a safe slackline experience.\",\"publisher\":{\"@id\":\"https:\\\/\\\/slacktivity.com\\\/pt-pt\\\/#organization\"},\"potentialAction\":[{\"@type\":\"SearchAction\",\"target\":{\"@type\":\"EntryPoint\",\"urlTemplate\":\"https:\\\/\\\/slacktivity.com\\\/pt-pt\\\/?s={search_term_string}\"},\"query-input\":{\"@type\":\"PropertyValueSpecification\",\"valueRequired\":true,\"valueName\":\"search_term_string\"}}],\"inLanguage\":\"pt-PT\"},{\"@type\":\"Organization\",\"@id\":\"https:\\\/\\\/slacktivity.com\\\/pt-pt\\\/#organization\",\"name\":\"Slacktivity Slacklines\",\"url\":\"https:\\\/\\\/slacktivity.com\\\/pt-pt\\\/\",\"logo\":{\"@type\":\"ImageObject\",\"inLanguage\":\"pt-PT\",\"@id\":\"https:\\\/\\\/slacktivity.com\\\/pt-pt\\\/#\\\/schema\\\/logo\\\/image\\\/\",\"url\":\"https:\\\/\\\/slacktivity.com\\\/wp-content\\\/uploads\\\/2021\\\/01\\\/slacktivity-slackline-online-shop-1.png\",\"contentUrl\":\"https:\\\/\\\/slacktivity.com\\\/wp-content\\\/uploads\\\/2021\\\/01\\\/slacktivity-slackline-online-shop-1.png\",\"width\":200,\"height\":77,\"caption\":\"Slacktivity Slacklines\"},\"image\":{\"@id\":\"https:\\\/\\\/slacktivity.com\\\/pt-pt\\\/#\\\/schema\\\/logo\\\/image\\\/\"},\"sameAs\":[\"https:\\\/\\\/www.facebook.com\\\/SLACKTIVITY\\\/\",\"https:\\\/\\\/www.instagram.com\\\/slacktivity\\\/\"]}]}<\/script>\n<!-- \/ Yoast SEO plugin. -->","yoast_head_json":{"title":"Cal\u00e7ado para Slackline: Os Skinners | SLACKTIVITY Online Shop","description":"Desde que come\u00e7amos a praticar slackline, procuramos o cal\u00e7ado de slackline perfeito. Agora, depois de mais de uma d\u00e9cada, encontr\u00e1mos os Skinners!","robots":{"index":"index","follow":"follow","max-snippet":"max-snippet:-1","max-image-preview":"max-image-preview:large","max-video-preview":"max-video-preview:-1"},"canonical":"https:\/\/slacktivity.com\/pt-pt\/shop\/skinners-slackline-shoes\/","og_locale":"pt_PT","og_type":"article","og_title":"Cal\u00e7ado para Slackline: Os Skinners | SLACKTIVITY Online Shop","og_description":"Desde que come\u00e7amos a praticar slackline, procuramos o cal\u00e7ado de slackline perfeito. Agora, depois de mais de uma d\u00e9cada, encontr\u00e1mos os Skinners!","og_url":"https:\/\/slacktivity.com\/pt-pt\/shop\/skinners-slackline-shoes\/","og_site_name":"Slacktivity Slacklines International Shop","article_publisher":"https:\/\/www.facebook.com\/SLACKTIVITY\/","article_modified_time":"2025-04-14T11:09:36+00:00","og_image":[{"width":1180,"height":1377,"url":"https:\/\/slacktivity.com\/wp-content\/uploads\/2021\/02\/skinners-slackline-shoes.jpg","type":"image\/jpeg"}],"twitter_card":"summary_large_image","twitter_misc":{"Tempo estimado de leitura":"2 minutos"},"schema":{"@context":"https:\/\/schema.org","@graph":[{"@type":"WebPage","@id":"https:\/\/slacktivity.com\/pt-pt\/shop\/skinners-slackline-shoes\/","url":"https:\/\/slacktivity.com\/pt-pt\/shop\/skinners-slackline-shoes\/","name":"Cal\u00e7ado para Slackline: Os Skinners | SLACKTIVITY Online Shop","isPartOf":{"@id":"https:\/\/slacktivity.com\/pt-pt\/#website"},"primaryImageOfPage":{"@id":"https:\/\/slacktivity.com\/pt-pt\/shop\/skinners-slackline-shoes\/#primaryimage"},"image":{"@id":"https:\/\/slacktivity.com\/pt-pt\/shop\/skinners-slackline-shoes\/#primaryimage"},"thumbnailUrl":"https:\/\/slacktivity.com\/wp-content\/uploads\/2021\/03\/skinners-slackline-shoes.jpg","datePublished":"2023-03-06T10:39:50+00:00","dateModified":"2025-04-14T11:09:36+00:00","description":"Desde que come\u00e7amos a praticar slackline, procuramos o cal\u00e7ado de slackline perfeito. Agora, depois de mais de uma d\u00e9cada, encontr\u00e1mos os Skinners!","breadcrumb":{"@id":"https:\/\/slacktivity.com\/pt-pt\/shop\/skinners-slackline-shoes\/#breadcrumb"},"inLanguage":"pt-PT","potentialAction":[{"@type":"ReadAction","target":["https:\/\/slacktivity.com\/pt-pt\/shop\/skinners-slackline-shoes\/"]}]},{"@type":"ImageObject","inLanguage":"pt-PT","@id":"https:\/\/slacktivity.com\/pt-pt\/shop\/skinners-slackline-shoes\/#primaryimage","url":"https:\/\/slacktivity.com\/wp-content\/uploads\/2021\/03\/skinners-slackline-shoes.jpg","contentUrl":"https:\/\/slacktivity.com\/wp-content\/uploads\/2021\/03\/skinners-slackline-shoes.jpg","width":1180,"height":1377,"caption":"skinners slackline shoes"},{"@type":"BreadcrumbList","@id":"https:\/\/slacktivity.com\/pt-pt\/shop\/skinners-slackline-shoes\/#breadcrumb","itemListElement":[{"@type":"ListItem","position":1,"name":"Home","item":"https:\/\/slacktivity.com\/pt-pt\/"},{"@type":"ListItem","position":2,"name":"loja","item":"https:\/\/slacktivity.com\/pt-pt\/loja\/"},{"@type":"ListItem","position":3,"name":"Skinners | Cal\u00e7ado para Slackline"}]},{"@type":"WebSite","@id":"https:\/\/slacktivity.com\/pt-pt\/#website","url":"https:\/\/slacktivity.com\/pt-pt\/","name":"Slacktivity Slacklines International Shop","description":"Discover the innovative products of Slacktivity. Swiss designed premium slackline gear. Advice from our experts for the best and a safe slackline experience.","publisher":{"@id":"https:\/\/slacktivity.com\/pt-pt\/#organization"},"potentialAction":[{"@type":"SearchAction","target":{"@type":"EntryPoint","urlTemplate":"https:\/\/slacktivity.com\/pt-pt\/?s={search_term_string}"},"query-input":{"@type":"PropertyValueSpecification","valueRequired":true,"valueName":"search_term_string"}}],"inLanguage":"pt-PT"},{"@type":"Organization","@id":"https:\/\/slacktivity.com\/pt-pt\/#organization","name":"Slacktivity Slacklines","url":"https:\/\/slacktivity.com\/pt-pt\/","logo":{"@type":"ImageObject","inLanguage":"pt-PT","@id":"https:\/\/slacktivity.com\/pt-pt\/#\/schema\/logo\/image\/","url":"https:\/\/slacktivity.com\/wp-content\/uploads\/2021\/01\/slacktivity-slackline-online-shop-1.png","contentUrl":"https:\/\/slacktivity.com\/wp-content\/uploads\/2021\/01\/slacktivity-slackline-online-shop-1.png","width":200,"height":77,"caption":"Slacktivity Slacklines"},"image":{"@id":"https:\/\/slacktivity.com\/pt-pt\/#\/schema\/logo\/image\/"},"sameAs":["https:\/\/www.facebook.com\/SLACKTIVITY\/","https:\/\/www.instagram.com\/slacktivity\/"]}]}},"_links":{"self":[{"href":"https:\/\/slacktivity.com\/pt-pt\/wp-json\/wp\/v2\/product\/11973","targetHints":{"allow":["GET"]}}],"collection":[{"href":"https:\/\/slacktivity.com\/pt-pt\/wp-json\/wp\/v2\/product"}],"about":[{"href":"https:\/\/slacktivity.com\/pt-pt\/wp-json\/wp\/v2\/types\/product"}],"replies":[{"embeddable":true,"href":"https:\/\/slacktivity.com\/pt-pt\/wp-json\/wp\/v2\/comments?post=11973"}],"wp:featuredmedia":[{"embeddable":true,"href":"https:\/\/slacktivity.com\/pt-pt\/wp-json\/wp\/v2\/media\/10628"}],"wp:attachment":[{"href":"https:\/\/slacktivity.com\/pt-pt\/wp-json\/wp\/v2\/media?parent=11973"}],"wp:term":[{"taxonomy":"product_cat","embeddable":true,"href":"https:\/\/slacktivity.com\/pt-pt\/wp-json\/wp\/v2\/product_cat?post=11973"},{"taxonomy":"product_tag","embeddable":true,"href":"https:\/\/slacktivity.com\/pt-pt\/wp-json\/wp\/v2\/product_tag?post=11973"}],"curies":[{"name":"wp","href":"https:\/\/api.w.org\/{rel}","templated":true}]}}