{"id":15059,"date":"2023-03-06T13:35:44","date_gmt":"2023-03-06T13:35:44","guid":{"rendered":"https:\/\/slacktivity.com\/shop\/slingshady\/"},"modified":"2025-01-28T11:29:41","modified_gmt":"2025-01-28T11:29:41","slug":"slingshady","status":"publish","type":"product","link":"https:\/\/slacktivity.com\/pt-pt\/shop\/slingshady\/","title":{"rendered":"SlingShady"},"content":{"rendered":"<h2><strong>SlingShady \u2013 O novo sling no SlackUniverse<\/strong><\/h2>\n<p>Para profissionais do highline e novatos do rodeo! A Slacktivity traz para voc\u00ea a solu\u00e7\u00e3o definitiva no mundo dos slings: a <strong>SlingShady<\/strong>. Com estilo, desempenho e a for\u00e7a que voc\u00ea precisa para os setups mais insanos, esta sling n\u00e3o estabelece novos padr\u00f5es \u2013 mas simplesmente tem uma apar\u00eancia melhor, \u00e9 mais leve e mais estreita do que as slings industriais. Desenvolvido pelos praticantes de highline bouncers que est\u00e3o redefinindo o estilo e o airtime, o SlingShady oferece exatamente o que voc\u00ea precisa para ancorar seu slackline ou <a href=\"https:\/\/slacktivity.com\/shop\/slackline-bungees\/\">bungees<\/a>. Aqui est\u00e1 o SlingShady!<\/p>\n<p>Mesmo longe dos holofotes, o SlingShady faz uma figura absolutamente discreta e confi\u00e1vel: ele \u00e9 praticamente invis\u00edvel, segura com seguran\u00e7a hamacas, velas solares ou qualquer outra coisa que voc\u00ea queira prender de forma est\u00e1vel e segura a vigas de a\u00e7o galvanizado ou pilares de bet\u00e3o. Este Sling impressiona com seus incr\u00edveis valores internos, feitos de fios de poli\u00e9ster de alta qualidade, capazes de suportar facilmente o peso de um SUV.<\/p>\n<h3><strong>Descri\u00e7\u00e3o do Material<\/strong><\/h3>\n<ul>\n<li><strong> Capa<\/strong>: Poli\u00e9ster de alta qualidade na cor cinza-prata.<\/li>\n<li><strong>Core<\/strong> : Premium polyester strands<\/li>\n<\/ul>\n<h3><strong>Caracter\u00edsticas e Benef\u00edcios do SlingShady<\/strong><\/h3>\n<ul>\n<li><strong>Largura de 35 mm<\/strong>: Ajuste perfeito para o<a href=\"https:\/\/slacktivity.com\/shop\/kingpin-aluminium-shackle\/\"> KingPin<\/a>, olhais, links r\u00e1pidos e mosquet\u00f5es.\n<p> Gra\u00e7as \u00e0 sua largura, o SlingShady tamb\u00e9m \u00e9 ideal para prender bunges de slackline.<\/p>\n<\/li>\n<li><strong>Constru\u00e7\u00e3o Robusta<\/strong>: A capa \u00e9 extremamente dur\u00e1vel, costurada com uma costura de 10 cm de comprimento, feita por costura controlada por computador.<\/li>\n<li><strong>Altas Reservas de Seguran\u00e7a:<\/strong> Caso o n\u00facleo se rompa, a capa ainda oferece uma resist\u00eancia m\u00ednima \u00e0 ruptura de mais de 22 kN.\n<\/li>\n<li><strong>Economia de Peso de 20%<\/strong> em compara\u00e7\u00e3o com slings redondos normais.\n<\/li>\n<\/ul>\n<h3><strong>Dados T\u00e9cnicos<\/strong><\/h3>\n<ul>\n<li><strong>MBS (minimum breaking load)<\/strong> : 56 kN<\/li>\n<li><strong>WLL (Working Load Limit)<\/strong> : 8 kN<\/li>\n<li><strong>Peso dependendo do comprimento:<\/strong>\n<ul>\n<li>Comprimento = 0,35 m \/ circunfer\u00eancia = 0,7 m \/ peso: aproximadamente\n<p> 97 g (ideal para prender bunges de slackline \u2013 quantidades limitadas!)<\/p>\n<\/li>\n<li>Comprimento = 1 m \/ Circunfer\u00eancia = 2 m \/ Peso: aproximadamente\n<p> 254 g<\/li>\n<li>Comprimento = 2 m \/ Circunfer\u00eancia = 4 m \/ Peso: aproximadamente\n<p> 471 g<\/li>\n<li>Comprimento = 3 m \/ Circunfer\u00eancia = 6 m \/ Peso: aproximadamente\n<p> 687 g<\/li>\n<\/ul>\n<\/li>\n<\/ul>\n<h3><strong>Aplica\u00e7\u00f5es Adicionais<\/strong><\/h3>\n<p>A colora\u00e7\u00e3o cinza torna o SlingShady discreto e ideal para prender hammocks ou velas solares a objetos de a\u00e7o galvanizado.<\/p>\n<p> This extends the range of applications beyond the slackline area.<\/p>\n<p>Isso amplia o campo de aplica\u00e7\u00e3o al\u00e9m da \u00e1rea de slackline.<\/p>\n","protected":false},"excerpt":{"rendered":"<p>O <strong>SlingShady <\/strong>\u00e9 um sling redondo inovador para slackline.<\/p>\n<p> Ele se caracteriza pelo seu baixo peso e pela largura de apenas 35 mm.<\/p>\n<p> Isso com uma carga m\u00ednima de ruptura de 56 kN. O sling \u00e9 ideal para slacklines de qualquer comprimento e oferece uma economia de peso de cerca de 20% em compara\u00e7\u00e3o com slings redondos convencionais.<\/p>\n<p> A capa de poli\u00e9ster de alta qualidade, na cor cinza-prata, e o n\u00facleo de poli\u00e9ster premium garantem durabilidade e confiabilidade. O SlingShady tamb\u00e9m \u00e9 vers\u00e1til, sendo ideal, por exemplo, para prender hamacas ou velas solares a vigas de a\u00e7o ou pilares de bet\u00e3o.<\/p>\n","protected":false},"featured_media":15025,"comment_status":"open","ping_status":"closed","template":"","meta":{"_acf_changed":false,"_joinchat":[]},"product_cat":[899,900],"product_tag":[552,559],"class_list":{"0":"post-15059","1":"product","2":"type-product","3":"status-publish","4":"has-post-thumbnail","6":"product_cat-ancoragem-e-sligns","7":"product_cat-slings-de-slackline","8":"product_tag-highline","9":"product_tag-rodeoline","10":"pa_brand-slacktivity-pt-pt","12":"first","13":"instock","14":"taxable","15":"shipping-taxable","16":"purchasable","17":"product-type-variable","18":"has-default-attributes","swatches":"rey-swatches","show_selected":""},"acf":[],"yoast_head":"<!-- This site is optimized with the Yoast SEO plugin v27.4 - https:\/\/yoast.com\/product\/yoast-seo-wordpress\/ -->\n<title>SlingShady \u2013 Sling Leve e Vers\u00e1til<\/title>\n<meta name=\"description\" content=\"Leve e resistente, o SlingShady oferece uma carga de ruptura de 56 kN e uma redu\u00e7\u00e3o de peso de 20% \u2014 perfeito para slacklines, bungees e muito mais.\" \/>\n<meta name=\"robots\" content=\"index, follow, max-snippet:-1, max-image-preview:large, max-video-preview:-1\" \/>\n<link rel=\"canonical\" href=\"https:\/\/slacktivity.com\/pt-pt\/shop\/slingshady\/\" \/>\n<meta property=\"og:locale\" content=\"pt_PT\" \/>\n<meta property=\"og:type\" content=\"article\" \/>\n<meta property=\"og:title\" content=\"SlingShady \u2013 Sling Leve e Vers\u00e1til\" \/>\n<meta property=\"og:description\" content=\"Leve e resistente, o SlingShady oferece uma carga de ruptura de 56 kN e uma redu\u00e7\u00e3o de peso de 20% \u2014 perfeito para slacklines, bungees e muito mais.\" \/>\n<meta property=\"og:url\" content=\"https:\/\/slacktivity.com\/pt-pt\/shop\/slingshady\/\" \/>\n<meta property=\"og:site_name\" content=\"Slacktivity Slacklines International Shop\" \/>\n<meta property=\"article:publisher\" content=\"https:\/\/www.facebook.com\/SLACKTIVITY\/\" \/>\n<meta property=\"article:modified_time\" content=\"2025-01-28T11:29:41+00:00\" \/>\n<meta property=\"og:image\" content=\"https:\/\/slacktivity.com\/wp-content\/uploads\/2025\/01\/slingshady-35cm.jpg\" \/>\n\t<meta property=\"og:image:width\" content=\"1180\" \/>\n\t<meta property=\"og:image:height\" content=\"1377\" \/>\n\t<meta property=\"og:image:type\" content=\"image\/jpeg\" \/>\n<meta name=\"twitter:card\" content=\"summary_large_image\" \/>\n<meta name=\"twitter:label1\" content=\"Tempo estimado de leitura\" \/>\n\t<meta name=\"twitter:data1\" content=\"2 minutos\" \/>\n<script type=\"application\/ld+json\" class=\"yoast-schema-graph\">{\"@context\":\"https:\\\/\\\/schema.org\",\"@graph\":[{\"@type\":\"WebPage\",\"@id\":\"https:\\\/\\\/slacktivity.com\\\/pt-pt\\\/shop\\\/slingshady\\\/\",\"url\":\"https:\\\/\\\/slacktivity.com\\\/pt-pt\\\/shop\\\/slingshady\\\/\",\"name\":\"SlingShady \u2013 Sling Leve e Vers\u00e1til\",\"isPartOf\":{\"@id\":\"https:\\\/\\\/slacktivity.com\\\/pt-pt\\\/#website\"},\"primaryImageOfPage\":{\"@id\":\"https:\\\/\\\/slacktivity.com\\\/pt-pt\\\/shop\\\/slingshady\\\/#primaryimage\"},\"image\":{\"@id\":\"https:\\\/\\\/slacktivity.com\\\/pt-pt\\\/shop\\\/slingshady\\\/#primaryimage\"},\"thumbnailUrl\":\"https:\\\/\\\/slacktivity.com\\\/wp-content\\\/uploads\\\/2025\\\/01\\\/slingshady-35cm.jpg\",\"datePublished\":\"2023-03-06T13:35:44+00:00\",\"dateModified\":\"2025-01-28T11:29:41+00:00\",\"description\":\"Leve e resistente, o SlingShady oferece uma carga de ruptura de 56 kN e uma redu\u00e7\u00e3o de peso de 20% \u2014 perfeito para slacklines, bungees e muito mais.\",\"breadcrumb\":{\"@id\":\"https:\\\/\\\/slacktivity.com\\\/pt-pt\\\/shop\\\/slingshady\\\/#breadcrumb\"},\"inLanguage\":\"pt-PT\",\"potentialAction\":[{\"@type\":\"ReadAction\",\"target\":[\"https:\\\/\\\/slacktivity.com\\\/pt-pt\\\/shop\\\/slingshady\\\/\"]}]},{\"@type\":\"ImageObject\",\"inLanguage\":\"pt-PT\",\"@id\":\"https:\\\/\\\/slacktivity.com\\\/pt-pt\\\/shop\\\/slingshady\\\/#primaryimage\",\"url\":\"https:\\\/\\\/slacktivity.com\\\/wp-content\\\/uploads\\\/2025\\\/01\\\/slingshady-35cm.jpg\",\"contentUrl\":\"https:\\\/\\\/slacktivity.com\\\/wp-content\\\/uploads\\\/2025\\\/01\\\/slingshady-35cm.jpg\",\"width\":1180,\"height\":1377,\"caption\":\"slingshady 35cm\"},{\"@type\":\"BreadcrumbList\",\"@id\":\"https:\\\/\\\/slacktivity.com\\\/pt-pt\\\/shop\\\/slingshady\\\/#breadcrumb\",\"itemListElement\":[{\"@type\":\"ListItem\",\"position\":1,\"name\":\"Home\",\"item\":\"https:\\\/\\\/slacktivity.com\\\/pt-pt\\\/\"},{\"@type\":\"ListItem\",\"position\":2,\"name\":\"loja\",\"item\":\"https:\\\/\\\/slacktivity.com\\\/pt-pt\\\/loja\\\/\"},{\"@type\":\"ListItem\",\"position\":3,\"name\":\"SlingShady\"}]},{\"@type\":\"WebSite\",\"@id\":\"https:\\\/\\\/slacktivity.com\\\/pt-pt\\\/#website\",\"url\":\"https:\\\/\\\/slacktivity.com\\\/pt-pt\\\/\",\"name\":\"Slacktivity Slacklines International Shop\",\"description\":\"Discover the innovative products of Slacktivity. Swiss designed premium slackline gear. Advice from our experts for the best and a safe slackline experience.\",\"publisher\":{\"@id\":\"https:\\\/\\\/slacktivity.com\\\/pt-pt\\\/#organization\"},\"potentialAction\":[{\"@type\":\"SearchAction\",\"target\":{\"@type\":\"EntryPoint\",\"urlTemplate\":\"https:\\\/\\\/slacktivity.com\\\/pt-pt\\\/?s={search_term_string}\"},\"query-input\":{\"@type\":\"PropertyValueSpecification\",\"valueRequired\":true,\"valueName\":\"search_term_string\"}}],\"inLanguage\":\"pt-PT\"},{\"@type\":\"Organization\",\"@id\":\"https:\\\/\\\/slacktivity.com\\\/pt-pt\\\/#organization\",\"name\":\"Slacktivity Slacklines\",\"url\":\"https:\\\/\\\/slacktivity.com\\\/pt-pt\\\/\",\"logo\":{\"@type\":\"ImageObject\",\"inLanguage\":\"pt-PT\",\"@id\":\"https:\\\/\\\/slacktivity.com\\\/pt-pt\\\/#\\\/schema\\\/logo\\\/image\\\/\",\"url\":\"https:\\\/\\\/slacktivity.com\\\/wp-content\\\/uploads\\\/2021\\\/01\\\/slacktivity-slackline-online-shop-1.png\",\"contentUrl\":\"https:\\\/\\\/slacktivity.com\\\/wp-content\\\/uploads\\\/2021\\\/01\\\/slacktivity-slackline-online-shop-1.png\",\"width\":200,\"height\":77,\"caption\":\"Slacktivity Slacklines\"},\"image\":{\"@id\":\"https:\\\/\\\/slacktivity.com\\\/pt-pt\\\/#\\\/schema\\\/logo\\\/image\\\/\"},\"sameAs\":[\"https:\\\/\\\/www.facebook.com\\\/SLACKTIVITY\\\/\",\"https:\\\/\\\/www.instagram.com\\\/slacktivity\\\/\"]}]}<\/script>\n<!-- \/ Yoast SEO plugin. -->","yoast_head_json":{"title":"SlingShady \u2013 Sling Leve e Vers\u00e1til","description":"Leve e resistente, o SlingShady oferece uma carga de ruptura de 56 kN e uma redu\u00e7\u00e3o de peso de 20% \u2014 perfeito para slacklines, bungees e muito mais.","robots":{"index":"index","follow":"follow","max-snippet":"max-snippet:-1","max-image-preview":"max-image-preview:large","max-video-preview":"max-video-preview:-1"},"canonical":"https:\/\/slacktivity.com\/pt-pt\/shop\/slingshady\/","og_locale":"pt_PT","og_type":"article","og_title":"SlingShady \u2013 Sling Leve e Vers\u00e1til","og_description":"Leve e resistente, o SlingShady oferece uma carga de ruptura de 56 kN e uma redu\u00e7\u00e3o de peso de 20% \u2014 perfeito para slacklines, bungees e muito mais.","og_url":"https:\/\/slacktivity.com\/pt-pt\/shop\/slingshady\/","og_site_name":"Slacktivity Slacklines International Shop","article_publisher":"https:\/\/www.facebook.com\/SLACKTIVITY\/","article_modified_time":"2025-01-28T11:29:41+00:00","og_image":[{"width":1180,"height":1377,"url":"https:\/\/slacktivity.com\/wp-content\/uploads\/2025\/01\/slingshady-35cm.jpg","type":"image\/jpeg"}],"twitter_card":"summary_large_image","twitter_misc":{"Tempo estimado de leitura":"2 minutos"},"schema":{"@context":"https:\/\/schema.org","@graph":[{"@type":"WebPage","@id":"https:\/\/slacktivity.com\/pt-pt\/shop\/slingshady\/","url":"https:\/\/slacktivity.com\/pt-pt\/shop\/slingshady\/","name":"SlingShady \u2013 Sling Leve e Vers\u00e1til","isPartOf":{"@id":"https:\/\/slacktivity.com\/pt-pt\/#website"},"primaryImageOfPage":{"@id":"https:\/\/slacktivity.com\/pt-pt\/shop\/slingshady\/#primaryimage"},"image":{"@id":"https:\/\/slacktivity.com\/pt-pt\/shop\/slingshady\/#primaryimage"},"thumbnailUrl":"https:\/\/slacktivity.com\/wp-content\/uploads\/2025\/01\/slingshady-35cm.jpg","datePublished":"2023-03-06T13:35:44+00:00","dateModified":"2025-01-28T11:29:41+00:00","description":"Leve e resistente, o SlingShady oferece uma carga de ruptura de 56 kN e uma redu\u00e7\u00e3o de peso de 20% \u2014 perfeito para slacklines, bungees e muito mais.","breadcrumb":{"@id":"https:\/\/slacktivity.com\/pt-pt\/shop\/slingshady\/#breadcrumb"},"inLanguage":"pt-PT","potentialAction":[{"@type":"ReadAction","target":["https:\/\/slacktivity.com\/pt-pt\/shop\/slingshady\/"]}]},{"@type":"ImageObject","inLanguage":"pt-PT","@id":"https:\/\/slacktivity.com\/pt-pt\/shop\/slingshady\/#primaryimage","url":"https:\/\/slacktivity.com\/wp-content\/uploads\/2025\/01\/slingshady-35cm.jpg","contentUrl":"https:\/\/slacktivity.com\/wp-content\/uploads\/2025\/01\/slingshady-35cm.jpg","width":1180,"height":1377,"caption":"slingshady 35cm"},{"@type":"BreadcrumbList","@id":"https:\/\/slacktivity.com\/pt-pt\/shop\/slingshady\/#breadcrumb","itemListElement":[{"@type":"ListItem","position":1,"name":"Home","item":"https:\/\/slacktivity.com\/pt-pt\/"},{"@type":"ListItem","position":2,"name":"loja","item":"https:\/\/slacktivity.com\/pt-pt\/loja\/"},{"@type":"ListItem","position":3,"name":"SlingShady"}]},{"@type":"WebSite","@id":"https:\/\/slacktivity.com\/pt-pt\/#website","url":"https:\/\/slacktivity.com\/pt-pt\/","name":"Slacktivity Slacklines International Shop","description":"Discover the innovative products of Slacktivity. Swiss designed premium slackline gear. Advice from our experts for the best and a safe slackline experience.","publisher":{"@id":"https:\/\/slacktivity.com\/pt-pt\/#organization"},"potentialAction":[{"@type":"SearchAction","target":{"@type":"EntryPoint","urlTemplate":"https:\/\/slacktivity.com\/pt-pt\/?s={search_term_string}"},"query-input":{"@type":"PropertyValueSpecification","valueRequired":true,"valueName":"search_term_string"}}],"inLanguage":"pt-PT"},{"@type":"Organization","@id":"https:\/\/slacktivity.com\/pt-pt\/#organization","name":"Slacktivity Slacklines","url":"https:\/\/slacktivity.com\/pt-pt\/","logo":{"@type":"ImageObject","inLanguage":"pt-PT","@id":"https:\/\/slacktivity.com\/pt-pt\/#\/schema\/logo\/image\/","url":"https:\/\/slacktivity.com\/wp-content\/uploads\/2021\/01\/slacktivity-slackline-online-shop-1.png","contentUrl":"https:\/\/slacktivity.com\/wp-content\/uploads\/2021\/01\/slacktivity-slackline-online-shop-1.png","width":200,"height":77,"caption":"Slacktivity Slacklines"},"image":{"@id":"https:\/\/slacktivity.com\/pt-pt\/#\/schema\/logo\/image\/"},"sameAs":["https:\/\/www.facebook.com\/SLACKTIVITY\/","https:\/\/www.instagram.com\/slacktivity\/"]}]}},"_links":{"self":[{"href":"https:\/\/slacktivity.com\/pt-pt\/wp-json\/wp\/v2\/product\/15059","targetHints":{"allow":["GET"]}}],"collection":[{"href":"https:\/\/slacktivity.com\/pt-pt\/wp-json\/wp\/v2\/product"}],"about":[{"href":"https:\/\/slacktivity.com\/pt-pt\/wp-json\/wp\/v2\/types\/product"}],"replies":[{"embeddable":true,"href":"https:\/\/slacktivity.com\/pt-pt\/wp-json\/wp\/v2\/comments?post=15059"}],"wp:featuredmedia":[{"embeddable":true,"href":"https:\/\/slacktivity.com\/pt-pt\/wp-json\/wp\/v2\/media\/15025"}],"wp:attachment":[{"href":"https:\/\/slacktivity.com\/pt-pt\/wp-json\/wp\/v2\/media?parent=15059"}],"wp:term":[{"taxonomy":"product_cat","embeddable":true,"href":"https:\/\/slacktivity.com\/pt-pt\/wp-json\/wp\/v2\/product_cat?post=15059"},{"taxonomy":"product_tag","embeddable":true,"href":"https:\/\/slacktivity.com\/pt-pt\/wp-json\/wp\/v2\/product_tag?post=15059"}],"curies":[{"name":"wp","href":"https:\/\/api.w.org\/{rel}","templated":true}]}}