{"id":15064,"date":"2026-02-08T10:48:34","date_gmt":"2026-02-08T10:48:34","guid":{"rendered":"https:\/\/slacktivity.com\/shop\/slackline-bungees\/"},"modified":"2025-08-09T14:05:55","modified_gmt":"2025-08-09T14:05:55","slug":"slackline-bungees","status":"publish","type":"product","link":"https:\/\/slacktivity.com\/pt-pt\/shop\/slackline-bungees\/","title":{"rendered":"Slackline Bungees"},"content":{"rendered":"<h2>Slacktivity Slackline Bungees<\/h2>\n<p>Ap\u00f3s muitos meses de testes e otimiza\u00e7\u00f5es, finalmente temos<strong> Bungees para slackline<\/strong> incr\u00edveis. O melhor sobre eles: s\u00e3o ajust\u00e1veis de acordo com a tens\u00e3o da linha. <\/p>\n<h3>Por que usar bungees em sistemas de slackline?<\/h3>\n<p>Os bungees tornam o seu slackline mais el\u00e1stico. Al\u00e9m de aumentar a divers\u00e3o, isso traz as seguintes vantagens: <\/p>\n<ul>\n<li>Voc\u00ea pode criar bounce em slacklines muito curtos e aprender a usar a din\u00e2mica, por exemplo, para facilitar sit mounts.<\/li>\n<li>As quedas ser\u00e3o muito mais suaves em highlines curtos. As quedas na leash ser\u00e3o mais divertidas e seguras. <\/li>\n<li>As for\u00e7as no sistema de slackline ser\u00e3o reduzidas, o que resulta em picos menores nos pontos de ancoragem.<\/li>\n<li>No Highline Freestyle, j\u00e1 se poder\u00e1 fazer sess\u00f5es insanas num setup de apenas 40 metros ou at\u00e9 menos. Muitos locais que antes eram considerados curtos demais voltar\u00e3o a ser op\u00e7\u00f5es para sess\u00f5es ocasionais ou at\u00e9 mesmo para instala\u00e7\u00f5es permanentes. <\/li>\n<li>Tamb\u00e9m no Highline Freestyle, h\u00e1 novas possibilidades para realizar truques mais loucos do que nunca.<\/li>\n<li>No Tricklining, voc\u00ea tamb\u00e9m ter\u00e1 a op\u00e7\u00e3o de saltar em locais mais curtos.<\/li>\n<\/ul>\n<h3>Slackline Bungees Ajust\u00e1veis<\/h3>\n<p>A configura\u00e7\u00e3o padr\u00e3o \u00e9 usar 4 loops (8 cordas paralelas). Isso \u00e9 ideal para uma tens\u00e3o de 1,5 \u2013 2kN noslackline. \u00c9 \u00f3timo para linhas de parque de at\u00e9 30m de comprimento e highlines curtos para iniciantes. Para for\u00e7as maiores, adicione 1 loop.   <\/p>\n<h4>No Highline Freestyle<\/h4>\n<ul>\n<li>3 la\u00e7os s\u00e3o ideais para comprimentos &lt; 50m<\/li>\n<li>4 loops s\u00e3o ideais para comprimentos de 45 a 65 metros.<\/li>\n<li>5 loop s\u00e3o ideais para comprimentos &gt; 60m<\/li>\n<\/ul>\n<p>Tudo depende das suas prefer\u00eancias. Para instala\u00e7\u00f5es permanentes (perm rigs), \u00e9 melhor adicionar 1 loop, pois o bungee pode esticar um pouco com o tempo. Para uso avan\u00e7ado, \u00e9 poss\u00edvel fazer ajustes ainda mais precisos adicionando bungees extras, que podem ser fixados com prusiks e presos\/desprendidos durante a pr\u00e1tica <\/p>\n<h3>Modelos<\/h3>\n<p>Pode-se escolher entre 4 modelos diferentes, desde os mais curtos at\u00e9 os mais longos, dependendo das suas necessidades:<br \/><strong>Slackline Bungee S<\/strong>: Com um comprimento total de corda de 300 cm, este Bungee tem um comprimento funcional de cerca de 25 cm quando usado com 4 loops. \u00c9 \u00f3timo se se deseja apenas um pouco mais de impulso e n\u00e3o se quer estender muito os pontos de ancoragem. Adicionar um bungee assim far\u00e1 com que uma Freestyle Highline pare\u00e7a ~5m mais longa por bungee (ou seja, 10m se os bungees forem adicionados em ambas as ancoragens), mantendo o impulso t\u00edpico do nylon. \u00c9 totalmente aceit\u00e1vel usar apenas 1 bungee no sistema, sem precisar de um do outro lado.<br \/><strong>Slackline Bungee M<\/strong>: Com um comprimento total de corda de 420 cm, este Bungee tem um comprimento funcional de cerca de 40 cm quando usado com 4 loops. Estes bungees ainda s\u00e3o relativamente curtos, mas j\u00e1 adicionam um impulso consider\u00e1vel ao slackline. Um rig de freestyle j\u00e1 parecer\u00e1 claramente diferente de um rig de nylon, mas ainda n\u00e3o ter\u00e1 o t\u00edpico &#8220;feeling&#8221; de apenas bungee. Com estes bungees, recomendamos claramente usar um em cada ancoragem para evitar um grande efeito de &#8220;side-bounce&#8221;.<br \/><strong>Slackline Bungee L<\/strong>: Com um comprimento total de corda de 628 cm, este Bungee tem um comprimento funcional de cerca de 66 cm quando usado com 4 loops. Estes bungees v\u00e3o reduzir seriamente a velocidade do seu slackline. Truques completamente diferentes ser\u00e3o poss\u00edveis numa highline com esses bungees. S\u00e3o uma \u00f3tima escolha se voc\u00ea quiser sentir uma grande diferen\u00e7a em rela\u00e7\u00e3o ao seu rig de freestyle normal, ou se deseja montar uma highline de freestyle realmente curta.<br \/><strong>Slackline Bungee XL<\/strong>: Com todas as op\u00e7\u00f5es acima, ainda se deve usar uma slackline de nylon para Highline Freestyle. No entanto, se se preferir usar uma fita de poli\u00e9ster ou uma fita de alta tecnologia, ent\u00e3o a vers\u00e3o XL \u00e9 a escolha certa! Ela vem com um comprimento total de corda de 1220 cm, tendo um comprimento funcional de cerca de 140 cm quando usada com 4 la\u00e7os.<\/p>\n<h4>Notas<\/h4>\n<ul>\n<li>Para a fixa\u00e7\u00e3o do bungee, pode-se usar o SlingShady de 35 cm ou um schakle em D de 12 mm. Quanto maior o raio da ferramenta de fixa\u00e7\u00e3o, melhor para o bungee. Deve-se tentar n\u00e3o usar sempre o mesmo local para fixar os bungees ao conect\u00e1-los.  <\/li>\n<li>Idealmente, deve-se usar os bungees \u2013 especialmente os mais longos \u2013 numa ancoragem de equaliza\u00e7\u00e3o para ter o m\u00ednimo poss\u00edvel de peso balan\u00e7ando no sistema de slackline.<\/li>\n<li>Caso a ancoragem de equaliza\u00e7\u00e3o n\u00e3o seja perfeita, \u00e9 poss\u00edvel adicionar, por exemplo, um bungee de 12mm com prusiks na corda mais longa para tornar a ancoragem de equaliza\u00e7\u00e3o mais equilibrada.<\/li>\n<li>Se se adicionar um bungee extra com um prusik, deve-se certificar de que a corda do prusik n\u00e3o toque nos outros bungees \u2013 isso adicionaria fric\u00e7\u00e3o, o que poderia causar danos ao longo do tempo.<\/li>\n<\/ul>\n<h3>Especif\u00edca\u00e7\u00f5es<\/h3>\n<p><strong>Di\u00e2metro<\/strong>: 18mm<br \/><strong>Peso<\/strong>: 240g\/m<br \/><strong>MBS<\/strong>: 3kN por corda \u2013 ou seja, 24kN com 4 la\u00e7os<br \/><strong>Alongamento<\/strong> (por corda)<strong>:<\/strong><\/p>\n<ul>\n<li>15% @ 0.2kN<\/li>\n<li>75% @ 0.4kN<\/li>\n<li>125% @ 0.6kN<\/li>\n<li>150% @ 0.8kN<\/li>\n<li>165% @ 1.0kN<\/li>\n<li>450% @ breaking<\/li>\n<\/ul>\n<p><strong>Usos Especiais<\/strong><\/p>\n<ul>\n<li>Quando a linha de freestyle estiver fora de n\u00edvel, n\u00e3o se vai praticar no meio. Portanto, faz sentido ter um bungee mais longo (ou mais suave) no lado mais baixo e um bungee mais curto no lado mais alto. <\/li>\n<\/ul>\n<h4>Recomenda\u00e7\u00f5es de Configura\u00e7\u00e3o<\/h4>\n<p>Aqui listamos algumas configura\u00e7\u00f5es que test\u00e1mos e que funcionaram muito bem. Se tiverem algumas prefer\u00eancias pessoais, podem-nos contar para que possamos adicion\u00e1-las aqui tamb\u00e9m. <\/p>\n<ul>\n<li>Linha para iniciantes de 27m. PinkTube com Backup Y2K. 1 Bungee S enuma ancoragem (4 loops), nenhum na outra. A linha aparentou ser uma configura\u00e7\u00e3o normal da PinkTube, mas as leash falls foram 50% mais suaves!   <\/li>\n<li>Linha Freestyle de 55m. PinkTube com Backup Y2K. Slackline Bungees M em ambos os lados. Quando ambos os bungees estavam com 4 loops, a linha teve um \u00f3timo impulso&#8230;   <\/li>\n<\/ul>\n<p><strong>Como montar os Bungees<\/strong><\/p>\n<p>Existem diferentes op\u00e7\u00f5es para montar os bungees de slackline. Por um lado, podem ser enrolados com um SlingShady de 35 cm ou usar um schakle em D de 12 mm ou 14 mm para fixar os bungees. Se se usar uma configura\u00e7\u00e3o com apenas 3 la\u00e7os ou se forem usados em uma configura\u00e7\u00e3o de cesto como uma ancoragem de equaliza\u00e7\u00e3o, tamb\u00e9m se pode utilizar o KingPin ou um schackle em D de 12 mm para a fixa\u00e7\u00e3o. Quanto maior o di\u00e2metro da ferramenta de fixa\u00e7\u00e3o, mais tempo os bungees ir\u00e3o durar.  <\/p>\n<h4><strong>Disclaimer<\/strong><\/h4>\n<p>Os Slackline Bungees Slacktivity n\u00e3o s\u00e3o certificados para uso em highline. Isso ocorre principalmente porque ainda n\u00e3o existe uma certifica\u00e7\u00e3o espec\u00edfica para esse uso. Assim que uma certifica\u00e7\u00e3o estiver dispon\u00edvel, o nosso objetivo ser\u00e1 certificar nossos bungees. Medimos a resist\u00eancia \u00e0 ruptura dos bungees e esses dados est\u00e3o especificados nas informa\u00e7\u00f5es do produto. O uso desses bungees em grandes alturas \u00e9 por sua conta e risco.<\/p>\n<p>Quanto \u00e0 durabilidade, <strong>recomendamos substituir os bungees ap\u00f3s 180 dias de uso<\/strong>. Utilizamos os prot\u00f3tipos dos nossos bungees em uma highline de permarig durante esse per\u00edodo e eles ainda est\u00e3o a funcionar bem. No entanto, precisamos de coletar mais dados ao longo do tempo para fornecer recomenda\u00e7\u00f5es mais espec\u00edficas. Com o tempo, os bungees continuam a esticar um pouco. Esse processo pode ser controlado adicionando bungees menores. Al\u00e9m disso, algumas fibras de l\u00e1tex ir\u00e3o romper ao longo do tempo, o que \u00e9 um processo normal que ocorre com qualquer corda bungee.<\/p>\n<p>A redund\u00e2ncia nas cordas bungee \u00e9 alcan\u00e7ada pela quantidade de fibras de l\u00e1tex paralelas. Se algumas dessas fibras se rompem (principalmente devido \u00e0 fric\u00e7\u00e3o), isso afetar\u00e1 a pot\u00eancia e a resist\u00eancia \u00e0 ruptura das cordas, mas s\u00f3 se tornar\u00e1 um problema relevante quando muitas fibras se romperem. \u00c9 normal que algumas fibras fiquem para fora do manto ap\u00f3s alguns meses de uso.<br \/><strong>Para seguran\u00e7a, recomendamos fazer backup dos seus bungees de highline com um spanset<\/strong>. O spanset deve ter um comprimento de m\u00e1ximo 250% do comprimento inicial do bungee. Por exemplo, ao usar o Bungee M com 4 la\u00e7os, ele tem um comprimento inicial de 40 cm. Ent\u00e3o, o spanset que impede que o bungee se estique demais deve ter um comprimento de 1 metro se fixado no mesmo local.    <\/p>\n","protected":false},"excerpt":{"rendered":"<p><strong>Bungees de Slackline<\/strong> ajust\u00e1veis e inovadores, projetados para proporcionar m\u00e1xima divers\u00e3o e desempenho! Aumentam o bounce do setup e elevam o n\u00edvel do freestyle em highline, enquanto tornam as quedas mais suaves, especialmente em linhas para iniciantes. <\/p>\n","protected":false},"featured_media":15597,"comment_status":"open","ping_status":"closed","template":"","meta":{"_acf_changed":false,"_joinchat":[]},"product_cat":[899,1297,513,900],"product_tag":[552],"class_list":{"0":"post-15064","1":"product","2":"type-product","3":"status-publish","4":"has-post-thumbnail","6":"product_cat-ancoragem-e-sligns","7":"product_cat-bungee-anchors","8":"product_cat-equipamento-de-highline","9":"product_cat-slings-de-slackline","10":"product_tag-highline","11":"pa_brand-slacktivity-pt-pt","13":"first","14":"instock","15":"featured","16":"taxable","17":"shipping-taxable","18":"purchasable","19":"product-type-variable","swatches":"rey-swatches","show_selected":""},"acf":[],"yoast_head":"<!-- This site is optimized with the Yoast SEO plugin v27.4 - https:\/\/yoast.com\/product\/yoast-seo-wordpress\/ -->\n<title>Slackline Bungees - Para Highline | Slacktivity<\/title>\n<meta name=\"description\" content=\"Slackline Bungees, inovadores e ajust\u00e1veis, projetados para alto desempenho! Mais bounce, mais freestyle e quedas mais suaves\u2014mesmo em linhas para iniciantes.\" \/>\n<meta name=\"robots\" content=\"index, follow, max-snippet:-1, max-image-preview:large, max-video-preview:-1\" \/>\n<link rel=\"canonical\" href=\"https:\/\/slacktivity.com\/pt-pt\/shop\/slackline-bungees\/\" \/>\n<meta property=\"og:locale\" content=\"pt_PT\" \/>\n<meta property=\"og:type\" content=\"article\" \/>\n<meta property=\"og:title\" content=\"Slackline Bungees - Para Highline | Slacktivity\" \/>\n<meta property=\"og:description\" content=\"Slackline Bungees, inovadores e ajust\u00e1veis, projetados para alto desempenho! Mais bounce, mais freestyle e quedas mais suaves\u2014mesmo em linhas para iniciantes.\" \/>\n<meta property=\"og:url\" content=\"https:\/\/slacktivity.com\/pt-pt\/shop\/slackline-bungees\/\" \/>\n<meta property=\"og:site_name\" content=\"Slacktivity Slacklines International Shop\" \/>\n<meta property=\"article:publisher\" content=\"https:\/\/www.facebook.com\/SLACKTIVITY\/\" \/>\n<meta property=\"og:image\" content=\"https:\/\/slacktivity.com\/wp-content\/uploads\/2024\/09\/slackline-bungees-1.jpg\" \/>\n\t<meta property=\"og:image:width\" content=\"1180\" \/>\n\t<meta property=\"og:image:height\" content=\"1377\" \/>\n\t<meta property=\"og:image:type\" content=\"image\/jpeg\" \/>\n<meta name=\"twitter:card\" content=\"summary_large_image\" \/>\n<meta name=\"twitter:label1\" content=\"Tempo estimado de leitura\" \/>\n\t<meta name=\"twitter:data1\" content=\"7 minutos\" \/>\n<script type=\"application\/ld+json\" class=\"yoast-schema-graph\">{\"@context\":\"https:\\\/\\\/schema.org\",\"@graph\":[{\"@type\":\"WebPage\",\"@id\":\"https:\\\/\\\/slacktivity.com\\\/pt-pt\\\/shop\\\/slackline-bungees\\\/\",\"url\":\"https:\\\/\\\/slacktivity.com\\\/pt-pt\\\/shop\\\/slackline-bungees\\\/\",\"name\":\"Slackline Bungees - Para Highline | Slacktivity\",\"isPartOf\":{\"@id\":\"https:\\\/\\\/slacktivity.com\\\/pt-pt\\\/#website\"},\"primaryImageOfPage\":{\"@id\":\"https:\\\/\\\/slacktivity.com\\\/pt-pt\\\/shop\\\/slackline-bungees\\\/#primaryimage\"},\"image\":{\"@id\":\"https:\\\/\\\/slacktivity.com\\\/pt-pt\\\/shop\\\/slackline-bungees\\\/#primaryimage\"},\"thumbnailUrl\":\"https:\\\/\\\/slacktivity.com\\\/wp-content\\\/uploads\\\/2024\\\/09\\\/slacktivity-slackline-bungees.jpg\",\"datePublished\":\"2026-02-08T10:48:34+00:00\",\"description\":\"Slackline Bungees, inovadores e ajust\u00e1veis, projetados para alto desempenho! Mais bounce, mais freestyle e quedas mais suaves\u2014mesmo em linhas para iniciantes.\",\"breadcrumb\":{\"@id\":\"https:\\\/\\\/slacktivity.com\\\/pt-pt\\\/shop\\\/slackline-bungees\\\/#breadcrumb\"},\"inLanguage\":\"pt-PT\",\"potentialAction\":[{\"@type\":\"ReadAction\",\"target\":[\"https:\\\/\\\/slacktivity.com\\\/pt-pt\\\/shop\\\/slackline-bungees\\\/\"]}]},{\"@type\":\"ImageObject\",\"inLanguage\":\"pt-PT\",\"@id\":\"https:\\\/\\\/slacktivity.com\\\/pt-pt\\\/shop\\\/slackline-bungees\\\/#primaryimage\",\"url\":\"https:\\\/\\\/slacktivity.com\\\/wp-content\\\/uploads\\\/2024\\\/09\\\/slacktivity-slackline-bungees.jpg\",\"contentUrl\":\"https:\\\/\\\/slacktivity.com\\\/wp-content\\\/uploads\\\/2024\\\/09\\\/slacktivity-slackline-bungees.jpg\",\"width\":1180,\"height\":1377,\"caption\":\"slacktivity slackline bungees\"},{\"@type\":\"BreadcrumbList\",\"@id\":\"https:\\\/\\\/slacktivity.com\\\/pt-pt\\\/shop\\\/slackline-bungees\\\/#breadcrumb\",\"itemListElement\":[{\"@type\":\"ListItem\",\"position\":1,\"name\":\"Home\",\"item\":\"https:\\\/\\\/slacktivity.com\\\/pt-pt\\\/\"},{\"@type\":\"ListItem\",\"position\":2,\"name\":\"loja\",\"item\":\"https:\\\/\\\/slacktivity.com\\\/pt-pt\\\/loja\\\/\"},{\"@type\":\"ListItem\",\"position\":3,\"name\":\"Slackline Bungees\"}]},{\"@type\":\"WebSite\",\"@id\":\"https:\\\/\\\/slacktivity.com\\\/pt-pt\\\/#website\",\"url\":\"https:\\\/\\\/slacktivity.com\\\/pt-pt\\\/\",\"name\":\"Slacktivity Slacklines International Shop\",\"description\":\"Discover the innovative products of Slacktivity. Swiss designed premium slackline gear. Advice from our experts for the best and a safe slackline experience.\",\"publisher\":{\"@id\":\"https:\\\/\\\/slacktivity.com\\\/pt-pt\\\/#organization\"},\"potentialAction\":[{\"@type\":\"SearchAction\",\"target\":{\"@type\":\"EntryPoint\",\"urlTemplate\":\"https:\\\/\\\/slacktivity.com\\\/pt-pt\\\/?s={search_term_string}\"},\"query-input\":{\"@type\":\"PropertyValueSpecification\",\"valueRequired\":true,\"valueName\":\"search_term_string\"}}],\"inLanguage\":\"pt-PT\"},{\"@type\":\"Organization\",\"@id\":\"https:\\\/\\\/slacktivity.com\\\/pt-pt\\\/#organization\",\"name\":\"Slacktivity Slacklines\",\"url\":\"https:\\\/\\\/slacktivity.com\\\/pt-pt\\\/\",\"logo\":{\"@type\":\"ImageObject\",\"inLanguage\":\"pt-PT\",\"@id\":\"https:\\\/\\\/slacktivity.com\\\/pt-pt\\\/#\\\/schema\\\/logo\\\/image\\\/\",\"url\":\"https:\\\/\\\/slacktivity.com\\\/wp-content\\\/uploads\\\/2021\\\/01\\\/slacktivity-slackline-online-shop-1.png\",\"contentUrl\":\"https:\\\/\\\/slacktivity.com\\\/wp-content\\\/uploads\\\/2021\\\/01\\\/slacktivity-slackline-online-shop-1.png\",\"width\":200,\"height\":77,\"caption\":\"Slacktivity Slacklines\"},\"image\":{\"@id\":\"https:\\\/\\\/slacktivity.com\\\/pt-pt\\\/#\\\/schema\\\/logo\\\/image\\\/\"},\"sameAs\":[\"https:\\\/\\\/www.facebook.com\\\/SLACKTIVITY\\\/\",\"https:\\\/\\\/www.instagram.com\\\/slacktivity\\\/\"]}]}<\/script>\n<!-- \/ Yoast SEO plugin. -->","yoast_head_json":{"title":"Slackline Bungees - Para Highline | Slacktivity","description":"Slackline Bungees, inovadores e ajust\u00e1veis, projetados para alto desempenho! Mais bounce, mais freestyle e quedas mais suaves\u2014mesmo em linhas para iniciantes.","robots":{"index":"index","follow":"follow","max-snippet":"max-snippet:-1","max-image-preview":"max-image-preview:large","max-video-preview":"max-video-preview:-1"},"canonical":"https:\/\/slacktivity.com\/pt-pt\/shop\/slackline-bungees\/","og_locale":"pt_PT","og_type":"article","og_title":"Slackline Bungees - Para Highline | Slacktivity","og_description":"Slackline Bungees, inovadores e ajust\u00e1veis, projetados para alto desempenho! Mais bounce, mais freestyle e quedas mais suaves\u2014mesmo em linhas para iniciantes.","og_url":"https:\/\/slacktivity.com\/pt-pt\/shop\/slackline-bungees\/","og_site_name":"Slacktivity Slacklines International Shop","article_publisher":"https:\/\/www.facebook.com\/SLACKTIVITY\/","og_image":[{"width":1180,"height":1377,"url":"https:\/\/slacktivity.com\/wp-content\/uploads\/2024\/09\/slackline-bungees-1.jpg","type":"image\/jpeg"}],"twitter_card":"summary_large_image","twitter_misc":{"Tempo estimado de leitura":"7 minutos"},"schema":{"@context":"https:\/\/schema.org","@graph":[{"@type":"WebPage","@id":"https:\/\/slacktivity.com\/pt-pt\/shop\/slackline-bungees\/","url":"https:\/\/slacktivity.com\/pt-pt\/shop\/slackline-bungees\/","name":"Slackline Bungees - Para Highline | Slacktivity","isPartOf":{"@id":"https:\/\/slacktivity.com\/pt-pt\/#website"},"primaryImageOfPage":{"@id":"https:\/\/slacktivity.com\/pt-pt\/shop\/slackline-bungees\/#primaryimage"},"image":{"@id":"https:\/\/slacktivity.com\/pt-pt\/shop\/slackline-bungees\/#primaryimage"},"thumbnailUrl":"https:\/\/slacktivity.com\/wp-content\/uploads\/2024\/09\/slacktivity-slackline-bungees.jpg","datePublished":"2026-02-08T10:48:34+00:00","description":"Slackline Bungees, inovadores e ajust\u00e1veis, projetados para alto desempenho! Mais bounce, mais freestyle e quedas mais suaves\u2014mesmo em linhas para iniciantes.","breadcrumb":{"@id":"https:\/\/slacktivity.com\/pt-pt\/shop\/slackline-bungees\/#breadcrumb"},"inLanguage":"pt-PT","potentialAction":[{"@type":"ReadAction","target":["https:\/\/slacktivity.com\/pt-pt\/shop\/slackline-bungees\/"]}]},{"@type":"ImageObject","inLanguage":"pt-PT","@id":"https:\/\/slacktivity.com\/pt-pt\/shop\/slackline-bungees\/#primaryimage","url":"https:\/\/slacktivity.com\/wp-content\/uploads\/2024\/09\/slacktivity-slackline-bungees.jpg","contentUrl":"https:\/\/slacktivity.com\/wp-content\/uploads\/2024\/09\/slacktivity-slackline-bungees.jpg","width":1180,"height":1377,"caption":"slacktivity slackline bungees"},{"@type":"BreadcrumbList","@id":"https:\/\/slacktivity.com\/pt-pt\/shop\/slackline-bungees\/#breadcrumb","itemListElement":[{"@type":"ListItem","position":1,"name":"Home","item":"https:\/\/slacktivity.com\/pt-pt\/"},{"@type":"ListItem","position":2,"name":"loja","item":"https:\/\/slacktivity.com\/pt-pt\/loja\/"},{"@type":"ListItem","position":3,"name":"Slackline Bungees"}]},{"@type":"WebSite","@id":"https:\/\/slacktivity.com\/pt-pt\/#website","url":"https:\/\/slacktivity.com\/pt-pt\/","name":"Slacktivity Slacklines International Shop","description":"Discover the innovative products of Slacktivity. Swiss designed premium slackline gear. Advice from our experts for the best and a safe slackline experience.","publisher":{"@id":"https:\/\/slacktivity.com\/pt-pt\/#organization"},"potentialAction":[{"@type":"SearchAction","target":{"@type":"EntryPoint","urlTemplate":"https:\/\/slacktivity.com\/pt-pt\/?s={search_term_string}"},"query-input":{"@type":"PropertyValueSpecification","valueRequired":true,"valueName":"search_term_string"}}],"inLanguage":"pt-PT"},{"@type":"Organization","@id":"https:\/\/slacktivity.com\/pt-pt\/#organization","name":"Slacktivity Slacklines","url":"https:\/\/slacktivity.com\/pt-pt\/","logo":{"@type":"ImageObject","inLanguage":"pt-PT","@id":"https:\/\/slacktivity.com\/pt-pt\/#\/schema\/logo\/image\/","url":"https:\/\/slacktivity.com\/wp-content\/uploads\/2021\/01\/slacktivity-slackline-online-shop-1.png","contentUrl":"https:\/\/slacktivity.com\/wp-content\/uploads\/2021\/01\/slacktivity-slackline-online-shop-1.png","width":200,"height":77,"caption":"Slacktivity Slacklines"},"image":{"@id":"https:\/\/slacktivity.com\/pt-pt\/#\/schema\/logo\/image\/"},"sameAs":["https:\/\/www.facebook.com\/SLACKTIVITY\/","https:\/\/www.instagram.com\/slacktivity\/"]}]}},"_links":{"self":[{"href":"https:\/\/slacktivity.com\/pt-pt\/wp-json\/wp\/v2\/product\/15064","targetHints":{"allow":["GET"]}}],"collection":[{"href":"https:\/\/slacktivity.com\/pt-pt\/wp-json\/wp\/v2\/product"}],"about":[{"href":"https:\/\/slacktivity.com\/pt-pt\/wp-json\/wp\/v2\/types\/product"}],"replies":[{"embeddable":true,"href":"https:\/\/slacktivity.com\/pt-pt\/wp-json\/wp\/v2\/comments?post=15064"}],"wp:featuredmedia":[{"embeddable":true,"href":"https:\/\/slacktivity.com\/pt-pt\/wp-json\/wp\/v2\/media\/15597"}],"wp:attachment":[{"href":"https:\/\/slacktivity.com\/pt-pt\/wp-json\/wp\/v2\/media?parent=15064"}],"wp:term":[{"taxonomy":"product_cat","embeddable":true,"href":"https:\/\/slacktivity.com\/pt-pt\/wp-json\/wp\/v2\/product_cat?post=15064"},{"taxonomy":"product_tag","embeddable":true,"href":"https:\/\/slacktivity.com\/pt-pt\/wp-json\/wp\/v2\/product_tag?post=15064"}],"curies":[{"name":"wp","href":"https:\/\/api.w.org\/{rel}","templated":true}]}}