{"id":15075,"date":"2023-03-05T09:39:43","date_gmt":"2023-03-05T09:39:43","guid":{"rendered":"https:\/\/slacktivity.com\/shop\/rodeo-bungees\/"},"modified":"2025-03-03T15:28:30","modified_gmt":"2025-03-03T15:28:30","slug":"rodeo-bungees","status":"publish","type":"product","link":"https:\/\/slacktivity.com\/pt-pt\/shop\/rodeo-bungees\/","title":{"rendered":"Rodeo Bungees"},"content":{"rendered":"<p>Alguma vez sonhaste n\u00e3o apenas em caminhar ou surfar, mas tamb\u00e9m ter bounce numa rodeoline? Ent\u00e3o, os <strong>Rodeo Bungees<\/strong> da SLACKTIVITY agora permitem realizar esse sonho! Eles s\u00e3o ajust\u00e1veis dependendo do peso corporal e do \u00e2ngulo da rodeoline. Se s\u00f3 se quer um pequeno bounce, a vers\u00e3o de 2,5m \u00e9 a escolha ideal. Para bounces mais intensos, deve-se optar pela vers\u00e3o de 5m.  <\/p>\n<h2><b>Bounce numa Rodeo, para qu\u00ea?<\/b><\/h2>\n<p>Al\u00e9m da divers\u00e3o extra que o bounce proporciona, isso tamb\u00e9m permite uma prepara\u00e7\u00e3o muito melhor para slacklines mais longos e <a href=\"https:\/\/slacktivity.com\/category\/highline-equipement\/\">highline<\/a>. Pode-se aprender a fazer sit mounts com bounce na numa rodeoline caseira, o que ajuda a melhorar o tempo de rea\u00e7\u00e3o. Ou, se o objetivo for fazer handstands em highline, pode-se come\u00e7ar a treinar bounces de cabe\u00e7a para baixo&#8230; \ud83d\ude09  <\/p>\n<h2><b>Ajustabilidade dos Rodeo Bungees<\/b><\/h2>\n<p>Uma boa maneira de come\u00e7ar \u00e9 usar 6 cordas de bungee paralelas. Se se sentir que o impulso est\u00e1 muito suave, adiciona-se mais uma volta. Se se quiser mais impulso, diminui-se o n\u00famero de cordas paralelas para 5. Caso se perceba que os bungees est\u00e3o muito longos, pode-se simplesmente encurt\u00e1-los usando um Prusik.  <\/p>\n<h3><b>Outras formas de usar os Rodeo Bungees<\/b><\/h3>\n<p>Usar os Rodeo Bungees em combina\u00e7\u00e3o com um Prusik como um &#8220;extraPop&#8221; para ajustar os SLACKLINE BUNGEES. Al\u00e9m disso, pode-se us\u00e1-los como um dispositivo de treino, semelhante a um Theraband. Que tal at\u00e9 tentar combinar o rodeo com o treino?!  <\/p>\n<h3><b>Especif\u00edca\u00e7\u00f5es<\/b><\/h3>\n<p><strong>MBS:<\/strong> 1.5kN por corda \u2013 por exemplo, 7.5kN com 5 cordas<br \/><strong>WLL (working load limit) do loop<\/strong>: 0.5kN por corda \u2013 por exemplo, 2.5kN com 5 cordas<br \/><strong>Di\u00e2metro<\/strong>: 12mm<br \/><strong>Peso<\/strong>:<br \/>Vers\u00e3o de 2,5m: 310g<br \/>Vers\u00e3o de 5m: 570g<\/p>\n<h3>Disclaimer<\/h3>\n<p>Os Rodeo Bungees n\u00e3o s\u00e3o destinados ao uso em highline! Eles devem ser usados apenas em rodeolines. O loop n\u00e3o deve ser carregado com mais de 0,5kN (= 50kg). For\u00e7as maiores podem quebrar os terminais pl\u00e1sticos. Mas, se isso acontecer, pode-se continuar a usa os Rodeo Bungees normalmente.    <\/p>\n","protected":false},"excerpt":{"rendered":"<p>Gra\u00e7as aos <strong>Rodeo Bungees<\/strong>, pode-se finalmente ter bouce numa rodeoline! Especialmente se se quiser montar uma slackline num apartamento, estes bungees v\u00e3o trazer muita divers\u00e3o e possibilitar novos desafios de equil\u00edbrio. <\/p>\n","protected":false},"featured_media":15004,"comment_status":"open","ping_status":"closed","template":"","meta":{"_acf_changed":false,"_joinchat":[]},"product_cat":[899,1297],"product_tag":[559],"class_list":{"0":"post-15075","1":"product","2":"type-product","3":"status-publish","4":"has-post-thumbnail","6":"product_cat-ancoragem-e-sligns","7":"product_cat-bungee-anchors","8":"product_tag-rodeoline","10":"first","11":"instock","12":"taxable","13":"shipping-taxable","14":"purchasable","15":"product-type-variable","swatches":"rey-swatches","show_selected":""},"acf":[],"yoast_head":"<!-- This site is optimized with the Yoast SEO plugin v27.4 - https:\/\/yoast.com\/product\/yoast-seo-wordpress\/ -->\n<title>Rodeo Bungees | Slacktivity Slacklines International Shop<\/title>\n<meta name=\"description\" content=\"Gra\u00e7as aos Rodeo Bungees, podemos finalmente ter bounce numa linha de rodeo! Estes bungees permitem muita divers\u00e3o e criar novos desafios de equil\u00edbrio.\" \/>\n<meta name=\"robots\" content=\"index, follow, max-snippet:-1, max-image-preview:large, max-video-preview:-1\" \/>\n<link rel=\"canonical\" href=\"https:\/\/slacktivity.com\/pt-pt\/shop\/rodeo-bungees\/\" \/>\n<meta property=\"og:locale\" content=\"pt_PT\" \/>\n<meta property=\"og:type\" content=\"article\" \/>\n<meta property=\"og:title\" content=\"Rodeo Bungees | Slacktivity Slacklines International Shop\" \/>\n<meta property=\"og:description\" content=\"Gra\u00e7as aos Rodeo Bungees, podemos finalmente ter bounce numa linha de rodeo! Estes bungees permitem muita divers\u00e3o e criar novos desafios de equil\u00edbrio.\" \/>\n<meta property=\"og:url\" content=\"https:\/\/slacktivity.com\/pt-pt\/shop\/rodeo-bungees\/\" \/>\n<meta property=\"og:site_name\" content=\"Slacktivity Slacklines International Shop\" \/>\n<meta property=\"article:publisher\" content=\"https:\/\/www.facebook.com\/SLACKTIVITY\/\" \/>\n<meta property=\"article:modified_time\" content=\"2025-03-03T15:28:30+00:00\" \/>\n<meta property=\"og:image\" content=\"https:\/\/slacktivity.com\/wp-content\/uploads\/2023\/03\/rodeo-bungee-500cm.jpg\" \/>\n\t<meta property=\"og:image:width\" content=\"1180\" \/>\n\t<meta property=\"og:image:height\" content=\"1377\" \/>\n\t<meta property=\"og:image:type\" content=\"image\/jpeg\" \/>\n<meta name=\"twitter:card\" content=\"summary_large_image\" \/>\n<meta name=\"twitter:label1\" content=\"Tempo estimado de leitura\" \/>\n\t<meta name=\"twitter:data1\" content=\"2 minutos\" \/>\n<script type=\"application\/ld+json\" class=\"yoast-schema-graph\">{\"@context\":\"https:\\\/\\\/schema.org\",\"@graph\":[{\"@type\":\"WebPage\",\"@id\":\"https:\\\/\\\/slacktivity.com\\\/pt-pt\\\/shop\\\/rodeo-bungees\\\/\",\"url\":\"https:\\\/\\\/slacktivity.com\\\/pt-pt\\\/shop\\\/rodeo-bungees\\\/\",\"name\":\"Rodeo Bungees | Slacktivity Slacklines International Shop\",\"isPartOf\":{\"@id\":\"https:\\\/\\\/slacktivity.com\\\/pt-pt\\\/#website\"},\"primaryImageOfPage\":{\"@id\":\"https:\\\/\\\/slacktivity.com\\\/pt-pt\\\/shop\\\/rodeo-bungees\\\/#primaryimage\"},\"image\":{\"@id\":\"https:\\\/\\\/slacktivity.com\\\/pt-pt\\\/shop\\\/rodeo-bungees\\\/#primaryimage\"},\"thumbnailUrl\":\"https:\\\/\\\/slacktivity.com\\\/wp-content\\\/uploads\\\/2023\\\/03\\\/rodeo-bungee-500cm.jpg\",\"datePublished\":\"2023-03-05T09:39:43+00:00\",\"dateModified\":\"2025-03-03T15:28:30+00:00\",\"description\":\"Gra\u00e7as aos Rodeo Bungees, podemos finalmente ter bounce numa linha de rodeo! Estes bungees permitem muita divers\u00e3o e criar novos desafios de equil\u00edbrio.\",\"breadcrumb\":{\"@id\":\"https:\\\/\\\/slacktivity.com\\\/pt-pt\\\/shop\\\/rodeo-bungees\\\/#breadcrumb\"},\"inLanguage\":\"pt-PT\",\"potentialAction\":[{\"@type\":\"ReadAction\",\"target\":[\"https:\\\/\\\/slacktivity.com\\\/pt-pt\\\/shop\\\/rodeo-bungees\\\/\"]}]},{\"@type\":\"ImageObject\",\"inLanguage\":\"pt-PT\",\"@id\":\"https:\\\/\\\/slacktivity.com\\\/pt-pt\\\/shop\\\/rodeo-bungees\\\/#primaryimage\",\"url\":\"https:\\\/\\\/slacktivity.com\\\/wp-content\\\/uploads\\\/2023\\\/03\\\/rodeo-bungee-500cm.jpg\",\"contentUrl\":\"https:\\\/\\\/slacktivity.com\\\/wp-content\\\/uploads\\\/2023\\\/03\\\/rodeo-bungee-500cm.jpg\",\"width\":1180,\"height\":1377,\"caption\":\"rodeo bungee 500cm\"},{\"@type\":\"BreadcrumbList\",\"@id\":\"https:\\\/\\\/slacktivity.com\\\/pt-pt\\\/shop\\\/rodeo-bungees\\\/#breadcrumb\",\"itemListElement\":[{\"@type\":\"ListItem\",\"position\":1,\"name\":\"Home\",\"item\":\"https:\\\/\\\/slacktivity.com\\\/pt-pt\\\/\"},{\"@type\":\"ListItem\",\"position\":2,\"name\":\"loja\",\"item\":\"https:\\\/\\\/slacktivity.com\\\/pt-pt\\\/loja\\\/\"},{\"@type\":\"ListItem\",\"position\":3,\"name\":\"Rodeo Bungees\"}]},{\"@type\":\"WebSite\",\"@id\":\"https:\\\/\\\/slacktivity.com\\\/pt-pt\\\/#website\",\"url\":\"https:\\\/\\\/slacktivity.com\\\/pt-pt\\\/\",\"name\":\"Slacktivity Slacklines International Shop\",\"description\":\"Discover the innovative products of Slacktivity. Swiss designed premium slackline gear. Advice from our experts for the best and a safe slackline experience.\",\"publisher\":{\"@id\":\"https:\\\/\\\/slacktivity.com\\\/pt-pt\\\/#organization\"},\"potentialAction\":[{\"@type\":\"SearchAction\",\"target\":{\"@type\":\"EntryPoint\",\"urlTemplate\":\"https:\\\/\\\/slacktivity.com\\\/pt-pt\\\/?s={search_term_string}\"},\"query-input\":{\"@type\":\"PropertyValueSpecification\",\"valueRequired\":true,\"valueName\":\"search_term_string\"}}],\"inLanguage\":\"pt-PT\"},{\"@type\":\"Organization\",\"@id\":\"https:\\\/\\\/slacktivity.com\\\/pt-pt\\\/#organization\",\"name\":\"Slacktivity Slacklines\",\"url\":\"https:\\\/\\\/slacktivity.com\\\/pt-pt\\\/\",\"logo\":{\"@type\":\"ImageObject\",\"inLanguage\":\"pt-PT\",\"@id\":\"https:\\\/\\\/slacktivity.com\\\/pt-pt\\\/#\\\/schema\\\/logo\\\/image\\\/\",\"url\":\"https:\\\/\\\/slacktivity.com\\\/wp-content\\\/uploads\\\/2021\\\/01\\\/slacktivity-slackline-online-shop-1.png\",\"contentUrl\":\"https:\\\/\\\/slacktivity.com\\\/wp-content\\\/uploads\\\/2021\\\/01\\\/slacktivity-slackline-online-shop-1.png\",\"width\":200,\"height\":77,\"caption\":\"Slacktivity Slacklines\"},\"image\":{\"@id\":\"https:\\\/\\\/slacktivity.com\\\/pt-pt\\\/#\\\/schema\\\/logo\\\/image\\\/\"},\"sameAs\":[\"https:\\\/\\\/www.facebook.com\\\/SLACKTIVITY\\\/\",\"https:\\\/\\\/www.instagram.com\\\/slacktivity\\\/\"]}]}<\/script>\n<!-- \/ Yoast SEO plugin. -->","yoast_head_json":{"title":"Rodeo Bungees | Slacktivity Slacklines International Shop","description":"Gra\u00e7as aos Rodeo Bungees, podemos finalmente ter bounce numa linha de rodeo! Estes bungees permitem muita divers\u00e3o e criar novos desafios de equil\u00edbrio.","robots":{"index":"index","follow":"follow","max-snippet":"max-snippet:-1","max-image-preview":"max-image-preview:large","max-video-preview":"max-video-preview:-1"},"canonical":"https:\/\/slacktivity.com\/pt-pt\/shop\/rodeo-bungees\/","og_locale":"pt_PT","og_type":"article","og_title":"Rodeo Bungees | Slacktivity Slacklines International Shop","og_description":"Gra\u00e7as aos Rodeo Bungees, podemos finalmente ter bounce numa linha de rodeo! Estes bungees permitem muita divers\u00e3o e criar novos desafios de equil\u00edbrio.","og_url":"https:\/\/slacktivity.com\/pt-pt\/shop\/rodeo-bungees\/","og_site_name":"Slacktivity Slacklines International Shop","article_publisher":"https:\/\/www.facebook.com\/SLACKTIVITY\/","article_modified_time":"2025-03-03T15:28:30+00:00","og_image":[{"width":1180,"height":1377,"url":"https:\/\/slacktivity.com\/wp-content\/uploads\/2023\/03\/rodeo-bungee-500cm.jpg","type":"image\/jpeg"}],"twitter_card":"summary_large_image","twitter_misc":{"Tempo estimado de leitura":"2 minutos"},"schema":{"@context":"https:\/\/schema.org","@graph":[{"@type":"WebPage","@id":"https:\/\/slacktivity.com\/pt-pt\/shop\/rodeo-bungees\/","url":"https:\/\/slacktivity.com\/pt-pt\/shop\/rodeo-bungees\/","name":"Rodeo Bungees | Slacktivity Slacklines International Shop","isPartOf":{"@id":"https:\/\/slacktivity.com\/pt-pt\/#website"},"primaryImageOfPage":{"@id":"https:\/\/slacktivity.com\/pt-pt\/shop\/rodeo-bungees\/#primaryimage"},"image":{"@id":"https:\/\/slacktivity.com\/pt-pt\/shop\/rodeo-bungees\/#primaryimage"},"thumbnailUrl":"https:\/\/slacktivity.com\/wp-content\/uploads\/2023\/03\/rodeo-bungee-500cm.jpg","datePublished":"2023-03-05T09:39:43+00:00","dateModified":"2025-03-03T15:28:30+00:00","description":"Gra\u00e7as aos Rodeo Bungees, podemos finalmente ter bounce numa linha de rodeo! Estes bungees permitem muita divers\u00e3o e criar novos desafios de equil\u00edbrio.","breadcrumb":{"@id":"https:\/\/slacktivity.com\/pt-pt\/shop\/rodeo-bungees\/#breadcrumb"},"inLanguage":"pt-PT","potentialAction":[{"@type":"ReadAction","target":["https:\/\/slacktivity.com\/pt-pt\/shop\/rodeo-bungees\/"]}]},{"@type":"ImageObject","inLanguage":"pt-PT","@id":"https:\/\/slacktivity.com\/pt-pt\/shop\/rodeo-bungees\/#primaryimage","url":"https:\/\/slacktivity.com\/wp-content\/uploads\/2023\/03\/rodeo-bungee-500cm.jpg","contentUrl":"https:\/\/slacktivity.com\/wp-content\/uploads\/2023\/03\/rodeo-bungee-500cm.jpg","width":1180,"height":1377,"caption":"rodeo bungee 500cm"},{"@type":"BreadcrumbList","@id":"https:\/\/slacktivity.com\/pt-pt\/shop\/rodeo-bungees\/#breadcrumb","itemListElement":[{"@type":"ListItem","position":1,"name":"Home","item":"https:\/\/slacktivity.com\/pt-pt\/"},{"@type":"ListItem","position":2,"name":"loja","item":"https:\/\/slacktivity.com\/pt-pt\/loja\/"},{"@type":"ListItem","position":3,"name":"Rodeo Bungees"}]},{"@type":"WebSite","@id":"https:\/\/slacktivity.com\/pt-pt\/#website","url":"https:\/\/slacktivity.com\/pt-pt\/","name":"Slacktivity Slacklines International Shop","description":"Discover the innovative products of Slacktivity. Swiss designed premium slackline gear. Advice from our experts for the best and a safe slackline experience.","publisher":{"@id":"https:\/\/slacktivity.com\/pt-pt\/#organization"},"potentialAction":[{"@type":"SearchAction","target":{"@type":"EntryPoint","urlTemplate":"https:\/\/slacktivity.com\/pt-pt\/?s={search_term_string}"},"query-input":{"@type":"PropertyValueSpecification","valueRequired":true,"valueName":"search_term_string"}}],"inLanguage":"pt-PT"},{"@type":"Organization","@id":"https:\/\/slacktivity.com\/pt-pt\/#organization","name":"Slacktivity Slacklines","url":"https:\/\/slacktivity.com\/pt-pt\/","logo":{"@type":"ImageObject","inLanguage":"pt-PT","@id":"https:\/\/slacktivity.com\/pt-pt\/#\/schema\/logo\/image\/","url":"https:\/\/slacktivity.com\/wp-content\/uploads\/2021\/01\/slacktivity-slackline-online-shop-1.png","contentUrl":"https:\/\/slacktivity.com\/wp-content\/uploads\/2021\/01\/slacktivity-slackline-online-shop-1.png","width":200,"height":77,"caption":"Slacktivity Slacklines"},"image":{"@id":"https:\/\/slacktivity.com\/pt-pt\/#\/schema\/logo\/image\/"},"sameAs":["https:\/\/www.facebook.com\/SLACKTIVITY\/","https:\/\/www.instagram.com\/slacktivity\/"]}]}},"_links":{"self":[{"href":"https:\/\/slacktivity.com\/pt-pt\/wp-json\/wp\/v2\/product\/15075","targetHints":{"allow":["GET"]}}],"collection":[{"href":"https:\/\/slacktivity.com\/pt-pt\/wp-json\/wp\/v2\/product"}],"about":[{"href":"https:\/\/slacktivity.com\/pt-pt\/wp-json\/wp\/v2\/types\/product"}],"replies":[{"embeddable":true,"href":"https:\/\/slacktivity.com\/pt-pt\/wp-json\/wp\/v2\/comments?post=15075"}],"wp:featuredmedia":[{"embeddable":true,"href":"https:\/\/slacktivity.com\/pt-pt\/wp-json\/wp\/v2\/media\/15004"}],"wp:attachment":[{"href":"https:\/\/slacktivity.com\/pt-pt\/wp-json\/wp\/v2\/media?parent=15075"}],"wp:term":[{"taxonomy":"product_cat","embeddable":true,"href":"https:\/\/slacktivity.com\/pt-pt\/wp-json\/wp\/v2\/product_cat?post=15075"},{"taxonomy":"product_tag","embeddable":true,"href":"https:\/\/slacktivity.com\/pt-pt\/wp-json\/wp\/v2\/product_tag?post=15075"}],"curies":[{"name":"wp","href":"https:\/\/api.w.org\/{rel}","templated":true}]}}