{"id":15080,"date":"2025-05-06T09:02:01","date_gmt":"2025-05-06T09:02:01","guid":{"rendered":"https:\/\/slacktivity.com\/shop\/tree-highline-kit\/"},"modified":"2025-01-29T14:15:11","modified_gmt":"2025-01-29T14:15:11","slug":"tree-highline-kit","status":"publish","type":"product","link":"https:\/\/slacktivity.com\/pt-pt\/shop\/tree-highline-kit\/","title":{"rendered":"Tree Highline Kit"},"content":{"rendered":"<p><span lang=\"en-US\">Se voc\u00ea quer come\u00e7ar a praticar highline, o<strong> Tree Highline Kit <\/strong>\u00e9 perfeito. Ele cont\u00e9m todo o equipamento necess\u00e1rio para montar uma highline entre duas \u00e1rvores.<\/p>\n<p>  <\/span><\/p>\n<p><span lang=\"en-US\">Para adquirir o conhecimento necess\u00e1rio, recomendamos que voc\u00ea participe de um de nossos <\/span><a href=\"https:\/\/slacktivity.com\/highline-slackline-workshops\/\" target=\"_blank\" rel=\"noopener\"><span style=\"color: #4472c4;\"><span lang=\"en-US\"> workshops de highline<\/span><\/span><\/a><span lang=\"en-US\">ou se junte a amigos com experi\u00eancia suficiente para te ensinar. <\/span> <\/p>\n<h2><span lang=\"en-US\"><b>A fita de highline voc\u00ea pode obter com o Tree Highline Kit.<\/p>\n<p><\/b><\/span><\/h2>\n<p><span lang=\"en-US\">Voc\u00ea tem a<strong> op\u00e7\u00e3o entre tr\u00eas configura\u00e7\u00f5es diferentes<\/strong> \u2013 todas elas v\u00eam com uma conex\u00e3o intermitente, que oferece seguran\u00e7a extra. <\/span><\/p>\n<ul>\n<li><span lang=\"en-US\"><strong>pinkTube X LSD<\/strong> com 80m ou 100m de comprimento.<\/span><\/li>\n<li><span lang=\"en-US\"><strong>pinkTube X PES<\/strong> in 80m length<\/span><\/li>\n<\/ul>\n<p><span lang=\"en-US\">A pinkTube \u00e9 linha de highline por excel\u00eancia. \u00c9 extremamente el\u00e1stica, o que permite leash falls suaves . Al\u00e9m disso, \u00e9 leve, o que facilita o controlo. Ao mesmo tempo, \u00e9 macia sob os p\u00e9s, proporcionando a sensa\u00e7\u00e3o de caminhar nas nuvens, mesmo descal\u00e7o. A pinkTube n\u00e3o \u00e9 apenas excelente para caminhar, mas tamb\u00e9m uma fita de highline freestyle incr\u00edvel, em qualquer n\u00edvel.    <\/span><\/p>\n<p><span lang=\"en-US\">Todas as fitas possuem um loop em ambas as extremidades \u2013 tanto na linha principal quanto no backup. Isso permite que voc\u00ea as conecte a outras fitas, caso queira fazer uma extens\u00e3o no futuro.  <\/span><\/p>\n<p><span lang=\"en-US\">Ao escolher a vers\u00e3o LSD, voc\u00ea ter\u00e1 a op\u00e7\u00e3o de alternar entre as duas fitas, simplesmente montando a linha de cabe\u00e7a para baixo. A LSDTube tem um pouco menos de elasticidade e oferece o impulso perfeito para o highline freestyle em dist\u00e2ncias de 70 a 85 metros.  <\/span><\/p>\n<p><span lang=\"en-US\">Ao escolher a vers\u00e3o PES, ter\u00e1 um backup um pouco mais leve \u2013 mas ela nunca deve ser usada como linha principal!<\/span><\/p>\n<p>Se quisere saber mais sobre a <a href=\"https:\/\/slacktivity.com\/shop\/type-x-highline-webbing\/\">Type X webbing, clique aqui<\/a>.<\/p>\n<h4><span lang=\"en-US\"><b>Equipamento para Ponto de Ancoragem<\/b><\/span><\/h4>\n<p><span lang=\"en-US\">O Tree Highline Kit, inclui protetores de \u00e1rvore inclusos. Al\u00e9m disso, o kit cont\u00e9m dois <strong>slings ajust\u00e1veis<\/strong> e dois<strong> slings cl\u00e1ssicos<\/strong>, para a \u00e1rvore. A combina\u00e7\u00e3o dessas fitas oferece uma montagem muito vers\u00e1til e permite ajustar facilmente ao di\u00e2metro da \u00e1rvore.   <\/span><\/p>\n<h4><span lang=\"en-US\"><b>Weblocks<\/b><\/span><\/h4>\n<p><span lang=\"en-US\">N\u00e3o apenas um, mas <strong>dois seaHorses<\/strong> est\u00e3o incluindos no Tree Highline Kit. Ter dois weblocks \u00e9 essencial para a montagem de highline, pois permite ter uma conex\u00e3o intermitente no meio da sua highline. <\/span><\/p>\n<p><span lang=\"en-US\">O <strong>seaHorse <\/strong>\u00e9 um weblock de f\u00e1cil utiliza\u00e7\u00e3o, com <strong>dois pins<\/strong>. Ele \u00e9 e<strong>xtremamente eficiente para pr\u00e9-tensionar<\/strong> a fita e ainda a bloqueia perfeitamente, garantindo uma fixa\u00e7\u00e3o segura e est\u00e1vel.  <\/span><\/p>\n<p><strong><span lang=\"en-US\">Certified for highlining by the ISA.<\/span><\/strong><\/p>\n<p>Se voc\u00ea quiser saber mais sobre o seaHorse, <a href=\"https:\/\/slacktivity.com\/shop\/slacktivity-seahorse\/\" target=\"_blank\" rel=\"noopener\">clique aqui<\/a>.<\/p>\n<h4><span lang=\"en-US\"><b>SoftRelease<\/b><\/span><\/h4>\n<p><span lang=\"en-US\">O <strong>softRelease longo permite que voc\u00ea facilmente desmonte<\/strong> at\u00e9 mesmo a highline mais tensionada. Al\u00e9m disso, permite que retensionar a sua slackline, caso necess\u00e1rio.<\/p>\n<p>  <\/span><\/p>\n<h4><span lang=\"en-US\"><b>Shackles<\/b><\/span><\/h4>\n<p><span lang=\"en-US\">Os <strong>KingPins<\/strong> est\u00e3o incluidos no Tree Highline Kit. Eles s\u00e3o as manilhas mais leves e, ao mesmo tempo, muito mais f\u00e1ceis e r\u00e1pidas de usar em compara\u00e7\u00e3o com manilhas de a\u00e7o comuns. Apesar do peso reduzido, elas s\u00e3o extremamente fortes.<\/p>\n<p>  <\/span><\/p>\n<p>Se quiser saber mais sobre o <a href=\"https:\/\/slacktivity.com\/shop\/kingpin-aluminium-shackle\/\" target=\"_blank\" rel=\"noopener\">KingPin, clique aqui<\/a>.<\/p>\n<h3><span lang=\"en-US\"><b>Sistema de Tensionamento<\/b><\/span><\/h3>\n<p><span lang=\"en-US\">O <strong>HangOver System<\/strong> ou Buckingham System. Este \u00e9, de longe, o sistema de tensionamento mais utilizado no mundo do highline. Ele \u00e9 leve e pode ser removido da highline antes de us\u00e1-la. Com os 3 HangOvers, tem a op\u00e7\u00e3o de criar sistemas com uma efici\u00eancia de at\u00e9 9:1.<br \/>Os HangOvers possuem 4 rolamentos de esferas, o que os torna extremamente dur\u00e1veis e, em compara\u00e7\u00e3o com outros rolling carabiners com 2 rolamentos de esferas, s\u00e3o muito mais robustos. Este sistema tamb\u00e9m inclui um<strong> T-grip<\/strong>, uma <strong>Softigging Plate<\/strong> e um <strong>Chainlock<\/strong>.     <\/span><\/p>\n<h4><span lang=\"en-US\"><b>Leash<\/b><\/span><\/h4>\n<p><span lang=\"en-US\">Uma corda de escalada Edelrid com manga de prote\u00e7\u00e3o. Combinada com um anel de highline testado individualmente. Esta corda de seguran\u00e7a permanece forte, macia e flex\u00edvel por muitos meses.   <\/span><\/p>\n<p><span lang=\"en-US\">Certificada para highline pela ISA.<\/p>\n<p><\/span><\/p>\n<p>Se quiser saber mais sobre a <a href=\"https:\/\/slacktivity.com\/shop\/highline-leash\/\" target=\"_blank\" rel=\"noopener\">Highline Leash, clique aqui<\/a>.<\/p>\n<h4>Outros Componentes Inclusos no Kit<\/h4>\n<p>O conjunto tamb\u00e9m inclui connection loops, Protetores de \u00c1rvore, uma sling de Dyneema, um Quicklink de 8mm e uma mochila.<\/p>\n<h3>Conte\u00fado<\/h3>\n<ul>\n<li>1x <strong>Type X Webbing<\/strong><\/li>\n<li>2x <strong>seaHorse<\/strong><\/li>\n<li>3x <strong>KingPin<\/strong><\/li>\n<li>1x<strong> T-Grip<\/strong><\/li>\n<li>2x <strong>HangOver Classic V2.0<\/strong><\/li>\n<li>1x <strong>HangOver Royal<\/strong><\/li>\n<li>1x <strong>Highline Leash com Highline Ring<\/strong><\/li>\n<li>2x <strong>HT Sling 2m<\/strong><\/li>\n<li>2x <span lang=\"en-US\"><strong>Adjustable tTree Slings 5m<\/strong><\/span><\/li>\n<li>1x <strong>SoftRelease V.2.0 10m<\/strong><\/li>\n<li>1x <strong>Softrigging Plate<\/strong><\/li>\n<li>1x <strong>HCD Sling<\/strong><\/li>\n<li>2x <strong>Connection Loop<\/strong><\/li>\n<li>1x <strong>8mm Quicklink<\/strong><\/li>\n<li>1x <strong>Chainlock<\/strong><\/li>\n<li>2x <strong>Tree Protector<\/strong><\/li>\n<li>1x <strong>Slack Backpack<\/strong><\/li>\n<\/ul>\n<h3>Confira no v\u00eddeo abaixo como montaer o Kit Tree Highline<\/h3>\n<div class=\"iframe-container\"><iframe title=\"YouTube video player\" src=\"https:\/\/www.youtube.com\/embed\/euH2lj1qUY0?si=ZsaoTtfyw5brqOhm\" width=\"560\" height=\"315\" frameborder=\"0\" allowfullscreen=\"allowfullscreen\"><span data-mce-type=\"bookmark\" style=\"display: inline-block; width: 0px; overflow: hidden; line-height: 0;\" class=\"mce_SELRES_start\"><\/span><span data-mce-type=\"bookmark\" style=\"display: inline-block; width: 0px; overflow: hidden; line-height: 0;\" class=\"mce_SELRES_start\"><\/span><\/iframe><\/div>\n","protected":false},"excerpt":{"rendered":"<p>Comece a fazer highlining com facilidade usando o Tree Highline Kit. Este conjunto completo fornece todos os equipamentos essenciais para highline em \u00e1rvores.<\/p>\n","protected":false},"featured_media":16264,"comment_status":"open","ping_status":"closed","template":"","meta":{"_acf_changed":false,"_joinchat":[]},"product_cat":[513,1300],"product_tag":[553,552,959,910,912],"class_list":{"0":"post-15080","1":"product","2":"type-product","3":"status-publish","4":"has-post-thumbnail","6":"product_cat-equipamento-de-highline","7":"product_cat-highline-sets-pt-pt","8":"product_tag-equipamento-certificado-pela-isa","9":"product_tag-highline","10":"product_tag-kits-com-hangover-pulley","11":"product_tag-nylon-pt-pt-2","12":"product_tag-slackline-tubular","13":"pa_brand-slacktivity-pt-pt","14":"pa_stretch-high","15":"pa_webbing-material-nylon-pt-pt-2","16":"pa_webbing-material-poliester","18":"first","19":"instock","20":"featured","21":"taxable","22":"shipping-taxable","23":"purchasable","24":"product-type-variable","swatches":"rey-swatches","show_selected":""},"acf":[],"yoast_head":"<!-- This site is optimized with the Yoast SEO plugin v27.4 - https:\/\/yoast.com\/product\/yoast-seo-wordpress\/ -->\n<title>Tree Highline Kit: O Set Completo da Slacktivity<\/title>\n<meta name=\"description\" content=\"Comece a praticar highline com facilidade usando o Tree Highline Kit. Este conjunto completo oferece todo o equipamento essencial para a montagem profissional de highline em \u00e1rvores.\" \/>\n<meta name=\"robots\" content=\"index, follow, max-snippet:-1, max-image-preview:large, max-video-preview:-1\" \/>\n<link rel=\"canonical\" href=\"https:\/\/slacktivity.com\/pt-pt\/shop\/tree-highline-kit\/\" \/>\n<meta property=\"og:locale\" content=\"pt_PT\" \/>\n<meta property=\"og:type\" content=\"article\" \/>\n<meta property=\"og:title\" content=\"Tree Highline Kit: O Set Completo da Slacktivity\" \/>\n<meta property=\"og:description\" content=\"Comece a praticar highline com facilidade usando o Tree Highline Kit. Este conjunto completo oferece todo o equipamento essencial para a montagem profissional de highline em \u00e1rvores.\" \/>\n<meta property=\"og:url\" content=\"https:\/\/slacktivity.com\/pt-pt\/shop\/tree-highline-kit\/\" \/>\n<meta property=\"og:site_name\" content=\"Slacktivity Slacklines International Shop\" \/>\n<meta property=\"article:publisher\" content=\"https:\/\/www.facebook.com\/SLACKTIVITY\/\" \/>\n<meta property=\"og:image\" content=\"https:\/\/slacktivity.com\/wp-content\/uploads\/2023\/11\/tree-highline-kit-1-257x300.jpg\" \/>\n<meta name=\"twitter:card\" content=\"summary_large_image\" \/>\n<meta name=\"twitter:label1\" content=\"Tempo estimado de leitura\" \/>\n\t<meta name=\"twitter:data1\" content=\"4 minutos\" \/>\n<script type=\"application\/ld+json\" class=\"yoast-schema-graph\">{\"@context\":\"https:\\\/\\\/schema.org\",\"@graph\":[{\"@type\":\"WebPage\",\"@id\":\"https:\\\/\\\/slacktivity.com\\\/pt-pt\\\/shop\\\/tree-highline-kit\\\/\",\"url\":\"https:\\\/\\\/slacktivity.com\\\/pt-pt\\\/shop\\\/tree-highline-kit\\\/\",\"name\":\"Tree Highline Kit: O Set Completo da Slacktivity\",\"isPartOf\":{\"@id\":\"https:\\\/\\\/slacktivity.com\\\/pt-pt\\\/#website\"},\"primaryImageOfPage\":{\"@id\":\"https:\\\/\\\/slacktivity.com\\\/pt-pt\\\/shop\\\/tree-highline-kit\\\/#primaryimage\"},\"image\":{\"@id\":\"https:\\\/\\\/slacktivity.com\\\/pt-pt\\\/shop\\\/tree-highline-kit\\\/#primaryimage\"},\"thumbnailUrl\":\"https:\\\/\\\/slacktivity.com\\\/wp-content\\\/uploads\\\/2025\\\/05\\\/tree-highline-kit-set.jpg\",\"datePublished\":\"2025-05-06T09:02:01+00:00\",\"description\":\"Comece a praticar highline com facilidade usando o Tree Highline Kit. Este conjunto completo oferece todo o equipamento essencial para a montagem profissional de highline em \u00e1rvores.\",\"breadcrumb\":{\"@id\":\"https:\\\/\\\/slacktivity.com\\\/pt-pt\\\/shop\\\/tree-highline-kit\\\/#breadcrumb\"},\"inLanguage\":\"pt-PT\",\"potentialAction\":[{\"@type\":\"ReadAction\",\"target\":[\"https:\\\/\\\/slacktivity.com\\\/pt-pt\\\/shop\\\/tree-highline-kit\\\/\"]}]},{\"@type\":\"ImageObject\",\"inLanguage\":\"pt-PT\",\"@id\":\"https:\\\/\\\/slacktivity.com\\\/pt-pt\\\/shop\\\/tree-highline-kit\\\/#primaryimage\",\"url\":\"https:\\\/\\\/slacktivity.com\\\/wp-content\\\/uploads\\\/2025\\\/05\\\/tree-highline-kit-set.jpg\",\"contentUrl\":\"https:\\\/\\\/slacktivity.com\\\/wp-content\\\/uploads\\\/2025\\\/05\\\/tree-highline-kit-set.jpg\",\"width\":1180,\"height\":1377,\"caption\":\"tree highline kit set\"},{\"@type\":\"BreadcrumbList\",\"@id\":\"https:\\\/\\\/slacktivity.com\\\/pt-pt\\\/shop\\\/tree-highline-kit\\\/#breadcrumb\",\"itemListElement\":[{\"@type\":\"ListItem\",\"position\":1,\"name\":\"Home\",\"item\":\"https:\\\/\\\/slacktivity.com\\\/pt-pt\\\/\"},{\"@type\":\"ListItem\",\"position\":2,\"name\":\"loja\",\"item\":\"https:\\\/\\\/slacktivity.com\\\/pt-pt\\\/loja\\\/\"},{\"@type\":\"ListItem\",\"position\":3,\"name\":\"Tree Highline Kit\"}]},{\"@type\":\"WebSite\",\"@id\":\"https:\\\/\\\/slacktivity.com\\\/pt-pt\\\/#website\",\"url\":\"https:\\\/\\\/slacktivity.com\\\/pt-pt\\\/\",\"name\":\"Slacktivity Slacklines International Shop\",\"description\":\"Discover the innovative products of Slacktivity. Swiss designed premium slackline gear. Advice from our experts for the best and a safe slackline experience.\",\"publisher\":{\"@id\":\"https:\\\/\\\/slacktivity.com\\\/pt-pt\\\/#organization\"},\"potentialAction\":[{\"@type\":\"SearchAction\",\"target\":{\"@type\":\"EntryPoint\",\"urlTemplate\":\"https:\\\/\\\/slacktivity.com\\\/pt-pt\\\/?s={search_term_string}\"},\"query-input\":{\"@type\":\"PropertyValueSpecification\",\"valueRequired\":true,\"valueName\":\"search_term_string\"}}],\"inLanguage\":\"pt-PT\"},{\"@type\":\"Organization\",\"@id\":\"https:\\\/\\\/slacktivity.com\\\/pt-pt\\\/#organization\",\"name\":\"Slacktivity Slacklines\",\"url\":\"https:\\\/\\\/slacktivity.com\\\/pt-pt\\\/\",\"logo\":{\"@type\":\"ImageObject\",\"inLanguage\":\"pt-PT\",\"@id\":\"https:\\\/\\\/slacktivity.com\\\/pt-pt\\\/#\\\/schema\\\/logo\\\/image\\\/\",\"url\":\"https:\\\/\\\/slacktivity.com\\\/wp-content\\\/uploads\\\/2021\\\/01\\\/slacktivity-slackline-online-shop-1.png\",\"contentUrl\":\"https:\\\/\\\/slacktivity.com\\\/wp-content\\\/uploads\\\/2021\\\/01\\\/slacktivity-slackline-online-shop-1.png\",\"width\":200,\"height\":77,\"caption\":\"Slacktivity Slacklines\"},\"image\":{\"@id\":\"https:\\\/\\\/slacktivity.com\\\/pt-pt\\\/#\\\/schema\\\/logo\\\/image\\\/\"},\"sameAs\":[\"https:\\\/\\\/www.facebook.com\\\/SLACKTIVITY\\\/\",\"https:\\\/\\\/www.instagram.com\\\/slacktivity\\\/\"]}]}<\/script>\n<!-- \/ Yoast SEO plugin. -->","yoast_head_json":{"title":"Tree Highline Kit: O Set Completo da Slacktivity","description":"Comece a praticar highline com facilidade usando o Tree Highline Kit. Este conjunto completo oferece todo o equipamento essencial para a montagem profissional de highline em \u00e1rvores.","robots":{"index":"index","follow":"follow","max-snippet":"max-snippet:-1","max-image-preview":"max-image-preview:large","max-video-preview":"max-video-preview:-1"},"canonical":"https:\/\/slacktivity.com\/pt-pt\/shop\/tree-highline-kit\/","og_locale":"pt_PT","og_type":"article","og_title":"Tree Highline Kit: O Set Completo da Slacktivity","og_description":"Comece a praticar highline com facilidade usando o Tree Highline Kit. Este conjunto completo oferece todo o equipamento essencial para a montagem profissional de highline em \u00e1rvores.","og_url":"https:\/\/slacktivity.com\/pt-pt\/shop\/tree-highline-kit\/","og_site_name":"Slacktivity Slacklines International Shop","article_publisher":"https:\/\/www.facebook.com\/SLACKTIVITY\/","og_image":[{"url":"https:\/\/slacktivity.com\/wp-content\/uploads\/2023\/11\/tree-highline-kit-1-257x300.jpg","type":"","width":"","height":""}],"twitter_card":"summary_large_image","twitter_misc":{"Tempo estimado de leitura":"4 minutos"},"schema":{"@context":"https:\/\/schema.org","@graph":[{"@type":"WebPage","@id":"https:\/\/slacktivity.com\/pt-pt\/shop\/tree-highline-kit\/","url":"https:\/\/slacktivity.com\/pt-pt\/shop\/tree-highline-kit\/","name":"Tree Highline Kit: O Set Completo da Slacktivity","isPartOf":{"@id":"https:\/\/slacktivity.com\/pt-pt\/#website"},"primaryImageOfPage":{"@id":"https:\/\/slacktivity.com\/pt-pt\/shop\/tree-highline-kit\/#primaryimage"},"image":{"@id":"https:\/\/slacktivity.com\/pt-pt\/shop\/tree-highline-kit\/#primaryimage"},"thumbnailUrl":"https:\/\/slacktivity.com\/wp-content\/uploads\/2025\/05\/tree-highline-kit-set.jpg","datePublished":"2025-05-06T09:02:01+00:00","description":"Comece a praticar highline com facilidade usando o Tree Highline Kit. Este conjunto completo oferece todo o equipamento essencial para a montagem profissional de highline em \u00e1rvores.","breadcrumb":{"@id":"https:\/\/slacktivity.com\/pt-pt\/shop\/tree-highline-kit\/#breadcrumb"},"inLanguage":"pt-PT","potentialAction":[{"@type":"ReadAction","target":["https:\/\/slacktivity.com\/pt-pt\/shop\/tree-highline-kit\/"]}]},{"@type":"ImageObject","inLanguage":"pt-PT","@id":"https:\/\/slacktivity.com\/pt-pt\/shop\/tree-highline-kit\/#primaryimage","url":"https:\/\/slacktivity.com\/wp-content\/uploads\/2025\/05\/tree-highline-kit-set.jpg","contentUrl":"https:\/\/slacktivity.com\/wp-content\/uploads\/2025\/05\/tree-highline-kit-set.jpg","width":1180,"height":1377,"caption":"tree highline kit set"},{"@type":"BreadcrumbList","@id":"https:\/\/slacktivity.com\/pt-pt\/shop\/tree-highline-kit\/#breadcrumb","itemListElement":[{"@type":"ListItem","position":1,"name":"Home","item":"https:\/\/slacktivity.com\/pt-pt\/"},{"@type":"ListItem","position":2,"name":"loja","item":"https:\/\/slacktivity.com\/pt-pt\/loja\/"},{"@type":"ListItem","position":3,"name":"Tree Highline Kit"}]},{"@type":"WebSite","@id":"https:\/\/slacktivity.com\/pt-pt\/#website","url":"https:\/\/slacktivity.com\/pt-pt\/","name":"Slacktivity Slacklines International Shop","description":"Discover the innovative products of Slacktivity. Swiss designed premium slackline gear. Advice from our experts for the best and a safe slackline experience.","publisher":{"@id":"https:\/\/slacktivity.com\/pt-pt\/#organization"},"potentialAction":[{"@type":"SearchAction","target":{"@type":"EntryPoint","urlTemplate":"https:\/\/slacktivity.com\/pt-pt\/?s={search_term_string}"},"query-input":{"@type":"PropertyValueSpecification","valueRequired":true,"valueName":"search_term_string"}}],"inLanguage":"pt-PT"},{"@type":"Organization","@id":"https:\/\/slacktivity.com\/pt-pt\/#organization","name":"Slacktivity Slacklines","url":"https:\/\/slacktivity.com\/pt-pt\/","logo":{"@type":"ImageObject","inLanguage":"pt-PT","@id":"https:\/\/slacktivity.com\/pt-pt\/#\/schema\/logo\/image\/","url":"https:\/\/slacktivity.com\/wp-content\/uploads\/2021\/01\/slacktivity-slackline-online-shop-1.png","contentUrl":"https:\/\/slacktivity.com\/wp-content\/uploads\/2021\/01\/slacktivity-slackline-online-shop-1.png","width":200,"height":77,"caption":"Slacktivity Slacklines"},"image":{"@id":"https:\/\/slacktivity.com\/pt-pt\/#\/schema\/logo\/image\/"},"sameAs":["https:\/\/www.facebook.com\/SLACKTIVITY\/","https:\/\/www.instagram.com\/slacktivity\/"]}]}},"_links":{"self":[{"href":"https:\/\/slacktivity.com\/pt-pt\/wp-json\/wp\/v2\/product\/15080","targetHints":{"allow":["GET"]}}],"collection":[{"href":"https:\/\/slacktivity.com\/pt-pt\/wp-json\/wp\/v2\/product"}],"about":[{"href":"https:\/\/slacktivity.com\/pt-pt\/wp-json\/wp\/v2\/types\/product"}],"replies":[{"embeddable":true,"href":"https:\/\/slacktivity.com\/pt-pt\/wp-json\/wp\/v2\/comments?post=15080"}],"wp:featuredmedia":[{"embeddable":true,"href":"https:\/\/slacktivity.com\/pt-pt\/wp-json\/wp\/v2\/media\/16264"}],"wp:attachment":[{"href":"https:\/\/slacktivity.com\/pt-pt\/wp-json\/wp\/v2\/media?parent=15080"}],"wp:term":[{"taxonomy":"product_cat","embeddable":true,"href":"https:\/\/slacktivity.com\/pt-pt\/wp-json\/wp\/v2\/product_cat?post=15080"},{"taxonomy":"product_tag","embeddable":true,"href":"https:\/\/slacktivity.com\/pt-pt\/wp-json\/wp\/v2\/product_tag?post=15080"}],"curies":[{"name":"wp","href":"https:\/\/api.w.org\/{rel}","templated":true}]}}