{"id":15084,"date":"2024-01-19T10:52:05","date_gmt":"2024-01-19T10:52:05","guid":{"rendered":"https:\/\/slacktivity.com\/shop\/hangover-pulley-system\/"},"modified":"2025-01-29T15:06:29","modified_gmt":"2025-01-29T15:06:29","slug":"hangover-pulley-system","status":"publish","type":"product","link":"https:\/\/slacktivity.com\/pt-pt\/shop\/hangover-pulley-system\/","title":{"rendered":"HangOver Pulley System"},"content":{"rendered":"<p>Apresentamos o<strong> HangOver Pulley System<\/strong> \u2013 um sistema revolucion\u00e1rio na montagem de Highlines e longlines! Ele redefine a experi\u00eancia no slackline com um design leve, compacto e de f\u00e1cil manuseio. Simples e r\u00e1pido de usar, pode ser removido do sistema em segundos!<br \/>Pode-se escolher o ratio de: 3:1, 5:1, 9:1 ou at\u00e9 15:1, dependendo da tens\u00e3o desejada. Al\u00e9m disso, com este pulley system economiza-se 5% em todos os componentesl!<\/p>\n<h2><strong>As principais vantagens do HangOver Pulley System:<\/strong><\/h2>\n<ul>\n<li><strong>Efici\u00eancia Redefinida<\/strong>: Permite tensionar a linha sem esfor\u00e7o, movendo o T-Grip com facilidade e fazendo ajustes suaves. O HangOver Pulley System permite que se tensione meio metro de cada vez, proporcionando uma experi\u00eancia eficiente de tensionamento para highlines e longlines. <\/li>\n<li><strong>Design Ultral\u00e9ve<\/strong>: Desenvolvido a pensar na conveni\u00eancia, este sistema \u00e9 extremamente leve, tornando-se o companheiro ideal para aventuras de slackline. \u00c9 uma op\u00e7\u00e3o de alto desempenho, sem o peso desnecess\u00e1rio dos sistemas tradicionais de roldanas e corda. <\/li>\n<li><strong>Compacto e Seguro<\/strong>: Podemos dizer adeus aos sistemas de roldanas volumosos e pesados! Este sistema pode ser removido do slackline em segundos, oferecendo alto desempenho sem complica\u00e7\u00f5es. Leve e pr\u00e1tico, cabe perfeitamente numa mochila.  <\/li>\n<\/ul>\n<h3><strong>Op\u00e7\u00f5es do Produto<\/strong>: Escolher um sistema adaptado \u00e0s nossas necessidades:<\/h3>\n<ul>\n<li><strong>Classic HangOvers 2.0:<\/strong> A escolha cl\u00e1ssica com rolamentos de esferas de alto desempenho e sem folgas.<\/li>\n<li><strong>HangOvers Royal:<\/strong> Feito para Pros \u2013 oferece os mesmos benef\u00edcios do Classic HangOver 2.0, mas com rolamentos de esferas de a\u00e7o inoxid\u00e1vel. A escolha perfeita para quem quer praticar slackline perto do mar. <\/li>\n<li><strong>Mix (Classic, Royal):<\/strong> Uma \u00f3tima escolha para uso ocasional perto do mar \u2013 nestes projetos pode-se usar o Royal para a linha e o Classic HangOver, mais acess\u00edvel, apenas para tensionamento.<\/li>\n<\/ul>\n<h4><strong>Escolher o Ratio:<\/strong><\/h4>\n<ul>\n<li><strong>Vers\u00e3o 9:1 :<\/strong> Ideal para slacklines de nylon at\u00e9 50m no parque e perfeito para qualquer highline at\u00e9 500m. <strong><i>(pesa 812g)<\/i><\/strong>.<\/li>\n<li><strong>Vers\u00e3o 15:1:<\/strong> Se se quiser montar slacklines de poli\u00e9ster com mais de 50m ou com maior tens\u00e3o no parque, a vers\u00e3o 15:1 \u00e9 a mais indicada. No entanto, a vers\u00e3o 15:1 n\u00e3o \u00e9 ideal para slacklines de nylon. <strong><i>(pesa 1239g)<\/i><\/strong>. <\/li>\n<\/ul>\n<p><strong><i>A vers\u00e3o 9:1 inclui:<\/i><\/strong><\/p>\n<ul>\n<li><span style=\"background-color: var(--body-bg-color); color: var(--body-color); font-family: var(--body-font-family),sans-serif; font-size: 1.125rem; font-weight: var(--body-font-weight,400);\">3x Hangovers<\/span><\/li>\n<li>T-Grip<\/li>\n<li>Softrigging Plate<\/li>\n<li>Chainlock<\/li>\n<li>Aluminium Carabiner<\/li>\n<li>HCD Sling<\/li>\n<\/ul>\n<p><strong><i>A vers\u00e3o 15:1 inclui (1239g):<\/i><\/strong><\/p>\n<ul>\n<li>5x Hangovers<\/li>\n<li>T-Grip<\/li>\n<li>2x Softrigging Plate<\/li>\n<li>Chainlock<\/li>\n<li>2x Aluminium Carabiner<\/li>\n<li>HCD Sling<\/li>\n<\/ul>\n<p><strong>Vis\u00e3o Geral dos Componentes:<\/strong><\/p>\n<ul>\n<li><strong>Hangover Royal:<\/strong> A melhor escolha para deslizar sobre highlines perto do mar ou como mosquet\u00e3o de roldana, garantindo desempenho livre de ferrugem.\n<\/li>\n<li><strong>Hangover Classic:<\/strong> O primeiro mosquet\u00e3o rolante espec\u00edfico para highline com certifica\u00e7\u00e3o PSA \u2013 um item essencial para qualquer highliner e para sistemas de tensionamento de baixo peso.<\/li>\n<li><strong><a href=\"https:\/\/slacktivity.com\/shop\/t-grip-webbing-grip-tool\/\">T-Grip<\/a>:<\/strong> Um webbing grip projetado para os sistemas de roldanas HangOver, oferecendo um design leve e uma facilidade incompar\u00e1vel de reposicionamento..<\/li>\n<li><strong>HCD Sling:<\/strong> Um sling de alta resist\u00eancia e ultraleve, uma adi\u00e7\u00e3o vers\u00e1til que pode substituir uma rigging plate quando conectado ao seaHorse.<\/li>\n<li><strong>Aluminium Carabiner:<\/strong> Montagem r\u00e1pida e eficiente \u00e9 facilitada com o design de &#8220;snapper&#8221; de f\u00e1cil abertura do nosso mosquet\u00e3o de alum\u00ednio.<\/li>\n<li><strong>Chainlock:<\/strong> Facilita conex\u00f5es r\u00e1pidas para o HangOver como multiplicador, aprimorando a efici\u00eancia da montagem.<\/li>\n<li><strong>Softrigging Plate:<\/strong> A rigging plate ultraleve da SLACKTIVITY, pesando apenas 42 gramas, foi projetada especificamente para o HangOver Pulley System, para tensionar longline ou highlines.<\/li>\n<\/ul>\n<p>o HangOver Pulley System melhora a experi\u00eancia no slackline \u2013 unindo precis\u00e3o, versatilidade e confiabilidade para os projetos de highline mais arrojados! (Nota: softreleases n\u00e3o est\u00e3o incluidos suave n\u00e3o est\u00e3o inclu\u00eddos, mas s\u00e3o recomendados para desempenho ideal.)<br \/><strong>Uma curiosidade<\/strong>: Os rolamentos de esferas, como os usados no HangOver, n\u00e3o devem ser utilizados em for\u00e7as superiores a 1kN? Gra\u00e7as aos 4 rolamentos de esferas no HangOver, este pode ser sujeito a for\u00e7as at\u00e9 4kN sem causar danos a longo prazo. Em mosquet\u00f5es que possuem apenas 2 rolamentos de esferas, danos a longo prazo podem ocorrer ao utiliz\u00e1-los com tais for\u00e7as. <\/p>\n","protected":false},"excerpt":{"rendered":"<p>Apresentamos o<strong> HangOver Pulley System <\/strong>\u2013 a escolha definitiva para tensionamento de Highlines e longlines sem esfor\u00e7o!<\/p>\n","protected":false},"featured_media":16268,"comment_status":"open","ping_status":"closed","template":"","meta":{"_acf_changed":false,"_joinchat":[]},"product_cat":[513,529,1300,1302,528],"product_tag":[552,959],"class_list":{"0":"post-15084","1":"product","2":"type-product","3":"status-publish","4":"has-post-thumbnail","6":"product_cat-equipamento-de-highline","7":"product_cat-hangovers","8":"product_cat-highline-sets-pt-pt","9":"product_cat-pulley-systems-pt-pt","10":"product_cat-pecas-de-tensionamento","11":"product_tag-highline","12":"product_tag-kits-com-hangover-pulley","13":"pa_brand-slacktivity-pt-pt","15":"first","16":"instock","17":"featured","18":"taxable","19":"shipping-taxable","20":"purchasable","21":"product-type-variable","22":"has-default-attributes","swatches":"rey-swatches","show_selected":""},"acf":[],"yoast_head":"<!-- This site is optimized with the Yoast SEO plugin v27.4 - https:\/\/yoast.com\/product\/yoast-seo-wordpress\/ -->\n<title>HangOver Pulley System | Slacktivity Slacklines Shop<\/title>\n<meta name=\"description\" content=\"O HangOver Pulley System \u00e9 um game-changer na montagem de highlines, redefinindo a experi\u00eancia com um design leve e compacto.\" \/>\n<meta name=\"robots\" content=\"index, follow, max-snippet:-1, max-image-preview:large, max-video-preview:-1\" \/>\n<link rel=\"canonical\" href=\"https:\/\/slacktivity.com\/pt-pt\/shop\/hangover-pulley-system\/\" \/>\n<meta property=\"og:locale\" content=\"pt_PT\" \/>\n<meta property=\"og:type\" content=\"article\" \/>\n<meta property=\"og:title\" content=\"HangOver Pulley System | Slacktivity Slacklines Shop\" \/>\n<meta property=\"og:description\" content=\"O HangOver Pulley System \u00e9 um game-changer na montagem de highlines, redefinindo a experi\u00eancia com um design leve e compacto.\" \/>\n<meta property=\"og:url\" content=\"https:\/\/slacktivity.com\/pt-pt\/shop\/hangover-pulley-system\/\" \/>\n<meta property=\"og:site_name\" content=\"Slacktivity Slacklines International Shop\" \/>\n<meta property=\"article:publisher\" content=\"https:\/\/www.facebook.com\/SLACKTIVITY\/\" \/>\n<meta property=\"article:modified_time\" content=\"2025-01-29T15:06:29+00:00\" \/>\n<meta property=\"og:image\" content=\"https:\/\/slacktivity.com\/wp-content\/uploads\/2024\/01\/hangove-pulley-91-classic.jpg\" \/>\n\t<meta property=\"og:image:width\" content=\"1180\" \/>\n\t<meta property=\"og:image:height\" content=\"1377\" \/>\n\t<meta property=\"og:image:type\" content=\"image\/jpeg\" \/>\n<meta name=\"twitter:card\" content=\"summary_large_image\" \/>\n<meta name=\"twitter:label1\" content=\"Tempo estimado de leitura\" \/>\n\t<meta name=\"twitter:data1\" content=\"3 minutos\" \/>\n<script type=\"application\/ld+json\" class=\"yoast-schema-graph\">{\"@context\":\"https:\\\/\\\/schema.org\",\"@graph\":[{\"@type\":\"WebPage\",\"@id\":\"https:\\\/\\\/slacktivity.com\\\/pt-pt\\\/shop\\\/hangover-pulley-system\\\/\",\"url\":\"https:\\\/\\\/slacktivity.com\\\/pt-pt\\\/shop\\\/hangover-pulley-system\\\/\",\"name\":\"HangOver Pulley System | Slacktivity Slacklines Shop\",\"isPartOf\":{\"@id\":\"https:\\\/\\\/slacktivity.com\\\/pt-pt\\\/#website\"},\"primaryImageOfPage\":{\"@id\":\"https:\\\/\\\/slacktivity.com\\\/pt-pt\\\/shop\\\/hangover-pulley-system\\\/#primaryimage\"},\"image\":{\"@id\":\"https:\\\/\\\/slacktivity.com\\\/pt-pt\\\/shop\\\/hangover-pulley-system\\\/#primaryimage\"},\"thumbnailUrl\":\"https:\\\/\\\/slacktivity.com\\\/wp-content\\\/uploads\\\/2024\\\/01\\\/hangover-pulley-91-classic.jpg\",\"datePublished\":\"2024-01-19T10:52:05+00:00\",\"dateModified\":\"2025-01-29T15:06:29+00:00\",\"description\":\"O HangOver Pulley System \u00e9 um game-changer na montagem de highlines, redefinindo a experi\u00eancia com um design leve e compacto.\",\"breadcrumb\":{\"@id\":\"https:\\\/\\\/slacktivity.com\\\/pt-pt\\\/shop\\\/hangover-pulley-system\\\/#breadcrumb\"},\"inLanguage\":\"pt-PT\",\"potentialAction\":[{\"@type\":\"ReadAction\",\"target\":[\"https:\\\/\\\/slacktivity.com\\\/pt-pt\\\/shop\\\/hangover-pulley-system\\\/\"]}]},{\"@type\":\"ImageObject\",\"inLanguage\":\"pt-PT\",\"@id\":\"https:\\\/\\\/slacktivity.com\\\/pt-pt\\\/shop\\\/hangover-pulley-system\\\/#primaryimage\",\"url\":\"https:\\\/\\\/slacktivity.com\\\/wp-content\\\/uploads\\\/2024\\\/01\\\/hangover-pulley-91-classic.jpg\",\"contentUrl\":\"https:\\\/\\\/slacktivity.com\\\/wp-content\\\/uploads\\\/2024\\\/01\\\/hangover-pulley-91-classic.jpg\",\"width\":1180,\"height\":1377,\"caption\":\"hangover pulley system 91 classic\"},{\"@type\":\"BreadcrumbList\",\"@id\":\"https:\\\/\\\/slacktivity.com\\\/pt-pt\\\/shop\\\/hangover-pulley-system\\\/#breadcrumb\",\"itemListElement\":[{\"@type\":\"ListItem\",\"position\":1,\"name\":\"Home\",\"item\":\"https:\\\/\\\/slacktivity.com\\\/pt-pt\\\/\"},{\"@type\":\"ListItem\",\"position\":2,\"name\":\"loja\",\"item\":\"https:\\\/\\\/slacktivity.com\\\/pt-pt\\\/loja\\\/\"},{\"@type\":\"ListItem\",\"position\":3,\"name\":\"HangOver Pulley System\"}]},{\"@type\":\"WebSite\",\"@id\":\"https:\\\/\\\/slacktivity.com\\\/pt-pt\\\/#website\",\"url\":\"https:\\\/\\\/slacktivity.com\\\/pt-pt\\\/\",\"name\":\"Slacktivity Slacklines International Shop\",\"description\":\"Discover the innovative products of Slacktivity. Swiss designed premium slackline gear. Advice from our experts for the best and a safe slackline experience.\",\"publisher\":{\"@id\":\"https:\\\/\\\/slacktivity.com\\\/pt-pt\\\/#organization\"},\"potentialAction\":[{\"@type\":\"SearchAction\",\"target\":{\"@type\":\"EntryPoint\",\"urlTemplate\":\"https:\\\/\\\/slacktivity.com\\\/pt-pt\\\/?s={search_term_string}\"},\"query-input\":{\"@type\":\"PropertyValueSpecification\",\"valueRequired\":true,\"valueName\":\"search_term_string\"}}],\"inLanguage\":\"pt-PT\"},{\"@type\":\"Organization\",\"@id\":\"https:\\\/\\\/slacktivity.com\\\/pt-pt\\\/#organization\",\"name\":\"Slacktivity Slacklines\",\"url\":\"https:\\\/\\\/slacktivity.com\\\/pt-pt\\\/\",\"logo\":{\"@type\":\"ImageObject\",\"inLanguage\":\"pt-PT\",\"@id\":\"https:\\\/\\\/slacktivity.com\\\/pt-pt\\\/#\\\/schema\\\/logo\\\/image\\\/\",\"url\":\"https:\\\/\\\/slacktivity.com\\\/wp-content\\\/uploads\\\/2021\\\/01\\\/slacktivity-slackline-online-shop-1.png\",\"contentUrl\":\"https:\\\/\\\/slacktivity.com\\\/wp-content\\\/uploads\\\/2021\\\/01\\\/slacktivity-slackline-online-shop-1.png\",\"width\":200,\"height\":77,\"caption\":\"Slacktivity Slacklines\"},\"image\":{\"@id\":\"https:\\\/\\\/slacktivity.com\\\/pt-pt\\\/#\\\/schema\\\/logo\\\/image\\\/\"},\"sameAs\":[\"https:\\\/\\\/www.facebook.com\\\/SLACKTIVITY\\\/\",\"https:\\\/\\\/www.instagram.com\\\/slacktivity\\\/\"]}]}<\/script>\n<!-- \/ Yoast SEO plugin. -->","yoast_head_json":{"title":"HangOver Pulley System | Slacktivity Slacklines Shop","description":"O HangOver Pulley System \u00e9 um game-changer na montagem de highlines, redefinindo a experi\u00eancia com um design leve e compacto.","robots":{"index":"index","follow":"follow","max-snippet":"max-snippet:-1","max-image-preview":"max-image-preview:large","max-video-preview":"max-video-preview:-1"},"canonical":"https:\/\/slacktivity.com\/pt-pt\/shop\/hangover-pulley-system\/","og_locale":"pt_PT","og_type":"article","og_title":"HangOver Pulley System | Slacktivity Slacklines Shop","og_description":"O HangOver Pulley System \u00e9 um game-changer na montagem de highlines, redefinindo a experi\u00eancia com um design leve e compacto.","og_url":"https:\/\/slacktivity.com\/pt-pt\/shop\/hangover-pulley-system\/","og_site_name":"Slacktivity Slacklines International Shop","article_publisher":"https:\/\/www.facebook.com\/SLACKTIVITY\/","article_modified_time":"2025-01-29T15:06:29+00:00","og_image":[{"width":1180,"height":1377,"url":"https:\/\/slacktivity.com\/wp-content\/uploads\/2024\/01\/hangove-pulley-91-classic.jpg","type":"image\/jpeg"}],"twitter_card":"summary_large_image","twitter_misc":{"Tempo estimado de leitura":"3 minutos"},"schema":{"@context":"https:\/\/schema.org","@graph":[{"@type":"WebPage","@id":"https:\/\/slacktivity.com\/pt-pt\/shop\/hangover-pulley-system\/","url":"https:\/\/slacktivity.com\/pt-pt\/shop\/hangover-pulley-system\/","name":"HangOver Pulley System | Slacktivity Slacklines Shop","isPartOf":{"@id":"https:\/\/slacktivity.com\/pt-pt\/#website"},"primaryImageOfPage":{"@id":"https:\/\/slacktivity.com\/pt-pt\/shop\/hangover-pulley-system\/#primaryimage"},"image":{"@id":"https:\/\/slacktivity.com\/pt-pt\/shop\/hangover-pulley-system\/#primaryimage"},"thumbnailUrl":"https:\/\/slacktivity.com\/wp-content\/uploads\/2024\/01\/hangover-pulley-91-classic.jpg","datePublished":"2024-01-19T10:52:05+00:00","dateModified":"2025-01-29T15:06:29+00:00","description":"O HangOver Pulley System \u00e9 um game-changer na montagem de highlines, redefinindo a experi\u00eancia com um design leve e compacto.","breadcrumb":{"@id":"https:\/\/slacktivity.com\/pt-pt\/shop\/hangover-pulley-system\/#breadcrumb"},"inLanguage":"pt-PT","potentialAction":[{"@type":"ReadAction","target":["https:\/\/slacktivity.com\/pt-pt\/shop\/hangover-pulley-system\/"]}]},{"@type":"ImageObject","inLanguage":"pt-PT","@id":"https:\/\/slacktivity.com\/pt-pt\/shop\/hangover-pulley-system\/#primaryimage","url":"https:\/\/slacktivity.com\/wp-content\/uploads\/2024\/01\/hangover-pulley-91-classic.jpg","contentUrl":"https:\/\/slacktivity.com\/wp-content\/uploads\/2024\/01\/hangover-pulley-91-classic.jpg","width":1180,"height":1377,"caption":"hangover pulley system 91 classic"},{"@type":"BreadcrumbList","@id":"https:\/\/slacktivity.com\/pt-pt\/shop\/hangover-pulley-system\/#breadcrumb","itemListElement":[{"@type":"ListItem","position":1,"name":"Home","item":"https:\/\/slacktivity.com\/pt-pt\/"},{"@type":"ListItem","position":2,"name":"loja","item":"https:\/\/slacktivity.com\/pt-pt\/loja\/"},{"@type":"ListItem","position":3,"name":"HangOver Pulley System"}]},{"@type":"WebSite","@id":"https:\/\/slacktivity.com\/pt-pt\/#website","url":"https:\/\/slacktivity.com\/pt-pt\/","name":"Slacktivity Slacklines International Shop","description":"Discover the innovative products of Slacktivity. Swiss designed premium slackline gear. Advice from our experts for the best and a safe slackline experience.","publisher":{"@id":"https:\/\/slacktivity.com\/pt-pt\/#organization"},"potentialAction":[{"@type":"SearchAction","target":{"@type":"EntryPoint","urlTemplate":"https:\/\/slacktivity.com\/pt-pt\/?s={search_term_string}"},"query-input":{"@type":"PropertyValueSpecification","valueRequired":true,"valueName":"search_term_string"}}],"inLanguage":"pt-PT"},{"@type":"Organization","@id":"https:\/\/slacktivity.com\/pt-pt\/#organization","name":"Slacktivity Slacklines","url":"https:\/\/slacktivity.com\/pt-pt\/","logo":{"@type":"ImageObject","inLanguage":"pt-PT","@id":"https:\/\/slacktivity.com\/pt-pt\/#\/schema\/logo\/image\/","url":"https:\/\/slacktivity.com\/wp-content\/uploads\/2021\/01\/slacktivity-slackline-online-shop-1.png","contentUrl":"https:\/\/slacktivity.com\/wp-content\/uploads\/2021\/01\/slacktivity-slackline-online-shop-1.png","width":200,"height":77,"caption":"Slacktivity Slacklines"},"image":{"@id":"https:\/\/slacktivity.com\/pt-pt\/#\/schema\/logo\/image\/"},"sameAs":["https:\/\/www.facebook.com\/SLACKTIVITY\/","https:\/\/www.instagram.com\/slacktivity\/"]}]}},"_links":{"self":[{"href":"https:\/\/slacktivity.com\/pt-pt\/wp-json\/wp\/v2\/product\/15084","targetHints":{"allow":["GET"]}}],"collection":[{"href":"https:\/\/slacktivity.com\/pt-pt\/wp-json\/wp\/v2\/product"}],"about":[{"href":"https:\/\/slacktivity.com\/pt-pt\/wp-json\/wp\/v2\/types\/product"}],"replies":[{"embeddable":true,"href":"https:\/\/slacktivity.com\/pt-pt\/wp-json\/wp\/v2\/comments?post=15084"}],"wp:featuredmedia":[{"embeddable":true,"href":"https:\/\/slacktivity.com\/pt-pt\/wp-json\/wp\/v2\/media\/16268"}],"wp:attachment":[{"href":"https:\/\/slacktivity.com\/pt-pt\/wp-json\/wp\/v2\/media?parent=15084"}],"wp:term":[{"taxonomy":"product_cat","embeddable":true,"href":"https:\/\/slacktivity.com\/pt-pt\/wp-json\/wp\/v2\/product_cat?post=15084"},{"taxonomy":"product_tag","embeddable":true,"href":"https:\/\/slacktivity.com\/pt-pt\/wp-json\/wp\/v2\/product_tag?post=15084"}],"curies":[{"name":"wp","href":"https:\/\/api.w.org\/{rel}","templated":true}]}}