{"id":7059,"date":"2021-02-11T13:38:29","date_gmt":"2021-07-21T16:15:33","guid":{"rendered":"http:\/\/slacktivity.com\/shop\/minimum\/"},"modified":"2023-12-23T14:36:38","modified_gmt":"2023-12-23T14:36:38","slug":"minimum-slackline-kit-para-iniciantes","status":"publish","type":"product","link":"https:\/\/slacktivity.com\/pt-pt\/shop\/minimum-slackline-kit-para-iniciantes\/","title":{"rendered":"Minimum"},"content":{"rendered":"<h2>Minimum: Kit de Slackline para Iniciantes<\/h2>\n<p>O<strong>\u00a0Minimum<\/strong> \u00e9 um<strong> kit de slackline para iniciantes<\/strong>, <strong>crian\u00e7as<\/strong> e todos aqueles que querem levar um slackline para todo o lado. Com 12m de comprimento caminh\u00e1vel \u00e9 bastante acess\u00edvel para um kit de inicia\u00e7\u00e3o premium. As propriedades da linha garantem um processo de aprendizagem mais simples e divertido. Assim que conseguimos estar est\u00e1veis na linha, ela convida-nos a fazer posi\u00e7\u00f5es est\u00e1ticas e alguns saltos! O Kit de slackline Minimum pesa aproximadamente 2.0 kg.<\/p>\n<p><strong>Vantagens relativamente a outros <a href=\"https:\/\/slacktivity.com\/pt-pt\/category\/kits-de-slackline\/\">slacklines de inicia\u00e7\u00e3o<\/a> (USP):<\/strong><\/p>\n<ul>\n<li style=\"list-style-type: none;\">\n<ul>\n<li>Gra\u00e7as \u00e0 impress\u00e3o em borracha temos melhor ader\u00eancia quando estamos no slackline<\/li>\n<li>Com a catraca user friendly, n\u00e3o vamos magoar as m\u00e3os ao desmontar o slackline.<\/li>\n<\/ul>\n<\/li>\n<\/ul>\n<p><span style=\"text-decoration: underline;\"><strong>Importante: <\/strong>usar sempre prote\u00e7\u00f5es de \u00e1rvore! A \u00e1rvore deve ser protegida em toda a exten\u00e7\u00e3o em que h\u00e1 contacto com o slackline!<\/span><\/p>\n<h4>Conte\u00fado do kit de slackline para iniciantes:<\/h4>\n<ul>\n<li>Linha de 12.5m (37 mm de largura), com um end loop longo.<\/li>\n<li>Catraca robusta, 5T power ratchet, de abertura f\u00e1cil e uma extens\u00e3o de 2,5m.<\/li>\n<li>\u00abonePageManual\u00bb<\/li>\n<\/ul>\n<p><strong>V\u00eddeo de montagem<\/strong><\/p>\n<div class=\"iframe-container\"><iframe title=\"YouTube video player\" src=\"https:\/\/www.youtube.com\/embed\/vhud7iJ1Ch4\" width=\"560\" height=\"315\" frameborder=\"0\" allowfullscreen=\"allowfullscreen\"><\/iframe><\/div>\n<div><\/div>\n<div><strong>Nota sobre seguran\u00e7a:<\/strong> use a linha restante ou um peda\u00e7o de corda para criar uma conex\u00e3o secund\u00e1ria (backup) entre a catraca e o ponto de ancoragem.<\/div>\n","protected":false},"excerpt":{"rendered":"<p>O slackline kit Minimum \u00e9 ideal para iniciantes e crian\u00e7as, para viajar e foi desenvolvido para facilitar a aprendizagem..<\/p>\n","protected":false},"featured_media":7060,"comment_status":"open","ping_status":"closed","template":"","meta":{"_acf_changed":false,"_joinchat":[]},"product_cat":[523,522,520],"product_tag":[549,961,560],"class_list":{"0":"post-7059","1":"product","2":"type-product","3":"status-publish","4":"has-post-thumbnail","6":"product_cat-kit-de-slackline-para-criancas","7":"product_cat-kit-de-slackline-para-iniciantes","8":"product_cat-kits-de-slackline","9":"product_tag-iniciantes","10":"product_tag-kits-de-catraca","11":"product_tag-para-viajar","12":"pa_brand-slacktivity-pt-pt","13":"pa_stretch-low","14":"pa_webbing-material-poliester","16":"first","17":"instock","18":"sale","19":"taxable","20":"shipping-taxable","21":"purchasable","22":"product-type-variable","23":"has-default-attributes","swatches":"rey-swatches","show_selected":""},"acf":[],"yoast_head":"<!-- This site is optimized with the Yoast SEO plugin v27.4 - https:\/\/yoast.com\/product\/yoast-seo-wordpress\/ -->\n<title>Minimum: Kit de Slackline para Iniciantes | SLACKTIVITY<\/title>\n<meta name=\"description\" content=\"Minimum \u00e9 um kit de slackline para iniciantes e ideal para crian\u00e7as, para viajar e foi desenvolvido para facilitar a aprendizagem.\" \/>\n<meta name=\"robots\" content=\"index, follow, max-snippet:-1, max-image-preview:large, max-video-preview:-1\" \/>\n<link rel=\"canonical\" href=\"https:\/\/slacktivity.com\/pt-pt\/shop\/minimum-slackline-kit-para-iniciantes\/\" \/>\n<meta property=\"og:locale\" content=\"pt_PT\" \/>\n<meta property=\"og:type\" content=\"article\" \/>\n<meta property=\"og:title\" content=\"Minimum: Kit de Slackline para Iniciantes | SLACKTIVITY\" \/>\n<meta property=\"og:description\" content=\"Minimum \u00e9 um kit de slackline para iniciantes e ideal para crian\u00e7as, para viajar e foi desenvolvido para facilitar a aprendizagem.\" \/>\n<meta property=\"og:url\" content=\"https:\/\/slacktivity.com\/pt-pt\/shop\/minimum-slackline-kit-para-iniciantes\/\" \/>\n<meta property=\"og:site_name\" content=\"Slacktivity Slacklines International Shop\" \/>\n<meta property=\"article:publisher\" content=\"https:\/\/www.facebook.com\/SLACKTIVITY\/\" \/>\n<meta property=\"article:modified_time\" content=\"2023-12-23T14:36:38+00:00\" \/>\n<meta property=\"og:image\" content=\"https:\/\/slacktivity.com\/wp-content\/uploads\/2021\/02\/minimum-slackline-beginner.jpg\" \/>\n\t<meta property=\"og:image:width\" content=\"1180\" \/>\n\t<meta property=\"og:image:height\" content=\"1377\" \/>\n\t<meta property=\"og:image:type\" content=\"image\/jpeg\" \/>\n<meta name=\"twitter:card\" content=\"summary_large_image\" \/>\n<meta name=\"twitter:label1\" content=\"Tempo estimado de leitura\" \/>\n\t<meta name=\"twitter:data1\" content=\"1 minuto\" \/>\n<script type=\"application\/ld+json\" class=\"yoast-schema-graph\">{\"@context\":\"https:\\\/\\\/schema.org\",\"@graph\":[{\"@type\":\"WebPage\",\"@id\":\"https:\\\/\\\/slacktivity.com\\\/pt-pt\\\/shop\\\/minimum-slackline-kit-para-iniciantes\\\/\",\"url\":\"https:\\\/\\\/slacktivity.com\\\/pt-pt\\\/shop\\\/minimum-slackline-kit-para-iniciantes\\\/\",\"name\":\"Minimum: Kit de Slackline para Iniciantes | SLACKTIVITY\",\"isPartOf\":{\"@id\":\"https:\\\/\\\/slacktivity.com\\\/pt-pt\\\/#website\"},\"primaryImageOfPage\":{\"@id\":\"https:\\\/\\\/slacktivity.com\\\/pt-pt\\\/shop\\\/minimum-slackline-kit-para-iniciantes\\\/#primaryimage\"},\"image\":{\"@id\":\"https:\\\/\\\/slacktivity.com\\\/pt-pt\\\/shop\\\/minimum-slackline-kit-para-iniciantes\\\/#primaryimage\"},\"thumbnailUrl\":\"https:\\\/\\\/slacktivity.com\\\/wp-content\\\/uploads\\\/2021\\\/02\\\/minimum-slackline-beginner.jpg\",\"datePublished\":\"2021-07-21T16:15:33+00:00\",\"dateModified\":\"2023-12-23T14:36:38+00:00\",\"description\":\"Minimum \u00e9 um kit de slackline para iniciantes e ideal para crian\u00e7as, para viajar e foi desenvolvido para facilitar a aprendizagem.\",\"breadcrumb\":{\"@id\":\"https:\\\/\\\/slacktivity.com\\\/pt-pt\\\/shop\\\/minimum-slackline-kit-para-iniciantes\\\/#breadcrumb\"},\"inLanguage\":\"pt-PT\",\"potentialAction\":[{\"@type\":\"ReadAction\",\"target\":[\"https:\\\/\\\/slacktivity.com\\\/pt-pt\\\/shop\\\/minimum-slackline-kit-para-iniciantes\\\/\"]}]},{\"@type\":\"ImageObject\",\"inLanguage\":\"pt-PT\",\"@id\":\"https:\\\/\\\/slacktivity.com\\\/pt-pt\\\/shop\\\/minimum-slackline-kit-para-iniciantes\\\/#primaryimage\",\"url\":\"https:\\\/\\\/slacktivity.com\\\/wp-content\\\/uploads\\\/2021\\\/02\\\/minimum-slackline-beginner.jpg\",\"contentUrl\":\"https:\\\/\\\/slacktivity.com\\\/wp-content\\\/uploads\\\/2021\\\/02\\\/minimum-slackline-beginner.jpg\",\"width\":1180,\"height\":1377,\"caption\":\"minimum slackline kit de inicia\u00e7\u00e3o\"},{\"@type\":\"BreadcrumbList\",\"@id\":\"https:\\\/\\\/slacktivity.com\\\/pt-pt\\\/shop\\\/minimum-slackline-kit-para-iniciantes\\\/#breadcrumb\",\"itemListElement\":[{\"@type\":\"ListItem\",\"position\":1,\"name\":\"Home\",\"item\":\"https:\\\/\\\/slacktivity.com\\\/pt-pt\\\/\"},{\"@type\":\"ListItem\",\"position\":2,\"name\":\"loja\",\"item\":\"https:\\\/\\\/slacktivity.com\\\/pt-pt\\\/loja\\\/\"},{\"@type\":\"ListItem\",\"position\":3,\"name\":\"Minimum\"}]},{\"@type\":\"WebSite\",\"@id\":\"https:\\\/\\\/slacktivity.com\\\/pt-pt\\\/#website\",\"url\":\"https:\\\/\\\/slacktivity.com\\\/pt-pt\\\/\",\"name\":\"Slacktivity Slacklines International Shop\",\"description\":\"Discover the innovative products of Slacktivity. Swiss designed premium slackline gear. Advice from our experts for the best and a safe slackline experience.\",\"publisher\":{\"@id\":\"https:\\\/\\\/slacktivity.com\\\/pt-pt\\\/#organization\"},\"potentialAction\":[{\"@type\":\"SearchAction\",\"target\":{\"@type\":\"EntryPoint\",\"urlTemplate\":\"https:\\\/\\\/slacktivity.com\\\/pt-pt\\\/?s={search_term_string}\"},\"query-input\":{\"@type\":\"PropertyValueSpecification\",\"valueRequired\":true,\"valueName\":\"search_term_string\"}}],\"inLanguage\":\"pt-PT\"},{\"@type\":\"Organization\",\"@id\":\"https:\\\/\\\/slacktivity.com\\\/pt-pt\\\/#organization\",\"name\":\"Slacktivity Slacklines\",\"url\":\"https:\\\/\\\/slacktivity.com\\\/pt-pt\\\/\",\"logo\":{\"@type\":\"ImageObject\",\"inLanguage\":\"pt-PT\",\"@id\":\"https:\\\/\\\/slacktivity.com\\\/pt-pt\\\/#\\\/schema\\\/logo\\\/image\\\/\",\"url\":\"https:\\\/\\\/slacktivity.com\\\/wp-content\\\/uploads\\\/2021\\\/01\\\/slacktivity-slackline-online-shop-1.png\",\"contentUrl\":\"https:\\\/\\\/slacktivity.com\\\/wp-content\\\/uploads\\\/2021\\\/01\\\/slacktivity-slackline-online-shop-1.png\",\"width\":200,\"height\":77,\"caption\":\"Slacktivity Slacklines\"},\"image\":{\"@id\":\"https:\\\/\\\/slacktivity.com\\\/pt-pt\\\/#\\\/schema\\\/logo\\\/image\\\/\"},\"sameAs\":[\"https:\\\/\\\/www.facebook.com\\\/SLACKTIVITY\\\/\",\"https:\\\/\\\/www.instagram.com\\\/slacktivity\\\/\"]}]}<\/script>\n<!-- \/ Yoast SEO plugin. -->","yoast_head_json":{"title":"Minimum: Kit de Slackline para Iniciantes | SLACKTIVITY","description":"Minimum \u00e9 um kit de slackline para iniciantes e ideal para crian\u00e7as, para viajar e foi desenvolvido para facilitar a aprendizagem.","robots":{"index":"index","follow":"follow","max-snippet":"max-snippet:-1","max-image-preview":"max-image-preview:large","max-video-preview":"max-video-preview:-1"},"canonical":"https:\/\/slacktivity.com\/pt-pt\/shop\/minimum-slackline-kit-para-iniciantes\/","og_locale":"pt_PT","og_type":"article","og_title":"Minimum: Kit de Slackline para Iniciantes | SLACKTIVITY","og_description":"Minimum \u00e9 um kit de slackline para iniciantes e ideal para crian\u00e7as, para viajar e foi desenvolvido para facilitar a aprendizagem.","og_url":"https:\/\/slacktivity.com\/pt-pt\/shop\/minimum-slackline-kit-para-iniciantes\/","og_site_name":"Slacktivity Slacklines International Shop","article_publisher":"https:\/\/www.facebook.com\/SLACKTIVITY\/","article_modified_time":"2023-12-23T14:36:38+00:00","og_image":[{"width":1180,"height":1377,"url":"https:\/\/slacktivity.com\/wp-content\/uploads\/2021\/02\/minimum-slackline-beginner.jpg","type":"image\/jpeg"}],"twitter_card":"summary_large_image","twitter_misc":{"Tempo estimado de leitura":"1 minuto"},"schema":{"@context":"https:\/\/schema.org","@graph":[{"@type":"WebPage","@id":"https:\/\/slacktivity.com\/pt-pt\/shop\/minimum-slackline-kit-para-iniciantes\/","url":"https:\/\/slacktivity.com\/pt-pt\/shop\/minimum-slackline-kit-para-iniciantes\/","name":"Minimum: Kit de Slackline para Iniciantes | SLACKTIVITY","isPartOf":{"@id":"https:\/\/slacktivity.com\/pt-pt\/#website"},"primaryImageOfPage":{"@id":"https:\/\/slacktivity.com\/pt-pt\/shop\/minimum-slackline-kit-para-iniciantes\/#primaryimage"},"image":{"@id":"https:\/\/slacktivity.com\/pt-pt\/shop\/minimum-slackline-kit-para-iniciantes\/#primaryimage"},"thumbnailUrl":"https:\/\/slacktivity.com\/wp-content\/uploads\/2021\/02\/minimum-slackline-beginner.jpg","datePublished":"2021-07-21T16:15:33+00:00","dateModified":"2023-12-23T14:36:38+00:00","description":"Minimum \u00e9 um kit de slackline para iniciantes e ideal para crian\u00e7as, para viajar e foi desenvolvido para facilitar a aprendizagem.","breadcrumb":{"@id":"https:\/\/slacktivity.com\/pt-pt\/shop\/minimum-slackline-kit-para-iniciantes\/#breadcrumb"},"inLanguage":"pt-PT","potentialAction":[{"@type":"ReadAction","target":["https:\/\/slacktivity.com\/pt-pt\/shop\/minimum-slackline-kit-para-iniciantes\/"]}]},{"@type":"ImageObject","inLanguage":"pt-PT","@id":"https:\/\/slacktivity.com\/pt-pt\/shop\/minimum-slackline-kit-para-iniciantes\/#primaryimage","url":"https:\/\/slacktivity.com\/wp-content\/uploads\/2021\/02\/minimum-slackline-beginner.jpg","contentUrl":"https:\/\/slacktivity.com\/wp-content\/uploads\/2021\/02\/minimum-slackline-beginner.jpg","width":1180,"height":1377,"caption":"minimum slackline kit de inicia\u00e7\u00e3o"},{"@type":"BreadcrumbList","@id":"https:\/\/slacktivity.com\/pt-pt\/shop\/minimum-slackline-kit-para-iniciantes\/#breadcrumb","itemListElement":[{"@type":"ListItem","position":1,"name":"Home","item":"https:\/\/slacktivity.com\/pt-pt\/"},{"@type":"ListItem","position":2,"name":"loja","item":"https:\/\/slacktivity.com\/pt-pt\/loja\/"},{"@type":"ListItem","position":3,"name":"Minimum"}]},{"@type":"WebSite","@id":"https:\/\/slacktivity.com\/pt-pt\/#website","url":"https:\/\/slacktivity.com\/pt-pt\/","name":"Slacktivity Slacklines International Shop","description":"Discover the innovative products of Slacktivity. Swiss designed premium slackline gear. Advice from our experts for the best and a safe slackline experience.","publisher":{"@id":"https:\/\/slacktivity.com\/pt-pt\/#organization"},"potentialAction":[{"@type":"SearchAction","target":{"@type":"EntryPoint","urlTemplate":"https:\/\/slacktivity.com\/pt-pt\/?s={search_term_string}"},"query-input":{"@type":"PropertyValueSpecification","valueRequired":true,"valueName":"search_term_string"}}],"inLanguage":"pt-PT"},{"@type":"Organization","@id":"https:\/\/slacktivity.com\/pt-pt\/#organization","name":"Slacktivity Slacklines","url":"https:\/\/slacktivity.com\/pt-pt\/","logo":{"@type":"ImageObject","inLanguage":"pt-PT","@id":"https:\/\/slacktivity.com\/pt-pt\/#\/schema\/logo\/image\/","url":"https:\/\/slacktivity.com\/wp-content\/uploads\/2021\/01\/slacktivity-slackline-online-shop-1.png","contentUrl":"https:\/\/slacktivity.com\/wp-content\/uploads\/2021\/01\/slacktivity-slackline-online-shop-1.png","width":200,"height":77,"caption":"Slacktivity Slacklines"},"image":{"@id":"https:\/\/slacktivity.com\/pt-pt\/#\/schema\/logo\/image\/"},"sameAs":["https:\/\/www.facebook.com\/SLACKTIVITY\/","https:\/\/www.instagram.com\/slacktivity\/"]}]}},"_links":{"self":[{"href":"https:\/\/slacktivity.com\/pt-pt\/wp-json\/wp\/v2\/product\/7059","targetHints":{"allow":["GET"]}}],"collection":[{"href":"https:\/\/slacktivity.com\/pt-pt\/wp-json\/wp\/v2\/product"}],"about":[{"href":"https:\/\/slacktivity.com\/pt-pt\/wp-json\/wp\/v2\/types\/product"}],"replies":[{"embeddable":true,"href":"https:\/\/slacktivity.com\/pt-pt\/wp-json\/wp\/v2\/comments?post=7059"}],"wp:featuredmedia":[{"embeddable":true,"href":"https:\/\/slacktivity.com\/pt-pt\/wp-json\/wp\/v2\/media\/7060"}],"wp:attachment":[{"href":"https:\/\/slacktivity.com\/pt-pt\/wp-json\/wp\/v2\/media?parent=7059"}],"wp:term":[{"taxonomy":"product_cat","embeddable":true,"href":"https:\/\/slacktivity.com\/pt-pt\/wp-json\/wp\/v2\/product_cat?post=7059"},{"taxonomy":"product_tag","embeddable":true,"href":"https:\/\/slacktivity.com\/pt-pt\/wp-json\/wp\/v2\/product_tag?post=7059"}],"curies":[{"name":"wp","href":"https:\/\/api.w.org\/{rel}","templated":true}]}}