{"id":7081,"date":"2021-03-24T13:38:27","date_gmt":"2021-07-22T14:52:03","guid":{"rendered":"http:\/\/slacktivity.com\/shop\/allround-kit-slackline-de-15-metros\/"},"modified":"2026-03-23T10:16:53","modified_gmt":"2026-03-23T10:16:53","slug":"allround-slackline-de-15-metros","status":"publish","type":"product","link":"https:\/\/slacktivity.com\/pt-pt\/shop\/allround-slackline-de-15-metros\/","title":{"rendered":"Allround Kit | Slackline de 15 Metros"},"content":{"rendered":"<h2>Allround: Kit de Slackline de 15 metros<\/h2>\n<p>O <strong>Allround<\/strong> \u00e9 um <strong>slackline de 15 metros<\/strong>, perfeito para aqueles que est\u00e3o a dar os primeiros passos na &#8220;slacklife&#8221;! Um <strong><a href=\"https:\/\/slacktivity.com\/pt-pt\/category\/kits-de-slackline\/\">kit<\/a> de 15 metros<\/strong> que permite n\u00e3o s\u00f3 aprender a caminhar mas, tamb\u00e9m, come\u00e7ar a fazer o primeiro truques est\u00e1ticos. E mesmo as primeiras manobras de trickline com amplitude. At\u00e9 10 metros pode ser montad0 de forma segura para saltos. Gra\u00e7as ao slings ajust\u00e1veis, o mosquet\u00e3o n\u00e3o sofre &#8220;triload&#8221; e n\u00e3o a havendo &#8220;girth hitch&#8221;, ao contr\u00e1rio da maioria dos kits de inicia\u00e7\u00e3o, todo o sistema se torna mais seguro e fi\u00e1vel.<\/p>\n<p><strong>Os benef\u00edcios do Allround comparativamente a outros <a href=\"https:\/\/slacktivity.com\/pt-pt\/category\/kits-de-slackline\/kit-de-slackline-para-iniciantes\/\">slacklines de inicia\u00e7\u00e3o<\/a>:<\/strong><\/p>\n<ul>\n<li>Gra\u00e7as aos <strong>slings ajust\u00e1veis<\/strong>, a catraca mantem-se sempre perfeitamente alinhada, com a \u00e0rvore.<\/li>\n<li>Os mosquet\u00f5es de slackline asseguram uma montagem r\u00e1pida e f\u00e1cil.<\/li>\n<li>Gra\u00e7as \u00e0 impress\u00e3o em borracha, este slackline de 15 metros \u00e9 super aderente, perfeito para caminhar e para waterline.<\/li>\n<li>As prote\u00e7\u00f5es de \u00e1rvore, com 2,4 metros permitem proteger na perfei\u00e7\u00e3o a maioria das \u00e1rvores e o equipamento.<\/li>\n<\/ul>\n<h3>Inclui:<\/h3>\n<ul>\n<li><b>Linha de slackline<\/b> com 15 metros e 37mm de largura, com V-Loop<\/li>\n<li><strong>Catraca robusta e eficiente, com V-Loop<\/strong><\/li>\n<li><strong>2 slings ajust\u00e1veis<\/strong> (2.4m)<\/li>\n<li><strong>2 mosquet\u00f5es de a\u00e7o<\/strong><\/li>\n<li><strong>2 prote\u00e7\u00f5es de \u00e1rvores<\/strong> (2.4m de comprimeto, e 13cm largura)<\/li>\n<li><strong>1 mala da Slacktivity<\/strong> com instru\u00e7\u00f5es de utiliza\u00e7\u00e3o<\/li>\n<li><strong>1 manual de montagem<\/strong><\/li>\n<\/ul>\n<p><strong>Nota sobre seguran\u00e7a:<\/strong> use a linha restante ou um peda\u00e7o de corda para criar uma conex\u00e3o secund\u00e1ria (backup) entre a catraca e o ponto de ancoragem.<\/p>\n","protected":false},"excerpt":{"rendered":"<p>Um slackline ideal para quem est\u00e1 a dar os primeiros passos. A linha n\u00e3o \u00e9 reativa que e perdoa os erros mais comuns entre os principiantes. Uma linha de slackline desenvolvida para ser vers\u00e1til, divertida e para facilitar a aprendizagem. A catraca \u00e9 f\u00e1cil de usar e super eficiente.<\/p>\n","protected":false},"featured_media":12351,"comment_status":"open","ping_status":"closed","template":"","meta":{"_acf_changed":false,"_joinchat":[]},"product_cat":[523,522,520],"product_tag":[549,961],"class_list":{"0":"post-7081","1":"product","2":"type-product","3":"status-publish","4":"has-post-thumbnail","6":"product_cat-kit-de-slackline-para-criancas","7":"product_cat-kit-de-slackline-para-iniciantes","8":"product_cat-kits-de-slackline","9":"product_tag-iniciantes","10":"product_tag-kits-de-catraca","11":"pa_brand-slacktivity-pt-pt","12":"pa_stretch-low","13":"pa_webbing-material-poliester","15":"first","16":"outofstock","17":"taxable","18":"shipping-taxable","19":"purchasable","20":"product-type-simple","swatches":"rey-swatches","show_selected":""},"acf":[],"yoast_head":"<!-- This site is optimized with the Yoast SEO plugin v27.4 - https:\/\/yoast.com\/product\/yoast-seo-wordpress\/ -->\n<title>Allround - Slackline de 15 metros | SLACKTIVITY Online Shop<\/title>\n<meta name=\"description\" content=\"O Allround \u00e9 uma excelente solu\u00e7\u00e3o para iniciantes, para aqueles que querem um slackline de 15 metros de alta qualidade e f\u00e1cil de caminhar.\" \/>\n<meta name=\"robots\" content=\"index, follow, max-snippet:-1, max-image-preview:large, max-video-preview:-1\" \/>\n<link rel=\"canonical\" href=\"https:\/\/slacktivity.com\/pt-pt\/shop\/allround-slackline-de-15-metros\/\" \/>\n<meta property=\"og:locale\" content=\"pt_PT\" \/>\n<meta property=\"og:type\" content=\"article\" \/>\n<meta property=\"og:title\" content=\"Allround - Slackline de 15 metros | SLACKTIVITY Online Shop\" \/>\n<meta property=\"og:description\" content=\"O Allround \u00e9 uma excelente solu\u00e7\u00e3o para iniciantes, para aqueles que querem um slackline de 15 metros de alta qualidade e f\u00e1cil de caminhar.\" \/>\n<meta property=\"og:url\" content=\"https:\/\/slacktivity.com\/pt-pt\/shop\/allround-slackline-de-15-metros\/\" \/>\n<meta property=\"og:site_name\" content=\"Slacktivity Slacklines International Shop\" \/>\n<meta property=\"article:publisher\" content=\"https:\/\/www.facebook.com\/SLACKTIVITY\/\" \/>\n<meta property=\"article:modified_time\" content=\"2026-03-23T10:16:53+00:00\" \/>\n<meta property=\"og:image\" content=\"https:\/\/slacktivity.com\/wp-content\/uploads\/2021\/02\/allround-slackline-kit-15m.jpg\" \/>\n\t<meta property=\"og:image:width\" content=\"1180\" \/>\n\t<meta property=\"og:image:height\" content=\"1377\" \/>\n\t<meta property=\"og:image:type\" content=\"image\/jpeg\" \/>\n<meta name=\"twitter:card\" content=\"summary_large_image\" \/>\n<meta name=\"twitter:label1\" content=\"Tempo estimado de leitura\" \/>\n\t<meta name=\"twitter:data1\" content=\"2 minutos\" \/>\n<script type=\"application\/ld+json\" class=\"yoast-schema-graph\">{\"@context\":\"https:\\\/\\\/schema.org\",\"@graph\":[{\"@type\":\"WebPage\",\"@id\":\"https:\\\/\\\/slacktivity.com\\\/pt-pt\\\/shop\\\/allround-slackline-de-15-metros\\\/\",\"url\":\"https:\\\/\\\/slacktivity.com\\\/pt-pt\\\/shop\\\/allround-slackline-de-15-metros\\\/\",\"name\":\"Allround - Slackline de 15 metros | SLACKTIVITY Online Shop\",\"isPartOf\":{\"@id\":\"https:\\\/\\\/slacktivity.com\\\/pt-pt\\\/#website\"},\"primaryImageOfPage\":{\"@id\":\"https:\\\/\\\/slacktivity.com\\\/pt-pt\\\/shop\\\/allround-slackline-de-15-metros\\\/#primaryimage\"},\"image\":{\"@id\":\"https:\\\/\\\/slacktivity.com\\\/pt-pt\\\/shop\\\/allround-slackline-de-15-metros\\\/#primaryimage\"},\"thumbnailUrl\":\"https:\\\/\\\/slacktivity.com\\\/wp-content\\\/uploads\\\/2021\\\/03\\\/allround-slackline-kit-15m-inox.jpg\",\"datePublished\":\"2021-07-22T14:52:03+00:00\",\"dateModified\":\"2026-03-23T10:16:53+00:00\",\"description\":\"O Allround \u00e9 uma excelente solu\u00e7\u00e3o para iniciantes, para aqueles que querem um slackline de 15 metros de alta qualidade e f\u00e1cil de caminhar.\",\"breadcrumb\":{\"@id\":\"https:\\\/\\\/slacktivity.com\\\/pt-pt\\\/shop\\\/allround-slackline-de-15-metros\\\/#breadcrumb\"},\"inLanguage\":\"pt-PT\",\"potentialAction\":[{\"@type\":\"ReadAction\",\"target\":[\"https:\\\/\\\/slacktivity.com\\\/pt-pt\\\/shop\\\/allround-slackline-de-15-metros\\\/\"]}]},{\"@type\":\"ImageObject\",\"inLanguage\":\"pt-PT\",\"@id\":\"https:\\\/\\\/slacktivity.com\\\/pt-pt\\\/shop\\\/allround-slackline-de-15-metros\\\/#primaryimage\",\"url\":\"https:\\\/\\\/slacktivity.com\\\/wp-content\\\/uploads\\\/2021\\\/03\\\/allround-slackline-kit-15m-inox.jpg\",\"contentUrl\":\"https:\\\/\\\/slacktivity.com\\\/wp-content\\\/uploads\\\/2021\\\/03\\\/allround-slackline-kit-15m-inox.jpg\",\"width\":1180,\"height\":1377,\"caption\":\"allround slackline kit 15m inox\"},{\"@type\":\"BreadcrumbList\",\"@id\":\"https:\\\/\\\/slacktivity.com\\\/pt-pt\\\/shop\\\/allround-slackline-de-15-metros\\\/#breadcrumb\",\"itemListElement\":[{\"@type\":\"ListItem\",\"position\":1,\"name\":\"Home\",\"item\":\"https:\\\/\\\/slacktivity.com\\\/pt-pt\\\/\"},{\"@type\":\"ListItem\",\"position\":2,\"name\":\"loja\",\"item\":\"https:\\\/\\\/slacktivity.com\\\/pt-pt\\\/loja\\\/\"},{\"@type\":\"ListItem\",\"position\":3,\"name\":\"Allround Kit | Slackline de 15 Metros\"}]},{\"@type\":\"WebSite\",\"@id\":\"https:\\\/\\\/slacktivity.com\\\/pt-pt\\\/#website\",\"url\":\"https:\\\/\\\/slacktivity.com\\\/pt-pt\\\/\",\"name\":\"Slacktivity Slacklines International Shop\",\"description\":\"Discover the innovative products of Slacktivity. Swiss designed premium slackline gear. Advice from our experts for the best and a safe slackline experience.\",\"publisher\":{\"@id\":\"https:\\\/\\\/slacktivity.com\\\/pt-pt\\\/#organization\"},\"potentialAction\":[{\"@type\":\"SearchAction\",\"target\":{\"@type\":\"EntryPoint\",\"urlTemplate\":\"https:\\\/\\\/slacktivity.com\\\/pt-pt\\\/?s={search_term_string}\"},\"query-input\":{\"@type\":\"PropertyValueSpecification\",\"valueRequired\":true,\"valueName\":\"search_term_string\"}}],\"inLanguage\":\"pt-PT\"},{\"@type\":\"Organization\",\"@id\":\"https:\\\/\\\/slacktivity.com\\\/pt-pt\\\/#organization\",\"name\":\"Slacktivity Slacklines\",\"url\":\"https:\\\/\\\/slacktivity.com\\\/pt-pt\\\/\",\"logo\":{\"@type\":\"ImageObject\",\"inLanguage\":\"pt-PT\",\"@id\":\"https:\\\/\\\/slacktivity.com\\\/pt-pt\\\/#\\\/schema\\\/logo\\\/image\\\/\",\"url\":\"https:\\\/\\\/slacktivity.com\\\/wp-content\\\/uploads\\\/2021\\\/01\\\/slacktivity-slackline-online-shop-1.png\",\"contentUrl\":\"https:\\\/\\\/slacktivity.com\\\/wp-content\\\/uploads\\\/2021\\\/01\\\/slacktivity-slackline-online-shop-1.png\",\"width\":200,\"height\":77,\"caption\":\"Slacktivity Slacklines\"},\"image\":{\"@id\":\"https:\\\/\\\/slacktivity.com\\\/pt-pt\\\/#\\\/schema\\\/logo\\\/image\\\/\"},\"sameAs\":[\"https:\\\/\\\/www.facebook.com\\\/SLACKTIVITY\\\/\",\"https:\\\/\\\/www.instagram.com\\\/slacktivity\\\/\"]}]}<\/script>\n<!-- \/ Yoast SEO plugin. -->","yoast_head_json":{"title":"Allround - Slackline de 15 metros | SLACKTIVITY Online Shop","description":"O Allround \u00e9 uma excelente solu\u00e7\u00e3o para iniciantes, para aqueles que querem um slackline de 15 metros de alta qualidade e f\u00e1cil de caminhar.","robots":{"index":"index","follow":"follow","max-snippet":"max-snippet:-1","max-image-preview":"max-image-preview:large","max-video-preview":"max-video-preview:-1"},"canonical":"https:\/\/slacktivity.com\/pt-pt\/shop\/allround-slackline-de-15-metros\/","og_locale":"pt_PT","og_type":"article","og_title":"Allround - Slackline de 15 metros | SLACKTIVITY Online Shop","og_description":"O Allround \u00e9 uma excelente solu\u00e7\u00e3o para iniciantes, para aqueles que querem um slackline de 15 metros de alta qualidade e f\u00e1cil de caminhar.","og_url":"https:\/\/slacktivity.com\/pt-pt\/shop\/allround-slackline-de-15-metros\/","og_site_name":"Slacktivity Slacklines International Shop","article_publisher":"https:\/\/www.facebook.com\/SLACKTIVITY\/","article_modified_time":"2026-03-23T10:16:53+00:00","og_image":[{"width":1180,"height":1377,"url":"https:\/\/slacktivity.com\/wp-content\/uploads\/2021\/02\/allround-slackline-kit-15m.jpg","type":"image\/jpeg"}],"twitter_card":"summary_large_image","twitter_misc":{"Tempo estimado de leitura":"2 minutos"},"schema":{"@context":"https:\/\/schema.org","@graph":[{"@type":"WebPage","@id":"https:\/\/slacktivity.com\/pt-pt\/shop\/allround-slackline-de-15-metros\/","url":"https:\/\/slacktivity.com\/pt-pt\/shop\/allround-slackline-de-15-metros\/","name":"Allround - Slackline de 15 metros | SLACKTIVITY Online Shop","isPartOf":{"@id":"https:\/\/slacktivity.com\/pt-pt\/#website"},"primaryImageOfPage":{"@id":"https:\/\/slacktivity.com\/pt-pt\/shop\/allround-slackline-de-15-metros\/#primaryimage"},"image":{"@id":"https:\/\/slacktivity.com\/pt-pt\/shop\/allround-slackline-de-15-metros\/#primaryimage"},"thumbnailUrl":"https:\/\/slacktivity.com\/wp-content\/uploads\/2021\/03\/allround-slackline-kit-15m-inox.jpg","datePublished":"2021-07-22T14:52:03+00:00","dateModified":"2026-03-23T10:16:53+00:00","description":"O Allround \u00e9 uma excelente solu\u00e7\u00e3o para iniciantes, para aqueles que querem um slackline de 15 metros de alta qualidade e f\u00e1cil de caminhar.","breadcrumb":{"@id":"https:\/\/slacktivity.com\/pt-pt\/shop\/allround-slackline-de-15-metros\/#breadcrumb"},"inLanguage":"pt-PT","potentialAction":[{"@type":"ReadAction","target":["https:\/\/slacktivity.com\/pt-pt\/shop\/allround-slackline-de-15-metros\/"]}]},{"@type":"ImageObject","inLanguage":"pt-PT","@id":"https:\/\/slacktivity.com\/pt-pt\/shop\/allround-slackline-de-15-metros\/#primaryimage","url":"https:\/\/slacktivity.com\/wp-content\/uploads\/2021\/03\/allround-slackline-kit-15m-inox.jpg","contentUrl":"https:\/\/slacktivity.com\/wp-content\/uploads\/2021\/03\/allround-slackline-kit-15m-inox.jpg","width":1180,"height":1377,"caption":"allround slackline kit 15m inox"},{"@type":"BreadcrumbList","@id":"https:\/\/slacktivity.com\/pt-pt\/shop\/allround-slackline-de-15-metros\/#breadcrumb","itemListElement":[{"@type":"ListItem","position":1,"name":"Home","item":"https:\/\/slacktivity.com\/pt-pt\/"},{"@type":"ListItem","position":2,"name":"loja","item":"https:\/\/slacktivity.com\/pt-pt\/loja\/"},{"@type":"ListItem","position":3,"name":"Allround Kit | Slackline de 15 Metros"}]},{"@type":"WebSite","@id":"https:\/\/slacktivity.com\/pt-pt\/#website","url":"https:\/\/slacktivity.com\/pt-pt\/","name":"Slacktivity Slacklines International Shop","description":"Discover the innovative products of Slacktivity. Swiss designed premium slackline gear. Advice from our experts for the best and a safe slackline experience.","publisher":{"@id":"https:\/\/slacktivity.com\/pt-pt\/#organization"},"potentialAction":[{"@type":"SearchAction","target":{"@type":"EntryPoint","urlTemplate":"https:\/\/slacktivity.com\/pt-pt\/?s={search_term_string}"},"query-input":{"@type":"PropertyValueSpecification","valueRequired":true,"valueName":"search_term_string"}}],"inLanguage":"pt-PT"},{"@type":"Organization","@id":"https:\/\/slacktivity.com\/pt-pt\/#organization","name":"Slacktivity Slacklines","url":"https:\/\/slacktivity.com\/pt-pt\/","logo":{"@type":"ImageObject","inLanguage":"pt-PT","@id":"https:\/\/slacktivity.com\/pt-pt\/#\/schema\/logo\/image\/","url":"https:\/\/slacktivity.com\/wp-content\/uploads\/2021\/01\/slacktivity-slackline-online-shop-1.png","contentUrl":"https:\/\/slacktivity.com\/wp-content\/uploads\/2021\/01\/slacktivity-slackline-online-shop-1.png","width":200,"height":77,"caption":"Slacktivity Slacklines"},"image":{"@id":"https:\/\/slacktivity.com\/pt-pt\/#\/schema\/logo\/image\/"},"sameAs":["https:\/\/www.facebook.com\/SLACKTIVITY\/","https:\/\/www.instagram.com\/slacktivity\/"]}]}},"_links":{"self":[{"href":"https:\/\/slacktivity.com\/pt-pt\/wp-json\/wp\/v2\/product\/7081","targetHints":{"allow":["GET"]}}],"collection":[{"href":"https:\/\/slacktivity.com\/pt-pt\/wp-json\/wp\/v2\/product"}],"about":[{"href":"https:\/\/slacktivity.com\/pt-pt\/wp-json\/wp\/v2\/types\/product"}],"replies":[{"embeddable":true,"href":"https:\/\/slacktivity.com\/pt-pt\/wp-json\/wp\/v2\/comments?post=7081"}],"wp:featuredmedia":[{"embeddable":true,"href":"https:\/\/slacktivity.com\/pt-pt\/wp-json\/wp\/v2\/media\/12351"}],"wp:attachment":[{"href":"https:\/\/slacktivity.com\/pt-pt\/wp-json\/wp\/v2\/media?parent=7081"}],"wp:term":[{"taxonomy":"product_cat","embeddable":true,"href":"https:\/\/slacktivity.com\/pt-pt\/wp-json\/wp\/v2\/product_cat?post=7081"},{"taxonomy":"product_tag","embeddable":true,"href":"https:\/\/slacktivity.com\/pt-pt\/wp-json\/wp\/v2\/product_tag?post=7081"}],"curies":[{"name":"wp","href":"https:\/\/api.w.org\/{rel}","templated":true}]}}