{"id":7100,"date":"2021-02-11T13:38:35","date_gmt":"2021-02-11T13:38:35","guid":{"rendered":"http:\/\/slacktivity.com\/shop\/super-jumpline-kit-de-trickline-25-50-70m\/"},"modified":"2024-03-16T16:40:37","modified_gmt":"2024-03-16T16:40:37","slug":"super-jumpline-trickline-kit","status":"publish","type":"product","link":"https:\/\/slacktivity.com\/pt-pt\/shop\/super-jumpline-trickline-kit\/","title":{"rendered":"Super Jumpline: Kit de Trickline | 25\/50\/70m"},"content":{"rendered":"<h2>Super Jumpline: Kit de Trickline | 25\/50\/70m Trickline<\/h2>\n<p>A linha deste <strong>kit de trickline<\/strong>, a <strong>Super Jumpline,<\/strong> tem uma textura super suave, que torna a aterragem das manobras muito mais agrad\u00e1vel. \u00c9 super din\u00e2mica e tem um bouce poderoso, que permite atingir a amplitude necess\u00e1ria aos &#8220;air tricks&#8221; mais exigentes.<\/p>\n<p>Este kit de trickline foi usado diversas vezes nas competi\u00e7\u00f5es nacionais de trickline, na Sui\u00e7a . Em 2017 foi usado no RedBull Slackship, com um super feedback dos riders que participaram! Para todos aqueles que ainda n\u00e3o sabem se v\u00e3o seguir o <a href=\"https:\/\/slacktivity.com\/pt-pt\/tag\/trickline-pt-pt\/\">tricklining<\/a> ou o longlining, \u00e9 poss\u00edvel escolher uma vers\u00e3o mais longa deste kit, podendo ser usado como longline (nesse caso dever\u00e1 ser usado com um softrelease). A Super Jumpline foi desenvolvida para que n\u00e3o se dobre sob grandes tens\u00f5es, ao contr\u00e1rio da maioria das tricklines de 5cm.<\/p>\n<p><strong>Benef\u00edcios quando comparada com outros <a href=\"https:\/\/slacktivity.com\/pt-pt\/category\/kits-de-slackline\/\"> kits de trickline.<\/a><\/strong><\/p>\n<ul>\n<li>as monster ratchets super eficientes devido aos bra\u00e7os longos. Usadas com um softrelease, o seu uso torna-se ainda mais f\u00e1cil.<\/li>\n<li>Gra\u00e7as aos espa\u00e7adores, a linha encaixa na perfei\u00e7\u00e3o, n\u00e3o deixando espa\u00e7o para que se desalinhe para um dos lados.<\/li>\n<li>Os espa\u00e7adores tamb\u00e9m previnem, ao contr\u00e1rio da maioria dos kits, o desgaste provocado pelo contacto com as partes met\u00e1licas da catraca.<\/li>\n<li>As prote\u00e7\u00f5es de \u00e1rvore t\u00eam 2,4m de comprimento (os mais longos do mercado), sendo adequados a \u00e1rvores de grande porte.<\/li>\n<li>Gra\u00e7as \u00e0 impress\u00e3o em borracha, esta fita de trickline \u00e9 super aderente e uma excelente solu\u00e7\u00e3o para waterline!<\/li>\n<li>Uma fita que n\u00e3o se dobra nem estala com tens\u00f5es altas e bouces. ao contr\u00e1rio da maioria das tricklines com 5 cent\u00edmetros de largura<\/li>\n<\/ul>\n<h3>Sistema de SoftRelease<\/h3>\n<p>Recomendamos a compra de um softRelease e de um shackle. O <a href=\"https:\/\/slacktivity.com\/pt-pt\/category\/slackline-soft-release\/\">softRelease<\/a> retirar a tens\u00e3o da trickline, sem esfor\u00e7o, de forma tranquila e segura. Com as op\u00e7\u00f5es de 50m e 70m recomendamos um softRelease de 4 metros. Comparando com a compra \u00e0 parte, se incluir o softRelease e o shackle no bundle, poupa algum dinheiro.<\/p>\n<p>O comprimento ideal para trickline \u00e9 entre 16 e 30 metros.<\/p>\n<h3>Conte\u00fado do kit de trickline:<\/h3>\n<ul>\n<li>Linha de trickline de 37mm de largura com 25m\/50m\/70m<\/li>\n<li>2 Catracas Monster<\/li>\n<li>2 Round Slings<\/li>\n<li>2 Shackles ou 2 TwistShackles (com Roundsling) de 12mm<\/li>\n<li>2 TreeProtectors (2.4m de comprimento e 13cm de altura)<\/li>\n<li>1 Saco da SLACKTIVITY-Bag, com instru\u00e7\u00f5es<\/li>\n<li>1 \u00abonePageManual\u00bb<\/li>\n<li>1 (opcional) \u00absoftRelease+Shackle\u00bb \/ \u00absoftRelease-4m+Schackle\u00bb \/\u00absoftRelease-10m+Shackle\u00bb<\/li>\n<\/ul>\n<h3><strong>Recomenda\u00e7\u00f5es sobre o softRelease<\/strong><\/h3>\n<p><strong>SoftRelease (STANDARD):<\/strong> superJumpline 25m (alta tens\u00e3o) &amp; superJumpline 50m (m\u00e9dia tens\u00e3o) &amp; superJumpline 70m (baixa tens\u00e3o)<\/p>\n<p><strong>SoftRelease 4m:<\/strong> superJumpline 25m (muito alta tens\u00e3o) &amp; superJumpline 50m (alta tens\u00e3o) &amp; superJumpline 70m (tens\u00e3o m\u00e9dia)<\/p>\n<h3><strong>Peso <\/strong>do kit de trickline super Jumpline<\/h3>\n<ul>\n<li>superJumpline 25m: 8.30kg<\/li>\n<li>superJumpline 50m: 9.64kg<\/li>\n<li>superJumpline 70m: 10.94kg<\/li>\n<li>softRelease &amp; Shackle: 0.38kg<\/li>\n<li>softRelease 4m &amp; Shackle: 0.48kg<\/li>\n<\/ul>\n","protected":false},"excerpt":{"rendered":"<p>Gra\u00e7as \u00e0 tecnologia desenvolvida pela SLACKTIVITY\u00ae, a Super Jumpline permite voar bem alto e aterrar numa superf\u00edcie super suave! A cor da linha d\u00e1-lhe muita visibilidade na hora de aterrar as manobras, \u00e9 suave e tem um super bounce, que nos convida para as manobras mais exigentes.<\/p>\n","protected":false},"featured_media":16250,"comment_status":"open","ping_status":"closed","template":"","meta":{"_acf_changed":false,"_joinchat":[]},"product_cat":[520,521],"product_tag":[961,555,562],"class_list":{"0":"post-7100","1":"product","2":"type-product","3":"status-publish","4":"has-post-thumbnail","6":"product_cat-kits-de-slackline","7":"product_cat-kits-de-slackline-avancados","8":"product_tag-kits-de-catraca","9":"product_tag-longline","10":"product_tag-trickline-pt-pt","11":"pa_brand-slacktivity-pt-pt","12":"pa_stretch-low","13":"pa_webbing-material-poliester","15":"first","16":"instock","17":"taxable","18":"shipping-taxable","19":"purchasable","20":"product-type-variable","21":"has-default-attributes","swatches":"rey-swatches","show_selected":""},"acf":[],"yoast_head":"<!-- This site is optimized with the Yoast SEO plugin v27.4 - https:\/\/yoast.com\/product\/yoast-seo-wordpress\/ -->\n<title>Kit de Trickline: Super Jumpline - 25 a 70 Metros | SLACKTIVITY<\/title>\n<meta name=\"description\" content=\"A Super Jumpline \u00e9 um kit de trickline super suave para o corpo, com um super bounce que convida a manobras de grande amplitude.\" \/>\n<meta name=\"robots\" content=\"index, follow, max-snippet:-1, max-image-preview:large, max-video-preview:-1\" \/>\n<link rel=\"canonical\" href=\"https:\/\/slacktivity.com\/pt-pt\/shop\/super-jumpline-trickline-kit\/\" \/>\n<meta property=\"og:locale\" content=\"pt_PT\" \/>\n<meta property=\"og:type\" content=\"article\" \/>\n<meta property=\"og:title\" content=\"Kit de Trickline: Super Jumpline - 25 a 70 Metros | SLACKTIVITY\" \/>\n<meta property=\"og:description\" content=\"A Super Jumpline \u00e9 um kit de trickline super suave para o corpo, com um super bounce que convida a manobras de grande amplitude.\" \/>\n<meta property=\"og:url\" content=\"https:\/\/slacktivity.com\/pt-pt\/shop\/super-jumpline-trickline-kit\/\" \/>\n<meta property=\"og:site_name\" content=\"Slacktivity Slacklines International Shop\" \/>\n<meta property=\"article:publisher\" content=\"https:\/\/www.facebook.com\/SLACKTIVITY\/\" \/>\n<meta property=\"article:modified_time\" content=\"2024-03-16T16:40:37+00:00\" \/>\n<meta property=\"og:image\" content=\"http:\/\/slacktivity.com\/wp-content\/uploads\/2021\/02\/super-jumpline-slackline-25m.jpg\" \/>\n\t<meta property=\"og:image:width\" content=\"1180\" \/>\n\t<meta property=\"og:image:height\" content=\"1377\" \/>\n\t<meta property=\"og:image:type\" content=\"image\/jpeg\" \/>\n<meta name=\"twitter:card\" content=\"summary_large_image\" \/>\n<meta name=\"twitter:label1\" content=\"Tempo estimado de leitura\" \/>\n\t<meta name=\"twitter:data1\" content=\"2 minutos\" \/>\n<script type=\"application\/ld+json\" class=\"yoast-schema-graph\">{\"@context\":\"https:\\\/\\\/schema.org\",\"@graph\":[{\"@type\":\"WebPage\",\"@id\":\"https:\\\/\\\/slacktivity.com\\\/pt-pt\\\/shop\\\/super-jumpline-trickline-kit\\\/\",\"url\":\"https:\\\/\\\/slacktivity.com\\\/pt-pt\\\/shop\\\/super-jumpline-trickline-kit\\\/\",\"name\":\"Kit de Trickline: Super Jumpline - 25 a 70 Metros | SLACKTIVITY\",\"isPartOf\":{\"@id\":\"https:\\\/\\\/slacktivity.com\\\/pt-pt\\\/#website\"},\"primaryImageOfPage\":{\"@id\":\"https:\\\/\\\/slacktivity.com\\\/pt-pt\\\/shop\\\/super-jumpline-trickline-kit\\\/#primaryimage\"},\"image\":{\"@id\":\"https:\\\/\\\/slacktivity.com\\\/pt-pt\\\/shop\\\/super-jumpline-trickline-kit\\\/#primaryimage\"},\"thumbnailUrl\":\"https:\\\/\\\/slacktivity.com\\\/wp-content\\\/uploads\\\/2021\\\/02\\\/super-jumpline-slackline-25-meters-2.jpg\",\"datePublished\":\"2021-02-11T13:38:35+00:00\",\"dateModified\":\"2024-03-16T16:40:37+00:00\",\"description\":\"A Super Jumpline \u00e9 um kit de trickline super suave para o corpo, com um super bounce que convida a manobras de grande amplitude.\",\"breadcrumb\":{\"@id\":\"https:\\\/\\\/slacktivity.com\\\/pt-pt\\\/shop\\\/super-jumpline-trickline-kit\\\/#breadcrumb\"},\"inLanguage\":\"pt-PT\",\"potentialAction\":[{\"@type\":\"ReadAction\",\"target\":[\"https:\\\/\\\/slacktivity.com\\\/pt-pt\\\/shop\\\/super-jumpline-trickline-kit\\\/\"]}]},{\"@type\":\"ImageObject\",\"inLanguage\":\"pt-PT\",\"@id\":\"https:\\\/\\\/slacktivity.com\\\/pt-pt\\\/shop\\\/super-jumpline-trickline-kit\\\/#primaryimage\",\"url\":\"https:\\\/\\\/slacktivity.com\\\/wp-content\\\/uploads\\\/2021\\\/02\\\/super-jumpline-slackline-25-meters-2.jpg\",\"contentUrl\":\"https:\\\/\\\/slacktivity.com\\\/wp-content\\\/uploads\\\/2021\\\/02\\\/super-jumpline-slackline-25-meters-2.jpg\",\"width\":1180,\"height\":1377,\"caption\":\"super jumpline slackline 25 meters (2)\"},{\"@type\":\"BreadcrumbList\",\"@id\":\"https:\\\/\\\/slacktivity.com\\\/pt-pt\\\/shop\\\/super-jumpline-trickline-kit\\\/#breadcrumb\",\"itemListElement\":[{\"@type\":\"ListItem\",\"position\":1,\"name\":\"Home\",\"item\":\"https:\\\/\\\/slacktivity.com\\\/pt-pt\\\/\"},{\"@type\":\"ListItem\",\"position\":2,\"name\":\"loja\",\"item\":\"https:\\\/\\\/slacktivity.com\\\/pt-pt\\\/loja\\\/\"},{\"@type\":\"ListItem\",\"position\":3,\"name\":\"Super Jumpline: Kit de Trickline | 25\\\/50\\\/70m\"}]},{\"@type\":\"WebSite\",\"@id\":\"https:\\\/\\\/slacktivity.com\\\/pt-pt\\\/#website\",\"url\":\"https:\\\/\\\/slacktivity.com\\\/pt-pt\\\/\",\"name\":\"Slacktivity Slacklines International Shop\",\"description\":\"Discover the innovative products of Slacktivity. Swiss designed premium slackline gear. Advice from our experts for the best and a safe slackline experience.\",\"publisher\":{\"@id\":\"https:\\\/\\\/slacktivity.com\\\/pt-pt\\\/#organization\"},\"potentialAction\":[{\"@type\":\"SearchAction\",\"target\":{\"@type\":\"EntryPoint\",\"urlTemplate\":\"https:\\\/\\\/slacktivity.com\\\/pt-pt\\\/?s={search_term_string}\"},\"query-input\":{\"@type\":\"PropertyValueSpecification\",\"valueRequired\":true,\"valueName\":\"search_term_string\"}}],\"inLanguage\":\"pt-PT\"},{\"@type\":\"Organization\",\"@id\":\"https:\\\/\\\/slacktivity.com\\\/pt-pt\\\/#organization\",\"name\":\"Slacktivity Slacklines\",\"url\":\"https:\\\/\\\/slacktivity.com\\\/pt-pt\\\/\",\"logo\":{\"@type\":\"ImageObject\",\"inLanguage\":\"pt-PT\",\"@id\":\"https:\\\/\\\/slacktivity.com\\\/pt-pt\\\/#\\\/schema\\\/logo\\\/image\\\/\",\"url\":\"https:\\\/\\\/slacktivity.com\\\/wp-content\\\/uploads\\\/2021\\\/01\\\/slacktivity-slackline-online-shop-1.png\",\"contentUrl\":\"https:\\\/\\\/slacktivity.com\\\/wp-content\\\/uploads\\\/2021\\\/01\\\/slacktivity-slackline-online-shop-1.png\",\"width\":200,\"height\":77,\"caption\":\"Slacktivity Slacklines\"},\"image\":{\"@id\":\"https:\\\/\\\/slacktivity.com\\\/pt-pt\\\/#\\\/schema\\\/logo\\\/image\\\/\"},\"sameAs\":[\"https:\\\/\\\/www.facebook.com\\\/SLACKTIVITY\\\/\",\"https:\\\/\\\/www.instagram.com\\\/slacktivity\\\/\"]}]}<\/script>\n<!-- \/ Yoast SEO plugin. -->","yoast_head_json":{"title":"Kit de Trickline: Super Jumpline - 25 a 70 Metros | SLACKTIVITY","description":"A Super Jumpline \u00e9 um kit de trickline super suave para o corpo, com um super bounce que convida a manobras de grande amplitude.","robots":{"index":"index","follow":"follow","max-snippet":"max-snippet:-1","max-image-preview":"max-image-preview:large","max-video-preview":"max-video-preview:-1"},"canonical":"https:\/\/slacktivity.com\/pt-pt\/shop\/super-jumpline-trickline-kit\/","og_locale":"pt_PT","og_type":"article","og_title":"Kit de Trickline: Super Jumpline - 25 a 70 Metros | SLACKTIVITY","og_description":"A Super Jumpline \u00e9 um kit de trickline super suave para o corpo, com um super bounce que convida a manobras de grande amplitude.","og_url":"https:\/\/slacktivity.com\/pt-pt\/shop\/super-jumpline-trickline-kit\/","og_site_name":"Slacktivity Slacklines International Shop","article_publisher":"https:\/\/www.facebook.com\/SLACKTIVITY\/","article_modified_time":"2024-03-16T16:40:37+00:00","og_image":[{"width":1180,"height":1377,"url":"http:\/\/slacktivity.com\/wp-content\/uploads\/2021\/02\/super-jumpline-slackline-25m.jpg","type":"image\/jpeg"}],"twitter_card":"summary_large_image","twitter_misc":{"Tempo estimado de leitura":"2 minutos"},"schema":{"@context":"https:\/\/schema.org","@graph":[{"@type":"WebPage","@id":"https:\/\/slacktivity.com\/pt-pt\/shop\/super-jumpline-trickline-kit\/","url":"https:\/\/slacktivity.com\/pt-pt\/shop\/super-jumpline-trickline-kit\/","name":"Kit de Trickline: Super Jumpline - 25 a 70 Metros | SLACKTIVITY","isPartOf":{"@id":"https:\/\/slacktivity.com\/pt-pt\/#website"},"primaryImageOfPage":{"@id":"https:\/\/slacktivity.com\/pt-pt\/shop\/super-jumpline-trickline-kit\/#primaryimage"},"image":{"@id":"https:\/\/slacktivity.com\/pt-pt\/shop\/super-jumpline-trickline-kit\/#primaryimage"},"thumbnailUrl":"https:\/\/slacktivity.com\/wp-content\/uploads\/2021\/02\/super-jumpline-slackline-25-meters-2.jpg","datePublished":"2021-02-11T13:38:35+00:00","dateModified":"2024-03-16T16:40:37+00:00","description":"A Super Jumpline \u00e9 um kit de trickline super suave para o corpo, com um super bounce que convida a manobras de grande amplitude.","breadcrumb":{"@id":"https:\/\/slacktivity.com\/pt-pt\/shop\/super-jumpline-trickline-kit\/#breadcrumb"},"inLanguage":"pt-PT","potentialAction":[{"@type":"ReadAction","target":["https:\/\/slacktivity.com\/pt-pt\/shop\/super-jumpline-trickline-kit\/"]}]},{"@type":"ImageObject","inLanguage":"pt-PT","@id":"https:\/\/slacktivity.com\/pt-pt\/shop\/super-jumpline-trickline-kit\/#primaryimage","url":"https:\/\/slacktivity.com\/wp-content\/uploads\/2021\/02\/super-jumpline-slackline-25-meters-2.jpg","contentUrl":"https:\/\/slacktivity.com\/wp-content\/uploads\/2021\/02\/super-jumpline-slackline-25-meters-2.jpg","width":1180,"height":1377,"caption":"super jumpline slackline 25 meters (2)"},{"@type":"BreadcrumbList","@id":"https:\/\/slacktivity.com\/pt-pt\/shop\/super-jumpline-trickline-kit\/#breadcrumb","itemListElement":[{"@type":"ListItem","position":1,"name":"Home","item":"https:\/\/slacktivity.com\/pt-pt\/"},{"@type":"ListItem","position":2,"name":"loja","item":"https:\/\/slacktivity.com\/pt-pt\/loja\/"},{"@type":"ListItem","position":3,"name":"Super Jumpline: Kit de Trickline | 25\/50\/70m"}]},{"@type":"WebSite","@id":"https:\/\/slacktivity.com\/pt-pt\/#website","url":"https:\/\/slacktivity.com\/pt-pt\/","name":"Slacktivity Slacklines International Shop","description":"Discover the innovative products of Slacktivity. Swiss designed premium slackline gear. Advice from our experts for the best and a safe slackline experience.","publisher":{"@id":"https:\/\/slacktivity.com\/pt-pt\/#organization"},"potentialAction":[{"@type":"SearchAction","target":{"@type":"EntryPoint","urlTemplate":"https:\/\/slacktivity.com\/pt-pt\/?s={search_term_string}"},"query-input":{"@type":"PropertyValueSpecification","valueRequired":true,"valueName":"search_term_string"}}],"inLanguage":"pt-PT"},{"@type":"Organization","@id":"https:\/\/slacktivity.com\/pt-pt\/#organization","name":"Slacktivity Slacklines","url":"https:\/\/slacktivity.com\/pt-pt\/","logo":{"@type":"ImageObject","inLanguage":"pt-PT","@id":"https:\/\/slacktivity.com\/pt-pt\/#\/schema\/logo\/image\/","url":"https:\/\/slacktivity.com\/wp-content\/uploads\/2021\/01\/slacktivity-slackline-online-shop-1.png","contentUrl":"https:\/\/slacktivity.com\/wp-content\/uploads\/2021\/01\/slacktivity-slackline-online-shop-1.png","width":200,"height":77,"caption":"Slacktivity Slacklines"},"image":{"@id":"https:\/\/slacktivity.com\/pt-pt\/#\/schema\/logo\/image\/"},"sameAs":["https:\/\/www.facebook.com\/SLACKTIVITY\/","https:\/\/www.instagram.com\/slacktivity\/"]}]}},"_links":{"self":[{"href":"https:\/\/slacktivity.com\/pt-pt\/wp-json\/wp\/v2\/product\/7100","targetHints":{"allow":["GET"]}}],"collection":[{"href":"https:\/\/slacktivity.com\/pt-pt\/wp-json\/wp\/v2\/product"}],"about":[{"href":"https:\/\/slacktivity.com\/pt-pt\/wp-json\/wp\/v2\/types\/product"}],"replies":[{"embeddable":true,"href":"https:\/\/slacktivity.com\/pt-pt\/wp-json\/wp\/v2\/comments?post=7100"}],"wp:featuredmedia":[{"embeddable":true,"href":"https:\/\/slacktivity.com\/pt-pt\/wp-json\/wp\/v2\/media\/16250"}],"wp:attachment":[{"href":"https:\/\/slacktivity.com\/pt-pt\/wp-json\/wp\/v2\/media?parent=7100"}],"wp:term":[{"taxonomy":"product_cat","embeddable":true,"href":"https:\/\/slacktivity.com\/pt-pt\/wp-json\/wp\/v2\/product_cat?post=7100"},{"taxonomy":"product_tag","embeddable":true,"href":"https:\/\/slacktivity.com\/pt-pt\/wp-json\/wp\/v2\/product_tag?post=7100"}],"curies":[{"name":"wp","href":"https:\/\/api.w.org\/{rel}","templated":true}]}}