{"id":7121,"date":"2021-03-23T13:38:29","date_gmt":"2021-07-26T14:31:01","guid":{"rendered":"http:\/\/slacktivity.com\/shop\/pro-slackline-kit-75m-100m\/"},"modified":"2024-06-07T12:16:24","modified_gmt":"2024-06-07T12:16:24","slug":"pro-slackline-set","status":"publish","type":"product","link":"https:\/\/slacktivity.com\/pt-pt\/shop\/pro-slackline-set\/","title":{"rendered":"Pro Slackline Kit | 75m\/100M"},"content":{"rendered":"<h2>Pro Slackline Kit: 75m\/100m<\/h2>\n<p>O kit ideal para que se quer lan\u00e7ar em grandes dist\u00e2ncias! O <strong>Pro Slackline Kit<\/strong> para aqueles que se querem aventurar em dist\u00e2ncias mais longas mas tamb\u00e9m em manobras est\u00e1ticas. A linha tem alguma din\u00e2mica em dist\u00e2ncias longas, mas \u00e9 excelente para trickline em dist\u00e2ncias mais curtas!<\/p>\n<p><strong>Vantagens quando comparado com outros <a href=\"https:\/\/slacktivity.com\/pt-pt\/category\/kits-de-slackline\/\">slackline sets<\/a><\/strong>:<\/p>\n<ul>\n<li>As catracas Monster s\u00e3o super poderosas, facilitando o processo de tensionamento.<\/li>\n<li>Gra\u00e7as aos espa\u00e7adores a <a href=\"https:\/\/slacktivity.com\/pt-pt\/category\/linhas-de-slackline\/\">linha<\/a> fica sempre perfeitamente centrada, n\u00e3o se desalinhando para os lados.<\/li>\n<li>O desgaste da linha \u00e9 muito menor do que em kits em que esta fica em contacto direto com as laterais da catraca.<\/li>\n<li>Gra\u00e7as aos slings ajust\u00e1veis, a catraca mais perto da \u00e1rvore e n\u00e3o provoca tanto balan\u00e7o na linha.<\/li>\n<li>As prote\u00e7\u00f5es de \u00e1rvore t\u00eam 2,4m de comprimento, servindo at\u00e9 para \u00e1rvores de grande porte.<\/li>\n<li>A c\u00f4r da linha torna-se super vis\u00edvel, particularmente sobre a relva.<\/li>\n<li>O facto de ser uma linha pouco el\u00e1stica permite que seja tensionada mesmo com 100 metros!<\/li>\n<\/ul>\n<h3>Tirar a tens\u00e3o<\/h3>\n<p>Recomendamos a compra de um <strong>soft release<\/strong> e de um shackle. O <a href=\"https:\/\/slacktivity.com\/pt-pt\/category\/slackline-soft-release\/\">softRelease<\/a> permite tirar a tens\u00e3o devagar e em seguran\u00e7a, em vez de se ter de abrir a catraca. Para dist\u00e2ncias at\u00e9 70m, o softRelease pode ser a op\u00e7\u00e3o certa. Mas para quem quer aplicar grandes tens\u00f5es, o softRelease 4m \u00e9 recomendado. Ao comprar o softRelease &amp; Shackle com o kit Pro Slackline, poupa algum dinheiro.<\/p>\n<h3>Conte\u00fado do Pro Slackline Kit<\/h3>\n<ul>\n<li>Linha com 37mm, com 75\/100m<\/li>\n<li>2 Catracas Monster com V-loops cozidos<\/li>\n<li>2 slings ajust\u00e1veis (2.4m)<\/li>\n<li>2 shackles de 12mm<\/li>\n<li>2 Prote\u00e7\u00f5es de \u00e1rvore (2.4m de comprimento e 13 cm de altura)<\/li>\n<li>1 Saco da SLACKTIVITY<\/li>\n<li>1 Manual \u00abonePageManual\u00bb<\/li>\n<li>1 (opcional) Sistema de abertura f\u00e1cil \u00absoftRelease + shackle\u00bb \/ \u00absoftRelease4m + shackle\u00bb<\/li>\n<\/ul>\n<p>Peso: 75m: 10.4kg \/ 100m: 12kg<\/p>\n<p><strong>Veja como montar o Pro Slackline Kit<\/strong><\/p>\n<div class=\"iframe-container\"><iframe title=\"YouTube video player\" src=\"https:\/\/www.youtube.com\/embed\/_vWPd_GcSTA\" width=\"560\" height=\"315\" frameborder=\"0\" allowfullscreen=\"allowfullscreen\"><\/iframe><\/div>\n<div><\/div>\n<div><strong>Nota sobre seguran\u00e7a:<\/strong> use a linha restante ou um peda\u00e7o de corda para criar uma conex\u00e3o secund\u00e1ria (backup) entre a catraca e o ponto de ancoragem.<\/div>\n","protected":false},"excerpt":{"rendered":"<p>O Pro Slackline Kit tem cerca de 30% menos elasticidade quando comparado com outras linhas de 37mm. Isso torna-o mais f\u00e1cil de tensionar com dist\u00e2ncias de 75 a 100 metros, assim como mais f\u00e1cil de controlar.<\/p>\n","protected":false},"featured_media":15457,"comment_status":"open","ping_status":"closed","template":"","meta":{"_acf_changed":false,"_joinchat":[]},"product_cat":[524,520,521],"product_tag":[961,555],"class_list":{"0":"post-7121","1":"product","2":"type-product","3":"status-publish","4":"has-post-thumbnail","6":"product_cat-kits-de-longline","7":"product_cat-kits-de-slackline","8":"product_cat-kits-de-slackline-avancados","9":"product_tag-kits-de-catraca","10":"product_tag-longline","11":"pa_brand-slacktivity-pt-pt","12":"pa_stretch-low","13":"pa_webbing-material-poliester","15":"first","16":"instock","17":"taxable","18":"shipping-taxable","19":"purchasable","20":"product-type-variable","21":"has-default-attributes","swatches":"rey-swatches","show_selected":""},"acf":[],"yoast_head":"<!-- This site is optimized with the Yoast SEO plugin v27.5 - https:\/\/yoast.com\/product\/yoast-seo-wordpress\/ -->\n<title>Pro Slackline Kit: com 75 ou 100 metros | SLACKTIVITY<\/title>\n<meta name=\"description\" content=\"O Pro Slackline Kit \u00e9 para aqueles que adoram caminhar linhas longas e fazer algumas manobras est\u00e1ticas. Pode ser comprado com 75m ou 100m.\" \/>\n<meta name=\"robots\" content=\"index, follow, max-snippet:-1, max-image-preview:large, max-video-preview:-1\" \/>\n<link rel=\"canonical\" href=\"https:\/\/slacktivity.com\/pt-pt\/shop\/pro-slackline-set\/\" \/>\n<meta property=\"og:locale\" content=\"pt_PT\" \/>\n<meta property=\"og:type\" content=\"article\" \/>\n<meta property=\"og:title\" content=\"Pro Slackline Kit: com 75 ou 100 metros | SLACKTIVITY\" \/>\n<meta property=\"og:description\" content=\"O Pro Slackline Kit \u00e9 para aqueles que adoram caminhar linhas longas e fazer algumas manobras est\u00e1ticas. Pode ser comprado com 75m ou 100m.\" \/>\n<meta property=\"og:url\" content=\"https:\/\/slacktivity.com\/pt-pt\/shop\/pro-slackline-set\/\" \/>\n<meta property=\"og:site_name\" content=\"Slacktivity Slacklines International Shop\" \/>\n<meta property=\"article:publisher\" content=\"https:\/\/www.facebook.com\/SLACKTIVITY\/\" \/>\n<meta property=\"article:modified_time\" content=\"2024-06-07T12:16:24+00:00\" \/>\n<meta property=\"og:image\" content=\"http:\/\/slacktivity.com\/wp-content\/uploads\/2021\/02\/expert-pro-slackline-kit.jpg\" \/>\n\t<meta property=\"og:image:width\" content=\"1180\" \/>\n\t<meta property=\"og:image:height\" content=\"1377\" \/>\n\t<meta property=\"og:image:type\" content=\"image\/jpeg\" \/>\n<meta name=\"twitter:card\" content=\"summary_large_image\" \/>\n<meta name=\"twitter:label1\" content=\"Tempo estimado de leitura\" \/>\n\t<meta name=\"twitter:data1\" content=\"2 minutos\" \/>\n<script type=\"application\/ld+json\" class=\"yoast-schema-graph\">{\"@context\":\"https:\\\/\\\/schema.org\",\"@graph\":[{\"@type\":\"WebPage\",\"@id\":\"https:\\\/\\\/slacktivity.com\\\/pt-pt\\\/shop\\\/pro-slackline-set\\\/\",\"url\":\"https:\\\/\\\/slacktivity.com\\\/pt-pt\\\/shop\\\/pro-slackline-set\\\/\",\"name\":\"Pro Slackline Kit: com 75 ou 100 metros | SLACKTIVITY\",\"isPartOf\":{\"@id\":\"https:\\\/\\\/slacktivity.com\\\/pt-pt\\\/#website\"},\"primaryImageOfPage\":{\"@id\":\"https:\\\/\\\/slacktivity.com\\\/pt-pt\\\/shop\\\/pro-slackline-set\\\/#primaryimage\"},\"image\":{\"@id\":\"https:\\\/\\\/slacktivity.com\\\/pt-pt\\\/shop\\\/pro-slackline-set\\\/#primaryimage\"},\"thumbnailUrl\":\"https:\\\/\\\/slacktivity.com\\\/wp-content\\\/uploads\\\/2021\\\/03\\\/expert-pro-slackline-kit-softrelease.jpg\",\"datePublished\":\"2021-07-26T14:31:01+00:00\",\"dateModified\":\"2024-06-07T12:16:24+00:00\",\"description\":\"O Pro Slackline Kit \u00e9 para aqueles que adoram caminhar linhas longas e fazer algumas manobras est\u00e1ticas. Pode ser comprado com 75m ou 100m.\",\"breadcrumb\":{\"@id\":\"https:\\\/\\\/slacktivity.com\\\/pt-pt\\\/shop\\\/pro-slackline-set\\\/#breadcrumb\"},\"inLanguage\":\"pt-PT\",\"potentialAction\":[{\"@type\":\"ReadAction\",\"target\":[\"https:\\\/\\\/slacktivity.com\\\/pt-pt\\\/shop\\\/pro-slackline-set\\\/\"]}]},{\"@type\":\"ImageObject\",\"inLanguage\":\"pt-PT\",\"@id\":\"https:\\\/\\\/slacktivity.com\\\/pt-pt\\\/shop\\\/pro-slackline-set\\\/#primaryimage\",\"url\":\"https:\\\/\\\/slacktivity.com\\\/wp-content\\\/uploads\\\/2021\\\/03\\\/expert-pro-slackline-kit-softrelease.jpg\",\"contentUrl\":\"https:\\\/\\\/slacktivity.com\\\/wp-content\\\/uploads\\\/2021\\\/03\\\/expert-pro-slackline-kit-softrelease.jpg\",\"width\":1180,\"height\":1377,\"caption\":\"Compressed by jpeg-recompress\"},{\"@type\":\"BreadcrumbList\",\"@id\":\"https:\\\/\\\/slacktivity.com\\\/pt-pt\\\/shop\\\/pro-slackline-set\\\/#breadcrumb\",\"itemListElement\":[{\"@type\":\"ListItem\",\"position\":1,\"name\":\"Home\",\"item\":\"https:\\\/\\\/slacktivity.com\\\/pt-pt\\\/\"},{\"@type\":\"ListItem\",\"position\":2,\"name\":\"loja\",\"item\":\"https:\\\/\\\/slacktivity.com\\\/pt-pt\\\/loja\\\/\"},{\"@type\":\"ListItem\",\"position\":3,\"name\":\"Pro Slackline Kit | 75m\\\/100M\"}]},{\"@type\":\"WebSite\",\"@id\":\"https:\\\/\\\/slacktivity.com\\\/pt-pt\\\/#website\",\"url\":\"https:\\\/\\\/slacktivity.com\\\/pt-pt\\\/\",\"name\":\"Slacktivity Slacklines International Shop\",\"description\":\"Discover the innovative products of Slacktivity. Swiss designed premium slackline gear. Advice from our experts for the best and a safe slackline experience.\",\"publisher\":{\"@id\":\"https:\\\/\\\/slacktivity.com\\\/pt-pt\\\/#organization\"},\"potentialAction\":[{\"@type\":\"SearchAction\",\"target\":{\"@type\":\"EntryPoint\",\"urlTemplate\":\"https:\\\/\\\/slacktivity.com\\\/pt-pt\\\/?s={search_term_string}\"},\"query-input\":{\"@type\":\"PropertyValueSpecification\",\"valueRequired\":true,\"valueName\":\"search_term_string\"}}],\"inLanguage\":\"pt-PT\"},{\"@type\":\"Organization\",\"@id\":\"https:\\\/\\\/slacktivity.com\\\/pt-pt\\\/#organization\",\"name\":\"Slacktivity Slacklines\",\"url\":\"https:\\\/\\\/slacktivity.com\\\/pt-pt\\\/\",\"logo\":{\"@type\":\"ImageObject\",\"inLanguage\":\"pt-PT\",\"@id\":\"https:\\\/\\\/slacktivity.com\\\/pt-pt\\\/#\\\/schema\\\/logo\\\/image\\\/\",\"url\":\"https:\\\/\\\/slacktivity.com\\\/wp-content\\\/uploads\\\/2021\\\/01\\\/slacktivity-slackline-online-shop-1.png\",\"contentUrl\":\"https:\\\/\\\/slacktivity.com\\\/wp-content\\\/uploads\\\/2021\\\/01\\\/slacktivity-slackline-online-shop-1.png\",\"width\":200,\"height\":77,\"caption\":\"Slacktivity Slacklines\"},\"image\":{\"@id\":\"https:\\\/\\\/slacktivity.com\\\/pt-pt\\\/#\\\/schema\\\/logo\\\/image\\\/\"},\"sameAs\":[\"https:\\\/\\\/www.facebook.com\\\/SLACKTIVITY\\\/\",\"https:\\\/\\\/www.instagram.com\\\/slacktivity\\\/\"]}]}<\/script>\n<!-- \/ Yoast SEO plugin. -->","yoast_head_json":{"title":"Pro Slackline Kit: com 75 ou 100 metros | SLACKTIVITY","description":"O Pro Slackline Kit \u00e9 para aqueles que adoram caminhar linhas longas e fazer algumas manobras est\u00e1ticas. Pode ser comprado com 75m ou 100m.","robots":{"index":"index","follow":"follow","max-snippet":"max-snippet:-1","max-image-preview":"max-image-preview:large","max-video-preview":"max-video-preview:-1"},"canonical":"https:\/\/slacktivity.com\/pt-pt\/shop\/pro-slackline-set\/","og_locale":"pt_PT","og_type":"article","og_title":"Pro Slackline Kit: com 75 ou 100 metros | SLACKTIVITY","og_description":"O Pro Slackline Kit \u00e9 para aqueles que adoram caminhar linhas longas e fazer algumas manobras est\u00e1ticas. Pode ser comprado com 75m ou 100m.","og_url":"https:\/\/slacktivity.com\/pt-pt\/shop\/pro-slackline-set\/","og_site_name":"Slacktivity Slacklines International Shop","article_publisher":"https:\/\/www.facebook.com\/SLACKTIVITY\/","article_modified_time":"2024-06-07T12:16:24+00:00","og_image":[{"width":1180,"height":1377,"url":"http:\/\/slacktivity.com\/wp-content\/uploads\/2021\/02\/expert-pro-slackline-kit.jpg","type":"image\/jpeg"}],"twitter_card":"summary_large_image","twitter_misc":{"Tempo estimado de leitura":"2 minutos"},"schema":{"@context":"https:\/\/schema.org","@graph":[{"@type":"WebPage","@id":"https:\/\/slacktivity.com\/pt-pt\/shop\/pro-slackline-set\/","url":"https:\/\/slacktivity.com\/pt-pt\/shop\/pro-slackline-set\/","name":"Pro Slackline Kit: com 75 ou 100 metros | SLACKTIVITY","isPartOf":{"@id":"https:\/\/slacktivity.com\/pt-pt\/#website"},"primaryImageOfPage":{"@id":"https:\/\/slacktivity.com\/pt-pt\/shop\/pro-slackline-set\/#primaryimage"},"image":{"@id":"https:\/\/slacktivity.com\/pt-pt\/shop\/pro-slackline-set\/#primaryimage"},"thumbnailUrl":"https:\/\/slacktivity.com\/wp-content\/uploads\/2021\/03\/expert-pro-slackline-kit-softrelease.jpg","datePublished":"2021-07-26T14:31:01+00:00","dateModified":"2024-06-07T12:16:24+00:00","description":"O Pro Slackline Kit \u00e9 para aqueles que adoram caminhar linhas longas e fazer algumas manobras est\u00e1ticas. Pode ser comprado com 75m ou 100m.","breadcrumb":{"@id":"https:\/\/slacktivity.com\/pt-pt\/shop\/pro-slackline-set\/#breadcrumb"},"inLanguage":"pt-PT","potentialAction":[{"@type":"ReadAction","target":["https:\/\/slacktivity.com\/pt-pt\/shop\/pro-slackline-set\/"]}]},{"@type":"ImageObject","inLanguage":"pt-PT","@id":"https:\/\/slacktivity.com\/pt-pt\/shop\/pro-slackline-set\/#primaryimage","url":"https:\/\/slacktivity.com\/wp-content\/uploads\/2021\/03\/expert-pro-slackline-kit-softrelease.jpg","contentUrl":"https:\/\/slacktivity.com\/wp-content\/uploads\/2021\/03\/expert-pro-slackline-kit-softrelease.jpg","width":1180,"height":1377,"caption":"Compressed by jpeg-recompress"},{"@type":"BreadcrumbList","@id":"https:\/\/slacktivity.com\/pt-pt\/shop\/pro-slackline-set\/#breadcrumb","itemListElement":[{"@type":"ListItem","position":1,"name":"Home","item":"https:\/\/slacktivity.com\/pt-pt\/"},{"@type":"ListItem","position":2,"name":"loja","item":"https:\/\/slacktivity.com\/pt-pt\/loja\/"},{"@type":"ListItem","position":3,"name":"Pro Slackline Kit | 75m\/100M"}]},{"@type":"WebSite","@id":"https:\/\/slacktivity.com\/pt-pt\/#website","url":"https:\/\/slacktivity.com\/pt-pt\/","name":"Slacktivity Slacklines International Shop","description":"Discover the innovative products of Slacktivity. Swiss designed premium slackline gear. Advice from our experts for the best and a safe slackline experience.","publisher":{"@id":"https:\/\/slacktivity.com\/pt-pt\/#organization"},"potentialAction":[{"@type":"SearchAction","target":{"@type":"EntryPoint","urlTemplate":"https:\/\/slacktivity.com\/pt-pt\/?s={search_term_string}"},"query-input":{"@type":"PropertyValueSpecification","valueRequired":true,"valueName":"search_term_string"}}],"inLanguage":"pt-PT"},{"@type":"Organization","@id":"https:\/\/slacktivity.com\/pt-pt\/#organization","name":"Slacktivity Slacklines","url":"https:\/\/slacktivity.com\/pt-pt\/","logo":{"@type":"ImageObject","inLanguage":"pt-PT","@id":"https:\/\/slacktivity.com\/pt-pt\/#\/schema\/logo\/image\/","url":"https:\/\/slacktivity.com\/wp-content\/uploads\/2021\/01\/slacktivity-slackline-online-shop-1.png","contentUrl":"https:\/\/slacktivity.com\/wp-content\/uploads\/2021\/01\/slacktivity-slackline-online-shop-1.png","width":200,"height":77,"caption":"Slacktivity Slacklines"},"image":{"@id":"https:\/\/slacktivity.com\/pt-pt\/#\/schema\/logo\/image\/"},"sameAs":["https:\/\/www.facebook.com\/SLACKTIVITY\/","https:\/\/www.instagram.com\/slacktivity\/"]}]}},"_links":{"self":[{"href":"https:\/\/slacktivity.com\/pt-pt\/wp-json\/wp\/v2\/product\/7121","targetHints":{"allow":["GET"]}}],"collection":[{"href":"https:\/\/slacktivity.com\/pt-pt\/wp-json\/wp\/v2\/product"}],"about":[{"href":"https:\/\/slacktivity.com\/pt-pt\/wp-json\/wp\/v2\/types\/product"}],"replies":[{"embeddable":true,"href":"https:\/\/slacktivity.com\/pt-pt\/wp-json\/wp\/v2\/comments?post=7121"}],"wp:featuredmedia":[{"embeddable":true,"href":"https:\/\/slacktivity.com\/pt-pt\/wp-json\/wp\/v2\/media\/15457"}],"wp:attachment":[{"href":"https:\/\/slacktivity.com\/pt-pt\/wp-json\/wp\/v2\/media?parent=7121"}],"wp:term":[{"taxonomy":"product_cat","embeddable":true,"href":"https:\/\/slacktivity.com\/pt-pt\/wp-json\/wp\/v2\/product_cat?post=7121"},{"taxonomy":"product_tag","embeddable":true,"href":"https:\/\/slacktivity.com\/pt-pt\/wp-json\/wp\/v2\/product_tag?post=7121"}],"curies":[{"name":"wp","href":"https:\/\/api.w.org\/{rel}","templated":true}]}}