{"id":7142,"date":"2023-03-06T11:40:36","date_gmt":"2023-03-06T11:40:36","guid":{"rendered":"http:\/\/slacktivity.com\/shop\/traveler-slackline-para-viajar-15m-1kg\/"},"modified":"2026-04-09T09:51:16","modified_gmt":"2026-04-09T09:51:16","slug":"travel-slackline","status":"publish","type":"product","link":"https:\/\/slacktivity.com\/pt-pt\/shop\/travel-slackline\/","title":{"rendered":"Traveler: Slackline para Viajar | 15m &#038; 1Kg"},"content":{"rendered":"<h2>Traveler | Um slackline super leve para viagens<\/h2>\n<p>O kit <strong>Traveler<\/strong> \u00e9 perfeito para aqueles que se gostam de divertir num slackline com pouca tens\u00e3o. A linha \u00ab<a href=\"https:\/\/slacktivity.com\/shop\/green-t20\/\">GREEN-T20<\/a>\u00bb \u00e9 <strong>muito leve<\/strong> e incrivelmente din\u00e2mica. Mesmo com dist\u00e2ncias curtas, \u00e9 super divertida. Este <strong>travel slackline kit<\/strong> \u00e9 perfeito para aqueles que querem levar o seu slackline para todo o lado, para iniciantes que querem aprender a surfar, ou para slackliners experientes que gostam de puxar pela linha!<\/p>\n<p>O <a href=\"https:\/\/slacktivity.com\/pt-pt\/shop\/kingpin-weblock-2\/\">KingPin-Weblock<\/a> torna a montagem e desmontagem super simples, e contribui para peso m\u00ednimo deste slackline Porque foi desenvolvido para permitir que a linha possa ser puxada lateralmente, permitindo ser retirada do weblock sem recurso a um softrelease. Com este travel slackline kit ficamos com um sofisticado shackle de alum\u00ednio, o KingPin, na nossa cole\u00e7\u00e3o de equipamentos.<\/p>\n<p>A \u00faltima inova\u00e7\u00e3o da SLACKTIVITY, a linha de polyester de 5cm, diretamente cozida na linha de slackline, que reduz a necessidade de mais componentes no travel kit, que iri\u00e3o aumentar o seu peso. Por outro lado, a cintas de 5cm distribuem melhor a press\u00e3o sobre a \u00e1rvore, protegendo-a. (Nota: Por favor, use sempre prote\u00e7\u00f5es de \u00e1rvore, para a proteger da abras\u00e3o. Garanta que toda a \u00e1rvore \u00e9 protegida. Quando est\u00e1 a viajar, uma toalha ou uma t-shirt podem servir o prop\u00f3sito).<\/p>\n<p>A cozedura dos loops de ancoragem \u00e9 torcida. Isto permite que ancoragem fique perfeitamente aligada e que a tens\u00e3o seja melhor distribu\u00edda.<\/p>\n<p>Este <a href=\"https:\/\/slacktivity.com\/pt-pt\/category\/kits-de-slackline\/\">travel slackline set<\/a> \u00e9 destensionado manualmente. O que significa que os slings devem estar a certa altura, entre meio metro e dois metros. A tens\u00e3o que \u00e9 aplicada manualmente \u00e9 perfeita para tirar o melhor partido desta linha, n\u00e3o sendo necess\u00e1rios sistemas de tensionamento adicionais.<\/p>\n<h3>Especif\u00edca\u00e7\u00f5es do Traveler<\/h3>\n<ul>\n<li><strong>Dist\u00e2ncia m\u00e1xima:<\/strong> aprox. 15m (dependendo do di\u00e2metro das \u00e1rvores)<\/li>\n<li><strong>Slings amigos das \u00e1rvores<\/strong><\/li>\n<li><strong>Breaking loads:<\/strong> 15kN<\/li>\n<li><strong>Elasticidade:<\/strong> Muito similar \u00e0 pinkTube (23% @ 10kN)<\/li>\n<li><strong>WLL:<\/strong> 4kN<\/li>\n<li><strong>Peso:<\/strong> 1040g<\/li>\n<\/ul>\n<h3>O que inclui este travel slackline kit?<\/h3>\n<ul>\n<li>Linha de polyamida com 15m (20mm de largura) (LSD-T20) com end-loop e sling.<\/li>\n<li>Sling com 2 metros<\/li>\n<li>KingPin-Weblock<\/li>\n<\/ul>\n<div class=\"iframe-container\"><iframe width=\"560\" height=\"315\" src=\"https:\/\/www.youtube.com\/embed\/lWHse005qmA\" title=\"YouTube video player\" frameborder=\"0\" allow=\"accelerometer; autoplay; clipboard-write; encrypted-media; gyroscope; picture-in-picture\" allowfullscreen><\/iframe><\/div>\n","protected":false},"excerpt":{"rendered":"<p>Com cerca de 1kg e um volume m\u00ednimo, o <strong>Traveler <\/strong> \u00e9 um <strong>slackline de viagem super leve<\/strong> que podemos levar para todo o lado, num bolso. Para nunca perder uma oportunidade de slackar! &#8211; Com ele podemos ter sempre um slackline connosco.<\/p>\n","protected":false},"featured_media":7143,"comment_status":"open","ping_status":"closed","template":"","meta":{"_acf_changed":false,"_joinchat":[]},"product_cat":[520,521,527],"product_tag":[549,560,559,563],"class_list":{"0":"post-7142","1":"product","2":"type-product","3":"status-publish","4":"has-post-thumbnail","6":"product_cat-kits-de-slackline","7":"product_cat-kits-de-slackline-avancados","8":"product_cat-slackline-yoga-sets","9":"product_tag-iniciantes","10":"product_tag-para-viajar","11":"product_tag-rodeoline","12":"product_tag-yoga-slackline","13":"pa_brand-slacktivity-pt-pt","14":"pa_stretch-high","15":"pa_webbing-material-nylon-pt-pt-2","17":"first","18":"instock","19":"featured","20":"taxable","21":"shipping-taxable","22":"purchasable","23":"product-type-simple","swatches":"rey-swatches","show_selected":""},"acf":[],"yoast_head":"<!-- This site is optimized with the Yoast SEO plugin v27.4 - https:\/\/yoast.com\/product\/yoast-seo-wordpress\/ -->\n<title>Traveler: Slackline para Viajar | 15m &amp; 1Kg &amp; 1kg | SLACKTIVITY<\/title>\n<meta name=\"description\" content=\"O Traveler \u00e9 um kit de slackline para viajar, super leve, com 15m e que pesa apenas 1kg, perfeito para ter um slackline sempre consigo.\" \/>\n<meta name=\"robots\" content=\"index, follow, max-snippet:-1, max-image-preview:large, max-video-preview:-1\" \/>\n<link rel=\"canonical\" href=\"https:\/\/slacktivity.com\/pt-pt\/shop\/travel-slackline\/\" \/>\n<meta property=\"og:locale\" content=\"pt_PT\" \/>\n<meta property=\"og:type\" content=\"article\" \/>\n<meta property=\"og:title\" content=\"Traveler: Slackline para Viajar | 15m &amp; 1Kg &amp; 1kg | SLACKTIVITY\" \/>\n<meta property=\"og:description\" content=\"O Traveler \u00e9 um kit de slackline para viajar, super leve, com 15m e que pesa apenas 1kg, perfeito para ter um slackline sempre consigo.\" \/>\n<meta property=\"og:url\" content=\"https:\/\/slacktivity.com\/pt-pt\/shop\/travel-slackline\/\" \/>\n<meta property=\"og:site_name\" content=\"Slacktivity Slacklines International Shop\" \/>\n<meta property=\"article:publisher\" content=\"https:\/\/www.facebook.com\/SLACKTIVITY\/\" \/>\n<meta property=\"article:modified_time\" content=\"2026-04-09T09:51:16+00:00\" \/>\n<meta property=\"og:image\" content=\"https:\/\/slacktivity.com\/wp-content\/uploads\/2021\/02\/traveler-lightweight-travel-slackline.jpg\" \/>\n\t<meta property=\"og:image:width\" content=\"1180\" \/>\n\t<meta property=\"og:image:height\" content=\"1377\" \/>\n\t<meta property=\"og:image:type\" content=\"image\/jpeg\" \/>\n<meta name=\"twitter:card\" content=\"summary_large_image\" \/>\n<meta name=\"twitter:label1\" content=\"Tempo estimado de leitura\" \/>\n\t<meta name=\"twitter:data1\" content=\"2 minutos\" \/>\n<script type=\"application\/ld+json\" class=\"yoast-schema-graph\">{\"@context\":\"https:\\\/\\\/schema.org\",\"@graph\":[{\"@type\":\"WebPage\",\"@id\":\"https:\\\/\\\/slacktivity.com\\\/pt-pt\\\/shop\\\/travel-slackline\\\/\",\"url\":\"https:\\\/\\\/slacktivity.com\\\/pt-pt\\\/shop\\\/travel-slackline\\\/\",\"name\":\"Traveler: Slackline para Viajar | 15m & 1Kg & 1kg | SLACKTIVITY\",\"isPartOf\":{\"@id\":\"https:\\\/\\\/slacktivity.com\\\/pt-pt\\\/#website\"},\"primaryImageOfPage\":{\"@id\":\"https:\\\/\\\/slacktivity.com\\\/pt-pt\\\/shop\\\/travel-slackline\\\/#primaryimage\"},\"image\":{\"@id\":\"https:\\\/\\\/slacktivity.com\\\/pt-pt\\\/shop\\\/travel-slackline\\\/#primaryimage\"},\"thumbnailUrl\":\"https:\\\/\\\/slacktivity.com\\\/wp-content\\\/uploads\\\/2021\\\/02\\\/traveler-lightweight-travel-slackline.jpg\",\"datePublished\":\"2023-03-06T11:40:36+00:00\",\"dateModified\":\"2026-04-09T09:51:16+00:00\",\"description\":\"O Traveler \u00e9 um kit de slackline para viajar, super leve, com 15m e que pesa apenas 1kg, perfeito para ter um slackline sempre consigo.\",\"breadcrumb\":{\"@id\":\"https:\\\/\\\/slacktivity.com\\\/pt-pt\\\/shop\\\/travel-slackline\\\/#breadcrumb\"},\"inLanguage\":\"pt-PT\",\"potentialAction\":[{\"@type\":\"ReadAction\",\"target\":[\"https:\\\/\\\/slacktivity.com\\\/pt-pt\\\/shop\\\/travel-slackline\\\/\"]}]},{\"@type\":\"ImageObject\",\"inLanguage\":\"pt-PT\",\"@id\":\"https:\\\/\\\/slacktivity.com\\\/pt-pt\\\/shop\\\/travel-slackline\\\/#primaryimage\",\"url\":\"https:\\\/\\\/slacktivity.com\\\/wp-content\\\/uploads\\\/2021\\\/02\\\/traveler-lightweight-travel-slackline.jpg\",\"contentUrl\":\"https:\\\/\\\/slacktivity.com\\\/wp-content\\\/uploads\\\/2021\\\/02\\\/traveler-lightweight-travel-slackline.jpg\",\"width\":1180,\"height\":1377,\"caption\":\"traveler travel slackline\"},{\"@type\":\"BreadcrumbList\",\"@id\":\"https:\\\/\\\/slacktivity.com\\\/pt-pt\\\/shop\\\/travel-slackline\\\/#breadcrumb\",\"itemListElement\":[{\"@type\":\"ListItem\",\"position\":1,\"name\":\"Home\",\"item\":\"https:\\\/\\\/slacktivity.com\\\/pt-pt\\\/\"},{\"@type\":\"ListItem\",\"position\":2,\"name\":\"loja\",\"item\":\"https:\\\/\\\/slacktivity.com\\\/pt-pt\\\/loja\\\/\"},{\"@type\":\"ListItem\",\"position\":3,\"name\":\"Traveler: Slackline para Viajar | 15m &#038; 1Kg\"}]},{\"@type\":\"WebSite\",\"@id\":\"https:\\\/\\\/slacktivity.com\\\/pt-pt\\\/#website\",\"url\":\"https:\\\/\\\/slacktivity.com\\\/pt-pt\\\/\",\"name\":\"Slacktivity Slacklines International Shop\",\"description\":\"Discover the innovative products of Slacktivity. Swiss designed premium slackline gear. Advice from our experts for the best and a safe slackline experience.\",\"publisher\":{\"@id\":\"https:\\\/\\\/slacktivity.com\\\/pt-pt\\\/#organization\"},\"potentialAction\":[{\"@type\":\"SearchAction\",\"target\":{\"@type\":\"EntryPoint\",\"urlTemplate\":\"https:\\\/\\\/slacktivity.com\\\/pt-pt\\\/?s={search_term_string}\"},\"query-input\":{\"@type\":\"PropertyValueSpecification\",\"valueRequired\":true,\"valueName\":\"search_term_string\"}}],\"inLanguage\":\"pt-PT\"},{\"@type\":\"Organization\",\"@id\":\"https:\\\/\\\/slacktivity.com\\\/pt-pt\\\/#organization\",\"name\":\"Slacktivity Slacklines\",\"url\":\"https:\\\/\\\/slacktivity.com\\\/pt-pt\\\/\",\"logo\":{\"@type\":\"ImageObject\",\"inLanguage\":\"pt-PT\",\"@id\":\"https:\\\/\\\/slacktivity.com\\\/pt-pt\\\/#\\\/schema\\\/logo\\\/image\\\/\",\"url\":\"https:\\\/\\\/slacktivity.com\\\/wp-content\\\/uploads\\\/2021\\\/01\\\/slacktivity-slackline-online-shop-1.png\",\"contentUrl\":\"https:\\\/\\\/slacktivity.com\\\/wp-content\\\/uploads\\\/2021\\\/01\\\/slacktivity-slackline-online-shop-1.png\",\"width\":200,\"height\":77,\"caption\":\"Slacktivity Slacklines\"},\"image\":{\"@id\":\"https:\\\/\\\/slacktivity.com\\\/pt-pt\\\/#\\\/schema\\\/logo\\\/image\\\/\"},\"sameAs\":[\"https:\\\/\\\/www.facebook.com\\\/SLACKTIVITY\\\/\",\"https:\\\/\\\/www.instagram.com\\\/slacktivity\\\/\"]}]}<\/script>\n<!-- \/ Yoast SEO plugin. -->","yoast_head_json":{"title":"Traveler: Slackline para Viajar | 15m & 1Kg & 1kg | SLACKTIVITY","description":"O Traveler \u00e9 um kit de slackline para viajar, super leve, com 15m e que pesa apenas 1kg, perfeito para ter um slackline sempre consigo.","robots":{"index":"index","follow":"follow","max-snippet":"max-snippet:-1","max-image-preview":"max-image-preview:large","max-video-preview":"max-video-preview:-1"},"canonical":"https:\/\/slacktivity.com\/pt-pt\/shop\/travel-slackline\/","og_locale":"pt_PT","og_type":"article","og_title":"Traveler: Slackline para Viajar | 15m & 1Kg & 1kg | SLACKTIVITY","og_description":"O Traveler \u00e9 um kit de slackline para viajar, super leve, com 15m e que pesa apenas 1kg, perfeito para ter um slackline sempre consigo.","og_url":"https:\/\/slacktivity.com\/pt-pt\/shop\/travel-slackline\/","og_site_name":"Slacktivity Slacklines International Shop","article_publisher":"https:\/\/www.facebook.com\/SLACKTIVITY\/","article_modified_time":"2026-04-09T09:51:16+00:00","og_image":[{"width":1180,"height":1377,"url":"https:\/\/slacktivity.com\/wp-content\/uploads\/2021\/02\/traveler-lightweight-travel-slackline.jpg","type":"image\/jpeg"}],"twitter_card":"summary_large_image","twitter_misc":{"Tempo estimado de leitura":"2 minutos"},"schema":{"@context":"https:\/\/schema.org","@graph":[{"@type":"WebPage","@id":"https:\/\/slacktivity.com\/pt-pt\/shop\/travel-slackline\/","url":"https:\/\/slacktivity.com\/pt-pt\/shop\/travel-slackline\/","name":"Traveler: Slackline para Viajar | 15m & 1Kg & 1kg | SLACKTIVITY","isPartOf":{"@id":"https:\/\/slacktivity.com\/pt-pt\/#website"},"primaryImageOfPage":{"@id":"https:\/\/slacktivity.com\/pt-pt\/shop\/travel-slackline\/#primaryimage"},"image":{"@id":"https:\/\/slacktivity.com\/pt-pt\/shop\/travel-slackline\/#primaryimage"},"thumbnailUrl":"https:\/\/slacktivity.com\/wp-content\/uploads\/2021\/02\/traveler-lightweight-travel-slackline.jpg","datePublished":"2023-03-06T11:40:36+00:00","dateModified":"2026-04-09T09:51:16+00:00","description":"O Traveler \u00e9 um kit de slackline para viajar, super leve, com 15m e que pesa apenas 1kg, perfeito para ter um slackline sempre consigo.","breadcrumb":{"@id":"https:\/\/slacktivity.com\/pt-pt\/shop\/travel-slackline\/#breadcrumb"},"inLanguage":"pt-PT","potentialAction":[{"@type":"ReadAction","target":["https:\/\/slacktivity.com\/pt-pt\/shop\/travel-slackline\/"]}]},{"@type":"ImageObject","inLanguage":"pt-PT","@id":"https:\/\/slacktivity.com\/pt-pt\/shop\/travel-slackline\/#primaryimage","url":"https:\/\/slacktivity.com\/wp-content\/uploads\/2021\/02\/traveler-lightweight-travel-slackline.jpg","contentUrl":"https:\/\/slacktivity.com\/wp-content\/uploads\/2021\/02\/traveler-lightweight-travel-slackline.jpg","width":1180,"height":1377,"caption":"traveler travel slackline"},{"@type":"BreadcrumbList","@id":"https:\/\/slacktivity.com\/pt-pt\/shop\/travel-slackline\/#breadcrumb","itemListElement":[{"@type":"ListItem","position":1,"name":"Home","item":"https:\/\/slacktivity.com\/pt-pt\/"},{"@type":"ListItem","position":2,"name":"loja","item":"https:\/\/slacktivity.com\/pt-pt\/loja\/"},{"@type":"ListItem","position":3,"name":"Traveler: Slackline para Viajar | 15m &#038; 1Kg"}]},{"@type":"WebSite","@id":"https:\/\/slacktivity.com\/pt-pt\/#website","url":"https:\/\/slacktivity.com\/pt-pt\/","name":"Slacktivity Slacklines International Shop","description":"Discover the innovative products of Slacktivity. Swiss designed premium slackline gear. Advice from our experts for the best and a safe slackline experience.","publisher":{"@id":"https:\/\/slacktivity.com\/pt-pt\/#organization"},"potentialAction":[{"@type":"SearchAction","target":{"@type":"EntryPoint","urlTemplate":"https:\/\/slacktivity.com\/pt-pt\/?s={search_term_string}"},"query-input":{"@type":"PropertyValueSpecification","valueRequired":true,"valueName":"search_term_string"}}],"inLanguage":"pt-PT"},{"@type":"Organization","@id":"https:\/\/slacktivity.com\/pt-pt\/#organization","name":"Slacktivity Slacklines","url":"https:\/\/slacktivity.com\/pt-pt\/","logo":{"@type":"ImageObject","inLanguage":"pt-PT","@id":"https:\/\/slacktivity.com\/pt-pt\/#\/schema\/logo\/image\/","url":"https:\/\/slacktivity.com\/wp-content\/uploads\/2021\/01\/slacktivity-slackline-online-shop-1.png","contentUrl":"https:\/\/slacktivity.com\/wp-content\/uploads\/2021\/01\/slacktivity-slackline-online-shop-1.png","width":200,"height":77,"caption":"Slacktivity Slacklines"},"image":{"@id":"https:\/\/slacktivity.com\/pt-pt\/#\/schema\/logo\/image\/"},"sameAs":["https:\/\/www.facebook.com\/SLACKTIVITY\/","https:\/\/www.instagram.com\/slacktivity\/"]}]}},"_links":{"self":[{"href":"https:\/\/slacktivity.com\/pt-pt\/wp-json\/wp\/v2\/product\/7142","targetHints":{"allow":["GET"]}}],"collection":[{"href":"https:\/\/slacktivity.com\/pt-pt\/wp-json\/wp\/v2\/product"}],"about":[{"href":"https:\/\/slacktivity.com\/pt-pt\/wp-json\/wp\/v2\/types\/product"}],"replies":[{"embeddable":true,"href":"https:\/\/slacktivity.com\/pt-pt\/wp-json\/wp\/v2\/comments?post=7142"}],"wp:featuredmedia":[{"embeddable":true,"href":"https:\/\/slacktivity.com\/pt-pt\/wp-json\/wp\/v2\/media\/7143"}],"wp:attachment":[{"href":"https:\/\/slacktivity.com\/pt-pt\/wp-json\/wp\/v2\/media?parent=7142"}],"wp:term":[{"taxonomy":"product_cat","embeddable":true,"href":"https:\/\/slacktivity.com\/pt-pt\/wp-json\/wp\/v2\/product_cat?post=7142"},{"taxonomy":"product_tag","embeddable":true,"href":"https:\/\/slacktivity.com\/pt-pt\/wp-json\/wp\/v2\/product_tag?post=7142"}],"curies":[{"name":"wp","href":"https:\/\/api.w.org\/{rel}","templated":true}]}}