{"id":7195,"date":"2021-02-11T13:38:29","date_gmt":"2021-02-11T13:38:29","guid":{"rendered":"http:\/\/slacktivity.com\/shop\/kit-expert-slackline-50m-ou-70m\/"},"modified":"2024-06-07T12:16:28","modified_gmt":"2024-06-07T12:16:28","slug":"expert-slackline-50m-70m","status":"publish","type":"product","link":"https:\/\/slacktivity.com\/pt-pt\/shop\/expert-slackline-50m-70m\/","title":{"rendered":"Kit Expert Slackline | 50M ou 70M"},"content":{"rendered":"<h2>Expert Slackline &#8211; 50m or 70m<\/h2>\n<p>Dispon\u00edvel com <strong>50m<\/strong> ou <strong>70m<\/strong> de comprimento, este kit adequa-se \u00e0 maioria das disciplinas de <strong>slackline<\/strong>,<a href=\"https:\/\/slacktivity.com\/pt-pt\/tag\/longline\/\"> longlining<\/a> (tenso ou bambo), <a href=\"https:\/\/slacktivity.com\/pt-pt\/tag\/trickline-pt-pt\/\">tricklining<\/a>, waterlining e <a href=\"https:\/\/slacktivity.com\/pt-pt\/tag\/iniciantes\/\">slackline de inicia\u00e7\u00e3o<\/a>. Mas se j\u00e1 est\u00e1 certo que o foco est\u00e1 no trickline, a <a href=\"https:\/\/slacktivity.com\/pt-pt\/shop\/super-jumpline-trickline-kit\/\">Super Jumpline Set<\/a> \u00e9 a escolha certa, tamb\u00e9m dispon\u00edvel com os mesmos comprimentos. Este kit d\u00e1 para tudo um pouco!<\/p>\n<p><strong>Vantagens quando comparado com outros kits de slackline:<\/strong><\/p>\n<ul>\n<li>Duas catracas Monster, super eficientes. .<\/li>\n<li>Os dois espa\u00e7adores garantem que o slackline se mantenha sempre alinhado. Para al\u00e9m disso previnem que a linha seja danificada pelo contacto direto com as partes met\u00e1licas da catraca.<\/li>\n<li>Com os slings ajust\u00e1veis, a catraca fica sempre pr\u00f3xima da \u00e1rvore, n\u00e3o oscilando lateralmente.<\/li>\n<li>As prote\u00e7\u00f5es de \u00e1rvore com 2.4m permitem proteger \u00e1rvores de grande porte.<\/li>\n<li>A impress\u00e3o em borracha na linha de slackline d\u00e1-lhe ader\u00eancia extra.<\/li>\n<\/ul>\n<h3>Desmontagem<\/h3>\n<p>Recomendamos o uso de um Softrelease com shackle para o <a href=\"https:\/\/slacktivity.com\/pt-pt\/category\/kits-de-slackline\/\">Kit<\/a> Expert, seja com 50m ou 70 metros. O softRelease tirar a tens\u00e3o da linha da forma suave e segura, permitindo evitar estalar a catraca. Para dist\u00e2ncias a partir de 50 metros, o softRelease 4M \u00e9 o modelo ideal. Particularmente para quem gosta de colocar muita tens\u00e3o no slackline. Comprando o softRelease &amp; Shackle em bundle permite poupar algum dinheiro, quando comparado com a sua compra individual.<\/p>\n<h3>Conte\u00fado do kit Expert Slackline &#8211; 50m or 70m<\/h3>\n<ul>\n<li>Slackline com 50m \/ 70m webbing (37 mm de largura)<\/li>\n<li>2 Catracas Monster com V-loops cozidos<\/li>\n<li>2 slings ajust\u00e1veis (2.4m)<\/li>\n<li>2 shackles de 12mm<\/li>\n<li>2 Prote\u00e7\u00f5es de \u00e1rvore (2.4m de comprimento e 13 cm de altura)<\/li>\n<li>1 Saco da SLACKTIVITY<\/li>\n<li>1 Manual \u00abonePageManual\u00bb<\/li>\n<li>1 (opcional) Sistema de abertura f\u00e1cil \u00absoftRelease + shackle\u00bb \/ \u00absoftRelease4m + shackle\u00bb<\/li>\n<\/ul>\n<p>Peso: Slackline de 50m: 8.65kg \/ Slackline de 70m: 9.87kg<\/p>\n<p><strong>Veja no v\u00eddeo como montar este slackline<\/strong><\/p>\n<div class=\"iframe-container\"><iframe title=\"YouTube video player\" src=\"https:\/\/www.youtube.com\/embed\/_vWPd_GcSTA\" width=\"560\" height=\"315\" frameborder=\"0\" allowfullscreen=\"allowfullscreen\"><\/iframe><\/div>\n<div><\/div>\n<div><strong>Nota sobre seguran\u00e7a:<\/strong> use a linha restante ou um peda\u00e7o de corda para criar uma conex\u00e3o secund\u00e1ria (backup) entre a catraca e o ponto de ancoragem.<\/div>\n","protected":false},"excerpt":{"rendered":"<p>Gra\u00e7as \u00e0 leveza da linha, apenas 61gm por cada metro, este slackline torna-se f\u00e1cil de controlar quando montado com comprimentos superiores a 50 metros. Caminhar nesta linha d\u00e1 uma sensa\u00e7\u00e3o \u00f3tima. J\u00e1 quando montada com 20 metros torna-se super poderosa e din\u00e2mica. \u00c9 altamente recomend\u00e1vel para pessoas que j\u00e1 conseguem caminhar 20 metros, que procuram outros desafios com sistema simples. Com a sua impress\u00e3o em borracha, a linha \u00e9 perfeita, tamb\u00e9m, para waterlining.<\/p>\n","protected":false},"featured_media":16285,"comment_status":"open","ping_status":"closed","template":"","meta":{"_acf_changed":false,"_joinchat":[]},"product_cat":[522,524,520,521],"product_tag":[549,961,555,562],"class_list":{"0":"post-7195","1":"product","2":"type-product","3":"status-publish","4":"has-post-thumbnail","6":"product_cat-kit-de-slackline-para-iniciantes","7":"product_cat-kits-de-longline","8":"product_cat-kits-de-slackline","9":"product_cat-kits-de-slackline-avancados","10":"product_tag-iniciantes","11":"product_tag-kits-de-catraca","12":"product_tag-longline","13":"product_tag-trickline-pt-pt","14":"pa_brand-slacktivity-pt-pt","15":"pa_stretch-low","16":"pa_webbing-material-poliester","18":"first","19":"instock","20":"taxable","21":"shipping-taxable","22":"purchasable","23":"product-type-variable","24":"has-default-attributes","swatches":"rey-swatches","show_selected":""},"acf":[],"yoast_head":"<!-- This site is optimized with the Yoast SEO plugin v27.5 - https:\/\/yoast.com\/product\/yoast-seo-wordpress\/ -->\n<title>Expert Slackline - 50M or 70M | Slacktivity International Shop<\/title>\n<meta name=\"description\" content=\"O Kit Expert Slackline, dispon\u00edvel com 50m ou 70 metros, \u00e9 super vers\u00e1til, para longline como para trickline, e de montagem muito simples.\" \/>\n<meta name=\"robots\" content=\"index, follow, max-snippet:-1, max-image-preview:large, max-video-preview:-1\" \/>\n<link rel=\"canonical\" href=\"https:\/\/slacktivity.com\/pt-pt\/shop\/expert-slackline-50m-70m\/\" \/>\n<meta property=\"og:locale\" content=\"pt_PT\" \/>\n<meta property=\"og:type\" content=\"article\" \/>\n<meta property=\"og:title\" content=\"Expert Slackline - 50M or 70M | Slacktivity International Shop\" \/>\n<meta property=\"og:description\" content=\"O Kit Expert Slackline, dispon\u00edvel com 50m ou 70 metros, \u00e9 super vers\u00e1til, para longline como para trickline, e de montagem muito simples.\" \/>\n<meta property=\"og:url\" content=\"https:\/\/slacktivity.com\/pt-pt\/shop\/expert-slackline-50m-70m\/\" \/>\n<meta property=\"og:site_name\" content=\"Slacktivity Slacklines International Shop\" \/>\n<meta property=\"article:publisher\" content=\"https:\/\/www.facebook.com\/SLACKTIVITY\/\" \/>\n<meta property=\"article:modified_time\" content=\"2024-06-07T12:16:28+00:00\" \/>\n<meta property=\"og:image\" content=\"https:\/\/slacktivity.com\/wp-content\/uploads\/2021\/02\/expert-slackline-50m-70m-1.jpg\" \/>\n\t<meta property=\"og:image:width\" content=\"1180\" \/>\n\t<meta property=\"og:image:height\" content=\"1377\" \/>\n\t<meta property=\"og:image:type\" content=\"image\/jpeg\" \/>\n<meta name=\"twitter:card\" content=\"summary_large_image\" \/>\n<meta name=\"twitter:label1\" content=\"Tempo estimado de leitura\" \/>\n\t<meta name=\"twitter:data1\" content=\"2 minutos\" \/>\n<script type=\"application\/ld+json\" class=\"yoast-schema-graph\">{\"@context\":\"https:\\\/\\\/schema.org\",\"@graph\":[{\"@type\":\"WebPage\",\"@id\":\"https:\\\/\\\/slacktivity.com\\\/pt-pt\\\/shop\\\/expert-slackline-50m-70m\\\/\",\"url\":\"https:\\\/\\\/slacktivity.com\\\/pt-pt\\\/shop\\\/expert-slackline-50m-70m\\\/\",\"name\":\"Expert Slackline - 50M or 70M | Slacktivity International Shop\",\"isPartOf\":{\"@id\":\"https:\\\/\\\/slacktivity.com\\\/pt-pt\\\/#website\"},\"primaryImageOfPage\":{\"@id\":\"https:\\\/\\\/slacktivity.com\\\/pt-pt\\\/shop\\\/expert-slackline-50m-70m\\\/#primaryimage\"},\"image\":{\"@id\":\"https:\\\/\\\/slacktivity.com\\\/pt-pt\\\/shop\\\/expert-slackline-50m-70m\\\/#primaryimage\"},\"thumbnailUrl\":\"https:\\\/\\\/slacktivity.com\\\/wp-content\\\/uploads\\\/2021\\\/02\\\/expert-slackline-kit-50m-70m.jpg\",\"datePublished\":\"2021-02-11T13:38:29+00:00\",\"dateModified\":\"2024-06-07T12:16:28+00:00\",\"description\":\"O Kit Expert Slackline, dispon\u00edvel com 50m ou 70 metros, \u00e9 super vers\u00e1til, para longline como para trickline, e de montagem muito simples.\",\"breadcrumb\":{\"@id\":\"https:\\\/\\\/slacktivity.com\\\/pt-pt\\\/shop\\\/expert-slackline-50m-70m\\\/#breadcrumb\"},\"inLanguage\":\"pt-PT\",\"potentialAction\":[{\"@type\":\"ReadAction\",\"target\":[\"https:\\\/\\\/slacktivity.com\\\/pt-pt\\\/shop\\\/expert-slackline-50m-70m\\\/\"]}]},{\"@type\":\"ImageObject\",\"inLanguage\":\"pt-PT\",\"@id\":\"https:\\\/\\\/slacktivity.com\\\/pt-pt\\\/shop\\\/expert-slackline-50m-70m\\\/#primaryimage\",\"url\":\"https:\\\/\\\/slacktivity.com\\\/wp-content\\\/uploads\\\/2021\\\/02\\\/expert-slackline-kit-50m-70m.jpg\",\"contentUrl\":\"https:\\\/\\\/slacktivity.com\\\/wp-content\\\/uploads\\\/2021\\\/02\\\/expert-slackline-kit-50m-70m.jpg\",\"width\":1180,\"height\":1377,\"caption\":\"expert slackline kit 50m 70m\"},{\"@type\":\"BreadcrumbList\",\"@id\":\"https:\\\/\\\/slacktivity.com\\\/pt-pt\\\/shop\\\/expert-slackline-50m-70m\\\/#breadcrumb\",\"itemListElement\":[{\"@type\":\"ListItem\",\"position\":1,\"name\":\"Home\",\"item\":\"https:\\\/\\\/slacktivity.com\\\/pt-pt\\\/\"},{\"@type\":\"ListItem\",\"position\":2,\"name\":\"loja\",\"item\":\"https:\\\/\\\/slacktivity.com\\\/pt-pt\\\/loja\\\/\"},{\"@type\":\"ListItem\",\"position\":3,\"name\":\"Kit Expert Slackline | 50M ou 70M\"}]},{\"@type\":\"WebSite\",\"@id\":\"https:\\\/\\\/slacktivity.com\\\/pt-pt\\\/#website\",\"url\":\"https:\\\/\\\/slacktivity.com\\\/pt-pt\\\/\",\"name\":\"Slacktivity Slacklines International Shop\",\"description\":\"Discover the innovative products of Slacktivity. Swiss designed premium slackline gear. Advice from our experts for the best and a safe slackline experience.\",\"publisher\":{\"@id\":\"https:\\\/\\\/slacktivity.com\\\/pt-pt\\\/#organization\"},\"potentialAction\":[{\"@type\":\"SearchAction\",\"target\":{\"@type\":\"EntryPoint\",\"urlTemplate\":\"https:\\\/\\\/slacktivity.com\\\/pt-pt\\\/?s={search_term_string}\"},\"query-input\":{\"@type\":\"PropertyValueSpecification\",\"valueRequired\":true,\"valueName\":\"search_term_string\"}}],\"inLanguage\":\"pt-PT\"},{\"@type\":\"Organization\",\"@id\":\"https:\\\/\\\/slacktivity.com\\\/pt-pt\\\/#organization\",\"name\":\"Slacktivity Slacklines\",\"url\":\"https:\\\/\\\/slacktivity.com\\\/pt-pt\\\/\",\"logo\":{\"@type\":\"ImageObject\",\"inLanguage\":\"pt-PT\",\"@id\":\"https:\\\/\\\/slacktivity.com\\\/pt-pt\\\/#\\\/schema\\\/logo\\\/image\\\/\",\"url\":\"https:\\\/\\\/slacktivity.com\\\/wp-content\\\/uploads\\\/2021\\\/01\\\/slacktivity-slackline-online-shop-1.png\",\"contentUrl\":\"https:\\\/\\\/slacktivity.com\\\/wp-content\\\/uploads\\\/2021\\\/01\\\/slacktivity-slackline-online-shop-1.png\",\"width\":200,\"height\":77,\"caption\":\"Slacktivity Slacklines\"},\"image\":{\"@id\":\"https:\\\/\\\/slacktivity.com\\\/pt-pt\\\/#\\\/schema\\\/logo\\\/image\\\/\"},\"sameAs\":[\"https:\\\/\\\/www.facebook.com\\\/SLACKTIVITY\\\/\",\"https:\\\/\\\/www.instagram.com\\\/slacktivity\\\/\"]}]}<\/script>\n<!-- \/ Yoast SEO plugin. -->","yoast_head_json":{"title":"Expert Slackline - 50M or 70M | Slacktivity International Shop","description":"O Kit Expert Slackline, dispon\u00edvel com 50m ou 70 metros, \u00e9 super vers\u00e1til, para longline como para trickline, e de montagem muito simples.","robots":{"index":"index","follow":"follow","max-snippet":"max-snippet:-1","max-image-preview":"max-image-preview:large","max-video-preview":"max-video-preview:-1"},"canonical":"https:\/\/slacktivity.com\/pt-pt\/shop\/expert-slackline-50m-70m\/","og_locale":"pt_PT","og_type":"article","og_title":"Expert Slackline - 50M or 70M | Slacktivity International Shop","og_description":"O Kit Expert Slackline, dispon\u00edvel com 50m ou 70 metros, \u00e9 super vers\u00e1til, para longline como para trickline, e de montagem muito simples.","og_url":"https:\/\/slacktivity.com\/pt-pt\/shop\/expert-slackline-50m-70m\/","og_site_name":"Slacktivity Slacklines International Shop","article_publisher":"https:\/\/www.facebook.com\/SLACKTIVITY\/","article_modified_time":"2024-06-07T12:16:28+00:00","og_image":[{"width":1180,"height":1377,"url":"https:\/\/slacktivity.com\/wp-content\/uploads\/2021\/02\/expert-slackline-50m-70m-1.jpg","type":"image\/jpeg"}],"twitter_card":"summary_large_image","twitter_misc":{"Tempo estimado de leitura":"2 minutos"},"schema":{"@context":"https:\/\/schema.org","@graph":[{"@type":"WebPage","@id":"https:\/\/slacktivity.com\/pt-pt\/shop\/expert-slackline-50m-70m\/","url":"https:\/\/slacktivity.com\/pt-pt\/shop\/expert-slackline-50m-70m\/","name":"Expert Slackline - 50M or 70M | Slacktivity International Shop","isPartOf":{"@id":"https:\/\/slacktivity.com\/pt-pt\/#website"},"primaryImageOfPage":{"@id":"https:\/\/slacktivity.com\/pt-pt\/shop\/expert-slackline-50m-70m\/#primaryimage"},"image":{"@id":"https:\/\/slacktivity.com\/pt-pt\/shop\/expert-slackline-50m-70m\/#primaryimage"},"thumbnailUrl":"https:\/\/slacktivity.com\/wp-content\/uploads\/2021\/02\/expert-slackline-kit-50m-70m.jpg","datePublished":"2021-02-11T13:38:29+00:00","dateModified":"2024-06-07T12:16:28+00:00","description":"O Kit Expert Slackline, dispon\u00edvel com 50m ou 70 metros, \u00e9 super vers\u00e1til, para longline como para trickline, e de montagem muito simples.","breadcrumb":{"@id":"https:\/\/slacktivity.com\/pt-pt\/shop\/expert-slackline-50m-70m\/#breadcrumb"},"inLanguage":"pt-PT","potentialAction":[{"@type":"ReadAction","target":["https:\/\/slacktivity.com\/pt-pt\/shop\/expert-slackline-50m-70m\/"]}]},{"@type":"ImageObject","inLanguage":"pt-PT","@id":"https:\/\/slacktivity.com\/pt-pt\/shop\/expert-slackline-50m-70m\/#primaryimage","url":"https:\/\/slacktivity.com\/wp-content\/uploads\/2021\/02\/expert-slackline-kit-50m-70m.jpg","contentUrl":"https:\/\/slacktivity.com\/wp-content\/uploads\/2021\/02\/expert-slackline-kit-50m-70m.jpg","width":1180,"height":1377,"caption":"expert slackline kit 50m 70m"},{"@type":"BreadcrumbList","@id":"https:\/\/slacktivity.com\/pt-pt\/shop\/expert-slackline-50m-70m\/#breadcrumb","itemListElement":[{"@type":"ListItem","position":1,"name":"Home","item":"https:\/\/slacktivity.com\/pt-pt\/"},{"@type":"ListItem","position":2,"name":"loja","item":"https:\/\/slacktivity.com\/pt-pt\/loja\/"},{"@type":"ListItem","position":3,"name":"Kit Expert Slackline | 50M ou 70M"}]},{"@type":"WebSite","@id":"https:\/\/slacktivity.com\/pt-pt\/#website","url":"https:\/\/slacktivity.com\/pt-pt\/","name":"Slacktivity Slacklines International Shop","description":"Discover the innovative products of Slacktivity. Swiss designed premium slackline gear. Advice from our experts for the best and a safe slackline experience.","publisher":{"@id":"https:\/\/slacktivity.com\/pt-pt\/#organization"},"potentialAction":[{"@type":"SearchAction","target":{"@type":"EntryPoint","urlTemplate":"https:\/\/slacktivity.com\/pt-pt\/?s={search_term_string}"},"query-input":{"@type":"PropertyValueSpecification","valueRequired":true,"valueName":"search_term_string"}}],"inLanguage":"pt-PT"},{"@type":"Organization","@id":"https:\/\/slacktivity.com\/pt-pt\/#organization","name":"Slacktivity Slacklines","url":"https:\/\/slacktivity.com\/pt-pt\/","logo":{"@type":"ImageObject","inLanguage":"pt-PT","@id":"https:\/\/slacktivity.com\/pt-pt\/#\/schema\/logo\/image\/","url":"https:\/\/slacktivity.com\/wp-content\/uploads\/2021\/01\/slacktivity-slackline-online-shop-1.png","contentUrl":"https:\/\/slacktivity.com\/wp-content\/uploads\/2021\/01\/slacktivity-slackline-online-shop-1.png","width":200,"height":77,"caption":"Slacktivity Slacklines"},"image":{"@id":"https:\/\/slacktivity.com\/pt-pt\/#\/schema\/logo\/image\/"},"sameAs":["https:\/\/www.facebook.com\/SLACKTIVITY\/","https:\/\/www.instagram.com\/slacktivity\/"]}]}},"_links":{"self":[{"href":"https:\/\/slacktivity.com\/pt-pt\/wp-json\/wp\/v2\/product\/7195","targetHints":{"allow":["GET"]}}],"collection":[{"href":"https:\/\/slacktivity.com\/pt-pt\/wp-json\/wp\/v2\/product"}],"about":[{"href":"https:\/\/slacktivity.com\/pt-pt\/wp-json\/wp\/v2\/types\/product"}],"replies":[{"embeddable":true,"href":"https:\/\/slacktivity.com\/pt-pt\/wp-json\/wp\/v2\/comments?post=7195"}],"wp:featuredmedia":[{"embeddable":true,"href":"https:\/\/slacktivity.com\/pt-pt\/wp-json\/wp\/v2\/media\/16285"}],"wp:attachment":[{"href":"https:\/\/slacktivity.com\/pt-pt\/wp-json\/wp\/v2\/media?parent=7195"}],"wp:term":[{"taxonomy":"product_cat","embeddable":true,"href":"https:\/\/slacktivity.com\/pt-pt\/wp-json\/wp\/v2\/product_cat?post=7195"},{"taxonomy":"product_tag","embeddable":true,"href":"https:\/\/slacktivity.com\/pt-pt\/wp-json\/wp\/v2\/product_tag?post=7195"}],"curies":[{"name":"wp","href":"https:\/\/api.w.org\/{rel}","templated":true}]}}