{"id":7224,"date":"2022-04-26T15:38:30","date_gmt":"2022-04-26T15:38:30","guid":{"rendered":"http:\/\/slacktivity.com\/shop\/lsdpark-kit-de-longline-com-hangover-pulley-91-50m\/"},"modified":"2024-06-07T12:16:12","modified_gmt":"2024-06-07T12:16:12","slug":"lsdpark-50m","status":"publish","type":"product","link":"https:\/\/slacktivity.com\/pt-pt\/shop\/lsdpark-50m\/","title":{"rendered":"LSDPARK 50M | Kit de Longline 9:1"},"content":{"rendered":"<h2>LSDPARK 50M com Hangover Pulley System<\/h2>\n<p>O <strong>LSDPARK<\/strong>, com um sistema &#8220;Hangover pulley&#8221; e inclu\u00edndo 50 metros da super popular <a href=\"https:\/\/slacktivity.com\/pt-pt\/shop\/lsdtube-linha-de-slackline\/\">LSDTube webbing<\/a>, \u00e9 <a href=\"https:\/\/slacktivity.com\/pt-pt\/category\/kits-de-slackline\/kits-de-longline\/\">kit de longline<\/a> premium, super leve, particularmente quando comparado com os sistemas de roldanas tradicionais. Como vantagem extra, o LSDPARK tem menos componentes, e o comprimento \u00fatil do slackline \u00e9 maior. O sistema \u00e9 user friendly e muito r\u00e1pido de montar, evolui duas a tr\u00eas vezes durante o processo de tensionamento (3:1 \/ 5:1 \/9:1). Durante o processo de tensionamento, a <a href=\"https:\/\/slacktivity.com\/pt-pt\/category\/linhas-de-slackline\/\">linha<\/a> est\u00e1 sempre bloqueada no SeaHorse, o que acrescenta seguran\u00e7a ao sistema.<\/p>\n<p>Para amantes de bounce, \u00e0 procura de fluidez, f\u00e1cil de montar e carregar, o LSDPARK \u00e9 a escolha certa. Outra grande vantagem, especialmente para aqueles que quere fazer highline, \u00e9 que a maioria dos componentes poder\u00e1 ser utilizada na montagem de highlines.<\/p>\n<p>A LSDTube \u00e9 baseada e inspirada na linha mais popular de longline \/ <a href=\"https:\/\/slacktivity.com\/highline-freestyle-2\/\">highline freestyle<\/a> a <a href=\"https:\/\/slacktivity.com\/pt-pt\/shop\/pinktube-linha-de-slackline-tubular\/\">PinkTube<\/a>. Tem uma elasticidade extremamente alta, que faz dela uma linha perfeita para brincar. Por outro lado, por essa mesma raz\u00e3o, os slings devem ser colocados a a uma altura mais elevada, quando comparamos com<a href=\"https:\/\/slacktivity.com\/pt-pt\/category\/linhas-de-slackline\/\">linhas<\/a> menos el\u00e1sticas.<\/p>\n<ul>\n<li><strong>20-30m de comprimento<\/strong>: aprox. ponto de ancoragem dever\u00e1 estar entre 1.5 e 2m<\/li>\n<li><strong>30-50m de comprimento<\/strong>: aprox. ponto de ancoragem dever\u00e1 estar entre 2 e 4m<\/li>\n<\/ul>\n<p>Os intervalos de dist\u00e2ncia e altura dependem dos objetivos de cada um no slackline, do peso da pessoa que o vai usar e, por fim, de quantas pessoas h\u00e1 para tensionar a linha.<\/p>\n<p>O <a href=\"https:\/\/slacktivity.com\/pt-pt\/shop\/seahorse-weblock-para-slackline\/\">seaHorse<\/a> \u00e9 um <a href=\"https:\/\/slacktivity.com\/pt-pt\/category\/ancoragem-de-slackline\/weblocks-de-slackline\/\">weblock<\/a> premium com uma super-performance de pr\u00e9-tensionamento, assim como de seguran\u00e7a. (<strong>Aten\u00e7\u00e3o<\/strong>! Leia o manual de e utilize sempre o n\u00f3 &#8220;anti-slippage&#8221;).<\/p>\n<p>Com um peso de 5.4kg vai querer levar o LSDPARK para todo o lado. Note que<strong>ao comprar este set completo acabar\u00e1 por poupar bom dinheiro, comparando com a compra individual de todos os componentes. <\/strong><\/p>\n<h3>Conte\u00fado do LSDPARK:<\/h3>\n<ul>\n<li>1x 50m LSDtube (largura: 25mm)<\/li>\n<li>1x seaHorse (<a href=\"https:\/\/slacktivity.com\/pt-pt\/category\/ancoragem-de-slackline\/weblocks-de-slackline\/\">weblock<\/a>)<\/li>\n<li>3x HangOver<\/li>\n<li>1x ChainLock (para fixar o multiplicador)<\/li>\n<li>1x T-Grip (Grab)<\/li>\n<li>2x KingPin (aluminum shackle)<\/li>\n<li>2x ConnectionLoop<\/li>\n<li>1x HCD sling<\/li>\n<li>1x softRelease 4m<\/li>\n<li>2x tree protection 3.0 (comprimento: 2.4m)<\/li>\n<li>2x TreeSling (slings ajust\u00e1veis,comprimento: 2.4m)<\/li>\n<li>1x SLACKTIVITY-Backpack<\/li>\n<\/ul>\n<h3>Especif\u00edca\u00e7\u00f5es<\/h3>\n<ul>\n<li><strong>Peso:<\/strong> 5400g<\/li>\n<li><strong>Dist\u00e2ncia m\u00e1xima tension\u00e1vel:<\/strong> aprox. 50m .<\/li>\n<li><strong>WLL (overall system):<\/strong> 7kN<\/li>\n<\/ul>\n<h3>Necessita de ajuda?<\/h3>\n<p>Precisa de ajuda para escolher o seu slackline ou quer adicionar componentes extra? <a href=\"https:\/\/slacktivity.com\/pt-pt\/contacto\/\">Contacte-nos! <\/a>\u2013 Ficaremos felizes por ajudar.<\/p>\n<h4>Leia com aten\u00e7\u00e3o o manual de utiliza\u00e7\u00e3o (PDF under \u201cManual (pdf)\u201d) antes de usar.<\/h4>\n<p style=\"text-align: left;\"><strong>V\u00eddeo sobre como usar o &#8220;Hagover Pulley System&#8221;<\/strong><\/p>\n<div class=\"iframe-container\"><iframe title=\"YouTube video player\" src=\"https:\/\/www.youtube.com\/embed\/rEdHMDOHbOw\" width=\"560\" height=\"315\" frameborder=\"0\" allowfullscreen=\"allowfullscreen\"><\/iframe><\/div>\n<p>Se ainda tiver quest\u00f5es, ficaremos felizes por responder.<\/p>\n<p>Deixamos tamb\u00e9m uma nota sobre o nosso <a href=\"http:\/\/www.youtube.com\/user\/slacktivity\" target=\"_blank\" rel=\"noopener\">canal de Youtube, <\/a>que oferecer v\u00eddeos sobre montagem e muitos outros tutoriais.<\/p>\n","protected":false},"excerpt":{"rendered":"<p>Para amantes de bounce, \u00e0 procura de fluidez, de kit leve e f\u00e1cil de montar. A supe linha lsdTube e um sistema simples e leve, fazem deste set uma solu\u00e7\u00e3o perfeita para linhas de parque e de waterline.<\/p>\n","protected":false},"featured_media":16262,"comment_status":"open","ping_status":"closed","template":"","meta":{"_acf_changed":false,"_joinchat":[]},"product_cat":[524,520],"product_tag":[552,959,555],"class_list":{"0":"post-7224","1":"product","2":"type-product","3":"status-publish","4":"has-post-thumbnail","6":"product_cat-kits-de-longline","7":"product_cat-kits-de-slackline","8":"product_tag-highline","9":"product_tag-kits-com-hangover-pulley","10":"product_tag-longline","11":"pa_brand-slacktivity-pt-pt","12":"pa_stretch-high","13":"pa_webbing-material-nylon-pt-pt-2","15":"first","16":"instock","17":"taxable","18":"shipping-taxable","19":"purchasable","20":"product-type-simple","swatches":"rey-swatches","show_selected":""},"acf":[],"yoast_head":"<!-- This site is optimized with the Yoast SEO plugin v27.4 - https:\/\/yoast.com\/product\/yoast-seo-wordpress\/ -->\n<title>LSDPARK 50M - Kit de Longline 9:1 | SLACKTIVITY<\/title>\n<meta name=\"description\" content=\"Para os amantes do bounce, \u00e0 procura de um sistema super leve, f\u00e1cil de montar e com grande fluidez, o LSDPARK 50M \u00e9 a solu\u00e7\u00e3o certa.\" \/>\n<meta name=\"robots\" content=\"index, follow, max-snippet:-1, max-image-preview:large, max-video-preview:-1\" \/>\n<link rel=\"canonical\" href=\"https:\/\/slacktivity.com\/pt-pt\/shop\/lsdpark-50m\/\" \/>\n<meta property=\"og:locale\" content=\"pt_PT\" \/>\n<meta property=\"og:type\" content=\"article\" \/>\n<meta property=\"og:title\" content=\"LSDPARK 50M - Kit de Longline 9:1 | SLACKTIVITY\" \/>\n<meta property=\"og:description\" content=\"Para os amantes do bounce, \u00e0 procura de um sistema super leve, f\u00e1cil de montar e com grande fluidez, o LSDPARK 50M \u00e9 a solu\u00e7\u00e3o certa.\" \/>\n<meta property=\"og:url\" content=\"https:\/\/slacktivity.com\/pt-pt\/shop\/lsdpark-50m\/\" \/>\n<meta property=\"og:site_name\" content=\"Slacktivity Slacklines International Shop\" \/>\n<meta property=\"article:publisher\" content=\"https:\/\/www.facebook.com\/SLACKTIVITY\/\" \/>\n<meta property=\"article:modified_time\" content=\"2024-06-07T12:16:12+00:00\" \/>\n<meta property=\"og:image\" content=\"https:\/\/slacktivity.com\/wp-content\/uploads\/2021\/06\/lsdpark-50m-slackline-pulley-system-2.jpg\" \/>\n\t<meta property=\"og:image:width\" content=\"1180\" \/>\n\t<meta property=\"og:image:height\" content=\"1377\" \/>\n\t<meta property=\"og:image:type\" content=\"image\/jpeg\" \/>\n<meta name=\"twitter:card\" content=\"summary_large_image\" \/>\n<meta name=\"twitter:label1\" content=\"Tempo estimado de leitura\" \/>\n\t<meta name=\"twitter:data1\" content=\"2 minutos\" \/>\n<script type=\"application\/ld+json\" class=\"yoast-schema-graph\">{\"@context\":\"https:\\\/\\\/schema.org\",\"@graph\":[{\"@type\":\"WebPage\",\"@id\":\"https:\\\/\\\/slacktivity.com\\\/pt-pt\\\/shop\\\/lsdpark-50m\\\/\",\"url\":\"https:\\\/\\\/slacktivity.com\\\/pt-pt\\\/shop\\\/lsdpark-50m\\\/\",\"name\":\"LSDPARK 50M - Kit de Longline 9:1 | SLACKTIVITY\",\"isPartOf\":{\"@id\":\"https:\\\/\\\/slacktivity.com\\\/pt-pt\\\/#website\"},\"primaryImageOfPage\":{\"@id\":\"https:\\\/\\\/slacktivity.com\\\/pt-pt\\\/shop\\\/lsdpark-50m\\\/#primaryimage\"},\"image\":{\"@id\":\"https:\\\/\\\/slacktivity.com\\\/pt-pt\\\/shop\\\/lsdpark-50m\\\/#primaryimage\"},\"thumbnailUrl\":\"https:\\\/\\\/slacktivity.com\\\/wp-content\\\/uploads\\\/2022\\\/04\\\/lsdpark-50m-slackline-with-pulley-system-.jpg\",\"datePublished\":\"2022-04-26T15:38:30+00:00\",\"dateModified\":\"2024-06-07T12:16:12+00:00\",\"description\":\"Para os amantes do bounce, \u00e0 procura de um sistema super leve, f\u00e1cil de montar e com grande fluidez, o LSDPARK 50M \u00e9 a solu\u00e7\u00e3o certa.\",\"breadcrumb\":{\"@id\":\"https:\\\/\\\/slacktivity.com\\\/pt-pt\\\/shop\\\/lsdpark-50m\\\/#breadcrumb\"},\"inLanguage\":\"pt-PT\",\"potentialAction\":[{\"@type\":\"ReadAction\",\"target\":[\"https:\\\/\\\/slacktivity.com\\\/pt-pt\\\/shop\\\/lsdpark-50m\\\/\"]}]},{\"@type\":\"ImageObject\",\"inLanguage\":\"pt-PT\",\"@id\":\"https:\\\/\\\/slacktivity.com\\\/pt-pt\\\/shop\\\/lsdpark-50m\\\/#primaryimage\",\"url\":\"https:\\\/\\\/slacktivity.com\\\/wp-content\\\/uploads\\\/2022\\\/04\\\/lsdpark-50m-slackline-with-pulley-system-.jpg\",\"contentUrl\":\"https:\\\/\\\/slacktivity.com\\\/wp-content\\\/uploads\\\/2022\\\/04\\\/lsdpark-50m-slackline-with-pulley-system-.jpg\",\"width\":1180,\"height\":1377,\"caption\":\"lsdpark 50m slackline with pulley system\"},{\"@type\":\"BreadcrumbList\",\"@id\":\"https:\\\/\\\/slacktivity.com\\\/pt-pt\\\/shop\\\/lsdpark-50m\\\/#breadcrumb\",\"itemListElement\":[{\"@type\":\"ListItem\",\"position\":1,\"name\":\"Home\",\"item\":\"https:\\\/\\\/slacktivity.com\\\/pt-pt\\\/\"},{\"@type\":\"ListItem\",\"position\":2,\"name\":\"loja\",\"item\":\"https:\\\/\\\/slacktivity.com\\\/pt-pt\\\/loja\\\/\"},{\"@type\":\"ListItem\",\"position\":3,\"name\":\"LSDPARK 50M | Kit de Longline 9:1\"}]},{\"@type\":\"WebSite\",\"@id\":\"https:\\\/\\\/slacktivity.com\\\/pt-pt\\\/#website\",\"url\":\"https:\\\/\\\/slacktivity.com\\\/pt-pt\\\/\",\"name\":\"Slacktivity Slacklines International Shop\",\"description\":\"Discover the innovative products of Slacktivity. Swiss designed premium slackline gear. Advice from our experts for the best and a safe slackline experience.\",\"publisher\":{\"@id\":\"https:\\\/\\\/slacktivity.com\\\/pt-pt\\\/#organization\"},\"potentialAction\":[{\"@type\":\"SearchAction\",\"target\":{\"@type\":\"EntryPoint\",\"urlTemplate\":\"https:\\\/\\\/slacktivity.com\\\/pt-pt\\\/?s={search_term_string}\"},\"query-input\":{\"@type\":\"PropertyValueSpecification\",\"valueRequired\":true,\"valueName\":\"search_term_string\"}}],\"inLanguage\":\"pt-PT\"},{\"@type\":\"Organization\",\"@id\":\"https:\\\/\\\/slacktivity.com\\\/pt-pt\\\/#organization\",\"name\":\"Slacktivity Slacklines\",\"url\":\"https:\\\/\\\/slacktivity.com\\\/pt-pt\\\/\",\"logo\":{\"@type\":\"ImageObject\",\"inLanguage\":\"pt-PT\",\"@id\":\"https:\\\/\\\/slacktivity.com\\\/pt-pt\\\/#\\\/schema\\\/logo\\\/image\\\/\",\"url\":\"https:\\\/\\\/slacktivity.com\\\/wp-content\\\/uploads\\\/2021\\\/01\\\/slacktivity-slackline-online-shop-1.png\",\"contentUrl\":\"https:\\\/\\\/slacktivity.com\\\/wp-content\\\/uploads\\\/2021\\\/01\\\/slacktivity-slackline-online-shop-1.png\",\"width\":200,\"height\":77,\"caption\":\"Slacktivity Slacklines\"},\"image\":{\"@id\":\"https:\\\/\\\/slacktivity.com\\\/pt-pt\\\/#\\\/schema\\\/logo\\\/image\\\/\"},\"sameAs\":[\"https:\\\/\\\/www.facebook.com\\\/SLACKTIVITY\\\/\",\"https:\\\/\\\/www.instagram.com\\\/slacktivity\\\/\"]}]}<\/script>\n<!-- \/ Yoast SEO plugin. -->","yoast_head_json":{"title":"LSDPARK 50M - Kit de Longline 9:1 | SLACKTIVITY","description":"Para os amantes do bounce, \u00e0 procura de um sistema super leve, f\u00e1cil de montar e com grande fluidez, o LSDPARK 50M \u00e9 a solu\u00e7\u00e3o certa.","robots":{"index":"index","follow":"follow","max-snippet":"max-snippet:-1","max-image-preview":"max-image-preview:large","max-video-preview":"max-video-preview:-1"},"canonical":"https:\/\/slacktivity.com\/pt-pt\/shop\/lsdpark-50m\/","og_locale":"pt_PT","og_type":"article","og_title":"LSDPARK 50M - Kit de Longline 9:1 | SLACKTIVITY","og_description":"Para os amantes do bounce, \u00e0 procura de um sistema super leve, f\u00e1cil de montar e com grande fluidez, o LSDPARK 50M \u00e9 a solu\u00e7\u00e3o certa.","og_url":"https:\/\/slacktivity.com\/pt-pt\/shop\/lsdpark-50m\/","og_site_name":"Slacktivity Slacklines International Shop","article_publisher":"https:\/\/www.facebook.com\/SLACKTIVITY\/","article_modified_time":"2024-06-07T12:16:12+00:00","og_image":[{"width":1180,"height":1377,"url":"https:\/\/slacktivity.com\/wp-content\/uploads\/2021\/06\/lsdpark-50m-slackline-pulley-system-2.jpg","type":"image\/jpeg"}],"twitter_card":"summary_large_image","twitter_misc":{"Tempo estimado de leitura":"2 minutos"},"schema":{"@context":"https:\/\/schema.org","@graph":[{"@type":"WebPage","@id":"https:\/\/slacktivity.com\/pt-pt\/shop\/lsdpark-50m\/","url":"https:\/\/slacktivity.com\/pt-pt\/shop\/lsdpark-50m\/","name":"LSDPARK 50M - Kit de Longline 9:1 | SLACKTIVITY","isPartOf":{"@id":"https:\/\/slacktivity.com\/pt-pt\/#website"},"primaryImageOfPage":{"@id":"https:\/\/slacktivity.com\/pt-pt\/shop\/lsdpark-50m\/#primaryimage"},"image":{"@id":"https:\/\/slacktivity.com\/pt-pt\/shop\/lsdpark-50m\/#primaryimage"},"thumbnailUrl":"https:\/\/slacktivity.com\/wp-content\/uploads\/2022\/04\/lsdpark-50m-slackline-with-pulley-system-.jpg","datePublished":"2022-04-26T15:38:30+00:00","dateModified":"2024-06-07T12:16:12+00:00","description":"Para os amantes do bounce, \u00e0 procura de um sistema super leve, f\u00e1cil de montar e com grande fluidez, o LSDPARK 50M \u00e9 a solu\u00e7\u00e3o certa.","breadcrumb":{"@id":"https:\/\/slacktivity.com\/pt-pt\/shop\/lsdpark-50m\/#breadcrumb"},"inLanguage":"pt-PT","potentialAction":[{"@type":"ReadAction","target":["https:\/\/slacktivity.com\/pt-pt\/shop\/lsdpark-50m\/"]}]},{"@type":"ImageObject","inLanguage":"pt-PT","@id":"https:\/\/slacktivity.com\/pt-pt\/shop\/lsdpark-50m\/#primaryimage","url":"https:\/\/slacktivity.com\/wp-content\/uploads\/2022\/04\/lsdpark-50m-slackline-with-pulley-system-.jpg","contentUrl":"https:\/\/slacktivity.com\/wp-content\/uploads\/2022\/04\/lsdpark-50m-slackline-with-pulley-system-.jpg","width":1180,"height":1377,"caption":"lsdpark 50m slackline with pulley system"},{"@type":"BreadcrumbList","@id":"https:\/\/slacktivity.com\/pt-pt\/shop\/lsdpark-50m\/#breadcrumb","itemListElement":[{"@type":"ListItem","position":1,"name":"Home","item":"https:\/\/slacktivity.com\/pt-pt\/"},{"@type":"ListItem","position":2,"name":"loja","item":"https:\/\/slacktivity.com\/pt-pt\/loja\/"},{"@type":"ListItem","position":3,"name":"LSDPARK 50M | Kit de Longline 9:1"}]},{"@type":"WebSite","@id":"https:\/\/slacktivity.com\/pt-pt\/#website","url":"https:\/\/slacktivity.com\/pt-pt\/","name":"Slacktivity Slacklines International Shop","description":"Discover the innovative products of Slacktivity. Swiss designed premium slackline gear. Advice from our experts for the best and a safe slackline experience.","publisher":{"@id":"https:\/\/slacktivity.com\/pt-pt\/#organization"},"potentialAction":[{"@type":"SearchAction","target":{"@type":"EntryPoint","urlTemplate":"https:\/\/slacktivity.com\/pt-pt\/?s={search_term_string}"},"query-input":{"@type":"PropertyValueSpecification","valueRequired":true,"valueName":"search_term_string"}}],"inLanguage":"pt-PT"},{"@type":"Organization","@id":"https:\/\/slacktivity.com\/pt-pt\/#organization","name":"Slacktivity Slacklines","url":"https:\/\/slacktivity.com\/pt-pt\/","logo":{"@type":"ImageObject","inLanguage":"pt-PT","@id":"https:\/\/slacktivity.com\/pt-pt\/#\/schema\/logo\/image\/","url":"https:\/\/slacktivity.com\/wp-content\/uploads\/2021\/01\/slacktivity-slackline-online-shop-1.png","contentUrl":"https:\/\/slacktivity.com\/wp-content\/uploads\/2021\/01\/slacktivity-slackline-online-shop-1.png","width":200,"height":77,"caption":"Slacktivity Slacklines"},"image":{"@id":"https:\/\/slacktivity.com\/pt-pt\/#\/schema\/logo\/image\/"},"sameAs":["https:\/\/www.facebook.com\/SLACKTIVITY\/","https:\/\/www.instagram.com\/slacktivity\/"]}]}},"_links":{"self":[{"href":"https:\/\/slacktivity.com\/pt-pt\/wp-json\/wp\/v2\/product\/7224","targetHints":{"allow":["GET"]}}],"collection":[{"href":"https:\/\/slacktivity.com\/pt-pt\/wp-json\/wp\/v2\/product"}],"about":[{"href":"https:\/\/slacktivity.com\/pt-pt\/wp-json\/wp\/v2\/types\/product"}],"replies":[{"embeddable":true,"href":"https:\/\/slacktivity.com\/pt-pt\/wp-json\/wp\/v2\/comments?post=7224"}],"wp:featuredmedia":[{"embeddable":true,"href":"https:\/\/slacktivity.com\/pt-pt\/wp-json\/wp\/v2\/media\/16262"}],"wp:attachment":[{"href":"https:\/\/slacktivity.com\/pt-pt\/wp-json\/wp\/v2\/media?parent=7224"}],"wp:term":[{"taxonomy":"product_cat","embeddable":true,"href":"https:\/\/slacktivity.com\/pt-pt\/wp-json\/wp\/v2\/product_cat?post=7224"},{"taxonomy":"product_tag","embeddable":true,"href":"https:\/\/slacktivity.com\/pt-pt\/wp-json\/wp\/v2\/product_tag?post=7224"}],"curies":[{"name":"wp","href":"https:\/\/api.w.org\/{rel}","templated":true}]}}