{"id":7256,"date":"2026-02-07T05:39:12","date_gmt":"2026-02-07T05:39:12","guid":{"rendered":"http:\/\/slacktivity.com\/shop\/kit-de-slackline-primitivo-leve-facil-de-montar\/"},"modified":"2025-02-12T14:32:45","modified_gmt":"2025-02-12T14:32:45","slug":"slackline-primitivo","status":"publish","type":"product","link":"https:\/\/slacktivity.com\/pt-pt\/shop\/slackline-primitivo\/","title":{"rendered":"Kit de Slackline Primitivo | Leve &#038; F\u00e1cil de Montar"},"content":{"rendered":"<h2>Kit de Slackline Primitivo &#8211; Escolha a Sua Linha!<\/h2>\n<p>Finalmente, uma solu\u00e7\u00e3o entre os nossos <a href=\"https:\/\/slacktivity.com\/pt-pt\/category\/kits-de-slackline\/kit-de-slackline-para-iniciantes\/\">kits de inicia\u00e7\u00e3o<\/a> (Minimum, Allround &amp; Expert) e os kits com Hangover Pulley System! O <strong><a href=\"https:\/\/slacktivity.com\/pt-pt\/category\/kits-de-slackline\/\">Kit de Slackline <\/a>Primitivo<\/strong> tem um pre\u00e7o acess\u00edvel, \u00e9 uma solu\u00e7\u00e3o leve, com v\u00e1rios benef\u00edcios na <strong>montagem<\/strong>, gra\u00e7as ao<strong>HangOver, <\/strong> aos <strong>slings ajust\u00e1veis e \u00e0 Small Rigging Plate<\/strong>. \u00c9 a solu\u00e7\u00e3o perfeita quando se quer algo mais do que uma linha pequena, mas ainda n\u00e3o se procura um kit mais complexo e caro.<\/p>\n<h3>Que linha deve escolher?<\/h3>\n<ul>\n<li>Escolha a <strong><a href=\"https:\/\/slacktivity.com\/shop\/pinktube-slackline-tubular-webbing\/\">PinkTube<\/a> ou a <a href=\"https:\/\/slacktivity.com\/shop\/lsdtube-webbing\/\">LSDTube<\/a> (30 metros)<\/strong> se pretende um kit leve e divertir-se numa linha super din\u00e2mica at\u00e9 25 metros.. Com este sistema de montagem (gra\u00e7as ao multiplicador), \u00e9 poss\u00edvel tensionar a super el\u00e1stica <a href=\"https:\/\/slacktivity.com\/shop\/pinktube-slackline-tubular-webbing\/\">PinkTube<\/a> sem ter que se colocar as ancoragens de demasiado altas.<\/li>\n<li>Escolha a <a href=\"https:\/\/slacktivity.com\/?post_type=product&#038;p=6533\"><strong>2Faces<\/strong><\/a><strong> (50 metros)<\/strong> se pretende linhas mais baixas e menos el\u00e1sticas (7,2% @10kN). Esta linha de polyester torna o tensionamento bastante mais f\u00e1cil. Perfeita se o objetivo \u00e9 andar maiores dist\u00e2ncias em linhas no parque, fazer manobras est\u00e1ticas e tentar as primeiras surfadas.<\/li>\n<\/ul>\n<p>Se o objetivo \u00e9 o highlining, escolha as linhas de slackline mais el\u00e1sticas (redTube &amp; pinkTube), que tamb\u00e9m permitem bouce trick e surfwalks mais divertidos.<\/p>\n<p><strong>Nota:<\/strong> apesar de tanto a pinkTube como a redTube serem linhas certificadas pela <a href=\"https:\/\/www.slacklineinternational.org\/\" target=\"_blank\" rel=\"noopener\">ISA<\/a> para highline, o Kit de Slackline Primitivo n\u00e3o \u00e9 recomendado para a montagem de highlines.<\/p>\n<h3>Os Benef\u00edcios do Kit de Slackline Primitivo da Slacktivity:<\/h3>\n<p><strong>Slings ajust\u00e1veis<\/strong><\/p>\n<ul>\n<li>Gra\u00e7as aos <strong>slings ajust\u00e1veis<\/strong> \u00e9 poss\u00edvel ajustar o sistema ao di\u00e2metro de diferentes \u00e1rvores. O velcro que tem no interior permite que se fixe \u00e0 prote\u00e7\u00e3o de \u00e1rvore, evitando que deslize. Tamb\u00e9m permite a coloca\u00e7\u00e3o direta da <a href=\"https:\/\/slacktivity.com\/shop\/small-riggingplate\/\">Small Rigging Plate, <\/a>sem um conector extra.. Ocupam pouco volume e s\u00e3o muito leves, quando comparados com outros slings.<\/li>\n<\/ul>\n<p><strong>Small Rigging Plate<\/strong><\/p>\n<ul>\n<li>A <a href=\"https:\/\/slacktivity.com\/shop\/small-riggingplate\/\">Small Rigging Plate<\/a> previne que o mosquet\u00e3o seja sujeito a <strong>triloading.<\/strong> Triloading enfraquece um mostquet\u00e3o, mesmo num slackline primitivo. Com este setup isso n\u00e3o acontece. Os orif\u00edcios adicionais permitem a coloca\u00e7\u00e3o do multiplicador.<\/li>\n<\/ul>\n<p><strong>O HangOver<\/strong><\/p>\n<ul>\n<li>O <strong>HangOver como multiplicador<\/strong> assegura que consegue aplicar a tens\u00e3o desejada na linha. O HangOver coloca menos fric\u00e7\u00e3o de que um mosquet\u00e3o, o que significa maior efici\u00eancia. Para al\u00e9m disso, come\u00e7a a preparar-se para uma carreira de <strong>highline<\/strong>, pois j\u00e1 tem o seu HangOver!<\/li>\n<li>Com este Kit de Slackline Primitivo ir\u00e1 adquirir algumas das pe\u00e7as que constituem um HangOver Pulley System. Com um <a href=\"https:\/\/slacktivity.com\/shop\/t-grip-webbing-grip-tool\/\">T-Grip<\/a>, SoftRelease, SeaHorse e 2 HangOvers, estar\u00e1 preparado para montar linhas de 50 metros e talvez at\u00e9 mais, dependendo da tens\u00e3o.<\/li>\n<\/ul>\n<h4>veja como montar o Kit de Slackline Primitivo e descubra como \u00e9 f\u00e1cil.<\/h4>\n<div class=\"iframe-container\"><iframe width=\"560\" height=\"315\" src=\"https:\/\/www.youtube.com\/embed\/uswp3_q4lNY\" title=\"YouTube video player\" frameborder=\"0\" allow=\"accelerometer; autoplay; clipboard-write; encrypted-media; gyroscope; picture-in-picture\" allowfullscreen><\/iframe><\/div>\n","protected":false},"excerpt":{"rendered":"<p>O <strong>Kit Primitivo da Slacktivity<\/strong> \u00e9 de montagem simples, super leve e permite escolher entre v\u00e1rios tipos de linha.<\/p>\n","protected":false},"featured_media":14131,"comment_status":"open","ping_status":"closed","template":"","meta":{"_acf_changed":false,"_joinchat":[]},"product_cat":[522,524,520,521],"product_tag":[549,960,555,560,563],"class_list":{"0":"post-7256","1":"product","2":"type-product","3":"status-publish","4":"has-post-thumbnail","6":"product_cat-kit-de-slackline-para-iniciantes","7":"product_cat-kits-de-longline","8":"product_cat-kits-de-slackline","9":"product_cat-kits-de-slackline-avancados","10":"product_tag-iniciantes","11":"product_tag-kits-primitivos","12":"product_tag-longline","13":"product_tag-para-viajar","14":"product_tag-yoga-slackline","15":"pa_brand-slacktivity-pt-pt","16":"pa_stretch-high","17":"pa_stretch-low","18":"pa_webbing-material-nylon-pt-pt-2","19":"pa_webbing-material-poliester","21":"first","22":"instock","23":"featured","24":"taxable","25":"shipping-taxable","26":"purchasable","27":"product-type-variable","swatches":"rey-swatches","show_selected":""},"acf":[],"yoast_head":"<!-- This site is optimized with the Yoast SEO plugin v27.4 - https:\/\/yoast.com\/product\/yoast-seo-wordpress\/ -->\n<title>Slackline Primitivo - Leve &amp; F\u00e1cil de Montar | SLACKTIVITY<\/title>\n<meta name=\"description\" content=\"O kit de Slackline Primitivo da Slacktivity \u00e9 de montagem super simples, muito leve e permite a escolha entre v\u00e1rios tipos de linha.\" \/>\n<meta name=\"robots\" content=\"index, follow, max-snippet:-1, max-image-preview:large, max-video-preview:-1\" \/>\n<link rel=\"canonical\" href=\"https:\/\/slacktivity.com\/pt-pt\/shop\/slackline-primitivo\/\" \/>\n<meta property=\"og:locale\" content=\"pt_PT\" \/>\n<meta property=\"og:type\" content=\"article\" \/>\n<meta property=\"og:title\" content=\"Slackline Primitivo - Leve &amp; F\u00e1cil de Montar | SLACKTIVITY\" \/>\n<meta property=\"og:description\" content=\"O kit de Slackline Primitivo da Slacktivity \u00e9 de montagem super simples, muito leve e permite a escolha entre v\u00e1rios tipos de linha.\" \/>\n<meta property=\"og:url\" content=\"https:\/\/slacktivity.com\/pt-pt\/shop\/slackline-primitivo\/\" \/>\n<meta property=\"og:site_name\" content=\"Slacktivity Slacklines International Shop\" \/>\n<meta property=\"article:publisher\" content=\"https:\/\/www.facebook.com\/SLACKTIVITY\/\" \/>\n<meta property=\"og:image\" content=\"https:\/\/slacktivity.com\/wp-content\/uploads\/2021\/06\/primitive-slackline-kit-30-50.jpg\" \/>\n\t<meta property=\"og:image:width\" content=\"1180\" \/>\n\t<meta property=\"og:image:height\" content=\"1377\" \/>\n\t<meta property=\"og:image:type\" content=\"image\/jpeg\" \/>\n<meta name=\"twitter:card\" content=\"summary_large_image\" \/>\n<meta name=\"twitter:label1\" content=\"Tempo estimado de leitura\" \/>\n\t<meta name=\"twitter:data1\" content=\"2 minutos\" \/>\n<script type=\"application\/ld+json\" class=\"yoast-schema-graph\">{\"@context\":\"https:\\\/\\\/schema.org\",\"@graph\":[{\"@type\":\"WebPage\",\"@id\":\"https:\\\/\\\/slacktivity.com\\\/pt-pt\\\/shop\\\/slackline-primitivo\\\/\",\"url\":\"https:\\\/\\\/slacktivity.com\\\/pt-pt\\\/shop\\\/slackline-primitivo\\\/\",\"name\":\"Slackline Primitivo - Leve & F\u00e1cil de Montar | SLACKTIVITY\",\"isPartOf\":{\"@id\":\"https:\\\/\\\/slacktivity.com\\\/pt-pt\\\/#website\"},\"primaryImageOfPage\":{\"@id\":\"https:\\\/\\\/slacktivity.com\\\/pt-pt\\\/shop\\\/slackline-primitivo\\\/#primaryimage\"},\"image\":{\"@id\":\"https:\\\/\\\/slacktivity.com\\\/pt-pt\\\/shop\\\/slackline-primitivo\\\/#primaryimage\"},\"thumbnailUrl\":\"https:\\\/\\\/slacktivity.com\\\/wp-content\\\/uploads\\\/2023\\\/06\\\/primitive-slackline-kit-set-30m-50m-1.jpg\",\"datePublished\":\"2026-02-07T05:39:12+00:00\",\"description\":\"O kit de Slackline Primitivo da Slacktivity \u00e9 de montagem super simples, muito leve e permite a escolha entre v\u00e1rios tipos de linha.\",\"breadcrumb\":{\"@id\":\"https:\\\/\\\/slacktivity.com\\\/pt-pt\\\/shop\\\/slackline-primitivo\\\/#breadcrumb\"},\"inLanguage\":\"pt-PT\",\"potentialAction\":[{\"@type\":\"ReadAction\",\"target\":[\"https:\\\/\\\/slacktivity.com\\\/pt-pt\\\/shop\\\/slackline-primitivo\\\/\"]}]},{\"@type\":\"ImageObject\",\"inLanguage\":\"pt-PT\",\"@id\":\"https:\\\/\\\/slacktivity.com\\\/pt-pt\\\/shop\\\/slackline-primitivo\\\/#primaryimage\",\"url\":\"https:\\\/\\\/slacktivity.com\\\/wp-content\\\/uploads\\\/2023\\\/06\\\/primitive-slackline-kit-set-30m-50m-1.jpg\",\"contentUrl\":\"https:\\\/\\\/slacktivity.com\\\/wp-content\\\/uploads\\\/2023\\\/06\\\/primitive-slackline-kit-set-30m-50m-1.jpg\",\"width\":1180,\"height\":1377,\"caption\":\"primitive slackline kit set 30m 50m\"},{\"@type\":\"BreadcrumbList\",\"@id\":\"https:\\\/\\\/slacktivity.com\\\/pt-pt\\\/shop\\\/slackline-primitivo\\\/#breadcrumb\",\"itemListElement\":[{\"@type\":\"ListItem\",\"position\":1,\"name\":\"Home\",\"item\":\"https:\\\/\\\/slacktivity.com\\\/pt-pt\\\/\"},{\"@type\":\"ListItem\",\"position\":2,\"name\":\"loja\",\"item\":\"https:\\\/\\\/slacktivity.com\\\/pt-pt\\\/loja\\\/\"},{\"@type\":\"ListItem\",\"position\":3,\"name\":\"Kit de Slackline Primitivo | Leve &#038; F\u00e1cil de Montar\"}]},{\"@type\":\"WebSite\",\"@id\":\"https:\\\/\\\/slacktivity.com\\\/pt-pt\\\/#website\",\"url\":\"https:\\\/\\\/slacktivity.com\\\/pt-pt\\\/\",\"name\":\"Slacktivity Slacklines International Shop\",\"description\":\"Discover the innovative products of Slacktivity. Swiss designed premium slackline gear. Advice from our experts for the best and a safe slackline experience.\",\"publisher\":{\"@id\":\"https:\\\/\\\/slacktivity.com\\\/pt-pt\\\/#organization\"},\"potentialAction\":[{\"@type\":\"SearchAction\",\"target\":{\"@type\":\"EntryPoint\",\"urlTemplate\":\"https:\\\/\\\/slacktivity.com\\\/pt-pt\\\/?s={search_term_string}\"},\"query-input\":{\"@type\":\"PropertyValueSpecification\",\"valueRequired\":true,\"valueName\":\"search_term_string\"}}],\"inLanguage\":\"pt-PT\"},{\"@type\":\"Organization\",\"@id\":\"https:\\\/\\\/slacktivity.com\\\/pt-pt\\\/#organization\",\"name\":\"Slacktivity Slacklines\",\"url\":\"https:\\\/\\\/slacktivity.com\\\/pt-pt\\\/\",\"logo\":{\"@type\":\"ImageObject\",\"inLanguage\":\"pt-PT\",\"@id\":\"https:\\\/\\\/slacktivity.com\\\/pt-pt\\\/#\\\/schema\\\/logo\\\/image\\\/\",\"url\":\"https:\\\/\\\/slacktivity.com\\\/wp-content\\\/uploads\\\/2021\\\/01\\\/slacktivity-slackline-online-shop-1.png\",\"contentUrl\":\"https:\\\/\\\/slacktivity.com\\\/wp-content\\\/uploads\\\/2021\\\/01\\\/slacktivity-slackline-online-shop-1.png\",\"width\":200,\"height\":77,\"caption\":\"Slacktivity Slacklines\"},\"image\":{\"@id\":\"https:\\\/\\\/slacktivity.com\\\/pt-pt\\\/#\\\/schema\\\/logo\\\/image\\\/\"},\"sameAs\":[\"https:\\\/\\\/www.facebook.com\\\/SLACKTIVITY\\\/\",\"https:\\\/\\\/www.instagram.com\\\/slacktivity\\\/\"]}]}<\/script>\n<!-- \/ Yoast SEO plugin. -->","yoast_head_json":{"title":"Slackline Primitivo - Leve & F\u00e1cil de Montar | SLACKTIVITY","description":"O kit de Slackline Primitivo da Slacktivity \u00e9 de montagem super simples, muito leve e permite a escolha entre v\u00e1rios tipos de linha.","robots":{"index":"index","follow":"follow","max-snippet":"max-snippet:-1","max-image-preview":"max-image-preview:large","max-video-preview":"max-video-preview:-1"},"canonical":"https:\/\/slacktivity.com\/pt-pt\/shop\/slackline-primitivo\/","og_locale":"pt_PT","og_type":"article","og_title":"Slackline Primitivo - Leve & F\u00e1cil de Montar | SLACKTIVITY","og_description":"O kit de Slackline Primitivo da Slacktivity \u00e9 de montagem super simples, muito leve e permite a escolha entre v\u00e1rios tipos de linha.","og_url":"https:\/\/slacktivity.com\/pt-pt\/shop\/slackline-primitivo\/","og_site_name":"Slacktivity Slacklines International Shop","article_publisher":"https:\/\/www.facebook.com\/SLACKTIVITY\/","og_image":[{"width":1180,"height":1377,"url":"https:\/\/slacktivity.com\/wp-content\/uploads\/2021\/06\/primitive-slackline-kit-30-50.jpg","type":"image\/jpeg"}],"twitter_card":"summary_large_image","twitter_misc":{"Tempo estimado de leitura":"2 minutos"},"schema":{"@context":"https:\/\/schema.org","@graph":[{"@type":"WebPage","@id":"https:\/\/slacktivity.com\/pt-pt\/shop\/slackline-primitivo\/","url":"https:\/\/slacktivity.com\/pt-pt\/shop\/slackline-primitivo\/","name":"Slackline Primitivo - Leve & F\u00e1cil de Montar | SLACKTIVITY","isPartOf":{"@id":"https:\/\/slacktivity.com\/pt-pt\/#website"},"primaryImageOfPage":{"@id":"https:\/\/slacktivity.com\/pt-pt\/shop\/slackline-primitivo\/#primaryimage"},"image":{"@id":"https:\/\/slacktivity.com\/pt-pt\/shop\/slackline-primitivo\/#primaryimage"},"thumbnailUrl":"https:\/\/slacktivity.com\/wp-content\/uploads\/2023\/06\/primitive-slackline-kit-set-30m-50m-1.jpg","datePublished":"2026-02-07T05:39:12+00:00","description":"O kit de Slackline Primitivo da Slacktivity \u00e9 de montagem super simples, muito leve e permite a escolha entre v\u00e1rios tipos de linha.","breadcrumb":{"@id":"https:\/\/slacktivity.com\/pt-pt\/shop\/slackline-primitivo\/#breadcrumb"},"inLanguage":"pt-PT","potentialAction":[{"@type":"ReadAction","target":["https:\/\/slacktivity.com\/pt-pt\/shop\/slackline-primitivo\/"]}]},{"@type":"ImageObject","inLanguage":"pt-PT","@id":"https:\/\/slacktivity.com\/pt-pt\/shop\/slackline-primitivo\/#primaryimage","url":"https:\/\/slacktivity.com\/wp-content\/uploads\/2023\/06\/primitive-slackline-kit-set-30m-50m-1.jpg","contentUrl":"https:\/\/slacktivity.com\/wp-content\/uploads\/2023\/06\/primitive-slackline-kit-set-30m-50m-1.jpg","width":1180,"height":1377,"caption":"primitive slackline kit set 30m 50m"},{"@type":"BreadcrumbList","@id":"https:\/\/slacktivity.com\/pt-pt\/shop\/slackline-primitivo\/#breadcrumb","itemListElement":[{"@type":"ListItem","position":1,"name":"Home","item":"https:\/\/slacktivity.com\/pt-pt\/"},{"@type":"ListItem","position":2,"name":"loja","item":"https:\/\/slacktivity.com\/pt-pt\/loja\/"},{"@type":"ListItem","position":3,"name":"Kit de Slackline Primitivo | Leve &#038; F\u00e1cil de Montar"}]},{"@type":"WebSite","@id":"https:\/\/slacktivity.com\/pt-pt\/#website","url":"https:\/\/slacktivity.com\/pt-pt\/","name":"Slacktivity Slacklines International Shop","description":"Discover the innovative products of Slacktivity. Swiss designed premium slackline gear. Advice from our experts for the best and a safe slackline experience.","publisher":{"@id":"https:\/\/slacktivity.com\/pt-pt\/#organization"},"potentialAction":[{"@type":"SearchAction","target":{"@type":"EntryPoint","urlTemplate":"https:\/\/slacktivity.com\/pt-pt\/?s={search_term_string}"},"query-input":{"@type":"PropertyValueSpecification","valueRequired":true,"valueName":"search_term_string"}}],"inLanguage":"pt-PT"},{"@type":"Organization","@id":"https:\/\/slacktivity.com\/pt-pt\/#organization","name":"Slacktivity Slacklines","url":"https:\/\/slacktivity.com\/pt-pt\/","logo":{"@type":"ImageObject","inLanguage":"pt-PT","@id":"https:\/\/slacktivity.com\/pt-pt\/#\/schema\/logo\/image\/","url":"https:\/\/slacktivity.com\/wp-content\/uploads\/2021\/01\/slacktivity-slackline-online-shop-1.png","contentUrl":"https:\/\/slacktivity.com\/wp-content\/uploads\/2021\/01\/slacktivity-slackline-online-shop-1.png","width":200,"height":77,"caption":"Slacktivity Slacklines"},"image":{"@id":"https:\/\/slacktivity.com\/pt-pt\/#\/schema\/logo\/image\/"},"sameAs":["https:\/\/www.facebook.com\/SLACKTIVITY\/","https:\/\/www.instagram.com\/slacktivity\/"]}]}},"_links":{"self":[{"href":"https:\/\/slacktivity.com\/pt-pt\/wp-json\/wp\/v2\/product\/7256","targetHints":{"allow":["GET"]}}],"collection":[{"href":"https:\/\/slacktivity.com\/pt-pt\/wp-json\/wp\/v2\/product"}],"about":[{"href":"https:\/\/slacktivity.com\/pt-pt\/wp-json\/wp\/v2\/types\/product"}],"replies":[{"embeddable":true,"href":"https:\/\/slacktivity.com\/pt-pt\/wp-json\/wp\/v2\/comments?post=7256"}],"wp:featuredmedia":[{"embeddable":true,"href":"https:\/\/slacktivity.com\/pt-pt\/wp-json\/wp\/v2\/media\/14131"}],"wp:attachment":[{"href":"https:\/\/slacktivity.com\/pt-pt\/wp-json\/wp\/v2\/media?parent=7256"}],"wp:term":[{"taxonomy":"product_cat","embeddable":true,"href":"https:\/\/slacktivity.com\/pt-pt\/wp-json\/wp\/v2\/product_cat?post=7256"},{"taxonomy":"product_tag","embeddable":true,"href":"https:\/\/slacktivity.com\/pt-pt\/wp-json\/wp\/v2\/product_tag?post=7256"}],"curies":[{"name":"wp","href":"https:\/\/api.w.org\/{rel}","templated":true}]}}