{"id":7281,"date":"2022-04-25T10:38:36","date_gmt":"2021-08-10T13:47:34","guid":{"rendered":"http:\/\/slacktivity.com\/shop\/slackline-yoga-kit\/"},"modified":"2022-02-25T11:16:17","modified_gmt":"2022-02-25T11:16:17","slug":"slackline-yoga-kit","status":"publish","type":"product","link":"https:\/\/slacktivity.com\/pt-pt\/shop\/slackline-yoga-kit\/","title":{"rendered":"Slackline YOGA kit"},"content":{"rendered":"<h2>Slackline YOGA kit<\/h2>\n<p>O <strong>Slackline Yoga kit<\/strong> foi pensado especialmente para responder \u00e0s necessidades de um praticante de yoga, sendo ideal para fazer asanas e truques est\u00e1ticos. Tamb\u00e9m \u00e9 um excelente solu\u00e7\u00e3o para treinar para as primeiras tentativas de <a href=\"\/?product_cat=highline-equipement\">highline<\/a>. A <a href=\"\/shop\/pinktube-30m-200m\/\">linha pinkTube<\/a>, com 30 metros, \u00e9 perfeita para iniciantes ambiciosos, assim como para yoga slackliners mais avan\u00e7ados.<\/p>\n<p>A extremidades suaves e a ader\u00eancia da pinkTube tornam as posturas de yoga mais confort\u00e1veis e est\u00e1veis. Para praticar yoga slackline a tens\u00e3o dever\u00e1 ter aproximadamente 10% (cerca de 1.5m de sag quando a linha \u00e9 montada com 15m de comprimento). O Hangover Pulley de 3: 1 \u00e9 super leve e permite que a linha seja tensionada com essa tens\u00e3o, atrav\u00e9s de um processo muito simples. O seaHorse permite um \u00f3timo pre-tensionamento e o m\u00e1ximo de seguran\u00e7a. Com a ajuda do <a href=\"https:\/\/slacktivity.com\/pt-pt\/category\/slackline-soft-release\/\">softRelease<\/a>, o slackline \u00e9 f\u00e1cilmente desmontado. Os slings ajust\u00e1veis e as prote\u00e7\u00f5es de \u00e1rvore, com 2.4m, permitem a montagem deste slackline em \u00e1rvores mais grossas. Os <a href=\"https:\/\/slacktivity.com\/pt-pt\/category\/slings-de-ligacao\/\">slings<\/a> s\u00e3o ajust\u00e1veis, o que significa que as partes met\u00e1licas ficam pr\u00f3ximas da \u00e1rvore, reduzindo as vibra\u00e7\u00f5es.<\/p>\n<h3>Leve e f\u00e1cil de montar<\/h3>\n<p>O Slackline Yoga Set impressiona, com um peso de apenas 4.15 kg. Para al\u00e9m disso, o sistema oferece a vantagem de deixar menos componentes na linha, o que significa que a linha pode ser caminhada na sua totalidade . A montagem \u00e9 super simples e feita em dois ou tr\u00eas passos (3: 1-&gt; 9: 1 ou 3: 1-&gt; 5: 1-&gt; 15: 1). A linha est\u00e1 sempre bloqueada no seaHorse durante o tensionamento, o que oferece seguran\u00e7a extra.<\/p>\n<h3>Conte\u00fado do Slackline YOGA Kit<\/h3>\n<ul>\n<li>1x 30m pinkTube Type A, com 2 end loops e um backup loop<\/li>\n<li>1x seaHorse-DP<\/li>\n<li>1x softRelease<\/li>\n<li>1x HangOver<\/li>\n<li>1x T-Grip<\/li>\n<li>2x KingPin Shackle<\/li>\n<li>2x ConnectionLoop<\/li>\n<li>2x 2.4 M TreeSling<\/li>\n<li>2x 2.4 M TreeProtector 3.0<\/li>\n<li>1x SLACKTIVITY-BackPack<\/li>\n<\/ul>\n<p><strong>WLL<\/strong> (Total do sistema): 8kN<\/p>\n<p><strong>Peso<\/strong>: 4.15kg<\/p>\n<p>Andrea Dattoli &#8211; provavelmente a mais vers\u00e1til entre os Yoga slackliners &#8211; recomenda este slackline pelo, conforto e fluidez.<\/p>\n<h3>O Slackline YOGA Kit<\/h3>\n<p>O Yoga slacklining combina\u00e7\u00e3o extraordin\u00e1ria entre Slackline e Yoga, sendo uma pr\u00e1tica perfeita para desenvolver a consci\u00eancia corporal, percep\u00e7\u00e3o, postura e equil\u00edbrio, atrav\u00e9s de uma infinidade de possibilidades, desafios e posturas. Tente fazer as posi\u00e7\u00f5es de yoga que conhece no slackline e mant\u00ea-las pelo tempo que conseguir. Pode entrar mais dicas e sugest\u00f5es nos <a title=\"Slackline Yoga tutorials\" href=\"https:\/\/www.youtube.com\/watch?v=gYcVNXgS0GE&amp;list=PL2ae3RzWQ3UGvoYa72lvmo_PKNSqH5tBK\" target=\"_blank\" rel=\"noopener\">tutoriais de slackline yoga <\/a> da Andrea Dattoli. Praticantes avan\u00e7ados tentar tentam fazer v\u00e1rias posturas com as devidas transi\u00e7\u00f5es entre elas, combinando diversas posi\u00e7\u00f5es em movimentos fluidos e controlados.<\/p>\n<p><strong>Lei a compreenda o manual (PDF abaixo de &#8220;Product Attachments&#8221;) antes de usar o Slackline YOGA kit.<\/strong><\/p>\n<h4><\/h4>\n<p style=\"text-align: left;\"><strong>V\u00eddeo sobre como usar o &#8220;Hagover Pulley System&#8221;<\/strong><\/p>\n<div class=\"iframe-container\"><iframe title=\"YouTube video player\" src=\"https:\/\/www.youtube.com\/embed\/rEdHMDOHbOw\" width=\"560\" height=\"315\" frameborder=\"0\" allowfullscreen=\"allowfullscreen\"><\/iframe><\/div>\n","protected":false},"excerpt":{"rendered":"<p>Introduza novos desafios \u00e0 pr\u00e1tica de yoga com o Slackline Yoga Kit da SLACKTIVITY. Recomendado pela incr\u00edvel Yoga Slackliner Andrea Dattoli.<\/p>\n","protected":false},"featured_media":12737,"comment_status":"open","ping_status":"closed","template":"","meta":{"_acf_changed":false,"_joinchat":[]},"product_cat":[520,534,527],"product_tag":[959,563],"class_list":{"0":"post-7281","1":"product","2":"type-product","3":"status-publish","4":"has-post-thumbnail","6":"product_cat-kits-de-slackline","7":"product_cat-sem-categoria","8":"product_cat-slackline-yoga-sets","9":"product_tag-kits-com-hangover-pulley","10":"product_tag-yoga-slackline","11":"pa_brand-slacktivity-pt-pt","12":"pa_stretch-high","13":"pa_webbing-material-nylon-pt-pt-2","15":"first","16":"instock","17":"taxable","18":"shipping-taxable","19":"purchasable","20":"product-type-simple","swatches":"rey-swatches","show_selected":""},"acf":[],"yoast_head":"<!-- This site is optimized with the Yoast SEO plugin v27.4 - https:\/\/yoast.com\/product\/yoast-seo-wordpress\/ -->\n<title>Slackline YOGA Kit | SLACKTVITY Slackline Shop<\/title>\n<meta name=\"description\" content=\"Introduza novos desafios \u00e0 pr\u00e1tica de yoga com o Slackline Yoga Kit da SLACKTIVITY. Recomendado para Yoga Slackliner, Andrea Dattoli.\" \/>\n<meta name=\"robots\" content=\"index, follow, max-snippet:-1, max-image-preview:large, max-video-preview:-1\" \/>\n<link rel=\"canonical\" href=\"https:\/\/slacktivity.com\/pt-pt\/shop\/slackline-yoga-kit\/\" \/>\n<meta property=\"og:locale\" content=\"pt_PT\" \/>\n<meta property=\"og:type\" content=\"article\" \/>\n<meta property=\"og:title\" content=\"Slackline YOGA Kit | SLACKTVITY Slackline Shop\" \/>\n<meta property=\"og:description\" content=\"Introduza novos desafios \u00e0 pr\u00e1tica de yoga com o Slackline Yoga Kit da SLACKTIVITY. Recomendado para Yoga Slackliner, Andrea Dattoli.\" \/>\n<meta property=\"og:url\" content=\"https:\/\/slacktivity.com\/pt-pt\/shop\/slackline-yoga-kit\/\" \/>\n<meta property=\"og:site_name\" content=\"Slacktivity Slacklines International Shop\" \/>\n<meta property=\"article:publisher\" content=\"https:\/\/www.facebook.com\/SLACKTIVITY\/\" \/>\n<meta property=\"article:modified_time\" content=\"2022-02-25T11:16:17+00:00\" \/>\n<meta property=\"og:image\" content=\"https:\/\/slacktivity.com\/wp-content\/uploads\/2021\/02\/slackline-yoga-set.jpg.jpg\" \/>\n\t<meta property=\"og:image:width\" content=\"1180\" \/>\n\t<meta property=\"og:image:height\" content=\"1377\" \/>\n\t<meta property=\"og:image:type\" content=\"image\/jpeg\" \/>\n<meta name=\"twitter:card\" content=\"summary_large_image\" \/>\n<meta name=\"twitter:label1\" content=\"Tempo estimado de leitura\" \/>\n\t<meta name=\"twitter:data1\" content=\"2 minutos\" \/>\n<script type=\"application\/ld+json\" class=\"yoast-schema-graph\">{\"@context\":\"https:\\\/\\\/schema.org\",\"@graph\":[{\"@type\":\"WebPage\",\"@id\":\"https:\\\/\\\/slacktivity.com\\\/pt-pt\\\/shop\\\/slackline-yoga-kit\\\/\",\"url\":\"https:\\\/\\\/slacktivity.com\\\/pt-pt\\\/shop\\\/slackline-yoga-kit\\\/\",\"name\":\"Slackline YOGA Kit | SLACKTVITY Slackline Shop\",\"isPartOf\":{\"@id\":\"https:\\\/\\\/slacktivity.com\\\/pt-pt\\\/#website\"},\"primaryImageOfPage\":{\"@id\":\"https:\\\/\\\/slacktivity.com\\\/pt-pt\\\/shop\\\/slackline-yoga-kit\\\/#primaryimage\"},\"image\":{\"@id\":\"https:\\\/\\\/slacktivity.com\\\/pt-pt\\\/shop\\\/slackline-yoga-kit\\\/#primaryimage\"},\"thumbnailUrl\":\"https:\\\/\\\/slacktivity.com\\\/wp-content\\\/uploads\\\/2023\\\/09\\\/slackline-yoga-set.jpg\",\"datePublished\":\"2021-08-10T13:47:34+00:00\",\"dateModified\":\"2022-02-25T11:16:17+00:00\",\"description\":\"Introduza novos desafios \u00e0 pr\u00e1tica de yoga com o Slackline Yoga Kit da SLACKTIVITY. Recomendado para Yoga Slackliner, Andrea Dattoli.\",\"breadcrumb\":{\"@id\":\"https:\\\/\\\/slacktivity.com\\\/pt-pt\\\/shop\\\/slackline-yoga-kit\\\/#breadcrumb\"},\"inLanguage\":\"pt-PT\",\"potentialAction\":[{\"@type\":\"ReadAction\",\"target\":[\"https:\\\/\\\/slacktivity.com\\\/pt-pt\\\/shop\\\/slackline-yoga-kit\\\/\"]}]},{\"@type\":\"ImageObject\",\"inLanguage\":\"pt-PT\",\"@id\":\"https:\\\/\\\/slacktivity.com\\\/pt-pt\\\/shop\\\/slackline-yoga-kit\\\/#primaryimage\",\"url\":\"https:\\\/\\\/slacktivity.com\\\/wp-content\\\/uploads\\\/2023\\\/09\\\/slackline-yoga-set.jpg\",\"contentUrl\":\"https:\\\/\\\/slacktivity.com\\\/wp-content\\\/uploads\\\/2023\\\/09\\\/slackline-yoga-set.jpg\",\"width\":1180,\"height\":1377,\"caption\":\"slackline yoga set\"},{\"@type\":\"BreadcrumbList\",\"@id\":\"https:\\\/\\\/slacktivity.com\\\/pt-pt\\\/shop\\\/slackline-yoga-kit\\\/#breadcrumb\",\"itemListElement\":[{\"@type\":\"ListItem\",\"position\":1,\"name\":\"Home\",\"item\":\"https:\\\/\\\/slacktivity.com\\\/pt-pt\\\/\"},{\"@type\":\"ListItem\",\"position\":2,\"name\":\"loja\",\"item\":\"https:\\\/\\\/slacktivity.com\\\/pt-pt\\\/loja\\\/\"},{\"@type\":\"ListItem\",\"position\":3,\"name\":\"Slackline YOGA kit\"}]},{\"@type\":\"WebSite\",\"@id\":\"https:\\\/\\\/slacktivity.com\\\/pt-pt\\\/#website\",\"url\":\"https:\\\/\\\/slacktivity.com\\\/pt-pt\\\/\",\"name\":\"Slacktivity Slacklines International Shop\",\"description\":\"Discover the innovative products of Slacktivity. Swiss designed premium slackline gear. Advice from our experts for the best and a safe slackline experience.\",\"publisher\":{\"@id\":\"https:\\\/\\\/slacktivity.com\\\/pt-pt\\\/#organization\"},\"potentialAction\":[{\"@type\":\"SearchAction\",\"target\":{\"@type\":\"EntryPoint\",\"urlTemplate\":\"https:\\\/\\\/slacktivity.com\\\/pt-pt\\\/?s={search_term_string}\"},\"query-input\":{\"@type\":\"PropertyValueSpecification\",\"valueRequired\":true,\"valueName\":\"search_term_string\"}}],\"inLanguage\":\"pt-PT\"},{\"@type\":\"Organization\",\"@id\":\"https:\\\/\\\/slacktivity.com\\\/pt-pt\\\/#organization\",\"name\":\"Slacktivity Slacklines\",\"url\":\"https:\\\/\\\/slacktivity.com\\\/pt-pt\\\/\",\"logo\":{\"@type\":\"ImageObject\",\"inLanguage\":\"pt-PT\",\"@id\":\"https:\\\/\\\/slacktivity.com\\\/pt-pt\\\/#\\\/schema\\\/logo\\\/image\\\/\",\"url\":\"https:\\\/\\\/slacktivity.com\\\/wp-content\\\/uploads\\\/2021\\\/01\\\/slacktivity-slackline-online-shop-1.png\",\"contentUrl\":\"https:\\\/\\\/slacktivity.com\\\/wp-content\\\/uploads\\\/2021\\\/01\\\/slacktivity-slackline-online-shop-1.png\",\"width\":200,\"height\":77,\"caption\":\"Slacktivity Slacklines\"},\"image\":{\"@id\":\"https:\\\/\\\/slacktivity.com\\\/pt-pt\\\/#\\\/schema\\\/logo\\\/image\\\/\"},\"sameAs\":[\"https:\\\/\\\/www.facebook.com\\\/SLACKTIVITY\\\/\",\"https:\\\/\\\/www.instagram.com\\\/slacktivity\\\/\"]}]}<\/script>\n<!-- \/ Yoast SEO plugin. -->","yoast_head_json":{"title":"Slackline YOGA Kit | SLACKTVITY Slackline Shop","description":"Introduza novos desafios \u00e0 pr\u00e1tica de yoga com o Slackline Yoga Kit da SLACKTIVITY. Recomendado para Yoga Slackliner, Andrea Dattoli.","robots":{"index":"index","follow":"follow","max-snippet":"max-snippet:-1","max-image-preview":"max-image-preview:large","max-video-preview":"max-video-preview:-1"},"canonical":"https:\/\/slacktivity.com\/pt-pt\/shop\/slackline-yoga-kit\/","og_locale":"pt_PT","og_type":"article","og_title":"Slackline YOGA Kit | SLACKTVITY Slackline Shop","og_description":"Introduza novos desafios \u00e0 pr\u00e1tica de yoga com o Slackline Yoga Kit da SLACKTIVITY. Recomendado para Yoga Slackliner, Andrea Dattoli.","og_url":"https:\/\/slacktivity.com\/pt-pt\/shop\/slackline-yoga-kit\/","og_site_name":"Slacktivity Slacklines International Shop","article_publisher":"https:\/\/www.facebook.com\/SLACKTIVITY\/","article_modified_time":"2022-02-25T11:16:17+00:00","og_image":[{"width":1180,"height":1377,"url":"https:\/\/slacktivity.com\/wp-content\/uploads\/2021\/02\/slackline-yoga-set.jpg.jpg","type":"image\/jpeg"}],"twitter_card":"summary_large_image","twitter_misc":{"Tempo estimado de leitura":"2 minutos"},"schema":{"@context":"https:\/\/schema.org","@graph":[{"@type":"WebPage","@id":"https:\/\/slacktivity.com\/pt-pt\/shop\/slackline-yoga-kit\/","url":"https:\/\/slacktivity.com\/pt-pt\/shop\/slackline-yoga-kit\/","name":"Slackline YOGA Kit | SLACKTVITY Slackline Shop","isPartOf":{"@id":"https:\/\/slacktivity.com\/pt-pt\/#website"},"primaryImageOfPage":{"@id":"https:\/\/slacktivity.com\/pt-pt\/shop\/slackline-yoga-kit\/#primaryimage"},"image":{"@id":"https:\/\/slacktivity.com\/pt-pt\/shop\/slackline-yoga-kit\/#primaryimage"},"thumbnailUrl":"https:\/\/slacktivity.com\/wp-content\/uploads\/2023\/09\/slackline-yoga-set.jpg","datePublished":"2021-08-10T13:47:34+00:00","dateModified":"2022-02-25T11:16:17+00:00","description":"Introduza novos desafios \u00e0 pr\u00e1tica de yoga com o Slackline Yoga Kit da SLACKTIVITY. Recomendado para Yoga Slackliner, Andrea Dattoli.","breadcrumb":{"@id":"https:\/\/slacktivity.com\/pt-pt\/shop\/slackline-yoga-kit\/#breadcrumb"},"inLanguage":"pt-PT","potentialAction":[{"@type":"ReadAction","target":["https:\/\/slacktivity.com\/pt-pt\/shop\/slackline-yoga-kit\/"]}]},{"@type":"ImageObject","inLanguage":"pt-PT","@id":"https:\/\/slacktivity.com\/pt-pt\/shop\/slackline-yoga-kit\/#primaryimage","url":"https:\/\/slacktivity.com\/wp-content\/uploads\/2023\/09\/slackline-yoga-set.jpg","contentUrl":"https:\/\/slacktivity.com\/wp-content\/uploads\/2023\/09\/slackline-yoga-set.jpg","width":1180,"height":1377,"caption":"slackline yoga set"},{"@type":"BreadcrumbList","@id":"https:\/\/slacktivity.com\/pt-pt\/shop\/slackline-yoga-kit\/#breadcrumb","itemListElement":[{"@type":"ListItem","position":1,"name":"Home","item":"https:\/\/slacktivity.com\/pt-pt\/"},{"@type":"ListItem","position":2,"name":"loja","item":"https:\/\/slacktivity.com\/pt-pt\/loja\/"},{"@type":"ListItem","position":3,"name":"Slackline YOGA kit"}]},{"@type":"WebSite","@id":"https:\/\/slacktivity.com\/pt-pt\/#website","url":"https:\/\/slacktivity.com\/pt-pt\/","name":"Slacktivity Slacklines International Shop","description":"Discover the innovative products of Slacktivity. Swiss designed premium slackline gear. Advice from our experts for the best and a safe slackline experience.","publisher":{"@id":"https:\/\/slacktivity.com\/pt-pt\/#organization"},"potentialAction":[{"@type":"SearchAction","target":{"@type":"EntryPoint","urlTemplate":"https:\/\/slacktivity.com\/pt-pt\/?s={search_term_string}"},"query-input":{"@type":"PropertyValueSpecification","valueRequired":true,"valueName":"search_term_string"}}],"inLanguage":"pt-PT"},{"@type":"Organization","@id":"https:\/\/slacktivity.com\/pt-pt\/#organization","name":"Slacktivity Slacklines","url":"https:\/\/slacktivity.com\/pt-pt\/","logo":{"@type":"ImageObject","inLanguage":"pt-PT","@id":"https:\/\/slacktivity.com\/pt-pt\/#\/schema\/logo\/image\/","url":"https:\/\/slacktivity.com\/wp-content\/uploads\/2021\/01\/slacktivity-slackline-online-shop-1.png","contentUrl":"https:\/\/slacktivity.com\/wp-content\/uploads\/2021\/01\/slacktivity-slackline-online-shop-1.png","width":200,"height":77,"caption":"Slacktivity Slacklines"},"image":{"@id":"https:\/\/slacktivity.com\/pt-pt\/#\/schema\/logo\/image\/"},"sameAs":["https:\/\/www.facebook.com\/SLACKTIVITY\/","https:\/\/www.instagram.com\/slacktivity\/"]}]}},"_links":{"self":[{"href":"https:\/\/slacktivity.com\/pt-pt\/wp-json\/wp\/v2\/product\/7281","targetHints":{"allow":["GET"]}}],"collection":[{"href":"https:\/\/slacktivity.com\/pt-pt\/wp-json\/wp\/v2\/product"}],"about":[{"href":"https:\/\/slacktivity.com\/pt-pt\/wp-json\/wp\/v2\/types\/product"}],"replies":[{"embeddable":true,"href":"https:\/\/slacktivity.com\/pt-pt\/wp-json\/wp\/v2\/comments?post=7281"}],"wp:featuredmedia":[{"embeddable":true,"href":"https:\/\/slacktivity.com\/pt-pt\/wp-json\/wp\/v2\/media\/12737"}],"wp:attachment":[{"href":"https:\/\/slacktivity.com\/pt-pt\/wp-json\/wp\/v2\/media?parent=7281"}],"wp:term":[{"taxonomy":"product_cat","embeddable":true,"href":"https:\/\/slacktivity.com\/pt-pt\/wp-json\/wp\/v2\/product_cat?post=7281"},{"taxonomy":"product_tag","embeddable":true,"href":"https:\/\/slacktivity.com\/pt-pt\/wp-json\/wp\/v2\/product_tag?post=7281"}],"curies":[{"name":"wp","href":"https:\/\/api.w.org\/{rel}","templated":true}]}}