{"id":7299,"date":"2023-06-15T13:38:34","date_gmt":"2023-06-15T13:38:34","guid":{"rendered":"http:\/\/slacktivity.com\/shop\/park100-kit-de-slackline-de-100m-com-halfmarathon\/"},"modified":"2024-06-07T12:16:14","modified_gmt":"2024-06-07T12:16:14","slug":"slackline-de-100m","status":"publish","type":"product","link":"https:\/\/slacktivity.com\/pt-pt\/shop\/slackline-de-100m\/","title":{"rendered":"PARK100 | Kit de Slackline de 100M com halfMarathon"},"content":{"rendered":"<h2>PARK100 &#8211; Kit de Slackline de 100M com sistema 15: 1<\/h2>\n<p>O <strong>PARK100<\/strong> \u00e9 um <strong>Kit de slackline de 100m,<\/strong> com qualidade de topo, que se destaca pela leveza. Com menos componentes e um sistema mais simples do que os sistemas de roldanas e corda tradicionais, este setup permite que se caminhe toda a extens\u00e3o da linha. O sistema HangOverPulley \u00e9 super f\u00e1cil de usar. O tensionamento d\u00e1-se em tr\u00eas a quatro passos (3: 1\/5: 1\/9: 1\/15: 1). Durante o processo, a linha est\u00e1 permanentemente presa no SeaHorse, proporcionando seguran\u00e7a extra.<\/p>\n<p>O PARK100, com 100 metros de halfMarathon, \u00e9 a escolha certa para slackliners que ambicionam caminhar linhas mais longas. Como extra, para o que se avizinha na sua slacklife, poder\u00e1 usar muitos dos seus componentes na montagem de highlines.<\/p>\n<p>A <a href=\"https:\/\/slacktivity.com\/pt-pt\/category\/cintas-de-slackline\/\">linha<\/a>de 100m de halfmarathon tem pouca elasticidade, facilitando a montagem linhas longas, e tem extremidades arredondadas e suaves. Estas caracter\u00edsticas tornam-na perfeita para longlines no parque e super confort\u00e1vel. Gra\u00e7as \u00e0 constru\u00e7\u00e3o em 3 camadas, as fibras exteriores ficam sob menos tens\u00e3o do que as interiores. Isto torna esta linha de slackline mais resistente \u00e0 eros\u00e3o, quando comparada com outras linhas com constru\u00e7\u00e3o diferente.<\/p>\n<p>O seaHorse \u00e9 super \u00fatil no pre-tensionamento da linha e confere mais seguran\u00e7a ao sistema. ( <strong>Leia o manual e use sempre o n\u00f3 anti-derrapagem<\/strong>).<\/p>\n<p>Com um peso de 8.4kg e um volume pequeno, este kit de slackline de 100m pode ser facilmente carregado por uma pessoa &#8211; \u00e9 provavelmente o mais leve que se pode encontrar no mercado! Eleve a faquia com este kit de slackline.<\/p>\n<h3>Este kit de slackline de 100m inclui:<\/h3>\n<ul>\n<li>1x halfMarathon de 100 metros (largura: 20mm)<\/li>\n<li>2x SeaHorse (weblock)<\/li>\n<li>4x SeaHorse spacers<\/li>\n<li>5x HangOver<\/li>\n<li>1x 6mm D-shackle (para fixar o multiplicador)<\/li>\n<li>1x T-Grip (Webbing Grap WLL: 7kN)<\/li>\n<li>1x KingPin (shackle de alum\u00ednio)<\/li>\n<li>2x ConnectionLoop<\/li>\n<li>1x HCD-sling<\/li>\n<li>2x softRiggingPlate<\/li>\n<li>2x QuickLink<\/li>\n<li>1x softRelease 4m<\/li>\n<li>2x tree protection 3.0 (comprimento: 2.4m)<\/li>\n<li>2x TreeSling (slings ajust\u00e1veis,comprimento: 2.4m)<\/li>\n<li>1x SLACKTIVITY-BackPack<\/li>\n<\/ul>\n<h3>Especif\u00edca\u00e7\u00f5es<\/h3>\n<ul>\n<li><strong>Peso:<\/strong> 8400g<\/li>\n<li><strong>Dist\u00e2ncia m\u00e1xima tension\u00e1vel:<\/strong> Aproximadamente 100m .<\/li>\n<li><strong>WLL (total do sistama):<\/strong> 7kN<\/li>\n<\/ul>\n<p><strong>Ao comprar este slackline estar\u00e1 poupando dinheiro, quando comparado com a compra individual dos diferentes componentes.<\/strong><\/p>\n<p><strong>Necessita de ajuda?<\/strong><\/p>\n<p>Precisa de ajuda para escolher o seu slackline ou quer adicionar componentes extra? <a href=\"contact\"> Contacte-nos! <\/a> &#8211; Ficaremos felizes por ajudar.<\/p>\n<p><strong>Leia e compreenda o manual (PDF under &#8220;Manual (pdf)&#8221;) antes de usar o kit.<\/strong><\/p>\n<p style=\"text-align: left;\"><strong>V\u00eddeo sobre como usar o &#8220;Hagover Pulley System&#8221;<\/strong><\/p>\n<div class=\"iframe-container\"><iframe title=\"YouTube video player\" src=\"https:\/\/www.youtube.com\/embed\/rEdHMDOHbOw\" width=\"560\" height=\"315\" frameborder=\"0\" allowfullscreen=\"allowfullscreen\"><\/iframe><\/div>\n<p>Se ainda tiver quest\u00f5es, ficaremos felizes por responder.<\/p>\n<p>Se ainda tiver quest\u00f5es, ficaremos felizes por responder. Lembre-se de dar uma olhada no canal de <a href=\"http:\/\/www.youtube.com\/user\/slacktivity\" target=\"_blank\" rel=\"noopener\"> Youtube-Channel <\/a> de Slacktivity &#8211; que oferece v\u00eddeos de montagem, v\u00e1rios tutoriais e dicas.<\/p>\n","protected":false},"excerpt":{"rendered":"<p>O PARK100 \u00e9 um kit de slackline de 100m que se destaca pela leveza. A solu\u00e7\u00e3o ideal para aqueles que querem caminhar linhas mais longas.<\/p>\n","protected":false},"featured_media":16256,"comment_status":"open","ping_status":"closed","template":"","meta":{"_acf_changed":false,"_joinchat":[]},"product_cat":[524,520],"product_tag":[959,555],"class_list":{"0":"post-7299","1":"product","2":"type-product","3":"status-publish","4":"has-post-thumbnail","6":"product_cat-kits-de-longline","7":"product_cat-kits-de-slackline","8":"product_tag-kits-com-hangover-pulley","9":"product_tag-longline","10":"pa_brand-slacktivity-pt-pt","12":"first","13":"instock","14":"taxable","15":"shipping-taxable","16":"purchasable","17":"product-type-variable","swatches":"rey-swatches","show_selected":""},"acf":[],"yoast_head":"<!-- This site is optimized with the Yoast SEO plugin v27.4 - https:\/\/yoast.com\/product\/yoast-seo-wordpress\/ -->\n<title>PARK100: Kit de Slackline de 100M, com halfMarathon | SLACKTIVITY<\/title>\n<meta name=\"description\" content=\"O PARK100 \u00e9 um kit de slackline de 100m que se destaca pela leveza. A solu\u00e7\u00e3o ideal para aqueles que querem caminhar linhas mais longas.\" \/>\n<meta name=\"robots\" content=\"index, follow, max-snippet:-1, max-image-preview:large, max-video-preview:-1\" \/>\n<link rel=\"canonical\" href=\"https:\/\/slacktivity.com\/pt-pt\/shop\/slackline-de-100m\/\" \/>\n<meta property=\"og:locale\" content=\"pt_PT\" \/>\n<meta property=\"og:type\" content=\"article\" \/>\n<meta property=\"og:title\" content=\"PARK100: Kit de Slackline de 100M, com halfMarathon | SLACKTIVITY\" \/>\n<meta property=\"og:description\" content=\"O PARK100 \u00e9 um kit de slackline de 100m que se destaca pela leveza. A solu\u00e7\u00e3o ideal para aqueles que querem caminhar linhas mais longas.\" \/>\n<meta property=\"og:url\" content=\"https:\/\/slacktivity.com\/pt-pt\/shop\/slackline-de-100m\/\" \/>\n<meta property=\"og:site_name\" content=\"Slacktivity Slacklines International Shop\" \/>\n<meta property=\"article:publisher\" content=\"https:\/\/www.facebook.com\/SLACKTIVITY\/\" \/>\n<meta property=\"article:modified_time\" content=\"2024-06-07T12:16:14+00:00\" \/>\n<meta property=\"og:image\" content=\"https:\/\/slacktivity.com\/wp-content\/uploads\/2021\/02\/100m-longline-slackline-set-marathon.jpg\" \/>\n\t<meta property=\"og:image:width\" content=\"1180\" \/>\n\t<meta property=\"og:image:height\" content=\"1377\" \/>\n\t<meta property=\"og:image:type\" content=\"image\/jpeg\" \/>\n<meta name=\"twitter:card\" content=\"summary_large_image\" \/>\n<meta name=\"twitter:label1\" content=\"Tempo estimado de leitura\" \/>\n\t<meta name=\"twitter:data1\" content=\"2 minutos\" \/>\n<script type=\"application\/ld+json\" class=\"yoast-schema-graph\">{\"@context\":\"https:\\\/\\\/schema.org\",\"@graph\":[{\"@type\":\"WebPage\",\"@id\":\"https:\\\/\\\/slacktivity.com\\\/pt-pt\\\/shop\\\/slackline-de-100m\\\/\",\"url\":\"https:\\\/\\\/slacktivity.com\\\/pt-pt\\\/shop\\\/slackline-de-100m\\\/\",\"name\":\"PARK100: Kit de Slackline de 100M, com halfMarathon | SLACKTIVITY\",\"isPartOf\":{\"@id\":\"https:\\\/\\\/slacktivity.com\\\/pt-pt\\\/#website\"},\"primaryImageOfPage\":{\"@id\":\"https:\\\/\\\/slacktivity.com\\\/pt-pt\\\/shop\\\/slackline-de-100m\\\/#primaryimage\"},\"image\":{\"@id\":\"https:\\\/\\\/slacktivity.com\\\/pt-pt\\\/shop\\\/slackline-de-100m\\\/#primaryimage\"},\"thumbnailUrl\":\"https:\\\/\\\/slacktivity.com\\\/wp-content\\\/uploads\\\/2023\\\/06\\\/park100-100m-slackline-set-longline-1.jpg\",\"datePublished\":\"2023-06-15T13:38:34+00:00\",\"dateModified\":\"2024-06-07T12:16:14+00:00\",\"description\":\"O PARK100 \u00e9 um kit de slackline de 100m que se destaca pela leveza. A solu\u00e7\u00e3o ideal para aqueles que querem caminhar linhas mais longas.\",\"breadcrumb\":{\"@id\":\"https:\\\/\\\/slacktivity.com\\\/pt-pt\\\/shop\\\/slackline-de-100m\\\/#breadcrumb\"},\"inLanguage\":\"pt-PT\",\"potentialAction\":[{\"@type\":\"ReadAction\",\"target\":[\"https:\\\/\\\/slacktivity.com\\\/pt-pt\\\/shop\\\/slackline-de-100m\\\/\"]}]},{\"@type\":\"ImageObject\",\"inLanguage\":\"pt-PT\",\"@id\":\"https:\\\/\\\/slacktivity.com\\\/pt-pt\\\/shop\\\/slackline-de-100m\\\/#primaryimage\",\"url\":\"https:\\\/\\\/slacktivity.com\\\/wp-content\\\/uploads\\\/2023\\\/06\\\/park100-100m-slackline-set-longline-1.jpg\",\"contentUrl\":\"https:\\\/\\\/slacktivity.com\\\/wp-content\\\/uploads\\\/2023\\\/06\\\/park100-100m-slackline-set-longline-1.jpg\",\"width\":1180,\"height\":1377,\"caption\":\"park100 100m slackline set longline\"},{\"@type\":\"BreadcrumbList\",\"@id\":\"https:\\\/\\\/slacktivity.com\\\/pt-pt\\\/shop\\\/slackline-de-100m\\\/#breadcrumb\",\"itemListElement\":[{\"@type\":\"ListItem\",\"position\":1,\"name\":\"Home\",\"item\":\"https:\\\/\\\/slacktivity.com\\\/pt-pt\\\/\"},{\"@type\":\"ListItem\",\"position\":2,\"name\":\"loja\",\"item\":\"https:\\\/\\\/slacktivity.com\\\/pt-pt\\\/loja\\\/\"},{\"@type\":\"ListItem\",\"position\":3,\"name\":\"PARK100 | Kit de Slackline de 100M com halfMarathon\"}]},{\"@type\":\"WebSite\",\"@id\":\"https:\\\/\\\/slacktivity.com\\\/pt-pt\\\/#website\",\"url\":\"https:\\\/\\\/slacktivity.com\\\/pt-pt\\\/\",\"name\":\"Slacktivity Slacklines International Shop\",\"description\":\"Discover the innovative products of Slacktivity. Swiss designed premium slackline gear. Advice from our experts for the best and a safe slackline experience.\",\"publisher\":{\"@id\":\"https:\\\/\\\/slacktivity.com\\\/pt-pt\\\/#organization\"},\"potentialAction\":[{\"@type\":\"SearchAction\",\"target\":{\"@type\":\"EntryPoint\",\"urlTemplate\":\"https:\\\/\\\/slacktivity.com\\\/pt-pt\\\/?s={search_term_string}\"},\"query-input\":{\"@type\":\"PropertyValueSpecification\",\"valueRequired\":true,\"valueName\":\"search_term_string\"}}],\"inLanguage\":\"pt-PT\"},{\"@type\":\"Organization\",\"@id\":\"https:\\\/\\\/slacktivity.com\\\/pt-pt\\\/#organization\",\"name\":\"Slacktivity Slacklines\",\"url\":\"https:\\\/\\\/slacktivity.com\\\/pt-pt\\\/\",\"logo\":{\"@type\":\"ImageObject\",\"inLanguage\":\"pt-PT\",\"@id\":\"https:\\\/\\\/slacktivity.com\\\/pt-pt\\\/#\\\/schema\\\/logo\\\/image\\\/\",\"url\":\"https:\\\/\\\/slacktivity.com\\\/wp-content\\\/uploads\\\/2021\\\/01\\\/slacktivity-slackline-online-shop-1.png\",\"contentUrl\":\"https:\\\/\\\/slacktivity.com\\\/wp-content\\\/uploads\\\/2021\\\/01\\\/slacktivity-slackline-online-shop-1.png\",\"width\":200,\"height\":77,\"caption\":\"Slacktivity Slacklines\"},\"image\":{\"@id\":\"https:\\\/\\\/slacktivity.com\\\/pt-pt\\\/#\\\/schema\\\/logo\\\/image\\\/\"},\"sameAs\":[\"https:\\\/\\\/www.facebook.com\\\/SLACKTIVITY\\\/\",\"https:\\\/\\\/www.instagram.com\\\/slacktivity\\\/\"]}]}<\/script>\n<!-- \/ Yoast SEO plugin. -->","yoast_head_json":{"title":"PARK100: Kit de Slackline de 100M, com halfMarathon | SLACKTIVITY","description":"O PARK100 \u00e9 um kit de slackline de 100m que se destaca pela leveza. A solu\u00e7\u00e3o ideal para aqueles que querem caminhar linhas mais longas.","robots":{"index":"index","follow":"follow","max-snippet":"max-snippet:-1","max-image-preview":"max-image-preview:large","max-video-preview":"max-video-preview:-1"},"canonical":"https:\/\/slacktivity.com\/pt-pt\/shop\/slackline-de-100m\/","og_locale":"pt_PT","og_type":"article","og_title":"PARK100: Kit de Slackline de 100M, com halfMarathon | SLACKTIVITY","og_description":"O PARK100 \u00e9 um kit de slackline de 100m que se destaca pela leveza. A solu\u00e7\u00e3o ideal para aqueles que querem caminhar linhas mais longas.","og_url":"https:\/\/slacktivity.com\/pt-pt\/shop\/slackline-de-100m\/","og_site_name":"Slacktivity Slacklines International Shop","article_publisher":"https:\/\/www.facebook.com\/SLACKTIVITY\/","article_modified_time":"2024-06-07T12:16:14+00:00","og_image":[{"width":1180,"height":1377,"url":"https:\/\/slacktivity.com\/wp-content\/uploads\/2021\/02\/100m-longline-slackline-set-marathon.jpg","type":"image\/jpeg"}],"twitter_card":"summary_large_image","twitter_misc":{"Tempo estimado de leitura":"2 minutos"},"schema":{"@context":"https:\/\/schema.org","@graph":[{"@type":"WebPage","@id":"https:\/\/slacktivity.com\/pt-pt\/shop\/slackline-de-100m\/","url":"https:\/\/slacktivity.com\/pt-pt\/shop\/slackline-de-100m\/","name":"PARK100: Kit de Slackline de 100M, com halfMarathon | SLACKTIVITY","isPartOf":{"@id":"https:\/\/slacktivity.com\/pt-pt\/#website"},"primaryImageOfPage":{"@id":"https:\/\/slacktivity.com\/pt-pt\/shop\/slackline-de-100m\/#primaryimage"},"image":{"@id":"https:\/\/slacktivity.com\/pt-pt\/shop\/slackline-de-100m\/#primaryimage"},"thumbnailUrl":"https:\/\/slacktivity.com\/wp-content\/uploads\/2023\/06\/park100-100m-slackline-set-longline-1.jpg","datePublished":"2023-06-15T13:38:34+00:00","dateModified":"2024-06-07T12:16:14+00:00","description":"O PARK100 \u00e9 um kit de slackline de 100m que se destaca pela leveza. A solu\u00e7\u00e3o ideal para aqueles que querem caminhar linhas mais longas.","breadcrumb":{"@id":"https:\/\/slacktivity.com\/pt-pt\/shop\/slackline-de-100m\/#breadcrumb"},"inLanguage":"pt-PT","potentialAction":[{"@type":"ReadAction","target":["https:\/\/slacktivity.com\/pt-pt\/shop\/slackline-de-100m\/"]}]},{"@type":"ImageObject","inLanguage":"pt-PT","@id":"https:\/\/slacktivity.com\/pt-pt\/shop\/slackline-de-100m\/#primaryimage","url":"https:\/\/slacktivity.com\/wp-content\/uploads\/2023\/06\/park100-100m-slackline-set-longline-1.jpg","contentUrl":"https:\/\/slacktivity.com\/wp-content\/uploads\/2023\/06\/park100-100m-slackline-set-longline-1.jpg","width":1180,"height":1377,"caption":"park100 100m slackline set longline"},{"@type":"BreadcrumbList","@id":"https:\/\/slacktivity.com\/pt-pt\/shop\/slackline-de-100m\/#breadcrumb","itemListElement":[{"@type":"ListItem","position":1,"name":"Home","item":"https:\/\/slacktivity.com\/pt-pt\/"},{"@type":"ListItem","position":2,"name":"loja","item":"https:\/\/slacktivity.com\/pt-pt\/loja\/"},{"@type":"ListItem","position":3,"name":"PARK100 | Kit de Slackline de 100M com halfMarathon"}]},{"@type":"WebSite","@id":"https:\/\/slacktivity.com\/pt-pt\/#website","url":"https:\/\/slacktivity.com\/pt-pt\/","name":"Slacktivity Slacklines International Shop","description":"Discover the innovative products of Slacktivity. Swiss designed premium slackline gear. Advice from our experts for the best and a safe slackline experience.","publisher":{"@id":"https:\/\/slacktivity.com\/pt-pt\/#organization"},"potentialAction":[{"@type":"SearchAction","target":{"@type":"EntryPoint","urlTemplate":"https:\/\/slacktivity.com\/pt-pt\/?s={search_term_string}"},"query-input":{"@type":"PropertyValueSpecification","valueRequired":true,"valueName":"search_term_string"}}],"inLanguage":"pt-PT"},{"@type":"Organization","@id":"https:\/\/slacktivity.com\/pt-pt\/#organization","name":"Slacktivity Slacklines","url":"https:\/\/slacktivity.com\/pt-pt\/","logo":{"@type":"ImageObject","inLanguage":"pt-PT","@id":"https:\/\/slacktivity.com\/pt-pt\/#\/schema\/logo\/image\/","url":"https:\/\/slacktivity.com\/wp-content\/uploads\/2021\/01\/slacktivity-slackline-online-shop-1.png","contentUrl":"https:\/\/slacktivity.com\/wp-content\/uploads\/2021\/01\/slacktivity-slackline-online-shop-1.png","width":200,"height":77,"caption":"Slacktivity Slacklines"},"image":{"@id":"https:\/\/slacktivity.com\/pt-pt\/#\/schema\/logo\/image\/"},"sameAs":["https:\/\/www.facebook.com\/SLACKTIVITY\/","https:\/\/www.instagram.com\/slacktivity\/"]}]}},"_links":{"self":[{"href":"https:\/\/slacktivity.com\/pt-pt\/wp-json\/wp\/v2\/product\/7299","targetHints":{"allow":["GET"]}}],"collection":[{"href":"https:\/\/slacktivity.com\/pt-pt\/wp-json\/wp\/v2\/product"}],"about":[{"href":"https:\/\/slacktivity.com\/pt-pt\/wp-json\/wp\/v2\/types\/product"}],"replies":[{"embeddable":true,"href":"https:\/\/slacktivity.com\/pt-pt\/wp-json\/wp\/v2\/comments?post=7299"}],"wp:featuredmedia":[{"embeddable":true,"href":"https:\/\/slacktivity.com\/pt-pt\/wp-json\/wp\/v2\/media\/16256"}],"wp:attachment":[{"href":"https:\/\/slacktivity.com\/pt-pt\/wp-json\/wp\/v2\/media?parent=7299"}],"wp:term":[{"taxonomy":"product_cat","embeddable":true,"href":"https:\/\/slacktivity.com\/pt-pt\/wp-json\/wp\/v2\/product_cat?post=7299"},{"taxonomy":"product_tag","embeddable":true,"href":"https:\/\/slacktivity.com\/pt-pt\/wp-json\/wp\/v2\/product_tag?post=7299"}],"curies":[{"name":"wp","href":"https:\/\/api.w.org\/{rel}","templated":true}]}}