{"id":7311,"date":"2023-06-21T13:38:15","date_gmt":"2021-08-12T13:41:10","guid":{"rendered":"http:\/\/slacktivity.com\/shop\/hangover\/"},"modified":"2025-01-28T15:50:29","modified_gmt":"2025-01-28T15:50:29","slug":"hangover-mosquetao-slackline","status":"publish","type":"product","link":"https:\/\/slacktivity.com\/pt-pt\/shop\/hangover-mosquetao-slackline\/","title":{"rendered":"HangOver 2.0"},"content":{"rendered":"<h2>HangOver 2.0 | O Slackline Carabiner Original<\/h2>\n<p>O <strong>HangOver da SLACKTIVITY <\/strong> demorou mais de uma ano a desenvolver, in\u00fameros prot\u00f3tipos, c\u00e1lculos, e testes para criar o<strong>primeiro mosquet\u00e3o de slackline com rolamentos<\/strong>. O HangOver pode ser usado para tensionar slacklines de 25mm de lagura ou para deslizar, com muito pouca fric\u00e7\u00e3o, sob linhas. O HangOver foi desenhado ergonomicamente para uma utiliza\u00e7\u00e3o pr\u00e1tica e f\u00e1cil. O<a href=\"https:\/\/slacktivity.com\/pt-pt\/category\/pecas-de-tensionamento\/hangovers\/\">HangOver<\/a> tem uma superf\u00edcie suave que assegura que a linha n\u00e3o \u00e9 danificada com a sua utiliza\u00e7\u00e3o. A linha passa sobre os rolamentos, com uma largura de 27.5mm, e HangOVer mantem-se sempre alinhado.<\/p>\n<p>Apresentando o <strong>Hangover 2.0<\/strong>, agora com recursos aprimorados para uma experi\u00eancia ainda mais suave. Fizemos algumas melhorias para oferecer um produto excepcional. Veja o que h\u00e1 de novo:  <\/p>\n<ul>\n<li><strong>Abertura mais larga para desempenho superior: <\/strong>Ampliamos a abertura dos rolamentos para 28,7mm, em compara\u00e7\u00e3o com os 27,5mm anteriores. Esse ajuste garante maior estabilidade e precis\u00e3o, al\u00e9m de facilitar o rolamento sobre fitas, T-Loops, conex\u00f5es costuradas ou fitas enroladas. <\/li>\n<li><strong>Rolamentos:<\/strong> Os rolamentos de esferas do Hangover 2.0 foram projetados para se alinhar de maneira praticamente perfeita um ao lado do outro. Essa caracter\u00edstica de design elimina qualquer interfer\u00eancia e garante um movimento consistente e suave. Com isso, voc\u00ea pode manusear as fitas de slackline sem esfor\u00e7o, sem o risco de ficarem presas, oferecendo mais controle e liberdade durante as sess\u00f5es de highline.  <\/li>\n<\/ul>\n<p>O HangOver foi o primeiro e continua a ser o mosquet\u00e3o de rolamentos mais robusto do mercado, com quatro rolamentos de esferas de 19mm, garantindo longevidade e uso seguro sob for\u00e7as maiores no HangOver Pulley.<\/p>\n<h2>Aplica\u00e7\u00f5es do HangOver<\/h2>\n<ul>\n<li>Serve para deslizar em highlines<\/li>\n<li>Serve como multiplicador em sistemas de tensionamento Ellington\/primitivos.<\/li>\n<li>Construa um HangOver <a href=\"https:\/\/slacktivity.com\/pt-pt\/category\/pecas-de-tensionamento\/\">Pulley System<\/a><\/li>\n<li>Tamb\u00e9m pode ser usado com uma roldana simples.<\/li>\n<\/ul>\n<h2>Espec\u00edfica\u00e7\u00f5es do HangOver:<\/h2>\n<ul>\n<li><a href=\"https:\/\/www.psacertified.org\/certified-products\/\" target=\"_blank\" rel=\"noopener\">Certificado PSA CE 0194<\/a><\/li>\n<li>Largura da superf\u00edcie de rolamento:<br \/><strong>Vers\u00e3o 1.0<\/strong>: 27,8 mm<br \/><strong>Vers\u00e3o 2.0<\/strong>: 28,7 mm<\/li>\n<li>Minimum Breaking Strength (MBS) Eixo maior: 18 kN<\/li>\n<li>MBS aberto: 5 kN<\/li>\n<li>MBS Eixo Menor: 7 kN<\/li>\n<li>Max. Working Load Limit (WLL): 4 kN<\/li>\n<li>Dimens\u00f5es: 124 x 62 x 28 mm<\/li>\n<li>Peso: 152 g<\/li>\n<li>Material: alum\u00ednio forjado a quente para aeronaves 7075-T6, anodizado verde<\/li>\n<li>Rolamentos: 19mm; Sealing: 2RS; Cr: 2.80 kN, Cor: 1.06 kN<\/li>\n<\/ul>\n<p><strong>Nota<\/strong>: Se se planear usar o Hangover em condi\u00e7\u00f5es extremamente h\u00famidas ou perto do mar, recomendamos as vers\u00f5es<a href=\"https:\/\/slacktivity.com\/shop\/hangover-stainless\/\"> Hangover Stainless <\/a>ou <a href=\"https:\/\/slacktivity.com\/shop\/hangover-royal-pulley-carabiner\/\">Hangover Royal<\/a>. O rolamento de esferas da vers\u00e3o cl\u00e1ssica n\u00e3o \u00e9 de a\u00e7o inoxid\u00e1vel e pode enferrujar quando usado nessas condi\u00e7\u00f5es. <\/p>\n<p>O design deste produto est\u00e1 protegido pela lei internacional (Design registado internacionalmente &#8211; <a href=\"https:\/\/www3.wipo.int\/designdb\/en\/showData.jsp?ID=HAGUE.D095081\" target=\"_blank\" rel=\"noopener\">WIPO<\/a> DM \/ 095081)<\/p>\n","protected":false},"excerpt":{"rendered":"<p>Indispens\u00e1vel para qualquer highliner e sistemas de tensionamento leves (HangOver Pulley Systems). O primeiro equipamento desenvolvido especificamente para highline, com certifica\u00e7\u00e3o PSA.<\/p>\n","protected":false},"featured_media":13190,"comment_status":"open","ping_status":"closed","template":"","meta":{"_acf_changed":false,"_joinchat":[]},"product_cat":[513,529,890,528],"product_tag":[552,555],"class_list":{"0":"post-7311","1":"product","2":"type-product","3":"status-publish","4":"has-post-thumbnail","6":"product_cat-equipamento-de-highline","7":"product_cat-hangovers","8":"product_cat-mosquetoes-de-slackline","9":"product_cat-pecas-de-tensionamento","10":"product_tag-highline","11":"product_tag-longline","12":"pa_brand-slacktivity-pt-pt","14":"first","15":"instock","16":"featured","17":"taxable","18":"shipping-taxable","19":"purchasable","20":"product-type-simple","swatches":"rey-swatches","show_selected":""},"acf":[],"yoast_head":"<!-- This site is optimized with the Yoast SEO plugin v27.5 - https:\/\/yoast.com\/product\/yoast-seo-wordpress\/ -->\n<title>HangOver: O Mosquet\u00e3o de Slackline | SLACKTIVITY<\/title>\n<meta name=\"description\" content=\"O HangOver da SLACKTIVITY \u00e9 um mosquet\u00e3o high-tech, para slackline, com rolamentos. To slide along any highline or to use it as a webbing pulley.\" \/>\n<meta name=\"robots\" content=\"index, follow, max-snippet:-1, max-image-preview:large, max-video-preview:-1\" \/>\n<link rel=\"canonical\" href=\"https:\/\/slacktivity.com\/pt-pt\/shop\/hangover-mosquetao-slackline\/\" \/>\n<meta property=\"og:locale\" content=\"pt_PT\" \/>\n<meta property=\"og:type\" content=\"article\" \/>\n<meta property=\"og:title\" content=\"HanGover 2.0 | Rolando melhor do que nunca!\" \/>\n<meta property=\"og:description\" content=\"Apresentando o Hangover 2.0, com recursos aprimorados: Abertura mais larga para desempenho superior e rolamentos de esferas gap.\" \/>\n<meta property=\"og:url\" content=\"https:\/\/slacktivity.com\/pt-pt\/shop\/hangover-mosquetao-slackline\/\" \/>\n<meta property=\"og:site_name\" content=\"Slacktivity Slacklines International Shop\" \/>\n<meta property=\"article:publisher\" content=\"https:\/\/www.facebook.com\/SLACKTIVITY\/\" \/>\n<meta property=\"article:modified_time\" content=\"2025-01-28T15:50:29+00:00\" \/>\n<meta property=\"og:image\" content=\"https:\/\/slacktivity.com\/wp-content\/uploads\/2023\/06\/hangover-20-1024x683.png\" \/>\n<meta name=\"twitter:card\" content=\"summary_large_image\" \/>\n<meta name=\"twitter:label1\" content=\"Tempo estimado de leitura\" \/>\n\t<meta name=\"twitter:data1\" content=\"1 minuto\" \/>\n<script type=\"application\/ld+json\" class=\"yoast-schema-graph\">{\"@context\":\"https:\\\/\\\/schema.org\",\"@graph\":[{\"@type\":\"WebPage\",\"@id\":\"https:\\\/\\\/slacktivity.com\\\/pt-pt\\\/shop\\\/hangover-mosquetao-slackline\\\/\",\"url\":\"https:\\\/\\\/slacktivity.com\\\/pt-pt\\\/shop\\\/hangover-mosquetao-slackline\\\/\",\"name\":\"HangOver: O Mosquet\u00e3o de Slackline | SLACKTIVITY\",\"isPartOf\":{\"@id\":\"https:\\\/\\\/slacktivity.com\\\/pt-pt\\\/#website\"},\"primaryImageOfPage\":{\"@id\":\"https:\\\/\\\/slacktivity.com\\\/pt-pt\\\/shop\\\/hangover-mosquetao-slackline\\\/#primaryimage\"},\"image\":{\"@id\":\"https:\\\/\\\/slacktivity.com\\\/pt-pt\\\/shop\\\/hangover-mosquetao-slackline\\\/#primaryimage\"},\"thumbnailUrl\":\"https:\\\/\\\/slacktivity.com\\\/wp-content\\\/uploads\\\/2023\\\/11\\\/hangover-2-0-slackline-roller-carabiner.jpg\",\"datePublished\":\"2021-08-12T13:41:10+00:00\",\"dateModified\":\"2025-01-28T15:50:29+00:00\",\"description\":\"O HangOver da SLACKTIVITY \u00e9 um mosquet\u00e3o high-tech, para slackline, com rolamentos. To slide along any highline or to use it as a webbing pulley.\",\"breadcrumb\":{\"@id\":\"https:\\\/\\\/slacktivity.com\\\/pt-pt\\\/shop\\\/hangover-mosquetao-slackline\\\/#breadcrumb\"},\"inLanguage\":\"pt-PT\",\"potentialAction\":[{\"@type\":\"ReadAction\",\"target\":[\"https:\\\/\\\/slacktivity.com\\\/pt-pt\\\/shop\\\/hangover-mosquetao-slackline\\\/\"]}]},{\"@type\":\"ImageObject\",\"inLanguage\":\"pt-PT\",\"@id\":\"https:\\\/\\\/slacktivity.com\\\/pt-pt\\\/shop\\\/hangover-mosquetao-slackline\\\/#primaryimage\",\"url\":\"https:\\\/\\\/slacktivity.com\\\/wp-content\\\/uploads\\\/2023\\\/11\\\/hangover-2-0-slackline-roller-carabiner.jpg\",\"contentUrl\":\"https:\\\/\\\/slacktivity.com\\\/wp-content\\\/uploads\\\/2023\\\/11\\\/hangover-2-0-slackline-roller-carabiner.jpg\",\"width\":1180,\"height\":1377,\"caption\":\"hangover 2.0 slackline roller carabiner\"},{\"@type\":\"BreadcrumbList\",\"@id\":\"https:\\\/\\\/slacktivity.com\\\/pt-pt\\\/shop\\\/hangover-mosquetao-slackline\\\/#breadcrumb\",\"itemListElement\":[{\"@type\":\"ListItem\",\"position\":1,\"name\":\"Home\",\"item\":\"https:\\\/\\\/slacktivity.com\\\/pt-pt\\\/\"},{\"@type\":\"ListItem\",\"position\":2,\"name\":\"loja\",\"item\":\"https:\\\/\\\/slacktivity.com\\\/pt-pt\\\/loja\\\/\"},{\"@type\":\"ListItem\",\"position\":3,\"name\":\"HangOver 2.0\"}]},{\"@type\":\"WebSite\",\"@id\":\"https:\\\/\\\/slacktivity.com\\\/pt-pt\\\/#website\",\"url\":\"https:\\\/\\\/slacktivity.com\\\/pt-pt\\\/\",\"name\":\"Slacktivity Slacklines International Shop\",\"description\":\"Discover the innovative products of Slacktivity. Swiss designed premium slackline gear. Advice from our experts for the best and a safe slackline experience.\",\"publisher\":{\"@id\":\"https:\\\/\\\/slacktivity.com\\\/pt-pt\\\/#organization\"},\"potentialAction\":[{\"@type\":\"SearchAction\",\"target\":{\"@type\":\"EntryPoint\",\"urlTemplate\":\"https:\\\/\\\/slacktivity.com\\\/pt-pt\\\/?s={search_term_string}\"},\"query-input\":{\"@type\":\"PropertyValueSpecification\",\"valueRequired\":true,\"valueName\":\"search_term_string\"}}],\"inLanguage\":\"pt-PT\"},{\"@type\":\"Organization\",\"@id\":\"https:\\\/\\\/slacktivity.com\\\/pt-pt\\\/#organization\",\"name\":\"Slacktivity Slacklines\",\"url\":\"https:\\\/\\\/slacktivity.com\\\/pt-pt\\\/\",\"logo\":{\"@type\":\"ImageObject\",\"inLanguage\":\"pt-PT\",\"@id\":\"https:\\\/\\\/slacktivity.com\\\/pt-pt\\\/#\\\/schema\\\/logo\\\/image\\\/\",\"url\":\"https:\\\/\\\/slacktivity.com\\\/wp-content\\\/uploads\\\/2021\\\/01\\\/slacktivity-slackline-online-shop-1.png\",\"contentUrl\":\"https:\\\/\\\/slacktivity.com\\\/wp-content\\\/uploads\\\/2021\\\/01\\\/slacktivity-slackline-online-shop-1.png\",\"width\":200,\"height\":77,\"caption\":\"Slacktivity Slacklines\"},\"image\":{\"@id\":\"https:\\\/\\\/slacktivity.com\\\/pt-pt\\\/#\\\/schema\\\/logo\\\/image\\\/\"},\"sameAs\":[\"https:\\\/\\\/www.facebook.com\\\/SLACKTIVITY\\\/\",\"https:\\\/\\\/www.instagram.com\\\/slacktivity\\\/\"]}]}<\/script>\n<!-- \/ Yoast SEO plugin. -->","yoast_head_json":{"title":"HangOver: O Mosquet\u00e3o de Slackline | SLACKTIVITY","description":"O HangOver da SLACKTIVITY \u00e9 um mosquet\u00e3o high-tech, para slackline, com rolamentos. To slide along any highline or to use it as a webbing pulley.","robots":{"index":"index","follow":"follow","max-snippet":"max-snippet:-1","max-image-preview":"max-image-preview:large","max-video-preview":"max-video-preview:-1"},"canonical":"https:\/\/slacktivity.com\/pt-pt\/shop\/hangover-mosquetao-slackline\/","og_locale":"pt_PT","og_type":"article","og_title":"HanGover 2.0 | Rolando melhor do que nunca!","og_description":"Apresentando o Hangover 2.0, com recursos aprimorados: Abertura mais larga para desempenho superior e rolamentos de esferas gap.","og_url":"https:\/\/slacktivity.com\/pt-pt\/shop\/hangover-mosquetao-slackline\/","og_site_name":"Slacktivity Slacklines International Shop","article_publisher":"https:\/\/www.facebook.com\/SLACKTIVITY\/","article_modified_time":"2025-01-28T15:50:29+00:00","og_image":[{"url":"https:\/\/slacktivity.com\/wp-content\/uploads\/2023\/06\/hangover-20-1024x683.png","type":"","width":"","height":""}],"twitter_card":"summary_large_image","twitter_misc":{"Tempo estimado de leitura":"1 minuto"},"schema":{"@context":"https:\/\/schema.org","@graph":[{"@type":"WebPage","@id":"https:\/\/slacktivity.com\/pt-pt\/shop\/hangover-mosquetao-slackline\/","url":"https:\/\/slacktivity.com\/pt-pt\/shop\/hangover-mosquetao-slackline\/","name":"HangOver: O Mosquet\u00e3o de Slackline | SLACKTIVITY","isPartOf":{"@id":"https:\/\/slacktivity.com\/pt-pt\/#website"},"primaryImageOfPage":{"@id":"https:\/\/slacktivity.com\/pt-pt\/shop\/hangover-mosquetao-slackline\/#primaryimage"},"image":{"@id":"https:\/\/slacktivity.com\/pt-pt\/shop\/hangover-mosquetao-slackline\/#primaryimage"},"thumbnailUrl":"https:\/\/slacktivity.com\/wp-content\/uploads\/2023\/11\/hangover-2-0-slackline-roller-carabiner.jpg","datePublished":"2021-08-12T13:41:10+00:00","dateModified":"2025-01-28T15:50:29+00:00","description":"O HangOver da SLACKTIVITY \u00e9 um mosquet\u00e3o high-tech, para slackline, com rolamentos. To slide along any highline or to use it as a webbing pulley.","breadcrumb":{"@id":"https:\/\/slacktivity.com\/pt-pt\/shop\/hangover-mosquetao-slackline\/#breadcrumb"},"inLanguage":"pt-PT","potentialAction":[{"@type":"ReadAction","target":["https:\/\/slacktivity.com\/pt-pt\/shop\/hangover-mosquetao-slackline\/"]}]},{"@type":"ImageObject","inLanguage":"pt-PT","@id":"https:\/\/slacktivity.com\/pt-pt\/shop\/hangover-mosquetao-slackline\/#primaryimage","url":"https:\/\/slacktivity.com\/wp-content\/uploads\/2023\/11\/hangover-2-0-slackline-roller-carabiner.jpg","contentUrl":"https:\/\/slacktivity.com\/wp-content\/uploads\/2023\/11\/hangover-2-0-slackline-roller-carabiner.jpg","width":1180,"height":1377,"caption":"hangover 2.0 slackline roller carabiner"},{"@type":"BreadcrumbList","@id":"https:\/\/slacktivity.com\/pt-pt\/shop\/hangover-mosquetao-slackline\/#breadcrumb","itemListElement":[{"@type":"ListItem","position":1,"name":"Home","item":"https:\/\/slacktivity.com\/pt-pt\/"},{"@type":"ListItem","position":2,"name":"loja","item":"https:\/\/slacktivity.com\/pt-pt\/loja\/"},{"@type":"ListItem","position":3,"name":"HangOver 2.0"}]},{"@type":"WebSite","@id":"https:\/\/slacktivity.com\/pt-pt\/#website","url":"https:\/\/slacktivity.com\/pt-pt\/","name":"Slacktivity Slacklines International Shop","description":"Discover the innovative products of Slacktivity. Swiss designed premium slackline gear. Advice from our experts for the best and a safe slackline experience.","publisher":{"@id":"https:\/\/slacktivity.com\/pt-pt\/#organization"},"potentialAction":[{"@type":"SearchAction","target":{"@type":"EntryPoint","urlTemplate":"https:\/\/slacktivity.com\/pt-pt\/?s={search_term_string}"},"query-input":{"@type":"PropertyValueSpecification","valueRequired":true,"valueName":"search_term_string"}}],"inLanguage":"pt-PT"},{"@type":"Organization","@id":"https:\/\/slacktivity.com\/pt-pt\/#organization","name":"Slacktivity Slacklines","url":"https:\/\/slacktivity.com\/pt-pt\/","logo":{"@type":"ImageObject","inLanguage":"pt-PT","@id":"https:\/\/slacktivity.com\/pt-pt\/#\/schema\/logo\/image\/","url":"https:\/\/slacktivity.com\/wp-content\/uploads\/2021\/01\/slacktivity-slackline-online-shop-1.png","contentUrl":"https:\/\/slacktivity.com\/wp-content\/uploads\/2021\/01\/slacktivity-slackline-online-shop-1.png","width":200,"height":77,"caption":"Slacktivity Slacklines"},"image":{"@id":"https:\/\/slacktivity.com\/pt-pt\/#\/schema\/logo\/image\/"},"sameAs":["https:\/\/www.facebook.com\/SLACKTIVITY\/","https:\/\/www.instagram.com\/slacktivity\/"]}]}},"_links":{"self":[{"href":"https:\/\/slacktivity.com\/pt-pt\/wp-json\/wp\/v2\/product\/7311","targetHints":{"allow":["GET"]}}],"collection":[{"href":"https:\/\/slacktivity.com\/pt-pt\/wp-json\/wp\/v2\/product"}],"about":[{"href":"https:\/\/slacktivity.com\/pt-pt\/wp-json\/wp\/v2\/types\/product"}],"replies":[{"embeddable":true,"href":"https:\/\/slacktivity.com\/pt-pt\/wp-json\/wp\/v2\/comments?post=7311"}],"wp:featuredmedia":[{"embeddable":true,"href":"https:\/\/slacktivity.com\/pt-pt\/wp-json\/wp\/v2\/media\/13190"}],"wp:attachment":[{"href":"https:\/\/slacktivity.com\/pt-pt\/wp-json\/wp\/v2\/media?parent=7311"}],"wp:term":[{"taxonomy":"product_cat","embeddable":true,"href":"https:\/\/slacktivity.com\/pt-pt\/wp-json\/wp\/v2\/product_cat?post=7311"},{"taxonomy":"product_tag","embeddable":true,"href":"https:\/\/slacktivity.com\/pt-pt\/wp-json\/wp\/v2\/product_tag?post=7311"}],"curies":[{"name":"wp","href":"https:\/\/api.w.org\/{rel}","templated":true}]}}